{"id":22015,"date":"2025-10-19T12:08:47","date_gmt":"2025-10-19T12:08:47","guid":{"rendered":"https:\/\/www.ghostysky.com\/?post_type=product&#038;p=22015"},"modified":"2026-02-24T13:51:29","modified_gmt":"2026-02-24T13:51:29","slug":"ouster-os1-32-rev7-sr","status":"publish","type":"product","link":"https:\/\/www.ghostysky.com\/pt\/product\/ouster-os1-32-rev7-sr\/","title":{"rendered":"Ouster OS1-32 Rev7 SR"},"content":{"rendered":"<div id=\"model-response-message-contentr_8cade3a3a392d67c\" class=\"markdown markdown-main-panel stronger enable-updated-hr-color\" dir=\"ltr\">\n<div id=\"model-response-message-contentr_13f1f7e95ab2a8ec\" class=\"markdown markdown-main-panel stronger enable-updated-hr-color\" dir=\"ltr\">\n<h3>Caracter\u00edsticas principais<\/h3>\n<ul>\n<li><b>Arquitetura Digital LiDAR:<\/b> Utiliza a tecnologia propriet\u00e1ria da Ouster <b>Chip L3<\/b> com tecnologia de ilumina\u00e7\u00e3o traseira, apresentando melhorias significativas em rela\u00e7\u00e3o \u00e0s gera\u00e7\u00f5es anteriores, incluindo maior sensibilidade a f\u00f3tons e processamento de sinal digital aprimorado.<\/li>\n<li><b>Resolu\u00e7\u00e3o vertical:<\/b> O <b>OS1-32<\/b> caracter\u00edsticas espec\u00edficas <b>32 canais<\/b> de resolu\u00e7\u00e3o vertical. Outros modelos OS1 oferecem 64 ou 128 canais.<\/li>\n<li><b>Desempenho de m\u00e9dio alcance:<\/b> O sensor foi projetado para aplica\u00e7\u00f5es de m\u00e9dio alcance, oferecendo uma combina\u00e7\u00e3o impressionante de dist\u00e2ncia e detalhes.\n<ul>\n<li><b>Alcance M\u00e1ximo Represent\u00e1vel:<\/b> At\u00e9 <b>207 metros<\/b>.<\/li>\n<li><b>Alcance (com refletividade lambertiana de 10%):<\/b> Aproximadamente <b>45 metros<\/b> (no modo 1024 @ 10 Hz, com probabilidade de detec\u00e7\u00e3o &gt;90% em 100 klx de luz solar).<\/li>\n<li><b>Alcance m\u00ednimo:<\/b> <span class=\"math-inline\" data-math=\"0.3\\text{ m}\">0,3m<\/span> (configur\u00e1vel, <span class=\"math-inline\" data-math=\"0.5\\text{ m}\">0,5 m<\/span>\u00a0padr\u00e3o).<\/li>\n<\/ul>\n<\/li>\n<li><b>Alta precis\u00e3o angular:<\/b> Apresenta alta precis\u00e3o com uma exatid\u00e3o de amostragem angular de +-<span class=\"math-inline\" data-math=\"\\pm0.01^\\circ\">0,01\u00ba<\/span>\u00a0(Vertical e Horizontal).<\/li>\n<li><b>Campo de vis\u00e3o (FOV):<\/b>\n<ul>\n<li><b>Horizontal:<\/b> <span class=\"math-inline\" data-math=\"360^\\circ\">360\u00ba<\/span>\u00a0(Vis\u00e3o surround completa).<\/li>\n<li><b>Vertical:<\/b> <span class=\"math-inline\" data-math=\"42.4^\\circ\">42,4\u00ba<\/span> (+-<span class=\"math-inline\" data-math=\"\\pm 1.0^\\circ\"> 1,0\u00ba<\/span>).<\/li>\n<\/ul>\n<\/li>\n<li><b>Alta configurabilidade:<\/b>\n<ul>\n<li><b>Resolu\u00e7\u00e3o horizontal:<\/b> Configur\u00e1vel para 512, 1024 ou 2048 pontos por varredura.<\/li>\n<li><b>Taxa de rota\u00e7\u00e3o:<\/b> Configur\u00e1vel para 10 Hz ou 20 Hz.<\/li>\n<li><b>Modo de retorno duplo:<\/b> Fornece dois retornos por pulso de laser (o mais forte e o segundo mais forte), melhorando a detec\u00e7\u00e3o de objetos, especialmente em ambientes com obst\u00e1culos pequenos ou semitransparentes.<\/li>\n<\/ul>\n<\/li>\n<li><b>Dados de imagem:<\/b> Captura dados ricos por ponto, incluindo <b>Alcance, sinal, refletividade e infravermelho pr\u00f3ximo (NIR)<\/b>, proporcionando capacidade de gera\u00e7\u00e3o de imagens com n\u00edvel de c\u00e2mera, juntamente com dados de nuvem de pontos 3D.<\/li>\n<\/ul>\n<h4>Robustez e Integra\u00e7\u00e3o<\/h4>\n<p>O OS1-32 Rev7 SR foi desenvolvido para oferecer confiabilidade no mundo real e f\u00e1cil integra\u00e7\u00e3o:<\/p>\n<ul>\n<li><b>Prote\u00e7\u00e3o Ambiental:<\/b> Projetado para uso em todas as condi\u00e7\u00f5es clim\u00e1ticas, em ambientes internos\/externos, com um <b>IP68 e IP69K<\/b> classifica\u00e7\u00e3o de prote\u00e7\u00e3o de entrada, tornando-o altamente resistente \u00e0 poeira e submers\u00e3o em \u00e1gua\/spray de alta press\u00e3o.<\/li>\n<li><b>Durabilidade operacional:<\/b> Apresenta alta resist\u00eancia a choques e vibra\u00e7\u00f5es, com uma faixa de temperatura de opera\u00e7\u00e3o de <b><span class=\"math-inline\" data-math=\"-40^\\circ\\text{C}\">-40\u00baC<\/span> para <span class=\"math-inline\" data-math=\"+60^\\circ\\text{C}\">+60\u00baC<\/span><\/b>.<\/li>\n<li><b>Fator de forma compacto:<\/b> \u00c9 um dos menores sensores LiDAR de alto desempenho do mercado, facilitando a integra\u00e7\u00e3o direta em plataformas com restri\u00e7\u00f5es de tamanho e peso, como rob\u00f4s, drones e infraestrutura fixa.<\/li>\n<li><b>Ecossistema de software:<\/b> Apoia o desenvolvimento com o <b>Ouster SDK<\/b>, drivers ROS e C++ de c\u00f3digo aberto, garantindo integra\u00e7\u00e3o perfeita em projetos existentes e novos.<\/li>\n<\/ul>\n<p>O <b>Ouster OS1-32 Rev7 SR<\/b> oferece uma combina\u00e7\u00e3o l\u00edder do setor de tamanho, peso, pot\u00eancia e desempenho de alta resolu\u00e7\u00e3o, tornando-se uma solu\u00e7\u00e3o robusta e escal\u00e1vel para uma ampla gama de aplica\u00e7\u00f5es aut\u00f4nomas e de detec\u00e7\u00e3o.<\/p>\n<\/div>\n<\/div>","protected":false},"excerpt":{"rendered":"<p>O <b>Ouster OS1-32 Rev7 SR<\/b> \u00e9 um sensor LiDAR de imagem digital de m\u00e9dio alcance e alto desempenho, parte da fam\u00edlia Rev 7 OS1 da Ouster. Ele foi projetado para aplica\u00e7\u00f5es que exigem equil\u00edbrio entre resolu\u00e7\u00e3o e alcance, tornando-o uma escolha vers\u00e1til para <b>rob\u00f3tica, automa\u00e7\u00e3o industrial, seguran\u00e7a, infraestrutura inteligente e ve\u00edculos aut\u00f4nomos<\/b>.<\/p>","protected":false},"featured_media":21979,"comment_status":"open","ping_status":"closed","template":"","meta":[],"product_brand":[1140],"product_cat":[1139,1037,1040],"product_tag":[1142,1141,1143],"class_list":{"0":"post-22015","1":"product","2":"type-product","3":"status-publish","4":"has-post-thumbnail","6":"product_brand-ouster","7":"product_cat-ouster-lidars","8":"product_cat-robotics","9":"product_cat-sensors-robotics","10":"product_tag-ouster-dome-lidar","11":"product_tag-ouster-lidars","12":"product_tag-ouster-rev7-sr-series","14":"first","15":"onbackorder","16":"taxable","17":"shipping-taxable","18":"purchasable","19":"product-type-simple"},"yoast_head":"<!-- This site is optimized with the Yoast SEO plugin v27.4 - https:\/\/yoast.com\/product\/yoast-seo-wordpress\/ -->\n<title>Ouster OS1-32 Rev7 SR - Ghostysky<\/title>\n<meta name=\"description\" content=\"The Ouster OS1-32 Rev7 SR is a high-performance, mid-range, digital imaging LiDAR sensor, part of Ouster&#039;s Rev 7 OS1 family. It&#039;s engineered for applications requiring a balance of resolution and range, making it a versatile choice for robotics, industrial automation, security, smart infrastructure, and autonomous vehicles.\" \/>\n<meta name=\"robots\" content=\"index, follow, max-snippet:-1, max-image-preview:large, max-video-preview:-1\" \/>\n<link rel=\"canonical\" href=\"https:\/\/www.ghostysky.com\/pt\/produto-2\/ouster-os1-32-rev7-sr\/\" \/>\n<meta property=\"og:locale\" content=\"pt_PT\" \/>\n<meta property=\"og:type\" content=\"article\" \/>\n<meta property=\"og:title\" content=\"Ouster OS1-32 Rev7 SR - Ghostysky\" \/>\n<meta property=\"og:description\" content=\"The Ouster OS1-32 Rev7 SR is a high-performance, mid-range, digital imaging LiDAR sensor, part of Ouster&#039;s Rev 7 OS1 family. It&#039;s engineered for applications requiring a balance of resolution and range, making it a versatile choice for robotics, industrial automation, security, smart infrastructure, and autonomous vehicles.\" \/>\n<meta property=\"og:url\" content=\"https:\/\/www.ghostysky.com\/pt\/produto-2\/ouster-os1-32-rev7-sr\/\" \/>\n<meta property=\"og:site_name\" content=\"Ghostysky\" \/>\n<meta property=\"article:publisher\" content=\"https:\/\/www.facebook.com\/people\/Ghostysky\/100057676170234\/\" \/>\n<meta property=\"article:modified_time\" content=\"2026-02-24T13:51:29+00:00\" \/>\n<meta property=\"og:image\" content=\"https:\/\/www.ghostysky.com\/wp-content\/uploads\/2025\/10\/GH_Ouster-Ouster-OS0-32-Rev7_1.png\" \/>\n\t<meta property=\"og:image:width\" content=\"800\" \/>\n\t<meta property=\"og:image:height\" content=\"800\" \/>\n\t<meta property=\"og:image:type\" content=\"image\/png\" \/>\n<meta name=\"twitter:card\" content=\"summary_large_image\" \/>\n<meta name=\"twitter:site\" content=\"@Gh0stysky\" \/>\n<meta name=\"twitter:label1\" content=\"Tempo estimado de leitura\" \/>\n\t<meta name=\"twitter:data1\" content=\"2 minutos\" \/>\n<script type=\"application\/ld+json\" class=\"yoast-schema-graph\">{\"@context\":\"https:\\\/\\\/schema.org\",\"@graph\":[{\"@type\":\"WebPage\",\"@id\":\"https:\\\/\\\/www.ghostysky.com\\\/product\\\/ouster-os1-32-rev7-sr\\\/\",\"url\":\"https:\\\/\\\/www.ghostysky.com\\\/product\\\/ouster-os1-32-rev7-sr\\\/\",\"name\":\"Ouster OS1-32 Rev7 SR - Ghostysky\",\"isPartOf\":{\"@id\":\"https:\\\/\\\/www.ghostysky.com\\\/#website\"},\"primaryImageOfPage\":{\"@id\":\"https:\\\/\\\/www.ghostysky.com\\\/product\\\/ouster-os1-32-rev7-sr\\\/#primaryimage\"},\"image\":{\"@id\":\"https:\\\/\\\/www.ghostysky.com\\\/product\\\/ouster-os1-32-rev7-sr\\\/#primaryimage\"},\"thumbnailUrl\":\"https:\\\/\\\/www.ghostysky.com\\\/wp-content\\\/uploads\\\/2025\\\/10\\\/GH_Ouster-Ouster-OS0-32-Rev7_1.png\",\"datePublished\":\"2025-10-19T12:08:47+00:00\",\"dateModified\":\"2026-02-24T13:51:29+00:00\",\"description\":\"The Ouster OS1-32 Rev7 SR is a high-performance, mid-range, digital imaging LiDAR sensor, part of Ouster's Rev 7 OS1 family. It's engineered for applications requiring a balance of resolution and range, making it a versatile choice for robotics, industrial automation, security, smart infrastructure, and autonomous vehicles.\",\"breadcrumb\":{\"@id\":\"https:\\\/\\\/www.ghostysky.com\\\/product\\\/ouster-os1-32-rev7-sr\\\/#breadcrumb\"},\"inLanguage\":\"pt-PT\",\"potentialAction\":[{\"@type\":\"ReadAction\",\"target\":[\"https:\\\/\\\/www.ghostysky.com\\\/product\\\/ouster-os1-32-rev7-sr\\\/\"]}]},{\"@type\":\"ImageObject\",\"inLanguage\":\"pt-PT\",\"@id\":\"https:\\\/\\\/www.ghostysky.com\\\/product\\\/ouster-os1-32-rev7-sr\\\/#primaryimage\",\"url\":\"https:\\\/\\\/www.ghostysky.com\\\/wp-content\\\/uploads\\\/2025\\\/10\\\/GH_Ouster-Ouster-OS0-32-Rev7_1.png\",\"contentUrl\":\"https:\\\/\\\/www.ghostysky.com\\\/wp-content\\\/uploads\\\/2025\\\/10\\\/GH_Ouster-Ouster-OS0-32-Rev7_1.png\",\"width\":800,\"height\":800},{\"@type\":\"BreadcrumbList\",\"@id\":\"https:\\\/\\\/www.ghostysky.com\\\/product\\\/ouster-os1-32-rev7-sr\\\/#breadcrumb\",\"itemListElement\":[{\"@type\":\"ListItem\",\"position\":1,\"name\":\"Home\",\"item\":\"https:\\\/\\\/www.ghostysky.com\\\/\"},{\"@type\":\"ListItem\",\"position\":2,\"name\":\"Shop\",\"item\":\"https:\\\/\\\/www.ghostysky.com\\\/shop\\\/\"},{\"@type\":\"ListItem\",\"position\":3,\"name\":\"Ouster OS1-32 Rev7 SR\"}]},{\"@type\":\"WebSite\",\"@id\":\"https:\\\/\\\/www.ghostysky.com\\\/#website\",\"url\":\"https:\\\/\\\/www.ghostysky.com\\\/\",\"name\":\"Ghostysky\",\"description\":\"Delivering professional drones and services\",\"publisher\":{\"@id\":\"https:\\\/\\\/www.ghostysky.com\\\/#organization\"},\"potentialAction\":[{\"@type\":\"SearchAction\",\"target\":{\"@type\":\"EntryPoint\",\"urlTemplate\":\"https:\\\/\\\/www.ghostysky.com\\\/?s={search_term_string}\"},\"query-input\":{\"@type\":\"PropertyValueSpecification\",\"valueRequired\":true,\"valueName\":\"search_term_string\"}}],\"inLanguage\":\"pt-PT\"},{\"@type\":\"Organization\",\"@id\":\"https:\\\/\\\/www.ghostysky.com\\\/#organization\",\"name\":\"Ghostysky\",\"url\":\"https:\\\/\\\/www.ghostysky.com\\\/\",\"logo\":{\"@type\":\"ImageObject\",\"inLanguage\":\"pt-PT\",\"@id\":\"https:\\\/\\\/www.ghostysky.com\\\/#\\\/schema\\\/logo\\\/image\\\/\",\"url\":\"https:\\\/\\\/www.ghostysky.com\\\/wp-content\\\/uploads\\\/2020\\\/06\\\/cropped-ghostyskylogo_text_white2.png\",\"contentUrl\":\"https:\\\/\\\/www.ghostysky.com\\\/wp-content\\\/uploads\\\/2020\\\/06\\\/cropped-ghostyskylogo_text_white2.png\",\"width\":169,\"height\":56,\"caption\":\"Ghostysky\"},\"image\":{\"@id\":\"https:\\\/\\\/www.ghostysky.com\\\/#\\\/schema\\\/logo\\\/image\\\/\"},\"sameAs\":[\"https:\\\/\\\/www.facebook.com\\\/people\\\/Ghostysky\\\/100057676170234\\\/\",\"https:\\\/\\\/x.com\\\/Gh0stysky\",\"https:\\\/\\\/www.linkedin.com\\\/company\\\/34739653\",\"https:\\\/\\\/www.instagram.com\\\/gh0stysky\"]}]}<\/script>\n<!-- \/ Yoast SEO plugin. -->","yoast_head_json":{"title":"Ouster OS1-32 Rev7 SR - Ghostysky","description":"O Ouster OS1-32 Rev7 SR \u00e9 um sensor LiDAR de imagem digital de m\u00e9dio alcance e alto desempenho, parte da fam\u00edlia Rev 7 OS1 da Ouster. Ele foi projetado para aplica\u00e7\u00f5es que exigem equil\u00edbrio entre resolu\u00e7\u00e3o e alcance, tornando-o uma escolha vers\u00e1til para rob\u00f3tica, automa\u00e7\u00e3o industrial, seguran\u00e7a, infraestrutura inteligente e ve\u00edculos aut\u00f4nomos.","robots":{"index":"index","follow":"follow","max-snippet":"max-snippet:-1","max-image-preview":"max-image-preview:large","max-video-preview":"max-video-preview:-1"},"canonical":"https:\/\/www.ghostysky.com\/pt\/produto-2\/ouster-os1-32-rev7-sr\/","og_locale":"pt_PT","og_type":"article","og_title":"Ouster OS1-32 Rev7 SR - Ghostysky","og_description":"The Ouster OS1-32 Rev7 SR is a high-performance, mid-range, digital imaging LiDAR sensor, part of Ouster's Rev 7 OS1 family. It's engineered for applications requiring a balance of resolution and range, making it a versatile choice for robotics, industrial automation, security, smart infrastructure, and autonomous vehicles.","og_url":"https:\/\/www.ghostysky.com\/pt\/produto-2\/ouster-os1-32-rev7-sr\/","og_site_name":"Ghostysky","article_publisher":"https:\/\/www.facebook.com\/people\/Ghostysky\/100057676170234\/","article_modified_time":"2026-02-24T13:51:29+00:00","og_image":[{"width":800,"height":800,"url":"https:\/\/www.ghostysky.com\/wp-content\/uploads\/2025\/10\/GH_Ouster-Ouster-OS0-32-Rev7_1.png","type":"image\/png"}],"twitter_card":"summary_large_image","twitter_site":"@Gh0stysky","twitter_misc":{"Tempo estimado de leitura":"2 minutos"},"schema":{"@context":"https:\/\/schema.org","@graph":[{"@type":"WebPage","@id":"https:\/\/www.ghostysky.com\/product\/ouster-os1-32-rev7-sr\/","url":"https:\/\/www.ghostysky.com\/product\/ouster-os1-32-rev7-sr\/","name":"Ouster OS1-32 Rev7 SR - Ghostysky","isPartOf":{"@id":"https:\/\/www.ghostysky.com\/#website"},"primaryImageOfPage":{"@id":"https:\/\/www.ghostysky.com\/product\/ouster-os1-32-rev7-sr\/#primaryimage"},"image":{"@id":"https:\/\/www.ghostysky.com\/product\/ouster-os1-32-rev7-sr\/#primaryimage"},"thumbnailUrl":"https:\/\/www.ghostysky.com\/wp-content\/uploads\/2025\/10\/GH_Ouster-Ouster-OS0-32-Rev7_1.png","datePublished":"2025-10-19T12:08:47+00:00","dateModified":"2026-02-24T13:51:29+00:00","description":"O Ouster OS1-32 Rev7 SR \u00e9 um sensor LiDAR de imagem digital de m\u00e9dio alcance e alto desempenho, parte da fam\u00edlia Rev 7 OS1 da Ouster. Ele foi projetado para aplica\u00e7\u00f5es que exigem equil\u00edbrio entre resolu\u00e7\u00e3o e alcance, tornando-o uma escolha vers\u00e1til para rob\u00f3tica, automa\u00e7\u00e3o industrial, seguran\u00e7a, infraestrutura inteligente e ve\u00edculos aut\u00f4nomos.","breadcrumb":{"@id":"https:\/\/www.ghostysky.com\/product\/ouster-os1-32-rev7-sr\/#breadcrumb"},"inLanguage":"pt-PT","potentialAction":[{"@type":"ReadAction","target":["https:\/\/www.ghostysky.com\/product\/ouster-os1-32-rev7-sr\/"]}]},{"@type":"ImageObject","inLanguage":"pt-PT","@id":"https:\/\/www.ghostysky.com\/product\/ouster-os1-32-rev7-sr\/#primaryimage","url":"https:\/\/www.ghostysky.com\/wp-content\/uploads\/2025\/10\/GH_Ouster-Ouster-OS0-32-Rev7_1.png","contentUrl":"https:\/\/www.ghostysky.com\/wp-content\/uploads\/2025\/10\/GH_Ouster-Ouster-OS0-32-Rev7_1.png","width":800,"height":800},{"@type":"BreadcrumbList","@id":"https:\/\/www.ghostysky.com\/product\/ouster-os1-32-rev7-sr\/#breadcrumb","itemListElement":[{"@type":"ListItem","position":1,"name":"Home","item":"https:\/\/www.ghostysky.com\/"},{"@type":"ListItem","position":2,"name":"Shop","item":"https:\/\/www.ghostysky.com\/shop\/"},{"@type":"ListItem","position":3,"name":"Ouster OS1-32 Rev7 SR"}]},{"@type":"WebSite","@id":"https:\/\/www.ghostysky.com\/#website","url":"https:\/\/www.ghostysky.com\/","name":"Ghostysky","description":"Fornecendo drones e servi\u00e7os profissionais","publisher":{"@id":"https:\/\/www.ghostysky.com\/#organization"},"potentialAction":[{"@type":"SearchAction","target":{"@type":"EntryPoint","urlTemplate":"https:\/\/www.ghostysky.com\/?s={search_term_string}"},"query-input":{"@type":"PropertyValueSpecification","valueRequired":true,"valueName":"search_term_string"}}],"inLanguage":"pt-PT"},{"@type":"Organization","@id":"https:\/\/www.ghostysky.com\/#organization","name":"Ghostysky","url":"https:\/\/www.ghostysky.com\/","logo":{"@type":"ImageObject","inLanguage":"pt-PT","@id":"https:\/\/www.ghostysky.com\/#\/schema\/logo\/image\/","url":"https:\/\/www.ghostysky.com\/wp-content\/uploads\/2020\/06\/cropped-ghostyskylogo_text_white2.png","contentUrl":"https:\/\/www.ghostysky.com\/wp-content\/uploads\/2020\/06\/cropped-ghostyskylogo_text_white2.png","width":169,"height":56,"caption":"Ghostysky"},"image":{"@id":"https:\/\/www.ghostysky.com\/#\/schema\/logo\/image\/"},"sameAs":["https:\/\/www.facebook.com\/people\/Ghostysky\/100057676170234\/","https:\/\/x.com\/Gh0stysky","https:\/\/www.linkedin.com\/company\/34739653","https:\/\/www.instagram.com\/gh0stysky"]}]}},"_links":{"self":[{"href":"https:\/\/www.ghostysky.com\/pt\/wp-json\/wp\/v2\/product\/22015","targetHints":{"allow":["GET"]}}],"collection":[{"href":"https:\/\/www.ghostysky.com\/pt\/wp-json\/wp\/v2\/product"}],"about":[{"href":"https:\/\/www.ghostysky.com\/pt\/wp-json\/wp\/v2\/types\/product"}],"replies":[{"embeddable":true,"href":"https:\/\/www.ghostysky.com\/pt\/wp-json\/wp\/v2\/comments?post=22015"}],"version-history":[{"count":1,"href":"https:\/\/www.ghostysky.com\/pt\/wp-json\/wp\/v2\/product\/22015\/revisions"}],"predecessor-version":[{"id":24254,"href":"https:\/\/www.ghostysky.com\/pt\/wp-json\/wp\/v2\/product\/22015\/revisions\/24254"}],"wp:featuredmedia":[{"embeddable":true,"href":"https:\/\/www.ghostysky.com\/pt\/wp-json\/wp\/v2\/media\/21979"}],"wp:attachment":[{"href":"https:\/\/www.ghostysky.com\/pt\/wp-json\/wp\/v2\/media?parent=22015"}],"wp:term":[{"taxonomy":"product_brand","embeddable":true,"href":"https:\/\/www.ghostysky.com\/pt\/wp-json\/wp\/v2\/product_brand?post=22015"},{"taxonomy":"product_cat","embeddable":true,"href":"https:\/\/www.ghostysky.com\/pt\/wp-json\/wp\/v2\/product_cat?post=22015"},{"taxonomy":"product_tag","embeddable":true,"href":"https:\/\/www.ghostysky.com\/pt\/wp-json\/wp\/v2\/product_tag?post=22015"}],"curies":[{"name":"wp","href":"https:\/\/api.w.org\/{rel}","templated":true}]}}