{"id":22026,"date":"2025-10-19T13:03:46","date_gmt":"2025-10-19T13:03:46","guid":{"rendered":"https:\/\/www.ghostysky.com\/?post_type=product&#038;p=22026"},"modified":"2026-02-24T13:57:36","modified_gmt":"2026-02-24T13:57:36","slug":"ouster-os1-64-rev7-sr","status":"publish","type":"product","link":"https:\/\/www.ghostysky.com\/pt\/product\/ouster-os1-64-rev7-sr\/","title":{"rendered":"Ouster OS1-64 Rev7 SR"},"content":{"rendered":"<div id=\"model-response-message-contentr_8cade3a3a392d67c\" class=\"markdown markdown-main-panel stronger enable-updated-hr-color\" dir=\"ltr\">\n<div id=\"model-response-message-contentr_13f1f7e95ab2a8ec\" class=\"markdown markdown-main-panel stronger enable-updated-hr-color\" dir=\"ltr\">\n<h4>Principais recursos e vantagens<\/h4>\n<ul>\n<li><b>M\u00e9dia-alta resolu\u00e7\u00e3o:<\/b> O OS1-64 Rev7 SR oferece um equil\u00edbrio superior entre resolu\u00e7\u00e3o e alcance. Ele apresenta <b>64 canais verticais<\/b> e uma faixa m\u00e1xima represent\u00e1vel de <b>207 metros<\/b>. Para alvos com refletividade 10%, ele fornece detec\u00e7\u00e3o confi\u00e1vel at\u00e9 <span class=\"math-inline\" data-math=\"\\mathbf{45}\">45<\/span>\u00a0<b>metros<\/b> mesmo em <span class=\"math-inline\" data-math=\"100\">100<\/span>\u00a0klx luz solar (em <span class=\"math-inline\" data-math=\"1024\">1024<\/span> @ <span class=\"math-inline\" data-math=\"10\">10<\/span> modo Hz) e uma faixa m\u00ednima de <span class=\"math-inline\" data-math=\"0.3\">0.3<\/span>\u00a0metros (configur\u00e1vel).<\/li>\n<li><b>Sa\u00edda de alta resolu\u00e7\u00e3o:<\/b> Este sensor \u00e9 capaz de resolu\u00e7\u00f5es horizontais configur\u00e1veis de <span class=\"math-inline\" data-math=\"\\mathbf{512}\">512<\/span>, <span class=\"math-inline\" data-math=\"\\mathbf{1024}\">1024<\/span>, ou 2<span class=\"math-inline\" data-math=\"\\mathbf{2048}\">048<\/span>\u00a0pontos, totalizando at\u00e9 <b><span class=\"math-inline\" data-math=\"1,310,720\">1,310,720<\/span>\u00a0pontos por segundo<\/b> (<span class=\"math-inline\" data-math=\"64\">64<\/span>-canal) para nuvens de pontos detalhadas e densas.<\/li>\n<li><b>Dados de qualidade de imagem:<\/b> Ele fornece <b>dados de sinal e infravermelho pr\u00f3ximo de n\u00edvel de c\u00e2mera<\/b> al\u00e9m do alcance e refletividade padr\u00e3o, confundindo a linha entre LiDAR e tecnologia de c\u00e2mera para uma percep\u00e7\u00e3o ambiental mais rica.<\/li>\n<li><b>Design robusto e compacto:<\/b> O OS1 \u00e9 um dos menores sensores LiDAR de alto desempenho do mercado, facilitando a integra\u00e7\u00e3o em diversas plataformas. Possui uma classifica\u00e7\u00e3o de prote\u00e7\u00e3o de entrada de <b>IP68\/IP69K<\/b> e uma faixa de temperatura operacional de <span class=\"math-inline\" data-math=\"\\mathbf{-40^\\circ C}\">-40\u00ba C<\/span> para <span class=\"math-inline\" data-math=\"\\mathbf{+60^\\circ C}\">+60\u00ba C<\/span>, garantindo confiabilidade em condi\u00e7\u00f5es adversas.<\/li>\n<li><b>Programabilidade e suporte de software:<\/b> O sensor suporta um <b>resolu\u00e7\u00e3o fixa por quadro<\/b> modo de opera\u00e7\u00e3o e ofertas <b>retorno duplo<\/b> funcionalidade para capacidades de mapeamento aprimoradas. \u00c9 bem suportado com o <b>Ouster SDK<\/b>, <b>ROS<\/b>, e drivers C++ para desenvolvimento e integra\u00e7\u00e3o de software perfeitos.<\/li>\n<li><b>Amplo campo de vis\u00e3o:<\/b> O sensor fornece uma <b><span class=\"math-inline\" data-math=\"360^\\circ\">360\u00ba <\/span>horizontal<\/b> e um <span class=\"math-inline\" data-math=\"\\mathbf{42.4^\\circ}\">42,4\u00ba<\/span> <b>campo de vis\u00e3o vertical<\/b> (FOV), proporcionando uma varredura abrangente do ambiente.<\/li>\n<\/ul>\n<h4>Especifica\u00e7\u00f5es principais<\/h4>\n<table>\n<thead>\n<tr>\n<td><strong>Especifica\u00e7\u00f5es<\/strong><\/td>\n<td><strong>Valor<\/strong><\/td>\n<\/tr>\n<\/thead>\n<tbody>\n<tr>\n<td><b>Vers\u00e3o do hardware<\/b><\/td>\n<td>Rev7 SR (Curto Alcance)<\/td>\n<\/tr>\n<tr>\n<td><b>Canais Verticais<\/b><\/td>\n<td>64<\/td>\n<\/tr>\n<tr>\n<td><b>Alcance m\u00e1ximo<\/b><\/td>\n<td>207 m (M\u00e1ximo Represent\u00e1vel)<\/td>\n<\/tr>\n<tr>\n<td><b>Alcance (Refletividade 10%)<\/b><\/td>\n<td>45 m (@ <span class=\"math-inline\" data-math=\"&gt;90\\%\">&gt;90%<\/span> probabilidade de detec\u00e7\u00e3o, <span class=\"math-inline\" data-math=\"1024\">1024<\/span> @ <span class=\"math-inline\" data-math=\"10\">10<\/span>\u00a0Modo Hz)<\/td>\n<\/tr>\n<tr>\n<td><b>Alcance m\u00ednimo<\/b><\/td>\n<td><span class=\"math-inline\" data-math=\"0.3\">0.3<\/span>\u00a0m (configur\u00e1vel)<\/td>\n<\/tr>\n<tr>\n<td><b>Resolu\u00e7\u00e3o horizontal<\/b><\/td>\n<td><span class=\"math-inline\" data-math=\"512, 1024, 2048\">512, 1024, 2048 <\/span>(Configur\u00e1vel)<\/td>\n<\/tr>\n<tr>\n<td><b>Pontos por segundo<\/b><\/td>\n<td><span class=\"math-inline\" data-math=\"1,310,720\">1,310,720<\/span> (<span class=\"math-inline\" data-math=\"64\">64 <\/span>canal)<\/td>\n<\/tr>\n<tr>\n<td><b>Precis\u00e3o<\/b><\/td>\n<td><span class=\"math-inline\" data-math=\"\\pm2.5\">+- 2.5<\/span>\u00a0cm (alvos lambertianos)<\/td>\n<\/tr>\n<tr>\n<td><b>Campo de vis\u00e3o (V\/H)<\/b><\/td>\n<td><span class=\"math-inline\" data-math=\"42.4^\\circ\">42,4\u00ba<\/span> (V) \/ <span class=\"math-inline\" data-math=\"360^\\circ\">360\u00ba<\/span> (H)<\/td>\n<\/tr>\n<tr>\n<td><b>Prote\u00e7\u00e3o de entrada<\/b><\/td>\n<td>IP68 \/ IP69K<\/td>\n<\/tr>\n<tr>\n<td><b>Temperatura de opera\u00e7\u00e3o<\/b><\/td>\n<td><span class=\"math-inline\" data-math=\"-40^\\circ\">-40\u00ba <\/span>C para <span class=\"math-inline\" data-math=\"+60^\\circ\">+60\u00ba <\/span>C<\/td>\n<\/tr>\n<tr>\n<td><b>Dimens\u00f5es<\/b><\/td>\n<td>Di\u00e2metro: <span class=\"math-inline\" data-math=\"87\">87<\/span> mm \/ Altura: <span class=\"math-inline\" data-math=\"58.35\">58.35<\/span>\u00a0mm (sem tampa)<\/td>\n<\/tr>\n<tr>\n<td><b>Peso<\/b><\/td>\n<td><span class=\"math-inline\" data-math=\"430\">430<\/span>\u00a0g (Sem tampa)<\/td>\n<\/tr>\n<tr>\n<td><b>Conex\u00e3o<\/b><\/td>\n<td>UDP sobre Gigabit Ethernet<\/td>\n<\/tr>\n<tr>\n<td><b>Devolu\u00e7\u00f5es<\/b><\/td>\n<td>Retornos duplos dispon\u00edveis (configur\u00e1veis)<\/td>\n<\/tr>\n<\/tbody>\n<\/table>\n<p>O OS1-64 Rev7 SR \u00e9 um <b>Produto a laser seguro para os olhos de classe 1<\/b> e \u00e9 constru\u00eddo na arquitetura digital LiDAR da Ouster, garantindo captura de dados consistente e precisa para uma ampla gama de tarefas de automa\u00e7\u00e3o e percep\u00e7\u00e3o de alta demanda.<\/p>\n<\/div>\n<\/div>","protected":false},"excerpt":{"rendered":"<p>O <b>Ouster OS1-64 Rev7 SR<\/b> (Short Range) \u00e9 um vers\u00e1til e compacto <b>Imagem LiDAR de alta resolu\u00e7\u00e3o de m\u00e9dio alcance<\/b> Sensor, projetado para ambientes internos e externos exigentes, independentemente do clima. Combinando alto desempenho com um formato compacto, \u00e9 uma escolha l\u00edder do setor para aplica\u00e7\u00f5es em rob\u00f3tica, drones, seguran\u00e7a, ve\u00edculos aut\u00f4nomos e infraestrutura fixa.<\/p>","protected":false},"featured_media":21979,"comment_status":"open","ping_status":"closed","template":"","meta":[],"product_brand":[1140],"product_cat":[1139,1037,1040],"product_tag":[1142,1141,1143],"class_list":{"0":"post-22026","1":"product","2":"type-product","3":"status-publish","4":"has-post-thumbnail","6":"product_brand-ouster","7":"product_cat-ouster-lidars","8":"product_cat-robotics","9":"product_cat-sensors-robotics","10":"product_tag-ouster-dome-lidar","11":"product_tag-ouster-lidars","12":"product_tag-ouster-rev7-sr-series","14":"first","15":"onbackorder","16":"taxable","17":"shipping-taxable","18":"purchasable","19":"product-type-simple"},"yoast_head":"<!-- This site is optimized with the Yoast SEO plugin v27.4 - https:\/\/yoast.com\/product\/yoast-seo-wordpress\/ -->\n<title>Ouster OS1-64 Rev7 SR - Ghostysky<\/title>\n<meta name=\"description\" content=\"The Ouster OS1-64 Rev7 SR (Short Range) is a versatile and compact Mid-Range High-Resolution Imaging LiDAR sensor, engineered for demanding indoor and outdoor all-weather environments. Combining high performance with a small form factor, it&#039;s an industry-leading choice for robotics, drones, security, autonomous vehicles, and fixed infrastructure applications.\" \/>\n<meta name=\"robots\" content=\"index, follow, max-snippet:-1, max-image-preview:large, max-video-preview:-1\" \/>\n<link rel=\"canonical\" href=\"https:\/\/www.ghostysky.com\/pt\/produto-2\/ouster-os1-64-rev7-sr\/\" \/>\n<meta property=\"og:locale\" content=\"pt_PT\" \/>\n<meta property=\"og:type\" content=\"article\" \/>\n<meta property=\"og:title\" content=\"Ouster OS1-64 Rev7 SR - Ghostysky\" \/>\n<meta property=\"og:description\" content=\"The Ouster OS1-64 Rev7 SR (Short Range) is a versatile and compact Mid-Range High-Resolution Imaging LiDAR sensor, engineered for demanding indoor and outdoor all-weather environments. Combining high performance with a small form factor, it&#039;s an industry-leading choice for robotics, drones, security, autonomous vehicles, and fixed infrastructure applications.\" \/>\n<meta property=\"og:url\" content=\"https:\/\/www.ghostysky.com\/pt\/produto-2\/ouster-os1-64-rev7-sr\/\" \/>\n<meta property=\"og:site_name\" content=\"Ghostysky\" \/>\n<meta property=\"article:publisher\" content=\"https:\/\/www.facebook.com\/people\/Ghostysky\/100057676170234\/\" \/>\n<meta property=\"article:modified_time\" content=\"2026-02-24T13:57:36+00:00\" \/>\n<meta property=\"og:image\" content=\"https:\/\/www.ghostysky.com\/wp-content\/uploads\/2025\/10\/GH_Ouster-Ouster-OS0-32-Rev7_1.png\" \/>\n\t<meta property=\"og:image:width\" content=\"800\" \/>\n\t<meta property=\"og:image:height\" content=\"800\" \/>\n\t<meta property=\"og:image:type\" content=\"image\/png\" \/>\n<meta name=\"twitter:card\" content=\"summary_large_image\" \/>\n<meta name=\"twitter:site\" content=\"@Gh0stysky\" \/>\n<meta name=\"twitter:label1\" content=\"Tempo estimado de leitura\" \/>\n\t<meta name=\"twitter:data1\" content=\"2 minutos\" \/>\n<script type=\"application\/ld+json\" class=\"yoast-schema-graph\">{\"@context\":\"https:\\\/\\\/schema.org\",\"@graph\":[{\"@type\":\"WebPage\",\"@id\":\"https:\\\/\\\/www.ghostysky.com\\\/product\\\/ouster-os1-64-rev7-sr\\\/\",\"url\":\"https:\\\/\\\/www.ghostysky.com\\\/product\\\/ouster-os1-64-rev7-sr\\\/\",\"name\":\"Ouster OS1-64 Rev7 SR - Ghostysky\",\"isPartOf\":{\"@id\":\"https:\\\/\\\/www.ghostysky.com\\\/#website\"},\"primaryImageOfPage\":{\"@id\":\"https:\\\/\\\/www.ghostysky.com\\\/product\\\/ouster-os1-64-rev7-sr\\\/#primaryimage\"},\"image\":{\"@id\":\"https:\\\/\\\/www.ghostysky.com\\\/product\\\/ouster-os1-64-rev7-sr\\\/#primaryimage\"},\"thumbnailUrl\":\"https:\\\/\\\/www.ghostysky.com\\\/wp-content\\\/uploads\\\/2025\\\/10\\\/GH_Ouster-Ouster-OS0-32-Rev7_1.png\",\"datePublished\":\"2025-10-19T13:03:46+00:00\",\"dateModified\":\"2026-02-24T13:57:36+00:00\",\"description\":\"The Ouster OS1-64 Rev7 SR (Short Range) is a versatile and compact Mid-Range High-Resolution Imaging LiDAR sensor, engineered for demanding indoor and outdoor all-weather environments. Combining high performance with a small form factor, it's an industry-leading choice for robotics, drones, security, autonomous vehicles, and fixed infrastructure applications.\",\"breadcrumb\":{\"@id\":\"https:\\\/\\\/www.ghostysky.com\\\/product\\\/ouster-os1-64-rev7-sr\\\/#breadcrumb\"},\"inLanguage\":\"pt-PT\",\"potentialAction\":[{\"@type\":\"ReadAction\",\"target\":[\"https:\\\/\\\/www.ghostysky.com\\\/product\\\/ouster-os1-64-rev7-sr\\\/\"]}]},{\"@type\":\"ImageObject\",\"inLanguage\":\"pt-PT\",\"@id\":\"https:\\\/\\\/www.ghostysky.com\\\/product\\\/ouster-os1-64-rev7-sr\\\/#primaryimage\",\"url\":\"https:\\\/\\\/www.ghostysky.com\\\/wp-content\\\/uploads\\\/2025\\\/10\\\/GH_Ouster-Ouster-OS0-32-Rev7_1.png\",\"contentUrl\":\"https:\\\/\\\/www.ghostysky.com\\\/wp-content\\\/uploads\\\/2025\\\/10\\\/GH_Ouster-Ouster-OS0-32-Rev7_1.png\",\"width\":800,\"height\":800},{\"@type\":\"BreadcrumbList\",\"@id\":\"https:\\\/\\\/www.ghostysky.com\\\/product\\\/ouster-os1-64-rev7-sr\\\/#breadcrumb\",\"itemListElement\":[{\"@type\":\"ListItem\",\"position\":1,\"name\":\"Home\",\"item\":\"https:\\\/\\\/www.ghostysky.com\\\/\"},{\"@type\":\"ListItem\",\"position\":2,\"name\":\"Shop\",\"item\":\"https:\\\/\\\/www.ghostysky.com\\\/shop\\\/\"},{\"@type\":\"ListItem\",\"position\":3,\"name\":\"Ouster OS1-64 Rev7 SR\"}]},{\"@type\":\"WebSite\",\"@id\":\"https:\\\/\\\/www.ghostysky.com\\\/#website\",\"url\":\"https:\\\/\\\/www.ghostysky.com\\\/\",\"name\":\"Ghostysky\",\"description\":\"Delivering professional drones and services\",\"publisher\":{\"@id\":\"https:\\\/\\\/www.ghostysky.com\\\/#organization\"},\"potentialAction\":[{\"@type\":\"SearchAction\",\"target\":{\"@type\":\"EntryPoint\",\"urlTemplate\":\"https:\\\/\\\/www.ghostysky.com\\\/?s={search_term_string}\"},\"query-input\":{\"@type\":\"PropertyValueSpecification\",\"valueRequired\":true,\"valueName\":\"search_term_string\"}}],\"inLanguage\":\"pt-PT\"},{\"@type\":\"Organization\",\"@id\":\"https:\\\/\\\/www.ghostysky.com\\\/#organization\",\"name\":\"Ghostysky\",\"url\":\"https:\\\/\\\/www.ghostysky.com\\\/\",\"logo\":{\"@type\":\"ImageObject\",\"inLanguage\":\"pt-PT\",\"@id\":\"https:\\\/\\\/www.ghostysky.com\\\/#\\\/schema\\\/logo\\\/image\\\/\",\"url\":\"https:\\\/\\\/www.ghostysky.com\\\/wp-content\\\/uploads\\\/2020\\\/06\\\/cropped-ghostyskylogo_text_white2.png\",\"contentUrl\":\"https:\\\/\\\/www.ghostysky.com\\\/wp-content\\\/uploads\\\/2020\\\/06\\\/cropped-ghostyskylogo_text_white2.png\",\"width\":169,\"height\":56,\"caption\":\"Ghostysky\"},\"image\":{\"@id\":\"https:\\\/\\\/www.ghostysky.com\\\/#\\\/schema\\\/logo\\\/image\\\/\"},\"sameAs\":[\"https:\\\/\\\/www.facebook.com\\\/people\\\/Ghostysky\\\/100057676170234\\\/\",\"https:\\\/\\\/x.com\\\/Gh0stysky\",\"https:\\\/\\\/www.linkedin.com\\\/company\\\/34739653\",\"https:\\\/\\\/www.instagram.com\\\/gh0stysky\"]}]}<\/script>\n<!-- \/ Yoast SEO plugin. -->","yoast_head_json":{"title":"Ouster OS1-64 Rev7 SR - Ghostysky","description":"O Ouster OS1-64 Rev7 SR (Curto Alcance) \u00e9 um sensor LiDAR de imagem de alta resolu\u00e7\u00e3o e m\u00e9dio alcance, vers\u00e1til e compacto, projetado para ambientes internos e externos exigentes, independentemente do clima. Combinando alto desempenho com um formato compacto, \u00e9 uma escolha l\u00edder do setor para aplica\u00e7\u00f5es em rob\u00f3tica, drones, seguran\u00e7a, ve\u00edculos aut\u00f4nomos e infraestrutura fixa.","robots":{"index":"index","follow":"follow","max-snippet":"max-snippet:-1","max-image-preview":"max-image-preview:large","max-video-preview":"max-video-preview:-1"},"canonical":"https:\/\/www.ghostysky.com\/pt\/produto-2\/ouster-os1-64-rev7-sr\/","og_locale":"pt_PT","og_type":"article","og_title":"Ouster OS1-64 Rev7 SR - Ghostysky","og_description":"The Ouster OS1-64 Rev7 SR (Short Range) is a versatile and compact Mid-Range High-Resolution Imaging LiDAR sensor, engineered for demanding indoor and outdoor all-weather environments. Combining high performance with a small form factor, it's an industry-leading choice for robotics, drones, security, autonomous vehicles, and fixed infrastructure applications.","og_url":"https:\/\/www.ghostysky.com\/pt\/produto-2\/ouster-os1-64-rev7-sr\/","og_site_name":"Ghostysky","article_publisher":"https:\/\/www.facebook.com\/people\/Ghostysky\/100057676170234\/","article_modified_time":"2026-02-24T13:57:36+00:00","og_image":[{"width":800,"height":800,"url":"https:\/\/www.ghostysky.com\/wp-content\/uploads\/2025\/10\/GH_Ouster-Ouster-OS0-32-Rev7_1.png","type":"image\/png"}],"twitter_card":"summary_large_image","twitter_site":"@Gh0stysky","twitter_misc":{"Tempo estimado de leitura":"2 minutos"},"schema":{"@context":"https:\/\/schema.org","@graph":[{"@type":"WebPage","@id":"https:\/\/www.ghostysky.com\/product\/ouster-os1-64-rev7-sr\/","url":"https:\/\/www.ghostysky.com\/product\/ouster-os1-64-rev7-sr\/","name":"Ouster OS1-64 Rev7 SR - Ghostysky","isPartOf":{"@id":"https:\/\/www.ghostysky.com\/#website"},"primaryImageOfPage":{"@id":"https:\/\/www.ghostysky.com\/product\/ouster-os1-64-rev7-sr\/#primaryimage"},"image":{"@id":"https:\/\/www.ghostysky.com\/product\/ouster-os1-64-rev7-sr\/#primaryimage"},"thumbnailUrl":"https:\/\/www.ghostysky.com\/wp-content\/uploads\/2025\/10\/GH_Ouster-Ouster-OS0-32-Rev7_1.png","datePublished":"2025-10-19T13:03:46+00:00","dateModified":"2026-02-24T13:57:36+00:00","description":"O Ouster OS1-64 Rev7 SR (Curto Alcance) \u00e9 um sensor LiDAR de imagem de alta resolu\u00e7\u00e3o e m\u00e9dio alcance, vers\u00e1til e compacto, projetado para ambientes internos e externos exigentes, independentemente do clima. Combinando alto desempenho com um formato compacto, \u00e9 uma escolha l\u00edder do setor para aplica\u00e7\u00f5es em rob\u00f3tica, drones, seguran\u00e7a, ve\u00edculos aut\u00f4nomos e infraestrutura fixa.","breadcrumb":{"@id":"https:\/\/www.ghostysky.com\/product\/ouster-os1-64-rev7-sr\/#breadcrumb"},"inLanguage":"pt-PT","potentialAction":[{"@type":"ReadAction","target":["https:\/\/www.ghostysky.com\/product\/ouster-os1-64-rev7-sr\/"]}]},{"@type":"ImageObject","inLanguage":"pt-PT","@id":"https:\/\/www.ghostysky.com\/product\/ouster-os1-64-rev7-sr\/#primaryimage","url":"https:\/\/www.ghostysky.com\/wp-content\/uploads\/2025\/10\/GH_Ouster-Ouster-OS0-32-Rev7_1.png","contentUrl":"https:\/\/www.ghostysky.com\/wp-content\/uploads\/2025\/10\/GH_Ouster-Ouster-OS0-32-Rev7_1.png","width":800,"height":800},{"@type":"BreadcrumbList","@id":"https:\/\/www.ghostysky.com\/product\/ouster-os1-64-rev7-sr\/#breadcrumb","itemListElement":[{"@type":"ListItem","position":1,"name":"Home","item":"https:\/\/www.ghostysky.com\/"},{"@type":"ListItem","position":2,"name":"Shop","item":"https:\/\/www.ghostysky.com\/shop\/"},{"@type":"ListItem","position":3,"name":"Ouster OS1-64 Rev7 SR"}]},{"@type":"WebSite","@id":"https:\/\/www.ghostysky.com\/#website","url":"https:\/\/www.ghostysky.com\/","name":"Ghostysky","description":"Fornecendo drones e servi\u00e7os profissionais","publisher":{"@id":"https:\/\/www.ghostysky.com\/#organization"},"potentialAction":[{"@type":"SearchAction","target":{"@type":"EntryPoint","urlTemplate":"https:\/\/www.ghostysky.com\/?s={search_term_string}"},"query-input":{"@type":"PropertyValueSpecification","valueRequired":true,"valueName":"search_term_string"}}],"inLanguage":"pt-PT"},{"@type":"Organization","@id":"https:\/\/www.ghostysky.com\/#organization","name":"Ghostysky","url":"https:\/\/www.ghostysky.com\/","logo":{"@type":"ImageObject","inLanguage":"pt-PT","@id":"https:\/\/www.ghostysky.com\/#\/schema\/logo\/image\/","url":"https:\/\/www.ghostysky.com\/wp-content\/uploads\/2020\/06\/cropped-ghostyskylogo_text_white2.png","contentUrl":"https:\/\/www.ghostysky.com\/wp-content\/uploads\/2020\/06\/cropped-ghostyskylogo_text_white2.png","width":169,"height":56,"caption":"Ghostysky"},"image":{"@id":"https:\/\/www.ghostysky.com\/#\/schema\/logo\/image\/"},"sameAs":["https:\/\/www.facebook.com\/people\/Ghostysky\/100057676170234\/","https:\/\/x.com\/Gh0stysky","https:\/\/www.linkedin.com\/company\/34739653","https:\/\/www.instagram.com\/gh0stysky"]}]}},"_links":{"self":[{"href":"https:\/\/www.ghostysky.com\/pt\/wp-json\/wp\/v2\/product\/22026","targetHints":{"allow":["GET"]}}],"collection":[{"href":"https:\/\/www.ghostysky.com\/pt\/wp-json\/wp\/v2\/product"}],"about":[{"href":"https:\/\/www.ghostysky.com\/pt\/wp-json\/wp\/v2\/types\/product"}],"replies":[{"embeddable":true,"href":"https:\/\/www.ghostysky.com\/pt\/wp-json\/wp\/v2\/comments?post=22026"}],"version-history":[{"count":1,"href":"https:\/\/www.ghostysky.com\/pt\/wp-json\/wp\/v2\/product\/22026\/revisions"}],"predecessor-version":[{"id":24256,"href":"https:\/\/www.ghostysky.com\/pt\/wp-json\/wp\/v2\/product\/22026\/revisions\/24256"}],"wp:featuredmedia":[{"embeddable":true,"href":"https:\/\/www.ghostysky.com\/pt\/wp-json\/wp\/v2\/media\/21979"}],"wp:attachment":[{"href":"https:\/\/www.ghostysky.com\/pt\/wp-json\/wp\/v2\/media?parent=22026"}],"wp:term":[{"taxonomy":"product_brand","embeddable":true,"href":"https:\/\/www.ghostysky.com\/pt\/wp-json\/wp\/v2\/product_brand?post=22026"},{"taxonomy":"product_cat","embeddable":true,"href":"https:\/\/www.ghostysky.com\/pt\/wp-json\/wp\/v2\/product_cat?post=22026"},{"taxonomy":"product_tag","embeddable":true,"href":"https:\/\/www.ghostysky.com\/pt\/wp-json\/wp\/v2\/product_tag?post=22026"}],"curies":[{"name":"wp","href":"https:\/\/api.w.org\/{rel}","templated":true}]}}