{"id":22027,"date":"2025-10-19T13:07:36","date_gmt":"2025-10-19T13:07:36","guid":{"rendered":"https:\/\/www.ghostysky.com\/?post_type=product&#038;p=22027"},"modified":"2026-02-09T17:56:05","modified_gmt":"2026-02-09T17:56:05","slug":"ouster-os1-128-rev7-sr","status":"publish","type":"product","link":"https:\/\/www.ghostysky.com\/pt\/product\/ouster-os1-128-rev7-sr\/","title":{"rendered":"Ouster OS1-128 Rev7 SR"},"content":{"rendered":"<div id=\"model-response-message-contentr_8cade3a3a392d67c\" class=\"markdown markdown-main-panel stronger enable-updated-hr-color\" dir=\"ltr\">\n<div id=\"model-response-message-contentr_13f1f7e95ab2a8ec\" class=\"markdown markdown-main-panel stronger enable-updated-hr-color\" dir=\"ltr\">\n<h4><b>Principais recursos e destaques<\/b><\/h4>\n<ul>\n<li><b><span class=\"citation-607\">Resolu\u00e7\u00e3o ultra-alta:<\/span><\/b><span class=\"citation-607\"> Apresentando <\/span><b><span class=\"citation-607\">128 canais<\/span><\/b><span class=\"citation-607 citation-end-607\"> de resolu\u00e7\u00e3o vertical, ele fornece nuvens de pontos extremamente densas, permitindo detec\u00e7\u00e3o precisa de objetos, localiza\u00e7\u00e3o e modelagem ambiental detalhada.<\/span><\/li>\n<li><b>Desempenho de m\u00e9dio alcance:<\/b><span class=\"citation-606 citation-end-606\"> \u00c9 um LiDAR de m\u00e9dio alcance, equilibrando resolu\u00e7\u00e3o detalhada com uma dist\u00e2ncia operacional \u00fatil.<\/span> <span class=\"citation-605\">O <\/span><b><span class=\"citation-605\">o alcance m\u00e1ximo represent\u00e1vel \u00e9 de at\u00e9 200 m<\/span><\/b><span class=\"citation-605\">, com um alcance de at\u00e9 <\/span><b><span class=\"citation-605\">90 metros<\/span><\/b><span class=\"citation-605 citation-end-605\"> para um alvo reflexivo 10% (@probabilidade de detec\u00e7\u00e3o 90%).<\/span><\/li>\n<li><b>Alta densidade de nuvens de pontos:<\/b><span class=\"citation-604\"> O sensor pode gerar at\u00e9 <\/span><b><span class=\"citation-604\">5,2 milh\u00f5es de pontos por segundo<\/span><\/b><span class=\"citation-604 citation-end-604\">, fornecendo uma representa\u00e7\u00e3o altamente precisa de superf\u00edcies e caracter\u00edsticas.<\/span><\/li>\n<li><b><span class=\"citation-603\">Amplo campo de vis\u00e3o (FOV):<\/span><\/b><span class=\"citation-603 citation-end-603\"> Oferece uma ampla \u00e1rea de percep\u00e7\u00e3o com uma\u00a0<\/span><b><span class=\"math-inline\" data-math=\"45^\\circ\">45\u00ba<\/span><span class=\"citation-602\"> campo de vis\u00e3o vertical<\/span><\/b><span class=\"citation-602 citation-end-602\"> (<\/span><span class=\"math-inline\" data-math=\"\\pm 22.5^\\circ\">22,5\u00ba<\/span><span class=\"citation-601 citation-end-601\">) e um completo\u00a0<\/span><b><span class=\"math-inline\" data-math=\"360^\\circ\">360\u00ba<\/span><span class=\"citation-600\"> campo de vis\u00e3o horizontal<\/span><\/b><span class=\"citation-600 citation-end-600\">.<\/span><\/li>\n<li><b>Tecnologia Digital LiDAR:<\/b><span class=\"citation-599\"> Constru\u00eddo com base na tecnologia propriet\u00e1ria da Ouster <\/span><b><span class=\"citation-599\">SPAD (diodo de avalanche de f\u00f3ton \u00fanico)<\/span><\/b><span class=\"citation-599\"> detectores e o novo <\/span><b><span class=\"citation-599\">Chip L3<\/span><\/b><span class=\"citation-599 citation-end-599\"> (para Rev7), ele oferece desempenho superior em diferentes condi\u00e7\u00f5es de ilumina\u00e7\u00e3o, incluindo luz solar intensa.<\/span><\/li>\n<li><b><span class=\"citation-598\">Retornos duplos:<\/span><\/b><span class=\"citation-598 citation-end-598\"> Captura m\u00faltiplos retornos por pulso de laser, melhorando a visibilidade atrav\u00e9s de obst\u00e1culos como neblina, poeira e folhagem.<\/span><\/li>\n<li><b><span class=\"citation-597\">Dados de n\u00edvel de c\u00e2mera:<\/span><\/b><span class=\"citation-597\"> Fornece n\u00e3o apenas dados de alcance, mas tamb\u00e9m <\/span><b><span class=\"citation-597\">refletividade calibrada<\/span><\/b><span class=\"citation-597 citation-end-597\">, infravermelho pr\u00f3ximo e dados de sinal em qualidade de c\u00e2mera, o que \u00e9 \u00fatil para algoritmos de classifica\u00e7\u00e3o e percep\u00e7\u00e3o de objetos.<\/span><\/li>\n<li><b>Robusto e compacto:<\/b><span class=\"citation-596\"> Apresenta um design leve e dur\u00e1vel, \u00e9 classificado <\/span><b><span class=\"citation-596\">IP68\/IP69K<\/span><\/b><span class=\"citation-596 citation-end-596\"> para prote\u00e7\u00e3o contra entrada (\u00e1gua e poeira) e foi projetado para suportar choques e vibra\u00e7\u00f5es extremos, tornando-o adequado para ambientes externos em qualquer clima.<\/span><\/li>\n<li><b><span class=\"citation-595\">Integra\u00e7\u00e3o perfeita:<\/span><\/b><span class=\"citation-595 citation-end-595\"> Suporta protocolos padr\u00e3o (Ethernet, UDP, PTP) e vem com o Ouster SDK, ROS de c\u00f3digo aberto e drivers C++ para f\u00e1cil desenvolvimento e integra\u00e7\u00e3o em pilhas de autonomia.<\/span><\/li>\n<li><b><span class=\"citation-594\">IMU integrada:<\/span><\/b><span class=\"citation-594 citation-end-594\"> Inclui uma Unidade de Medi\u00e7\u00e3o Inercial integrada para conveni\u00eancia, sincroniza\u00e7\u00e3o de tempo pr\u00e9-configurada e calibra\u00e7\u00e3o extr\u00ednseca.<\/span><\/li>\n<\/ul>\n<p><span class=\"citation-593 citation-end-593\">O OS1-128 Rev7 SR \u00e9 a escolha ideal para aplica\u00e7\u00f5es que exigem um sensor 3D vers\u00e1til e de alta defini\u00e7\u00e3o que n\u00e3o comprometa a resolu\u00e7\u00e3o, o alcance ou a durabilidade ambiental.<\/span><\/p>\n<\/div>\n<\/div>","protected":false},"excerpt":{"rendered":"<p><span class=\"citation-609 citation-end-609\">O Ouster OS1-128 Rev7 SR \u00e9 um sensor LiDAR digital premium de alta resolu\u00e7\u00e3o projetado para aplica\u00e7\u00f5es exigentes de percep\u00e7\u00e3o 3D em sistemas aut\u00f4nomos, rob\u00f3tica, automa\u00e7\u00e3o industrial e mapeamento.<\/span> <span class=\"citation-608 citation-end-608\">Ele faz parte da fam\u00edlia de sensores de m\u00e9dio alcance da Ouster, oferecendo equil\u00edbrio entre resolu\u00e7\u00e3o e alcance em um formato compacto e robusto.<\/span><\/p>\n<div class=\"source-inline-chip-container ng-star-inserted\"><\/div>\n<div class=\"source-inline-chip-container ng-star-inserted\"><\/div>\n<p>&nbsp;<\/p>","protected":false},"featured_media":21979,"comment_status":"open","ping_status":"closed","template":"","meta":[],"product_brand":[1140],"product_cat":[1139,1037,1040],"product_tag":[1142,1141,1143],"class_list":{"0":"post-22027","1":"product","2":"type-product","3":"status-publish","4":"has-post-thumbnail","6":"product_brand-ouster","7":"product_cat-ouster-lidars","8":"product_cat-robotics","9":"product_cat-sensors-robotics","10":"product_tag-ouster-dome-lidar","11":"product_tag-ouster-lidars","12":"product_tag-ouster-rev7-sr-series","14":"first","15":"onbackorder","16":"taxable","17":"shipping-taxable","18":"purchasable","19":"product-type-simple"},"yoast_head":"<!-- This site is optimized with the Yoast SEO plugin v27.1.1 - https:\/\/yoast.com\/product\/yoast-seo-wordpress\/ -->\n<title>Ouster OS1-128 Rev7 SR - Ghostysky<\/title>\n<meta name=\"description\" content=\"The Ouster OS1-128 Rev7 SR is a premium, high-resolution digital LiDAR sensor designed for demanding 3D perception applications in autonomous systems, robotics, industrial automation, and mapping. It is part of Ouster&#039;s mid-range sensor family, offering a balance of resolution and range in a compact and rugged form factor.\" \/>\n<meta name=\"robots\" content=\"index, follow, max-snippet:-1, max-image-preview:large, max-video-preview:-1\" \/>\n<link rel=\"canonical\" href=\"https:\/\/www.ghostysky.com\/pt\/produto-2\/ouster-os1-128-rev7-sr\/\" \/>\n<meta property=\"og:locale\" content=\"pt_PT\" \/>\n<meta property=\"og:type\" content=\"article\" \/>\n<meta property=\"og:title\" content=\"Ouster OS1-128 Rev7 SR - Ghostysky\" \/>\n<meta property=\"og:description\" content=\"The Ouster OS1-128 Rev7 SR is a premium, high-resolution digital LiDAR sensor designed for demanding 3D perception applications in autonomous systems, robotics, industrial automation, and mapping. It is part of Ouster&#039;s mid-range sensor family, offering a balance of resolution and range in a compact and rugged form factor.\" \/>\n<meta property=\"og:url\" content=\"https:\/\/www.ghostysky.com\/pt\/produto-2\/ouster-os1-128-rev7-sr\/\" \/>\n<meta property=\"og:site_name\" content=\"Ghostysky\" \/>\n<meta property=\"article:publisher\" content=\"https:\/\/www.facebook.com\/people\/Ghostysky\/100057676170234\/\" \/>\n<meta property=\"article:modified_time\" content=\"2026-02-09T17:56:05+00:00\" \/>\n<meta property=\"og:image\" content=\"https:\/\/www.ghostysky.com\/wp-content\/uploads\/2025\/10\/GH_Ouster-Ouster-OS0-32-Rev7_1.png\" \/>\n\t<meta property=\"og:image:width\" content=\"800\" \/>\n\t<meta property=\"og:image:height\" content=\"800\" \/>\n\t<meta property=\"og:image:type\" content=\"image\/png\" \/>\n<meta name=\"twitter:card\" content=\"summary_large_image\" \/>\n<meta name=\"twitter:site\" content=\"@Gh0stysky\" \/>\n<meta name=\"twitter:label1\" content=\"Tempo estimado de leitura\" \/>\n\t<meta name=\"twitter:data1\" content=\"2 minutos\" \/>\n<script type=\"application\/ld+json\" class=\"yoast-schema-graph\">{\"@context\":\"https:\/\/schema.org\",\"@graph\":[{\"@type\":\"WebPage\",\"@id\":\"https:\/\/www.ghostysky.com\/product\/ouster-os1-128-rev7-sr\/\",\"url\":\"https:\/\/www.ghostysky.com\/product\/ouster-os1-128-rev7-sr\/\",\"name\":\"Ouster OS1-128 Rev7 SR - Ghostysky\",\"isPartOf\":{\"@id\":\"https:\/\/www.ghostysky.com\/#website\"},\"primaryImageOfPage\":{\"@id\":\"https:\/\/www.ghostysky.com\/product\/ouster-os1-128-rev7-sr\/#primaryimage\"},\"image\":{\"@id\":\"https:\/\/www.ghostysky.com\/product\/ouster-os1-128-rev7-sr\/#primaryimage\"},\"thumbnailUrl\":\"https:\/\/www.ghostysky.com\/wp-content\/uploads\/2025\/10\/GH_Ouster-Ouster-OS0-32-Rev7_1.png\",\"datePublished\":\"2025-10-19T13:07:36+00:00\",\"dateModified\":\"2026-02-09T17:56:05+00:00\",\"description\":\"The Ouster OS1-128 Rev7 SR is a premium, high-resolution digital LiDAR sensor designed for demanding 3D perception applications in autonomous systems, robotics, industrial automation, and mapping. It is part of Ouster's mid-range sensor family, offering a balance of resolution and range in a compact and rugged form factor.\",\"breadcrumb\":{\"@id\":\"https:\/\/www.ghostysky.com\/product\/ouster-os1-128-rev7-sr\/#breadcrumb\"},\"inLanguage\":\"pt-PT\",\"potentialAction\":[{\"@type\":\"ReadAction\",\"target\":[\"https:\/\/www.ghostysky.com\/product\/ouster-os1-128-rev7-sr\/\"]}]},{\"@type\":\"ImageObject\",\"inLanguage\":\"pt-PT\",\"@id\":\"https:\/\/www.ghostysky.com\/product\/ouster-os1-128-rev7-sr\/#primaryimage\",\"url\":\"https:\/\/www.ghostysky.com\/wp-content\/uploads\/2025\/10\/GH_Ouster-Ouster-OS0-32-Rev7_1.png\",\"contentUrl\":\"https:\/\/www.ghostysky.com\/wp-content\/uploads\/2025\/10\/GH_Ouster-Ouster-OS0-32-Rev7_1.png\",\"width\":800,\"height\":800},{\"@type\":\"BreadcrumbList\",\"@id\":\"https:\/\/www.ghostysky.com\/product\/ouster-os1-128-rev7-sr\/#breadcrumb\",\"itemListElement\":[{\"@type\":\"ListItem\",\"position\":1,\"name\":\"Home\",\"item\":\"https:\/\/www.ghostysky.com\/\"},{\"@type\":\"ListItem\",\"position\":2,\"name\":\"Shop\",\"item\":\"https:\/\/www.ghostysky.com\/shop\/\"},{\"@type\":\"ListItem\",\"position\":3,\"name\":\"Ouster OS1-128 Rev7 SR\"}]},{\"@type\":\"WebSite\",\"@id\":\"https:\/\/www.ghostysky.com\/#website\",\"url\":\"https:\/\/www.ghostysky.com\/\",\"name\":\"Ghostysky\",\"description\":\"Delivering professional drones and services\",\"publisher\":{\"@id\":\"https:\/\/www.ghostysky.com\/#organization\"},\"potentialAction\":[{\"@type\":\"SearchAction\",\"target\":{\"@type\":\"EntryPoint\",\"urlTemplate\":\"https:\/\/www.ghostysky.com\/?s={search_term_string}\"},\"query-input\":{\"@type\":\"PropertyValueSpecification\",\"valueRequired\":true,\"valueName\":\"search_term_string\"}}],\"inLanguage\":\"pt-PT\"},{\"@type\":\"Organization\",\"@id\":\"https:\/\/www.ghostysky.com\/#organization\",\"name\":\"Ghostysky\",\"url\":\"https:\/\/www.ghostysky.com\/\",\"logo\":{\"@type\":\"ImageObject\",\"inLanguage\":\"pt-PT\",\"@id\":\"https:\/\/www.ghostysky.com\/#\/schema\/logo\/image\/\",\"url\":\"https:\/\/www.ghostysky.com\/wp-content\/uploads\/2020\/06\/cropped-ghostyskylogo_text_white2.png\",\"contentUrl\":\"https:\/\/www.ghostysky.com\/wp-content\/uploads\/2020\/06\/cropped-ghostyskylogo_text_white2.png\",\"width\":169,\"height\":56,\"caption\":\"Ghostysky\"},\"image\":{\"@id\":\"https:\/\/www.ghostysky.com\/#\/schema\/logo\/image\/\"},\"sameAs\":[\"https:\/\/www.facebook.com\/people\/Ghostysky\/100057676170234\/\",\"https:\/\/x.com\/Gh0stysky\",\"https:\/\/www.linkedin.com\/company\/34739653\",\"https:\/\/www.instagram.com\/gh0stysky\"]}]}<\/script>\n<!-- \/ Yoast SEO plugin. -->","yoast_head_json":{"title":"Ouster OS1-128 Rev7 SR - Ghostysky","description":"O Ouster OS1-128 Rev7 SR \u00e9 um sensor LiDAR digital premium de alta resolu\u00e7\u00e3o, projetado para aplica\u00e7\u00f5es exigentes de percep\u00e7\u00e3o 3D em sistemas aut\u00f4nomos, rob\u00f3tica, automa\u00e7\u00e3o industrial e mapeamento. Faz parte da fam\u00edlia de sensores de m\u00e9dio alcance da Ouster, oferecendo equil\u00edbrio entre resolu\u00e7\u00e3o e alcance em um formato compacto e robusto.","robots":{"index":"index","follow":"follow","max-snippet":"max-snippet:-1","max-image-preview":"max-image-preview:large","max-video-preview":"max-video-preview:-1"},"canonical":"https:\/\/www.ghostysky.com\/pt\/produto-2\/ouster-os1-128-rev7-sr\/","og_locale":"pt_PT","og_type":"article","og_title":"Ouster OS1-128 Rev7 SR - Ghostysky","og_description":"The Ouster OS1-128 Rev7 SR is a premium, high-resolution digital LiDAR sensor designed for demanding 3D perception applications in autonomous systems, robotics, industrial automation, and mapping. It is part of Ouster's mid-range sensor family, offering a balance of resolution and range in a compact and rugged form factor.","og_url":"https:\/\/www.ghostysky.com\/pt\/produto-2\/ouster-os1-128-rev7-sr\/","og_site_name":"Ghostysky","article_publisher":"https:\/\/www.facebook.com\/people\/Ghostysky\/100057676170234\/","article_modified_time":"2026-02-09T17:56:05+00:00","og_image":[{"width":800,"height":800,"url":"https:\/\/www.ghostysky.com\/wp-content\/uploads\/2025\/10\/GH_Ouster-Ouster-OS0-32-Rev7_1.png","type":"image\/png"}],"twitter_card":"summary_large_image","twitter_site":"@Gh0stysky","twitter_misc":{"Tempo estimado de leitura":"2 minutos"},"schema":{"@context":"https:\/\/schema.org","@graph":[{"@type":"WebPage","@id":"https:\/\/www.ghostysky.com\/product\/ouster-os1-128-rev7-sr\/","url":"https:\/\/www.ghostysky.com\/product\/ouster-os1-128-rev7-sr\/","name":"Ouster OS1-128 Rev7 SR - Ghostysky","isPartOf":{"@id":"https:\/\/www.ghostysky.com\/#website"},"primaryImageOfPage":{"@id":"https:\/\/www.ghostysky.com\/product\/ouster-os1-128-rev7-sr\/#primaryimage"},"image":{"@id":"https:\/\/www.ghostysky.com\/product\/ouster-os1-128-rev7-sr\/#primaryimage"},"thumbnailUrl":"https:\/\/www.ghostysky.com\/wp-content\/uploads\/2025\/10\/GH_Ouster-Ouster-OS0-32-Rev7_1.png","datePublished":"2025-10-19T13:07:36+00:00","dateModified":"2026-02-09T17:56:05+00:00","description":"O Ouster OS1-128 Rev7 SR \u00e9 um sensor LiDAR digital premium de alta resolu\u00e7\u00e3o, projetado para aplica\u00e7\u00f5es exigentes de percep\u00e7\u00e3o 3D em sistemas aut\u00f4nomos, rob\u00f3tica, automa\u00e7\u00e3o industrial e mapeamento. Faz parte da fam\u00edlia de sensores de m\u00e9dio alcance da Ouster, oferecendo equil\u00edbrio entre resolu\u00e7\u00e3o e alcance em um formato compacto e robusto.","breadcrumb":{"@id":"https:\/\/www.ghostysky.com\/product\/ouster-os1-128-rev7-sr\/#breadcrumb"},"inLanguage":"pt-PT","potentialAction":[{"@type":"ReadAction","target":["https:\/\/www.ghostysky.com\/product\/ouster-os1-128-rev7-sr\/"]}]},{"@type":"ImageObject","inLanguage":"pt-PT","@id":"https:\/\/www.ghostysky.com\/product\/ouster-os1-128-rev7-sr\/#primaryimage","url":"https:\/\/www.ghostysky.com\/wp-content\/uploads\/2025\/10\/GH_Ouster-Ouster-OS0-32-Rev7_1.png","contentUrl":"https:\/\/www.ghostysky.com\/wp-content\/uploads\/2025\/10\/GH_Ouster-Ouster-OS0-32-Rev7_1.png","width":800,"height":800},{"@type":"BreadcrumbList","@id":"https:\/\/www.ghostysky.com\/product\/ouster-os1-128-rev7-sr\/#breadcrumb","itemListElement":[{"@type":"ListItem","position":1,"name":"Home","item":"https:\/\/www.ghostysky.com\/"},{"@type":"ListItem","position":2,"name":"Shop","item":"https:\/\/www.ghostysky.com\/shop\/"},{"@type":"ListItem","position":3,"name":"Ouster OS1-128 Rev7 SR"}]},{"@type":"WebSite","@id":"https:\/\/www.ghostysky.com\/#website","url":"https:\/\/www.ghostysky.com\/","name":"Ghostysky","description":"Fornecendo drones e servi\u00e7os profissionais","publisher":{"@id":"https:\/\/www.ghostysky.com\/#organization"},"potentialAction":[{"@type":"SearchAction","target":{"@type":"EntryPoint","urlTemplate":"https:\/\/www.ghostysky.com\/?s={search_term_string}"},"query-input":{"@type":"PropertyValueSpecification","valueRequired":true,"valueName":"search_term_string"}}],"inLanguage":"pt-PT"},{"@type":"Organization","@id":"https:\/\/www.ghostysky.com\/#organization","name":"Ghostysky","url":"https:\/\/www.ghostysky.com\/","logo":{"@type":"ImageObject","inLanguage":"pt-PT","@id":"https:\/\/www.ghostysky.com\/#\/schema\/logo\/image\/","url":"https:\/\/www.ghostysky.com\/wp-content\/uploads\/2020\/06\/cropped-ghostyskylogo_text_white2.png","contentUrl":"https:\/\/www.ghostysky.com\/wp-content\/uploads\/2020\/06\/cropped-ghostyskylogo_text_white2.png","width":169,"height":56,"caption":"Ghostysky"},"image":{"@id":"https:\/\/www.ghostysky.com\/#\/schema\/logo\/image\/"},"sameAs":["https:\/\/www.facebook.com\/people\/Ghostysky\/100057676170234\/","https:\/\/x.com\/Gh0stysky","https:\/\/www.linkedin.com\/company\/34739653","https:\/\/www.instagram.com\/gh0stysky"]}]}},"_links":{"self":[{"href":"https:\/\/www.ghostysky.com\/pt\/wp-json\/wp\/v2\/product\/22027","targetHints":{"allow":["GET"]}}],"collection":[{"href":"https:\/\/www.ghostysky.com\/pt\/wp-json\/wp\/v2\/product"}],"about":[{"href":"https:\/\/www.ghostysky.com\/pt\/wp-json\/wp\/v2\/types\/product"}],"replies":[{"embeddable":true,"href":"https:\/\/www.ghostysky.com\/pt\/wp-json\/wp\/v2\/comments?post=22027"}],"wp:featuredmedia":[{"embeddable":true,"href":"https:\/\/www.ghostysky.com\/pt\/wp-json\/wp\/v2\/media\/21979"}],"wp:attachment":[{"href":"https:\/\/www.ghostysky.com\/pt\/wp-json\/wp\/v2\/media?parent=22027"}],"wp:term":[{"taxonomy":"product_brand","embeddable":true,"href":"https:\/\/www.ghostysky.com\/pt\/wp-json\/wp\/v2\/product_brand?post=22027"},{"taxonomy":"product_cat","embeddable":true,"href":"https:\/\/www.ghostysky.com\/pt\/wp-json\/wp\/v2\/product_cat?post=22027"},{"taxonomy":"product_tag","embeddable":true,"href":"https:\/\/www.ghostysky.com\/pt\/wp-json\/wp\/v2\/product_tag?post=22027"}],"curies":[{"name":"wp","href":"https:\/\/api.w.org\/{rel}","templated":true}]}}