{"id":22044,"date":"2025-10-19T14:21:26","date_gmt":"2025-10-19T14:21:26","guid":{"rendered":"https:\/\/www.ghostysky.com\/?post_type=product&#038;p=22044"},"modified":"2025-10-19T14:22:04","modified_gmt":"2025-10-19T14:22:04","slug":"ufactory-850","status":"publish","type":"product","link":"https:\/\/www.ghostysky.com\/pt\/product\/ufactory-850\/","title":{"rendered":"F\u00e1brica UF850"},"content":{"rendered":"<h4><b>Principais caracter\u00edsticas e especifica\u00e7\u00f5es<\/b><\/h4>\n<ul>\n<li><b>Desempenho de n\u00edvel industrial:<\/b><span class=\"citation-632 citation-end-632\"> Apresentando uma not\u00e1vel repetibilidade de <sup class=\"superscript\" data-turn-source-index=\"2\">2<\/sup><\/span><b><span class=\"math-inline\" data-math=\"\\pm 0.02\">$\\pm 0,02$<\/span><span class=\"citation-631\"> mil\u00edmetros<\/span><\/b><span class=\"citation-631 citation-end-631\">, o UFactory 850 \u00e9 adequado para tarefas de alta precis\u00e3o, como montagem, manuten\u00e7\u00e3o de m\u00e1quinas e inspe\u00e7\u00e3o.<\/span><\/li>\n<li><b>Alcance e carga \u00fatil estendidos:<\/b><span class=\"citation-630\"> Apresenta um impressionante <\/span><b><span class=\"citation-630\">Alcance de 850 mm<\/span><\/b><span class=\"citation-630\"> e um m\u00e1ximo <\/span><b><span class=\"citation-630\">5 kg de carga \u00fatil<\/span><\/b><span class=\"citation-630 citation-end-630\">, tornando-o altamente vers\u00e1til para v\u00e1rios desafios industriais.<\/span><\/li>\n<li><b><span class=\"citation-629\">Constru\u00e7\u00e3o dur\u00e1vel e leve:<\/span><\/b><span class=\"citation-629\"> Constru\u00eddo a partir de uma mistura de fibra de carbono e alum\u00ednio, o peso do sistema \u00e9 significativamente reduzido (cerca de <\/span><b><span class=\"citation-629\">17-20 kg<\/span><\/b><span class=\"citation-629 citation-end-629\">), facilitando a implanta\u00e7\u00e3o e configura\u00e7\u00e3o em v\u00e1rios ambientes.<\/span><\/li>\n<li><b>Implanta\u00e7\u00e3o flex\u00edvel e seguran\u00e7a:<\/b><span class=\"citation-628\"> O rob\u00f4 suporta <\/span><b><span class=\"citation-628\">ensino manual<\/span><\/b><span class=\"citation-628\"> para f\u00e1cil redistribui\u00e7\u00e3o sem programa\u00e7\u00e3o complexa e seu built-in <\/span><b><span class=\"citation-628\">detec\u00e7\u00e3o de colis\u00e3o<\/span><\/b><span class=\"citation-628 citation-end-628\"> recurso garante um ambiente de trabalho mais seguro.<\/span><\/li>\n<li><b>Programa\u00e7\u00e3o amig\u00e1vel ao usu\u00e1rio:<\/b><span class=\"citation-627\"> A programa\u00e7\u00e3o \u00e9 disponibilizada a todos os n\u00edveis de usu\u00e1rios por meio do propriet\u00e1rio <\/span><b><span class=\"citation-627\">Est\u00fadio UFACTORY<\/span><\/b><span class=\"citation-627 citation-end-627\">, uma plataforma GUI baseada na web que suporta programa\u00e7\u00e3o visual de arrastar e soltar.<\/span><\/li>\n<li><b>Desenvolvimento de c\u00f3digo aberto:<\/b><span class=\"citation-626\"> Para usu\u00e1rios avan\u00e7ados, ele oferece um c\u00f3digo aberto totalmente funcional <\/span><b><span class=\"citation-626\">SDK Python\/C++<\/span><\/b><span class=\"citation-626\"> e pronto para ir <\/span><b><span class=\"citation-626\">Pacotes ROS\/ROS2<\/span><\/b><span class=\"citation-626 citation-end-626\">, permitindo personaliza\u00e7\u00e3o profunda e integra\u00e7\u00e3o perfeita em sistemas rob\u00f3ticos existentes.<\/span><\/li>\n<li><b>Conectividade e compatibilidade:<\/b><span class=\"citation-625\"> O bra\u00e7o usa um interno aut\u00f4nomo <\/span><b><span class=\"citation-625\">Cabo Ethernet de 100 Mbps<\/span><\/b><span class=\"citation-625 citation-end-625\"> para maior estabilidade do sistema e compatibilidade com sistemas de vis\u00e3o de terceiros (via cabo CAT5 padr\u00e3o).<sup class=\"superscript\" data-turn-source-index=\"9\">9<\/sup><\/span> <span class=\"citation-624 citation-end-624\">Ele suporta v\u00e1rios acess\u00f3rios oficiais, incluindo pin\u00e7as, pin\u00e7as a v\u00e1cuo e sensores de for\u00e7a\/torque de 6 eixos.<\/span><\/li>\n<li><b><span class=\"citation-623\">Op\u00e7\u00f5es de energia:<\/span><\/b><span class=\"citation-623\"> Dispon\u00edvel com um <\/span><b><span class=\"citation-623\">Caixa de controle AC<\/span><\/b><span class=\"citation-623\"> (100\u2013240 V) e um <\/span><b><span class=\"citation-623\">Caixa de controle DC<\/span><\/b><span class=\"citation-623 citation-end-623\"> Op\u00e7\u00e3o (48\u201372 V), sendo esta \u00faltima adequada para implanta\u00e7\u00e3o em plataformas m\u00f3veis.<\/span><\/li>\n<\/ul>\n<p><span class=\"citation-622\">O UFactory 850 \u00e9 uma escolha ideal para tarefas como <\/span><b><span class=\"citation-622\">automa\u00e7\u00e3o de vis\u00e3o, atendimento de m\u00e1quinas, coleta de lixo,<\/span><\/b><span class=\"citation-622\"> e <\/span><b><span class=\"citation-622\">pesquisa rob\u00f3tica<\/span><\/b><span class=\"citation-622 citation-end-622\">, proporcionando confiabilidade e precis\u00e3o industrial com uma experi\u00eancia simplificada de programa\u00e7\u00e3o e integra\u00e7\u00e3o.<\/span><\/p>\n<p>&nbsp;<\/p>\n<p>&nbsp;<\/p>","protected":false},"excerpt":{"rendered":"<p>O UFactory 850 \u00e9 um bra\u00e7o rob\u00f3tico de alto desempenho com 6 graus de liberdade (6 DoF) projetado para uma ampla gama de aplica\u00e7\u00f5es de pesquisa e automa\u00e7\u00e3o industrial, oferecendo desempenho excepcional a um pre\u00e7o competitivo.<\/p>\n<ul>\n<li>6 Eixos<\/li>\n<li>Carga \u00fatil 5 kg<\/li>\n<li>Alcance 850 mm<\/li>\n<li>Repetibilidade 0,02 mm<\/li>\n<li>Velocidade m\u00e1xima 1 m\/s<\/li>\n<\/ul>","protected":false},"featured_media":22049,"comment_status":"open","ping_status":"closed","template":"","meta":[],"product_brand":[1148],"product_cat":[1037,1145,1146],"product_tag":[1149,1150,1151],"class_list":{"0":"post-22044","1":"product","2":"type-product","3":"status-publish","4":"has-post-thumbnail","6":"product_brand-ufactory","7":"product_cat-robotics","8":"product_cat-ufactory","9":"product_cat-arms","10":"product_tag-ufactory","11":"product_tag-ufactory-850-series","12":"product_tag-ufactory-arm","14":"first","15":"onbackorder","16":"taxable","17":"shipping-taxable","18":"purchasable","19":"product-type-simple"},"yoast_head":"<!-- This site is optimized with the Yoast SEO plugin v27.1.1 - https:\/\/yoast.com\/product\/yoast-seo-wordpress\/ -->\n<title>UFactory 850 - Ghostysky<\/title>\n<meta name=\"description\" content=\"The UFactory 850 is a high-performance, 6-Degree-of-Freedom (6 DoF) robotic arm designed for a wide array of industrial automation and research applications, offering exceptional performance at a competitive price point.\" \/>\n<meta name=\"robots\" content=\"index, follow, max-snippet:-1, max-image-preview:large, max-video-preview:-1\" \/>\n<link rel=\"canonical\" href=\"https:\/\/www.ghostysky.com\/pt\/produto-2\/ufactory-850\/\" \/>\n<meta property=\"og:locale\" content=\"pt_PT\" \/>\n<meta property=\"og:type\" content=\"article\" \/>\n<meta property=\"og:title\" content=\"UFactory 850 - Ghostysky\" \/>\n<meta property=\"og:description\" content=\"The UFactory 850 is a high-performance, 6-Degree-of-Freedom (6 DoF) robotic arm designed for a wide array of industrial automation and research applications, offering exceptional performance at a competitive price point.\" \/>\n<meta property=\"og:url\" content=\"https:\/\/www.ghostysky.com\/pt\/produto-2\/ufactory-850\/\" \/>\n<meta property=\"og:site_name\" content=\"Ghostysky\" \/>\n<meta property=\"article:publisher\" content=\"https:\/\/www.facebook.com\/people\/Ghostysky\/100057676170234\/\" \/>\n<meta property=\"article:modified_time\" content=\"2025-10-19T14:22:04+00:00\" \/>\n<meta property=\"og:image\" content=\"https:\/\/www.ghostysky.com\/wp-content\/uploads\/2025\/10\/GH_UFactory_850_1.png\" \/>\n\t<meta property=\"og:image:width\" content=\"768\" \/>\n\t<meta property=\"og:image:height\" content=\"768\" \/>\n\t<meta property=\"og:image:type\" content=\"image\/png\" \/>\n<meta name=\"twitter:card\" content=\"summary_large_image\" \/>\n<meta name=\"twitter:site\" content=\"@Gh0stysky\" \/>\n<meta name=\"twitter:label1\" content=\"Tempo estimado de leitura\" \/>\n\t<meta name=\"twitter:data1\" content=\"2 minutos\" \/>\n<script type=\"application\/ld+json\" class=\"yoast-schema-graph\">{\"@context\":\"https:\/\/schema.org\",\"@graph\":[{\"@type\":\"WebPage\",\"@id\":\"https:\/\/www.ghostysky.com\/product\/ufactory-850\/\",\"url\":\"https:\/\/www.ghostysky.com\/product\/ufactory-850\/\",\"name\":\"UFactory 850 - Ghostysky\",\"isPartOf\":{\"@id\":\"https:\/\/www.ghostysky.com\/#website\"},\"primaryImageOfPage\":{\"@id\":\"https:\/\/www.ghostysky.com\/product\/ufactory-850\/#primaryimage\"},\"image\":{\"@id\":\"https:\/\/www.ghostysky.com\/product\/ufactory-850\/#primaryimage\"},\"thumbnailUrl\":\"https:\/\/www.ghostysky.com\/wp-content\/uploads\/2025\/10\/GH_UFactory_850_1.png\",\"datePublished\":\"2025-10-19T14:21:26+00:00\",\"dateModified\":\"2025-10-19T14:22:04+00:00\",\"description\":\"The UFactory 850 is a high-performance, 6-Degree-of-Freedom (6 DoF) robotic arm designed for a wide array of industrial automation and research applications, offering exceptional performance at a competitive price point.\",\"breadcrumb\":{\"@id\":\"https:\/\/www.ghostysky.com\/product\/ufactory-850\/#breadcrumb\"},\"inLanguage\":\"pt-PT\",\"potentialAction\":[{\"@type\":\"ReadAction\",\"target\":[\"https:\/\/www.ghostysky.com\/product\/ufactory-850\/\"]}]},{\"@type\":\"ImageObject\",\"inLanguage\":\"pt-PT\",\"@id\":\"https:\/\/www.ghostysky.com\/product\/ufactory-850\/#primaryimage\",\"url\":\"https:\/\/www.ghostysky.com\/wp-content\/uploads\/2025\/10\/GH_UFactory_850_1.png\",\"contentUrl\":\"https:\/\/www.ghostysky.com\/wp-content\/uploads\/2025\/10\/GH_UFactory_850_1.png\",\"width\":768,\"height\":768},{\"@type\":\"BreadcrumbList\",\"@id\":\"https:\/\/www.ghostysky.com\/product\/ufactory-850\/#breadcrumb\",\"itemListElement\":[{\"@type\":\"ListItem\",\"position\":1,\"name\":\"Home\",\"item\":\"https:\/\/www.ghostysky.com\/\"},{\"@type\":\"ListItem\",\"position\":2,\"name\":\"Shop\",\"item\":\"https:\/\/www.ghostysky.com\/shop\/\"},{\"@type\":\"ListItem\",\"position\":3,\"name\":\"UFactory 850\"}]},{\"@type\":\"WebSite\",\"@id\":\"https:\/\/www.ghostysky.com\/#website\",\"url\":\"https:\/\/www.ghostysky.com\/\",\"name\":\"Ghostysky\",\"description\":\"Delivering professional drones and services\",\"publisher\":{\"@id\":\"https:\/\/www.ghostysky.com\/#organization\"},\"potentialAction\":[{\"@type\":\"SearchAction\",\"target\":{\"@type\":\"EntryPoint\",\"urlTemplate\":\"https:\/\/www.ghostysky.com\/?s={search_term_string}\"},\"query-input\":{\"@type\":\"PropertyValueSpecification\",\"valueRequired\":true,\"valueName\":\"search_term_string\"}}],\"inLanguage\":\"pt-PT\"},{\"@type\":\"Organization\",\"@id\":\"https:\/\/www.ghostysky.com\/#organization\",\"name\":\"Ghostysky\",\"url\":\"https:\/\/www.ghostysky.com\/\",\"logo\":{\"@type\":\"ImageObject\",\"inLanguage\":\"pt-PT\",\"@id\":\"https:\/\/www.ghostysky.com\/#\/schema\/logo\/image\/\",\"url\":\"https:\/\/www.ghostysky.com\/wp-content\/uploads\/2020\/06\/cropped-ghostyskylogo_text_white2.png\",\"contentUrl\":\"https:\/\/www.ghostysky.com\/wp-content\/uploads\/2020\/06\/cropped-ghostyskylogo_text_white2.png\",\"width\":169,\"height\":56,\"caption\":\"Ghostysky\"},\"image\":{\"@id\":\"https:\/\/www.ghostysky.com\/#\/schema\/logo\/image\/\"},\"sameAs\":[\"https:\/\/www.facebook.com\/people\/Ghostysky\/100057676170234\/\",\"https:\/\/x.com\/Gh0stysky\",\"https:\/\/www.linkedin.com\/company\/34739653\",\"https:\/\/www.instagram.com\/gh0stysky\"]}]}<\/script>\n<!-- \/ Yoast SEO plugin. -->","yoast_head_json":{"title":"UFactory 850 - C\u00e9u Fantasmag\u00f3rico","description":"O UFactory 850 \u00e9 um bra\u00e7o rob\u00f3tico de alto desempenho com 6 graus de liberdade (6 DoF) projetado para uma ampla gama de aplica\u00e7\u00f5es de pesquisa e automa\u00e7\u00e3o industrial, oferecendo desempenho excepcional a um pre\u00e7o competitivo.","robots":{"index":"index","follow":"follow","max-snippet":"max-snippet:-1","max-image-preview":"max-image-preview:large","max-video-preview":"max-video-preview:-1"},"canonical":"https:\/\/www.ghostysky.com\/pt\/produto-2\/ufactory-850\/","og_locale":"pt_PT","og_type":"article","og_title":"UFactory 850 - Ghostysky","og_description":"The UFactory 850 is a high-performance, 6-Degree-of-Freedom (6 DoF) robotic arm designed for a wide array of industrial automation and research applications, offering exceptional performance at a competitive price point.","og_url":"https:\/\/www.ghostysky.com\/pt\/produto-2\/ufactory-850\/","og_site_name":"Ghostysky","article_publisher":"https:\/\/www.facebook.com\/people\/Ghostysky\/100057676170234\/","article_modified_time":"2025-10-19T14:22:04+00:00","og_image":[{"width":768,"height":768,"url":"https:\/\/www.ghostysky.com\/wp-content\/uploads\/2025\/10\/GH_UFactory_850_1.png","type":"image\/png"}],"twitter_card":"summary_large_image","twitter_site":"@Gh0stysky","twitter_misc":{"Tempo estimado de leitura":"2 minutos"},"schema":{"@context":"https:\/\/schema.org","@graph":[{"@type":"WebPage","@id":"https:\/\/www.ghostysky.com\/product\/ufactory-850\/","url":"https:\/\/www.ghostysky.com\/product\/ufactory-850\/","name":"UFactory 850 - C\u00e9u Fantasmag\u00f3rico","isPartOf":{"@id":"https:\/\/www.ghostysky.com\/#website"},"primaryImageOfPage":{"@id":"https:\/\/www.ghostysky.com\/product\/ufactory-850\/#primaryimage"},"image":{"@id":"https:\/\/www.ghostysky.com\/product\/ufactory-850\/#primaryimage"},"thumbnailUrl":"https:\/\/www.ghostysky.com\/wp-content\/uploads\/2025\/10\/GH_UFactory_850_1.png","datePublished":"2025-10-19T14:21:26+00:00","dateModified":"2025-10-19T14:22:04+00:00","description":"O UFactory 850 \u00e9 um bra\u00e7o rob\u00f3tico de alto desempenho com 6 graus de liberdade (6 DoF) projetado para uma ampla gama de aplica\u00e7\u00f5es de pesquisa e automa\u00e7\u00e3o industrial, oferecendo desempenho excepcional a um pre\u00e7o competitivo.","breadcrumb":{"@id":"https:\/\/www.ghostysky.com\/product\/ufactory-850\/#breadcrumb"},"inLanguage":"pt-PT","potentialAction":[{"@type":"ReadAction","target":["https:\/\/www.ghostysky.com\/product\/ufactory-850\/"]}]},{"@type":"ImageObject","inLanguage":"pt-PT","@id":"https:\/\/www.ghostysky.com\/product\/ufactory-850\/#primaryimage","url":"https:\/\/www.ghostysky.com\/wp-content\/uploads\/2025\/10\/GH_UFactory_850_1.png","contentUrl":"https:\/\/www.ghostysky.com\/wp-content\/uploads\/2025\/10\/GH_UFactory_850_1.png","width":768,"height":768},{"@type":"BreadcrumbList","@id":"https:\/\/www.ghostysky.com\/product\/ufactory-850\/#breadcrumb","itemListElement":[{"@type":"ListItem","position":1,"name":"Home","item":"https:\/\/www.ghostysky.com\/"},{"@type":"ListItem","position":2,"name":"Shop","item":"https:\/\/www.ghostysky.com\/shop\/"},{"@type":"ListItem","position":3,"name":"UFactory 850"}]},{"@type":"WebSite","@id":"https:\/\/www.ghostysky.com\/#website","url":"https:\/\/www.ghostysky.com\/","name":"Ghostysky","description":"Fornecendo drones e servi\u00e7os profissionais","publisher":{"@id":"https:\/\/www.ghostysky.com\/#organization"},"potentialAction":[{"@type":"SearchAction","target":{"@type":"EntryPoint","urlTemplate":"https:\/\/www.ghostysky.com\/?s={search_term_string}"},"query-input":{"@type":"PropertyValueSpecification","valueRequired":true,"valueName":"search_term_string"}}],"inLanguage":"pt-PT"},{"@type":"Organization","@id":"https:\/\/www.ghostysky.com\/#organization","name":"Ghostysky","url":"https:\/\/www.ghostysky.com\/","logo":{"@type":"ImageObject","inLanguage":"pt-PT","@id":"https:\/\/www.ghostysky.com\/#\/schema\/logo\/image\/","url":"https:\/\/www.ghostysky.com\/wp-content\/uploads\/2020\/06\/cropped-ghostyskylogo_text_white2.png","contentUrl":"https:\/\/www.ghostysky.com\/wp-content\/uploads\/2020\/06\/cropped-ghostyskylogo_text_white2.png","width":169,"height":56,"caption":"Ghostysky"},"image":{"@id":"https:\/\/www.ghostysky.com\/#\/schema\/logo\/image\/"},"sameAs":["https:\/\/www.facebook.com\/people\/Ghostysky\/100057676170234\/","https:\/\/x.com\/Gh0stysky","https:\/\/www.linkedin.com\/company\/34739653","https:\/\/www.instagram.com\/gh0stysky"]}]}},"_links":{"self":[{"href":"https:\/\/www.ghostysky.com\/pt\/wp-json\/wp\/v2\/product\/22044","targetHints":{"allow":["GET"]}}],"collection":[{"href":"https:\/\/www.ghostysky.com\/pt\/wp-json\/wp\/v2\/product"}],"about":[{"href":"https:\/\/www.ghostysky.com\/pt\/wp-json\/wp\/v2\/types\/product"}],"replies":[{"embeddable":true,"href":"https:\/\/www.ghostysky.com\/pt\/wp-json\/wp\/v2\/comments?post=22044"}],"wp:featuredmedia":[{"embeddable":true,"href":"https:\/\/www.ghostysky.com\/pt\/wp-json\/wp\/v2\/media\/22049"}],"wp:attachment":[{"href":"https:\/\/www.ghostysky.com\/pt\/wp-json\/wp\/v2\/media?parent=22044"}],"wp:term":[{"taxonomy":"product_brand","embeddable":true,"href":"https:\/\/www.ghostysky.com\/pt\/wp-json\/wp\/v2\/product_brand?post=22044"},{"taxonomy":"product_cat","embeddable":true,"href":"https:\/\/www.ghostysky.com\/pt\/wp-json\/wp\/v2\/product_cat?post=22044"},{"taxonomy":"product_tag","embeddable":true,"href":"https:\/\/www.ghostysky.com\/pt\/wp-json\/wp\/v2\/product_tag?post=22044"}],"curies":[{"name":"wp","href":"https:\/\/api.w.org\/{rel}","templated":true}]}}