{"id":22050,"date":"2025-10-19T14:28:13","date_gmt":"2025-10-19T14:28:13","guid":{"rendered":"https:\/\/www.ghostysky.com\/?post_type=product&#038;p=22050"},"modified":"2025-10-21T06:03:59","modified_gmt":"2025-10-21T06:03:59","slug":"ufactory-xarm-5","status":"publish","type":"product","link":"https:\/\/www.ghostysky.com\/pt\/product\/ufactory-xarm-5\/","title":{"rendered":"UFACTORY xArm 5"},"content":{"rendered":"<h5><b>Principais recursos e especifica\u00e7\u00f5es<\/b><\/h5>\n<ul>\n<li><b>Eixo\/Graus de Liberdade (DoF):<\/b><span class=\"citation-662 citation-end-662\"> 5<\/span><\/li>\n<li><b><span class=\"citation-661\">Capacidade de carga \u00fatil:<\/span><\/b><span class=\"citation-661 citation-end-661\"> 3kg<\/span><\/li>\n<li><b><span class=\"citation-660\">Alcan\u00e7ar:<\/span><\/b><span class=\"citation-660 citation-end-660\"> 700 mil\u00edmetros<\/span><\/li>\n<li><b><span class=\"citation-659\">Repetibilidade (Precis\u00e3o):<\/span><\/b><span class=\"citation-659 citation-end-659\"> <sup class=\"superscript\" data-turn-source-index=\"5\">5<\/sup><\/span><span class=\"math-inline\" data-math=\"\\pm0.1\">$\\pm0,1$<\/span><span class=\"citation-658 citation-end-658\"> mm, tornando-o adequado para tarefas que exigem precis\u00e3o.<\/span><\/li>\n<li><b><span class=\"citation-657\">Design leve:<\/span><\/b><span class=\"citation-657 citation-end-657\"> Feito de fibra de carbono e alum\u00ednio, o bra\u00e7o rob\u00f3tico pesa aproximadamente 11,2 kg, facilitando a implanta\u00e7\u00e3o e a recoloca\u00e7\u00e3o.<\/span><\/li>\n<li><b>Velocidade:<\/b><span class=\"citation-656 citation-end-656\"> Velocidade m\u00e1xima de <sup class=\"superscript\" data-turn-source-index=\"8\">8<\/sup><\/span><span class=\"math-inline\" data-math=\"1 \\text{ m\/s}\">$1 \\texto{ m\/s}$<\/span><span class=\"citation-655 citation-end-655\">.<\/span><\/li>\n<li><b>Controle e Programa\u00e7\u00e3o:<\/b><span class=\"citation-654\"> Apresenta o f\u00e1cil de usar <\/span><b><span class=\"citation-654\">Est\u00fadio UFACTORY<\/span><\/b><span class=\"citation-654 citation-end-654\">, uma plataforma de interface gr\u00e1fica de usu\u00e1rio (GUI) que permite programa\u00e7\u00e3o de arrastar e soltar, perfeita para iniciantes.<sup class=\"superscript\" data-turn-source-index=\"10\">10<\/sup><\/span> <span class=\"citation-653 citation-end-653\">Ele tamb\u00e9m oferece suporte a v\u00e1rios sistemas operacionais e oferece SDKs poderosos de c\u00f3digo aberto (incluindo Python, ROS e C++) para usu\u00e1rios avan\u00e7ados.<\/span><\/li>\n<li><b>Durabilidade:<\/b><span class=\"citation-652 citation-end-652\"> Equipado com um redutor harm\u00f4nico integrado, servo sem escovas e codificador absoluto multivoltas de 17 bits, garantindo precis\u00e3o e durabilidade para opera\u00e7\u00e3o cont\u00ednua. <sup class=\"superscript\" data-turn-source-index=\"12\">12<\/sup><\/span><span class=\"math-inline\" data-math=\"24\/7\">$24\/7$<\/span><span class=\"citation-651 citation-end-651\"> opera\u00e7\u00e3o.<\/span><\/li>\n<li><b>Seguran\u00e7a:<\/b><span class=\"citation-650 citation-end-650\"> Incorpora detec\u00e7\u00e3o de colis\u00e3o para colabora\u00e7\u00e3o segura entre humanos e rob\u00f4s.<\/span><\/li>\n<\/ul>\n<p><b>Aplica\u00e7\u00f5es ideais:<\/b><\/p>\n<p><span class=\"citation-649 citation-end-649\">O xArm 5 foi projetado principalmente para tarefas simples e repetitivas e serve como um ponto de entrada acess\u00edvel para automa\u00e7\u00e3o em v\u00e1rios ambientes, incluindo fabrica\u00e7\u00e3o leve, uso comercial e aplica\u00e7\u00f5es de laborat\u00f3rio.\u00a0<\/span>Usos comuns incluem:<\/p>\n<ul>\n<li><b>Opera\u00e7\u00f5es de Pick and Place<\/b><\/li>\n<li><b>Montagem de pe\u00e7as simples<\/b><\/li>\n<li><b>M\u00e1quina de atendimento<\/b><\/li>\n<li><b>Coleta de lixo<\/b><\/li>\n<li><b>Automa\u00e7\u00e3o de laborat\u00f3rio<\/b><\/li>\n<li><b>Pesquisa e educa\u00e7\u00e3o em rob\u00f3tica<\/b><\/li>\n<\/ul>\n<p>O UFACTORY xArm 5 oferece uma solu\u00e7\u00e3o poderosa, flex\u00edvel e f\u00e1cil de usar para empresas e pesquisadores que buscam automatizar com um rob\u00f4 colaborativo de n\u00edvel industrial, mas com baixo custo.<\/p>","protected":false},"excerpt":{"rendered":"<p><span class=\"citation-663\">O UFACTORY xArm 5 \u00e9 um instrumento econ\u00f4mico e de alta precis\u00e3o <\/span><b><span class=\"citation-663\">Bra\u00e7o rob\u00f3tico colaborativo de 5 eixos<\/span><\/b><span class=\"citation-663 citation-end-663\"> projetado para tornar a automa\u00e7\u00e3o industrial acess\u00edvel.<\/span><\/p>\n<ul>\n<li>5 Eixos<\/li>\n<li>Carga \u00fatil 3 kg<\/li>\n<li>Alcance 700 mm<\/li>\n<li>Repetibilidade 0,1 mm<\/li>\n<li>Velocidade m\u00e1xima 1000 mm\/s<\/li>\n<\/ul>","protected":false},"featured_media":22055,"comment_status":"open","ping_status":"closed","template":"","meta":[],"product_brand":[1148],"product_cat":[1037,1145,1146],"product_tag":[1149,1151,1152],"class_list":{"0":"post-22050","1":"product","2":"type-product","3":"status-publish","4":"has-post-thumbnail","6":"product_brand-ufactory","7":"product_cat-robotics","8":"product_cat-ufactory","9":"product_cat-arms","10":"product_tag-ufactory","11":"product_tag-ufactory-arm","12":"product_tag-ufactory-xarm5","14":"first","15":"onbackorder","16":"taxable","17":"shipping-taxable","18":"purchasable","19":"product-type-simple"},"yoast_head":"<!-- This site is optimized with the Yoast SEO plugin v27.1.1 - https:\/\/yoast.com\/product\/yoast-seo-wordpress\/ -->\n<title>UFACTORY xArm 5 - Ghostysky<\/title>\n<meta name=\"description\" content=\"The UFACTORY xArm 5 is a cost-effective, high-precision 5-axis collaborative robotic arm designed to make industrial automation accessible.5 AxisPayload 3 kgReach 700 mmRepeatability 0.1 mmMax Speed 1000 mm\/s\" \/>\n<meta name=\"robots\" content=\"index, follow, max-snippet:-1, max-image-preview:large, max-video-preview:-1\" \/>\n<link rel=\"canonical\" href=\"https:\/\/www.ghostysky.com\/pt\/produto-2\/ufactory-xarm-5\/\" \/>\n<meta property=\"og:locale\" content=\"pt_PT\" \/>\n<meta property=\"og:type\" content=\"article\" \/>\n<meta property=\"og:title\" content=\"UFACTORY xArm 5 - Ghostysky\" \/>\n<meta property=\"og:description\" content=\"The UFACTORY xArm 5 is a cost-effective, high-precision 5-axis collaborative robotic arm designed to make industrial automation accessible.5 AxisPayload 3 kgReach 700 mmRepeatability 0.1 mmMax Speed 1000 mm\/s\" \/>\n<meta property=\"og:url\" content=\"https:\/\/www.ghostysky.com\/pt\/produto-2\/ufactory-xarm-5\/\" \/>\n<meta property=\"og:site_name\" content=\"Ghostysky\" \/>\n<meta property=\"article:publisher\" content=\"https:\/\/www.facebook.com\/people\/Ghostysky\/100057676170234\/\" \/>\n<meta property=\"article:modified_time\" content=\"2025-10-21T06:03:59+00:00\" \/>\n<meta property=\"og:image\" content=\"https:\/\/www.ghostysky.com\/wp-content\/uploads\/2025\/10\/GH_UFactory_Xarm5_1.png\" \/>\n\t<meta property=\"og:image:width\" content=\"2084\" \/>\n\t<meta property=\"og:image:height\" content=\"2084\" \/>\n\t<meta property=\"og:image:type\" content=\"image\/png\" \/>\n<meta name=\"twitter:card\" content=\"summary_large_image\" \/>\n<meta name=\"twitter:site\" content=\"@Gh0stysky\" \/>\n<meta name=\"twitter:label1\" content=\"Tempo estimado de leitura\" \/>\n\t<meta name=\"twitter:data1\" content=\"2 minutos\" \/>\n<script type=\"application\/ld+json\" class=\"yoast-schema-graph\">{\"@context\":\"https:\/\/schema.org\",\"@graph\":[{\"@type\":\"WebPage\",\"@id\":\"https:\/\/www.ghostysky.com\/product\/ufactory-xarm-5\/\",\"url\":\"https:\/\/www.ghostysky.com\/product\/ufactory-xarm-5\/\",\"name\":\"UFACTORY xArm 5 - Ghostysky\",\"isPartOf\":{\"@id\":\"https:\/\/www.ghostysky.com\/#website\"},\"primaryImageOfPage\":{\"@id\":\"https:\/\/www.ghostysky.com\/product\/ufactory-xarm-5\/#primaryimage\"},\"image\":{\"@id\":\"https:\/\/www.ghostysky.com\/product\/ufactory-xarm-5\/#primaryimage\"},\"thumbnailUrl\":\"https:\/\/www.ghostysky.com\/wp-content\/uploads\/2025\/10\/GH_UFactory_Xarm5_1.png\",\"datePublished\":\"2025-10-19T14:28:13+00:00\",\"dateModified\":\"2025-10-21T06:03:59+00:00\",\"description\":\"The UFACTORY xArm 5 is a cost-effective, high-precision 5-axis collaborative robotic arm designed to make industrial automation accessible.5 AxisPayload 3 kgReach 700 mmRepeatability 0.1 mmMax Speed 1000 mm\/s\",\"breadcrumb\":{\"@id\":\"https:\/\/www.ghostysky.com\/product\/ufactory-xarm-5\/#breadcrumb\"},\"inLanguage\":\"pt-PT\",\"potentialAction\":[{\"@type\":\"ReadAction\",\"target\":[\"https:\/\/www.ghostysky.com\/product\/ufactory-xarm-5\/\"]}]},{\"@type\":\"ImageObject\",\"inLanguage\":\"pt-PT\",\"@id\":\"https:\/\/www.ghostysky.com\/product\/ufactory-xarm-5\/#primaryimage\",\"url\":\"https:\/\/www.ghostysky.com\/wp-content\/uploads\/2025\/10\/GH_UFactory_Xarm5_1.png\",\"contentUrl\":\"https:\/\/www.ghostysky.com\/wp-content\/uploads\/2025\/10\/GH_UFactory_Xarm5_1.png\",\"width\":2084,\"height\":2084},{\"@type\":\"BreadcrumbList\",\"@id\":\"https:\/\/www.ghostysky.com\/product\/ufactory-xarm-5\/#breadcrumb\",\"itemListElement\":[{\"@type\":\"ListItem\",\"position\":1,\"name\":\"Home\",\"item\":\"https:\/\/www.ghostysky.com\/\"},{\"@type\":\"ListItem\",\"position\":2,\"name\":\"Shop\",\"item\":\"https:\/\/www.ghostysky.com\/shop\/\"},{\"@type\":\"ListItem\",\"position\":3,\"name\":\"UFACTORY xArm 5\"}]},{\"@type\":\"WebSite\",\"@id\":\"https:\/\/www.ghostysky.com\/#website\",\"url\":\"https:\/\/www.ghostysky.com\/\",\"name\":\"Ghostysky\",\"description\":\"Delivering professional drones and services\",\"publisher\":{\"@id\":\"https:\/\/www.ghostysky.com\/#organization\"},\"potentialAction\":[{\"@type\":\"SearchAction\",\"target\":{\"@type\":\"EntryPoint\",\"urlTemplate\":\"https:\/\/www.ghostysky.com\/?s={search_term_string}\"},\"query-input\":{\"@type\":\"PropertyValueSpecification\",\"valueRequired\":true,\"valueName\":\"search_term_string\"}}],\"inLanguage\":\"pt-PT\"},{\"@type\":\"Organization\",\"@id\":\"https:\/\/www.ghostysky.com\/#organization\",\"name\":\"Ghostysky\",\"url\":\"https:\/\/www.ghostysky.com\/\",\"logo\":{\"@type\":\"ImageObject\",\"inLanguage\":\"pt-PT\",\"@id\":\"https:\/\/www.ghostysky.com\/#\/schema\/logo\/image\/\",\"url\":\"https:\/\/www.ghostysky.com\/wp-content\/uploads\/2020\/06\/cropped-ghostyskylogo_text_white2.png\",\"contentUrl\":\"https:\/\/www.ghostysky.com\/wp-content\/uploads\/2020\/06\/cropped-ghostyskylogo_text_white2.png\",\"width\":169,\"height\":56,\"caption\":\"Ghostysky\"},\"image\":{\"@id\":\"https:\/\/www.ghostysky.com\/#\/schema\/logo\/image\/\"},\"sameAs\":[\"https:\/\/www.facebook.com\/people\/Ghostysky\/100057676170234\/\",\"https:\/\/x.com\/Gh0stysky\",\"https:\/\/www.linkedin.com\/company\/34739653\",\"https:\/\/www.instagram.com\/gh0stysky\"]}]}<\/script>\n<!-- \/ Yoast SEO plugin. -->","yoast_head_json":{"title":"UFACTORY xArm 5 - Ghostysky","description":"O UFACTORY xArm 5 \u00e9 um bra\u00e7o rob\u00f3tico colaborativo de 5 eixos, econ\u00f4mico e de alta precis\u00e3o, projetado para tornar a automa\u00e7\u00e3o industrial acess\u00edvel. 5 Eixos Carga \u00fatil 3 kg Alcance 700 mm Repetibilidade 0,1 mm Velocidade m\u00e1xima 1000 mm\/s","robots":{"index":"index","follow":"follow","max-snippet":"max-snippet:-1","max-image-preview":"max-image-preview:large","max-video-preview":"max-video-preview:-1"},"canonical":"https:\/\/www.ghostysky.com\/pt\/produto-2\/ufactory-xarm-5\/","og_locale":"pt_PT","og_type":"article","og_title":"UFACTORY xArm 5 - Ghostysky","og_description":"The UFACTORY xArm 5 is a cost-effective, high-precision 5-axis collaborative robotic arm designed to make industrial automation accessible.5 AxisPayload 3 kgReach 700 mmRepeatability 0.1 mmMax Speed 1000 mm\/s","og_url":"https:\/\/www.ghostysky.com\/pt\/produto-2\/ufactory-xarm-5\/","og_site_name":"Ghostysky","article_publisher":"https:\/\/www.facebook.com\/people\/Ghostysky\/100057676170234\/","article_modified_time":"2025-10-21T06:03:59+00:00","og_image":[{"width":2084,"height":2084,"url":"https:\/\/www.ghostysky.com\/wp-content\/uploads\/2025\/10\/GH_UFactory_Xarm5_1.png","type":"image\/png"}],"twitter_card":"summary_large_image","twitter_site":"@Gh0stysky","twitter_misc":{"Tempo estimado de leitura":"2 minutos"},"schema":{"@context":"https:\/\/schema.org","@graph":[{"@type":"WebPage","@id":"https:\/\/www.ghostysky.com\/product\/ufactory-xarm-5\/","url":"https:\/\/www.ghostysky.com\/product\/ufactory-xarm-5\/","name":"UFACTORY xArm 5 - Ghostysky","isPartOf":{"@id":"https:\/\/www.ghostysky.com\/#website"},"primaryImageOfPage":{"@id":"https:\/\/www.ghostysky.com\/product\/ufactory-xarm-5\/#primaryimage"},"image":{"@id":"https:\/\/www.ghostysky.com\/product\/ufactory-xarm-5\/#primaryimage"},"thumbnailUrl":"https:\/\/www.ghostysky.com\/wp-content\/uploads\/2025\/10\/GH_UFactory_Xarm5_1.png","datePublished":"2025-10-19T14:28:13+00:00","dateModified":"2025-10-21T06:03:59+00:00","description":"O UFACTORY xArm 5 \u00e9 um bra\u00e7o rob\u00f3tico colaborativo de 5 eixos, econ\u00f4mico e de alta precis\u00e3o, projetado para tornar a automa\u00e7\u00e3o industrial acess\u00edvel. 5 Eixos Carga \u00fatil 3 kg Alcance 700 mm Repetibilidade 0,1 mm Velocidade m\u00e1xima 1000 mm\/s","breadcrumb":{"@id":"https:\/\/www.ghostysky.com\/product\/ufactory-xarm-5\/#breadcrumb"},"inLanguage":"pt-PT","potentialAction":[{"@type":"ReadAction","target":["https:\/\/www.ghostysky.com\/product\/ufactory-xarm-5\/"]}]},{"@type":"ImageObject","inLanguage":"pt-PT","@id":"https:\/\/www.ghostysky.com\/product\/ufactory-xarm-5\/#primaryimage","url":"https:\/\/www.ghostysky.com\/wp-content\/uploads\/2025\/10\/GH_UFactory_Xarm5_1.png","contentUrl":"https:\/\/www.ghostysky.com\/wp-content\/uploads\/2025\/10\/GH_UFactory_Xarm5_1.png","width":2084,"height":2084},{"@type":"BreadcrumbList","@id":"https:\/\/www.ghostysky.com\/product\/ufactory-xarm-5\/#breadcrumb","itemListElement":[{"@type":"ListItem","position":1,"name":"Home","item":"https:\/\/www.ghostysky.com\/"},{"@type":"ListItem","position":2,"name":"Shop","item":"https:\/\/www.ghostysky.com\/shop\/"},{"@type":"ListItem","position":3,"name":"UFACTORY xArm 5"}]},{"@type":"WebSite","@id":"https:\/\/www.ghostysky.com\/#website","url":"https:\/\/www.ghostysky.com\/","name":"Ghostysky","description":"Fornecendo drones e servi\u00e7os profissionais","publisher":{"@id":"https:\/\/www.ghostysky.com\/#organization"},"potentialAction":[{"@type":"SearchAction","target":{"@type":"EntryPoint","urlTemplate":"https:\/\/www.ghostysky.com\/?s={search_term_string}"},"query-input":{"@type":"PropertyValueSpecification","valueRequired":true,"valueName":"search_term_string"}}],"inLanguage":"pt-PT"},{"@type":"Organization","@id":"https:\/\/www.ghostysky.com\/#organization","name":"Ghostysky","url":"https:\/\/www.ghostysky.com\/","logo":{"@type":"ImageObject","inLanguage":"pt-PT","@id":"https:\/\/www.ghostysky.com\/#\/schema\/logo\/image\/","url":"https:\/\/www.ghostysky.com\/wp-content\/uploads\/2020\/06\/cropped-ghostyskylogo_text_white2.png","contentUrl":"https:\/\/www.ghostysky.com\/wp-content\/uploads\/2020\/06\/cropped-ghostyskylogo_text_white2.png","width":169,"height":56,"caption":"Ghostysky"},"image":{"@id":"https:\/\/www.ghostysky.com\/#\/schema\/logo\/image\/"},"sameAs":["https:\/\/www.facebook.com\/people\/Ghostysky\/100057676170234\/","https:\/\/x.com\/Gh0stysky","https:\/\/www.linkedin.com\/company\/34739653","https:\/\/www.instagram.com\/gh0stysky"]}]}},"_links":{"self":[{"href":"https:\/\/www.ghostysky.com\/pt\/wp-json\/wp\/v2\/product\/22050","targetHints":{"allow":["GET"]}}],"collection":[{"href":"https:\/\/www.ghostysky.com\/pt\/wp-json\/wp\/v2\/product"}],"about":[{"href":"https:\/\/www.ghostysky.com\/pt\/wp-json\/wp\/v2\/types\/product"}],"replies":[{"embeddable":true,"href":"https:\/\/www.ghostysky.com\/pt\/wp-json\/wp\/v2\/comments?post=22050"}],"wp:featuredmedia":[{"embeddable":true,"href":"https:\/\/www.ghostysky.com\/pt\/wp-json\/wp\/v2\/media\/22055"}],"wp:attachment":[{"href":"https:\/\/www.ghostysky.com\/pt\/wp-json\/wp\/v2\/media?parent=22050"}],"wp:term":[{"taxonomy":"product_brand","embeddable":true,"href":"https:\/\/www.ghostysky.com\/pt\/wp-json\/wp\/v2\/product_brand?post=22050"},{"taxonomy":"product_cat","embeddable":true,"href":"https:\/\/www.ghostysky.com\/pt\/wp-json\/wp\/v2\/product_cat?post=22050"},{"taxonomy":"product_tag","embeddable":true,"href":"https:\/\/www.ghostysky.com\/pt\/wp-json\/wp\/v2\/product_tag?post=22050"}],"curies":[{"name":"wp","href":"https:\/\/api.w.org\/{rel}","templated":true}]}}