{"id":22108,"date":"2025-10-20T15:26:35","date_gmt":"2025-10-20T15:26:35","guid":{"rendered":"https:\/\/www.ghostysky.com\/?post_type=product&#038;p=22108"},"modified":"2025-10-20T16:06:17","modified_gmt":"2025-10-20T16:06:17","slug":"ufactory-xarm-6","status":"publish","type":"product","link":"https:\/\/www.ghostysky.com\/pt\/product\/ufactory-xarm-6\/","title":{"rendered":"UFACTORY xArm 6"},"content":{"rendered":"<h4>Caracter\u00edsticas principais<\/h4>\n<ul>\n<li><b>Desempenho profissional:<\/b><span class=\"citation-1542\"> Ostentando um <\/span><b><span class=\"citation-1542\">Capacidade de carga \u00fatil de 5 kg<\/span><\/b><span class=\"citation-1542 citation-end-1542\"> e um impressionante <sup class=\"superscript\" data-turn-source-index=\"2\">2<\/sup><\/span><b><span class=\"math-inline\" data-math=\"\\pm 0.1 \\text{ mm}\">$\\pm 0,1 \\texto{ mm}$<\/span><span class=\"citation-1541\"> repetibilidade<\/span><\/b><span class=\"citation-1541 citation-end-1541\">, o xArm 6 oferece a precis\u00e3o e a resist\u00eancia necess\u00e1rias para tarefas industriais exigentes.<\/span><\/li>\n<li><b><span class=\"citation-1540\">Alcance e liberdade estendidos:<\/span><\/b><span class=\"citation-1540\"> Com <\/span><b><span class=\"citation-1540\">6 graus de liberdade (DoF)<\/span><\/b><span class=\"citation-1540\"> e um <\/span><b><span class=\"citation-1540\">Alcance de 700 mm<\/span><\/b><span class=\"citation-1540 citation-end-1540\">, oferece um grande envelope de trabalho e flexibilidade para manobras complexas no espa\u00e7o cartesiano, ideal para montagem, inspe\u00e7\u00e3o e manuten\u00e7\u00e3o de m\u00e1quinas.<\/span><\/li>\n<li><b><span class=\"citation-1539\">Constru\u00e7\u00e3o leve e dur\u00e1vel:<\/span><\/b><span class=\"citation-1539\"> Feito de <\/span><b><span class=\"citation-1539\">fibra de carbono e alum\u00ednio<\/span><\/b><span class=\"citation-1539 citation-end-1539\">, o bra\u00e7o do rob\u00f4 \u00e9 leve (aprox.<sup class=\"superscript\" data-turn-source-index=\"5\">5<\/sup><\/span> <span class=\"math-inline\" data-math=\"12.2 \\text{ kg}\">$12.2 \\texto{ kg}$<\/span><span class=\"citation-1538 citation-end-1538\">), facilitando a implanta\u00e7\u00e3o e reimplanta\u00e7\u00e3o em diferentes esta\u00e7\u00f5es de trabalho ou linhas de produ\u00e7\u00e3o.<\/span><\/li>\n<li><b><span class=\"citation-1537\">Ecossistema de software intuitivo:<\/span><\/b><span class=\"citation-1537\"> O xArm 6 integra-se perfeitamente com <\/span><b><span class=\"citation-1537\">Est\u00fadio UFACTORY<\/span><\/b><span class=\"citation-1537\">, um totalmente <\/span><b><span class=\"citation-1537\">Interface gr\u00e1fica do usu\u00e1rio (GUI)<\/span><\/b><span class=\"citation-1537 citation-end-1537\"> plataforma que simplifica drasticamente a programa\u00e7\u00e3o por meio de recursos como arrastar e soltar e modo de ensino manual.<\/span><\/li>\n<li><b><span class=\"citation-1536\">Opera\u00e7\u00e3o de alta velocidade:<\/span><\/b><span class=\"citation-1536 citation-end-1536\"> Capaz de uma velocidade m\u00e1xima de <sup class=\"superscript\" data-turn-source-index=\"8\">8<\/sup><\/span><b><span class=\"math-inline\" data-math=\"1 \\text{ m\/s}\">$1 \\texto{ m\/s}$<\/span><\/b><span class=\"citation-1535 citation-end-1535\">, ele mant\u00e9m alto rendimento para opera\u00e7\u00f5es r\u00e1pidas, como pick-and-place.<\/span><\/li>\n<li><b>Flexibilidade de c\u00f3digo aberto:<\/b><span class=\"citation-1534\"> Ele suporta integra\u00e7\u00e3o flex\u00edvel com um robusto e <\/span><b><span class=\"citation-1534\">SDK de c\u00f3digo aberto<\/span><\/b><span class=\"citation-1534\"> compat\u00edvel com <\/span><b><span class=\"citation-1534\">Python, C++, ROS e ROS2<\/span><\/b><span class=\"citation-1534 citation-end-1534\">, permitindo que engenheiros e pesquisadores desenvolvam solu\u00e7\u00f5es de automa\u00e7\u00e3o avan\u00e7adas e personalizadas.<\/span><\/li>\n<li><b>Ampla adequa\u00e7\u00e3o \u00e0 aplica\u00e7\u00e3o:<\/b> Projetado para confiabilidade e seguran\u00e7a, suas principais aplica\u00e7\u00f5es incluem:\n<ul>\n<li><b>Escolha e coloque<\/b> e movimenta\u00e7\u00e3o de materiais<\/li>\n<li><b><span class=\"citation-1533\">Conjunto<\/span><\/b><span class=\"citation-1533 citation-end-1533\"> e atendimento de m\u00e1quinas<\/span><\/li>\n<li><b><span class=\"citation-1532\">Digitaliza\u00e7\u00e3o 3D<\/span><\/b><span class=\"citation-1532 citation-end-1532\"> e Inspe\u00e7\u00e3o de Qualidade (com sistemas de vis\u00e3o)<\/span><\/li>\n<li><b><span class=\"citation-1531\">Polimento, Rebarba\u00e7\u00e3o, Corte<\/span><\/b><span class=\"citation-1531 citation-end-1531\">, e outros processos de fabrica\u00e7\u00e3o.<\/span><\/li>\n<\/ul>\n<\/li>\n<li><b>Seguran\u00e7a Colaborativa:<\/b><span class=\"citation-1530\"> O xArm 6 inclui <\/span><b><span class=\"citation-1530\">detec\u00e7\u00e3o de colis\u00e3o<\/span><\/b><span class=\"citation-1530 citation-end-1530\"> e foi criado para operar com seguran\u00e7a ao lado de trabalhadores humanos em um ambiente colaborativo.<\/span><\/li>\n<\/ul>\n<p>O UFACTORY xArm 6 \u00e9 a solu\u00e7\u00e3o perfeita para empresas e laborat\u00f3rios de pesquisa que buscam ampliar seus esfor\u00e7os de automa\u00e7\u00e3o com um bra\u00e7o rob\u00f3tico confi\u00e1vel, preciso e f\u00e1cil de usar.<\/p>","protected":false},"excerpt":{"rendered":"<p><span class=\"citation-1543\">O UFACTORY <\/span><b><span class=\"citation-1543\">xArm 6<\/span><\/b><span class=\"citation-1543\"> \u00e9 um vers\u00e1til e de alto desempenho <\/span><b><span class=\"citation-1543\">Bra\u00e7o rob\u00f3tico colaborativo de 6 eixos (cobot)<\/span><\/b><span class=\"citation-1543 citation-end-1543\">, projetado para levar desempenho de automa\u00e7\u00e3o industrial a uma ampla gama de aplica\u00e7\u00f5es a um pre\u00e7o competitivo.<\/span><\/p>\n<ul>\n<li>Carga \u00fatil 5 kg<\/li>\n<li>Alcance 700 mm<\/li>\n<li>Repetibilidade 0,1 mm<\/li>\n<li>Velocidade m\u00e1xima 1000 mm\/s<\/li>\n<\/ul>","protected":false},"featured_media":22055,"comment_status":"open","ping_status":"closed","template":"","meta":[],"product_brand":[1148],"product_cat":[1037,1145,1146],"product_tag":[1149,1151,1153],"class_list":{"0":"post-22108","1":"product","2":"type-product","3":"status-publish","4":"has-post-thumbnail","6":"product_brand-ufactory","7":"product_cat-robotics","8":"product_cat-ufactory","9":"product_cat-arms","10":"product_tag-ufactory","11":"product_tag-ufactory-arm","12":"product_tag-ufactory-xarm6","14":"first","15":"onbackorder","16":"taxable","17":"shipping-taxable","18":"purchasable","19":"product-type-simple"},"yoast_head":"<!-- This site is optimized with the Yoast SEO plugin v27.1.1 - https:\/\/yoast.com\/product\/yoast-seo-wordpress\/ -->\n<title>UFACTORY xArm 6 - Ghostysky<\/title>\n<meta name=\"description\" content=\"The UFACTORY xArm 6 is a versatile and high-performance 6-axis collaborative robotic arm (cobot), engineered to bring industrial automation performance to a wide range of applications at a competitive price point.Payload 5 kgReach 700 mmRepeatability 0.1 mmMax Speed 1000 mm\/s\" \/>\n<meta name=\"robots\" content=\"index, follow, max-snippet:-1, max-image-preview:large, max-video-preview:-1\" \/>\n<link rel=\"canonical\" href=\"https:\/\/www.ghostysky.com\/pt\/produto-2\/ufactory-xarm-6\/\" \/>\n<meta property=\"og:locale\" content=\"pt_PT\" \/>\n<meta property=\"og:type\" content=\"article\" \/>\n<meta property=\"og:title\" content=\"UFACTORY xArm 6 - Ghostysky\" \/>\n<meta property=\"og:description\" content=\"The UFACTORY xArm 6 is a versatile and high-performance 6-axis collaborative robotic arm (cobot), engineered to bring industrial automation performance to a wide range of applications at a competitive price point.Payload 5 kgReach 700 mmRepeatability 0.1 mmMax Speed 1000 mm\/s\" \/>\n<meta property=\"og:url\" content=\"https:\/\/www.ghostysky.com\/pt\/produto-2\/ufactory-xarm-6\/\" \/>\n<meta property=\"og:site_name\" content=\"Ghostysky\" \/>\n<meta property=\"article:publisher\" content=\"https:\/\/www.facebook.com\/people\/Ghostysky\/100057676170234\/\" \/>\n<meta property=\"article:modified_time\" content=\"2025-10-20T16:06:17+00:00\" \/>\n<meta property=\"og:image\" content=\"https:\/\/www.ghostysky.com\/wp-content\/uploads\/2025\/10\/GH_UFactory_Xarm5_1.png\" \/>\n\t<meta property=\"og:image:width\" content=\"2084\" \/>\n\t<meta property=\"og:image:height\" content=\"2084\" \/>\n\t<meta property=\"og:image:type\" content=\"image\/png\" \/>\n<meta name=\"twitter:card\" content=\"summary_large_image\" \/>\n<meta name=\"twitter:site\" content=\"@Gh0stysky\" \/>\n<meta name=\"twitter:label1\" content=\"Tempo estimado de leitura\" \/>\n\t<meta name=\"twitter:data1\" content=\"2 minutos\" \/>\n<script type=\"application\/ld+json\" class=\"yoast-schema-graph\">{\"@context\":\"https:\/\/schema.org\",\"@graph\":[{\"@type\":\"WebPage\",\"@id\":\"https:\/\/www.ghostysky.com\/product\/ufactory-xarm-6\/\",\"url\":\"https:\/\/www.ghostysky.com\/product\/ufactory-xarm-6\/\",\"name\":\"UFACTORY xArm 6 - Ghostysky\",\"isPartOf\":{\"@id\":\"https:\/\/www.ghostysky.com\/#website\"},\"primaryImageOfPage\":{\"@id\":\"https:\/\/www.ghostysky.com\/product\/ufactory-xarm-6\/#primaryimage\"},\"image\":{\"@id\":\"https:\/\/www.ghostysky.com\/product\/ufactory-xarm-6\/#primaryimage\"},\"thumbnailUrl\":\"https:\/\/www.ghostysky.com\/wp-content\/uploads\/2025\/10\/GH_UFactory_Xarm5_1.png\",\"datePublished\":\"2025-10-20T15:26:35+00:00\",\"dateModified\":\"2025-10-20T16:06:17+00:00\",\"description\":\"The UFACTORY xArm 6 is a versatile and high-performance 6-axis collaborative robotic arm (cobot), engineered to bring industrial automation performance to a wide range of applications at a competitive price point.Payload 5 kgReach 700 mmRepeatability 0.1 mmMax Speed 1000 mm\/s\",\"breadcrumb\":{\"@id\":\"https:\/\/www.ghostysky.com\/product\/ufactory-xarm-6\/#breadcrumb\"},\"inLanguage\":\"pt-PT\",\"potentialAction\":[{\"@type\":\"ReadAction\",\"target\":[\"https:\/\/www.ghostysky.com\/product\/ufactory-xarm-6\/\"]}]},{\"@type\":\"ImageObject\",\"inLanguage\":\"pt-PT\",\"@id\":\"https:\/\/www.ghostysky.com\/product\/ufactory-xarm-6\/#primaryimage\",\"url\":\"https:\/\/www.ghostysky.com\/wp-content\/uploads\/2025\/10\/GH_UFactory_Xarm5_1.png\",\"contentUrl\":\"https:\/\/www.ghostysky.com\/wp-content\/uploads\/2025\/10\/GH_UFactory_Xarm5_1.png\",\"width\":2084,\"height\":2084},{\"@type\":\"BreadcrumbList\",\"@id\":\"https:\/\/www.ghostysky.com\/product\/ufactory-xarm-6\/#breadcrumb\",\"itemListElement\":[{\"@type\":\"ListItem\",\"position\":1,\"name\":\"Home\",\"item\":\"https:\/\/www.ghostysky.com\/\"},{\"@type\":\"ListItem\",\"position\":2,\"name\":\"Shop\",\"item\":\"https:\/\/www.ghostysky.com\/shop\/\"},{\"@type\":\"ListItem\",\"position\":3,\"name\":\"UFACTORY xArm 6\"}]},{\"@type\":\"WebSite\",\"@id\":\"https:\/\/www.ghostysky.com\/#website\",\"url\":\"https:\/\/www.ghostysky.com\/\",\"name\":\"Ghostysky\",\"description\":\"Delivering professional drones and services\",\"publisher\":{\"@id\":\"https:\/\/www.ghostysky.com\/#organization\"},\"potentialAction\":[{\"@type\":\"SearchAction\",\"target\":{\"@type\":\"EntryPoint\",\"urlTemplate\":\"https:\/\/www.ghostysky.com\/?s={search_term_string}\"},\"query-input\":{\"@type\":\"PropertyValueSpecification\",\"valueRequired\":true,\"valueName\":\"search_term_string\"}}],\"inLanguage\":\"pt-PT\"},{\"@type\":\"Organization\",\"@id\":\"https:\/\/www.ghostysky.com\/#organization\",\"name\":\"Ghostysky\",\"url\":\"https:\/\/www.ghostysky.com\/\",\"logo\":{\"@type\":\"ImageObject\",\"inLanguage\":\"pt-PT\",\"@id\":\"https:\/\/www.ghostysky.com\/#\/schema\/logo\/image\/\",\"url\":\"https:\/\/www.ghostysky.com\/wp-content\/uploads\/2020\/06\/cropped-ghostyskylogo_text_white2.png\",\"contentUrl\":\"https:\/\/www.ghostysky.com\/wp-content\/uploads\/2020\/06\/cropped-ghostyskylogo_text_white2.png\",\"width\":169,\"height\":56,\"caption\":\"Ghostysky\"},\"image\":{\"@id\":\"https:\/\/www.ghostysky.com\/#\/schema\/logo\/image\/\"},\"sameAs\":[\"https:\/\/www.facebook.com\/people\/Ghostysky\/100057676170234\/\",\"https:\/\/x.com\/Gh0stysky\",\"https:\/\/www.linkedin.com\/company\/34739653\",\"https:\/\/www.instagram.com\/gh0stysky\"]}]}<\/script>\n<!-- \/ Yoast SEO plugin. -->","yoast_head_json":{"title":"UFACTORY xArm 6 - Ghostysky","description":"O UFACTORY xArm 6 \u00e9 um bra\u00e7o rob\u00f3tico colaborativo de 6 eixos (cobot) vers\u00e1til e de alto desempenho, projetado para levar o desempenho da automa\u00e7\u00e3o industrial a uma ampla gama de aplica\u00e7\u00f5es a um pre\u00e7o competitivo. Carga \u00fatil 5 kg Alcance 700 mm Repetibilidade 0,1 mm Velocidade m\u00e1xima 1000 mm\/s","robots":{"index":"index","follow":"follow","max-snippet":"max-snippet:-1","max-image-preview":"max-image-preview:large","max-video-preview":"max-video-preview:-1"},"canonical":"https:\/\/www.ghostysky.com\/pt\/produto-2\/ufactory-xarm-6\/","og_locale":"pt_PT","og_type":"article","og_title":"UFACTORY xArm 6 - Ghostysky","og_description":"The UFACTORY xArm 6 is a versatile and high-performance 6-axis collaborative robotic arm (cobot), engineered to bring industrial automation performance to a wide range of applications at a competitive price point.Payload 5 kgReach 700 mmRepeatability 0.1 mmMax Speed 1000 mm\/s","og_url":"https:\/\/www.ghostysky.com\/pt\/produto-2\/ufactory-xarm-6\/","og_site_name":"Ghostysky","article_publisher":"https:\/\/www.facebook.com\/people\/Ghostysky\/100057676170234\/","article_modified_time":"2025-10-20T16:06:17+00:00","og_image":[{"width":2084,"height":2084,"url":"https:\/\/www.ghostysky.com\/wp-content\/uploads\/2025\/10\/GH_UFactory_Xarm5_1.png","type":"image\/png"}],"twitter_card":"summary_large_image","twitter_site":"@Gh0stysky","twitter_misc":{"Tempo estimado de leitura":"2 minutos"},"schema":{"@context":"https:\/\/schema.org","@graph":[{"@type":"WebPage","@id":"https:\/\/www.ghostysky.com\/product\/ufactory-xarm-6\/","url":"https:\/\/www.ghostysky.com\/product\/ufactory-xarm-6\/","name":"UFACTORY xArm 6 - Ghostysky","isPartOf":{"@id":"https:\/\/www.ghostysky.com\/#website"},"primaryImageOfPage":{"@id":"https:\/\/www.ghostysky.com\/product\/ufactory-xarm-6\/#primaryimage"},"image":{"@id":"https:\/\/www.ghostysky.com\/product\/ufactory-xarm-6\/#primaryimage"},"thumbnailUrl":"https:\/\/www.ghostysky.com\/wp-content\/uploads\/2025\/10\/GH_UFactory_Xarm5_1.png","datePublished":"2025-10-20T15:26:35+00:00","dateModified":"2025-10-20T16:06:17+00:00","description":"O UFACTORY xArm 6 \u00e9 um bra\u00e7o rob\u00f3tico colaborativo de 6 eixos (cobot) vers\u00e1til e de alto desempenho, projetado para levar o desempenho da automa\u00e7\u00e3o industrial a uma ampla gama de aplica\u00e7\u00f5es a um pre\u00e7o competitivo. Carga \u00fatil 5 kg Alcance 700 mm Repetibilidade 0,1 mm Velocidade m\u00e1xima 1000 mm\/s","breadcrumb":{"@id":"https:\/\/www.ghostysky.com\/product\/ufactory-xarm-6\/#breadcrumb"},"inLanguage":"pt-PT","potentialAction":[{"@type":"ReadAction","target":["https:\/\/www.ghostysky.com\/product\/ufactory-xarm-6\/"]}]},{"@type":"ImageObject","inLanguage":"pt-PT","@id":"https:\/\/www.ghostysky.com\/product\/ufactory-xarm-6\/#primaryimage","url":"https:\/\/www.ghostysky.com\/wp-content\/uploads\/2025\/10\/GH_UFactory_Xarm5_1.png","contentUrl":"https:\/\/www.ghostysky.com\/wp-content\/uploads\/2025\/10\/GH_UFactory_Xarm5_1.png","width":2084,"height":2084},{"@type":"BreadcrumbList","@id":"https:\/\/www.ghostysky.com\/product\/ufactory-xarm-6\/#breadcrumb","itemListElement":[{"@type":"ListItem","position":1,"name":"Home","item":"https:\/\/www.ghostysky.com\/"},{"@type":"ListItem","position":2,"name":"Shop","item":"https:\/\/www.ghostysky.com\/shop\/"},{"@type":"ListItem","position":3,"name":"UFACTORY xArm 6"}]},{"@type":"WebSite","@id":"https:\/\/www.ghostysky.com\/#website","url":"https:\/\/www.ghostysky.com\/","name":"Ghostysky","description":"Fornecendo drones e servi\u00e7os profissionais","publisher":{"@id":"https:\/\/www.ghostysky.com\/#organization"},"potentialAction":[{"@type":"SearchAction","target":{"@type":"EntryPoint","urlTemplate":"https:\/\/www.ghostysky.com\/?s={search_term_string}"},"query-input":{"@type":"PropertyValueSpecification","valueRequired":true,"valueName":"search_term_string"}}],"inLanguage":"pt-PT"},{"@type":"Organization","@id":"https:\/\/www.ghostysky.com\/#organization","name":"Ghostysky","url":"https:\/\/www.ghostysky.com\/","logo":{"@type":"ImageObject","inLanguage":"pt-PT","@id":"https:\/\/www.ghostysky.com\/#\/schema\/logo\/image\/","url":"https:\/\/www.ghostysky.com\/wp-content\/uploads\/2020\/06\/cropped-ghostyskylogo_text_white2.png","contentUrl":"https:\/\/www.ghostysky.com\/wp-content\/uploads\/2020\/06\/cropped-ghostyskylogo_text_white2.png","width":169,"height":56,"caption":"Ghostysky"},"image":{"@id":"https:\/\/www.ghostysky.com\/#\/schema\/logo\/image\/"},"sameAs":["https:\/\/www.facebook.com\/people\/Ghostysky\/100057676170234\/","https:\/\/x.com\/Gh0stysky","https:\/\/www.linkedin.com\/company\/34739653","https:\/\/www.instagram.com\/gh0stysky"]}]}},"_links":{"self":[{"href":"https:\/\/www.ghostysky.com\/pt\/wp-json\/wp\/v2\/product\/22108","targetHints":{"allow":["GET"]}}],"collection":[{"href":"https:\/\/www.ghostysky.com\/pt\/wp-json\/wp\/v2\/product"}],"about":[{"href":"https:\/\/www.ghostysky.com\/pt\/wp-json\/wp\/v2\/types\/product"}],"replies":[{"embeddable":true,"href":"https:\/\/www.ghostysky.com\/pt\/wp-json\/wp\/v2\/comments?post=22108"}],"wp:featuredmedia":[{"embeddable":true,"href":"https:\/\/www.ghostysky.com\/pt\/wp-json\/wp\/v2\/media\/22055"}],"wp:attachment":[{"href":"https:\/\/www.ghostysky.com\/pt\/wp-json\/wp\/v2\/media?parent=22108"}],"wp:term":[{"taxonomy":"product_brand","embeddable":true,"href":"https:\/\/www.ghostysky.com\/pt\/wp-json\/wp\/v2\/product_brand?post=22108"},{"taxonomy":"product_cat","embeddable":true,"href":"https:\/\/www.ghostysky.com\/pt\/wp-json\/wp\/v2\/product_cat?post=22108"},{"taxonomy":"product_tag","embeddable":true,"href":"https:\/\/www.ghostysky.com\/pt\/wp-json\/wp\/v2\/product_tag?post=22108"}],"curies":[{"name":"wp","href":"https:\/\/api.w.org\/{rel}","templated":true}]}}