{"id":22112,"date":"2025-10-20T15:43:47","date_gmt":"2025-10-20T15:43:47","guid":{"rendered":"https:\/\/www.ghostysky.com\/?post_type=product&#038;p=22112"},"modified":"2025-10-20T15:54:35","modified_gmt":"2025-10-20T15:54:35","slug":"ufactory-xarm-7","status":"publish","type":"product","link":"https:\/\/www.ghostysky.com\/pt\/product\/ufactory-xarm-7\/","title":{"rendered":"UFACTORY xArm 7"},"content":{"rendered":"<h4><b>Caracter\u00edsticas principais<\/b><\/h4>\n<ul>\n<li><b>Flexibilidade e alcance excepcionais:<\/b><span class=\"citation-1566 citation-end-1566\"> O design de 7 eixos, com articula\u00e7\u00f5es redundantes, garante ao xArm 7 destreza semelhante \u00e0 humana e maior capacidade de manobra, tornando-o perfeito para navegar em espa\u00e7os de trabalho confinados e executar caminhos complexos.<sup class=\"superscript\" data-turn-source-index=\"2\">2<\/sup><\/span> <span class=\"citation-1565\">Oferece um <\/span><b><span class=\"citation-1565\">Alcance de 700 mm<\/span><\/b><span class=\"citation-1565 citation-end-1565\">.<\/span><\/li>\n<li><b>Desempenho de alta precis\u00e3o:<\/b><span class=\"citation-1564\"> Ele ostenta um <\/span><b><span class=\"citation-1564\">Carga \u00fatil de 3,5 kg<\/span><\/b><span class=\"citation-1564 citation-end-1564\"> capacidade e um aperto <sup class=\"superscript\" data-turn-source-index=\"4\">4<\/sup><\/span><b><span class=\"math-inline\" data-math=\"\\pm 0.1\">$\\pm 0,1$<\/span><span class=\"citation-1563\"> repetibilidade mm<\/span><\/b><span class=\"citation-1563 citation-end-1563\">, permitindo que ele execute tarefas precisas e exigentes, como montagens complexas, manuten\u00e7\u00e3o de m\u00e1quinas e controle de qualidade.<\/span><\/li>\n<li><b>Ideal para Pesquisa:<\/b><span class=\"citation-1562\"> Sua flexibilidade aprimorada e plataforma aberta o tornam uma ferramenta inestim\u00e1vel para campos de ponta, como <\/span><b><span class=\"citation-1562\">Pesquisa em IA<\/span><\/b><span class=\"citation-1562\"> e <\/span><b><span class=\"citation-1562\">Vis\u00e3o Computacional (VC)<\/span><\/b><span class=\"citation-1562 citation-end-1562\"> desenvolvimento.<\/span><\/li>\n<li><b><span class=\"citation-1561\">Programa\u00e7\u00e3o amig\u00e1vel ao usu\u00e1rio:<\/span><\/b><span class=\"citation-1561\"> A programa\u00e7\u00e3o \u00e9 simplificada e acess\u00edvel com <\/span><b><span class=\"citation-1561\">Est\u00fadio xArm<\/span><\/b><span class=\"citation-1561 citation-end-1561\">, uma plataforma totalmente de interface gr\u00e1fica do usu\u00e1rio (GUI).<sup class=\"superscript\" data-turn-source-index=\"7\">7<\/sup><\/span> <span class=\"citation-1560\">Os usu\u00e1rios podem programar sem escrever c\u00f3digo usando <\/span><b><span class=\"citation-1560\">ensino manual<\/span><\/b><span class=\"citation-1560 citation-end-1560\"> (movendo fisicamente o bra\u00e7o) ou arrastando e soltando blocos para criar rotinas complexas em minutos.<\/span><\/li>\n<li><b><span class=\"citation-1559\">C\u00f3digo aberto e multiplataforma:<\/span><\/b><span class=\"citation-1559\"> Para os desenvolvedores, o <\/span><b><span class=\"citation-1559\">SDK xArm<\/span><\/b><span class=\"citation-1559\"> inclui suporte para <\/span><b><span class=\"citation-1559\">Python, ROS e C++<\/span><\/b><span class=\"citation-1559 citation-end-1559\">, oferecendo m\u00e1xima flexibilidade para integra\u00e7\u00e3o.<sup class=\"superscript\" data-turn-source-index=\"9\">9<\/sup><\/span> <span class=\"citation-1558\">O xArm Studio \u00e9 compat\u00edvel com v\u00e1rios sistemas operacionais, incluindo <\/span><b><span class=\"citation-1558\">macOS, iOS, Windows e Android<\/span><\/b><span class=\"citation-1558 citation-end-1558\">.<\/span><\/li>\n<li><b>Constru\u00e7\u00e3o de n\u00edvel industrial:<\/b><span class=\"citation-1557\"> Feito de <\/span><b><span class=\"citation-1557\">Fibra de carbono<\/span><\/b><span class=\"citation-1557\"> e apresentando um redutor harm\u00f4nico integrado, servo sem escovas e codificador absoluto multivoltas de 17 bits, o xArm 7 foi desenvolvido para durabilidade e aplica\u00e7\u00f5es precisas e confi\u00e1veis de longo prazo com uma velocidade m\u00e1xima de <\/span><b><span class=\"citation-1557\">1 m\/s<\/span><\/b><span class=\"citation-1557 citation-end-1557\">.<\/span><\/li>\n<li><b>Seguran\u00e7a em primeiro lugar:<\/b><span class=\"citation-1556\"> Equipado com <\/span><b><span class=\"citation-1556\">detec\u00e7\u00e3o de colis\u00e3o<\/span><\/b><span class=\"citation-1556 citation-end-1556\">, o xArm 7 para imediatamente em caso de colis\u00e3o acidental, garantindo a seguran\u00e7a em ambientes colaborativos.<\/span><\/li>\n<\/ul>\n<p>Se voc\u00ea precisa de uma plataforma vers\u00e1til para pesquisa acad\u00eamica em rob\u00f3tica ou de um colega de trabalho habilidoso para automa\u00e7\u00e3o industrial sofisticada, o UFACTORY xArm 7 oferece desempenho profissional a um pre\u00e7o acess\u00edvel.<\/p>","protected":false},"excerpt":{"rendered":"<p><span class=\"citation-1567\">O UFACTORY <\/span><b><span class=\"citation-1567\">xArm 7<\/span><\/b><span class=\"citation-1567 citation-end-1567\"> \u00e9 um rob\u00f4 colaborativo altamente flex\u00edvel, semelhante ao humano, com 7 graus de liberdade (DoF), projetado para pesquisa avan\u00e7ada, automa\u00e7\u00e3o complexa e aplica\u00e7\u00f5es industriais complexas.<\/span><\/p>\n<ul>\n<li>6 Eixos<\/li>\n<li>Carga \u00fatil 3,5 kg<\/li>\n<li>Alcance 700 mm<\/li>\n<li>Repetibilidade 0,1 mm<\/li>\n<li>Velocidade m\u00e1xima 1000 mm\/s<\/li>\n<\/ul>","protected":false},"featured_media":22055,"comment_status":"open","ping_status":"closed","template":"","meta":[],"product_brand":[1148],"product_cat":[1037,1145,1146],"product_tag":[1149,1151,1154],"class_list":{"0":"post-22112","1":"product","2":"type-product","3":"status-publish","4":"has-post-thumbnail","6":"product_brand-ufactory","7":"product_cat-robotics","8":"product_cat-ufactory","9":"product_cat-arms","10":"product_tag-ufactory","11":"product_tag-ufactory-arm","12":"product_tag-ufactory-xarm7","14":"first","15":"onbackorder","16":"taxable","17":"shipping-taxable","18":"purchasable","19":"product-type-simple"},"yoast_head":"<!-- This site is optimized with the Yoast SEO plugin v27.4 - https:\/\/yoast.com\/product\/yoast-seo-wordpress\/ -->\n<title>UFACTORY xArm 7 - Ghostysky<\/title>\n<meta name=\"description\" content=\"The UFACTORY xArm 7 is a highly flexible, human-like, 7-Degrees-of-Freedom (DoF) collaborative robot designed for advanced research, intricate automation, and complex industrial applications.6 AxisPayload 3.5 kgReach 700 mmRepeatability 0.1 mmMax Speed 1000 mm\/s\" \/>\n<meta name=\"robots\" content=\"index, follow, max-snippet:-1, max-image-preview:large, max-video-preview:-1\" \/>\n<link rel=\"canonical\" href=\"https:\/\/www.ghostysky.com\/pt\/produto-2\/ufactory-xarm-7\/\" \/>\n<meta property=\"og:locale\" content=\"pt_PT\" \/>\n<meta property=\"og:type\" content=\"article\" \/>\n<meta property=\"og:title\" content=\"UFACTORY xArm 7 - Ghostysky\" \/>\n<meta property=\"og:description\" content=\"The UFACTORY xArm 7 is a highly flexible, human-like, 7-Degrees-of-Freedom (DoF) collaborative robot designed for advanced research, intricate automation, and complex industrial applications.6 AxisPayload 3.5 kgReach 700 mmRepeatability 0.1 mmMax Speed 1000 mm\/s\" \/>\n<meta property=\"og:url\" content=\"https:\/\/www.ghostysky.com\/pt\/produto-2\/ufactory-xarm-7\/\" \/>\n<meta property=\"og:site_name\" content=\"Ghostysky\" \/>\n<meta property=\"article:publisher\" content=\"https:\/\/www.facebook.com\/people\/Ghostysky\/100057676170234\/\" \/>\n<meta property=\"article:modified_time\" content=\"2025-10-20T15:54:35+00:00\" \/>\n<meta property=\"og:image\" content=\"https:\/\/www.ghostysky.com\/wp-content\/uploads\/2025\/10\/GH_UFactory_Xarm5_1.png\" \/>\n\t<meta property=\"og:image:width\" content=\"2084\" \/>\n\t<meta property=\"og:image:height\" content=\"2084\" \/>\n\t<meta property=\"og:image:type\" content=\"image\/png\" \/>\n<meta name=\"twitter:card\" content=\"summary_large_image\" \/>\n<meta name=\"twitter:site\" content=\"@Gh0stysky\" \/>\n<meta name=\"twitter:label1\" content=\"Tempo estimado de leitura\" \/>\n\t<meta name=\"twitter:data1\" content=\"2 minutos\" \/>\n<script type=\"application\/ld+json\" class=\"yoast-schema-graph\">{\"@context\":\"https:\\\/\\\/schema.org\",\"@graph\":[{\"@type\":\"WebPage\",\"@id\":\"https:\\\/\\\/www.ghostysky.com\\\/product\\\/ufactory-xarm-7\\\/\",\"url\":\"https:\\\/\\\/www.ghostysky.com\\\/product\\\/ufactory-xarm-7\\\/\",\"name\":\"UFACTORY xArm 7 - Ghostysky\",\"isPartOf\":{\"@id\":\"https:\\\/\\\/www.ghostysky.com\\\/#website\"},\"primaryImageOfPage\":{\"@id\":\"https:\\\/\\\/www.ghostysky.com\\\/product\\\/ufactory-xarm-7\\\/#primaryimage\"},\"image\":{\"@id\":\"https:\\\/\\\/www.ghostysky.com\\\/product\\\/ufactory-xarm-7\\\/#primaryimage\"},\"thumbnailUrl\":\"https:\\\/\\\/www.ghostysky.com\\\/wp-content\\\/uploads\\\/2025\\\/10\\\/GH_UFactory_Xarm5_1.png\",\"datePublished\":\"2025-10-20T15:43:47+00:00\",\"dateModified\":\"2025-10-20T15:54:35+00:00\",\"description\":\"The UFACTORY xArm 7 is a highly flexible, human-like, 7-Degrees-of-Freedom (DoF) collaborative robot designed for advanced research, intricate automation, and complex industrial applications.6 AxisPayload 3.5 kgReach 700 mmRepeatability 0.1 mmMax Speed 1000 mm\\\/s\",\"breadcrumb\":{\"@id\":\"https:\\\/\\\/www.ghostysky.com\\\/product\\\/ufactory-xarm-7\\\/#breadcrumb\"},\"inLanguage\":\"pt-PT\",\"potentialAction\":[{\"@type\":\"ReadAction\",\"target\":[\"https:\\\/\\\/www.ghostysky.com\\\/product\\\/ufactory-xarm-7\\\/\"]}]},{\"@type\":\"ImageObject\",\"inLanguage\":\"pt-PT\",\"@id\":\"https:\\\/\\\/www.ghostysky.com\\\/product\\\/ufactory-xarm-7\\\/#primaryimage\",\"url\":\"https:\\\/\\\/www.ghostysky.com\\\/wp-content\\\/uploads\\\/2025\\\/10\\\/GH_UFactory_Xarm5_1.png\",\"contentUrl\":\"https:\\\/\\\/www.ghostysky.com\\\/wp-content\\\/uploads\\\/2025\\\/10\\\/GH_UFactory_Xarm5_1.png\",\"width\":2084,\"height\":2084},{\"@type\":\"BreadcrumbList\",\"@id\":\"https:\\\/\\\/www.ghostysky.com\\\/product\\\/ufactory-xarm-7\\\/#breadcrumb\",\"itemListElement\":[{\"@type\":\"ListItem\",\"position\":1,\"name\":\"Home\",\"item\":\"https:\\\/\\\/www.ghostysky.com\\\/\"},{\"@type\":\"ListItem\",\"position\":2,\"name\":\"Shop\",\"item\":\"https:\\\/\\\/www.ghostysky.com\\\/shop\\\/\"},{\"@type\":\"ListItem\",\"position\":3,\"name\":\"UFACTORY xArm 7\"}]},{\"@type\":\"WebSite\",\"@id\":\"https:\\\/\\\/www.ghostysky.com\\\/#website\",\"url\":\"https:\\\/\\\/www.ghostysky.com\\\/\",\"name\":\"Ghostysky\",\"description\":\"Delivering professional drones and robotics solutions\",\"publisher\":{\"@id\":\"https:\\\/\\\/www.ghostysky.com\\\/#organization\"},\"potentialAction\":[{\"@type\":\"SearchAction\",\"target\":{\"@type\":\"EntryPoint\",\"urlTemplate\":\"https:\\\/\\\/www.ghostysky.com\\\/?s={search_term_string}\"},\"query-input\":{\"@type\":\"PropertyValueSpecification\",\"valueRequired\":true,\"valueName\":\"search_term_string\"}}],\"inLanguage\":\"pt-PT\"},{\"@type\":\"Organization\",\"@id\":\"https:\\\/\\\/www.ghostysky.com\\\/#organization\",\"name\":\"Ghostysky\",\"url\":\"https:\\\/\\\/www.ghostysky.com\\\/\",\"logo\":{\"@type\":\"ImageObject\",\"inLanguage\":\"pt-PT\",\"@id\":\"https:\\\/\\\/www.ghostysky.com\\\/#\\\/schema\\\/logo\\\/image\\\/\",\"url\":\"https:\\\/\\\/www.ghostysky.com\\\/wp-content\\\/uploads\\\/2020\\\/06\\\/cropped-ghostyskylogo_text_white2.png\",\"contentUrl\":\"https:\\\/\\\/www.ghostysky.com\\\/wp-content\\\/uploads\\\/2020\\\/06\\\/cropped-ghostyskylogo_text_white2.png\",\"width\":169,\"height\":56,\"caption\":\"Ghostysky\"},\"image\":{\"@id\":\"https:\\\/\\\/www.ghostysky.com\\\/#\\\/schema\\\/logo\\\/image\\\/\"},\"sameAs\":[\"https:\\\/\\\/www.facebook.com\\\/people\\\/Ghostysky\\\/100057676170234\\\/\",\"https:\\\/\\\/x.com\\\/Gh0stysky\",\"https:\\\/\\\/www.linkedin.com\\\/company\\\/34739653\",\"https:\\\/\\\/www.instagram.com\\\/gh0stysky\"]}]}<\/script>\n<!-- \/ Yoast SEO plugin. -->","yoast_head_json":{"title":"UFACTORY xArm 7 - Ghostysky","description":"O UFACTORY xArm 7 \u00e9 um rob\u00f4 colaborativo altamente flex\u00edvel, semelhante ao humano, com 7 graus de liberdade (DoF), projetado para pesquisa avan\u00e7ada, automa\u00e7\u00e3o complexa e aplica\u00e7\u00f5es industriais complexas. 6 Eixos Carga \u00fatil 3,5 kg Alcance 700 mm Repetibilidade 0,1 mm Velocidade m\u00e1xima 1000 mm\/s","robots":{"index":"index","follow":"follow","max-snippet":"max-snippet:-1","max-image-preview":"max-image-preview:large","max-video-preview":"max-video-preview:-1"},"canonical":"https:\/\/www.ghostysky.com\/pt\/produto-2\/ufactory-xarm-7\/","og_locale":"pt_PT","og_type":"article","og_title":"UFACTORY xArm 7 - Ghostysky","og_description":"The UFACTORY xArm 7 is a highly flexible, human-like, 7-Degrees-of-Freedom (DoF) collaborative robot designed for advanced research, intricate automation, and complex industrial applications.6 AxisPayload 3.5 kgReach 700 mmRepeatability 0.1 mmMax Speed 1000 mm\/s","og_url":"https:\/\/www.ghostysky.com\/pt\/produto-2\/ufactory-xarm-7\/","og_site_name":"Ghostysky","article_publisher":"https:\/\/www.facebook.com\/people\/Ghostysky\/100057676170234\/","article_modified_time":"2025-10-20T15:54:35+00:00","og_image":[{"width":2084,"height":2084,"url":"https:\/\/www.ghostysky.com\/wp-content\/uploads\/2025\/10\/GH_UFactory_Xarm5_1.png","type":"image\/png"}],"twitter_card":"summary_large_image","twitter_site":"@Gh0stysky","twitter_misc":{"Tempo estimado de leitura":"2 minutos"},"schema":{"@context":"https:\/\/schema.org","@graph":[{"@type":"WebPage","@id":"https:\/\/www.ghostysky.com\/product\/ufactory-xarm-7\/","url":"https:\/\/www.ghostysky.com\/product\/ufactory-xarm-7\/","name":"UFACTORY xArm 7 - Ghostysky","isPartOf":{"@id":"https:\/\/www.ghostysky.com\/#website"},"primaryImageOfPage":{"@id":"https:\/\/www.ghostysky.com\/product\/ufactory-xarm-7\/#primaryimage"},"image":{"@id":"https:\/\/www.ghostysky.com\/product\/ufactory-xarm-7\/#primaryimage"},"thumbnailUrl":"https:\/\/www.ghostysky.com\/wp-content\/uploads\/2025\/10\/GH_UFactory_Xarm5_1.png","datePublished":"2025-10-20T15:43:47+00:00","dateModified":"2025-10-20T15:54:35+00:00","description":"O UFACTORY xArm 7 \u00e9 um rob\u00f4 colaborativo altamente flex\u00edvel, semelhante ao humano, com 7 graus de liberdade (DoF), projetado para pesquisa avan\u00e7ada, automa\u00e7\u00e3o complexa e aplica\u00e7\u00f5es industriais complexas. 6 Eixos Carga \u00fatil 3,5 kg Alcance 700 mm Repetibilidade 0,1 mm Velocidade m\u00e1xima 1000 mm\/s","breadcrumb":{"@id":"https:\/\/www.ghostysky.com\/product\/ufactory-xarm-7\/#breadcrumb"},"inLanguage":"pt-PT","potentialAction":[{"@type":"ReadAction","target":["https:\/\/www.ghostysky.com\/product\/ufactory-xarm-7\/"]}]},{"@type":"ImageObject","inLanguage":"pt-PT","@id":"https:\/\/www.ghostysky.com\/product\/ufactory-xarm-7\/#primaryimage","url":"https:\/\/www.ghostysky.com\/wp-content\/uploads\/2025\/10\/GH_UFactory_Xarm5_1.png","contentUrl":"https:\/\/www.ghostysky.com\/wp-content\/uploads\/2025\/10\/GH_UFactory_Xarm5_1.png","width":2084,"height":2084},{"@type":"BreadcrumbList","@id":"https:\/\/www.ghostysky.com\/product\/ufactory-xarm-7\/#breadcrumb","itemListElement":[{"@type":"ListItem","position":1,"name":"Home","item":"https:\/\/www.ghostysky.com\/"},{"@type":"ListItem","position":2,"name":"Shop","item":"https:\/\/www.ghostysky.com\/shop\/"},{"@type":"ListItem","position":3,"name":"UFACTORY xArm 7"}]},{"@type":"WebSite","@id":"https:\/\/www.ghostysky.com\/#website","url":"https:\/\/www.ghostysky.com\/","name":"Ghostysky","description":"Fornecendo solu\u00e7\u00f5es profissionais em drones e rob\u00f3tica.","publisher":{"@id":"https:\/\/www.ghostysky.com\/#organization"},"potentialAction":[{"@type":"SearchAction","target":{"@type":"EntryPoint","urlTemplate":"https:\/\/www.ghostysky.com\/?s={search_term_string}"},"query-input":{"@type":"PropertyValueSpecification","valueRequired":true,"valueName":"search_term_string"}}],"inLanguage":"pt-PT"},{"@type":"Organization","@id":"https:\/\/www.ghostysky.com\/#organization","name":"Ghostysky","url":"https:\/\/www.ghostysky.com\/","logo":{"@type":"ImageObject","inLanguage":"pt-PT","@id":"https:\/\/www.ghostysky.com\/#\/schema\/logo\/image\/","url":"https:\/\/www.ghostysky.com\/wp-content\/uploads\/2020\/06\/cropped-ghostyskylogo_text_white2.png","contentUrl":"https:\/\/www.ghostysky.com\/wp-content\/uploads\/2020\/06\/cropped-ghostyskylogo_text_white2.png","width":169,"height":56,"caption":"Ghostysky"},"image":{"@id":"https:\/\/www.ghostysky.com\/#\/schema\/logo\/image\/"},"sameAs":["https:\/\/www.facebook.com\/people\/Ghostysky\/100057676170234\/","https:\/\/x.com\/Gh0stysky","https:\/\/www.linkedin.com\/company\/34739653","https:\/\/www.instagram.com\/gh0stysky"]}]}},"_links":{"self":[{"href":"https:\/\/www.ghostysky.com\/pt\/wp-json\/wp\/v2\/product\/22112","targetHints":{"allow":["GET"]}}],"collection":[{"href":"https:\/\/www.ghostysky.com\/pt\/wp-json\/wp\/v2\/product"}],"about":[{"href":"https:\/\/www.ghostysky.com\/pt\/wp-json\/wp\/v2\/types\/product"}],"replies":[{"embeddable":true,"href":"https:\/\/www.ghostysky.com\/pt\/wp-json\/wp\/v2\/comments?post=22112"}],"version-history":[{"count":0,"href":"https:\/\/www.ghostysky.com\/pt\/wp-json\/wp\/v2\/product\/22112\/revisions"}],"wp:featuredmedia":[{"embeddable":true,"href":"https:\/\/www.ghostysky.com\/pt\/wp-json\/wp\/v2\/media\/22055"}],"wp:attachment":[{"href":"https:\/\/www.ghostysky.com\/pt\/wp-json\/wp\/v2\/media?parent=22112"}],"wp:term":[{"taxonomy":"product_brand","embeddable":true,"href":"https:\/\/www.ghostysky.com\/pt\/wp-json\/wp\/v2\/product_brand?post=22112"},{"taxonomy":"product_cat","embeddable":true,"href":"https:\/\/www.ghostysky.com\/pt\/wp-json\/wp\/v2\/product_cat?post=22112"},{"taxonomy":"product_tag","embeddable":true,"href":"https:\/\/www.ghostysky.com\/pt\/wp-json\/wp\/v2\/product_tag?post=22112"}],"curies":[{"name":"wp","href":"https:\/\/api.w.org\/{rel}","templated":true}]}}