{"id":22118,"date":"2025-10-20T15:54:32","date_gmt":"2025-10-20T15:54:32","guid":{"rendered":"https:\/\/www.ghostysky.com\/?post_type=product&#038;p=22118"},"modified":"2025-10-20T16:10:45","modified_gmt":"2025-10-20T16:10:45","slug":"ufactory-xarm-6-with-direct-drive-linear-motor","status":"publish","type":"product","link":"https:\/\/www.ghostysky.com\/pt\/product\/ufactory-xarm-6-with-direct-drive-linear-motor\/","title":{"rendered":"UFACTORY xArm 6 com motor linear de acionamento direto"},"content":{"rendered":"<h4>Principais recursos e benef\u00edcios<\/h4>\n<ul>\n<li><b>Faixa de trabalho estendida:<\/b><span class=\"citation-1600\"> O motor linear de acionamento direto integrado fornece um adicional <\/span><b><span class=\"citation-1600\">700 mm de curso<\/span><\/b><span class=\"citation-1600\"> (dispon\u00edvel em v\u00e1rios comprimentos) ao alcance nativo de 700 mm do xArm 6, efetivamente <\/span><b><span class=\"citation-1600\">aumentando o envelope operacional geral em at\u00e9 50%<\/span><\/b><span class=\"citation-1600 citation-end-1600\">.<sup class=\"superscript\" data-turn-source-index=\"2\">2<\/sup><\/span> Isso \u00e9 essencial para aplica\u00e7\u00f5es que exigem trabalho em uma longa linha de produ\u00e7\u00e3o, coleta e coloca\u00e7\u00e3o em larga escala ou alimenta\u00e7\u00e3o de m\u00e1quinas com \u00e1reas de entrada\/sa\u00edda amplamente espa\u00e7adas.<\/li>\n<li><b>Alta precis\u00e3o e repetibilidade:<\/b><span class=\"citation-1599 citation-end-1599\"> O xArm 6 mant\u00e9m seu desempenho de n\u00edvel industrial com um <sup class=\"superscript\" data-turn-source-index=\"3\">3<\/sup><\/span><span class=\"math-inline\" data-math=\"\\mathbf{5}\">$\\mathbf{5}$<\/span> <b><span class=\"citation-1598\">kg de carga \u00fatil<\/span><\/b><span class=\"citation-1598 citation-end-1598\"> capacidade e <sup class=\"superscript\" data-turn-source-index=\"4\">4<\/sup><\/span><b><span class=\"math-inline\" data-math=\"\\mathbf{\\pm0.1}\">$\\mathbf{\\pm0.1}$<\/span><span class=\"citation-1597\"> repetibilidade mm<\/span><\/b><span class=\"citation-1597 citation-end-1597\">.<sup class=\"superscript\" data-turn-source-index=\"5\">5<\/sup><\/span> O pr\u00f3prio motor linear de acionamento direto apresenta movimento de alt\u00edssima precis\u00e3o com repetibilidade de <b><span class=\"math-inline\" data-math=\"\\mathbf{\\pm5}\">$\\mathbf{\\pm5}$<\/span> $\\mathbf{\\mu}$m<\/b> (micr\u00f4metros), garantindo que o sistema combinado forne\u00e7a resultados precisos e consistentes em toda a faixa estendida.<\/li>\n<li><b>Tecnologia de acionamento direto:<\/b><span class=\"citation-1596 citation-end-1596\"> O motor linear utiliza um mecanismo de acionamento direto, contribuindo para sua precis\u00e3o superior, velocidade (at\u00e9 <sup class=\"superscript\" data-turn-source-index=\"6\">6<\/sup><\/span><b><span class=\"math-inline\" data-math=\"\\mathbf{1}\">$\\mathbf{1}$<\/span><span class=\"citation-1595 citation-end-1595\"> <sup class=\"superscript\" data-turn-source-index=\"7\">7<\/sup><\/span><span class=\"math-inline\" data-math=\"\\mathbf{m\/s}\">$\\mathbf{m\/s}$<\/span><\/b><span class=\"citation-1594 citation-end-1594\">) e durabilidade.<sup class=\"superscript\" data-turn-source-index=\"8\">8<\/sup><\/span> Essa tecnologia oferece excelente resposta e elimina a folga associada aos acionamentos tradicionais por parafuso ou correia.<\/li>\n<li><b><span class=\"citation-1593\">Design Colaborativo e Seguro:<\/span><\/b><span class=\"citation-1593\"> O xArm 6 \u00e9 constru\u00eddo com protocolos de seguran\u00e7a, incluindo um <\/span><b><span class=\"citation-1593\">fun\u00e7\u00e3o de detec\u00e7\u00e3o de colis\u00e3o<\/span><\/b><span class=\"citation-1593 citation-end-1593\">, para trabalhar harmoniosamente com operadores humanos, tornando-o ideal para ambientes modernos de manufatura colaborativa.<sup class=\"superscript\" data-turn-source-index=\"9\">9<\/sup><\/span> <span class=\"citation-1592\">O bra\u00e7o do rob\u00f4 \u00e9 constru\u00eddo a partir de <\/span><b><span class=\"citation-1592\">fibra de carbono leve e alum\u00ednio<\/span><\/b><span class=\"citation-1592 citation-end-1592\">, reduzindo o peso do sistema para facilitar a implanta\u00e7\u00e3o.<\/span><\/li>\n<li><b><span class=\"citation-1591\">Integra\u00e7\u00e3o e controle perfeitos:<\/span><\/b><span class=\"citation-1591\"> O motor linear \u00e9 projetado para <\/span><b><span class=\"citation-1591\">f\u00e1cil integra\u00e7\u00e3o<\/span><\/b><span class=\"citation-1591 citation-end-1591\"> com o xArm 6, gerenciado por meio de uma solu\u00e7\u00e3o de sistema unificada.<sup class=\"superscript\" data-turn-source-index=\"11\">11<\/sup><\/span> <span class=\"citation-1590\">A programa\u00e7\u00e3o e a opera\u00e7\u00e3o s\u00e3o simplificadas usando <\/span><b><span class=\"citation-1590\">Est\u00fadio UFACTORY<\/span><\/b><span class=\"citation-1590\">, um totalmente <\/span><b><span class=\"citation-1590\">Interface gr\u00e1fica do usu\u00e1rio (GUI)<\/span><\/b><span class=\"citation-1590\"> plataforma que suporta <\/span><b><span class=\"citation-1590\">ensino de arrasto<\/span><\/b><span class=\"citation-1590 citation-end-1590\"> para configura\u00e7\u00e3o r\u00e1pida de tarefas sem codifica\u00e7\u00e3o complexa.<\/span><\/li>\n<li><b><span class=\"citation-1589\">Flexibilidade de c\u00f3digo aberto:<\/span><\/b><span class=\"citation-1589\"> Para desenvolvimento avan\u00e7ado, o sistema suporta plataformas de c\u00f3digo aberto e oferece uma <\/span><b><span class=\"citation-1589\">SDK<\/span><\/b><span class=\"citation-1589\"> com <\/span><b><span class=\"citation-1589\">Python, ROS e C++<\/span><\/b><span class=\"citation-1589 citation-end-1589\"> compatibilidade, proporcionando m\u00e1xima flexibilidade para pesquisa, personaliza\u00e7\u00e3o e integra\u00e7\u00e3o em estruturas de automa\u00e7\u00e3o existentes.<\/span><\/li>\n<\/ul>\n<h4>Especifica\u00e7\u00f5es T\u00e9cnicas (Destaques do Sistema Combinado)<\/h4>\n<table>\n<thead>\n<tr>\n<td><strong>Recurso<\/strong><\/td>\n<td><strong>Especifica\u00e7\u00f5es<\/strong><\/td>\n<\/tr>\n<\/thead>\n<tbody>\n<tr>\n<td><b>Bra\u00e7o rob\u00f3tico DoF<\/b><\/td>\n<td>6 Graus de Liberdade<\/td>\n<\/tr>\n<tr>\n<td><b>Carga \u00fatil<\/b><\/td>\n<td><span class=\"math-inline\" data-math=\"5\\text{ kg}\">$5\\texto{ kg}$<\/span><\/td>\n<\/tr>\n<tr>\n<td><b>Alcance do bra\u00e7o<\/b><\/td>\n<td><span class=\"math-inline\" data-math=\"700\\text{ mm}\">$700\\texto{ mm}$<\/span> (mais deslocamento do motor linear)<\/td>\n<\/tr>\n<tr>\n<td><b>Viagem de motor linear<\/b><\/td>\n<td><span class=\"math-inline\" data-math=\"700\\text{ mm}\">$700\\texto{ mm}$<\/span> (Modelo padr\u00e3o)<\/td>\n<\/tr>\n<tr>\n<td><b>Repetibilidade do bra\u00e7o<\/b><\/td>\n<td><span class=\"math-inline\" data-math=\"\\pm0.1\\text{ mm}\">$\\pm0,1\\texto{ mm}$<\/span><\/td>\n<\/tr>\n<tr>\n<td><b>Repetibilidade do motor linear<\/b><\/td>\n<td><span class=\"math-inline\" data-math=\"\\pm5\\text{ }\\mu\\text{m}\">$\\pm5\\texto{ }\\mu\\texto{m}$<\/span><\/td>\n<\/tr>\n<tr>\n<td><b>Velocidade m\u00e1xima<\/b><\/td>\n<td><span class=\"math-inline\" data-math=\"1\\text{ m\/s}\">$1\\texto{ m\/s}$<\/span><\/td>\n<\/tr>\n<tr>\n<td><b>Carga m\u00e1xima do motor<\/b><\/td>\n<td><span class=\"math-inline\" data-math=\"200\\text{ kg}\">$200\\texto{ kg}$<\/span> (Classifica\u00e7\u00e3o do motor)<\/td>\n<\/tr>\n<tr>\n<td><b>Materiais<\/b><\/td>\n<td>Alum\u00ednio, Fibra de Carbono<\/td>\n<\/tr>\n<\/tbody>\n<\/table>\n<p>&nbsp;<\/p>\n<h4>Aplica\u00e7\u00f5es ideais<\/h4>\n<p>O xArm 6 com motor linear de acionamento direto \u00e9 perfeitamente adequado para tarefas complexas e repetitivas em grandes \u00e1reas, incluindo:<\/p>\n<ul>\n<li><b><span class=\"citation-1588 interactive-span-hovered\">Manuten\u00e7\u00e3o de m\u00e1quinas<\/span><\/b><span class=\"citation-1588 citation-end-1588 interactive-span-hovered\"> (carregando\/descarregando m\u00faltiplas m\u00e1quinas distantes)<\/span><\/li>\n<li><b>Pick-and-Place de alto volume<\/b> e Automa\u00e7\u00e3o Log\u00edstica<\/li>\n<li><b><span class=\"citation-1587\">Conjunto<\/span><\/b><span class=\"citation-1587\"> e <\/span><b><span class=\"citation-1587\">Embalagem<\/span><\/b><span class=\"citation-1587 citation-end-1587\"> atrav\u00e9s de linhas de produ\u00e7\u00e3o estendidas<\/span><\/li>\n<li><b><span class=\"citation-1586\">Inspec\u00e7\u00f5es<\/span><\/b><span class=\"citation-1586\"> e <\/span><b><span class=\"citation-1586\">Controle de qualidade<\/span><\/b><span class=\"citation-1586 citation-end-1586\"> usando sistemas de vis\u00e3o em grandes componentes<\/span><\/li>\n<li><b><span class=\"citation-1585 interactive-span-hovered\">Pesquisa e Desenvolvimento<\/span><\/b><span class=\"citation-1585 citation-end-1585 interactive-span-hovered\"> exigindo movimento linear de alta precis\u00e3o.<\/span><\/li>\n<\/ul>","protected":false},"excerpt":{"rendered":"<p><span class=\"citation-1601\">O <\/span><b><span class=\"citation-1601\">UFACTORY xArm 6 com motor linear de acionamento direto<\/span><\/b><span class=\"citation-1601\"> \u00e9 um sistema rob\u00f3tico colaborativo de alto desempenho projetado para significativamente <\/span><b><span class=\"citation-1601\">ampliar o espa\u00e7o de trabalho e a precis\u00e3o<\/span><\/b><span class=\"citation-1601 citation-end-1601\"> do manipulador padr\u00e3o xArm 6 para aplica\u00e7\u00f5es industriais e de pesquisa avan\u00e7ada.<\/span><\/p>\n<ul>\n<li>Curso de 700 mm<\/li>\n<li>Repetibilidade \u00b15 um<\/li>\n<li>Velocidade m\u00e1xima 1 m\/s<\/li>\n<li>Programa\u00e7\u00e3o Gr\u00e1fica<\/li>\n<\/ul>","protected":false},"featured_media":22120,"comment_status":"open","ping_status":"closed","template":"","meta":[],"product_brand":[1148],"product_cat":[1037,1145,1146],"product_tag":[1149,1151,1153],"class_list":{"0":"post-22118","1":"product","2":"type-product","3":"status-publish","4":"has-post-thumbnail","6":"product_brand-ufactory","7":"product_cat-robotics","8":"product_cat-ufactory","9":"product_cat-arms","10":"product_tag-ufactory","11":"product_tag-ufactory-arm","12":"product_tag-ufactory-xarm6","14":"first","15":"onbackorder","16":"taxable","17":"shipping-taxable","18":"purchasable","19":"product-type-simple"},"yoast_head":"<!-- This site is optimized with the Yoast SEO plugin v27.1.1 - https:\/\/yoast.com\/product\/yoast-seo-wordpress\/ -->\n<title>UFACTORY xArm 6 With Direct-drive Linear Motor - Ghostysky<\/title>\n<meta name=\"description\" content=\"The UFACTORY xArm 6 With Direct-drive Linear Motor is a high-performance, collaborative robotic system engineered to significantly extend the workspace and precision of the standard xArm 6 manipulator for industrial and advanced research applications.\" \/>\n<meta name=\"robots\" content=\"index, follow, max-snippet:-1, max-image-preview:large, max-video-preview:-1\" \/>\n<link rel=\"canonical\" href=\"https:\/\/www.ghostysky.com\/pt\/produto-2\/ufactory-xarm-6-with-direct-drive-linear-motor\/\" \/>\n<meta property=\"og:locale\" content=\"pt_PT\" \/>\n<meta property=\"og:type\" content=\"article\" \/>\n<meta property=\"og:title\" content=\"UFACTORY xArm 6 With Direct-drive Linear Motor - Ghostysky\" \/>\n<meta property=\"og:description\" content=\"The UFACTORY xArm 6 With Direct-drive Linear Motor is a high-performance, collaborative robotic system engineered to significantly extend the workspace and precision of the standard xArm 6 manipulator for industrial and advanced research applications.\" \/>\n<meta property=\"og:url\" content=\"https:\/\/www.ghostysky.com\/pt\/produto-2\/ufactory-xarm-6-with-direct-drive-linear-motor\/\" \/>\n<meta property=\"og:site_name\" content=\"Ghostysky\" \/>\n<meta property=\"article:publisher\" content=\"https:\/\/www.facebook.com\/people\/Ghostysky\/100057676170234\/\" \/>\n<meta property=\"article:modified_time\" content=\"2025-10-20T16:10:45+00:00\" \/>\n<meta property=\"og:image\" content=\"https:\/\/www.ghostysky.com\/wp-content\/uploads\/2025\/10\/GH_UFACTORY-xArm-6-With-Direct-drive-Linear-Motor_1.png\" \/>\n\t<meta property=\"og:image:width\" content=\"2084\" \/>\n\t<meta property=\"og:image:height\" content=\"2084\" \/>\n\t<meta property=\"og:image:type\" content=\"image\/png\" \/>\n<meta name=\"twitter:card\" content=\"summary_large_image\" \/>\n<meta name=\"twitter:site\" content=\"@Gh0stysky\" \/>\n<meta name=\"twitter:label1\" content=\"Tempo estimado de leitura\" \/>\n\t<meta name=\"twitter:data1\" content=\"2 minutos\" \/>\n<script type=\"application\/ld+json\" class=\"yoast-schema-graph\">{\"@context\":\"https:\/\/schema.org\",\"@graph\":[{\"@type\":\"WebPage\",\"@id\":\"https:\/\/www.ghostysky.com\/product\/ufactory-xarm-6-with-direct-drive-linear-motor\/\",\"url\":\"https:\/\/www.ghostysky.com\/product\/ufactory-xarm-6-with-direct-drive-linear-motor\/\",\"name\":\"UFACTORY xArm 6 With Direct-drive Linear Motor - Ghostysky\",\"isPartOf\":{\"@id\":\"https:\/\/www.ghostysky.com\/#website\"},\"primaryImageOfPage\":{\"@id\":\"https:\/\/www.ghostysky.com\/product\/ufactory-xarm-6-with-direct-drive-linear-motor\/#primaryimage\"},\"image\":{\"@id\":\"https:\/\/www.ghostysky.com\/product\/ufactory-xarm-6-with-direct-drive-linear-motor\/#primaryimage\"},\"thumbnailUrl\":\"https:\/\/www.ghostysky.com\/wp-content\/uploads\/2025\/10\/GH_UFACTORY-xArm-6-With-Direct-drive-Linear-Motor_1.png\",\"datePublished\":\"2025-10-20T15:54:32+00:00\",\"dateModified\":\"2025-10-20T16:10:45+00:00\",\"description\":\"The UFACTORY xArm 6 With Direct-drive Linear Motor is a high-performance, collaborative robotic system engineered to significantly extend the workspace and precision of the standard xArm 6 manipulator for industrial and advanced research applications.\",\"breadcrumb\":{\"@id\":\"https:\/\/www.ghostysky.com\/product\/ufactory-xarm-6-with-direct-drive-linear-motor\/#breadcrumb\"},\"inLanguage\":\"pt-PT\",\"potentialAction\":[{\"@type\":\"ReadAction\",\"target\":[\"https:\/\/www.ghostysky.com\/product\/ufactory-xarm-6-with-direct-drive-linear-motor\/\"]}]},{\"@type\":\"ImageObject\",\"inLanguage\":\"pt-PT\",\"@id\":\"https:\/\/www.ghostysky.com\/product\/ufactory-xarm-6-with-direct-drive-linear-motor\/#primaryimage\",\"url\":\"https:\/\/www.ghostysky.com\/wp-content\/uploads\/2025\/10\/GH_UFACTORY-xArm-6-With-Direct-drive-Linear-Motor_1.png\",\"contentUrl\":\"https:\/\/www.ghostysky.com\/wp-content\/uploads\/2025\/10\/GH_UFACTORY-xArm-6-With-Direct-drive-Linear-Motor_1.png\",\"width\":2084,\"height\":2084},{\"@type\":\"BreadcrumbList\",\"@id\":\"https:\/\/www.ghostysky.com\/product\/ufactory-xarm-6-with-direct-drive-linear-motor\/#breadcrumb\",\"itemListElement\":[{\"@type\":\"ListItem\",\"position\":1,\"name\":\"Home\",\"item\":\"https:\/\/www.ghostysky.com\/\"},{\"@type\":\"ListItem\",\"position\":2,\"name\":\"Shop\",\"item\":\"https:\/\/www.ghostysky.com\/shop\/\"},{\"@type\":\"ListItem\",\"position\":3,\"name\":\"UFACTORY xArm 6 With Direct-drive Linear Motor\"}]},{\"@type\":\"WebSite\",\"@id\":\"https:\/\/www.ghostysky.com\/#website\",\"url\":\"https:\/\/www.ghostysky.com\/\",\"name\":\"Ghostysky\",\"description\":\"Delivering professional drones and services\",\"publisher\":{\"@id\":\"https:\/\/www.ghostysky.com\/#organization\"},\"potentialAction\":[{\"@type\":\"SearchAction\",\"target\":{\"@type\":\"EntryPoint\",\"urlTemplate\":\"https:\/\/www.ghostysky.com\/?s={search_term_string}\"},\"query-input\":{\"@type\":\"PropertyValueSpecification\",\"valueRequired\":true,\"valueName\":\"search_term_string\"}}],\"inLanguage\":\"pt-PT\"},{\"@type\":\"Organization\",\"@id\":\"https:\/\/www.ghostysky.com\/#organization\",\"name\":\"Ghostysky\",\"url\":\"https:\/\/www.ghostysky.com\/\",\"logo\":{\"@type\":\"ImageObject\",\"inLanguage\":\"pt-PT\",\"@id\":\"https:\/\/www.ghostysky.com\/#\/schema\/logo\/image\/\",\"url\":\"https:\/\/www.ghostysky.com\/wp-content\/uploads\/2020\/06\/cropped-ghostyskylogo_text_white2.png\",\"contentUrl\":\"https:\/\/www.ghostysky.com\/wp-content\/uploads\/2020\/06\/cropped-ghostyskylogo_text_white2.png\",\"width\":169,\"height\":56,\"caption\":\"Ghostysky\"},\"image\":{\"@id\":\"https:\/\/www.ghostysky.com\/#\/schema\/logo\/image\/\"},\"sameAs\":[\"https:\/\/www.facebook.com\/people\/Ghostysky\/100057676170234\/\",\"https:\/\/x.com\/Gh0stysky\",\"https:\/\/www.linkedin.com\/company\/34739653\",\"https:\/\/www.instagram.com\/gh0stysky\"]}]}<\/script>\n<!-- \/ Yoast SEO plugin. -->","yoast_head_json":{"title":"UFACTORY xArm 6 com motor linear de acionamento direto - Ghostysky","description":"O UFACTORY xArm 6 com motor linear de acionamento direto \u00e9 um sistema rob\u00f3tico colaborativo de alto desempenho projetado para ampliar significativamente o espa\u00e7o de trabalho e a precis\u00e3o do manipulador padr\u00e3o xArm 6 para aplica\u00e7\u00f5es industriais e de pesquisa avan\u00e7ada.","robots":{"index":"index","follow":"follow","max-snippet":"max-snippet:-1","max-image-preview":"max-image-preview:large","max-video-preview":"max-video-preview:-1"},"canonical":"https:\/\/www.ghostysky.com\/pt\/produto-2\/ufactory-xarm-6-with-direct-drive-linear-motor\/","og_locale":"pt_PT","og_type":"article","og_title":"UFACTORY xArm 6 With Direct-drive Linear Motor - Ghostysky","og_description":"The UFACTORY xArm 6 With Direct-drive Linear Motor is a high-performance, collaborative robotic system engineered to significantly extend the workspace and precision of the standard xArm 6 manipulator for industrial and advanced research applications.","og_url":"https:\/\/www.ghostysky.com\/pt\/produto-2\/ufactory-xarm-6-with-direct-drive-linear-motor\/","og_site_name":"Ghostysky","article_publisher":"https:\/\/www.facebook.com\/people\/Ghostysky\/100057676170234\/","article_modified_time":"2025-10-20T16:10:45+00:00","og_image":[{"width":2084,"height":2084,"url":"https:\/\/www.ghostysky.com\/wp-content\/uploads\/2025\/10\/GH_UFACTORY-xArm-6-With-Direct-drive-Linear-Motor_1.png","type":"image\/png"}],"twitter_card":"summary_large_image","twitter_site":"@Gh0stysky","twitter_misc":{"Tempo estimado de leitura":"2 minutos"},"schema":{"@context":"https:\/\/schema.org","@graph":[{"@type":"WebPage","@id":"https:\/\/www.ghostysky.com\/product\/ufactory-xarm-6-with-direct-drive-linear-motor\/","url":"https:\/\/www.ghostysky.com\/product\/ufactory-xarm-6-with-direct-drive-linear-motor\/","name":"UFACTORY xArm 6 com motor linear de acionamento direto - Ghostysky","isPartOf":{"@id":"https:\/\/www.ghostysky.com\/#website"},"primaryImageOfPage":{"@id":"https:\/\/www.ghostysky.com\/product\/ufactory-xarm-6-with-direct-drive-linear-motor\/#primaryimage"},"image":{"@id":"https:\/\/www.ghostysky.com\/product\/ufactory-xarm-6-with-direct-drive-linear-motor\/#primaryimage"},"thumbnailUrl":"https:\/\/www.ghostysky.com\/wp-content\/uploads\/2025\/10\/GH_UFACTORY-xArm-6-With-Direct-drive-Linear-Motor_1.png","datePublished":"2025-10-20T15:54:32+00:00","dateModified":"2025-10-20T16:10:45+00:00","description":"O UFACTORY xArm 6 com motor linear de acionamento direto \u00e9 um sistema rob\u00f3tico colaborativo de alto desempenho projetado para ampliar significativamente o espa\u00e7o de trabalho e a precis\u00e3o do manipulador padr\u00e3o xArm 6 para aplica\u00e7\u00f5es industriais e de pesquisa avan\u00e7ada.","breadcrumb":{"@id":"https:\/\/www.ghostysky.com\/product\/ufactory-xarm-6-with-direct-drive-linear-motor\/#breadcrumb"},"inLanguage":"pt-PT","potentialAction":[{"@type":"ReadAction","target":["https:\/\/www.ghostysky.com\/product\/ufactory-xarm-6-with-direct-drive-linear-motor\/"]}]},{"@type":"ImageObject","inLanguage":"pt-PT","@id":"https:\/\/www.ghostysky.com\/product\/ufactory-xarm-6-with-direct-drive-linear-motor\/#primaryimage","url":"https:\/\/www.ghostysky.com\/wp-content\/uploads\/2025\/10\/GH_UFACTORY-xArm-6-With-Direct-drive-Linear-Motor_1.png","contentUrl":"https:\/\/www.ghostysky.com\/wp-content\/uploads\/2025\/10\/GH_UFACTORY-xArm-6-With-Direct-drive-Linear-Motor_1.png","width":2084,"height":2084},{"@type":"BreadcrumbList","@id":"https:\/\/www.ghostysky.com\/product\/ufactory-xarm-6-with-direct-drive-linear-motor\/#breadcrumb","itemListElement":[{"@type":"ListItem","position":1,"name":"Home","item":"https:\/\/www.ghostysky.com\/"},{"@type":"ListItem","position":2,"name":"Shop","item":"https:\/\/www.ghostysky.com\/shop\/"},{"@type":"ListItem","position":3,"name":"UFACTORY xArm 6 With Direct-drive Linear Motor"}]},{"@type":"WebSite","@id":"https:\/\/www.ghostysky.com\/#website","url":"https:\/\/www.ghostysky.com\/","name":"Ghostysky","description":"Fornecendo drones e servi\u00e7os profissionais","publisher":{"@id":"https:\/\/www.ghostysky.com\/#organization"},"potentialAction":[{"@type":"SearchAction","target":{"@type":"EntryPoint","urlTemplate":"https:\/\/www.ghostysky.com\/?s={search_term_string}"},"query-input":{"@type":"PropertyValueSpecification","valueRequired":true,"valueName":"search_term_string"}}],"inLanguage":"pt-PT"},{"@type":"Organization","@id":"https:\/\/www.ghostysky.com\/#organization","name":"Ghostysky","url":"https:\/\/www.ghostysky.com\/","logo":{"@type":"ImageObject","inLanguage":"pt-PT","@id":"https:\/\/www.ghostysky.com\/#\/schema\/logo\/image\/","url":"https:\/\/www.ghostysky.com\/wp-content\/uploads\/2020\/06\/cropped-ghostyskylogo_text_white2.png","contentUrl":"https:\/\/www.ghostysky.com\/wp-content\/uploads\/2020\/06\/cropped-ghostyskylogo_text_white2.png","width":169,"height":56,"caption":"Ghostysky"},"image":{"@id":"https:\/\/www.ghostysky.com\/#\/schema\/logo\/image\/"},"sameAs":["https:\/\/www.facebook.com\/people\/Ghostysky\/100057676170234\/","https:\/\/x.com\/Gh0stysky","https:\/\/www.linkedin.com\/company\/34739653","https:\/\/www.instagram.com\/gh0stysky"]}]}},"_links":{"self":[{"href":"https:\/\/www.ghostysky.com\/pt\/wp-json\/wp\/v2\/product\/22118","targetHints":{"allow":["GET"]}}],"collection":[{"href":"https:\/\/www.ghostysky.com\/pt\/wp-json\/wp\/v2\/product"}],"about":[{"href":"https:\/\/www.ghostysky.com\/pt\/wp-json\/wp\/v2\/types\/product"}],"replies":[{"embeddable":true,"href":"https:\/\/www.ghostysky.com\/pt\/wp-json\/wp\/v2\/comments?post=22118"}],"wp:featuredmedia":[{"embeddable":true,"href":"https:\/\/www.ghostysky.com\/pt\/wp-json\/wp\/v2\/media\/22120"}],"wp:attachment":[{"href":"https:\/\/www.ghostysky.com\/pt\/wp-json\/wp\/v2\/media?parent=22118"}],"wp:term":[{"taxonomy":"product_brand","embeddable":true,"href":"https:\/\/www.ghostysky.com\/pt\/wp-json\/wp\/v2\/product_brand?post=22118"},{"taxonomy":"product_cat","embeddable":true,"href":"https:\/\/www.ghostysky.com\/pt\/wp-json\/wp\/v2\/product_cat?post=22118"},{"taxonomy":"product_tag","embeddable":true,"href":"https:\/\/www.ghostysky.com\/pt\/wp-json\/wp\/v2\/product_tag?post=22118"}],"curies":[{"name":"wp","href":"https:\/\/api.w.org\/{rel}","templated":true}]}}