{"id":22127,"date":"2025-10-20T16:34:49","date_gmt":"2025-10-20T16:34:49","guid":{"rendered":"https:\/\/www.ghostysky.com\/?post_type=product&#038;p=22127"},"modified":"2025-10-20T16:47:14","modified_gmt":"2025-10-20T16:47:14","slug":"ufactory-lite-6-kit","status":"publish","type":"product","link":"https:\/\/www.ghostysky.com\/pt\/product\/ufactory-lite-6-kit\/","title":{"rendered":"Kit UFACTORY Lite 6"},"content":{"rendered":"<div id=\"model-response-message-contentr_4e76f402e5aca471\" class=\"markdown markdown-main-panel stronger enable-updated-hr-color\" dir=\"ltr\">\n<h4><b>Caracter\u00edsticas principais<\/b><\/h4>\n<ul>\n<li><b><span class=\"citation-1644\">Design compacto de 6 eixos:<\/span><\/b><span class=\"citation-1644 citation-end-1644\"> Possui seis graus de liberdade (DoF) em um formato do tamanho de uma mesa, o que o torna ideal para espa\u00e7os apertados em laborat\u00f3rios, salas de aula ou pequenas c\u00e9lulas de fabrica\u00e7\u00e3o.<\/span><\/li>\n<li><b>Desempenho:<\/b><span class=\"citation-1643\"> Oferece um <\/span><b><span class=\"citation-1643\">Capacidade de carga \u00fatil de 600g<\/span><\/b><span class=\"citation-1643\">, uma <\/span><b><span class=\"citation-1643\">Alcance de 440 mm<\/span><\/b><span class=\"citation-1643 citation-end-1643\">, e uma repetibilidade de <sup class=\"superscript\" data-turn-source-index=\"3\">3<\/sup><\/span><b><span class=\"math-inline\" data-math=\"\\pm0.5 \\text{ mm}\">$\\pm0,5 \\texto{ mm}$<\/span><\/b><span class=\"citation-1642 citation-end-1642\">.<sup class=\"superscript\" data-turn-source-index=\"4\">4<\/sup><\/span> <span class=\"citation-1641 citation-end-1641\">Pode atingir uma velocidade m\u00e1xima de <sup class=\"superscript\" data-turn-source-index=\"5\">5<\/sup><\/span><span class=\"math-inline\" data-math=\"500 \\text{ mm\/s}\">$500 \\texto{ mm\/s}$<\/span><span class=\"citation-1640 citation-end-1640\">.<\/span><\/li>\n<li><b>Dur\u00e1vel e econ\u00f4mico:<\/b><span class=\"citation-1639 citation-end-1639\"> Constru\u00eddo com uma combina\u00e7\u00e3o de um motor Direct-Drive e acionamentos harm\u00f4nicos de n\u00edvel industrial, equilibrando durabilidade de longo prazo com um pre\u00e7o acess\u00edvel.<\/span><\/li>\n<li><b><span class=\"citation-1638\">Caixa de controle integrada:<\/span><\/b><span class=\"citation-1638 citation-end-1638\"> Possui uma caixa de controle integrada, contribuindo para seu design compacto e ergon\u00f4mico e economizando espa\u00e7o de trabalho valioso.<\/span><\/li>\n<li><b>Programa\u00e7\u00e3o para iniciantes:<\/b><span class=\"citation-1637\"> F\u00e1cil de programar usando o propriet\u00e1rio <\/span><b><span class=\"citation-1637\">Est\u00fadio UFACTORY<\/span><\/b><span class=\"citation-1637 citation-end-1637\"> software, que oferece uma interface gr\u00e1fica amig\u00e1vel para iniciantes com funcionalidade de arrastar e soltar.<sup class=\"superscript\" data-turn-source-index=\"9\">9<\/sup><\/span> <b><span class=\"citation-1636\">Ensino manual<\/span><\/b><span class=\"citation-1636 citation-end-1636\"> (grava\u00e7\u00e3o manual de movimento) tamb\u00e9m \u00e9 suportada para configura\u00e7\u00e3o r\u00e1pida de tarefas.<\/span><\/li>\n<li><b><span class=\"citation-1635\">Sistema poderoso de c\u00f3digo aberto:<\/span><\/b><span class=\"citation-1635\"> Para usu\u00e1rios avan\u00e7ados, ele suporta <\/span><b><span class=\"citation-1635\">ROS\/ROS2<\/span><\/b><span class=\"citation-1635\">, <\/span><b><span class=\"citation-1635\">Python<\/span><\/b><span class=\"citation-1635\">, e <\/span><b><span class=\"citation-1635\">SDKs C++<\/span><\/b><span class=\"citation-1635 citation-end-1635\">, permitindo a integra\u00e7\u00e3o em fluxos de trabalho de automa\u00e7\u00e3o industrial e sistemas de vis\u00e3o de m\u00e1quina.<\/span><\/li>\n<li><b><span class=\"citation-1634\">Caracter\u00edsticas de seguran\u00e7a:<\/span><\/b><span class=\"citation-1634 citation-end-1634\"> Inclui detec\u00e7\u00e3o de colis\u00e3o e configura\u00e7\u00f5es de limites de seguran\u00e7a para um ambiente operacional mais seguro.<\/span><\/li>\n<li><b><span class=\"citation-1633\">Conte\u00fado do kit Lite 6:<\/span><\/b><span class=\"citation-1633\"> O kit normalmente inclui o <\/span><b><span class=\"citation-1633\">Bra\u00e7o rob\u00f3tico Lite 6<\/span><\/b><span class=\"citation-1633\">, o <\/span><b><span class=\"citation-1633\">Caixa de controle integrada<\/span><\/b><span class=\"citation-1633\">, um <\/span><b><span class=\"citation-1633\">Cabo Ethernet<\/span><\/b><span class=\"citation-1633\">, uma <\/span><b><span class=\"citation-1633\">Gripper Lite<\/span><\/b><span class=\"citation-1633 citation-end-1633\"> (pin\u00e7a de 2 dedos com <sup class=\"superscript\" data-turn-source-index=\"13\">13<\/sup><\/span><span class=\"math-inline\" data-math=\"16 \\text{ mm}\">$16 \\texto{ mm}$<\/span><span class=\"citation-1632\"> acidente vascular cerebral) e um <\/span><b><span class=\"citation-1632\">Vacuum Gripper Lite<\/span><\/b><span class=\"citation-1632 citation-end-1632\"> (<sup class=\"superscript\" data-turn-source-index=\"14\">14<\/sup><\/span><span class=\"math-inline\" data-math=\"-40 \\text{ Kpa}\">$-40 \\texto{ Kpa}$<\/span><span class=\"citation-1631 citation-end-1631\"> n\u00edvel de v\u00e1cuo).<\/span><\/li>\n<\/ul>\n<h4><b>Aplica\u00e7\u00f5es ideais<\/b><\/h4>\n<p>O Lite 6 \u00e9 perfeito para tarefas como:<\/p>\n<ul>\n<li><span class=\"citation-1630 citation-end-1630\">Pesquisa e Prototipagem Rob\u00f3tica<\/span><\/li>\n<li><span class=\"citation-1629 citation-end-1629\">Educa\u00e7\u00e3o STEM\/STEAM<\/span><\/li>\n<li><span class=\"citation-1628 citation-end-1628\">Pick and Place de pe\u00e7as pequenas<\/span><\/li>\n<li><span class=\"citation-1627 citation-end-1627\">Manuten\u00e7\u00e3o de m\u00e1quinas<\/span><\/li>\n<li><span class=\"citation-1626 citation-end-1626\">Teste de tela sens\u00edvel ao toque ou teclado<\/span><\/li>\n<li><span class=\"citation-1625 citation-end-1625\">Automa\u00e7\u00e3o de laborat\u00f3rio leve<\/span><\/li>\n<\/ul>\n<p><span class=\"citation-1624 citation-end-1624\">O UFACTORY Lite 6 Kit oferece flexibilidade, custo-benef\u00edcio e uma plataforma aberta para aqueles que buscam explorar ou implantar rob\u00f3tica colaborativa.<\/span><\/p>\n<\/div>","protected":false},"excerpt":{"rendered":"<p>O kit UFACTORY Lite 6 \u00e9 um bra\u00e7o rob\u00f3tico de 6 eixos ultra acess\u00edvel e compacto, projetado para automa\u00e7\u00e3o com economia de espa\u00e7o, P&amp;D e aplica\u00e7\u00f5es educacionais onde a precis\u00e3o ultra-alta n\u00e3o \u00e9 o requisito principal.<\/p>\n<ul>\n<li>6 eixos<\/li>\n<li>Carga \u00fatil 600 g<\/li>\n<li>Alcance 440 mm<\/li>\n<li>Repetibilidade 0,5 mm<\/li>\n<li>Velocidade m\u00e1xima 500 mm\/s<\/li>\n<\/ul>\n<p>O que est\u00e1 na caixa:<\/p>\n<ul>\n<li>Rob\u00f4 Lite 6*1<\/li>\n<li>Gripper Lite*1<\/li>\n<li>Vacuum Gripper Lite*1<\/li>\n<li>Caixa de controle integrada<\/li>\n<li>Cabo Ethernet<\/li>\n<\/ul>","protected":false},"featured_media":22130,"comment_status":"open","ping_status":"closed","template":"","meta":[],"product_brand":[1148],"product_cat":[1037,1145,1146],"product_tag":[1149,1151,1155],"class_list":{"0":"post-22127","1":"product","2":"type-product","3":"status-publish","4":"has-post-thumbnail","6":"product_brand-ufactory","7":"product_cat-robotics","8":"product_cat-ufactory","9":"product_cat-arms","10":"product_tag-ufactory","11":"product_tag-ufactory-arm","12":"product_tag-ufactory-lite-6-kit","14":"first","15":"onbackorder","16":"taxable","17":"shipping-taxable","18":"purchasable","19":"product-type-simple"},"yoast_head":"<!-- This site is optimized with the Yoast SEO plugin v27.1.1 - https:\/\/yoast.com\/product\/yoast-seo-wordpress\/ -->\n<title>UFACTORY Lite 6 Kit - Ghostysky<\/title>\n<meta name=\"description\" content=\"The UFACTORY Lite 6 Kit is an ultra-affordable and compact 6-axis robot arm designed for space-saving automation, R&amp;D, and educational applications where ultra-high accuracy is not the primary requirement.\" \/>\n<meta name=\"robots\" content=\"index, follow, max-snippet:-1, max-image-preview:large, max-video-preview:-1\" \/>\n<link rel=\"canonical\" href=\"https:\/\/www.ghostysky.com\/pt\/produto-2\/ufactory-lite-6-kit\/\" \/>\n<meta property=\"og:locale\" content=\"pt_PT\" \/>\n<meta property=\"og:type\" content=\"article\" \/>\n<meta property=\"og:title\" content=\"UFACTORY Lite 6 Kit - Ghostysky\" \/>\n<meta property=\"og:description\" content=\"The UFACTORY Lite 6 Kit is an ultra-affordable and compact 6-axis robot arm designed for space-saving automation, R&amp;D, and educational applications where ultra-high accuracy is not the primary requirement.\" \/>\n<meta property=\"og:url\" content=\"https:\/\/www.ghostysky.com\/pt\/produto-2\/ufactory-lite-6-kit\/\" \/>\n<meta property=\"og:site_name\" content=\"Ghostysky\" \/>\n<meta property=\"article:publisher\" content=\"https:\/\/www.facebook.com\/people\/Ghostysky\/100057676170234\/\" \/>\n<meta property=\"article:modified_time\" content=\"2025-10-20T16:47:14+00:00\" \/>\n<meta property=\"og:image\" content=\"https:\/\/www.ghostysky.com\/wp-content\/uploads\/2025\/10\/GH_UFACTORY-Lite-6-Kit_1-scaled.png\" \/>\n\t<meta property=\"og:image:width\" content=\"2560\" \/>\n\t<meta property=\"og:image:height\" content=\"2560\" \/>\n\t<meta property=\"og:image:type\" content=\"image\/png\" \/>\n<meta name=\"twitter:card\" content=\"summary_large_image\" \/>\n<meta name=\"twitter:site\" content=\"@Gh0stysky\" \/>\n<meta name=\"twitter:label1\" content=\"Tempo estimado de leitura\" \/>\n\t<meta name=\"twitter:data1\" content=\"2 minutos\" \/>\n<script type=\"application\/ld+json\" class=\"yoast-schema-graph\">{\"@context\":\"https:\/\/schema.org\",\"@graph\":[{\"@type\":\"WebPage\",\"@id\":\"https:\/\/www.ghostysky.com\/product\/ufactory-lite-6-kit\/\",\"url\":\"https:\/\/www.ghostysky.com\/product\/ufactory-lite-6-kit\/\",\"name\":\"UFACTORY Lite 6 Kit - Ghostysky\",\"isPartOf\":{\"@id\":\"https:\/\/www.ghostysky.com\/#website\"},\"primaryImageOfPage\":{\"@id\":\"https:\/\/www.ghostysky.com\/product\/ufactory-lite-6-kit\/#primaryimage\"},\"image\":{\"@id\":\"https:\/\/www.ghostysky.com\/product\/ufactory-lite-6-kit\/#primaryimage\"},\"thumbnailUrl\":\"https:\/\/www.ghostysky.com\/wp-content\/uploads\/2025\/10\/GH_UFACTORY-Lite-6-Kit_1-scaled.png\",\"datePublished\":\"2025-10-20T16:34:49+00:00\",\"dateModified\":\"2025-10-20T16:47:14+00:00\",\"description\":\"The UFACTORY Lite 6 Kit is an ultra-affordable and compact 6-axis robot arm designed for space-saving automation, R&D, and educational applications where ultra-high accuracy is not the primary requirement.\",\"breadcrumb\":{\"@id\":\"https:\/\/www.ghostysky.com\/product\/ufactory-lite-6-kit\/#breadcrumb\"},\"inLanguage\":\"pt-PT\",\"potentialAction\":[{\"@type\":\"ReadAction\",\"target\":[\"https:\/\/www.ghostysky.com\/product\/ufactory-lite-6-kit\/\"]}]},{\"@type\":\"ImageObject\",\"inLanguage\":\"pt-PT\",\"@id\":\"https:\/\/www.ghostysky.com\/product\/ufactory-lite-6-kit\/#primaryimage\",\"url\":\"https:\/\/www.ghostysky.com\/wp-content\/uploads\/2025\/10\/GH_UFACTORY-Lite-6-Kit_1-scaled.png\",\"contentUrl\":\"https:\/\/www.ghostysky.com\/wp-content\/uploads\/2025\/10\/GH_UFACTORY-Lite-6-Kit_1-scaled.png\",\"width\":2560,\"height\":2560},{\"@type\":\"BreadcrumbList\",\"@id\":\"https:\/\/www.ghostysky.com\/product\/ufactory-lite-6-kit\/#breadcrumb\",\"itemListElement\":[{\"@type\":\"ListItem\",\"position\":1,\"name\":\"Home\",\"item\":\"https:\/\/www.ghostysky.com\/\"},{\"@type\":\"ListItem\",\"position\":2,\"name\":\"Shop\",\"item\":\"https:\/\/www.ghostysky.com\/shop\/\"},{\"@type\":\"ListItem\",\"position\":3,\"name\":\"UFACTORY Lite 6 Kit\"}]},{\"@type\":\"WebSite\",\"@id\":\"https:\/\/www.ghostysky.com\/#website\",\"url\":\"https:\/\/www.ghostysky.com\/\",\"name\":\"Ghostysky\",\"description\":\"Delivering professional drones and services\",\"publisher\":{\"@id\":\"https:\/\/www.ghostysky.com\/#organization\"},\"potentialAction\":[{\"@type\":\"SearchAction\",\"target\":{\"@type\":\"EntryPoint\",\"urlTemplate\":\"https:\/\/www.ghostysky.com\/?s={search_term_string}\"},\"query-input\":{\"@type\":\"PropertyValueSpecification\",\"valueRequired\":true,\"valueName\":\"search_term_string\"}}],\"inLanguage\":\"pt-PT\"},{\"@type\":\"Organization\",\"@id\":\"https:\/\/www.ghostysky.com\/#organization\",\"name\":\"Ghostysky\",\"url\":\"https:\/\/www.ghostysky.com\/\",\"logo\":{\"@type\":\"ImageObject\",\"inLanguage\":\"pt-PT\",\"@id\":\"https:\/\/www.ghostysky.com\/#\/schema\/logo\/image\/\",\"url\":\"https:\/\/www.ghostysky.com\/wp-content\/uploads\/2020\/06\/cropped-ghostyskylogo_text_white2.png\",\"contentUrl\":\"https:\/\/www.ghostysky.com\/wp-content\/uploads\/2020\/06\/cropped-ghostyskylogo_text_white2.png\",\"width\":169,\"height\":56,\"caption\":\"Ghostysky\"},\"image\":{\"@id\":\"https:\/\/www.ghostysky.com\/#\/schema\/logo\/image\/\"},\"sameAs\":[\"https:\/\/www.facebook.com\/people\/Ghostysky\/100057676170234\/\",\"https:\/\/x.com\/Gh0stysky\",\"https:\/\/www.linkedin.com\/company\/34739653\",\"https:\/\/www.instagram.com\/gh0stysky\"]}]}<\/script>\n<!-- \/ Yoast SEO plugin. -->","yoast_head_json":{"title":"Kit UFACTORY Lite 6 - Ghostysky","description":"O kit UFACTORY Lite 6 \u00e9 um bra\u00e7o rob\u00f3tico de 6 eixos ultra acess\u00edvel e compacto, projetado para automa\u00e7\u00e3o com economia de espa\u00e7o, P&amp;D e aplica\u00e7\u00f5es educacionais onde a precis\u00e3o ultra-alta n\u00e3o \u00e9 o requisito principal.","robots":{"index":"index","follow":"follow","max-snippet":"max-snippet:-1","max-image-preview":"max-image-preview:large","max-video-preview":"max-video-preview:-1"},"canonical":"https:\/\/www.ghostysky.com\/pt\/produto-2\/ufactory-lite-6-kit\/","og_locale":"pt_PT","og_type":"article","og_title":"UFACTORY Lite 6 Kit - Ghostysky","og_description":"The UFACTORY Lite 6 Kit is an ultra-affordable and compact 6-axis robot arm designed for space-saving automation, R&D, and educational applications where ultra-high accuracy is not the primary requirement.","og_url":"https:\/\/www.ghostysky.com\/pt\/produto-2\/ufactory-lite-6-kit\/","og_site_name":"Ghostysky","article_publisher":"https:\/\/www.facebook.com\/people\/Ghostysky\/100057676170234\/","article_modified_time":"2025-10-20T16:47:14+00:00","og_image":[{"width":2560,"height":2560,"url":"https:\/\/www.ghostysky.com\/wp-content\/uploads\/2025\/10\/GH_UFACTORY-Lite-6-Kit_1-scaled.png","type":"image\/png"}],"twitter_card":"summary_large_image","twitter_site":"@Gh0stysky","twitter_misc":{"Tempo estimado de leitura":"2 minutos"},"schema":{"@context":"https:\/\/schema.org","@graph":[{"@type":"WebPage","@id":"https:\/\/www.ghostysky.com\/product\/ufactory-lite-6-kit\/","url":"https:\/\/www.ghostysky.com\/product\/ufactory-lite-6-kit\/","name":"Kit UFACTORY Lite 6 - Ghostysky","isPartOf":{"@id":"https:\/\/www.ghostysky.com\/#website"},"primaryImageOfPage":{"@id":"https:\/\/www.ghostysky.com\/product\/ufactory-lite-6-kit\/#primaryimage"},"image":{"@id":"https:\/\/www.ghostysky.com\/product\/ufactory-lite-6-kit\/#primaryimage"},"thumbnailUrl":"https:\/\/www.ghostysky.com\/wp-content\/uploads\/2025\/10\/GH_UFACTORY-Lite-6-Kit_1-scaled.png","datePublished":"2025-10-20T16:34:49+00:00","dateModified":"2025-10-20T16:47:14+00:00","description":"O kit UFACTORY Lite 6 \u00e9 um bra\u00e7o rob\u00f3tico de 6 eixos ultra acess\u00edvel e compacto, projetado para automa\u00e7\u00e3o com economia de espa\u00e7o, P&amp;D e aplica\u00e7\u00f5es educacionais onde a precis\u00e3o ultra-alta n\u00e3o \u00e9 o requisito principal.","breadcrumb":{"@id":"https:\/\/www.ghostysky.com\/product\/ufactory-lite-6-kit\/#breadcrumb"},"inLanguage":"pt-PT","potentialAction":[{"@type":"ReadAction","target":["https:\/\/www.ghostysky.com\/product\/ufactory-lite-6-kit\/"]}]},{"@type":"ImageObject","inLanguage":"pt-PT","@id":"https:\/\/www.ghostysky.com\/product\/ufactory-lite-6-kit\/#primaryimage","url":"https:\/\/www.ghostysky.com\/wp-content\/uploads\/2025\/10\/GH_UFACTORY-Lite-6-Kit_1-scaled.png","contentUrl":"https:\/\/www.ghostysky.com\/wp-content\/uploads\/2025\/10\/GH_UFACTORY-Lite-6-Kit_1-scaled.png","width":2560,"height":2560},{"@type":"BreadcrumbList","@id":"https:\/\/www.ghostysky.com\/product\/ufactory-lite-6-kit\/#breadcrumb","itemListElement":[{"@type":"ListItem","position":1,"name":"Home","item":"https:\/\/www.ghostysky.com\/"},{"@type":"ListItem","position":2,"name":"Shop","item":"https:\/\/www.ghostysky.com\/shop\/"},{"@type":"ListItem","position":3,"name":"UFACTORY Lite 6 Kit"}]},{"@type":"WebSite","@id":"https:\/\/www.ghostysky.com\/#website","url":"https:\/\/www.ghostysky.com\/","name":"Ghostysky","description":"Fornecendo drones e servi\u00e7os profissionais","publisher":{"@id":"https:\/\/www.ghostysky.com\/#organization"},"potentialAction":[{"@type":"SearchAction","target":{"@type":"EntryPoint","urlTemplate":"https:\/\/www.ghostysky.com\/?s={search_term_string}"},"query-input":{"@type":"PropertyValueSpecification","valueRequired":true,"valueName":"search_term_string"}}],"inLanguage":"pt-PT"},{"@type":"Organization","@id":"https:\/\/www.ghostysky.com\/#organization","name":"Ghostysky","url":"https:\/\/www.ghostysky.com\/","logo":{"@type":"ImageObject","inLanguage":"pt-PT","@id":"https:\/\/www.ghostysky.com\/#\/schema\/logo\/image\/","url":"https:\/\/www.ghostysky.com\/wp-content\/uploads\/2020\/06\/cropped-ghostyskylogo_text_white2.png","contentUrl":"https:\/\/www.ghostysky.com\/wp-content\/uploads\/2020\/06\/cropped-ghostyskylogo_text_white2.png","width":169,"height":56,"caption":"Ghostysky"},"image":{"@id":"https:\/\/www.ghostysky.com\/#\/schema\/logo\/image\/"},"sameAs":["https:\/\/www.facebook.com\/people\/Ghostysky\/100057676170234\/","https:\/\/x.com\/Gh0stysky","https:\/\/www.linkedin.com\/company\/34739653","https:\/\/www.instagram.com\/gh0stysky"]}]}},"_links":{"self":[{"href":"https:\/\/www.ghostysky.com\/pt\/wp-json\/wp\/v2\/product\/22127","targetHints":{"allow":["GET"]}}],"collection":[{"href":"https:\/\/www.ghostysky.com\/pt\/wp-json\/wp\/v2\/product"}],"about":[{"href":"https:\/\/www.ghostysky.com\/pt\/wp-json\/wp\/v2\/types\/product"}],"replies":[{"embeddable":true,"href":"https:\/\/www.ghostysky.com\/pt\/wp-json\/wp\/v2\/comments?post=22127"}],"wp:featuredmedia":[{"embeddable":true,"href":"https:\/\/www.ghostysky.com\/pt\/wp-json\/wp\/v2\/media\/22130"}],"wp:attachment":[{"href":"https:\/\/www.ghostysky.com\/pt\/wp-json\/wp\/v2\/media?parent=22127"}],"wp:term":[{"taxonomy":"product_brand","embeddable":true,"href":"https:\/\/www.ghostysky.com\/pt\/wp-json\/wp\/v2\/product_brand?post=22127"},{"taxonomy":"product_cat","embeddable":true,"href":"https:\/\/www.ghostysky.com\/pt\/wp-json\/wp\/v2\/product_cat?post=22127"},{"taxonomy":"product_tag","embeddable":true,"href":"https:\/\/www.ghostysky.com\/pt\/wp-json\/wp\/v2\/product_tag?post=22127"}],"curies":[{"name":"wp","href":"https:\/\/api.w.org\/{rel}","templated":true}]}}