{"id":22132,"date":"2025-10-20T16:51:38","date_gmt":"2025-10-20T16:51:38","guid":{"rendered":"https:\/\/www.ghostysky.com\/?post_type=product&#038;p=22132"},"modified":"2025-10-20T16:57:23","modified_gmt":"2025-10-20T16:57:23","slug":"ufactory-lite-6","status":"publish","type":"product","link":"https:\/\/www.ghostysky.com\/pt\/product\/ufactory-lite-6\/","title":{"rendered":"UFACTORY Lite 6"},"content":{"rendered":"<div id=\"model-response-message-contentr_4e76f402e5aca471\" class=\"markdown markdown-main-panel stronger enable-updated-hr-color\" dir=\"ltr\">\n<div id=\"model-response-message-contentr_031a45f75ce1ac2f\" class=\"markdown markdown-main-panel stronger enable-updated-hr-color\" dir=\"ltr\">\n<h4><b>Caracter\u00edsticas principais<\/b><\/h4>\n<ul>\n<li><b><span class=\"citation-1687\">Design compacto de 6 eixos:<\/span><\/b><span class=\"citation-1687 citation-end-1687\"> Possui 6 graus de liberdade (DoF) e uma estrutura leve, o que o torna perfeito para integra\u00e7\u00e3o em bancadas de laborat\u00f3rio ou superf\u00edcies de trabalho sem exigir espa\u00e7o significativo.<\/span><\/li>\n<li><b><span class=\"citation-1686\">Desempenho acess\u00edvel:<\/span><\/b><span class=\"citation-1686 citation-end-1686\"> Projetado para ser um dos bra\u00e7os rob\u00f3ticos de mesa de 6 eixos mais acess\u00edveis do mercado, combinando componentes de n\u00edvel industrial com um design f\u00e1cil de usar para se adequar a or\u00e7amentos mais apertados.<\/span><\/li>\n<li><b>Especifica\u00e7\u00f5es:<\/b>\n<ul>\n<li><b><span class=\"citation-1685\">Carga \u00fatil:<\/span><\/b> <span class=\"math-inline\" data-math=\"600\\text{ g}\"><span class=\"katex\"><span class=\"katex-html\" aria-hidden=\"true\"><span class=\"base\"><span class=\"mord\">600<\/span><span class=\"mord text\"><span class=\"mord\">\u00a0g<\/span><\/span><\/span><\/span><\/span><\/span><span class=\"citation-1684 citation-end-1684\"> (Algumas fontes indicam <\/span><span class=\"math-inline\" data-math=\"1\\text{ kg}\"><span class=\"katex\"><span class=\"katex-html\" aria-hidden=\"true\"><span class=\"base\"><span class=\"mord\">1<\/span><span class=\"mord text\"><span class=\"mord\">\u00a0kg<\/span><\/span><\/span><\/span><\/span><\/span><span class=\"citation-1683 citation-end-1683\">)<\/span><\/li>\n<li><b>Alcan\u00e7ar:<\/b> <span class=\"math-inline\" data-math=\"440\\text{ mm}\"><span class=\"katex\"><span class=\"katex-html\" aria-hidden=\"true\"><span class=\"base\"><span class=\"mord\">440<\/span><span class=\"mord text\"><span class=\"mord\">\u00a0mil\u00edmetros<\/span><\/span><\/span><\/span><\/span><\/span><\/li>\n<li><b>Repetibilidade:<\/b> <span class=\"math-inline\" data-math=\"\\pm 0.5\\text{ mm}\"><span class=\"katex\"><span class=\"katex-html\" aria-hidden=\"true\"><span class=\"base\"><span class=\"mord\">\u00b1<\/span><span class=\"mord\">0.5<\/span><span class=\"mord text\"><span class=\"mord\">\u00a0mil\u00edmetros<\/span><\/span><\/span><\/span><\/span><\/span><span class=\"citation-1680 citation-end-1680\"> (Algumas fontes indicam <\/span><span class=\"math-inline\" data-math=\"\\pm 0.2\\text{ mm}\"><span class=\"katex\"><span class=\"katex-html\" aria-hidden=\"true\"><span class=\"base\"><span class=\"mord\">\u00b1<\/span><span class=\"mord\">0.2<\/span><span class=\"mord text\"><span class=\"mord\">\u00a0mil\u00edmetros<\/span><\/span><\/span><\/span><\/span><\/span><span class=\"citation-1679 citation-end-1679\">)<\/span><\/li>\n<li><b><span class=\"citation-1678\">Velocidade m\u00e1xima:<\/span><\/b> <span class=\"math-inline\" data-math=\"500\\text{ mm\/s}\"><span class=\"katex\"><span class=\"katex-html\" aria-hidden=\"true\"><span class=\"base\"><span class=\"mord\">500<\/span><span class=\"mord text\"><span class=\"mord\">\u00a0mm\/s<\/span><\/span><\/span><\/span><\/span><\/span><\/li>\n<\/ul>\n<\/li>\n<li><b><span class=\"citation-1677\">Caixa de controle integrada:<\/span><\/b><span class=\"citation-1677 citation-end-1677\"> A unidade de controle \u00e9 incorporada \u00e0 base do bra\u00e7o do rob\u00f4, o que contribui para seu tamanho compacto e f\u00e1cil implanta\u00e7\u00e3o.<\/span><\/li>\n<li><b>C\u00f3digo aberto e amig\u00e1vel ao desenvolvedor:<\/b><span class=\"citation-1676\"> Ele oferece suporte a um ambiente de desenvolvimento poderoso e de c\u00f3digo aberto, incluindo <\/span><b><span class=\"citation-1676\">Python<\/span><\/b><span class=\"citation-1676\">, <\/span><b><span class=\"citation-1676\">C++<\/span><\/b><span class=\"citation-1676\">, <\/span><b><span class=\"citation-1676\">ROS<\/span><\/b><span class=\"citation-1676\">, e <\/span><b><span class=\"citation-1676\">ROS2<\/span><\/b><span class=\"citation-1676 citation-end-1676\"> com pacotes e SDKs prontamente dispon\u00edveis.<\/span> <span class=\"citation-1675\">A programa\u00e7\u00e3o tamb\u00e9m \u00e9 facilitada para iniciantes por meio do <\/span><b><span class=\"citation-1675\">Est\u00fadio UFACTORY<\/span><\/b><span class=\"citation-1675 citation-end-1675\"> interface gr\u00e1fica do usu\u00e1rio, que suporta ensino manual e grava\u00e7\u00e3o de trajet\u00f3ria.<\/span><\/li>\n<li><b>Dur\u00e1vel e seguro:<\/b><span class=\"citation-1674 citation-end-1674\"> Constru\u00eddo com uma combina\u00e7\u00e3o de motores de acionamento direto e acionamentos harm\u00f4nicos para maior durabilidade e custo-benef\u00edcio.<\/span> <span class=\"citation-1673 citation-end-1673\">Ele inclui recursos de seguran\u00e7a como detec\u00e7\u00e3o de colis\u00e3o e foi projetado para opera\u00e7\u00e3o 24 horas por dia, 7 dias por semana.<\/span><\/li>\n<li><b>Formul\u00e1rios:<\/b> O Lite 6 \u00e9 excelente para tarefas que n\u00e3o exigem extrema precis\u00e3o, como:\n<ul>\n<li><span class=\"citation-1672 citation-end-1672\">Pesquisa e Desenvolvimento Rob\u00f3tico<\/span><\/li>\n<li><span class=\"citation-1671 citation-end-1671\">Automa\u00e7\u00e3o de Laborat\u00f3rio<\/span><\/li>\n<li><span class=\"citation-1670 citation-end-1670\">Leve Pick-and-Place<\/span><\/li>\n<li><span class=\"citation-1669 citation-end-1669\">Treinamento Educacional em Rob\u00f3tica e ROS<\/span><\/li>\n<\/ul>\n<\/li>\n<\/ul>\n<p>O UFACTORY Lite 6 fornece um ponto de entrada robusto, flex\u00edvel e econ\u00f4mico em rob\u00f3tica colaborativa para pequenas e m\u00e9dias empresas, pesquisadores e institui\u00e7\u00f5es educacionais. <span class=\"citation-1668 citation-end-1668\">(Opcional: acess\u00f3rios como o Lite Gripper e o Vacuum Gripper podem ser adicionados ao kit para maior funcionalidade.)<\/span><\/p>\n<div class=\"source-inline-chip-container ng-star-inserted\"><\/div>\n<\/div>\n<\/div>","protected":false},"excerpt":{"rendered":"<p><span class=\"citation-1689\">O <\/span><b><span class=\"citation-1689\">UFACTORY Lite 6<\/span><\/b><span class=\"citation-1689 citation-end-1689\"> \u00e9 um bra\u00e7o rob\u00f3tico colaborativo de 6 eixos altamente vers\u00e1til e econ\u00f4mico, projetado especificamente para tarefas de automa\u00e7\u00e3o de mesa e que economizam espa\u00e7o.<\/span> <span class=\"citation-1688 citation-end-1688\">\u00c9 uma solu\u00e7\u00e3o ideal para manipula\u00e7\u00e3o de luz, pesquisa e fins educacionais, onde flexibilidade e efici\u00eancia s\u00e3o essenciais.<\/span><\/p>\n<ul>\n<li>6 eixos<\/li>\n<li>Carga \u00fatil 600 g<\/li>\n<li>Alcance 440 mm<\/li>\n<li>Repetibilidade 0,5 mm<\/li>\n<li>Velocidade m\u00e1xima 500 mm\/s<\/li>\n<\/ul>\n<p>O que est\u00e1 na caixa:<\/p>\n<ul>\n<li>Rob\u00f4 Lite 6*1<\/li>\n<li>Caixa de controle integrada<\/li>\n<li>Cabo Ethernet<\/li>\n<\/ul>","protected":false},"featured_media":22135,"comment_status":"open","ping_status":"closed","template":"","meta":[],"product_brand":[1148],"product_cat":[1037,1145,1146],"product_tag":[1149,1151,1156],"class_list":{"0":"post-22132","1":"product","2":"type-product","3":"status-publish","4":"has-post-thumbnail","6":"product_brand-ufactory","7":"product_cat-robotics","8":"product_cat-ufactory","9":"product_cat-arms","10":"product_tag-ufactory","11":"product_tag-ufactory-arm","12":"product_tag-ufactory-lite-6","14":"first","15":"onbackorder","16":"taxable","17":"shipping-taxable","18":"purchasable","19":"product-type-simple"},"yoast_head":"<!-- This site is optimized with the Yoast SEO plugin v27.1.1 - https:\/\/yoast.com\/product\/yoast-seo-wordpress\/ -->\n<title>UFACTORY Lite 6 - Ghostysky<\/title>\n<meta name=\"description\" content=\"The UFACTORY Lite 6 is a highly versatile and cost-effective 6-axis collaborative robotic arm, specifically designed for desktop and space-saving automation tasks. It is an ideal solution for light manipulation, research, and educational purposes where flexibility and efficiency are key.\" \/>\n<meta name=\"robots\" content=\"index, follow, max-snippet:-1, max-image-preview:large, max-video-preview:-1\" \/>\n<link rel=\"canonical\" href=\"https:\/\/www.ghostysky.com\/pt\/produto-2\/ufactory-lite-6\/\" \/>\n<meta property=\"og:locale\" content=\"pt_PT\" \/>\n<meta property=\"og:type\" content=\"article\" \/>\n<meta property=\"og:title\" content=\"UFACTORY Lite 6 - Ghostysky\" \/>\n<meta property=\"og:description\" content=\"The UFACTORY Lite 6 is a highly versatile and cost-effective 6-axis collaborative robotic arm, specifically designed for desktop and space-saving automation tasks. It is an ideal solution for light manipulation, research, and educational purposes where flexibility and efficiency are key.\" \/>\n<meta property=\"og:url\" content=\"https:\/\/www.ghostysky.com\/pt\/produto-2\/ufactory-lite-6\/\" \/>\n<meta property=\"og:site_name\" content=\"Ghostysky\" \/>\n<meta property=\"article:publisher\" content=\"https:\/\/www.facebook.com\/people\/Ghostysky\/100057676170234\/\" \/>\n<meta property=\"article:modified_time\" content=\"2025-10-20T16:57:23+00:00\" \/>\n<meta property=\"og:image\" content=\"https:\/\/www.ghostysky.com\/wp-content\/uploads\/2025\/10\/GH_UFACTORY-Lite-6_1.png\" \/>\n\t<meta property=\"og:image:width\" content=\"2560\" \/>\n\t<meta property=\"og:image:height\" content=\"2560\" \/>\n\t<meta property=\"og:image:type\" content=\"image\/png\" \/>\n<meta name=\"twitter:card\" content=\"summary_large_image\" \/>\n<meta name=\"twitter:site\" content=\"@Gh0stysky\" \/>\n<meta name=\"twitter:label1\" content=\"Tempo estimado de leitura\" \/>\n\t<meta name=\"twitter:data1\" content=\"2 minutos\" \/>\n<script type=\"application\/ld+json\" class=\"yoast-schema-graph\">{\"@context\":\"https:\/\/schema.org\",\"@graph\":[{\"@type\":\"WebPage\",\"@id\":\"https:\/\/www.ghostysky.com\/product\/ufactory-lite-6\/\",\"url\":\"https:\/\/www.ghostysky.com\/product\/ufactory-lite-6\/\",\"name\":\"UFACTORY Lite 6 - Ghostysky\",\"isPartOf\":{\"@id\":\"https:\/\/www.ghostysky.com\/#website\"},\"primaryImageOfPage\":{\"@id\":\"https:\/\/www.ghostysky.com\/product\/ufactory-lite-6\/#primaryimage\"},\"image\":{\"@id\":\"https:\/\/www.ghostysky.com\/product\/ufactory-lite-6\/#primaryimage\"},\"thumbnailUrl\":\"https:\/\/www.ghostysky.com\/wp-content\/uploads\/2025\/10\/GH_UFACTORY-Lite-6_1.png\",\"datePublished\":\"2025-10-20T16:51:38+00:00\",\"dateModified\":\"2025-10-20T16:57:23+00:00\",\"description\":\"The UFACTORY Lite 6 is a highly versatile and cost-effective 6-axis collaborative robotic arm, specifically designed for desktop and space-saving automation tasks. It is an ideal solution for light manipulation, research, and educational purposes where flexibility and efficiency are key.\",\"breadcrumb\":{\"@id\":\"https:\/\/www.ghostysky.com\/product\/ufactory-lite-6\/#breadcrumb\"},\"inLanguage\":\"pt-PT\",\"potentialAction\":[{\"@type\":\"ReadAction\",\"target\":[\"https:\/\/www.ghostysky.com\/product\/ufactory-lite-6\/\"]}]},{\"@type\":\"ImageObject\",\"inLanguage\":\"pt-PT\",\"@id\":\"https:\/\/www.ghostysky.com\/product\/ufactory-lite-6\/#primaryimage\",\"url\":\"https:\/\/www.ghostysky.com\/wp-content\/uploads\/2025\/10\/GH_UFACTORY-Lite-6_1.png\",\"contentUrl\":\"https:\/\/www.ghostysky.com\/wp-content\/uploads\/2025\/10\/GH_UFACTORY-Lite-6_1.png\",\"width\":2560,\"height\":2560},{\"@type\":\"BreadcrumbList\",\"@id\":\"https:\/\/www.ghostysky.com\/product\/ufactory-lite-6\/#breadcrumb\",\"itemListElement\":[{\"@type\":\"ListItem\",\"position\":1,\"name\":\"Home\",\"item\":\"https:\/\/www.ghostysky.com\/\"},{\"@type\":\"ListItem\",\"position\":2,\"name\":\"Shop\",\"item\":\"https:\/\/www.ghostysky.com\/shop\/\"},{\"@type\":\"ListItem\",\"position\":3,\"name\":\"UFACTORY Lite 6\"}]},{\"@type\":\"WebSite\",\"@id\":\"https:\/\/www.ghostysky.com\/#website\",\"url\":\"https:\/\/www.ghostysky.com\/\",\"name\":\"Ghostysky\",\"description\":\"Delivering professional drones and services\",\"publisher\":{\"@id\":\"https:\/\/www.ghostysky.com\/#organization\"},\"potentialAction\":[{\"@type\":\"SearchAction\",\"target\":{\"@type\":\"EntryPoint\",\"urlTemplate\":\"https:\/\/www.ghostysky.com\/?s={search_term_string}\"},\"query-input\":{\"@type\":\"PropertyValueSpecification\",\"valueRequired\":true,\"valueName\":\"search_term_string\"}}],\"inLanguage\":\"pt-PT\"},{\"@type\":\"Organization\",\"@id\":\"https:\/\/www.ghostysky.com\/#organization\",\"name\":\"Ghostysky\",\"url\":\"https:\/\/www.ghostysky.com\/\",\"logo\":{\"@type\":\"ImageObject\",\"inLanguage\":\"pt-PT\",\"@id\":\"https:\/\/www.ghostysky.com\/#\/schema\/logo\/image\/\",\"url\":\"https:\/\/www.ghostysky.com\/wp-content\/uploads\/2020\/06\/cropped-ghostyskylogo_text_white2.png\",\"contentUrl\":\"https:\/\/www.ghostysky.com\/wp-content\/uploads\/2020\/06\/cropped-ghostyskylogo_text_white2.png\",\"width\":169,\"height\":56,\"caption\":\"Ghostysky\"},\"image\":{\"@id\":\"https:\/\/www.ghostysky.com\/#\/schema\/logo\/image\/\"},\"sameAs\":[\"https:\/\/www.facebook.com\/people\/Ghostysky\/100057676170234\/\",\"https:\/\/x.com\/Gh0stysky\",\"https:\/\/www.linkedin.com\/company\/34739653\",\"https:\/\/www.instagram.com\/gh0stysky\"]}]}<\/script>\n<!-- \/ Yoast SEO plugin. -->","yoast_head_json":{"title":"UFACTORY Lite 6 - Ghostysky","description":"O UFACTORY Lite 6 \u00e9 um bra\u00e7o rob\u00f3tico colaborativo de 6 eixos altamente vers\u00e1til e econ\u00f4mico, projetado especificamente para tarefas de automa\u00e7\u00e3o em mesa e que ocupam pouco espa\u00e7o. \u00c9 uma solu\u00e7\u00e3o ideal para manipula\u00e7\u00e3o de luz, pesquisa e fins educacionais, onde flexibilidade e efici\u00eancia s\u00e3o essenciais.","robots":{"index":"index","follow":"follow","max-snippet":"max-snippet:-1","max-image-preview":"max-image-preview:large","max-video-preview":"max-video-preview:-1"},"canonical":"https:\/\/www.ghostysky.com\/pt\/produto-2\/ufactory-lite-6\/","og_locale":"pt_PT","og_type":"article","og_title":"UFACTORY Lite 6 - Ghostysky","og_description":"The UFACTORY Lite 6 is a highly versatile and cost-effective 6-axis collaborative robotic arm, specifically designed for desktop and space-saving automation tasks. It is an ideal solution for light manipulation, research, and educational purposes where flexibility and efficiency are key.","og_url":"https:\/\/www.ghostysky.com\/pt\/produto-2\/ufactory-lite-6\/","og_site_name":"Ghostysky","article_publisher":"https:\/\/www.facebook.com\/people\/Ghostysky\/100057676170234\/","article_modified_time":"2025-10-20T16:57:23+00:00","og_image":[{"width":2560,"height":2560,"url":"https:\/\/www.ghostysky.com\/wp-content\/uploads\/2025\/10\/GH_UFACTORY-Lite-6_1.png","type":"image\/png"}],"twitter_card":"summary_large_image","twitter_site":"@Gh0stysky","twitter_misc":{"Tempo estimado de leitura":"2 minutos"},"schema":{"@context":"https:\/\/schema.org","@graph":[{"@type":"WebPage","@id":"https:\/\/www.ghostysky.com\/product\/ufactory-lite-6\/","url":"https:\/\/www.ghostysky.com\/product\/ufactory-lite-6\/","name":"UFACTORY Lite 6 - Ghostysky","isPartOf":{"@id":"https:\/\/www.ghostysky.com\/#website"},"primaryImageOfPage":{"@id":"https:\/\/www.ghostysky.com\/product\/ufactory-lite-6\/#primaryimage"},"image":{"@id":"https:\/\/www.ghostysky.com\/product\/ufactory-lite-6\/#primaryimage"},"thumbnailUrl":"https:\/\/www.ghostysky.com\/wp-content\/uploads\/2025\/10\/GH_UFACTORY-Lite-6_1.png","datePublished":"2025-10-20T16:51:38+00:00","dateModified":"2025-10-20T16:57:23+00:00","description":"O UFACTORY Lite 6 \u00e9 um bra\u00e7o rob\u00f3tico colaborativo de 6 eixos altamente vers\u00e1til e econ\u00f4mico, projetado especificamente para tarefas de automa\u00e7\u00e3o em mesa e que ocupam pouco espa\u00e7o. \u00c9 uma solu\u00e7\u00e3o ideal para manipula\u00e7\u00e3o de luz, pesquisa e fins educacionais, onde flexibilidade e efici\u00eancia s\u00e3o essenciais.","breadcrumb":{"@id":"https:\/\/www.ghostysky.com\/product\/ufactory-lite-6\/#breadcrumb"},"inLanguage":"pt-PT","potentialAction":[{"@type":"ReadAction","target":["https:\/\/www.ghostysky.com\/product\/ufactory-lite-6\/"]}]},{"@type":"ImageObject","inLanguage":"pt-PT","@id":"https:\/\/www.ghostysky.com\/product\/ufactory-lite-6\/#primaryimage","url":"https:\/\/www.ghostysky.com\/wp-content\/uploads\/2025\/10\/GH_UFACTORY-Lite-6_1.png","contentUrl":"https:\/\/www.ghostysky.com\/wp-content\/uploads\/2025\/10\/GH_UFACTORY-Lite-6_1.png","width":2560,"height":2560},{"@type":"BreadcrumbList","@id":"https:\/\/www.ghostysky.com\/product\/ufactory-lite-6\/#breadcrumb","itemListElement":[{"@type":"ListItem","position":1,"name":"Home","item":"https:\/\/www.ghostysky.com\/"},{"@type":"ListItem","position":2,"name":"Shop","item":"https:\/\/www.ghostysky.com\/shop\/"},{"@type":"ListItem","position":3,"name":"UFACTORY Lite 6"}]},{"@type":"WebSite","@id":"https:\/\/www.ghostysky.com\/#website","url":"https:\/\/www.ghostysky.com\/","name":"Ghostysky","description":"Fornecendo drones e servi\u00e7os profissionais","publisher":{"@id":"https:\/\/www.ghostysky.com\/#organization"},"potentialAction":[{"@type":"SearchAction","target":{"@type":"EntryPoint","urlTemplate":"https:\/\/www.ghostysky.com\/?s={search_term_string}"},"query-input":{"@type":"PropertyValueSpecification","valueRequired":true,"valueName":"search_term_string"}}],"inLanguage":"pt-PT"},{"@type":"Organization","@id":"https:\/\/www.ghostysky.com\/#organization","name":"Ghostysky","url":"https:\/\/www.ghostysky.com\/","logo":{"@type":"ImageObject","inLanguage":"pt-PT","@id":"https:\/\/www.ghostysky.com\/#\/schema\/logo\/image\/","url":"https:\/\/www.ghostysky.com\/wp-content\/uploads\/2020\/06\/cropped-ghostyskylogo_text_white2.png","contentUrl":"https:\/\/www.ghostysky.com\/wp-content\/uploads\/2020\/06\/cropped-ghostyskylogo_text_white2.png","width":169,"height":56,"caption":"Ghostysky"},"image":{"@id":"https:\/\/www.ghostysky.com\/#\/schema\/logo\/image\/"},"sameAs":["https:\/\/www.facebook.com\/people\/Ghostysky\/100057676170234\/","https:\/\/x.com\/Gh0stysky","https:\/\/www.linkedin.com\/company\/34739653","https:\/\/www.instagram.com\/gh0stysky"]}]}},"_links":{"self":[{"href":"https:\/\/www.ghostysky.com\/pt\/wp-json\/wp\/v2\/product\/22132","targetHints":{"allow":["GET"]}}],"collection":[{"href":"https:\/\/www.ghostysky.com\/pt\/wp-json\/wp\/v2\/product"}],"about":[{"href":"https:\/\/www.ghostysky.com\/pt\/wp-json\/wp\/v2\/types\/product"}],"replies":[{"embeddable":true,"href":"https:\/\/www.ghostysky.com\/pt\/wp-json\/wp\/v2\/comments?post=22132"}],"wp:featuredmedia":[{"embeddable":true,"href":"https:\/\/www.ghostysky.com\/pt\/wp-json\/wp\/v2\/media\/22135"}],"wp:attachment":[{"href":"https:\/\/www.ghostysky.com\/pt\/wp-json\/wp\/v2\/media?parent=22132"}],"wp:term":[{"taxonomy":"product_brand","embeddable":true,"href":"https:\/\/www.ghostysky.com\/pt\/wp-json\/wp\/v2\/product_brand?post=22132"},{"taxonomy":"product_cat","embeddable":true,"href":"https:\/\/www.ghostysky.com\/pt\/wp-json\/wp\/v2\/product_cat?post=22132"},{"taxonomy":"product_tag","embeddable":true,"href":"https:\/\/www.ghostysky.com\/pt\/wp-json\/wp\/v2\/product_tag?post=22132"}],"curies":[{"name":"wp","href":"https:\/\/api.w.org\/{rel}","templated":true}]}}