{"id":22142,"date":"2025-10-20T17:23:31","date_gmt":"2025-10-20T17:23:31","guid":{"rendered":"https:\/\/www.ghostysky.com\/?post_type=product&#038;p=22142"},"modified":"2025-10-20T17:24:22","modified_gmt":"2025-10-20T17:24:22","slug":"ufactory-850-ac-control-box","status":"publish","type":"product","link":"https:\/\/www.ghostysky.com\/pt\/product\/ufactory-850-ac-control-box\/","title":{"rendered":"Caixa de controle CA UFACTORY 850"},"content":{"rendered":"<div id=\"model-response-message-contentr_20b013c2d27dc29b\" class=\"markdown markdown-main-panel stronger enable-updated-hr-color\" dir=\"ltr\">\n<h4><b>Principais recursos e benef\u00edcios<\/b><\/h4>\n<ul>\n<li><b><span class=\"citation-1702\">Fonte de alimenta\u00e7\u00e3o integrada:<\/span><\/b><span class=\"citation-1702 citation-end-1702\"> Projetada para implanta\u00e7\u00e3o r\u00e1pida e f\u00e1cil, a caixa de controle CA cont\u00e9m um adaptador CA-CC integrado, permitindo que ela seja alimentada diretamente de uma tomada de parede padr\u00e3o.<\/span> <span class=\"citation-1701\">Ele aceita uma ampla tens\u00e3o de entrada de <\/span><b><span class=\"citation-1701\">100-240 V CA (50\/60 Hz)<\/span><\/b><span class=\"citation-1701\"> e produz o necess\u00e1rio <\/span><b><span class=\"citation-1701\">48 V CC<\/span><\/b><span class=\"citation-1701 citation-end-1701\"> pot\u00eancia (normalmente 20,8 A) para o bra\u00e7o rob\u00f3tico UFACTORY 850.<\/span><\/li>\n<li><b>Controle centralizado e conectividade:<\/b> Ele serve como c\u00e9rebro e centro de interface para o bra\u00e7o rob\u00f3tico.\n<ul>\n<li><b><span class=\"citation-1700\">Expans\u00e3o de E\/S:<\/span><\/b><span class=\"citation-1700\"> Fornece amplas portas de entrada\/sa\u00edda para integra\u00e7\u00e3o com equipamentos externos, incluindo <\/span><b><span class=\"citation-1700\">Entradas\/Sa\u00eddas Digitais<\/span><\/b><span class=\"citation-1700\"> (CI\/DI e CO\/DO) e <\/span><b><span class=\"citation-1700\">Entradas\/Sa\u00eddas Anal\u00f3gicas<\/span><\/b><span class=\"citation-1700 citation-end-1700\"> (IA\/AO).<\/span><\/li>\n<li><b><span class=\"citation-1699\">Comunica\u00e7\u00e3o:<\/span><\/b><span class=\"citation-1699\"> Suportes <\/span><b><span class=\"citation-1699\">Ethernet<\/span><\/b><span class=\"citation-1699\"> e apresenta um <\/span><b><span class=\"citation-1699\">Mestre RS485<\/span><\/b><span class=\"citation-1699 citation-end-1699\"> porta para comunica\u00e7\u00e3o e controle robustos.<\/span><\/li>\n<\/ul>\n<\/li>\n<li><b>Host do software:<\/b><span class=\"citation-1698\"> A caixa de controle executa o aplicativo amig\u00e1vel e baseado na web <\/span><b><span class=\"citation-1698\">Est\u00fadio UFACTORY<\/span><\/b><span class=\"citation-1698 citation-end-1698\"> software, que permite a programa\u00e7\u00e3o gr\u00e1fica e a configura\u00e7\u00e3o do bra\u00e7o rob\u00f3tico sem exigir instala\u00e7\u00e3o de software adicional no seu PC.<\/span><\/li>\n<li><b><span class=\"citation-1697\">Seguran\u00e7a e Opera\u00e7\u00e3o:<\/span><\/b><span class=\"citation-1697\"> Apresenta um <\/span><b><span class=\"citation-1697\">Parada de emerg\u00eancia<\/span><\/b><span class=\"citation-1697 citation-end-1697\"> bot\u00e3o para corte imediato de energia para garantir a seguran\u00e7a do pessoal e do equipamento.<\/span> Facilita a conex\u00e3o entre os cabos de energia e sinal do bra\u00e7o rob\u00f3tico.<\/li>\n<li><b>Solu\u00e7\u00e3o Estacion\u00e1ria:<\/b> Otimizado especificamente para ambientes de produ\u00e7\u00e3o industrial e de oficinas onde uma fonte de alimenta\u00e7\u00e3o CA est\u00e1vel est\u00e1 dispon\u00edvel, fornecendo uma solu\u00e7\u00e3o completa e pronta para uso para tarefas de automa\u00e7\u00e3o de alta precis\u00e3o realizadas pelo UFACTORY 850.<\/li>\n<\/ul>\n<p><b>Em resumo, a caixa de controle CA UFACTORY 850 \u00e9 uma unidade de controle poderosa e integrada que simplifica a implanta\u00e7\u00e3o e a opera\u00e7\u00e3o do bra\u00e7o rob\u00f3tico 850 ao fornecer toda a convers\u00e3o de energia necess\u00e1ria, interfaces de comunica\u00e7\u00e3o e a plataforma para seu software de controle.<\/b><\/p>\n<\/div>","protected":false},"excerpt":{"rendered":"<p><span class=\"citation-1703\">O <\/span><b><span class=\"citation-1703\">Caixa de controle CA UFACTORY 850<\/span><\/b><span class=\"citation-1703 citation-end-1703\"> \u00e9 o componente de hardware essencial para operar seu bra\u00e7o rob\u00f3tico UFACTORY 850 em um ambiente estacion\u00e1rio, baseado em bancada de trabalho.<\/span><\/p>\n<ul>\n<li>Design compacto<\/li>\n<li>Entrada: 100-240 VCA, 50\/60 Hz<\/li>\n<\/ul>","protected":false},"featured_media":22146,"comment_status":"open","ping_status":"closed","template":"","meta":[],"product_brand":[1148],"product_cat":[1041,1037,1145,1147],"product_tag":[1149,1158,1157],"class_list":{"0":"post-22142","1":"product","2":"type-product","3":"status-publish","4":"has-post-thumbnail","6":"product_brand-ufactory","7":"product_cat-arms-grippers","8":"product_cat-robotics","9":"product_cat-ufactory","10":"product_cat-ufactory-accessories","11":"product_tag-ufactory","12":"product_tag-ufactory-850-accessories","13":"product_tag-ufactory-accessories","15":"first","16":"onbackorder","17":"taxable","18":"shipping-taxable","19":"purchasable","20":"product-type-simple"},"yoast_head":"<!-- This site is optimized with the Yoast SEO plugin v27.4 - https:\/\/yoast.com\/product\/yoast-seo-wordpress\/ -->\n<title>UFACTORY 850 AC Control Box - Ghostysky<\/title>\n<meta name=\"description\" content=\"The UFACTORY 850 AC Control Box is the essential hardware component for operating your UFACTORY 850 robotic arm in a stationary, workbench-based setting.\" \/>\n<meta name=\"robots\" content=\"index, follow, max-snippet:-1, max-image-preview:large, max-video-preview:-1\" \/>\n<link rel=\"canonical\" href=\"https:\/\/www.ghostysky.com\/pt\/produto-2\/ufactory-850-ac-control-box\/\" \/>\n<meta property=\"og:locale\" content=\"pt_PT\" \/>\n<meta property=\"og:type\" content=\"article\" \/>\n<meta property=\"og:title\" content=\"UFACTORY 850 AC Control Box - Ghostysky\" \/>\n<meta property=\"og:description\" content=\"The UFACTORY 850 AC Control Box is the essential hardware component for operating your UFACTORY 850 robotic arm in a stationary, workbench-based setting.\" \/>\n<meta property=\"og:url\" content=\"https:\/\/www.ghostysky.com\/pt\/produto-2\/ufactory-850-ac-control-box\/\" \/>\n<meta property=\"og:site_name\" content=\"Ghostysky\" \/>\n<meta property=\"article:publisher\" content=\"https:\/\/www.facebook.com\/people\/Ghostysky\/100057676170234\/\" \/>\n<meta property=\"article:modified_time\" content=\"2025-10-20T17:24:22+00:00\" \/>\n<meta property=\"og:image\" content=\"https:\/\/www.ghostysky.com\/wp-content\/uploads\/2025\/10\/GH_UFACTORY-850-AC-Control-Box_1.png\" \/>\n\t<meta property=\"og:image:width\" content=\"2560\" \/>\n\t<meta property=\"og:image:height\" content=\"2560\" \/>\n\t<meta property=\"og:image:type\" content=\"image\/png\" \/>\n<meta name=\"twitter:card\" content=\"summary_large_image\" \/>\n<meta name=\"twitter:site\" content=\"@Gh0stysky\" \/>\n<meta name=\"twitter:label1\" content=\"Tempo estimado de leitura\" \/>\n\t<meta name=\"twitter:data1\" content=\"2 minutos\" \/>\n<script type=\"application\/ld+json\" class=\"yoast-schema-graph\">{\"@context\":\"https:\\\/\\\/schema.org\",\"@graph\":[{\"@type\":\"WebPage\",\"@id\":\"https:\\\/\\\/www.ghostysky.com\\\/product\\\/ufactory-850-ac-control-box\\\/\",\"url\":\"https:\\\/\\\/www.ghostysky.com\\\/product\\\/ufactory-850-ac-control-box\\\/\",\"name\":\"UFACTORY 850 AC Control Box - Ghostysky\",\"isPartOf\":{\"@id\":\"https:\\\/\\\/www.ghostysky.com\\\/#website\"},\"primaryImageOfPage\":{\"@id\":\"https:\\\/\\\/www.ghostysky.com\\\/product\\\/ufactory-850-ac-control-box\\\/#primaryimage\"},\"image\":{\"@id\":\"https:\\\/\\\/www.ghostysky.com\\\/product\\\/ufactory-850-ac-control-box\\\/#primaryimage\"},\"thumbnailUrl\":\"https:\\\/\\\/www.ghostysky.com\\\/wp-content\\\/uploads\\\/2025\\\/10\\\/GH_UFACTORY-850-AC-Control-Box_1.png\",\"datePublished\":\"2025-10-20T17:23:31+00:00\",\"dateModified\":\"2025-10-20T17:24:22+00:00\",\"description\":\"The UFACTORY 850 AC Control Box is the essential hardware component for operating your UFACTORY 850 robotic arm in a stationary, workbench-based setting.\",\"breadcrumb\":{\"@id\":\"https:\\\/\\\/www.ghostysky.com\\\/product\\\/ufactory-850-ac-control-box\\\/#breadcrumb\"},\"inLanguage\":\"pt-PT\",\"potentialAction\":[{\"@type\":\"ReadAction\",\"target\":[\"https:\\\/\\\/www.ghostysky.com\\\/product\\\/ufactory-850-ac-control-box\\\/\"]}]},{\"@type\":\"ImageObject\",\"inLanguage\":\"pt-PT\",\"@id\":\"https:\\\/\\\/www.ghostysky.com\\\/product\\\/ufactory-850-ac-control-box\\\/#primaryimage\",\"url\":\"https:\\\/\\\/www.ghostysky.com\\\/wp-content\\\/uploads\\\/2025\\\/10\\\/GH_UFACTORY-850-AC-Control-Box_1.png\",\"contentUrl\":\"https:\\\/\\\/www.ghostysky.com\\\/wp-content\\\/uploads\\\/2025\\\/10\\\/GH_UFACTORY-850-AC-Control-Box_1.png\",\"width\":2560,\"height\":2560},{\"@type\":\"BreadcrumbList\",\"@id\":\"https:\\\/\\\/www.ghostysky.com\\\/product\\\/ufactory-850-ac-control-box\\\/#breadcrumb\",\"itemListElement\":[{\"@type\":\"ListItem\",\"position\":1,\"name\":\"Home\",\"item\":\"https:\\\/\\\/www.ghostysky.com\\\/\"},{\"@type\":\"ListItem\",\"position\":2,\"name\":\"Shop\",\"item\":\"https:\\\/\\\/www.ghostysky.com\\\/shop\\\/\"},{\"@type\":\"ListItem\",\"position\":3,\"name\":\"UFACTORY 850 AC Control Box\"}]},{\"@type\":\"WebSite\",\"@id\":\"https:\\\/\\\/www.ghostysky.com\\\/#website\",\"url\":\"https:\\\/\\\/www.ghostysky.com\\\/\",\"name\":\"Ghostysky\",\"description\":\"Delivering professional drones and services\",\"publisher\":{\"@id\":\"https:\\\/\\\/www.ghostysky.com\\\/#organization\"},\"potentialAction\":[{\"@type\":\"SearchAction\",\"target\":{\"@type\":\"EntryPoint\",\"urlTemplate\":\"https:\\\/\\\/www.ghostysky.com\\\/?s={search_term_string}\"},\"query-input\":{\"@type\":\"PropertyValueSpecification\",\"valueRequired\":true,\"valueName\":\"search_term_string\"}}],\"inLanguage\":\"pt-PT\"},{\"@type\":\"Organization\",\"@id\":\"https:\\\/\\\/www.ghostysky.com\\\/#organization\",\"name\":\"Ghostysky\",\"url\":\"https:\\\/\\\/www.ghostysky.com\\\/\",\"logo\":{\"@type\":\"ImageObject\",\"inLanguage\":\"pt-PT\",\"@id\":\"https:\\\/\\\/www.ghostysky.com\\\/#\\\/schema\\\/logo\\\/image\\\/\",\"url\":\"https:\\\/\\\/www.ghostysky.com\\\/wp-content\\\/uploads\\\/2020\\\/06\\\/cropped-ghostyskylogo_text_white2.png\",\"contentUrl\":\"https:\\\/\\\/www.ghostysky.com\\\/wp-content\\\/uploads\\\/2020\\\/06\\\/cropped-ghostyskylogo_text_white2.png\",\"width\":169,\"height\":56,\"caption\":\"Ghostysky\"},\"image\":{\"@id\":\"https:\\\/\\\/www.ghostysky.com\\\/#\\\/schema\\\/logo\\\/image\\\/\"},\"sameAs\":[\"https:\\\/\\\/www.facebook.com\\\/people\\\/Ghostysky\\\/100057676170234\\\/\",\"https:\\\/\\\/x.com\\\/Gh0stysky\",\"https:\\\/\\\/www.linkedin.com\\\/company\\\/34739653\",\"https:\\\/\\\/www.instagram.com\\\/gh0stysky\"]}]}<\/script>\n<!-- \/ Yoast SEO plugin. -->","yoast_head_json":{"title":"Caixa de controle CA UFACTORY 850 - Ghostysky","description":"A caixa de controle CA UFACTORY 850 \u00e9 o componente de hardware essencial para operar seu bra\u00e7o rob\u00f3tico UFACTORY 850 em um ambiente estacion\u00e1rio, baseado em bancada.","robots":{"index":"index","follow":"follow","max-snippet":"max-snippet:-1","max-image-preview":"max-image-preview:large","max-video-preview":"max-video-preview:-1"},"canonical":"https:\/\/www.ghostysky.com\/pt\/produto-2\/ufactory-850-ac-control-box\/","og_locale":"pt_PT","og_type":"article","og_title":"UFACTORY 850 AC Control Box - Ghostysky","og_description":"The UFACTORY 850 AC Control Box is the essential hardware component for operating your UFACTORY 850 robotic arm in a stationary, workbench-based setting.","og_url":"https:\/\/www.ghostysky.com\/pt\/produto-2\/ufactory-850-ac-control-box\/","og_site_name":"Ghostysky","article_publisher":"https:\/\/www.facebook.com\/people\/Ghostysky\/100057676170234\/","article_modified_time":"2025-10-20T17:24:22+00:00","og_image":[{"width":2560,"height":2560,"url":"https:\/\/www.ghostysky.com\/wp-content\/uploads\/2025\/10\/GH_UFACTORY-850-AC-Control-Box_1.png","type":"image\/png"}],"twitter_card":"summary_large_image","twitter_site":"@Gh0stysky","twitter_misc":{"Tempo estimado de leitura":"2 minutos"},"schema":{"@context":"https:\/\/schema.org","@graph":[{"@type":"WebPage","@id":"https:\/\/www.ghostysky.com\/product\/ufactory-850-ac-control-box\/","url":"https:\/\/www.ghostysky.com\/product\/ufactory-850-ac-control-box\/","name":"Caixa de controle CA UFACTORY 850 - Ghostysky","isPartOf":{"@id":"https:\/\/www.ghostysky.com\/#website"},"primaryImageOfPage":{"@id":"https:\/\/www.ghostysky.com\/product\/ufactory-850-ac-control-box\/#primaryimage"},"image":{"@id":"https:\/\/www.ghostysky.com\/product\/ufactory-850-ac-control-box\/#primaryimage"},"thumbnailUrl":"https:\/\/www.ghostysky.com\/wp-content\/uploads\/2025\/10\/GH_UFACTORY-850-AC-Control-Box_1.png","datePublished":"2025-10-20T17:23:31+00:00","dateModified":"2025-10-20T17:24:22+00:00","description":"A caixa de controle CA UFACTORY 850 \u00e9 o componente de hardware essencial para operar seu bra\u00e7o rob\u00f3tico UFACTORY 850 em um ambiente estacion\u00e1rio, baseado em bancada.","breadcrumb":{"@id":"https:\/\/www.ghostysky.com\/product\/ufactory-850-ac-control-box\/#breadcrumb"},"inLanguage":"pt-PT","potentialAction":[{"@type":"ReadAction","target":["https:\/\/www.ghostysky.com\/product\/ufactory-850-ac-control-box\/"]}]},{"@type":"ImageObject","inLanguage":"pt-PT","@id":"https:\/\/www.ghostysky.com\/product\/ufactory-850-ac-control-box\/#primaryimage","url":"https:\/\/www.ghostysky.com\/wp-content\/uploads\/2025\/10\/GH_UFACTORY-850-AC-Control-Box_1.png","contentUrl":"https:\/\/www.ghostysky.com\/wp-content\/uploads\/2025\/10\/GH_UFACTORY-850-AC-Control-Box_1.png","width":2560,"height":2560},{"@type":"BreadcrumbList","@id":"https:\/\/www.ghostysky.com\/product\/ufactory-850-ac-control-box\/#breadcrumb","itemListElement":[{"@type":"ListItem","position":1,"name":"Home","item":"https:\/\/www.ghostysky.com\/"},{"@type":"ListItem","position":2,"name":"Shop","item":"https:\/\/www.ghostysky.com\/shop\/"},{"@type":"ListItem","position":3,"name":"UFACTORY 850 AC Control Box"}]},{"@type":"WebSite","@id":"https:\/\/www.ghostysky.com\/#website","url":"https:\/\/www.ghostysky.com\/","name":"Ghostysky","description":"Fornecendo drones e servi\u00e7os profissionais","publisher":{"@id":"https:\/\/www.ghostysky.com\/#organization"},"potentialAction":[{"@type":"SearchAction","target":{"@type":"EntryPoint","urlTemplate":"https:\/\/www.ghostysky.com\/?s={search_term_string}"},"query-input":{"@type":"PropertyValueSpecification","valueRequired":true,"valueName":"search_term_string"}}],"inLanguage":"pt-PT"},{"@type":"Organization","@id":"https:\/\/www.ghostysky.com\/#organization","name":"Ghostysky","url":"https:\/\/www.ghostysky.com\/","logo":{"@type":"ImageObject","inLanguage":"pt-PT","@id":"https:\/\/www.ghostysky.com\/#\/schema\/logo\/image\/","url":"https:\/\/www.ghostysky.com\/wp-content\/uploads\/2020\/06\/cropped-ghostyskylogo_text_white2.png","contentUrl":"https:\/\/www.ghostysky.com\/wp-content\/uploads\/2020\/06\/cropped-ghostyskylogo_text_white2.png","width":169,"height":56,"caption":"Ghostysky"},"image":{"@id":"https:\/\/www.ghostysky.com\/#\/schema\/logo\/image\/"},"sameAs":["https:\/\/www.facebook.com\/people\/Ghostysky\/100057676170234\/","https:\/\/x.com\/Gh0stysky","https:\/\/www.linkedin.com\/company\/34739653","https:\/\/www.instagram.com\/gh0stysky"]}]}},"_links":{"self":[{"href":"https:\/\/www.ghostysky.com\/pt\/wp-json\/wp\/v2\/product\/22142","targetHints":{"allow":["GET"]}}],"collection":[{"href":"https:\/\/www.ghostysky.com\/pt\/wp-json\/wp\/v2\/product"}],"about":[{"href":"https:\/\/www.ghostysky.com\/pt\/wp-json\/wp\/v2\/types\/product"}],"replies":[{"embeddable":true,"href":"https:\/\/www.ghostysky.com\/pt\/wp-json\/wp\/v2\/comments?post=22142"}],"version-history":[{"count":0,"href":"https:\/\/www.ghostysky.com\/pt\/wp-json\/wp\/v2\/product\/22142\/revisions"}],"wp:featuredmedia":[{"embeddable":true,"href":"https:\/\/www.ghostysky.com\/pt\/wp-json\/wp\/v2\/media\/22146"}],"wp:attachment":[{"href":"https:\/\/www.ghostysky.com\/pt\/wp-json\/wp\/v2\/media?parent=22142"}],"wp:term":[{"taxonomy":"product_brand","embeddable":true,"href":"https:\/\/www.ghostysky.com\/pt\/wp-json\/wp\/v2\/product_brand?post=22142"},{"taxonomy":"product_cat","embeddable":true,"href":"https:\/\/www.ghostysky.com\/pt\/wp-json\/wp\/v2\/product_cat?post=22142"},{"taxonomy":"product_tag","embeddable":true,"href":"https:\/\/www.ghostysky.com\/pt\/wp-json\/wp\/v2\/product_tag?post=22142"}],"curies":[{"name":"wp","href":"https:\/\/api.w.org\/{rel}","templated":true}]}}