{"id":22153,"date":"2025-10-20T17:29:00","date_gmt":"2025-10-20T17:29:00","guid":{"rendered":"https:\/\/www.ghostysky.com\/?post_type=product&#038;p=22153"},"modified":"2025-10-20T17:40:22","modified_gmt":"2025-10-20T17:40:22","slug":"ufactory-xarm-ac-control-box","status":"publish","type":"product","link":"https:\/\/www.ghostysky.com\/pt\/product\/ufactory-xarm-ac-control-box\/","title":{"rendered":"Caixa de controle CA UFACTORY xArm"},"content":{"rendered":"<div id=\"model-response-message-contentr_20b013c2d27dc29b\" class=\"markdown markdown-main-panel stronger enable-updated-hr-color\" dir=\"ltr\">\n<div id=\"model-response-message-contentr_21cd3f5f85e11e01\" class=\"markdown markdown-main-panel stronger enable-updated-hr-color\" dir=\"ltr\">\n<h4><b>Principais recursos e benef\u00edcios<\/b><\/h4>\n<ul>\n<li><b><span class=\"citation-1715\">Solu\u00e7\u00e3o de energia padr\u00e3o:<\/span><\/b><span class=\"citation-1715\"> A caixa de controle CA foi projetada para ser alimentada por uma tomada de parede padr\u00e3o, aceitando <\/span><b><span class=\"citation-1715\">100-240 VCA, 50\/60 Hz<\/span><\/b><span class=\"citation-1715 citation-end-1715\"> entrada, tornando-a a unidade de controle padr\u00e3o e mais comum para configura\u00e7\u00f5es xArm estacion\u00e1rias.<\/span><\/li>\n<li><b><span class=\"citation-1714\">Comando e Comunica\u00e7\u00e3o Centralizados:<\/span><\/b><span class=\"citation-1714 citation-end-1714\"> Ele abriga a placa-m\u00e3e e serve como hub principal, controlando toda a comunica\u00e7\u00e3o entre o bra\u00e7o do rob\u00f4 e os sistemas externos.<\/span> <span class=\"citation-1713\">Ele suporta <\/span><b><span class=\"citation-1713\">Ethernet<\/span><\/b><span class=\"citation-1713\"> e <\/span><b><span class=\"citation-1713\">RS-485<\/span><\/b><span class=\"citation-1713\"> modos de comunica\u00e7\u00e3o, normalmente usando <\/span><b><span class=\"citation-1713\">Modbus TCP<\/span><\/b><span class=\"citation-1713\"> e <\/span><b><span class=\"citation-1713\">RS-485 Mestre\/Escravo<\/span><\/b><span class=\"citation-1713 citation-end-1713\"> protocolos.<\/span><\/li>\n<li><b>Portas de E\/S abrangentes:<\/b> A caixa de controle oferece ampla conectividade para dispositivos perif\u00e9ricos, sensores e atuadores, incluindo:\n<ul>\n<li><b>Entrada digital (CI\/DI):<\/b> 8+8 (16 no total)<\/li>\n<li><b>Sa\u00edda digital (CO\/DO):<\/b> 8+8 (16 no total)<\/li>\n<li><b>Entrada anal\u00f3gica (IA):<\/b> 2<\/li>\n<li><b>Sa\u00edda anal\u00f3gica (AO):<\/b> 2<\/li>\n<\/ul>\n<\/li>\n<li><b><span class=\"citation-1712\">Convers\u00e3o de energia integrada:<\/span><\/b><span class=\"citation-1712\"> Possui uma fonte de alimenta\u00e7\u00e3o comutada interna que converte a entrada CA na corrente necess\u00e1ria <\/span><b><span class=\"citation-1712\">24 VCC<\/span><\/b><span class=\"citation-1712 citation-end-1712\"> sa\u00edda (por exemplo, <\/span><span class=\"math-inline\" data-math=\"24VDC \\ 20.8A\"><span class=\"katex\"><span class=\"katex-html\" aria-hidden=\"true\"><span class=\"base\"><span class=\"mord\">24<\/span><span class=\"mord mathnormal\">V<\/span><span class=\"mord mathnormal\">D<\/span><span class=\"mord mathnormal\">C<\/span><span class=\"mspace\">\u00a0<\/span><span class=\"mord\">20.8<\/span><span class=\"mord mathnormal\">UMA<\/span><\/span><\/span><\/span><\/span><span class=\"citation-1711 citation-end-1711\"> ou <\/span><span class=\"math-inline\" data-math=\"16.5A\"><span class=\"katex\"><span class=\"katex-html\" aria-hidden=\"true\"><span class=\"base\"><span class=\"mord\">16.5<\/span><span class=\"mord mathnormal\">UMA<\/span><\/span><\/span><\/span><\/span><span class=\"citation-1710 citation-end-1710\">) para alimentar o bra\u00e7o do rob\u00f4 e os componentes internos da caixa de controle.<\/span><\/li>\n<li><b>Caracter\u00edsticas de seguran\u00e7a:<\/b> Inclui um <b>Bot\u00e3o de parada de emerg\u00eancia<\/b> para corte imediato de energia do rob\u00f4, garantindo a seguran\u00e7a do pessoal e do equipamento.<\/li>\n<li><b>Compatibilidade:<\/b> Totalmente compat\u00edvel com toda a s\u00e9rie UFACTORY xArm (por exemplo, xArm 5, xArm 6, xArm 7) e executa o mesmo c\u00f3digo e firmware da caixa de controle DC, permitindo integra\u00e7\u00e3o perfeita com o <b>Est\u00fadio xArm<\/b> interface gr\u00e1fica do usu\u00e1rio e SDKs (Python, C++, ROS).<\/li>\n<\/ul>\n<p><b>Ideal para:<\/b> Aplica\u00e7\u00f5es rob\u00f3ticas fixas ou estacion\u00e1rias em fabrica\u00e7\u00e3o, montagem, inspe\u00e7\u00e3o, manuten\u00e7\u00e3o de m\u00e1quinas e automa\u00e7\u00e3o de laborat\u00f3rio, onde uma fonte de alimenta\u00e7\u00e3o CA padr\u00e3o est\u00e1 prontamente dispon\u00edvel.<\/p>\n<\/div>\n<\/div>","protected":false},"excerpt":{"rendered":"<p>A caixa de controle CA UFACTORY xArm \u00e9 o centro de comando essencial para seu bra\u00e7o rob\u00f3tico colaborativo xArm, fornecendo gerenciamento de energia robusto, interfaces de comunica\u00e7\u00e3o e expans\u00e3o de E\/S para uma ampla gama de aplica\u00e7\u00f5es industriais e de pesquisa.<\/p>\n<ul>\n<li>Design compacto<\/li>\n<li>Entrada: 100-240 VCA 50\/60 Hz<\/li>\n<\/ul>","protected":false},"featured_media":22146,"comment_status":"open","ping_status":"closed","template":"","meta":[],"product_brand":[1148],"product_cat":[1041,1037,1145,1147],"product_tag":[1149,1157,1159,1160],"class_list":{"0":"post-22153","1":"product","2":"type-product","3":"status-publish","4":"has-post-thumbnail","6":"product_brand-ufactory","7":"product_cat-arms-grippers","8":"product_cat-robotics","9":"product_cat-ufactory","10":"product_cat-ufactory-accessories","11":"product_tag-ufactory","12":"product_tag-ufactory-accessories","13":"product_tag-ufactory-xarm-accessories","14":"product_tag-ufactory-xarm-series-accessories","16":"first","17":"onbackorder","18":"taxable","19":"shipping-taxable","20":"purchasable","21":"product-type-simple"},"yoast_head":"<!-- This site is optimized with the Yoast SEO plugin v27.1.1 - https:\/\/yoast.com\/product\/yoast-seo-wordpress\/ -->\n<title>UFACTORY xArm AC Control Box - Ghostysky<\/title>\n<meta name=\"description\" content=\"The UFACTORY xArm AC Control Box is the essential command center for your xArm collaborative robotic arm, providing robust power management, communication interfaces, and I\/O expansion for a wide range of industrial and research applications.\" \/>\n<meta name=\"robots\" content=\"index, follow, max-snippet:-1, max-image-preview:large, max-video-preview:-1\" \/>\n<link rel=\"canonical\" href=\"https:\/\/www.ghostysky.com\/pt\/produto-2\/ufactory-xarm-ac-control-box\/\" \/>\n<meta property=\"og:locale\" content=\"pt_PT\" \/>\n<meta property=\"og:type\" content=\"article\" \/>\n<meta property=\"og:title\" content=\"UFACTORY xArm AC Control Box - Ghostysky\" \/>\n<meta property=\"og:description\" content=\"The UFACTORY xArm AC Control Box is the essential command center for your xArm collaborative robotic arm, providing robust power management, communication interfaces, and I\/O expansion for a wide range of industrial and research applications.\" \/>\n<meta property=\"og:url\" content=\"https:\/\/www.ghostysky.com\/pt\/produto-2\/ufactory-xarm-ac-control-box\/\" \/>\n<meta property=\"og:site_name\" content=\"Ghostysky\" \/>\n<meta property=\"article:publisher\" content=\"https:\/\/www.facebook.com\/people\/Ghostysky\/100057676170234\/\" \/>\n<meta property=\"article:modified_time\" content=\"2025-10-20T17:40:22+00:00\" \/>\n<meta property=\"og:image\" content=\"https:\/\/www.ghostysky.com\/wp-content\/uploads\/2025\/10\/GH_UFACTORY-850-AC-Control-Box_1.png\" \/>\n\t<meta property=\"og:image:width\" content=\"2560\" \/>\n\t<meta property=\"og:image:height\" content=\"2560\" \/>\n\t<meta property=\"og:image:type\" content=\"image\/png\" \/>\n<meta name=\"twitter:card\" content=\"summary_large_image\" \/>\n<meta name=\"twitter:site\" content=\"@Gh0stysky\" \/>\n<meta name=\"twitter:label1\" content=\"Tempo estimado de leitura\" \/>\n\t<meta name=\"twitter:data1\" content=\"2 minutos\" \/>\n<script type=\"application\/ld+json\" class=\"yoast-schema-graph\">{\"@context\":\"https:\/\/schema.org\",\"@graph\":[{\"@type\":\"WebPage\",\"@id\":\"https:\/\/www.ghostysky.com\/product\/ufactory-xarm-ac-control-box\/\",\"url\":\"https:\/\/www.ghostysky.com\/product\/ufactory-xarm-ac-control-box\/\",\"name\":\"UFACTORY xArm AC Control Box - Ghostysky\",\"isPartOf\":{\"@id\":\"https:\/\/www.ghostysky.com\/#website\"},\"primaryImageOfPage\":{\"@id\":\"https:\/\/www.ghostysky.com\/product\/ufactory-xarm-ac-control-box\/#primaryimage\"},\"image\":{\"@id\":\"https:\/\/www.ghostysky.com\/product\/ufactory-xarm-ac-control-box\/#primaryimage\"},\"thumbnailUrl\":\"https:\/\/www.ghostysky.com\/wp-content\/uploads\/2025\/10\/GH_UFACTORY-850-AC-Control-Box_1.png\",\"datePublished\":\"2025-10-20T17:29:00+00:00\",\"dateModified\":\"2025-10-20T17:40:22+00:00\",\"description\":\"The UFACTORY xArm AC Control Box is the essential command center for your xArm collaborative robotic arm, providing robust power management, communication interfaces, and I\/O expansion for a wide range of industrial and research applications.\",\"breadcrumb\":{\"@id\":\"https:\/\/www.ghostysky.com\/product\/ufactory-xarm-ac-control-box\/#breadcrumb\"},\"inLanguage\":\"pt-PT\",\"potentialAction\":[{\"@type\":\"ReadAction\",\"target\":[\"https:\/\/www.ghostysky.com\/product\/ufactory-xarm-ac-control-box\/\"]}]},{\"@type\":\"ImageObject\",\"inLanguage\":\"pt-PT\",\"@id\":\"https:\/\/www.ghostysky.com\/product\/ufactory-xarm-ac-control-box\/#primaryimage\",\"url\":\"https:\/\/www.ghostysky.com\/wp-content\/uploads\/2025\/10\/GH_UFACTORY-850-AC-Control-Box_1.png\",\"contentUrl\":\"https:\/\/www.ghostysky.com\/wp-content\/uploads\/2025\/10\/GH_UFACTORY-850-AC-Control-Box_1.png\",\"width\":2560,\"height\":2560},{\"@type\":\"BreadcrumbList\",\"@id\":\"https:\/\/www.ghostysky.com\/product\/ufactory-xarm-ac-control-box\/#breadcrumb\",\"itemListElement\":[{\"@type\":\"ListItem\",\"position\":1,\"name\":\"Home\",\"item\":\"https:\/\/www.ghostysky.com\/\"},{\"@type\":\"ListItem\",\"position\":2,\"name\":\"Shop\",\"item\":\"https:\/\/www.ghostysky.com\/shop\/\"},{\"@type\":\"ListItem\",\"position\":3,\"name\":\"UFACTORY xArm AC Control Box\"}]},{\"@type\":\"WebSite\",\"@id\":\"https:\/\/www.ghostysky.com\/#website\",\"url\":\"https:\/\/www.ghostysky.com\/\",\"name\":\"Ghostysky\",\"description\":\"Delivering professional drones and services\",\"publisher\":{\"@id\":\"https:\/\/www.ghostysky.com\/#organization\"},\"potentialAction\":[{\"@type\":\"SearchAction\",\"target\":{\"@type\":\"EntryPoint\",\"urlTemplate\":\"https:\/\/www.ghostysky.com\/?s={search_term_string}\"},\"query-input\":{\"@type\":\"PropertyValueSpecification\",\"valueRequired\":true,\"valueName\":\"search_term_string\"}}],\"inLanguage\":\"pt-PT\"},{\"@type\":\"Organization\",\"@id\":\"https:\/\/www.ghostysky.com\/#organization\",\"name\":\"Ghostysky\",\"url\":\"https:\/\/www.ghostysky.com\/\",\"logo\":{\"@type\":\"ImageObject\",\"inLanguage\":\"pt-PT\",\"@id\":\"https:\/\/www.ghostysky.com\/#\/schema\/logo\/image\/\",\"url\":\"https:\/\/www.ghostysky.com\/wp-content\/uploads\/2020\/06\/cropped-ghostyskylogo_text_white2.png\",\"contentUrl\":\"https:\/\/www.ghostysky.com\/wp-content\/uploads\/2020\/06\/cropped-ghostyskylogo_text_white2.png\",\"width\":169,\"height\":56,\"caption\":\"Ghostysky\"},\"image\":{\"@id\":\"https:\/\/www.ghostysky.com\/#\/schema\/logo\/image\/\"},\"sameAs\":[\"https:\/\/www.facebook.com\/people\/Ghostysky\/100057676170234\/\",\"https:\/\/x.com\/Gh0stysky\",\"https:\/\/www.linkedin.com\/company\/34739653\",\"https:\/\/www.instagram.com\/gh0stysky\"]}]}<\/script>\n<!-- \/ Yoast SEO plugin. -->","yoast_head_json":{"title":"Caixa de controle CA UFACTORY xArm - Ghostysky","description":"A caixa de controle CA UFACTORY xArm \u00e9 o centro de comando essencial para seu bra\u00e7o rob\u00f3tico colaborativo xArm, fornecendo gerenciamento de energia robusto, interfaces de comunica\u00e7\u00e3o e expans\u00e3o de E\/S para uma ampla gama de aplica\u00e7\u00f5es industriais e de pesquisa.","robots":{"index":"index","follow":"follow","max-snippet":"max-snippet:-1","max-image-preview":"max-image-preview:large","max-video-preview":"max-video-preview:-1"},"canonical":"https:\/\/www.ghostysky.com\/pt\/produto-2\/ufactory-xarm-ac-control-box\/","og_locale":"pt_PT","og_type":"article","og_title":"UFACTORY xArm AC Control Box - Ghostysky","og_description":"The UFACTORY xArm AC Control Box is the essential command center for your xArm collaborative robotic arm, providing robust power management, communication interfaces, and I\/O expansion for a wide range of industrial and research applications.","og_url":"https:\/\/www.ghostysky.com\/pt\/produto-2\/ufactory-xarm-ac-control-box\/","og_site_name":"Ghostysky","article_publisher":"https:\/\/www.facebook.com\/people\/Ghostysky\/100057676170234\/","article_modified_time":"2025-10-20T17:40:22+00:00","og_image":[{"width":2560,"height":2560,"url":"https:\/\/www.ghostysky.com\/wp-content\/uploads\/2025\/10\/GH_UFACTORY-850-AC-Control-Box_1.png","type":"image\/png"}],"twitter_card":"summary_large_image","twitter_site":"@Gh0stysky","twitter_misc":{"Tempo estimado de leitura":"2 minutos"},"schema":{"@context":"https:\/\/schema.org","@graph":[{"@type":"WebPage","@id":"https:\/\/www.ghostysky.com\/product\/ufactory-xarm-ac-control-box\/","url":"https:\/\/www.ghostysky.com\/product\/ufactory-xarm-ac-control-box\/","name":"Caixa de controle CA UFACTORY xArm - Ghostysky","isPartOf":{"@id":"https:\/\/www.ghostysky.com\/#website"},"primaryImageOfPage":{"@id":"https:\/\/www.ghostysky.com\/product\/ufactory-xarm-ac-control-box\/#primaryimage"},"image":{"@id":"https:\/\/www.ghostysky.com\/product\/ufactory-xarm-ac-control-box\/#primaryimage"},"thumbnailUrl":"https:\/\/www.ghostysky.com\/wp-content\/uploads\/2025\/10\/GH_UFACTORY-850-AC-Control-Box_1.png","datePublished":"2025-10-20T17:29:00+00:00","dateModified":"2025-10-20T17:40:22+00:00","description":"A caixa de controle CA UFACTORY xArm \u00e9 o centro de comando essencial para seu bra\u00e7o rob\u00f3tico colaborativo xArm, fornecendo gerenciamento de energia robusto, interfaces de comunica\u00e7\u00e3o e expans\u00e3o de E\/S para uma ampla gama de aplica\u00e7\u00f5es industriais e de pesquisa.","breadcrumb":{"@id":"https:\/\/www.ghostysky.com\/product\/ufactory-xarm-ac-control-box\/#breadcrumb"},"inLanguage":"pt-PT","potentialAction":[{"@type":"ReadAction","target":["https:\/\/www.ghostysky.com\/product\/ufactory-xarm-ac-control-box\/"]}]},{"@type":"ImageObject","inLanguage":"pt-PT","@id":"https:\/\/www.ghostysky.com\/product\/ufactory-xarm-ac-control-box\/#primaryimage","url":"https:\/\/www.ghostysky.com\/wp-content\/uploads\/2025\/10\/GH_UFACTORY-850-AC-Control-Box_1.png","contentUrl":"https:\/\/www.ghostysky.com\/wp-content\/uploads\/2025\/10\/GH_UFACTORY-850-AC-Control-Box_1.png","width":2560,"height":2560},{"@type":"BreadcrumbList","@id":"https:\/\/www.ghostysky.com\/product\/ufactory-xarm-ac-control-box\/#breadcrumb","itemListElement":[{"@type":"ListItem","position":1,"name":"Home","item":"https:\/\/www.ghostysky.com\/"},{"@type":"ListItem","position":2,"name":"Shop","item":"https:\/\/www.ghostysky.com\/shop\/"},{"@type":"ListItem","position":3,"name":"UFACTORY xArm AC Control Box"}]},{"@type":"WebSite","@id":"https:\/\/www.ghostysky.com\/#website","url":"https:\/\/www.ghostysky.com\/","name":"Ghostysky","description":"Fornecendo drones e servi\u00e7os profissionais","publisher":{"@id":"https:\/\/www.ghostysky.com\/#organization"},"potentialAction":[{"@type":"SearchAction","target":{"@type":"EntryPoint","urlTemplate":"https:\/\/www.ghostysky.com\/?s={search_term_string}"},"query-input":{"@type":"PropertyValueSpecification","valueRequired":true,"valueName":"search_term_string"}}],"inLanguage":"pt-PT"},{"@type":"Organization","@id":"https:\/\/www.ghostysky.com\/#organization","name":"Ghostysky","url":"https:\/\/www.ghostysky.com\/","logo":{"@type":"ImageObject","inLanguage":"pt-PT","@id":"https:\/\/www.ghostysky.com\/#\/schema\/logo\/image\/","url":"https:\/\/www.ghostysky.com\/wp-content\/uploads\/2020\/06\/cropped-ghostyskylogo_text_white2.png","contentUrl":"https:\/\/www.ghostysky.com\/wp-content\/uploads\/2020\/06\/cropped-ghostyskylogo_text_white2.png","width":169,"height":56,"caption":"Ghostysky"},"image":{"@id":"https:\/\/www.ghostysky.com\/#\/schema\/logo\/image\/"},"sameAs":["https:\/\/www.facebook.com\/people\/Ghostysky\/100057676170234\/","https:\/\/x.com\/Gh0stysky","https:\/\/www.linkedin.com\/company\/34739653","https:\/\/www.instagram.com\/gh0stysky"]}]}},"_links":{"self":[{"href":"https:\/\/www.ghostysky.com\/pt\/wp-json\/wp\/v2\/product\/22153","targetHints":{"allow":["GET"]}}],"collection":[{"href":"https:\/\/www.ghostysky.com\/pt\/wp-json\/wp\/v2\/product"}],"about":[{"href":"https:\/\/www.ghostysky.com\/pt\/wp-json\/wp\/v2\/types\/product"}],"replies":[{"embeddable":true,"href":"https:\/\/www.ghostysky.com\/pt\/wp-json\/wp\/v2\/comments?post=22153"}],"wp:featuredmedia":[{"embeddable":true,"href":"https:\/\/www.ghostysky.com\/pt\/wp-json\/wp\/v2\/media\/22146"}],"wp:attachment":[{"href":"https:\/\/www.ghostysky.com\/pt\/wp-json\/wp\/v2\/media?parent=22153"}],"wp:term":[{"taxonomy":"product_brand","embeddable":true,"href":"https:\/\/www.ghostysky.com\/pt\/wp-json\/wp\/v2\/product_brand?post=22153"},{"taxonomy":"product_cat","embeddable":true,"href":"https:\/\/www.ghostysky.com\/pt\/wp-json\/wp\/v2\/product_cat?post=22153"},{"taxonomy":"product_tag","embeddable":true,"href":"https:\/\/www.ghostysky.com\/pt\/wp-json\/wp\/v2\/product_tag?post=22153"}],"curies":[{"name":"wp","href":"https:\/\/api.w.org\/{rel}","templated":true}]}}