{"id":22202,"date":"2025-10-22T13:55:30","date_gmt":"2025-10-22T13:55:30","guid":{"rendered":"https:\/\/www.ghostysky.com\/?post_type=product&#038;p=22202"},"modified":"2026-01-30T15:45:28","modified_gmt":"2026-01-30T15:45:28","slug":"booster-robotics-k1","status":"publish","type":"product","link":"https:\/\/www.ghostysky.com\/pt\/product\/booster-robotics-k1\/","title":{"rendered":"Rob\u00f3tica Booster K1 (Geek\/Edu\/Pro)"},"content":{"rendered":"<h4><b>Caracter\u00edsticas principais<\/b><\/h4>\n<ul>\n<li><b><span class=\"citation-1777\">Mobilidade Avan\u00e7ada:<\/span><\/b><span class=\"citation-1777\"> Recursos <\/span><b><span class=\"citation-1777\">22 Graus de Liberdade (DoF)<\/span><\/b><span class=\"citation-1777 citation-end-1777\"> nos quadris, joelhos, tornozelos, bra\u00e7os e cabe\u00e7a, permitindo movimentos suaves, realistas e \u00e1geis, semelhantes aos humanos, incluindo caminhar e se equilibrar.<\/span><\/li>\n<li><b>Pot\u00eancia de IA integrada:<\/b><span class=\"citation-1776\"> Impulsionado por um <\/span><b><span class=\"citation-1776\">NVIDIA Jetson Orin NX<\/span><\/b><span class=\"citation-1776 citation-end-1776\">, fornecendo poder de computa\u00e7\u00e3o de IA significativo (at\u00e9 117 TOPS) para tarefas complexas como reconhecimento visual, interpreta\u00e7\u00e3o de comando de voz e aprendizado por refor\u00e7o.<\/span><\/li>\n<li><b><span class=\"citation-1775\">Conjunto de sensores abrangente:<\/span><\/b><span class=\"citation-1775\"> Equipado com um <\/span><b><span class=\"citation-1775\">C\u00e2mera de profundidade 3D<\/span><\/b><span class=\"citation-1775\"> para percep\u00e7\u00e3o e navega\u00e7\u00e3o, um <\/span><b><span class=\"citation-1775\">IMU de 9 eixos<\/span><\/b><span class=\"citation-1775\"> para controle de equil\u00edbrio, um <\/span><b><span class=\"citation-1775\">Conjunto de microfones<\/span><\/b><span class=\"citation-1775\"> e <\/span><b><span class=\"citation-1775\">Altifalante<\/span><\/b><span class=\"citation-1775\"> para intera\u00e7\u00e3o de \u00e1udio e <\/span><b><span class=\"citation-1775\">Sensores de toque<\/span><\/b><span class=\"citation-1775 citation-end-1775\"> para contato f\u00edsico seguro.<\/span><\/li>\n<li><b>Port\u00e1til e pronto para uso:<\/b><span class=\"citation-1774\"> Com aproximadamente <\/span><b><span class=\"citation-1774\">95 cm de altura<\/span><\/b><span class=\"citation-1774\"> e pesando cerca de <\/span><b><span class=\"citation-1774\">19,5 kg<\/span><\/b><span class=\"citation-1774\">, o K1 foi projetado para ser facilmente transportado (geralmente em uma \u00fanica mala) com <\/span><b><span class=\"citation-1774\">n\u00e3o requer montagem<\/span><\/b><span class=\"citation-1774 citation-end-1774\">, tornando-o perfeito para laborat\u00f3rios, salas de aula e eventos.<\/span><\/li>\n<li><b>Plataforma aberta e program\u00e1vel:<\/b><span class=\"citation-1773\"> Suportes <\/span><b><span class=\"citation-1773\">desenvolvimento secund\u00e1rio<\/span><\/b><span class=\"citation-1773\"> e \u00e9 compat\u00edvel com padr\u00f5es da ind\u00fastria como <\/span><b><span class=\"citation-1773\">ROS2<\/span><\/b><span class=\"citation-1773\"> e linguagens de programa\u00e7\u00e3o como <\/span><b><span class=\"citation-1773\">Python<\/span><\/b><span class=\"citation-1773 citation-end-1773\">, oferecendo total flexibilidade para projetos personalizados e experimenta\u00e7\u00e3o.<\/span><\/li>\n<li><b>Projetado para uso intensivo:<\/b><span class=\"citation-1772 citation-end-1772\"> Constru\u00eddo com juntas de codificador duplo com controle de for\u00e7a total para controle preciso de torque, velocidade e posi\u00e7\u00e3o, garantindo resposta r\u00e1pida e precis\u00e3o para ambientes educacionais ou de competi\u00e7\u00e3o exigentes.<\/span>\n<div class=\"source-inline-chip-container ng-star-inserted\"><\/div>\n<\/li>\n<\/ul>\n<h3>Especifica\u00e7\u00f5es t\u00e9cnicas<\/h3>\n<p><a href=\"https:\/\/www.ghostysky.com\/wp-content\/uploads\/2025\/10\/GH_BoosterK1_prod_2_Info.png\"><img fetchpriority=\"high\" decoding=\"async\" class=\"alignnone wp-image-23920 size-full lazyload\" src=\"data:image\/gif;base64,R0lGODlhAQABAAAAACH5BAEKAAEALAAAAAABAAEAAAICTAEAOw==\" alt=\"\" width=\"1200\" height=\"1805\" sizes=\"(max-width: 1200px) 100vw, 1200px\" data-src=\"https:\/\/www.ghostysky.com\/wp-content\/uploads\/2025\/10\/GH_BoosterK1_prod_2_Info.png\" data-srcset=\"https:\/\/www.ghostysky.com\/wp-content\/uploads\/2025\/10\/GH_BoosterK1_prod_2_Info.png 1200w, https:\/\/www.ghostysky.com\/wp-content\/uploads\/2025\/10\/GH_BoosterK1_prod_2_Info-199x300.png 199w, https:\/\/www.ghostysky.com\/wp-content\/uploads\/2025\/10\/GH_BoosterK1_prod_2_Info-681x1024.png 681w, https:\/\/www.ghostysky.com\/wp-content\/uploads\/2025\/10\/GH_BoosterK1_prod_2_Info-768x1155.png 768w, https:\/\/www.ghostysky.com\/wp-content\/uploads\/2025\/10\/GH_BoosterK1_prod_2_Info-1021x1536.png 1021w, https:\/\/www.ghostysky.com\/wp-content\/uploads\/2025\/10\/GH_BoosterK1_prod_2_Info-8x12.png 8w, https:\/\/www.ghostysky.com\/wp-content\/uploads\/2025\/10\/GH_BoosterK1_prod_2_Info-720x1083.png 720w, https:\/\/www.ghostysky.com\/wp-content\/uploads\/2025\/10\/GH_BoosterK1_prod_2_Info-600x903.png 600w\"><\/a><\/p>\n<p><b>Ideal para:<\/b><\/p>\n<ul>\n<li><b><span class=\"citation-1771\">Educa\u00e7\u00e3o STEM:<\/span><\/b><span class=\"citation-1771 citation-end-1771\"> Uma ferramenta perfeita para ensinar conceitos de programa\u00e7\u00e3o, rob\u00f3tica e IA.<\/span><\/li>\n<li><b><span class=\"citation-1770\">Pesquisar:<\/span><\/b><span class=\"citation-1770 citation-end-1770\"> Realiza\u00e7\u00e3o de experimentos em rob\u00f3tica m\u00f3vel, percep\u00e7\u00e3o visual, intera\u00e7\u00e3o humano-rob\u00f4 e sistemas de controle.<\/span><\/li>\n<li><b><span class=\"citation-1769\">Competi\u00e7\u00f5es de Rob\u00f3tica:<\/span><\/b><span class=\"citation-1769 citation-end-1769\"> Otimizado para agilidade e desempenho em desafios como a RoboCup.<\/span>\n<div class=\"source-inline-chip-container ng-star-inserted\"><\/div>\n<\/li>\n<\/ul>\n<p>Experimente a pr\u00f3xima gera\u00e7\u00e3o de rob\u00f3tica humanoide acess\u00edvel e de alto desempenho com o Booster K1.<\/p>","protected":false},"excerpt":{"rendered":"<p><span class=\"citation-1779\">O <\/span><b><span class=\"citation-1779\">Booster K1<\/span><\/b><span class=\"citation-1779 citation-end-1779\"> \u00e9 um rob\u00f4 humanoide poderoso, compacto e acess\u00edvel, projetado para ser a plataforma ideal para educa\u00e7\u00e3o STEM, pesquisa avan\u00e7ada em rob\u00f3tica e desafios competitivos como a RoboCup.<\/span> <span class=\"citation-1778 citation-end-1778\">Combinando mobilidade avan\u00e7ada com poder de computa\u00e7\u00e3o de IA robusto em um formato pronto para uso, o K1 traz o futuro da rob\u00f3tica humanoide para seu laborat\u00f3rio ou sala de aula.<\/span><\/p>\n<div class=\"source-inline-chip-container ng-star-inserted\"><\/div>\n<p>&nbsp;<\/p>","protected":false},"featured_media":22203,"comment_status":"open","ping_status":"closed","template":"","meta":[],"product_brand":[1165],"product_cat":[1162,1163,1038,1037],"product_tag":[1166,1168,1167],"class_list":{"0":"post-22202","1":"product","2":"type-product","3":"status-publish","4":"has-post-thumbnail","6":"product_brand-booster-robotics","7":"product_cat-booster-robotics","8":"product_cat-booster-robotics-robots","9":"product_cat-humanoid","10":"product_cat-robotics","11":"product_tag-booster-robotics","12":"product_tag-booster-robotics-k1","13":"product_tag-booster-robotics-robots","15":"first","16":"onbackorder","17":"taxable","18":"shipping-taxable","19":"purchasable","20":"product-type-simple"},"yoast_head":"<!-- This site is optimized with the Yoast SEO plugin v27.4 - https:\/\/yoast.com\/product\/yoast-seo-wordpress\/ -->\n<title>Booster Robotics K1 (Geek\/Edu\/Pro) - Ghostysky<\/title>\n<meta name=\"description\" content=\"The Booster K1 is a powerful, compact, and accessible humanoid robot engineered to be the ideal platform for STEM education, advanced robotics research, and competitive challenges like RoboCup. Combining advanced mobility with robust AI computing power in a ready-to-use format, the K1 brings the future of humanoid robotics into your lab or classroom.\" \/>\n<meta name=\"robots\" content=\"index, follow, max-snippet:-1, max-image-preview:large, max-video-preview:-1\" \/>\n<link rel=\"canonical\" href=\"https:\/\/www.ghostysky.com\/pt\/produto-2\/booster-robotics-k1\/\" \/>\n<meta property=\"og:locale\" content=\"pt_PT\" \/>\n<meta property=\"og:type\" content=\"article\" \/>\n<meta property=\"og:title\" content=\"Booster Robotics K1 (Geek\/Edu\/Pro) - Ghostysky\" \/>\n<meta property=\"og:description\" content=\"The Booster K1 is a powerful, compact, and accessible humanoid robot engineered to be the ideal platform for STEM education, advanced robotics research, and competitive challenges like RoboCup. Combining advanced mobility with robust AI computing power in a ready-to-use format, the K1 brings the future of humanoid robotics into your lab or classroom.\" \/>\n<meta property=\"og:url\" content=\"https:\/\/www.ghostysky.com\/pt\/produto-2\/booster-robotics-k1\/\" \/>\n<meta property=\"og:site_name\" content=\"Ghostysky\" \/>\n<meta property=\"article:publisher\" content=\"https:\/\/www.facebook.com\/people\/Ghostysky\/100057676170234\/\" \/>\n<meta property=\"article:modified_time\" content=\"2026-01-30T15:45:28+00:00\" \/>\n<meta property=\"og:image\" content=\"https:\/\/www.ghostysky.com\/wp-content\/uploads\/2025\/10\/GH_Booster-K1_1.webp\" \/>\n\t<meta property=\"og:image:width\" content=\"700\" \/>\n\t<meta property=\"og:image:height\" content=\"700\" \/>\n\t<meta property=\"og:image:type\" content=\"image\/webp\" \/>\n<meta name=\"twitter:card\" content=\"summary_large_image\" \/>\n<meta name=\"twitter:site\" content=\"@Gh0stysky\" \/>\n<meta name=\"twitter:label1\" content=\"Tempo estimado de leitura\" \/>\n\t<meta name=\"twitter:data1\" content=\"2 minutos\" \/>\n<script type=\"application\/ld+json\" class=\"yoast-schema-graph\">{\"@context\":\"https:\\\/\\\/schema.org\",\"@graph\":[{\"@type\":\"WebPage\",\"@id\":\"https:\\\/\\\/www.ghostysky.com\\\/product\\\/booster-robotics-k1\\\/\",\"url\":\"https:\\\/\\\/www.ghostysky.com\\\/product\\\/booster-robotics-k1\\\/\",\"name\":\"Booster Robotics K1 (Geek\\\/Edu\\\/Pro) - Ghostysky\",\"isPartOf\":{\"@id\":\"https:\\\/\\\/www.ghostysky.com\\\/#website\"},\"primaryImageOfPage\":{\"@id\":\"https:\\\/\\\/www.ghostysky.com\\\/product\\\/booster-robotics-k1\\\/#primaryimage\"},\"image\":{\"@id\":\"https:\\\/\\\/www.ghostysky.com\\\/product\\\/booster-robotics-k1\\\/#primaryimage\"},\"thumbnailUrl\":\"https:\\\/\\\/www.ghostysky.com\\\/wp-content\\\/uploads\\\/2025\\\/10\\\/GH_Booster-K1_1.webp\",\"datePublished\":\"2025-10-22T13:55:30+00:00\",\"dateModified\":\"2026-01-30T15:45:28+00:00\",\"description\":\"The Booster K1 is a powerful, compact, and accessible humanoid robot engineered to be the ideal platform for STEM education, advanced robotics research, and competitive challenges like RoboCup. Combining advanced mobility with robust AI computing power in a ready-to-use format, the K1 brings the future of humanoid robotics into your lab or classroom.\",\"breadcrumb\":{\"@id\":\"https:\\\/\\\/www.ghostysky.com\\\/product\\\/booster-robotics-k1\\\/#breadcrumb\"},\"inLanguage\":\"pt-PT\",\"potentialAction\":[{\"@type\":\"ReadAction\",\"target\":[\"https:\\\/\\\/www.ghostysky.com\\\/product\\\/booster-robotics-k1\\\/\"]}]},{\"@type\":\"ImageObject\",\"inLanguage\":\"pt-PT\",\"@id\":\"https:\\\/\\\/www.ghostysky.com\\\/product\\\/booster-robotics-k1\\\/#primaryimage\",\"url\":\"https:\\\/\\\/www.ghostysky.com\\\/wp-content\\\/uploads\\\/2025\\\/10\\\/GH_Booster-K1_1.webp\",\"contentUrl\":\"https:\\\/\\\/www.ghostysky.com\\\/wp-content\\\/uploads\\\/2025\\\/10\\\/GH_Booster-K1_1.webp\",\"width\":700,\"height\":700},{\"@type\":\"BreadcrumbList\",\"@id\":\"https:\\\/\\\/www.ghostysky.com\\\/product\\\/booster-robotics-k1\\\/#breadcrumb\",\"itemListElement\":[{\"@type\":\"ListItem\",\"position\":1,\"name\":\"Home\",\"item\":\"https:\\\/\\\/www.ghostysky.com\\\/\"},{\"@type\":\"ListItem\",\"position\":2,\"name\":\"Shop\",\"item\":\"https:\\\/\\\/www.ghostysky.com\\\/shop\\\/\"},{\"@type\":\"ListItem\",\"position\":3,\"name\":\"Booster Robotics K1 (Geek\\\/Edu\\\/Pro)\"}]},{\"@type\":\"WebSite\",\"@id\":\"https:\\\/\\\/www.ghostysky.com\\\/#website\",\"url\":\"https:\\\/\\\/www.ghostysky.com\\\/\",\"name\":\"Ghostysky\",\"description\":\"Delivering professional drones and services\",\"publisher\":{\"@id\":\"https:\\\/\\\/www.ghostysky.com\\\/#organization\"},\"potentialAction\":[{\"@type\":\"SearchAction\",\"target\":{\"@type\":\"EntryPoint\",\"urlTemplate\":\"https:\\\/\\\/www.ghostysky.com\\\/?s={search_term_string}\"},\"query-input\":{\"@type\":\"PropertyValueSpecification\",\"valueRequired\":true,\"valueName\":\"search_term_string\"}}],\"inLanguage\":\"pt-PT\"},{\"@type\":\"Organization\",\"@id\":\"https:\\\/\\\/www.ghostysky.com\\\/#organization\",\"name\":\"Ghostysky\",\"url\":\"https:\\\/\\\/www.ghostysky.com\\\/\",\"logo\":{\"@type\":\"ImageObject\",\"inLanguage\":\"pt-PT\",\"@id\":\"https:\\\/\\\/www.ghostysky.com\\\/#\\\/schema\\\/logo\\\/image\\\/\",\"url\":\"https:\\\/\\\/www.ghostysky.com\\\/wp-content\\\/uploads\\\/2020\\\/06\\\/cropped-ghostyskylogo_text_white2.png\",\"contentUrl\":\"https:\\\/\\\/www.ghostysky.com\\\/wp-content\\\/uploads\\\/2020\\\/06\\\/cropped-ghostyskylogo_text_white2.png\",\"width\":169,\"height\":56,\"caption\":\"Ghostysky\"},\"image\":{\"@id\":\"https:\\\/\\\/www.ghostysky.com\\\/#\\\/schema\\\/logo\\\/image\\\/\"},\"sameAs\":[\"https:\\\/\\\/www.facebook.com\\\/people\\\/Ghostysky\\\/100057676170234\\\/\",\"https:\\\/\\\/x.com\\\/Gh0stysky\",\"https:\\\/\\\/www.linkedin.com\\\/company\\\/34739653\",\"https:\\\/\\\/www.instagram.com\\\/gh0stysky\"]}]}<\/script>\n<!-- \/ Yoast SEO plugin. -->","yoast_head_json":{"title":"Rob\u00f3tica Booster K1 (Geek\/Edu\/Pro) - Ghostysky","description":"O Booster K1 \u00e9 um rob\u00f4 humanoide potente, compacto e acess\u00edvel, projetado para ser a plataforma ideal para educa\u00e7\u00e3o em STEM, pesquisa avan\u00e7ada em rob\u00f3tica e desafios competitivos como a RoboCup. Combinando mobilidade avan\u00e7ada com robusto poder computacional de IA em um formato pronto para uso, o K1 traz o futuro da rob\u00f3tica humanoide para o seu laborat\u00f3rio ou sala de aula.","robots":{"index":"index","follow":"follow","max-snippet":"max-snippet:-1","max-image-preview":"max-image-preview:large","max-video-preview":"max-video-preview:-1"},"canonical":"https:\/\/www.ghostysky.com\/pt\/produto-2\/booster-robotics-k1\/","og_locale":"pt_PT","og_type":"article","og_title":"Booster Robotics K1 (Geek\/Edu\/Pro) - Ghostysky","og_description":"The Booster K1 is a powerful, compact, and accessible humanoid robot engineered to be the ideal platform for STEM education, advanced robotics research, and competitive challenges like RoboCup. Combining advanced mobility with robust AI computing power in a ready-to-use format, the K1 brings the future of humanoid robotics into your lab or classroom.","og_url":"https:\/\/www.ghostysky.com\/pt\/produto-2\/booster-robotics-k1\/","og_site_name":"Ghostysky","article_publisher":"https:\/\/www.facebook.com\/people\/Ghostysky\/100057676170234\/","article_modified_time":"2026-01-30T15:45:28+00:00","og_image":[{"width":700,"height":700,"url":"https:\/\/www.ghostysky.com\/wp-content\/uploads\/2025\/10\/GH_Booster-K1_1.webp","type":"image\/webp"}],"twitter_card":"summary_large_image","twitter_site":"@Gh0stysky","twitter_misc":{"Tempo estimado de leitura":"2 minutos"},"schema":{"@context":"https:\/\/schema.org","@graph":[{"@type":"WebPage","@id":"https:\/\/www.ghostysky.com\/product\/booster-robotics-k1\/","url":"https:\/\/www.ghostysky.com\/product\/booster-robotics-k1\/","name":"Rob\u00f3tica Booster K1 (Geek\/Edu\/Pro) - Ghostysky","isPartOf":{"@id":"https:\/\/www.ghostysky.com\/#website"},"primaryImageOfPage":{"@id":"https:\/\/www.ghostysky.com\/product\/booster-robotics-k1\/#primaryimage"},"image":{"@id":"https:\/\/www.ghostysky.com\/product\/booster-robotics-k1\/#primaryimage"},"thumbnailUrl":"https:\/\/www.ghostysky.com\/wp-content\/uploads\/2025\/10\/GH_Booster-K1_1.webp","datePublished":"2025-10-22T13:55:30+00:00","dateModified":"2026-01-30T15:45:28+00:00","description":"O Booster K1 \u00e9 um rob\u00f4 humanoide potente, compacto e acess\u00edvel, projetado para ser a plataforma ideal para educa\u00e7\u00e3o em STEM, pesquisa avan\u00e7ada em rob\u00f3tica e desafios competitivos como a RoboCup. Combinando mobilidade avan\u00e7ada com robusto poder computacional de IA em um formato pronto para uso, o K1 traz o futuro da rob\u00f3tica humanoide para o seu laborat\u00f3rio ou sala de aula.","breadcrumb":{"@id":"https:\/\/www.ghostysky.com\/product\/booster-robotics-k1\/#breadcrumb"},"inLanguage":"pt-PT","potentialAction":[{"@type":"ReadAction","target":["https:\/\/www.ghostysky.com\/product\/booster-robotics-k1\/"]}]},{"@type":"ImageObject","inLanguage":"pt-PT","@id":"https:\/\/www.ghostysky.com\/product\/booster-robotics-k1\/#primaryimage","url":"https:\/\/www.ghostysky.com\/wp-content\/uploads\/2025\/10\/GH_Booster-K1_1.webp","contentUrl":"https:\/\/www.ghostysky.com\/wp-content\/uploads\/2025\/10\/GH_Booster-K1_1.webp","width":700,"height":700},{"@type":"BreadcrumbList","@id":"https:\/\/www.ghostysky.com\/product\/booster-robotics-k1\/#breadcrumb","itemListElement":[{"@type":"ListItem","position":1,"name":"Home","item":"https:\/\/www.ghostysky.com\/"},{"@type":"ListItem","position":2,"name":"Shop","item":"https:\/\/www.ghostysky.com\/shop\/"},{"@type":"ListItem","position":3,"name":"Booster Robotics K1 (Geek\/Edu\/Pro)"}]},{"@type":"WebSite","@id":"https:\/\/www.ghostysky.com\/#website","url":"https:\/\/www.ghostysky.com\/","name":"Ghostysky","description":"Fornecendo drones e servi\u00e7os profissionais","publisher":{"@id":"https:\/\/www.ghostysky.com\/#organization"},"potentialAction":[{"@type":"SearchAction","target":{"@type":"EntryPoint","urlTemplate":"https:\/\/www.ghostysky.com\/?s={search_term_string}"},"query-input":{"@type":"PropertyValueSpecification","valueRequired":true,"valueName":"search_term_string"}}],"inLanguage":"pt-PT"},{"@type":"Organization","@id":"https:\/\/www.ghostysky.com\/#organization","name":"Ghostysky","url":"https:\/\/www.ghostysky.com\/","logo":{"@type":"ImageObject","inLanguage":"pt-PT","@id":"https:\/\/www.ghostysky.com\/#\/schema\/logo\/image\/","url":"https:\/\/www.ghostysky.com\/wp-content\/uploads\/2020\/06\/cropped-ghostyskylogo_text_white2.png","contentUrl":"https:\/\/www.ghostysky.com\/wp-content\/uploads\/2020\/06\/cropped-ghostyskylogo_text_white2.png","width":169,"height":56,"caption":"Ghostysky"},"image":{"@id":"https:\/\/www.ghostysky.com\/#\/schema\/logo\/image\/"},"sameAs":["https:\/\/www.facebook.com\/people\/Ghostysky\/100057676170234\/","https:\/\/x.com\/Gh0stysky","https:\/\/www.linkedin.com\/company\/34739653","https:\/\/www.instagram.com\/gh0stysky"]}]}},"_links":{"self":[{"href":"https:\/\/www.ghostysky.com\/pt\/wp-json\/wp\/v2\/product\/22202","targetHints":{"allow":["GET"]}}],"collection":[{"href":"https:\/\/www.ghostysky.com\/pt\/wp-json\/wp\/v2\/product"}],"about":[{"href":"https:\/\/www.ghostysky.com\/pt\/wp-json\/wp\/v2\/types\/product"}],"replies":[{"embeddable":true,"href":"https:\/\/www.ghostysky.com\/pt\/wp-json\/wp\/v2\/comments?post=22202"}],"version-history":[{"count":0,"href":"https:\/\/www.ghostysky.com\/pt\/wp-json\/wp\/v2\/product\/22202\/revisions"}],"wp:featuredmedia":[{"embeddable":true,"href":"https:\/\/www.ghostysky.com\/pt\/wp-json\/wp\/v2\/media\/22203"}],"wp:attachment":[{"href":"https:\/\/www.ghostysky.com\/pt\/wp-json\/wp\/v2\/media?parent=22202"}],"wp:term":[{"taxonomy":"product_brand","embeddable":true,"href":"https:\/\/www.ghostysky.com\/pt\/wp-json\/wp\/v2\/product_brand?post=22202"},{"taxonomy":"product_cat","embeddable":true,"href":"https:\/\/www.ghostysky.com\/pt\/wp-json\/wp\/v2\/product_cat?post=22202"},{"taxonomy":"product_tag","embeddable":true,"href":"https:\/\/www.ghostysky.com\/pt\/wp-json\/wp\/v2\/product_tag?post=22202"}],"curies":[{"name":"wp","href":"https:\/\/api.w.org\/{rel}","templated":true}]}}