{"id":22215,"date":"2025-10-22T14:19:31","date_gmt":"2025-10-22T14:19:31","guid":{"rendered":"https:\/\/www.ghostysky.com\/?post_type=product&#038;p=22215"},"modified":"2025-10-22T14:24:44","modified_gmt":"2025-10-22T14:24:44","slug":"k1-charger","status":"publish","type":"product","link":"https:\/\/www.ghostysky.com\/pt\/product\/k1-charger\/","title":{"rendered":"Carregador K1"},"content":{"rendered":"<h4><b>Principais caracter\u00edsticas relacionadas ao sistema de carregamento e autonomia do rob\u00f4<\/b><\/h4>\n<ul>\n<li><b>Carregamento r\u00e1pido:<\/b><span class=\"citation-1846\"> O rob\u00f4 Booster K1 tem um relato <\/span><b><span class=\"citation-1846 citation-end-1846\">tempo de carregamento de <sup class=\"superscript\" data-turn-source-index=\"2\">2<\/sup><\/span><span class=\"math-inline\" data-math=\"\\le 1\">$\\le 1$<\/span><span class=\"citation-1845\"> hora<\/span><\/b><span class=\"citation-1845 citation-end-1845\"> para recarregar totalmente a bateria.<\/span><\/li>\n<li><b>Desempenho ideal:<\/b><span class=\"citation-1844\"> Ele foi projetado para funcionar com a bateria integrada do K1 (normalmente <\/span><b><span class=\"citation-1844\">48 V \/ 2 Ah<\/span><\/b><span class=\"citation-1844 citation-end-1844\">) para manter a caminhada ativa e a mobilidade do rob\u00f4 por at\u00e9 <sup class=\"superscript\" data-turn-source-index=\"4\">4<\/sup><\/span><span class=\"math-inline\" data-math=\"\\mathbf{40-50}\">$\\mathbf{40-50}$<\/span> <b><span class=\"citation-1843\">minutos<\/span><\/b><span class=\"citation-1843 citation-end-1843\"> por carga.<\/span><\/li>\n<li><b>Acess\u00f3rio essencial:<\/b> O carregador \u00e9 um acess\u00f3rio padr\u00e3o inclu\u00eddo no rob\u00f4 humanoide Booster K1, garantindo a pot\u00eancia <span class=\"math-inline\" data-math=\"\\mathbf{22}\">$\\mathbf{22}$<\/span> <b>DoF<\/b> (Graus de Liberdade) e <b>NVIDIA Jetson Orin NX<\/b> a plataforma de IA continua operacional para uso prolongado em projetos e competi\u00e7\u00f5es.<\/li>\n<\/ul>","protected":false},"excerpt":{"rendered":"<p><span class=\"citation-1847\">O carregador Booster Robotics K1 \u00e9 o acess\u00f3rio de carregamento dedicado para o <\/span><b><span class=\"citation-1847\">Rob\u00f4 Humanoide Booster K1<\/span><\/b><span class=\"citation-1847 citation-end-1847\">.<\/span><\/p>\n<p>Embora os detalhes do carregador em si sejam m\u00ednimos, sua fun\u00e7\u00e3o principal \u00e9 recarregar de forma r\u00e1pida e confi\u00e1vel a bateria principal do rob\u00f4, garantindo tempo de inatividade m\u00ednimo para pesquisa, educa\u00e7\u00e3o e competi\u00e7\u00e3o.<\/p>","protected":false},"featured_media":22208,"comment_status":"open","ping_status":"closed","template":"","meta":[],"product_brand":[1165],"product_cat":[1162,1164,1038,1037],"product_tag":[1166,1169,1168],"class_list":{"0":"post-22215","1":"product","2":"type-product","3":"status-publish","4":"has-post-thumbnail","6":"product_brand-booster-robotics","7":"product_cat-booster-robotics","8":"product_cat-booster-robotics-accessories","9":"product_cat-humanoid","10":"product_cat-robotics","11":"product_tag-booster-robotics","12":"product_tag-booster-robotics-accessories","13":"product_tag-booster-robotics-k1","15":"first","16":"outofstock","17":"taxable","18":"shipping-taxable","19":"product-type-simple"},"yoast_head":"<!-- This site is optimized with the Yoast SEO plugin v27.1.1 - https:\/\/yoast.com\/product\/yoast-seo-wordpress\/ -->\n<title>K1 Charger - Ghostysky<\/title>\n<meta name=\"description\" content=\"The Booster Robotics K1 Charger is the dedicated charging accessory for the Booster K1 Humanoid Robot.While details for the charger itself are minimal, its primary function is to quickly and reliably recharge the robot&#039;s main battery, ensuring minimal downtime for research, education, and competition.\" \/>\n<meta name=\"robots\" content=\"index, follow, max-snippet:-1, max-image-preview:large, max-video-preview:-1\" \/>\n<link rel=\"canonical\" href=\"https:\/\/www.ghostysky.com\/pt\/produto-2\/k1-charger\/\" \/>\n<meta property=\"og:locale\" content=\"pt_PT\" \/>\n<meta property=\"og:type\" content=\"article\" \/>\n<meta property=\"og:title\" content=\"K1 Charger - Ghostysky\" \/>\n<meta property=\"og:description\" content=\"The Booster Robotics K1 Charger is the dedicated charging accessory for the Booster K1 Humanoid Robot.While details for the charger itself are minimal, its primary function is to quickly and reliably recharge the robot&#039;s main battery, ensuring minimal downtime for research, education, and competition.\" \/>\n<meta property=\"og:url\" content=\"https:\/\/www.ghostysky.com\/pt\/produto-2\/k1-charger\/\" \/>\n<meta property=\"og:site_name\" content=\"Ghostysky\" \/>\n<meta property=\"article:publisher\" content=\"https:\/\/www.facebook.com\/people\/Ghostysky\/100057676170234\/\" \/>\n<meta property=\"article:modified_time\" content=\"2025-10-22T14:24:44+00:00\" \/>\n<meta property=\"og:image\" content=\"https:\/\/www.ghostysky.com\/wp-content\/uploads\/2025\/10\/GH_booster_robotics_Logo.png\" \/>\n\t<meta property=\"og:image:width\" content=\"600\" \/>\n\t<meta property=\"og:image:height\" content=\"300\" \/>\n\t<meta property=\"og:image:type\" content=\"image\/png\" \/>\n<meta name=\"twitter:card\" content=\"summary_large_image\" \/>\n<meta name=\"twitter:site\" content=\"@Gh0stysky\" \/>\n<meta name=\"twitter:label1\" content=\"Tempo estimado de leitura\" \/>\n\t<meta name=\"twitter:data1\" content=\"1 minuto\" \/>\n<script type=\"application\/ld+json\" class=\"yoast-schema-graph\">{\"@context\":\"https:\/\/schema.org\",\"@graph\":[{\"@type\":\"WebPage\",\"@id\":\"https:\/\/www.ghostysky.com\/product\/k1-charger\/\",\"url\":\"https:\/\/www.ghostysky.com\/product\/k1-charger\/\",\"name\":\"K1 Charger - Ghostysky\",\"isPartOf\":{\"@id\":\"https:\/\/www.ghostysky.com\/#website\"},\"primaryImageOfPage\":{\"@id\":\"https:\/\/www.ghostysky.com\/product\/k1-charger\/#primaryimage\"},\"image\":{\"@id\":\"https:\/\/www.ghostysky.com\/product\/k1-charger\/#primaryimage\"},\"thumbnailUrl\":\"https:\/\/www.ghostysky.com\/wp-content\/uploads\/2025\/10\/GH_booster_robotics_Logo.png\",\"datePublished\":\"2025-10-22T14:19:31+00:00\",\"dateModified\":\"2025-10-22T14:24:44+00:00\",\"description\":\"The Booster Robotics K1 Charger is the dedicated charging accessory for the Booster K1 Humanoid Robot.While details for the charger itself are minimal, its primary function is to quickly and reliably recharge the robot's main battery, ensuring minimal downtime for research, education, and competition.\",\"breadcrumb\":{\"@id\":\"https:\/\/www.ghostysky.com\/product\/k1-charger\/#breadcrumb\"},\"inLanguage\":\"pt-PT\",\"potentialAction\":[{\"@type\":\"ReadAction\",\"target\":[\"https:\/\/www.ghostysky.com\/product\/k1-charger\/\"]}]},{\"@type\":\"ImageObject\",\"inLanguage\":\"pt-PT\",\"@id\":\"https:\/\/www.ghostysky.com\/product\/k1-charger\/#primaryimage\",\"url\":\"https:\/\/www.ghostysky.com\/wp-content\/uploads\/2025\/10\/GH_booster_robotics_Logo.png\",\"contentUrl\":\"https:\/\/www.ghostysky.com\/wp-content\/uploads\/2025\/10\/GH_booster_robotics_Logo.png\",\"width\":600,\"height\":300},{\"@type\":\"BreadcrumbList\",\"@id\":\"https:\/\/www.ghostysky.com\/product\/k1-charger\/#breadcrumb\",\"itemListElement\":[{\"@type\":\"ListItem\",\"position\":1,\"name\":\"Home\",\"item\":\"https:\/\/www.ghostysky.com\/\"},{\"@type\":\"ListItem\",\"position\":2,\"name\":\"Shop\",\"item\":\"https:\/\/www.ghostysky.com\/shop\/\"},{\"@type\":\"ListItem\",\"position\":3,\"name\":\"K1 Charger\"}]},{\"@type\":\"WebSite\",\"@id\":\"https:\/\/www.ghostysky.com\/#website\",\"url\":\"https:\/\/www.ghostysky.com\/\",\"name\":\"Ghostysky\",\"description\":\"Delivering professional drones and services\",\"publisher\":{\"@id\":\"https:\/\/www.ghostysky.com\/#organization\"},\"potentialAction\":[{\"@type\":\"SearchAction\",\"target\":{\"@type\":\"EntryPoint\",\"urlTemplate\":\"https:\/\/www.ghostysky.com\/?s={search_term_string}\"},\"query-input\":{\"@type\":\"PropertyValueSpecification\",\"valueRequired\":true,\"valueName\":\"search_term_string\"}}],\"inLanguage\":\"pt-PT\"},{\"@type\":\"Organization\",\"@id\":\"https:\/\/www.ghostysky.com\/#organization\",\"name\":\"Ghostysky\",\"url\":\"https:\/\/www.ghostysky.com\/\",\"logo\":{\"@type\":\"ImageObject\",\"inLanguage\":\"pt-PT\",\"@id\":\"https:\/\/www.ghostysky.com\/#\/schema\/logo\/image\/\",\"url\":\"https:\/\/www.ghostysky.com\/wp-content\/uploads\/2020\/06\/cropped-ghostyskylogo_text_white2.png\",\"contentUrl\":\"https:\/\/www.ghostysky.com\/wp-content\/uploads\/2020\/06\/cropped-ghostyskylogo_text_white2.png\",\"width\":169,\"height\":56,\"caption\":\"Ghostysky\"},\"image\":{\"@id\":\"https:\/\/www.ghostysky.com\/#\/schema\/logo\/image\/\"},\"sameAs\":[\"https:\/\/www.facebook.com\/people\/Ghostysky\/100057676170234\/\",\"https:\/\/x.com\/Gh0stysky\",\"https:\/\/www.linkedin.com\/company\/34739653\",\"https:\/\/www.instagram.com\/gh0stysky\"]}]}<\/script>\n<!-- \/ Yoast SEO plugin. -->","yoast_head_json":{"title":"Carregador K1 - Ghostysky","description":"O carregador Booster Robotics K1 \u00e9 o acess\u00f3rio de carregamento dedicado para o rob\u00f4 humanoide Booster K1. Embora os detalhes do carregador em si sejam m\u00ednimos, sua fun\u00e7\u00e3o principal \u00e9 recarregar de forma r\u00e1pida e confi\u00e1vel a bateria principal do rob\u00f4, garantindo tempo de inatividade m\u00ednimo para pesquisa, educa\u00e7\u00e3o e competi\u00e7\u00e3o.","robots":{"index":"index","follow":"follow","max-snippet":"max-snippet:-1","max-image-preview":"max-image-preview:large","max-video-preview":"max-video-preview:-1"},"canonical":"https:\/\/www.ghostysky.com\/pt\/produto-2\/k1-charger\/","og_locale":"pt_PT","og_type":"article","og_title":"K1 Charger - Ghostysky","og_description":"The Booster Robotics K1 Charger is the dedicated charging accessory for the Booster K1 Humanoid Robot.While details for the charger itself are minimal, its primary function is to quickly and reliably recharge the robot's main battery, ensuring minimal downtime for research, education, and competition.","og_url":"https:\/\/www.ghostysky.com\/pt\/produto-2\/k1-charger\/","og_site_name":"Ghostysky","article_publisher":"https:\/\/www.facebook.com\/people\/Ghostysky\/100057676170234\/","article_modified_time":"2025-10-22T14:24:44+00:00","og_image":[{"width":600,"height":300,"url":"https:\/\/www.ghostysky.com\/wp-content\/uploads\/2025\/10\/GH_booster_robotics_Logo.png","type":"image\/png"}],"twitter_card":"summary_large_image","twitter_site":"@Gh0stysky","twitter_misc":{"Tempo estimado de leitura":"1 minuto"},"schema":{"@context":"https:\/\/schema.org","@graph":[{"@type":"WebPage","@id":"https:\/\/www.ghostysky.com\/product\/k1-charger\/","url":"https:\/\/www.ghostysky.com\/product\/k1-charger\/","name":"Carregador K1 - Ghostysky","isPartOf":{"@id":"https:\/\/www.ghostysky.com\/#website"},"primaryImageOfPage":{"@id":"https:\/\/www.ghostysky.com\/product\/k1-charger\/#primaryimage"},"image":{"@id":"https:\/\/www.ghostysky.com\/product\/k1-charger\/#primaryimage"},"thumbnailUrl":"https:\/\/www.ghostysky.com\/wp-content\/uploads\/2025\/10\/GH_booster_robotics_Logo.png","datePublished":"2025-10-22T14:19:31+00:00","dateModified":"2025-10-22T14:24:44+00:00","description":"O carregador Booster Robotics K1 \u00e9 o acess\u00f3rio de carregamento dedicado para o rob\u00f4 humanoide Booster K1. Embora os detalhes do carregador em si sejam m\u00ednimos, sua fun\u00e7\u00e3o principal \u00e9 recarregar de forma r\u00e1pida e confi\u00e1vel a bateria principal do rob\u00f4, garantindo tempo de inatividade m\u00ednimo para pesquisa, educa\u00e7\u00e3o e competi\u00e7\u00e3o.","breadcrumb":{"@id":"https:\/\/www.ghostysky.com\/product\/k1-charger\/#breadcrumb"},"inLanguage":"pt-PT","potentialAction":[{"@type":"ReadAction","target":["https:\/\/www.ghostysky.com\/product\/k1-charger\/"]}]},{"@type":"ImageObject","inLanguage":"pt-PT","@id":"https:\/\/www.ghostysky.com\/product\/k1-charger\/#primaryimage","url":"https:\/\/www.ghostysky.com\/wp-content\/uploads\/2025\/10\/GH_booster_robotics_Logo.png","contentUrl":"https:\/\/www.ghostysky.com\/wp-content\/uploads\/2025\/10\/GH_booster_robotics_Logo.png","width":600,"height":300},{"@type":"BreadcrumbList","@id":"https:\/\/www.ghostysky.com\/product\/k1-charger\/#breadcrumb","itemListElement":[{"@type":"ListItem","position":1,"name":"Home","item":"https:\/\/www.ghostysky.com\/"},{"@type":"ListItem","position":2,"name":"Shop","item":"https:\/\/www.ghostysky.com\/shop\/"},{"@type":"ListItem","position":3,"name":"K1 Charger"}]},{"@type":"WebSite","@id":"https:\/\/www.ghostysky.com\/#website","url":"https:\/\/www.ghostysky.com\/","name":"Ghostysky","description":"Fornecendo drones e servi\u00e7os profissionais","publisher":{"@id":"https:\/\/www.ghostysky.com\/#organization"},"potentialAction":[{"@type":"SearchAction","target":{"@type":"EntryPoint","urlTemplate":"https:\/\/www.ghostysky.com\/?s={search_term_string}"},"query-input":{"@type":"PropertyValueSpecification","valueRequired":true,"valueName":"search_term_string"}}],"inLanguage":"pt-PT"},{"@type":"Organization","@id":"https:\/\/www.ghostysky.com\/#organization","name":"Ghostysky","url":"https:\/\/www.ghostysky.com\/","logo":{"@type":"ImageObject","inLanguage":"pt-PT","@id":"https:\/\/www.ghostysky.com\/#\/schema\/logo\/image\/","url":"https:\/\/www.ghostysky.com\/wp-content\/uploads\/2020\/06\/cropped-ghostyskylogo_text_white2.png","contentUrl":"https:\/\/www.ghostysky.com\/wp-content\/uploads\/2020\/06\/cropped-ghostyskylogo_text_white2.png","width":169,"height":56,"caption":"Ghostysky"},"image":{"@id":"https:\/\/www.ghostysky.com\/#\/schema\/logo\/image\/"},"sameAs":["https:\/\/www.facebook.com\/people\/Ghostysky\/100057676170234\/","https:\/\/x.com\/Gh0stysky","https:\/\/www.linkedin.com\/company\/34739653","https:\/\/www.instagram.com\/gh0stysky"]}]}},"_links":{"self":[{"href":"https:\/\/www.ghostysky.com\/pt\/wp-json\/wp\/v2\/product\/22215","targetHints":{"allow":["GET"]}}],"collection":[{"href":"https:\/\/www.ghostysky.com\/pt\/wp-json\/wp\/v2\/product"}],"about":[{"href":"https:\/\/www.ghostysky.com\/pt\/wp-json\/wp\/v2\/types\/product"}],"replies":[{"embeddable":true,"href":"https:\/\/www.ghostysky.com\/pt\/wp-json\/wp\/v2\/comments?post=22215"}],"wp:featuredmedia":[{"embeddable":true,"href":"https:\/\/www.ghostysky.com\/pt\/wp-json\/wp\/v2\/media\/22208"}],"wp:attachment":[{"href":"https:\/\/www.ghostysky.com\/pt\/wp-json\/wp\/v2\/media?parent=22215"}],"wp:term":[{"taxonomy":"product_brand","embeddable":true,"href":"https:\/\/www.ghostysky.com\/pt\/wp-json\/wp\/v2\/product_brand?post=22215"},{"taxonomy":"product_cat","embeddable":true,"href":"https:\/\/www.ghostysky.com\/pt\/wp-json\/wp\/v2\/product_cat?post=22215"},{"taxonomy":"product_tag","embeddable":true,"href":"https:\/\/www.ghostysky.com\/pt\/wp-json\/wp\/v2\/product_tag?post=22215"}],"curies":[{"name":"wp","href":"https:\/\/api.w.org\/{rel}","templated":true}]}}