{"id":22221,"date":"2025-10-22T15:00:17","date_gmt":"2025-10-22T15:00:17","guid":{"rendered":"https:\/\/www.ghostysky.com\/?post_type=product&#038;p=22221"},"modified":"2025-10-22T15:00:56","modified_gmt":"2025-10-22T15:00:56","slug":"dji-mavic-4-pro-512gb-creator-combo-dji-rc-pro-2","status":"publish","type":"product","link":"https:\/\/www.ghostysky.com\/pt\/product\/dji-mavic-4-pro-512gb-creator-combo-dji-rc-pro-2\/","title":{"rendered":"DJI Mavic 4 Pro 512 GB Creator Combo (DJI RC Pro 2)"},"content":{"rendered":"<h4>Poder de imagem sem precedentes:<\/h4>\n<p>No cora\u00e7\u00e3o do Mavic 4 Pro est\u00e1 um vers\u00e1til sistema de c\u00e2mera tripla projetado para resultados de n\u00edvel profissional:2<\/p>\n<ul>\n<li><b><span class=\"citation-49\">C\u00e2mera principal Hasselblad de 100 MP (4\/3 CMOS):<\/span><\/b><span class=\"citation-49\"> Capture fotos impressionantes de 100 MP com qualidade de cinema <\/span><b><span class=\"citation-49\">V\u00eddeo HDR 6K\/60 fps<\/span><\/b><span class=\"citation-49 citation-end-49\"> com at\u00e9 16 pontos de faixa din\u00e2mica.<sup class=\"superscript\" data-turn-source-index=\"3\">3<\/sup><\/span> <span class=\"citation-48 citation-end-48\">A solu\u00e7\u00e3o de cor natural Hasselblad (HNCS) garante fidelidade de cores excepcional, enquanto a abertura ajust\u00e1vel (<sup class=\"superscript\" data-turn-source-index=\"4\">4<\/sup><\/span><span class=\"math-inline\" data-math=\"f\/2.0-f\/11\">$f\/2.0-f\/11$<\/span><span class=\"citation-47 citation-end-47\">) oferece controle criativo em diversas ilumina\u00e7\u00f5es.<\/span><\/li>\n<li><b>C\u00e2mera teleobjetiva m\u00e9dia de 48 MP (CMOS de 1\/1,3\u2033):<\/b> Fornece um <span class=\"math-inline\" data-math=\"70 \\text{mm}\">$70 \\texto{mm}$<\/span> dist\u00e2ncia focal equivalente para perspectivas comprimidas e <span class=\"math-inline\" data-math=\"4\\text{K}\/120\\text{fps}\">$4\\texto{K}\/120\\texto{fps}$<\/span> c\u00e2mera lenta.<\/li>\n<li><b><span class=\"citation-46\">C\u00e2mera teleobjetiva de 50 MP (CMOS de 1\/1,5\u2033):<\/span><\/b><span class=\"citation-46 citation-end-46\"> Oferece um <sup class=\"superscript\" data-turn-source-index=\"6\">6<\/sup><\/span><span class=\"math-inline\" data-math=\"168 \\text{mm}\">$168 \\texto{mm}$<\/span><span class=\"citation-45 citation-end-45\"> dist\u00e2ncia focal equivalente para fotos detalhadas de longo alcance e <sup class=\"superscript\" data-turn-source-index=\"7\">7<\/sup><\/span><span class=\"math-inline\" data-math=\"4\\text{K}\/100\\text{fps}\">$4\\texto{K}\/100\\texto{fps}$<\/span><span class=\"citation-44 citation-end-44\"> v\u00eddeo.<\/span><\/li>\n<\/ul>\n<p><span class=\"citation-43\">Todas as tr\u00eas c\u00e2meras suportam <\/span><b><span class=\"citation-43\">D-Log de 10 bits, D-Log M e HLG<\/span><\/b><span class=\"citation-43 citation-end-43\"> perfis de cores, garantindo reprodu\u00e7\u00e3o de cores consistente e m\u00e1xima flexibilidade na p\u00f3s-produ\u00e7\u00e3o.<\/span><\/p>\n<p>Melhorias focadas no criador:<\/p>\n<p>Este Creator Combo \u00e9 otimizado para o fluxo de trabalho profissional:<\/p>\n<ul>\n<li><b><span class=\"citation-42\">Armazenamento de alta velocidade integrado (SSD) de 512 GB:<\/span><\/b><span class=\"citation-42\"> Oferece amplo espa\u00e7o e suporta especifica\u00e7\u00f5es elevadas <\/span><b><span class=\"citation-42\">All-I 4:2:2 10 bits<\/span><\/b><span class=\"citation-42 citation-end-42\"> codifica\u00e7\u00e3o de v\u00eddeo para edi\u00e7\u00e3o e profundidade de cor superiores.<\/span><\/li>\n<li><b>DJI RC Pro 2:<\/b><span class=\"citation-41\"> O controle remoto de alto desempenho inclu\u00eddo apresenta um novo e brilhante <\/span><b><span class=\"citation-41\">Tela Mini-LED de 7 polegadas<\/span><\/b><span class=\"citation-41 citation-end-41\"> (at\u00e9 2000 nits), uma tela girat\u00f3ria para disparo vertical e antenas de alto ganho integradas para maior estabilidade de transmiss\u00e3o.<\/span><\/li>\n<\/ul>\n<p><b>Gimbal revolucion\u00e1rio e seguran\u00e7a de voo:<\/b><\/p>\n<ul>\n<li><b><span class=\"citation-40\">Gimbal Infinito:<\/span><\/b><span class=\"citation-40\"> Um design inovador permite <\/span><b><span class=\"citation-40\">rota\u00e7\u00e3o completa de 360\u00b0<\/span><\/b><span class=\"citation-40\"> e at\u00e9 <\/span><b><span class=\"citation-40\">Tiro ascendente de 70\u00b0<\/span><\/b><span class=\"citation-40 citation-end-40\">, permitindo movimentos de c\u00e2mera din\u00e2micos que desafiam a gravidade e \u00e2ngulos holandeses criativos nunca antes poss\u00edveis em um Mavic.<\/span><\/li>\n<li><b><span class=\"citation-39\">Tempo m\u00e1ximo de voo: 51 minutos<\/span><\/b><span class=\"citation-39 citation-end-39\"> Uma bateria de longa dura\u00e7\u00e3o permite capturar mais com menos interrup\u00e7\u00f5es.<\/span><\/li>\n<li><b>Detec\u00e7\u00e3o de obst\u00e1culos omnidirecional de 0,1-Lux Nightscape:<\/b><span class=\"citation-38\"> Um sistema avan\u00e7ado, complementado por <\/span><b><span class=\"citation-38\">LiDAR voltado para a frente<\/span><\/b><span class=\"citation-38 citation-end-38\">, proporciona preven\u00e7\u00e3o abrangente de obst\u00e1culos mesmo em condi\u00e7\u00f5es de luminosidade extremamente baixa, garantindo voos mais seguros dia e noite.<\/span><\/li>\n<li><b>ActiveTrack 360\u00b0:<\/b><span class=\"citation-37 citation-end-37\"> O rastreamento de assunto de \u00faltima gera\u00e7\u00e3o oferece acompanhamento autom\u00e1tico cinematogr\u00e1fico com alta precis\u00e3o, mesmo quando o assunto est\u00e1 parcialmente obscurecido.<\/span><\/li>\n<li><b><span class=\"citation-36\">Transmiss\u00e3o de v\u00eddeo DJI O4+:<\/span><\/b><span class=\"citation-36\"> Oferece alcance ultralongo <\/span><b><span class=\"citation-36 citation-end-36\">Transmiss\u00e3o de v\u00eddeo HDR de 10 bits at\u00e9 <sup class=\"superscript\" data-turn-source-index=\"16\">16<\/sup><\/span><span class=\"math-inline\" data-math=\"30 \\text{km}\">$30 \\texto{km}$<\/span><\/b><span class=\"citation-35 citation-end-35\"> (FCC), garantindo uma vis\u00e3o confi\u00e1vel e n\u00edtida para fotos complexas e distantes.<\/span><\/li>\n<\/ul>\n<h4>O que est\u00e1 inclu\u00eddo no Creator Combo:<\/h4>\n<p>O kit definitivo para criadores a\u00e9reos, com tudo o que voc\u00ea precisa para filmagens profissionais prolongadas:<\/p>\n<ul>\n<li>1x DJI Mavic 4 Pro 512 GB<\/li>\n<li>1x DJI RC Pro 2<\/li>\n<li>3 baterias de voo inteligente Mavic 4 Pro<\/li>\n<li>4 h\u00e9lices de reposi\u00e7\u00e3o DJI Mavic 4 Pro (par)<\/li>\n<li>1x Estojo de armazenamento para DJI Mavic 4 Pro<\/li>\n<li>1x Cabo de dados de alta velocidade USB-C para USB-C<\/li>\n<li>1x Adaptador de energia DJI Mavic 4 Series 240W<\/li>\n<li>1x Bolsa de ombro DJI Mavic<\/li>\n<li>1x Centro de Carregamento Paralelo DJI Mavic 4 Pro<\/li>\n<\/ul>","protected":false},"excerpt":{"rendered":"<p><span class=\"citation-51\">Liberte o seu potencial criativo com o <\/span><b><span class=\"citation-51\">DJI Mavic 4 Pro 512 GB Creator Combo<\/span><\/b><span class=\"citation-51 citation-end-51\">, o drone topo de linha definitivo, criado para profissionais audiovisuais e criadores de conte\u00fado exigentes.<\/span> Este pacote de primeira linha combina tecnologia de c\u00e2mera inovadora, din\u00e2mica de voo revolucion\u00e1ria e o avan\u00e7ado <b>DJI RC Pro 2<\/b> controlador, tornando-o a ferramenta definitiva para narrativa a\u00e9rea.<\/p>","protected":false},"featured_media":22222,"comment_status":"open","ping_status":"closed","template":"","meta":[],"product_brand":[1031],"product_cat":[37,29,1171,1172],"product_tag":[1175,1174,1176],"class_list":{"0":"post-22221","1":"product","2":"type-product","3":"status-publish","4":"has-post-thumbnail","6":"product_brand-dji","7":"product_cat-dji","8":"product_cat-drones","9":"product_cat-mavic-4-pro","10":"product_cat-mavic-4-pro-drones","11":"product_tag-dji-consumer-drones","12":"product_tag-dji-drones","13":"product_tag-dji-mavic-4-pro-drones","15":"first","16":"instock","17":"taxable","18":"shipping-taxable","19":"purchasable","20":"product-type-simple"},"yoast_head":"<!-- This site is optimized with the Yoast SEO plugin v27.1.1 - https:\/\/yoast.com\/product\/yoast-seo-wordpress\/ -->\n<title>DJI Mavic 4 Pro 512GB Creator Combo (DJI RC Pro 2) - Ghostysky<\/title>\n<meta name=\"description\" content=\"Unleash your creative potential with the DJI Mavic 4 Pro 512GB Creator Combo, the ultimate flagship drone built for demanding audiovisual professionals and content creators. This top-tier package combines groundbreaking camera technology, revolutionary flight dynamics, and the advanced DJI RC Pro 2 controller, making it the definitive tool for aerial storytelling.\" \/>\n<meta name=\"robots\" content=\"index, follow, max-snippet:-1, max-image-preview:large, max-video-preview:-1\" \/>\n<link rel=\"canonical\" href=\"https:\/\/www.ghostysky.com\/pt\/produto-2\/dji-mavic-4-pro-512gb-creator-combo-dji-rc-pro-2\/\" \/>\n<meta property=\"og:locale\" content=\"pt_PT\" \/>\n<meta property=\"og:type\" content=\"article\" \/>\n<meta property=\"og:title\" content=\"DJI Mavic 4 Pro 512GB Creator Combo (DJI RC Pro 2) - Ghostysky\" \/>\n<meta property=\"og:description\" content=\"Unleash your creative potential with the DJI Mavic 4 Pro 512GB Creator Combo, the ultimate flagship drone built for demanding audiovisual professionals and content creators. This top-tier package combines groundbreaking camera technology, revolutionary flight dynamics, and the advanced DJI RC Pro 2 controller, making it the definitive tool for aerial storytelling.\" \/>\n<meta property=\"og:url\" content=\"https:\/\/www.ghostysky.com\/pt\/produto-2\/dji-mavic-4-pro-512gb-creator-combo-dji-rc-pro-2\/\" \/>\n<meta property=\"og:site_name\" content=\"Ghostysky\" \/>\n<meta property=\"article:publisher\" content=\"https:\/\/www.facebook.com\/people\/Ghostysky\/100057676170234\/\" \/>\n<meta property=\"article:modified_time\" content=\"2025-10-22T15:00:56+00:00\" \/>\n<meta property=\"og:image\" content=\"https:\/\/www.ghostysky.com\/wp-content\/uploads\/2025\/10\/GH_DJI-Mavic-4-Pro-512GB-Creator-Combo-DJI-RC-Pro-2_1.jpg\" \/>\n\t<meta property=\"og:image:width\" content=\"800\" \/>\n\t<meta property=\"og:image:height\" content=\"800\" \/>\n\t<meta property=\"og:image:type\" content=\"image\/jpeg\" \/>\n<meta name=\"twitter:card\" content=\"summary_large_image\" \/>\n<meta name=\"twitter:site\" content=\"@Gh0stysky\" \/>\n<meta name=\"twitter:label1\" content=\"Tempo estimado de leitura\" \/>\n\t<meta name=\"twitter:data1\" content=\"2 minutos\" \/>\n<script type=\"application\/ld+json\" class=\"yoast-schema-graph\">{\"@context\":\"https:\/\/schema.org\",\"@graph\":[{\"@type\":\"WebPage\",\"@id\":\"https:\/\/www.ghostysky.com\/product\/dji-mavic-4-pro-512gb-creator-combo-dji-rc-pro-2\/\",\"url\":\"https:\/\/www.ghostysky.com\/product\/dji-mavic-4-pro-512gb-creator-combo-dji-rc-pro-2\/\",\"name\":\"DJI Mavic 4 Pro 512GB Creator Combo (DJI RC Pro 2) - Ghostysky\",\"isPartOf\":{\"@id\":\"https:\/\/www.ghostysky.com\/#website\"},\"primaryImageOfPage\":{\"@id\":\"https:\/\/www.ghostysky.com\/product\/dji-mavic-4-pro-512gb-creator-combo-dji-rc-pro-2\/#primaryimage\"},\"image\":{\"@id\":\"https:\/\/www.ghostysky.com\/product\/dji-mavic-4-pro-512gb-creator-combo-dji-rc-pro-2\/#primaryimage\"},\"thumbnailUrl\":\"https:\/\/www.ghostysky.com\/wp-content\/uploads\/2025\/10\/GH_DJI-Mavic-4-Pro-512GB-Creator-Combo-DJI-RC-Pro-2_1.jpg\",\"datePublished\":\"2025-10-22T15:00:17+00:00\",\"dateModified\":\"2025-10-22T15:00:56+00:00\",\"description\":\"Unleash your creative potential with the DJI Mavic 4 Pro 512GB Creator Combo, the ultimate flagship drone built for demanding audiovisual professionals and content creators. This top-tier package combines groundbreaking camera technology, revolutionary flight dynamics, and the advanced DJI RC Pro 2 controller, making it the definitive tool for aerial storytelling.\",\"breadcrumb\":{\"@id\":\"https:\/\/www.ghostysky.com\/product\/dji-mavic-4-pro-512gb-creator-combo-dji-rc-pro-2\/#breadcrumb\"},\"inLanguage\":\"pt-PT\",\"potentialAction\":[{\"@type\":\"ReadAction\",\"target\":[\"https:\/\/www.ghostysky.com\/product\/dji-mavic-4-pro-512gb-creator-combo-dji-rc-pro-2\/\"]}]},{\"@type\":\"ImageObject\",\"inLanguage\":\"pt-PT\",\"@id\":\"https:\/\/www.ghostysky.com\/product\/dji-mavic-4-pro-512gb-creator-combo-dji-rc-pro-2\/#primaryimage\",\"url\":\"https:\/\/www.ghostysky.com\/wp-content\/uploads\/2025\/10\/GH_DJI-Mavic-4-Pro-512GB-Creator-Combo-DJI-RC-Pro-2_1.jpg\",\"contentUrl\":\"https:\/\/www.ghostysky.com\/wp-content\/uploads\/2025\/10\/GH_DJI-Mavic-4-Pro-512GB-Creator-Combo-DJI-RC-Pro-2_1.jpg\",\"width\":800,\"height\":800},{\"@type\":\"BreadcrumbList\",\"@id\":\"https:\/\/www.ghostysky.com\/product\/dji-mavic-4-pro-512gb-creator-combo-dji-rc-pro-2\/#breadcrumb\",\"itemListElement\":[{\"@type\":\"ListItem\",\"position\":1,\"name\":\"Home\",\"item\":\"https:\/\/www.ghostysky.com\/\"},{\"@type\":\"ListItem\",\"position\":2,\"name\":\"Shop\",\"item\":\"https:\/\/www.ghostysky.com\/shop\/\"},{\"@type\":\"ListItem\",\"position\":3,\"name\":\"DJI Mavic 4 Pro 512GB Creator Combo (DJI RC Pro 2)\"}]},{\"@type\":\"WebSite\",\"@id\":\"https:\/\/www.ghostysky.com\/#website\",\"url\":\"https:\/\/www.ghostysky.com\/\",\"name\":\"Ghostysky\",\"description\":\"Delivering professional drones and services\",\"publisher\":{\"@id\":\"https:\/\/www.ghostysky.com\/#organization\"},\"potentialAction\":[{\"@type\":\"SearchAction\",\"target\":{\"@type\":\"EntryPoint\",\"urlTemplate\":\"https:\/\/www.ghostysky.com\/?s={search_term_string}\"},\"query-input\":{\"@type\":\"PropertyValueSpecification\",\"valueRequired\":true,\"valueName\":\"search_term_string\"}}],\"inLanguage\":\"pt-PT\"},{\"@type\":\"Organization\",\"@id\":\"https:\/\/www.ghostysky.com\/#organization\",\"name\":\"Ghostysky\",\"url\":\"https:\/\/www.ghostysky.com\/\",\"logo\":{\"@type\":\"ImageObject\",\"inLanguage\":\"pt-PT\",\"@id\":\"https:\/\/www.ghostysky.com\/#\/schema\/logo\/image\/\",\"url\":\"https:\/\/www.ghostysky.com\/wp-content\/uploads\/2020\/06\/cropped-ghostyskylogo_text_white2.png\",\"contentUrl\":\"https:\/\/www.ghostysky.com\/wp-content\/uploads\/2020\/06\/cropped-ghostyskylogo_text_white2.png\",\"width\":169,\"height\":56,\"caption\":\"Ghostysky\"},\"image\":{\"@id\":\"https:\/\/www.ghostysky.com\/#\/schema\/logo\/image\/\"},\"sameAs\":[\"https:\/\/www.facebook.com\/people\/Ghostysky\/100057676170234\/\",\"https:\/\/x.com\/Gh0stysky\",\"https:\/\/www.linkedin.com\/company\/34739653\",\"https:\/\/www.instagram.com\/gh0stysky\"]}]}<\/script>\n<!-- \/ Yoast SEO plugin. -->","yoast_head_json":{"title":"DJI Mavic 4 Pro 512 GB Creator Combo (DJI RC Pro 2) - Ghostysky","description":"Liberte seu potencial criativo com o DJI Mavic 4 Pro 512GB Creator Combo, o drone topo de linha definitivo, desenvolvido para profissionais audiovisuais e criadores de conte\u00fado exigentes. Este pacote de primeira linha combina tecnologia de c\u00e2mera inovadora, din\u00e2mica de voo revolucion\u00e1ria e o avan\u00e7ado controle DJI RC Pro 2, tornando-o a ferramenta definitiva para narrativas a\u00e9reas.","robots":{"index":"index","follow":"follow","max-snippet":"max-snippet:-1","max-image-preview":"max-image-preview:large","max-video-preview":"max-video-preview:-1"},"canonical":"https:\/\/www.ghostysky.com\/pt\/produto-2\/dji-mavic-4-pro-512gb-creator-combo-dji-rc-pro-2\/","og_locale":"pt_PT","og_type":"article","og_title":"DJI Mavic 4 Pro 512GB Creator Combo (DJI RC Pro 2) - Ghostysky","og_description":"Unleash your creative potential with the DJI Mavic 4 Pro 512GB Creator Combo, the ultimate flagship drone built for demanding audiovisual professionals and content creators. This top-tier package combines groundbreaking camera technology, revolutionary flight dynamics, and the advanced DJI RC Pro 2 controller, making it the definitive tool for aerial storytelling.","og_url":"https:\/\/www.ghostysky.com\/pt\/produto-2\/dji-mavic-4-pro-512gb-creator-combo-dji-rc-pro-2\/","og_site_name":"Ghostysky","article_publisher":"https:\/\/www.facebook.com\/people\/Ghostysky\/100057676170234\/","article_modified_time":"2025-10-22T15:00:56+00:00","og_image":[{"width":800,"height":800,"url":"https:\/\/www.ghostysky.com\/wp-content\/uploads\/2025\/10\/GH_DJI-Mavic-4-Pro-512GB-Creator-Combo-DJI-RC-Pro-2_1.jpg","type":"image\/jpeg"}],"twitter_card":"summary_large_image","twitter_site":"@Gh0stysky","twitter_misc":{"Tempo estimado de leitura":"2 minutos"},"schema":{"@context":"https:\/\/schema.org","@graph":[{"@type":"WebPage","@id":"https:\/\/www.ghostysky.com\/product\/dji-mavic-4-pro-512gb-creator-combo-dji-rc-pro-2\/","url":"https:\/\/www.ghostysky.com\/product\/dji-mavic-4-pro-512gb-creator-combo-dji-rc-pro-2\/","name":"DJI Mavic 4 Pro 512 GB Creator Combo (DJI RC Pro 2) - Ghostysky","isPartOf":{"@id":"https:\/\/www.ghostysky.com\/#website"},"primaryImageOfPage":{"@id":"https:\/\/www.ghostysky.com\/product\/dji-mavic-4-pro-512gb-creator-combo-dji-rc-pro-2\/#primaryimage"},"image":{"@id":"https:\/\/www.ghostysky.com\/product\/dji-mavic-4-pro-512gb-creator-combo-dji-rc-pro-2\/#primaryimage"},"thumbnailUrl":"https:\/\/www.ghostysky.com\/wp-content\/uploads\/2025\/10\/GH_DJI-Mavic-4-Pro-512GB-Creator-Combo-DJI-RC-Pro-2_1.jpg","datePublished":"2025-10-22T15:00:17+00:00","dateModified":"2025-10-22T15:00:56+00:00","description":"Liberte seu potencial criativo com o DJI Mavic 4 Pro 512GB Creator Combo, o drone topo de linha definitivo, desenvolvido para profissionais audiovisuais e criadores de conte\u00fado exigentes. Este pacote de primeira linha combina tecnologia de c\u00e2mera inovadora, din\u00e2mica de voo revolucion\u00e1ria e o avan\u00e7ado controle DJI RC Pro 2, tornando-o a ferramenta definitiva para narrativas a\u00e9reas.","breadcrumb":{"@id":"https:\/\/www.ghostysky.com\/product\/dji-mavic-4-pro-512gb-creator-combo-dji-rc-pro-2\/#breadcrumb"},"inLanguage":"pt-PT","potentialAction":[{"@type":"ReadAction","target":["https:\/\/www.ghostysky.com\/product\/dji-mavic-4-pro-512gb-creator-combo-dji-rc-pro-2\/"]}]},{"@type":"ImageObject","inLanguage":"pt-PT","@id":"https:\/\/www.ghostysky.com\/product\/dji-mavic-4-pro-512gb-creator-combo-dji-rc-pro-2\/#primaryimage","url":"https:\/\/www.ghostysky.com\/wp-content\/uploads\/2025\/10\/GH_DJI-Mavic-4-Pro-512GB-Creator-Combo-DJI-RC-Pro-2_1.jpg","contentUrl":"https:\/\/www.ghostysky.com\/wp-content\/uploads\/2025\/10\/GH_DJI-Mavic-4-Pro-512GB-Creator-Combo-DJI-RC-Pro-2_1.jpg","width":800,"height":800},{"@type":"BreadcrumbList","@id":"https:\/\/www.ghostysky.com\/product\/dji-mavic-4-pro-512gb-creator-combo-dji-rc-pro-2\/#breadcrumb","itemListElement":[{"@type":"ListItem","position":1,"name":"Home","item":"https:\/\/www.ghostysky.com\/"},{"@type":"ListItem","position":2,"name":"Shop","item":"https:\/\/www.ghostysky.com\/shop\/"},{"@type":"ListItem","position":3,"name":"DJI Mavic 4 Pro 512GB Creator Combo (DJI RC Pro 2)"}]},{"@type":"WebSite","@id":"https:\/\/www.ghostysky.com\/#website","url":"https:\/\/www.ghostysky.com\/","name":"Ghostysky","description":"Fornecendo drones e servi\u00e7os profissionais","publisher":{"@id":"https:\/\/www.ghostysky.com\/#organization"},"potentialAction":[{"@type":"SearchAction","target":{"@type":"EntryPoint","urlTemplate":"https:\/\/www.ghostysky.com\/?s={search_term_string}"},"query-input":{"@type":"PropertyValueSpecification","valueRequired":true,"valueName":"search_term_string"}}],"inLanguage":"pt-PT"},{"@type":"Organization","@id":"https:\/\/www.ghostysky.com\/#organization","name":"Ghostysky","url":"https:\/\/www.ghostysky.com\/","logo":{"@type":"ImageObject","inLanguage":"pt-PT","@id":"https:\/\/www.ghostysky.com\/#\/schema\/logo\/image\/","url":"https:\/\/www.ghostysky.com\/wp-content\/uploads\/2020\/06\/cropped-ghostyskylogo_text_white2.png","contentUrl":"https:\/\/www.ghostysky.com\/wp-content\/uploads\/2020\/06\/cropped-ghostyskylogo_text_white2.png","width":169,"height":56,"caption":"Ghostysky"},"image":{"@id":"https:\/\/www.ghostysky.com\/#\/schema\/logo\/image\/"},"sameAs":["https:\/\/www.facebook.com\/people\/Ghostysky\/100057676170234\/","https:\/\/x.com\/Gh0stysky","https:\/\/www.linkedin.com\/company\/34739653","https:\/\/www.instagram.com\/gh0stysky"]}]}},"_links":{"self":[{"href":"https:\/\/www.ghostysky.com\/pt\/wp-json\/wp\/v2\/product\/22221","targetHints":{"allow":["GET"]}}],"collection":[{"href":"https:\/\/www.ghostysky.com\/pt\/wp-json\/wp\/v2\/product"}],"about":[{"href":"https:\/\/www.ghostysky.com\/pt\/wp-json\/wp\/v2\/types\/product"}],"replies":[{"embeddable":true,"href":"https:\/\/www.ghostysky.com\/pt\/wp-json\/wp\/v2\/comments?post=22221"}],"wp:featuredmedia":[{"embeddable":true,"href":"https:\/\/www.ghostysky.com\/pt\/wp-json\/wp\/v2\/media\/22222"}],"wp:attachment":[{"href":"https:\/\/www.ghostysky.com\/pt\/wp-json\/wp\/v2\/media?parent=22221"}],"wp:term":[{"taxonomy":"product_brand","embeddable":true,"href":"https:\/\/www.ghostysky.com\/pt\/wp-json\/wp\/v2\/product_brand?post=22221"},{"taxonomy":"product_cat","embeddable":true,"href":"https:\/\/www.ghostysky.com\/pt\/wp-json\/wp\/v2\/product_cat?post=22221"},{"taxonomy":"product_tag","embeddable":true,"href":"https:\/\/www.ghostysky.com\/pt\/wp-json\/wp\/v2\/product_tag?post=22221"}],"curies":[{"name":"wp","href":"https:\/\/api.w.org\/{rel}","templated":true}]}}