{"id":22226,"date":"2025-10-22T15:06:12","date_gmt":"2025-10-22T15:06:12","guid":{"rendered":"https:\/\/www.ghostysky.com\/?post_type=product&#038;p=22226"},"modified":"2025-10-22T15:14:00","modified_gmt":"2025-10-22T15:14:00","slug":"dji-mavic-4-pro-fly-more-combo-dji-rc-2","status":"publish","type":"product","link":"https:\/\/www.ghostysky.com\/pt\/product\/dji-mavic-4-pro-fly-more-combo-dji-rc-2\/","title":{"rendered":"DJI Mavic 4 Pro Fly More Combo (DJI RC 2)"},"content":{"rendered":"<h4><b>Sistema de imagem incompar\u00e1vel<\/b><\/h4>\n<ul>\n<li><b>Excel\u00eancia em tr\u00eas c\u00e2meras:<\/b> Domine todos os \u00e2ngulos com um sistema vers\u00e1til de lentes triplas:\n<ul>\n<li><b><span class=\"citation-100\">C\u00e2mera Hasselblad de 100 MP (4\/3 CMOS):<\/span><\/b><span class=\"citation-100\"> Capture imagens \u00e9picas e ricas em detalhes com fotos de 100 MP e impressionantes <\/span><b><span class=\"citation-100\">V\u00eddeo HDR 6K\/60 fps<\/span><\/b><span class=\"citation-100 citation-end-100\">.<sup class=\"superscript\" data-turn-source-index=\"4\">4<\/sup><\/span> <span class=\"citation-99 citation-end-99\">Apresenta uma abertura ajust\u00e1vel de <sup class=\"superscript\" data-turn-source-index=\"5\">5<\/sup><\/span><span class=\"math-inline\" data-math=\"f\/2.0\">$f\/2.0$<\/span><span class=\"citation-98 citation-end-98\"> para <sup class=\"superscript\" data-turn-source-index=\"6\">6<\/sup><\/span><span class=\"math-inline\" data-math=\"f\/11\">$f\/11$<\/span><span class=\"citation-97 citation-end-97\"> e at\u00e9 15,5 pontos de faixa din\u00e2mica.<\/span><\/li>\n<li><b><span class=\"citation-96\">Telec\u00e2mera m\u00e9dia (1\/1,3\u2033 CMOS, equivalente a 70 mm):<\/span><\/b><span class=\"citation-96\"> Ideal para retratos e perspectivas comprimidas, capturando <\/span><b><span class=\"citation-96\">48 MP<\/span><\/b><span class=\"citation-96 citation-end-96\"> fotos e <sup class=\"superscript\" data-turn-source-index=\"8\">8<\/sup><\/span><span class=\"math-inline\" data-math=\"4\\text{K}\/60\\text{fps}\">$4\\texto{K}\/60\\texto{fps}$<\/span><span class=\"citation-95 citation-end-95\"> V\u00eddeo HDR.<\/span><\/li>\n<li><b><span class=\"citation-94 citation-end-94\">C\u00e2mera Tele Longa (1\/1,5\u2033 CMOS, 168mm equiv.):<sup class=\"superscript\" data-turn-source-index=\"10\">10<\/sup><\/span><\/b><span class=\"citation-93\"> Uma atualiza\u00e7\u00e3o significativa para fotos com zoom de alta qualidade, capturando <\/span><b><span class=\"citation-93\">50 MP<\/span><\/b><span class=\"citation-93 citation-end-93\"> fotos e <sup class=\"superscript\" data-turn-source-index=\"11\">11<\/sup><\/span><span class=\"math-inline\" data-math=\"4\\text{K}\/60\\text{fps}\">$4\\texto{K}\/60\\texto{fps}$<\/span><span class=\"citation-92 citation-end-92\"> V\u00eddeo HDR, com not\u00e1vel clareza e estabilidade.<\/span><\/li>\n<\/ul>\n<\/li>\n<li><b>Gimbal Infinito:<\/b><span class=\"citation-91\"> Quebre as barreiras criativas com um gimbal inovador que permite <\/span><b><span class=\"citation-91 citation-end-91\">completo <sup class=\"superscript\" data-turn-source-index=\"13\">13<\/sup><\/span><span class=\"math-inline\" data-math=\"360^{\\circ}\">$360^{\\circ}$<\/span><span class=\"citation-90\"> rota\u00e7\u00e3o<\/span><\/b><span class=\"citation-90 citation-end-90\"> e sem esfor\u00e7o <sup class=\"superscript\" data-turn-source-index=\"14\">14<\/sup><\/span><b><span class=\"math-inline\" data-math=\"70^{\\circ}\">$70^{\\circ}$<\/span><span class=\"citation-89\"> tiro para cima<\/span><\/b><span class=\"citation-89 citation-end-89\"> capacidade de movimentos de c\u00e2mera din\u00e2micos que desafiam a gravidade.<\/span><\/li>\n<li><b><span class=\"citation-88\">V\u00eddeo de n\u00edvel profissional:<\/span><\/b><span class=\"citation-88 citation-end-88\"> Todas as c\u00e2meras suportam perfis de cores D-Log, D-Log M e HLG de 10 bits para cores consistentes e m\u00e1xima flexibilidade de p\u00f3s-produ\u00e7\u00e3o, com op\u00e7\u00f5es de c\u00e2mera lenta de at\u00e9 <sup class=\"superscript\" data-turn-source-index=\"16\">16<\/sup><\/span><span class=\"math-inline\" data-math=\"4\\text{K}\/120\\text{fps}\">$4\\texto{K}\/120\\texto{fps}$<\/span><span class=\"citation-87 citation-end-87\">.<\/span><\/li>\n<\/ul>\n<p><b>Voo e transmiss\u00e3o estendidos:<\/b><\/p>\n<ul>\n<li><b>Tempo m\u00e1ximo de voo: 51 minutos<\/b><span class=\"citation-86\"> O design aerodinamicamente eficiente e a bateria potente proporcionam um tempo de voo excepcional de at\u00e9 <\/span><b><span class=\"citation-86\">51 minutos<\/span><\/b><span class=\"citation-86 citation-end-86\">, dando a voc\u00ea mais tempo para explorar e capturar.<\/span><\/li>\n<li><b><span class=\"citation-85\">Transmiss\u00e3o de v\u00eddeo HD DJI O4+:<\/span><\/b><span class=\"citation-85\"> Experimente uma transmiss\u00e3o de ultra-longo alcance e altamente est\u00e1vel <\/span><b><span class=\"citation-85\">V\u00eddeo HDR de 10 bits<\/span><\/b><span class=\"citation-85\"> at\u00e9 <\/span><b><span class=\"citation-85\">30 km (FCC)<\/span><\/b><span class=\"citation-85 citation-end-85\">, garantindo uma conex\u00e3o confi\u00e1vel e qualidade de imagem superior, mesmo em ambientes complexos.<\/span><\/li>\n<\/ul>\n<p><b>Seguran\u00e7a e intelig\u00eancia avan\u00e7adas:<\/b><\/p>\n<ul>\n<li><b>Detec\u00e7\u00e3o de obst\u00e1culos omnidirecional de 0,1-Lux Nightscape:<\/b> Voe com confian\u00e7a, dia ou noite. <span class=\"citation-84\">O drone possui um sistema avan\u00e7ado de vis\u00e3o omnidirecional com <\/span><b><span class=\"citation-84\">LiDAR voltado para a frente<\/span><\/b><span class=\"citation-84 citation-end-84\"> que proporciona uma preven\u00e7\u00e3o robusta de obst\u00e1culos, operando mesmo em condi\u00e7\u00f5es de luz extremamente baixas (at\u00e9 0,1 lux).<\/span><\/li>\n<li><b>Trilha Ativa <span class=\"math-inline\" data-math=\"360^{\\circ}\">$360^{\\circ}$<\/span>:<\/b><span class=\"citation-83 citation-end-83\"> O sistema de rastreamento significativamente aprimorado proporciona rastreamento de objeto est\u00e1vel e cinematogr\u00e1fico, mesmo com pouca luz e quando o objeto est\u00e1 parcialmente obscurecido.<\/span><\/li>\n<\/ul>\n<p>Fly More Combo para cria\u00e7\u00e3o abrangente:<\/p>\n<p>O Fly More Combo \u00e9 o pacote essencial para maximizar seu tempo de voo e a efici\u00eancia do fluxo de trabalho, incluindo:<\/p>\n<ul>\n<li><span class=\"citation-82\">O <\/span><b><span class=\"citation-82\">Aeronave DJI Mavic 4 Pro<\/span><\/b><span class=\"citation-82 citation-end-82\"> (com 64 GB de armazenamento interno).<\/span><\/li>\n<li><span class=\"citation-81\">O <\/span><b><span class=\"citation-81\">DJI RC 2<\/span><\/b><span class=\"citation-81 citation-end-81\"> controle remoto com tela FHD de alto brilho de 5,5 polegadas integrada.<\/span><\/li>\n<li><b><span class=\"citation-80\">Tr\u00eas<\/span><\/b><span class=\"citation-80 citation-end-80\"> Baterias de voo inteligentes totais para sess\u00f5es prolongadas.<\/span><\/li>\n<li><span class=\"citation-79\">UMA <\/span><b><span class=\"citation-79\">Hub de carregamento paralelo<\/span><\/b><span class=\"citation-79 citation-end-79\"> para carregar v\u00e1rias baterias de forma eficiente.<\/span><\/li>\n<li><span class=\"citation-78\">H\u00e9lices sobressalentes, uma capa de armazenamento, um adaptador de energia DJI USB-C de 100 W e um <\/span><b><span class=\"citation-78\">Bolsa de ombro DJI Mavic<\/span><\/b><span class=\"citation-78 citation-end-78\"> para carregar todo o seu equipamento.<\/span><\/li>\n<\/ul>\n<p>O DJI Mavic 4 Pro Fly More Combo (DJI RC 2) \u00e9 a melhor plataforma de imagens a\u00e9reas, combinando tecnologia de c\u00e2mera inovadora, movimento de n\u00edvel profissional e resist\u00eancia de voo incompar\u00e1vel.<\/p>\n<h4>Na caixa<\/h4>\n<ul>\n<li>1x DJI Mavic 4 Pro<\/li>\n<li>1x DJI RC 2<\/li>\n<li>3 baterias de voo inteligente DJI Mavic 4 Pro<\/li>\n<li>4 h\u00e9lices de reposi\u00e7\u00e3o DJI Mavic 4 Pro (par)<\/li>\n<li>1x Estojo de armazenamento para DJI Mavic 4 Pro<\/li>\n<li>2 cabos de dados USB-C para USB-C<\/li>\n<li>1x Adaptador de energia DJI 100W USB-C<\/li>\n<li>1x Bolsa de ombro DJI Mavic S\u00e9rie 4<\/li>\n<li>1x Hub de carregamento paralelo DJI Mavic 4 Pro<\/li>\n<\/ul>","protected":false},"excerpt":{"rendered":"<p><b><span class=\"citation-103 citation-end-103\">DJI Mavic 4 Pro Fly More Combo (DJI RC 2): O drone carro-chefe com lente tripla<\/span><\/b><\/p>\n<p><span class=\"citation-102\">Eleve sua cinematografia a\u00e9rea a um n\u00edvel sem precedentes com o <\/span><b><span class=\"citation-102\">DJI Mavic 4 Pro Fly More Combo<\/span><\/b><span class=\"citation-102\">, combinado com a tela brilhante e integrada <\/span><b><span class=\"citation-102\">DJI RC 2<\/span><\/b><span class=\"citation-102 citation-end-102\"> controlador.<\/span> <span class=\"citation-101 citation-end-101\">Este drone topo de linha com tr\u00eas c\u00e2meras foi projetado para profissionais e criadores de conte\u00fado que exigem imagens superiores, desempenho de voo prolongado e recursos de seguran\u00e7a de ponta.<\/span><\/p>","protected":false},"featured_media":22222,"comment_status":"open","ping_status":"closed","template":"","meta":[],"product_brand":[1031],"product_cat":[37,29,1171,1172],"product_tag":[1175,1174,1176],"class_list":{"0":"post-22226","1":"product","2":"type-product","3":"status-publish","4":"has-post-thumbnail","6":"product_brand-dji","7":"product_cat-dji","8":"product_cat-drones","9":"product_cat-mavic-4-pro","10":"product_cat-mavic-4-pro-drones","11":"product_tag-dji-consumer-drones","12":"product_tag-dji-drones","13":"product_tag-dji-mavic-4-pro-drones","15":"first","16":"instock","17":"taxable","18":"shipping-taxable","19":"purchasable","20":"product-type-simple"},"yoast_head":"<!-- This site is optimized with the Yoast SEO plugin v27.4 - https:\/\/yoast.com\/product\/yoast-seo-wordpress\/ -->\n<title>DJI Mavic 4 Pro Fly More Combo (DJI RC 2) - Ghostysky<\/title>\n<meta name=\"description\" content=\"DJI Mavic 4 Pro Fly More Combo (DJI RC 2): The Triple-Lens Flagship DroneElevate your aerial cinematography to an unprecedented level with the DJI Mavic 4 Pro Fly More Combo, paired with the bright, integrated-screen DJI RC 2 controller. This triple-camera flagship drone is engineered for professionals and content creators who demand superior imaging, extended flight performance, and cutting-edge safety features.\" \/>\n<meta name=\"robots\" content=\"index, follow, max-snippet:-1, max-image-preview:large, max-video-preview:-1\" \/>\n<link rel=\"canonical\" href=\"https:\/\/www.ghostysky.com\/pt\/produto-2\/dji-mavic-4-pro-fly-more-combo-dji-rc-2\/\" \/>\n<meta property=\"og:locale\" content=\"pt_PT\" \/>\n<meta property=\"og:type\" content=\"article\" \/>\n<meta property=\"og:title\" content=\"DJI Mavic 4 Pro Fly More Combo (DJI RC 2) - Ghostysky\" \/>\n<meta property=\"og:description\" content=\"DJI Mavic 4 Pro Fly More Combo (DJI RC 2): The Triple-Lens Flagship DroneElevate your aerial cinematography to an unprecedented level with the DJI Mavic 4 Pro Fly More Combo, paired with the bright, integrated-screen DJI RC 2 controller. This triple-camera flagship drone is engineered for professionals and content creators who demand superior imaging, extended flight performance, and cutting-edge safety features.\" \/>\n<meta property=\"og:url\" content=\"https:\/\/www.ghostysky.com\/pt\/produto-2\/dji-mavic-4-pro-fly-more-combo-dji-rc-2\/\" \/>\n<meta property=\"og:site_name\" content=\"Ghostysky\" \/>\n<meta property=\"article:publisher\" content=\"https:\/\/www.facebook.com\/people\/Ghostysky\/100057676170234\/\" \/>\n<meta property=\"article:modified_time\" content=\"2025-10-22T15:14:00+00:00\" \/>\n<meta property=\"og:image\" content=\"https:\/\/www.ghostysky.com\/wp-content\/uploads\/2025\/10\/GH_DJI-Mavic-4-Pro-512GB-Creator-Combo-DJI-RC-Pro-2_1.jpg\" \/>\n\t<meta property=\"og:image:width\" content=\"800\" \/>\n\t<meta property=\"og:image:height\" content=\"800\" \/>\n\t<meta property=\"og:image:type\" content=\"image\/jpeg\" \/>\n<meta name=\"twitter:card\" content=\"summary_large_image\" \/>\n<meta name=\"twitter:site\" content=\"@Gh0stysky\" \/>\n<meta name=\"twitter:label1\" content=\"Tempo estimado de leitura\" \/>\n\t<meta name=\"twitter:data1\" content=\"3 minutos\" \/>\n<script type=\"application\/ld+json\" class=\"yoast-schema-graph\">{\"@context\":\"https:\\\/\\\/schema.org\",\"@graph\":[{\"@type\":\"WebPage\",\"@id\":\"https:\\\/\\\/www.ghostysky.com\\\/product\\\/dji-mavic-4-pro-fly-more-combo-dji-rc-2\\\/\",\"url\":\"https:\\\/\\\/www.ghostysky.com\\\/product\\\/dji-mavic-4-pro-fly-more-combo-dji-rc-2\\\/\",\"name\":\"DJI Mavic 4 Pro Fly More Combo (DJI RC 2) - Ghostysky\",\"isPartOf\":{\"@id\":\"https:\\\/\\\/www.ghostysky.com\\\/#website\"},\"primaryImageOfPage\":{\"@id\":\"https:\\\/\\\/www.ghostysky.com\\\/product\\\/dji-mavic-4-pro-fly-more-combo-dji-rc-2\\\/#primaryimage\"},\"image\":{\"@id\":\"https:\\\/\\\/www.ghostysky.com\\\/product\\\/dji-mavic-4-pro-fly-more-combo-dji-rc-2\\\/#primaryimage\"},\"thumbnailUrl\":\"https:\\\/\\\/www.ghostysky.com\\\/wp-content\\\/uploads\\\/2025\\\/10\\\/GH_DJI-Mavic-4-Pro-512GB-Creator-Combo-DJI-RC-Pro-2_1.jpg\",\"datePublished\":\"2025-10-22T15:06:12+00:00\",\"dateModified\":\"2025-10-22T15:14:00+00:00\",\"description\":\"DJI Mavic 4 Pro Fly More Combo (DJI RC 2): The Triple-Lens Flagship DroneElevate your aerial cinematography to an unprecedented level with the DJI Mavic 4 Pro Fly More Combo, paired with the bright, integrated-screen DJI RC 2 controller. This triple-camera flagship drone is engineered for professionals and content creators who demand superior imaging, extended flight performance, and cutting-edge safety features.\",\"breadcrumb\":{\"@id\":\"https:\\\/\\\/www.ghostysky.com\\\/product\\\/dji-mavic-4-pro-fly-more-combo-dji-rc-2\\\/#breadcrumb\"},\"inLanguage\":\"pt-PT\",\"potentialAction\":[{\"@type\":\"ReadAction\",\"target\":[\"https:\\\/\\\/www.ghostysky.com\\\/product\\\/dji-mavic-4-pro-fly-more-combo-dji-rc-2\\\/\"]}]},{\"@type\":\"ImageObject\",\"inLanguage\":\"pt-PT\",\"@id\":\"https:\\\/\\\/www.ghostysky.com\\\/product\\\/dji-mavic-4-pro-fly-more-combo-dji-rc-2\\\/#primaryimage\",\"url\":\"https:\\\/\\\/www.ghostysky.com\\\/wp-content\\\/uploads\\\/2025\\\/10\\\/GH_DJI-Mavic-4-Pro-512GB-Creator-Combo-DJI-RC-Pro-2_1.jpg\",\"contentUrl\":\"https:\\\/\\\/www.ghostysky.com\\\/wp-content\\\/uploads\\\/2025\\\/10\\\/GH_DJI-Mavic-4-Pro-512GB-Creator-Combo-DJI-RC-Pro-2_1.jpg\",\"width\":800,\"height\":800},{\"@type\":\"BreadcrumbList\",\"@id\":\"https:\\\/\\\/www.ghostysky.com\\\/product\\\/dji-mavic-4-pro-fly-more-combo-dji-rc-2\\\/#breadcrumb\",\"itemListElement\":[{\"@type\":\"ListItem\",\"position\":1,\"name\":\"Home\",\"item\":\"https:\\\/\\\/www.ghostysky.com\\\/\"},{\"@type\":\"ListItem\",\"position\":2,\"name\":\"Shop\",\"item\":\"https:\\\/\\\/www.ghostysky.com\\\/shop\\\/\"},{\"@type\":\"ListItem\",\"position\":3,\"name\":\"DJI Mavic 4 Pro Fly More Combo (DJI RC 2)\"}]},{\"@type\":\"WebSite\",\"@id\":\"https:\\\/\\\/www.ghostysky.com\\\/#website\",\"url\":\"https:\\\/\\\/www.ghostysky.com\\\/\",\"name\":\"Ghostysky\",\"description\":\"Delivering professional drones and robotics solutions\",\"publisher\":{\"@id\":\"https:\\\/\\\/www.ghostysky.com\\\/#organization\"},\"potentialAction\":[{\"@type\":\"SearchAction\",\"target\":{\"@type\":\"EntryPoint\",\"urlTemplate\":\"https:\\\/\\\/www.ghostysky.com\\\/?s={search_term_string}\"},\"query-input\":{\"@type\":\"PropertyValueSpecification\",\"valueRequired\":true,\"valueName\":\"search_term_string\"}}],\"inLanguage\":\"pt-PT\"},{\"@type\":\"Organization\",\"@id\":\"https:\\\/\\\/www.ghostysky.com\\\/#organization\",\"name\":\"Ghostysky\",\"url\":\"https:\\\/\\\/www.ghostysky.com\\\/\",\"logo\":{\"@type\":\"ImageObject\",\"inLanguage\":\"pt-PT\",\"@id\":\"https:\\\/\\\/www.ghostysky.com\\\/#\\\/schema\\\/logo\\\/image\\\/\",\"url\":\"https:\\\/\\\/www.ghostysky.com\\\/wp-content\\\/uploads\\\/2020\\\/06\\\/cropped-ghostyskylogo_text_white2.png\",\"contentUrl\":\"https:\\\/\\\/www.ghostysky.com\\\/wp-content\\\/uploads\\\/2020\\\/06\\\/cropped-ghostyskylogo_text_white2.png\",\"width\":169,\"height\":56,\"caption\":\"Ghostysky\"},\"image\":{\"@id\":\"https:\\\/\\\/www.ghostysky.com\\\/#\\\/schema\\\/logo\\\/image\\\/\"},\"sameAs\":[\"https:\\\/\\\/www.facebook.com\\\/people\\\/Ghostysky\\\/100057676170234\\\/\",\"https:\\\/\\\/x.com\\\/Gh0stysky\",\"https:\\\/\\\/www.linkedin.com\\\/company\\\/34739653\",\"https:\\\/\\\/www.instagram.com\\\/gh0stysky\"]}]}<\/script>\n<!-- \/ Yoast SEO plugin. -->","yoast_head_json":{"title":"DJI Mavic 4 Pro Fly More Combo (DJI RC 2) - Ghostysky","description":"DJI Mavic 4 Pro Fly More Combo (DJI RC 2): O drone carro-chefe com lente tripla Eleve sua cinematografia a\u00e9rea a um n\u00edvel sem precedentes com o DJI Mavic 4 Pro Fly More Combo, combinado com o controle DJI RC 2 de tela integrada e brilhante. Este drone carro-chefe com c\u00e2mera tripla foi projetado para profissionais e criadores de conte\u00fado que exigem imagens superiores, desempenho de voo prolongado e recursos de seguran\u00e7a de ponta.","robots":{"index":"index","follow":"follow","max-snippet":"max-snippet:-1","max-image-preview":"max-image-preview:large","max-video-preview":"max-video-preview:-1"},"canonical":"https:\/\/www.ghostysky.com\/pt\/produto-2\/dji-mavic-4-pro-fly-more-combo-dji-rc-2\/","og_locale":"pt_PT","og_type":"article","og_title":"DJI Mavic 4 Pro Fly More Combo (DJI RC 2) - Ghostysky","og_description":"DJI Mavic 4 Pro Fly More Combo (DJI RC 2): The Triple-Lens Flagship DroneElevate your aerial cinematography to an unprecedented level with the DJI Mavic 4 Pro Fly More Combo, paired with the bright, integrated-screen DJI RC 2 controller. This triple-camera flagship drone is engineered for professionals and content creators who demand superior imaging, extended flight performance, and cutting-edge safety features.","og_url":"https:\/\/www.ghostysky.com\/pt\/produto-2\/dji-mavic-4-pro-fly-more-combo-dji-rc-2\/","og_site_name":"Ghostysky","article_publisher":"https:\/\/www.facebook.com\/people\/Ghostysky\/100057676170234\/","article_modified_time":"2025-10-22T15:14:00+00:00","og_image":[{"width":800,"height":800,"url":"https:\/\/www.ghostysky.com\/wp-content\/uploads\/2025\/10\/GH_DJI-Mavic-4-Pro-512GB-Creator-Combo-DJI-RC-Pro-2_1.jpg","type":"image\/jpeg"}],"twitter_card":"summary_large_image","twitter_site":"@Gh0stysky","twitter_misc":{"Tempo estimado de leitura":"3 minutos"},"schema":{"@context":"https:\/\/schema.org","@graph":[{"@type":"WebPage","@id":"https:\/\/www.ghostysky.com\/product\/dji-mavic-4-pro-fly-more-combo-dji-rc-2\/","url":"https:\/\/www.ghostysky.com\/product\/dji-mavic-4-pro-fly-more-combo-dji-rc-2\/","name":"DJI Mavic 4 Pro Fly More Combo (DJI RC 2) - Ghostysky","isPartOf":{"@id":"https:\/\/www.ghostysky.com\/#website"},"primaryImageOfPage":{"@id":"https:\/\/www.ghostysky.com\/product\/dji-mavic-4-pro-fly-more-combo-dji-rc-2\/#primaryimage"},"image":{"@id":"https:\/\/www.ghostysky.com\/product\/dji-mavic-4-pro-fly-more-combo-dji-rc-2\/#primaryimage"},"thumbnailUrl":"https:\/\/www.ghostysky.com\/wp-content\/uploads\/2025\/10\/GH_DJI-Mavic-4-Pro-512GB-Creator-Combo-DJI-RC-Pro-2_1.jpg","datePublished":"2025-10-22T15:06:12+00:00","dateModified":"2025-10-22T15:14:00+00:00","description":"DJI Mavic 4 Pro Fly More Combo (DJI RC 2): O drone carro-chefe com lente tripla Eleve sua cinematografia a\u00e9rea a um n\u00edvel sem precedentes com o DJI Mavic 4 Pro Fly More Combo, combinado com o controle DJI RC 2 de tela integrada e brilhante. Este drone carro-chefe com c\u00e2mera tripla foi projetado para profissionais e criadores de conte\u00fado que exigem imagens superiores, desempenho de voo prolongado e recursos de seguran\u00e7a de ponta.","breadcrumb":{"@id":"https:\/\/www.ghostysky.com\/product\/dji-mavic-4-pro-fly-more-combo-dji-rc-2\/#breadcrumb"},"inLanguage":"pt-PT","potentialAction":[{"@type":"ReadAction","target":["https:\/\/www.ghostysky.com\/product\/dji-mavic-4-pro-fly-more-combo-dji-rc-2\/"]}]},{"@type":"ImageObject","inLanguage":"pt-PT","@id":"https:\/\/www.ghostysky.com\/product\/dji-mavic-4-pro-fly-more-combo-dji-rc-2\/#primaryimage","url":"https:\/\/www.ghostysky.com\/wp-content\/uploads\/2025\/10\/GH_DJI-Mavic-4-Pro-512GB-Creator-Combo-DJI-RC-Pro-2_1.jpg","contentUrl":"https:\/\/www.ghostysky.com\/wp-content\/uploads\/2025\/10\/GH_DJI-Mavic-4-Pro-512GB-Creator-Combo-DJI-RC-Pro-2_1.jpg","width":800,"height":800},{"@type":"BreadcrumbList","@id":"https:\/\/www.ghostysky.com\/product\/dji-mavic-4-pro-fly-more-combo-dji-rc-2\/#breadcrumb","itemListElement":[{"@type":"ListItem","position":1,"name":"Home","item":"https:\/\/www.ghostysky.com\/"},{"@type":"ListItem","position":2,"name":"Shop","item":"https:\/\/www.ghostysky.com\/shop\/"},{"@type":"ListItem","position":3,"name":"DJI Mavic 4 Pro Fly More Combo (DJI RC 2)"}]},{"@type":"WebSite","@id":"https:\/\/www.ghostysky.com\/#website","url":"https:\/\/www.ghostysky.com\/","name":"Ghostysky","description":"Fornecendo solu\u00e7\u00f5es profissionais em drones e rob\u00f3tica.","publisher":{"@id":"https:\/\/www.ghostysky.com\/#organization"},"potentialAction":[{"@type":"SearchAction","target":{"@type":"EntryPoint","urlTemplate":"https:\/\/www.ghostysky.com\/?s={search_term_string}"},"query-input":{"@type":"PropertyValueSpecification","valueRequired":true,"valueName":"search_term_string"}}],"inLanguage":"pt-PT"},{"@type":"Organization","@id":"https:\/\/www.ghostysky.com\/#organization","name":"Ghostysky","url":"https:\/\/www.ghostysky.com\/","logo":{"@type":"ImageObject","inLanguage":"pt-PT","@id":"https:\/\/www.ghostysky.com\/#\/schema\/logo\/image\/","url":"https:\/\/www.ghostysky.com\/wp-content\/uploads\/2020\/06\/cropped-ghostyskylogo_text_white2.png","contentUrl":"https:\/\/www.ghostysky.com\/wp-content\/uploads\/2020\/06\/cropped-ghostyskylogo_text_white2.png","width":169,"height":56,"caption":"Ghostysky"},"image":{"@id":"https:\/\/www.ghostysky.com\/#\/schema\/logo\/image\/"},"sameAs":["https:\/\/www.facebook.com\/people\/Ghostysky\/100057676170234\/","https:\/\/x.com\/Gh0stysky","https:\/\/www.linkedin.com\/company\/34739653","https:\/\/www.instagram.com\/gh0stysky"]}]}},"_links":{"self":[{"href":"https:\/\/www.ghostysky.com\/pt\/wp-json\/wp\/v2\/product\/22226","targetHints":{"allow":["GET"]}}],"collection":[{"href":"https:\/\/www.ghostysky.com\/pt\/wp-json\/wp\/v2\/product"}],"about":[{"href":"https:\/\/www.ghostysky.com\/pt\/wp-json\/wp\/v2\/types\/product"}],"replies":[{"embeddable":true,"href":"https:\/\/www.ghostysky.com\/pt\/wp-json\/wp\/v2\/comments?post=22226"}],"version-history":[{"count":0,"href":"https:\/\/www.ghostysky.com\/pt\/wp-json\/wp\/v2\/product\/22226\/revisions"}],"wp:featuredmedia":[{"embeddable":true,"href":"https:\/\/www.ghostysky.com\/pt\/wp-json\/wp\/v2\/media\/22222"}],"wp:attachment":[{"href":"https:\/\/www.ghostysky.com\/pt\/wp-json\/wp\/v2\/media?parent=22226"}],"wp:term":[{"taxonomy":"product_brand","embeddable":true,"href":"https:\/\/www.ghostysky.com\/pt\/wp-json\/wp\/v2\/product_brand?post=22226"},{"taxonomy":"product_cat","embeddable":true,"href":"https:\/\/www.ghostysky.com\/pt\/wp-json\/wp\/v2\/product_cat?post=22226"},{"taxonomy":"product_tag","embeddable":true,"href":"https:\/\/www.ghostysky.com\/pt\/wp-json\/wp\/v2\/product_tag?post=22226"}],"curies":[{"name":"wp","href":"https:\/\/api.w.org\/{rel}","templated":true}]}}