{"id":22234,"date":"2025-10-22T15:18:15","date_gmt":"2025-10-22T15:18:15","guid":{"rendered":"https:\/\/www.ghostysky.com\/?post_type=product&#038;p=22234"},"modified":"2025-10-22T15:23:21","modified_gmt":"2025-10-22T15:23:21","slug":"dji-mavic-4-pro-dji-rc-2","status":"publish","type":"product","link":"https:\/\/www.ghostysky.com\/pt\/product\/dji-mavic-4-pro-dji-rc-2\/","title":{"rendered":"DJI Mavic 4 Pro (DJI RC 2)"},"content":{"rendered":"<div id=\"model-response-message-contentr_ca9119ea80b9bce4\" class=\"markdown markdown-main-panel stronger enable-updated-hr-color\" dir=\"ltr\">\n<h4><b>Caracter\u00edsticas principais<\/b><\/h4>\n<ul>\n<li><b><span class=\"citation-143\">Sistema de tr\u00eas c\u00e2meras com alimenta\u00e7\u00e3o Hasselblad:<\/span><\/b><span class=\"citation-143\"> Domine todos os \u00e2ngulos com tr\u00eas lentes de n\u00edvel profissional, apresentando <\/span><b><span class=\"citation-143\">Fus\u00e3o ISO nativa dupla<\/span><\/b><span class=\"citation-143 citation-end-143\"> para desempenho excepcional em condi\u00e7\u00f5es de pouca luz:<\/span>\n<ul>\n<li><b><span class=\"citation-142 citation-end-142\">C\u00e2mera principal Hasselblad de 100 MP (equivalente a 28 mm):<\/span><\/b><span class=\"citation-141\"> Apresenta um sensor CMOS 4\/3 de nova gera\u00e7\u00e3o com abertura ajust\u00e1vel de f\/2.0 a f\/11, proporcionando imagens impressionantes <\/span><b><span class=\"citation-141\">Fotos de 100 MP<\/span><\/b><span class=\"citation-141\">, <\/span><b><span class=\"citation-141\">V\u00eddeo HDR 6K\/60 fps<\/span><\/b><span class=\"citation-141 citation-end-141\">, e um impressionante <\/span><span class=\"math-inline\" data-math=\"15.5\"><span class=\"katex\"><span class=\"katex-html\" aria-hidden=\"true\"><span class=\"base\"><span class=\"mord\">15.5<\/span><\/span><\/span><\/span><\/span><span class=\"citation-140 citation-end-140\"> paradas de faixa din\u00e2mica.<\/span><\/li>\n<li><b><span class=\"citation-139 citation-end-139\">C\u00e2mera teleobjetiva m\u00e9dia de 48 MP (equivalente a 70 mm):<\/span><\/b><span class=\"citation-138 citation-end-138\"> Com um <\/span><span class=\"math-inline\" data-math=\"1\/1.3''\"><span class=\"katex\"><span class=\"katex-html\" aria-hidden=\"true\"><span class=\"base\"><span class=\"mord\">1\/1.<\/span><span class=\"mord\">3<span class=\"msupsub\"><span class=\"vlist-t\"><span class=\"vlist-r\"><span class=\"vlist\"><span class=\"\"><span class=\"sizing reset-size6 size3 mtight\"><span class=\"mord mtight\">\u2032\u2032<\/span><\/span><\/span><\/span><\/span><\/span><\/span><\/span><\/span><\/span><\/span><\/span><span class=\"citation-137\"> Sensor CMOS, esta lente \u00e9 perfeita para capturar perspectivas naturais e comprimidas e <\/span><b><span class=\"citation-137\">C\u00e2mera lenta 4K\/120 fps<\/span><\/b><span class=\"citation-137 citation-end-137\"> v\u00eddeo.<\/span><\/li>\n<li><b><span class=\"citation-136 citation-end-136\">C\u00e2mera teleobjetiva de 50 MP (equivalente a 168 mm):<\/span><\/b><span class=\"citation-135 citation-end-135\"> Apresentando um <\/span><span class=\"math-inline\" data-math=\"1\/1.5''\"><span class=\"katex\"><span class=\"katex-html\" aria-hidden=\"true\"><span class=\"base\"><span class=\"mord\">1\/1.<\/span><span class=\"mord\">5<span class=\"msupsub\"><span class=\"vlist-t\"><span class=\"vlist-r\"><span class=\"vlist\"><span class=\"\"><span class=\"sizing reset-size6 size3 mtight\"><span class=\"mord mtight\">\u2032\u2032<\/span><\/span><\/span><\/span><\/span><\/span><\/span><\/span><\/span><\/span><\/span><\/span><span class=\"citation-134\"> Sensor CMOS, permite close-ups n\u00edtidos e detalhados \u00e0 dist\u00e2ncia, com at\u00e9 <\/span><b><span class=\"citation-134\">4K\/100 fps<\/span><\/b><span class=\"citation-134 citation-end-134\"> v\u00eddeo.<\/span><\/li>\n<\/ul>\n<\/li>\n<li><b>Gimbal Infinito para Movimento Irrestrito:<\/b><span class=\"citation-133\"> O novo design do gimbal oferece <\/span><b><span class=\"citation-133 citation-end-133\">completo <\/span><span class=\"math-inline\" data-math=\"360^{\\circ}\"><span class=\"katex\"><span class=\"katex-html\" aria-hidden=\"true\"><span class=\"base\"><span class=\"mord\">36<\/span><span class=\"mord\">0<span class=\"msupsub\"><span class=\"vlist-t\"><span class=\"vlist-r\"><span class=\"vlist\"><span class=\"\"><span class=\"sizing reset-size6 size3 mtight\"><span class=\"mord mtight\">\u2218<\/span><\/span><\/span><\/span><\/span><\/span><\/span><\/span><\/span><\/span><\/span><\/span><span class=\"citation-132\"> rota\u00e7\u00e3o<\/span><\/b><span class=\"citation-132 citation-end-132\"> e <\/span><b><span class=\"math-inline\" data-math=\"70^{\\circ}\"><span class=\"katex\"><span class=\"katex-html\" aria-hidden=\"true\"><span class=\"base\"><span class=\"mord\">7<\/span><span class=\"mord\">0<span class=\"msupsub\"><span class=\"vlist-t\"><span class=\"vlist-r\"><span class=\"vlist\"><span class=\"\"><span class=\"sizing reset-size6 size3 mtight\"><span class=\"mord mtight\">\u2218<\/span><\/span><\/span><\/span><\/span><\/span><\/span><\/span><\/span><\/span><\/span><\/span><span class=\"citation-131\"> inclina\u00e7\u00e3o para cima<\/span><\/b><span class=\"citation-131 citation-end-131\">, desbloqueando movimentos din\u00e2micos de c\u00e2mera e perspectivas \u00fanicas antes imposs\u00edveis em um drone compacto.<\/span><\/li>\n<li><b><span class=\"citation-130\">Voo e transmiss\u00e3o estendidos:<\/span><\/b><span class=\"citation-130\"> Desfrute de sess\u00f5es criativas mais longas com um excelente <\/span><b><span class=\"citation-130\">Tempo m\u00e1ximo de voo de 51 minutos<\/span><\/b><span class=\"citation-130\"> e contar com o que h\u00e1 de mais moderno <\/span><b><span class=\"citation-130\">Transmiss\u00e3o de v\u00eddeo HD DJI O4+<\/span><\/b><span class=\"citation-130\">, fornecendo um feed de v\u00eddeo HDR de 10 bits confi\u00e1vel e claro de at\u00e9 <\/span><b><span class=\"citation-130\">30 km (FCC)<\/span><\/b><span class=\"citation-130 citation-end-130\">.<\/span><\/li>\n<li><b>Detec\u00e7\u00e3o de obst\u00e1culos omnidirecional Nightscape:<\/b> Voe com confian\u00e7a em condi\u00e7\u00f5es desafiadoras. <span class=\"citation-129\">O sistema possui seis sensores olho de peixe de alto desempenho e baixa luminosidade, voltados para a frente <\/span><b><span class=\"citation-129\">LiDAR<\/span><\/b><span class=\"citation-129\">, permitindo <\/span><b><span class=\"citation-129\">preven\u00e7\u00e3o de obst\u00e1culos omnidirecional<\/span><\/b><span class=\"citation-129 citation-end-129\"> mesmo com ilumina\u00e7\u00e3o t\u00e3o baixa quanto <\/span><span class=\"math-inline\" data-math=\"0.1\"><span class=\"katex\"><span class=\"katex-html\" aria-hidden=\"true\"><span class=\"base\"><span class=\"mord\">0.1<\/span><\/span><\/span><\/span><\/span><span class=\"citation-128 citation-end-128\"> luxo.<\/span> <span class=\"citation-127\">Recursos avan\u00e7ados como <\/span><b><span class=\"citation-127\">RTH noturno<\/span><\/b><span class=\"citation-127 citation-end-127\"> garantir um retorno seguro em ambientes urbanos ou com pouca luz.<\/span><\/li>\n<li><b>Controle DJI RC 2:<\/b><span class=\"citation-126\"> Este pacote inclui o <\/span><b><span class=\"citation-126\">DJI RC 2<\/span><\/b><span class=\"citation-126 citation-end-126\"> controle remoto, com tela integrada de alto brilho, proporcionando uma experi\u00eancia de voo perfeita e sem cabos, imediatamente ap\u00f3s sair da caixa.<\/span><\/li>\n<\/ul>\n<p><span class=\"citation-125 citation-end-125\">O DJI Mavic 4 Pro \u00e9 a ferramenta definitiva para narradores a\u00e9reos, oferecendo qualidade de imagem incompar\u00e1vel, controle cinematogr\u00e1fico e recursos de seguran\u00e7a para todas as condi\u00e7\u00f5es clim\u00e1ticas para expandir os limites da cria\u00e7\u00e3o de seu conte\u00fado.<\/span><\/p>\n<h4 class=\"source-inline-chip-container ng-star-inserted\">Na caixa<\/h4>\n<ul>\n<li class=\"source-inline-chip-container ng-star-inserted\">1x DJI Mavic 4 Pro<\/li>\n<li class=\"source-inline-chip-container ng-star-inserted\">1x DJI RC 2<\/li>\n<li class=\"source-inline-chip-container ng-star-inserted\">1x Bateria de voo inteligente DJI Mavic 4 Pro<\/li>\n<li class=\"source-inline-chip-container ng-star-inserted\">1x H\u00e9lices de reposi\u00e7\u00e3o DJI Mavic 4 Pro (par)<\/li>\n<li class=\"source-inline-chip-container ng-star-inserted\">1x Estojo de armazenamento para DJI Mavic 4 Pro<\/li>\n<li class=\"source-inline-chip-container ng-star-inserted\">2 cabos de dados USB-C para USB-C<\/li>\n<li class=\"source-inline-chip-container ng-star-inserted\">1x Adaptador de energia DJI 100W USB-C<\/li>\n<\/ul>\n<\/div>","protected":false},"excerpt":{"rendered":"<p><span class=\"citation-145 citation-end-145\">O DJI Mavic 4 Pro (DJI RC 2) \u00e9 um drone revolucion\u00e1rio com tr\u00eas c\u00e2meras, projetado para cineastas a\u00e9reos profissionais e criadores exigentes.<\/span> <span class=\"citation-144 citation-end-144\">Ele estabelece um novo padr\u00e3o de qualidade de imagem, desempenho de voo e flexibilidade criativa em um design compacto e dobr\u00e1vel.<\/span><\/p>\n<div class=\"source-inline-chip-container ng-star-inserted\"><\/div>\n<div class=\"source-inline-chip-container ng-star-inserted\"><\/div>\n<p>&nbsp;<\/p>","protected":false},"featured_media":22222,"comment_status":"open","ping_status":"closed","template":"","meta":[],"product_brand":[1031],"product_cat":[37,29,1171,1172],"product_tag":[1175,1174,1176],"class_list":{"0":"post-22234","1":"product","2":"type-product","3":"status-publish","4":"has-post-thumbnail","6":"product_brand-dji","7":"product_cat-dji","8":"product_cat-drones","9":"product_cat-mavic-4-pro","10":"product_cat-mavic-4-pro-drones","11":"product_tag-dji-consumer-drones","12":"product_tag-dji-drones","13":"product_tag-dji-mavic-4-pro-drones","15":"first","16":"instock","17":"taxable","18":"shipping-taxable","19":"purchasable","20":"product-type-simple"},"yoast_head":"<!-- This site is optimized with the Yoast SEO plugin v27.4 - https:\/\/yoast.com\/product\/yoast-seo-wordpress\/ -->\n<title>DJI Mavic 4 Pro (DJI RC 2) - Ghostysky<\/title>\n<meta name=\"description\" content=\"The DJI Mavic 4 Pro (DJI RC 2) is a revolutionary triple-camera flagship drone engineered for professional aerial cinematographers and demanding creators. It sets a new benchmark for image quality, flight performance, and creative flexibility in a compact, foldable design.\" \/>\n<meta name=\"robots\" content=\"index, follow, max-snippet:-1, max-image-preview:large, max-video-preview:-1\" \/>\n<link rel=\"canonical\" href=\"https:\/\/www.ghostysky.com\/pt\/produto-2\/dji-mavic-4-pro-dji-rc-2\/\" \/>\n<meta property=\"og:locale\" content=\"pt_PT\" \/>\n<meta property=\"og:type\" content=\"article\" \/>\n<meta property=\"og:title\" content=\"DJI Mavic 4 Pro (DJI RC 2) - Ghostysky\" \/>\n<meta property=\"og:description\" content=\"The DJI Mavic 4 Pro (DJI RC 2) is a revolutionary triple-camera flagship drone engineered for professional aerial cinematographers and demanding creators. It sets a new benchmark for image quality, flight performance, and creative flexibility in a compact, foldable design.\" \/>\n<meta property=\"og:url\" content=\"https:\/\/www.ghostysky.com\/pt\/produto-2\/dji-mavic-4-pro-dji-rc-2\/\" \/>\n<meta property=\"og:site_name\" content=\"Ghostysky\" \/>\n<meta property=\"article:publisher\" content=\"https:\/\/www.facebook.com\/people\/Ghostysky\/100057676170234\/\" \/>\n<meta property=\"article:modified_time\" content=\"2025-10-22T15:23:21+00:00\" \/>\n<meta property=\"og:image\" content=\"https:\/\/www.ghostysky.com\/wp-content\/uploads\/2025\/10\/GH_DJI-Mavic-4-Pro-512GB-Creator-Combo-DJI-RC-Pro-2_1.jpg\" \/>\n\t<meta property=\"og:image:width\" content=\"800\" \/>\n\t<meta property=\"og:image:height\" content=\"800\" \/>\n\t<meta property=\"og:image:type\" content=\"image\/jpeg\" \/>\n<meta name=\"twitter:card\" content=\"summary_large_image\" \/>\n<meta name=\"twitter:site\" content=\"@Gh0stysky\" \/>\n<meta name=\"twitter:label1\" content=\"Tempo estimado de leitura\" \/>\n\t<meta name=\"twitter:data1\" content=\"2 minutos\" \/>\n<script type=\"application\/ld+json\" class=\"yoast-schema-graph\">{\"@context\":\"https:\\\/\\\/schema.org\",\"@graph\":[{\"@type\":\"WebPage\",\"@id\":\"https:\\\/\\\/www.ghostysky.com\\\/product\\\/dji-mavic-4-pro-dji-rc-2\\\/\",\"url\":\"https:\\\/\\\/www.ghostysky.com\\\/product\\\/dji-mavic-4-pro-dji-rc-2\\\/\",\"name\":\"DJI Mavic 4 Pro (DJI RC 2) - Ghostysky\",\"isPartOf\":{\"@id\":\"https:\\\/\\\/www.ghostysky.com\\\/#website\"},\"primaryImageOfPage\":{\"@id\":\"https:\\\/\\\/www.ghostysky.com\\\/product\\\/dji-mavic-4-pro-dji-rc-2\\\/#primaryimage\"},\"image\":{\"@id\":\"https:\\\/\\\/www.ghostysky.com\\\/product\\\/dji-mavic-4-pro-dji-rc-2\\\/#primaryimage\"},\"thumbnailUrl\":\"https:\\\/\\\/www.ghostysky.com\\\/wp-content\\\/uploads\\\/2025\\\/10\\\/GH_DJI-Mavic-4-Pro-512GB-Creator-Combo-DJI-RC-Pro-2_1.jpg\",\"datePublished\":\"2025-10-22T15:18:15+00:00\",\"dateModified\":\"2025-10-22T15:23:21+00:00\",\"description\":\"The DJI Mavic 4 Pro (DJI RC 2) is a revolutionary triple-camera flagship drone engineered for professional aerial cinematographers and demanding creators. It sets a new benchmark for image quality, flight performance, and creative flexibility in a compact, foldable design.\",\"breadcrumb\":{\"@id\":\"https:\\\/\\\/www.ghostysky.com\\\/product\\\/dji-mavic-4-pro-dji-rc-2\\\/#breadcrumb\"},\"inLanguage\":\"pt-PT\",\"potentialAction\":[{\"@type\":\"ReadAction\",\"target\":[\"https:\\\/\\\/www.ghostysky.com\\\/product\\\/dji-mavic-4-pro-dji-rc-2\\\/\"]}]},{\"@type\":\"ImageObject\",\"inLanguage\":\"pt-PT\",\"@id\":\"https:\\\/\\\/www.ghostysky.com\\\/product\\\/dji-mavic-4-pro-dji-rc-2\\\/#primaryimage\",\"url\":\"https:\\\/\\\/www.ghostysky.com\\\/wp-content\\\/uploads\\\/2025\\\/10\\\/GH_DJI-Mavic-4-Pro-512GB-Creator-Combo-DJI-RC-Pro-2_1.jpg\",\"contentUrl\":\"https:\\\/\\\/www.ghostysky.com\\\/wp-content\\\/uploads\\\/2025\\\/10\\\/GH_DJI-Mavic-4-Pro-512GB-Creator-Combo-DJI-RC-Pro-2_1.jpg\",\"width\":800,\"height\":800},{\"@type\":\"BreadcrumbList\",\"@id\":\"https:\\\/\\\/www.ghostysky.com\\\/product\\\/dji-mavic-4-pro-dji-rc-2\\\/#breadcrumb\",\"itemListElement\":[{\"@type\":\"ListItem\",\"position\":1,\"name\":\"Home\",\"item\":\"https:\\\/\\\/www.ghostysky.com\\\/\"},{\"@type\":\"ListItem\",\"position\":2,\"name\":\"Shop\",\"item\":\"https:\\\/\\\/www.ghostysky.com\\\/shop\\\/\"},{\"@type\":\"ListItem\",\"position\":3,\"name\":\"DJI Mavic 4 Pro (DJI RC 2)\"}]},{\"@type\":\"WebSite\",\"@id\":\"https:\\\/\\\/www.ghostysky.com\\\/#website\",\"url\":\"https:\\\/\\\/www.ghostysky.com\\\/\",\"name\":\"Ghostysky\",\"description\":\"Delivering professional drones and robotics solutions\",\"publisher\":{\"@id\":\"https:\\\/\\\/www.ghostysky.com\\\/#organization\"},\"potentialAction\":[{\"@type\":\"SearchAction\",\"target\":{\"@type\":\"EntryPoint\",\"urlTemplate\":\"https:\\\/\\\/www.ghostysky.com\\\/?s={search_term_string}\"},\"query-input\":{\"@type\":\"PropertyValueSpecification\",\"valueRequired\":true,\"valueName\":\"search_term_string\"}}],\"inLanguage\":\"pt-PT\"},{\"@type\":\"Organization\",\"@id\":\"https:\\\/\\\/www.ghostysky.com\\\/#organization\",\"name\":\"Ghostysky\",\"url\":\"https:\\\/\\\/www.ghostysky.com\\\/\",\"logo\":{\"@type\":\"ImageObject\",\"inLanguage\":\"pt-PT\",\"@id\":\"https:\\\/\\\/www.ghostysky.com\\\/#\\\/schema\\\/logo\\\/image\\\/\",\"url\":\"https:\\\/\\\/www.ghostysky.com\\\/wp-content\\\/uploads\\\/2020\\\/06\\\/cropped-ghostyskylogo_text_white2.png\",\"contentUrl\":\"https:\\\/\\\/www.ghostysky.com\\\/wp-content\\\/uploads\\\/2020\\\/06\\\/cropped-ghostyskylogo_text_white2.png\",\"width\":169,\"height\":56,\"caption\":\"Ghostysky\"},\"image\":{\"@id\":\"https:\\\/\\\/www.ghostysky.com\\\/#\\\/schema\\\/logo\\\/image\\\/\"},\"sameAs\":[\"https:\\\/\\\/www.facebook.com\\\/people\\\/Ghostysky\\\/100057676170234\\\/\",\"https:\\\/\\\/x.com\\\/Gh0stysky\",\"https:\\\/\\\/www.linkedin.com\\\/company\\\/34739653\",\"https:\\\/\\\/www.instagram.com\\\/gh0stysky\"]}]}<\/script>\n<!-- \/ Yoast SEO plugin. -->","yoast_head_json":{"title":"DJI Mavic 4 Pro (DJI RC 2) - Ghostysky","description":"O DJI Mavic 4 Pro (DJI RC 2) \u00e9 um drone topo de linha revolucion\u00e1rio com tr\u00eas c\u00e2meras, projetado para cinegrafistas a\u00e9reos profissionais e criadores exigentes. Ele estabelece um novo padr\u00e3o em qualidade de imagem, desempenho de voo e flexibilidade criativa em um design compacto e dobr\u00e1vel.","robots":{"index":"index","follow":"follow","max-snippet":"max-snippet:-1","max-image-preview":"max-image-preview:large","max-video-preview":"max-video-preview:-1"},"canonical":"https:\/\/www.ghostysky.com\/pt\/produto-2\/dji-mavic-4-pro-dji-rc-2\/","og_locale":"pt_PT","og_type":"article","og_title":"DJI Mavic 4 Pro (DJI RC 2) - Ghostysky","og_description":"The DJI Mavic 4 Pro (DJI RC 2) is a revolutionary triple-camera flagship drone engineered for professional aerial cinematographers and demanding creators. It sets a new benchmark for image quality, flight performance, and creative flexibility in a compact, foldable design.","og_url":"https:\/\/www.ghostysky.com\/pt\/produto-2\/dji-mavic-4-pro-dji-rc-2\/","og_site_name":"Ghostysky","article_publisher":"https:\/\/www.facebook.com\/people\/Ghostysky\/100057676170234\/","article_modified_time":"2025-10-22T15:23:21+00:00","og_image":[{"width":800,"height":800,"url":"https:\/\/www.ghostysky.com\/wp-content\/uploads\/2025\/10\/GH_DJI-Mavic-4-Pro-512GB-Creator-Combo-DJI-RC-Pro-2_1.jpg","type":"image\/jpeg"}],"twitter_card":"summary_large_image","twitter_site":"@Gh0stysky","twitter_misc":{"Tempo estimado de leitura":"2 minutos"},"schema":{"@context":"https:\/\/schema.org","@graph":[{"@type":"WebPage","@id":"https:\/\/www.ghostysky.com\/product\/dji-mavic-4-pro-dji-rc-2\/","url":"https:\/\/www.ghostysky.com\/product\/dji-mavic-4-pro-dji-rc-2\/","name":"DJI Mavic 4 Pro (DJI RC 2) - Ghostysky","isPartOf":{"@id":"https:\/\/www.ghostysky.com\/#website"},"primaryImageOfPage":{"@id":"https:\/\/www.ghostysky.com\/product\/dji-mavic-4-pro-dji-rc-2\/#primaryimage"},"image":{"@id":"https:\/\/www.ghostysky.com\/product\/dji-mavic-4-pro-dji-rc-2\/#primaryimage"},"thumbnailUrl":"https:\/\/www.ghostysky.com\/wp-content\/uploads\/2025\/10\/GH_DJI-Mavic-4-Pro-512GB-Creator-Combo-DJI-RC-Pro-2_1.jpg","datePublished":"2025-10-22T15:18:15+00:00","dateModified":"2025-10-22T15:23:21+00:00","description":"O DJI Mavic 4 Pro (DJI RC 2) \u00e9 um drone topo de linha revolucion\u00e1rio com tr\u00eas c\u00e2meras, projetado para cinegrafistas a\u00e9reos profissionais e criadores exigentes. Ele estabelece um novo padr\u00e3o em qualidade de imagem, desempenho de voo e flexibilidade criativa em um design compacto e dobr\u00e1vel.","breadcrumb":{"@id":"https:\/\/www.ghostysky.com\/product\/dji-mavic-4-pro-dji-rc-2\/#breadcrumb"},"inLanguage":"pt-PT","potentialAction":[{"@type":"ReadAction","target":["https:\/\/www.ghostysky.com\/product\/dji-mavic-4-pro-dji-rc-2\/"]}]},{"@type":"ImageObject","inLanguage":"pt-PT","@id":"https:\/\/www.ghostysky.com\/product\/dji-mavic-4-pro-dji-rc-2\/#primaryimage","url":"https:\/\/www.ghostysky.com\/wp-content\/uploads\/2025\/10\/GH_DJI-Mavic-4-Pro-512GB-Creator-Combo-DJI-RC-Pro-2_1.jpg","contentUrl":"https:\/\/www.ghostysky.com\/wp-content\/uploads\/2025\/10\/GH_DJI-Mavic-4-Pro-512GB-Creator-Combo-DJI-RC-Pro-2_1.jpg","width":800,"height":800},{"@type":"BreadcrumbList","@id":"https:\/\/www.ghostysky.com\/product\/dji-mavic-4-pro-dji-rc-2\/#breadcrumb","itemListElement":[{"@type":"ListItem","position":1,"name":"Home","item":"https:\/\/www.ghostysky.com\/"},{"@type":"ListItem","position":2,"name":"Shop","item":"https:\/\/www.ghostysky.com\/shop\/"},{"@type":"ListItem","position":3,"name":"DJI Mavic 4 Pro (DJI RC 2)"}]},{"@type":"WebSite","@id":"https:\/\/www.ghostysky.com\/#website","url":"https:\/\/www.ghostysky.com\/","name":"Ghostysky","description":"Fornecendo solu\u00e7\u00f5es profissionais em drones e rob\u00f3tica.","publisher":{"@id":"https:\/\/www.ghostysky.com\/#organization"},"potentialAction":[{"@type":"SearchAction","target":{"@type":"EntryPoint","urlTemplate":"https:\/\/www.ghostysky.com\/?s={search_term_string}"},"query-input":{"@type":"PropertyValueSpecification","valueRequired":true,"valueName":"search_term_string"}}],"inLanguage":"pt-PT"},{"@type":"Organization","@id":"https:\/\/www.ghostysky.com\/#organization","name":"Ghostysky","url":"https:\/\/www.ghostysky.com\/","logo":{"@type":"ImageObject","inLanguage":"pt-PT","@id":"https:\/\/www.ghostysky.com\/#\/schema\/logo\/image\/","url":"https:\/\/www.ghostysky.com\/wp-content\/uploads\/2020\/06\/cropped-ghostyskylogo_text_white2.png","contentUrl":"https:\/\/www.ghostysky.com\/wp-content\/uploads\/2020\/06\/cropped-ghostyskylogo_text_white2.png","width":169,"height":56,"caption":"Ghostysky"},"image":{"@id":"https:\/\/www.ghostysky.com\/#\/schema\/logo\/image\/"},"sameAs":["https:\/\/www.facebook.com\/people\/Ghostysky\/100057676170234\/","https:\/\/x.com\/Gh0stysky","https:\/\/www.linkedin.com\/company\/34739653","https:\/\/www.instagram.com\/gh0stysky"]}]}},"_links":{"self":[{"href":"https:\/\/www.ghostysky.com\/pt\/wp-json\/wp\/v2\/product\/22234","targetHints":{"allow":["GET"]}}],"collection":[{"href":"https:\/\/www.ghostysky.com\/pt\/wp-json\/wp\/v2\/product"}],"about":[{"href":"https:\/\/www.ghostysky.com\/pt\/wp-json\/wp\/v2\/types\/product"}],"replies":[{"embeddable":true,"href":"https:\/\/www.ghostysky.com\/pt\/wp-json\/wp\/v2\/comments?post=22234"}],"version-history":[{"count":0,"href":"https:\/\/www.ghostysky.com\/pt\/wp-json\/wp\/v2\/product\/22234\/revisions"}],"wp:featuredmedia":[{"embeddable":true,"href":"https:\/\/www.ghostysky.com\/pt\/wp-json\/wp\/v2\/media\/22222"}],"wp:attachment":[{"href":"https:\/\/www.ghostysky.com\/pt\/wp-json\/wp\/v2\/media?parent=22234"}],"wp:term":[{"taxonomy":"product_brand","embeddable":true,"href":"https:\/\/www.ghostysky.com\/pt\/wp-json\/wp\/v2\/product_brand?post=22234"},{"taxonomy":"product_cat","embeddable":true,"href":"https:\/\/www.ghostysky.com\/pt\/wp-json\/wp\/v2\/product_cat?post=22234"},{"taxonomy":"product_tag","embeddable":true,"href":"https:\/\/www.ghostysky.com\/pt\/wp-json\/wp\/v2\/product_tag?post=22234"}],"curies":[{"name":"wp","href":"https:\/\/api.w.org\/{rel}","templated":true}]}}