{"id":22243,"date":"2025-10-22T15:37:16","date_gmt":"2025-10-22T15:37:16","guid":{"rendered":"https:\/\/www.ghostysky.com\/?post_type=product&#038;p=22243"},"modified":"2025-10-22T15:39:26","modified_gmt":"2025-10-22T15:39:26","slug":"dji-rc-pro-2-2","status":"publish","type":"product","link":"https:\/\/www.ghostysky.com\/pt\/product\/dji-rc-pro-2-2\/","title":{"rendered":"DJI RC Pro 2"},"content":{"rendered":"<p><b>Visuais e exibi\u00e7\u00e3o inigual\u00e1veis:<\/b> <span class=\"citation-174\">No centro do RC Pro 2 est\u00e1 um poderoso <\/span><b><span class=\"citation-174\">Tela Mini-LED de alto brilho de 7 polegadas<\/span><\/b><span class=\"citation-174\">, proporcionando um desempenho ultra-alto <\/span><b><span class=\"citation-174\">Brilho m\u00e1ximo de 2000 nits<\/span><\/b><span class=\"citation-174\"> e <\/span><b><span class=\"citation-174\">Taxa de contraste de 1.000.000:1<\/span><\/b><span class=\"citation-174 citation-end-174\">.<\/span> <span class=\"citation-173 citation-end-173\">Com profundidade de cor de 10 bits e cobertura de gama de cores 98% DCI-P3, ele oferece visuais impressionantes e com cores precisas, garantindo que voc\u00ea tenha controle preciso sobre suas filmagens, mesmo sob luz solar direta.<\/span><\/p>\n<p><b>Design intuitivo e opera\u00e7\u00e3o instant\u00e2nea:<\/b> <span class=\"citation-172\">O controlador possui um <\/span><b><span class=\"citation-172\">design dobr\u00e1vel inteligente<\/span><\/b><span class=\"citation-172 citation-end-172\"> para m\u00e1xima efici\u00eancia.<\/span> <span class=\"citation-171\">Simplesmente <\/span><b><span class=\"citation-171\">estenda a tela para ligar<\/span><\/b><span class=\"citation-171 citation-end-171\"> a unidade e acionar automaticamente os man\u00edpulos de controle, sem necessidade de montagem.<\/span> <span class=\"citation-170 citation-end-170\">Quando terminar, recolher a tela automaticamente colocar\u00e1 a unidade em modo de espera.<\/span> <span class=\"citation-169 citation-end-169\">Os controles foram projetados para subir perfeitamente com a tela, oferecendo uma opera\u00e7\u00e3o r\u00e1pida e suave.<\/span><\/p>\n<p><b>Domine o tiro vertical:<\/b> <span class=\"citation-168\">Um recurso revolucion\u00e1rio para criadores de conte\u00fado de m\u00eddia social, a tela \u00e9 <\/span><b><span class=\"citation-168\">rotativo<\/span><\/b><span class=\"citation-168\"> para habilitar <\/span><b><span class=\"citation-168\">disparo vertical instant\u00e2neo<\/span><\/b><span class=\"citation-168 citation-end-168\">.<\/span> <span class=\"citation-167 citation-end-167\">Ele sincroniza instantaneamente com o gimbal do drone para alternar para o modo retrato, proporcionando uma \u00e1rea de exibi\u00e7\u00e3o de conte\u00fado vertical at\u00e9 5,5 vezes maior que a do DJI RC 2, permitindo que voc\u00ea visualize detalhes aprimorados e aperfei\u00e7oe seu enquadramento para plataformas verticais.<\/span><\/p>\n<p><b>Recursos profissionais e conectividade:<\/b><\/p>\n<ul>\n<li><b><span class=\"citation-166\">Transmiss\u00e3o de n\u00edvel empresarial:<\/span><\/b><span class=\"citation-166 citation-end-166\"> Equipado com antenas multifeixe de alto ganho, o RC Pro 2 oferece transmiss\u00e3o de v\u00eddeo robusta e ultraconfi\u00e1vel (at\u00e9 O4+ com drones compat\u00edveis como o Mavic 4 Pro).<\/span><\/li>\n<li><b>\u00c1udio aprimorado:<\/b><span class=\"citation-165\"> Capture \u00e1udio de alta qualidade com o <\/span><b><span class=\"citation-165\">microfone embutido<\/span><\/b><span class=\"citation-165\"> ou conectar-se diretamente ao <\/span><b><span class=\"citation-165\">S\u00e9rie DJI Mic<\/span><\/b><span class=\"citation-165 citation-end-165\"> para som de n\u00edvel profissional em suas transmiss\u00f5es ao vivo ou coment\u00e1rios.<\/span><\/li>\n<li><b><span class=\"citation-164\">Poder duradouro:<\/span><\/b><span class=\"citation-164\"> UMA <\/span><b><span class=\"citation-164\">Bateria com dura\u00e7\u00e3o de 4 horas<\/span><\/b><span class=\"citation-164 citation-end-164\"> \u00e9 suficiente para v\u00e1rios voos de drones.<\/span><\/li>\n<li><b>Amplo armazenamento:<\/b><span class=\"citation-163\"> Recursos <\/span><b><span class=\"citation-163\">128 GB de armazenamento integrado<\/span><\/b><span class=\"citation-163 citation-end-163\"> com suporte para expans\u00e3o adicional por meio de um cart\u00e3o microSD.<\/span><\/li>\n<li><b><span class=\"citation-162\">Controle personalizado:<\/span><\/b><span class=\"citation-162\"> UMA <\/span><b><span class=\"citation-162\">novo bot\u00e3o de discagem<\/span><\/b><span class=\"citation-162 citation-end-162\"> permite ajustes r\u00e1pidos de par\u00e2metros no modo Pro ou navega\u00e7\u00e3o r\u00e1pida no \u00e1lbum.<\/span><\/li>\n<\/ul>\n<p><span class=\"citation-161 citation-end-161\">Da tela principal aos recursos profissionais, o DJI RC Pro 2 \u00e9 o companheiro ideal para criadores s\u00e9rios e pilotos profissionais que usam drones com c\u00e2mera DJI compat\u00edveis (como o Mavic 4 Pro, Mini 4 Pro, Air 3S e Air 3).<\/span><\/p>\n<p>&nbsp;<\/p>","protected":false},"excerpt":{"rendered":"<p><span class=\"citation-175\">O DJI RC Pro 2 \u00e9 o <\/span><b><span class=\"citation-175\">controle remoto principal<\/span><\/b><span class=\"citation-175 citation-end-175\"> projetado para elevar a experi\u00eancia profissional de produ\u00e7\u00e3o de filmes a\u00e9reos.<\/span><\/p>","protected":false},"featured_media":22247,"comment_status":"open","ping_status":"closed","template":"","meta":[],"product_brand":[1031],"product_cat":[37,29,1171,1173],"product_tag":[42,1178,1179],"class_list":{"0":"post-22243","1":"product","2":"type-product","3":"status-publish","4":"has-post-thumbnail","6":"product_brand-dji","7":"product_cat-dji","8":"product_cat-drones","9":"product_cat-mavic-4-pro","10":"product_cat-mavic-4-pro-accessories","11":"product_tag-dji","12":"product_tag-dji-mavic-4-pro","13":"product_tag-dji-mavic-4-pro-accessories","15":"first","16":"onbackorder","17":"taxable","18":"shipping-taxable","19":"purchasable","20":"product-type-simple"},"yoast_head":"<!-- This site is optimized with the Yoast SEO plugin v27.4 - https:\/\/yoast.com\/product\/yoast-seo-wordpress\/ -->\n<title>DJI RC Pro 2 - Ghostysky<\/title>\n<meta name=\"description\" content=\"The DJI RC Pro 2 is the flagship remote controller designed to elevate the professional aerial filmmaking experience.\" \/>\n<meta name=\"robots\" content=\"index, follow, max-snippet:-1, max-image-preview:large, max-video-preview:-1\" \/>\n<link rel=\"canonical\" href=\"https:\/\/www.ghostysky.com\/pt\/produto-2\/dji-rc-pro-2-2\/\" \/>\n<meta property=\"og:locale\" content=\"pt_PT\" \/>\n<meta property=\"og:type\" content=\"article\" \/>\n<meta property=\"og:title\" content=\"DJI RC Pro 2 - Ghostysky\" \/>\n<meta property=\"og:description\" content=\"The DJI RC Pro 2 is the flagship remote controller designed to elevate the professional aerial filmmaking experience.\" \/>\n<meta property=\"og:url\" content=\"https:\/\/www.ghostysky.com\/pt\/produto-2\/dji-rc-pro-2-2\/\" \/>\n<meta property=\"og:site_name\" content=\"Ghostysky\" \/>\n<meta property=\"article:publisher\" content=\"https:\/\/www.facebook.com\/people\/Ghostysky\/100057676170234\/\" \/>\n<meta property=\"article:modified_time\" content=\"2025-10-22T15:39:26+00:00\" \/>\n<meta property=\"og:image\" content=\"https:\/\/www.ghostysky.com\/wp-content\/uploads\/2025\/10\/GH_DJI-RC-Pro-2_1.jpg\" \/>\n\t<meta property=\"og:image:width\" content=\"800\" \/>\n\t<meta property=\"og:image:height\" content=\"800\" \/>\n\t<meta property=\"og:image:type\" content=\"image\/jpeg\" \/>\n<meta name=\"twitter:card\" content=\"summary_large_image\" \/>\n<meta name=\"twitter:site\" content=\"@Gh0stysky\" \/>\n<meta name=\"twitter:label1\" content=\"Tempo estimado de leitura\" \/>\n\t<meta name=\"twitter:data1\" content=\"2 minutos\" \/>\n<script type=\"application\/ld+json\" class=\"yoast-schema-graph\">{\"@context\":\"https:\\\/\\\/schema.org\",\"@graph\":[{\"@type\":\"WebPage\",\"@id\":\"https:\\\/\\\/www.ghostysky.com\\\/product\\\/dji-rc-pro-2-2\\\/\",\"url\":\"https:\\\/\\\/www.ghostysky.com\\\/product\\\/dji-rc-pro-2-2\\\/\",\"name\":\"DJI RC Pro 2 - Ghostysky\",\"isPartOf\":{\"@id\":\"https:\\\/\\\/www.ghostysky.com\\\/#website\"},\"primaryImageOfPage\":{\"@id\":\"https:\\\/\\\/www.ghostysky.com\\\/product\\\/dji-rc-pro-2-2\\\/#primaryimage\"},\"image\":{\"@id\":\"https:\\\/\\\/www.ghostysky.com\\\/product\\\/dji-rc-pro-2-2\\\/#primaryimage\"},\"thumbnailUrl\":\"https:\\\/\\\/www.ghostysky.com\\\/wp-content\\\/uploads\\\/2025\\\/10\\\/GH_DJI-RC-Pro-2_1.jpg\",\"datePublished\":\"2025-10-22T15:37:16+00:00\",\"dateModified\":\"2025-10-22T15:39:26+00:00\",\"description\":\"The DJI RC Pro 2 is the flagship remote controller designed to elevate the professional aerial filmmaking experience.\",\"breadcrumb\":{\"@id\":\"https:\\\/\\\/www.ghostysky.com\\\/product\\\/dji-rc-pro-2-2\\\/#breadcrumb\"},\"inLanguage\":\"pt-PT\",\"potentialAction\":[{\"@type\":\"ReadAction\",\"target\":[\"https:\\\/\\\/www.ghostysky.com\\\/product\\\/dji-rc-pro-2-2\\\/\"]}]},{\"@type\":\"ImageObject\",\"inLanguage\":\"pt-PT\",\"@id\":\"https:\\\/\\\/www.ghostysky.com\\\/product\\\/dji-rc-pro-2-2\\\/#primaryimage\",\"url\":\"https:\\\/\\\/www.ghostysky.com\\\/wp-content\\\/uploads\\\/2025\\\/10\\\/GH_DJI-RC-Pro-2_1.jpg\",\"contentUrl\":\"https:\\\/\\\/www.ghostysky.com\\\/wp-content\\\/uploads\\\/2025\\\/10\\\/GH_DJI-RC-Pro-2_1.jpg\",\"width\":800,\"height\":800},{\"@type\":\"BreadcrumbList\",\"@id\":\"https:\\\/\\\/www.ghostysky.com\\\/product\\\/dji-rc-pro-2-2\\\/#breadcrumb\",\"itemListElement\":[{\"@type\":\"ListItem\",\"position\":1,\"name\":\"Home\",\"item\":\"https:\\\/\\\/www.ghostysky.com\\\/\"},{\"@type\":\"ListItem\",\"position\":2,\"name\":\"Shop\",\"item\":\"https:\\\/\\\/www.ghostysky.com\\\/shop\\\/\"},{\"@type\":\"ListItem\",\"position\":3,\"name\":\"DJI RC Pro 2\"}]},{\"@type\":\"WebSite\",\"@id\":\"https:\\\/\\\/www.ghostysky.com\\\/#website\",\"url\":\"https:\\\/\\\/www.ghostysky.com\\\/\",\"name\":\"Ghostysky\",\"description\":\"Delivering professional drones and services\",\"publisher\":{\"@id\":\"https:\\\/\\\/www.ghostysky.com\\\/#organization\"},\"potentialAction\":[{\"@type\":\"SearchAction\",\"target\":{\"@type\":\"EntryPoint\",\"urlTemplate\":\"https:\\\/\\\/www.ghostysky.com\\\/?s={search_term_string}\"},\"query-input\":{\"@type\":\"PropertyValueSpecification\",\"valueRequired\":true,\"valueName\":\"search_term_string\"}}],\"inLanguage\":\"pt-PT\"},{\"@type\":\"Organization\",\"@id\":\"https:\\\/\\\/www.ghostysky.com\\\/#organization\",\"name\":\"Ghostysky\",\"url\":\"https:\\\/\\\/www.ghostysky.com\\\/\",\"logo\":{\"@type\":\"ImageObject\",\"inLanguage\":\"pt-PT\",\"@id\":\"https:\\\/\\\/www.ghostysky.com\\\/#\\\/schema\\\/logo\\\/image\\\/\",\"url\":\"https:\\\/\\\/www.ghostysky.com\\\/wp-content\\\/uploads\\\/2020\\\/06\\\/cropped-ghostyskylogo_text_white2.png\",\"contentUrl\":\"https:\\\/\\\/www.ghostysky.com\\\/wp-content\\\/uploads\\\/2020\\\/06\\\/cropped-ghostyskylogo_text_white2.png\",\"width\":169,\"height\":56,\"caption\":\"Ghostysky\"},\"image\":{\"@id\":\"https:\\\/\\\/www.ghostysky.com\\\/#\\\/schema\\\/logo\\\/image\\\/\"},\"sameAs\":[\"https:\\\/\\\/www.facebook.com\\\/people\\\/Ghostysky\\\/100057676170234\\\/\",\"https:\\\/\\\/x.com\\\/Gh0stysky\",\"https:\\\/\\\/www.linkedin.com\\\/company\\\/34739653\",\"https:\\\/\\\/www.instagram.com\\\/gh0stysky\"]}]}<\/script>\n<!-- \/ Yoast SEO plugin. -->","yoast_head_json":{"title":"DJI RC Pro 2 - Ghostysky","description":"O DJI RC Pro 2 \u00e9 o principal controle remoto projetado para elevar a experi\u00eancia profissional de produ\u00e7\u00e3o de filmes a\u00e9reos.","robots":{"index":"index","follow":"follow","max-snippet":"max-snippet:-1","max-image-preview":"max-image-preview:large","max-video-preview":"max-video-preview:-1"},"canonical":"https:\/\/www.ghostysky.com\/pt\/produto-2\/dji-rc-pro-2-2\/","og_locale":"pt_PT","og_type":"article","og_title":"DJI RC Pro 2 - Ghostysky","og_description":"The DJI RC Pro 2 is the flagship remote controller designed to elevate the professional aerial filmmaking experience.","og_url":"https:\/\/www.ghostysky.com\/pt\/produto-2\/dji-rc-pro-2-2\/","og_site_name":"Ghostysky","article_publisher":"https:\/\/www.facebook.com\/people\/Ghostysky\/100057676170234\/","article_modified_time":"2025-10-22T15:39:26+00:00","og_image":[{"width":800,"height":800,"url":"https:\/\/www.ghostysky.com\/wp-content\/uploads\/2025\/10\/GH_DJI-RC-Pro-2_1.jpg","type":"image\/jpeg"}],"twitter_card":"summary_large_image","twitter_site":"@Gh0stysky","twitter_misc":{"Tempo estimado de leitura":"2 minutos"},"schema":{"@context":"https:\/\/schema.org","@graph":[{"@type":"WebPage","@id":"https:\/\/www.ghostysky.com\/product\/dji-rc-pro-2-2\/","url":"https:\/\/www.ghostysky.com\/product\/dji-rc-pro-2-2\/","name":"DJI RC Pro 2 - Ghostysky","isPartOf":{"@id":"https:\/\/www.ghostysky.com\/#website"},"primaryImageOfPage":{"@id":"https:\/\/www.ghostysky.com\/product\/dji-rc-pro-2-2\/#primaryimage"},"image":{"@id":"https:\/\/www.ghostysky.com\/product\/dji-rc-pro-2-2\/#primaryimage"},"thumbnailUrl":"https:\/\/www.ghostysky.com\/wp-content\/uploads\/2025\/10\/GH_DJI-RC-Pro-2_1.jpg","datePublished":"2025-10-22T15:37:16+00:00","dateModified":"2025-10-22T15:39:26+00:00","description":"O DJI RC Pro 2 \u00e9 o principal controle remoto projetado para elevar a experi\u00eancia profissional de produ\u00e7\u00e3o de filmes a\u00e9reos.","breadcrumb":{"@id":"https:\/\/www.ghostysky.com\/product\/dji-rc-pro-2-2\/#breadcrumb"},"inLanguage":"pt-PT","potentialAction":[{"@type":"ReadAction","target":["https:\/\/www.ghostysky.com\/product\/dji-rc-pro-2-2\/"]}]},{"@type":"ImageObject","inLanguage":"pt-PT","@id":"https:\/\/www.ghostysky.com\/product\/dji-rc-pro-2-2\/#primaryimage","url":"https:\/\/www.ghostysky.com\/wp-content\/uploads\/2025\/10\/GH_DJI-RC-Pro-2_1.jpg","contentUrl":"https:\/\/www.ghostysky.com\/wp-content\/uploads\/2025\/10\/GH_DJI-RC-Pro-2_1.jpg","width":800,"height":800},{"@type":"BreadcrumbList","@id":"https:\/\/www.ghostysky.com\/product\/dji-rc-pro-2-2\/#breadcrumb","itemListElement":[{"@type":"ListItem","position":1,"name":"Home","item":"https:\/\/www.ghostysky.com\/"},{"@type":"ListItem","position":2,"name":"Shop","item":"https:\/\/www.ghostysky.com\/shop\/"},{"@type":"ListItem","position":3,"name":"DJI RC Pro 2"}]},{"@type":"WebSite","@id":"https:\/\/www.ghostysky.com\/#website","url":"https:\/\/www.ghostysky.com\/","name":"Ghostysky","description":"Fornecendo drones e servi\u00e7os profissionais","publisher":{"@id":"https:\/\/www.ghostysky.com\/#organization"},"potentialAction":[{"@type":"SearchAction","target":{"@type":"EntryPoint","urlTemplate":"https:\/\/www.ghostysky.com\/?s={search_term_string}"},"query-input":{"@type":"PropertyValueSpecification","valueRequired":true,"valueName":"search_term_string"}}],"inLanguage":"pt-PT"},{"@type":"Organization","@id":"https:\/\/www.ghostysky.com\/#organization","name":"Ghostysky","url":"https:\/\/www.ghostysky.com\/","logo":{"@type":"ImageObject","inLanguage":"pt-PT","@id":"https:\/\/www.ghostysky.com\/#\/schema\/logo\/image\/","url":"https:\/\/www.ghostysky.com\/wp-content\/uploads\/2020\/06\/cropped-ghostyskylogo_text_white2.png","contentUrl":"https:\/\/www.ghostysky.com\/wp-content\/uploads\/2020\/06\/cropped-ghostyskylogo_text_white2.png","width":169,"height":56,"caption":"Ghostysky"},"image":{"@id":"https:\/\/www.ghostysky.com\/#\/schema\/logo\/image\/"},"sameAs":["https:\/\/www.facebook.com\/people\/Ghostysky\/100057676170234\/","https:\/\/x.com\/Gh0stysky","https:\/\/www.linkedin.com\/company\/34739653","https:\/\/www.instagram.com\/gh0stysky"]}]}},"_links":{"self":[{"href":"https:\/\/www.ghostysky.com\/pt\/wp-json\/wp\/v2\/product\/22243","targetHints":{"allow":["GET"]}}],"collection":[{"href":"https:\/\/www.ghostysky.com\/pt\/wp-json\/wp\/v2\/product"}],"about":[{"href":"https:\/\/www.ghostysky.com\/pt\/wp-json\/wp\/v2\/types\/product"}],"replies":[{"embeddable":true,"href":"https:\/\/www.ghostysky.com\/pt\/wp-json\/wp\/v2\/comments?post=22243"}],"version-history":[{"count":0,"href":"https:\/\/www.ghostysky.com\/pt\/wp-json\/wp\/v2\/product\/22243\/revisions"}],"wp:featuredmedia":[{"embeddable":true,"href":"https:\/\/www.ghostysky.com\/pt\/wp-json\/wp\/v2\/media\/22247"}],"wp:attachment":[{"href":"https:\/\/www.ghostysky.com\/pt\/wp-json\/wp\/v2\/media?parent=22243"}],"wp:term":[{"taxonomy":"product_brand","embeddable":true,"href":"https:\/\/www.ghostysky.com\/pt\/wp-json\/wp\/v2\/product_brand?post=22243"},{"taxonomy":"product_cat","embeddable":true,"href":"https:\/\/www.ghostysky.com\/pt\/wp-json\/wp\/v2\/product_cat?post=22243"},{"taxonomy":"product_tag","embeddable":true,"href":"https:\/\/www.ghostysky.com\/pt\/wp-json\/wp\/v2\/product_tag?post=22243"}],"curies":[{"name":"wp","href":"https:\/\/api.w.org\/{rel}","templated":true}]}}