{"id":22253,"date":"2025-10-22T15:43:52","date_gmt":"2025-10-22T15:43:52","guid":{"rendered":"https:\/\/www.ghostysky.com\/?post_type=product&#038;p=22253"},"modified":"2025-10-22T15:48:50","modified_gmt":"2025-10-22T15:48:50","slug":"dji-care-refresh-2-year-plan-dji-mavic-4-pro","status":"publish","type":"product","link":"https:\/\/www.ghostysky.com\/pt\/product\/dji-care-refresh-2-year-plan-dji-mavic-4-pro\/","title":{"rendered":"Plano de atualiza\u00e7\u00e3o de 2 anos do DJI Care Refresh (DJI Mavic 4 Pro)"},"content":{"rendered":"<h4><b>Principais recursos e benef\u00edcios<\/b><\/h4>\n<ul>\n<li><b><span class=\"citation-200\">2 anos de cobertura abrangente:<\/span><\/b><span class=\"citation-200 citation-end-200\"> Desfrute de tranquilidade prolongada por 24 meses a partir da ativa\u00e7\u00e3o.<\/span><\/li>\n<li><b><span class=\"citation-199\">At\u00e9 4 substitui\u00e7\u00f5es de baixo custo:<\/span><\/b><span class=\"citation-199\"> Receba at\u00e9 <\/span><b><span class=\"citation-199\">4 aeronaves de substitui\u00e7\u00e3o total<\/span><\/b><span class=\"citation-199 citation-end-199\"> ao longo do per\u00edodo de dois anos por uma pequena taxa de substitui\u00e7\u00e3o, permitindo que voc\u00ea volte a voar rapidamente ap\u00f3s um incidente.<\/span>\n<ul>\n<li><span class=\"citation-198\">Isso inclui at\u00e9 <\/span><b><span class=\"citation-198\">2 substitui\u00e7\u00f5es de cobertura Flyaway<\/span><\/b><span class=\"citation-198 citation-end-198\"> para aquelas situa\u00e7\u00f5es infelizes em que seu drone \u00e9 perdido durante o voo.<\/span>\n<div class=\"source-inline-chip-container ng-star-inserted\"><\/div>\n<\/li>\n<\/ul>\n<\/li>\n<li><b>Prote\u00e7\u00e3o contra acidentes:<\/b> Cobre danos acidentais de:\n<ul>\n<li><b>Colis\u00e3o<\/b><\/li>\n<li><b>Danos causados pela \u00e1gua<\/b><\/li>\n<li><b><span class=\"citation-197\">Flyaways<\/span><\/b><span class=\"citation-197 citation-end-197\"> (se os requisitos vinculativos forem atendidos)<\/span><\/li>\n<li><b><span class=\"citation-196\">Desgaste natural<\/span><\/b><span class=\"citation-196 citation-end-196\"> (para componentes cobertos)<\/span><\/li>\n<\/ul>\n<\/li>\n<li><b>DJI Care Express:<\/b><span class=\"citation-195 citation-end-195\"> Utilize esta op\u00e7\u00e3o eficiente para receber seu produto de substitui\u00e7\u00e3o mais rapidamente.<\/span><\/li>\n<li><b>Frete gr\u00e1tis nos dois sentidos:<\/b><span class=\"citation-194 citation-end-194\"> A DJI cobre todos os custos de envio ao enviar seu produto danificado para servi\u00e7o de substitui\u00e7\u00e3o.<\/span><\/li>\n<li><b><span class=\"citation-193\">Extens\u00e3o de garantia oficial:<\/span><\/b><span class=\"citation-193 citation-end-193\"> As principais pe\u00e7as do seu drone permanecem cobertas pela garantia oficial durante todo o per\u00edodo de servi\u00e7o de 2 anos.<\/span><\/li>\n<li><b>Servi\u00e7o T\u00e9cnico Exclusivo:<\/b><span class=\"citation-192 citation-end-192\"> Tenha acesso a canais de suporte dedicados para assist\u00eancia t\u00e9cnica exclusiva.<\/span><\/li>\n<li><b>Substitui\u00e7\u00f5es n\u00e3o utilizadas s\u00e3o transferidas:<\/b> Quaisquer substitui\u00e7\u00f5es n\u00e3o utilizadas do primeiro ano ser\u00e3o transferidas para uso durante o segundo ano.<\/li>\n<\/ul>\n<p>&nbsp;<\/p>\n<p><b>Processo de substitui\u00e7\u00e3o sem preocupa\u00e7\u00f5es:<\/b><\/p>\n<p><span class=\"citation-191 citation-end-191\">Em caso de acidente, voc\u00ea pode receber rapidamente uma unidade de substitui\u00e7\u00e3o nova ou equivalente por uma taxa de substitui\u00e7\u00e3o baixa e fixa.<\/span> Os produtos de substitui\u00e7\u00e3o t\u00eam garantia de estar em excelentes condi\u00e7\u00f5es, permitindo que voc\u00ea minimize o tempo de inatividade e maximize seu tempo de voo.<\/p>\n<p><b>Requisito de ativa\u00e7\u00e3o:<\/b><\/p>\n<p><span class=\"citation-190\">Este plano deve ser adquirido e vinculado a um <\/span><b><span class=\"citation-190\">novo, n\u00e3o ativado<\/span><\/b><span class=\"citation-190\"> DJI Mavic 4 Pro, ou um drone que foi <\/span><b><span class=\"citation-190\">ativado nas \u00faltimas 48 horas<\/span><\/b><span class=\"citation-190 citation-end-190\">.<\/span> <span class=\"citation-189 citation-end-189\">A verifica\u00e7\u00e3o por v\u00eddeo \u00e9 uma op\u00e7\u00e3o caso as condi\u00e7\u00f5es iniciais de compra n\u00e3o sejam atendidas.<\/span><\/p>","protected":false},"excerpt":{"rendered":"<p>Garanta seu investimento a\u00e9reo profissional e voe com total confian\u00e7a por dois anos inteiros com o <b>Plano de atualiza\u00e7\u00e3o de 2 anos do DJI Care para o DJI Mavic 4 Pro<\/b>. <span class=\"citation-201 citation-end-201\">Este plano de prote\u00e7\u00e3o abrangente oferece um servi\u00e7o de substitui\u00e7\u00e3o eficiente e acess\u00edvel, protegendo seu drone de uma ampla gama de danos acidentais comuns.<\/span><\/p>","protected":false},"featured_media":22257,"comment_status":"open","ping_status":"closed","template":"","meta":[],"product_brand":[1031],"product_cat":[37,29,1171,1173],"product_tag":[42,1178,1179],"class_list":{"0":"post-22253","1":"product","2":"type-product","3":"status-publish","4":"has-post-thumbnail","6":"product_brand-dji","7":"product_cat-dji","8":"product_cat-drones","9":"product_cat-mavic-4-pro","10":"product_cat-mavic-4-pro-accessories","11":"product_tag-dji","12":"product_tag-dji-mavic-4-pro","13":"product_tag-dji-mavic-4-pro-accessories","15":"first","16":"instock","17":"taxable","18":"shipping-taxable","19":"purchasable","20":"product-type-simple"},"yoast_head":"<!-- This site is optimized with the Yoast SEO plugin v27.1.1 - https:\/\/yoast.com\/product\/yoast-seo-wordpress\/ -->\n<title>DJI Care Refresh 2-Year Plan (DJI Mavic 4 Pro) - Ghostysky<\/title>\n<meta name=\"description\" content=\"Secure your professional aerial investment and fly with complete confidence for two full years with the DJI Care Refresh 2-Year Plan for the DJI Mavic 4 Pro. This comprehensive protection plan offers an efficient and affordable replacement service, shielding your drone from a wide range of common accidental damages.\" \/>\n<meta name=\"robots\" content=\"index, follow, max-snippet:-1, max-image-preview:large, max-video-preview:-1\" \/>\n<link rel=\"canonical\" href=\"https:\/\/www.ghostysky.com\/pt\/produto-2\/dji-care-refresh-2-year-plan-dji-mavic-4-pro\/\" \/>\n<meta property=\"og:locale\" content=\"pt_PT\" \/>\n<meta property=\"og:type\" content=\"article\" \/>\n<meta property=\"og:title\" content=\"DJI Care Refresh 2-Year Plan (DJI Mavic 4 Pro) - Ghostysky\" \/>\n<meta property=\"og:description\" content=\"Secure your professional aerial investment and fly with complete confidence for two full years with the DJI Care Refresh 2-Year Plan for the DJI Mavic 4 Pro. This comprehensive protection plan offers an efficient and affordable replacement service, shielding your drone from a wide range of common accidental damages.\" \/>\n<meta property=\"og:url\" content=\"https:\/\/www.ghostysky.com\/pt\/produto-2\/dji-care-refresh-2-year-plan-dji-mavic-4-pro\/\" \/>\n<meta property=\"og:site_name\" content=\"Ghostysky\" \/>\n<meta property=\"article:publisher\" content=\"https:\/\/www.facebook.com\/people\/Ghostysky\/100057676170234\/\" \/>\n<meta property=\"article:modified_time\" content=\"2025-10-22T15:48:50+00:00\" \/>\n<meta property=\"og:image\" content=\"https:\/\/www.ghostysky.com\/wp-content\/uploads\/2025\/10\/GH_DJI-Care-Refresh-2-Year-Plan-DJI-Mavic-4-Pro_1.jpg\" \/>\n\t<meta property=\"og:image:width\" content=\"800\" \/>\n\t<meta property=\"og:image:height\" content=\"800\" \/>\n\t<meta property=\"og:image:type\" content=\"image\/jpeg\" \/>\n<meta name=\"twitter:card\" content=\"summary_large_image\" \/>\n<meta name=\"twitter:site\" content=\"@Gh0stysky\" \/>\n<meta name=\"twitter:label1\" content=\"Tempo estimado de leitura\" \/>\n\t<meta name=\"twitter:data1\" content=\"2 minutos\" \/>\n<script type=\"application\/ld+json\" class=\"yoast-schema-graph\">{\"@context\":\"https:\/\/schema.org\",\"@graph\":[{\"@type\":\"WebPage\",\"@id\":\"https:\/\/www.ghostysky.com\/product\/dji-care-refresh-2-year-plan-dji-mavic-4-pro\/\",\"url\":\"https:\/\/www.ghostysky.com\/product\/dji-care-refresh-2-year-plan-dji-mavic-4-pro\/\",\"name\":\"DJI Care Refresh 2-Year Plan (DJI Mavic 4 Pro) - Ghostysky\",\"isPartOf\":{\"@id\":\"https:\/\/www.ghostysky.com\/#website\"},\"primaryImageOfPage\":{\"@id\":\"https:\/\/www.ghostysky.com\/product\/dji-care-refresh-2-year-plan-dji-mavic-4-pro\/#primaryimage\"},\"image\":{\"@id\":\"https:\/\/www.ghostysky.com\/product\/dji-care-refresh-2-year-plan-dji-mavic-4-pro\/#primaryimage\"},\"thumbnailUrl\":\"https:\/\/www.ghostysky.com\/wp-content\/uploads\/2025\/10\/GH_DJI-Care-Refresh-2-Year-Plan-DJI-Mavic-4-Pro_1.jpg\",\"datePublished\":\"2025-10-22T15:43:52+00:00\",\"dateModified\":\"2025-10-22T15:48:50+00:00\",\"description\":\"Secure your professional aerial investment and fly with complete confidence for two full years with the DJI Care Refresh 2-Year Plan for the DJI Mavic 4 Pro. This comprehensive protection plan offers an efficient and affordable replacement service, shielding your drone from a wide range of common accidental damages.\",\"breadcrumb\":{\"@id\":\"https:\/\/www.ghostysky.com\/product\/dji-care-refresh-2-year-plan-dji-mavic-4-pro\/#breadcrumb\"},\"inLanguage\":\"pt-PT\",\"potentialAction\":[{\"@type\":\"ReadAction\",\"target\":[\"https:\/\/www.ghostysky.com\/product\/dji-care-refresh-2-year-plan-dji-mavic-4-pro\/\"]}]},{\"@type\":\"ImageObject\",\"inLanguage\":\"pt-PT\",\"@id\":\"https:\/\/www.ghostysky.com\/product\/dji-care-refresh-2-year-plan-dji-mavic-4-pro\/#primaryimage\",\"url\":\"https:\/\/www.ghostysky.com\/wp-content\/uploads\/2025\/10\/GH_DJI-Care-Refresh-2-Year-Plan-DJI-Mavic-4-Pro_1.jpg\",\"contentUrl\":\"https:\/\/www.ghostysky.com\/wp-content\/uploads\/2025\/10\/GH_DJI-Care-Refresh-2-Year-Plan-DJI-Mavic-4-Pro_1.jpg\",\"width\":800,\"height\":800},{\"@type\":\"BreadcrumbList\",\"@id\":\"https:\/\/www.ghostysky.com\/product\/dji-care-refresh-2-year-plan-dji-mavic-4-pro\/#breadcrumb\",\"itemListElement\":[{\"@type\":\"ListItem\",\"position\":1,\"name\":\"Home\",\"item\":\"https:\/\/www.ghostysky.com\/\"},{\"@type\":\"ListItem\",\"position\":2,\"name\":\"Shop\",\"item\":\"https:\/\/www.ghostysky.com\/shop\/\"},{\"@type\":\"ListItem\",\"position\":3,\"name\":\"DJI Care Refresh 2-Year Plan (DJI Mavic 4 Pro)\"}]},{\"@type\":\"WebSite\",\"@id\":\"https:\/\/www.ghostysky.com\/#website\",\"url\":\"https:\/\/www.ghostysky.com\/\",\"name\":\"Ghostysky\",\"description\":\"Delivering professional drones and services\",\"publisher\":{\"@id\":\"https:\/\/www.ghostysky.com\/#organization\"},\"potentialAction\":[{\"@type\":\"SearchAction\",\"target\":{\"@type\":\"EntryPoint\",\"urlTemplate\":\"https:\/\/www.ghostysky.com\/?s={search_term_string}\"},\"query-input\":{\"@type\":\"PropertyValueSpecification\",\"valueRequired\":true,\"valueName\":\"search_term_string\"}}],\"inLanguage\":\"pt-PT\"},{\"@type\":\"Organization\",\"@id\":\"https:\/\/www.ghostysky.com\/#organization\",\"name\":\"Ghostysky\",\"url\":\"https:\/\/www.ghostysky.com\/\",\"logo\":{\"@type\":\"ImageObject\",\"inLanguage\":\"pt-PT\",\"@id\":\"https:\/\/www.ghostysky.com\/#\/schema\/logo\/image\/\",\"url\":\"https:\/\/www.ghostysky.com\/wp-content\/uploads\/2020\/06\/cropped-ghostyskylogo_text_white2.png\",\"contentUrl\":\"https:\/\/www.ghostysky.com\/wp-content\/uploads\/2020\/06\/cropped-ghostyskylogo_text_white2.png\",\"width\":169,\"height\":56,\"caption\":\"Ghostysky\"},\"image\":{\"@id\":\"https:\/\/www.ghostysky.com\/#\/schema\/logo\/image\/\"},\"sameAs\":[\"https:\/\/www.facebook.com\/people\/Ghostysky\/100057676170234\/\",\"https:\/\/x.com\/Gh0stysky\",\"https:\/\/www.linkedin.com\/company\/34739653\",\"https:\/\/www.instagram.com\/gh0stysky\"]}]}<\/script>\n<!-- \/ Yoast SEO plugin. -->","yoast_head_json":{"title":"Plano de atualiza\u00e7\u00e3o de 2 anos do DJI Care Refresh (DJI Mavic 4 Pro) - Ghostysky","description":"Garanta seu investimento a\u00e9reo profissional e voe com total confian\u00e7a por dois anos inteiros com o Plano DJI Care Refresh de 2 anos para o DJI Mavic 4 Pro. Este plano de prote\u00e7\u00e3o abrangente oferece um servi\u00e7o de substitui\u00e7\u00e3o eficiente e acess\u00edvel, protegendo seu drone de uma ampla gama de danos acidentais comuns.","robots":{"index":"index","follow":"follow","max-snippet":"max-snippet:-1","max-image-preview":"max-image-preview:large","max-video-preview":"max-video-preview:-1"},"canonical":"https:\/\/www.ghostysky.com\/pt\/produto-2\/dji-care-refresh-2-year-plan-dji-mavic-4-pro\/","og_locale":"pt_PT","og_type":"article","og_title":"DJI Care Refresh 2-Year Plan (DJI Mavic 4 Pro) - Ghostysky","og_description":"Secure your professional aerial investment and fly with complete confidence for two full years with the DJI Care Refresh 2-Year Plan for the DJI Mavic 4 Pro. This comprehensive protection plan offers an efficient and affordable replacement service, shielding your drone from a wide range of common accidental damages.","og_url":"https:\/\/www.ghostysky.com\/pt\/produto-2\/dji-care-refresh-2-year-plan-dji-mavic-4-pro\/","og_site_name":"Ghostysky","article_publisher":"https:\/\/www.facebook.com\/people\/Ghostysky\/100057676170234\/","article_modified_time":"2025-10-22T15:48:50+00:00","og_image":[{"width":800,"height":800,"url":"https:\/\/www.ghostysky.com\/wp-content\/uploads\/2025\/10\/GH_DJI-Care-Refresh-2-Year-Plan-DJI-Mavic-4-Pro_1.jpg","type":"image\/jpeg"}],"twitter_card":"summary_large_image","twitter_site":"@Gh0stysky","twitter_misc":{"Tempo estimado de leitura":"2 minutos"},"schema":{"@context":"https:\/\/schema.org","@graph":[{"@type":"WebPage","@id":"https:\/\/www.ghostysky.com\/product\/dji-care-refresh-2-year-plan-dji-mavic-4-pro\/","url":"https:\/\/www.ghostysky.com\/product\/dji-care-refresh-2-year-plan-dji-mavic-4-pro\/","name":"Plano de atualiza\u00e7\u00e3o de 2 anos do DJI Care Refresh (DJI Mavic 4 Pro) - Ghostysky","isPartOf":{"@id":"https:\/\/www.ghostysky.com\/#website"},"primaryImageOfPage":{"@id":"https:\/\/www.ghostysky.com\/product\/dji-care-refresh-2-year-plan-dji-mavic-4-pro\/#primaryimage"},"image":{"@id":"https:\/\/www.ghostysky.com\/product\/dji-care-refresh-2-year-plan-dji-mavic-4-pro\/#primaryimage"},"thumbnailUrl":"https:\/\/www.ghostysky.com\/wp-content\/uploads\/2025\/10\/GH_DJI-Care-Refresh-2-Year-Plan-DJI-Mavic-4-Pro_1.jpg","datePublished":"2025-10-22T15:43:52+00:00","dateModified":"2025-10-22T15:48:50+00:00","description":"Garanta seu investimento a\u00e9reo profissional e voe com total confian\u00e7a por dois anos inteiros com o Plano DJI Care Refresh de 2 anos para o DJI Mavic 4 Pro. Este plano de prote\u00e7\u00e3o abrangente oferece um servi\u00e7o de substitui\u00e7\u00e3o eficiente e acess\u00edvel, protegendo seu drone de uma ampla gama de danos acidentais comuns.","breadcrumb":{"@id":"https:\/\/www.ghostysky.com\/product\/dji-care-refresh-2-year-plan-dji-mavic-4-pro\/#breadcrumb"},"inLanguage":"pt-PT","potentialAction":[{"@type":"ReadAction","target":["https:\/\/www.ghostysky.com\/product\/dji-care-refresh-2-year-plan-dji-mavic-4-pro\/"]}]},{"@type":"ImageObject","inLanguage":"pt-PT","@id":"https:\/\/www.ghostysky.com\/product\/dji-care-refresh-2-year-plan-dji-mavic-4-pro\/#primaryimage","url":"https:\/\/www.ghostysky.com\/wp-content\/uploads\/2025\/10\/GH_DJI-Care-Refresh-2-Year-Plan-DJI-Mavic-4-Pro_1.jpg","contentUrl":"https:\/\/www.ghostysky.com\/wp-content\/uploads\/2025\/10\/GH_DJI-Care-Refresh-2-Year-Plan-DJI-Mavic-4-Pro_1.jpg","width":800,"height":800},{"@type":"BreadcrumbList","@id":"https:\/\/www.ghostysky.com\/product\/dji-care-refresh-2-year-plan-dji-mavic-4-pro\/#breadcrumb","itemListElement":[{"@type":"ListItem","position":1,"name":"Home","item":"https:\/\/www.ghostysky.com\/"},{"@type":"ListItem","position":2,"name":"Shop","item":"https:\/\/www.ghostysky.com\/shop\/"},{"@type":"ListItem","position":3,"name":"DJI Care Refresh 2-Year Plan (DJI Mavic 4 Pro)"}]},{"@type":"WebSite","@id":"https:\/\/www.ghostysky.com\/#website","url":"https:\/\/www.ghostysky.com\/","name":"Ghostysky","description":"Fornecendo drones e servi\u00e7os profissionais","publisher":{"@id":"https:\/\/www.ghostysky.com\/#organization"},"potentialAction":[{"@type":"SearchAction","target":{"@type":"EntryPoint","urlTemplate":"https:\/\/www.ghostysky.com\/?s={search_term_string}"},"query-input":{"@type":"PropertyValueSpecification","valueRequired":true,"valueName":"search_term_string"}}],"inLanguage":"pt-PT"},{"@type":"Organization","@id":"https:\/\/www.ghostysky.com\/#organization","name":"Ghostysky","url":"https:\/\/www.ghostysky.com\/","logo":{"@type":"ImageObject","inLanguage":"pt-PT","@id":"https:\/\/www.ghostysky.com\/#\/schema\/logo\/image\/","url":"https:\/\/www.ghostysky.com\/wp-content\/uploads\/2020\/06\/cropped-ghostyskylogo_text_white2.png","contentUrl":"https:\/\/www.ghostysky.com\/wp-content\/uploads\/2020\/06\/cropped-ghostyskylogo_text_white2.png","width":169,"height":56,"caption":"Ghostysky"},"image":{"@id":"https:\/\/www.ghostysky.com\/#\/schema\/logo\/image\/"},"sameAs":["https:\/\/www.facebook.com\/people\/Ghostysky\/100057676170234\/","https:\/\/x.com\/Gh0stysky","https:\/\/www.linkedin.com\/company\/34739653","https:\/\/www.instagram.com\/gh0stysky"]}]}},"_links":{"self":[{"href":"https:\/\/www.ghostysky.com\/pt\/wp-json\/wp\/v2\/product\/22253","targetHints":{"allow":["GET"]}}],"collection":[{"href":"https:\/\/www.ghostysky.com\/pt\/wp-json\/wp\/v2\/product"}],"about":[{"href":"https:\/\/www.ghostysky.com\/pt\/wp-json\/wp\/v2\/types\/product"}],"replies":[{"embeddable":true,"href":"https:\/\/www.ghostysky.com\/pt\/wp-json\/wp\/v2\/comments?post=22253"}],"wp:featuredmedia":[{"embeddable":true,"href":"https:\/\/www.ghostysky.com\/pt\/wp-json\/wp\/v2\/media\/22257"}],"wp:attachment":[{"href":"https:\/\/www.ghostysky.com\/pt\/wp-json\/wp\/v2\/media?parent=22253"}],"wp:term":[{"taxonomy":"product_brand","embeddable":true,"href":"https:\/\/www.ghostysky.com\/pt\/wp-json\/wp\/v2\/product_brand?post=22253"},{"taxonomy":"product_cat","embeddable":true,"href":"https:\/\/www.ghostysky.com\/pt\/wp-json\/wp\/v2\/product_cat?post=22253"},{"taxonomy":"product_tag","embeddable":true,"href":"https:\/\/www.ghostysky.com\/pt\/wp-json\/wp\/v2\/product_tag?post=22253"}],"curies":[{"name":"wp","href":"https:\/\/api.w.org\/{rel}","templated":true}]}}