{"id":22261,"date":"2025-10-22T16:40:36","date_gmt":"2025-10-22T16:40:36","guid":{"rendered":"https:\/\/www.ghostysky.com\/?post_type=product&#038;p=22261"},"modified":"2025-10-22T17:02:28","modified_gmt":"2025-10-22T17:02:28","slug":"dji-mavic-4-pro-intelligent-flight-battery","status":"publish","type":"product","link":"https:\/\/www.ghostysky.com\/pt\/product\/dji-mavic-4-pro-intelligent-flight-battery\/","title":{"rendered":"Bateria de voo inteligente DJI Mavic 4 Pro"},"content":{"rendered":"<p><b>Caracter\u00edsticas principais:<\/b><\/p>\n<ul>\n<li><b><span class=\"citation-249\">Tempo de voo excepcional:<\/span><\/b><span class=\"citation-249\"> Oferece um tempo m\u00e1ximo de voo de <\/span><b><span class=\"citation-249\">at\u00e9 51 minutos<\/span><\/b><span class=\"citation-249 citation-end-249\">* com uma \u00fanica carga, permitindo que voc\u00ea explore mais os arredores e capture imagens extensas e ininterruptas.<\/span><\/li>\n<li><b>Pot\u00eancia de alta capacidade:<\/b><span class=\"citation-248\"> Apresenta uma capacidade robusta de <\/span><b><span class=\"citation-248\">6654 mAh (95,3 Wh)<\/span><\/b><span class=\"citation-248 citation-end-248\">, garantindo um fornecimento de energia est\u00e1vel e potente para os sistemas avan\u00e7ados do drone, incluindo a c\u00e2mera de lente tripla e o sensor de obst\u00e1culos de 360\u00b0.<\/span><\/li>\n<li><b>Gerenciamento inteligente de bateria:<\/b><span class=\"citation-247 citation-end-247\"> O sistema de monitoramento inteligente integrado rastreia o status da bateria em tempo real, incluindo voltagem, corrente, temperatura e equil\u00edbrio da c\u00e9lula, proporcionando maior seguran\u00e7a e desempenho ideal durante todo o voo.<\/span><\/li>\n<li><b><span class=\"citation-246\">Suporte para carregamento r\u00e1pido:<\/span><\/b><span class=\"citation-246 citation-end-246\"> Compat\u00edvel com o ecossistema DJI para recarga r\u00e1pida:<\/span>\n<ul>\n<li><b><span class=\"math-inline\" data-math=\"\\approx 51\">$\\aproximadamente 51$<\/span><span class=\"citation-245\"> minutos<\/span><\/b><span class=\"citation-245 citation-end-245\"> para <sup class=\"superscript\" data-turn-source-index=\"7\">7<\/sup><\/span><span class=\"math-inline\" data-math=\"100\\%\">$100\\%$<\/span><span class=\"citation-244 citation-end-244\"> com o adaptador de energia DJI Mavic 240W.<\/span><\/li>\n<li><b><span class=\"math-inline\" data-math=\"\\approx 80\">$\\aproximadamente 80$<\/span><span class=\"citation-243\"> minutos<\/span><\/b><span class=\"citation-243 citation-end-243\"> para <sup class=\"superscript\" data-turn-source-index=\"9\">9<\/sup><\/span><span class=\"math-inline\" data-math=\"100\\%\">$100\\%$<\/span><span class=\"citation-242 citation-end-242\"> com o adaptador de energia DJI USB-C de 100 W.<\/span><\/li>\n<\/ul>\n<\/li>\n<li><b>Otimizado para Mavic 4 Pro:<\/b><span class=\"citation-241 citation-end-241\"> Integra-se perfeitamente \u00e0 estrutura e aos sistemas do drone, garantindo seguran\u00e7a, estabilidade e fornecimento de energia confi\u00e1vel.<\/span><\/li>\n<li><b><span class=\"citation-240\">Configura\u00e7\u00e3o de \u00edons de l\u00edtio 4S:<\/span><\/b><span class=\"citation-240 citation-end-240\"> Utiliza c\u00e9lulas de \u00edons de l\u00edtio (\u00f3xido de l\u00edtio, n\u00edquel, mangan\u00eas e cobalto) de alto desempenho para vida \u00fatil longa e produ\u00e7\u00e3o confi\u00e1vel.<\/span><\/li>\n<\/ul>\n<p>N\u00e3o importa se voc\u00ea est\u00e1 procurando uma bateria extra para filmagens mais longas ou uma substitui\u00e7\u00e3o confi\u00e1vel, a bateria de voo inteligente do DJI Mavic 4 Pro foi projetada para manter seu drone no ar por mais tempo, dando a voc\u00ea a tranquilidade de se concentrar na cria\u00e7\u00e3o de conte\u00fado a\u00e9reo de tirar o f\u00f4lego.<\/p>","protected":false},"excerpt":{"rendered":"<p><span class=\"citation-251\">Eleve sua experi\u00eancia a\u00e9rea e maximize seu tempo de voo com o oficial <\/span><b><span class=\"citation-251\">Bateria de voo inteligente DJI Mavic 4 Pro<\/span><\/b><span class=\"citation-251 citation-end-251\">.<\/span> <span class=\"citation-250 citation-end-250\">Projetada especificamente para o DJI Mavic 4 Pro, esta bateria inteligente de alta capacidade \u00e9 a fonte de energia essencial para profissionais e entusiastas que exigem resist\u00eancia, confiabilidade e desempenho m\u00e1ximo.<\/span><\/p>","protected":false},"featured_media":22264,"comment_status":"open","ping_status":"closed","template":"","meta":[],"product_brand":[1031],"product_cat":[37,29,1171,1173],"product_tag":[42,1178,1179],"class_list":{"0":"post-22261","1":"product","2":"type-product","3":"status-publish","4":"has-post-thumbnail","6":"product_brand-dji","7":"product_cat-dji","8":"product_cat-drones","9":"product_cat-mavic-4-pro","10":"product_cat-mavic-4-pro-accessories","11":"product_tag-dji","12":"product_tag-dji-mavic-4-pro","13":"product_tag-dji-mavic-4-pro-accessories","15":"first","16":"onbackorder","17":"taxable","18":"shipping-taxable","19":"purchasable","20":"product-type-simple"},"yoast_head":"<!-- This site is optimized with the Yoast SEO plugin v27.1.1 - https:\/\/yoast.com\/product\/yoast-seo-wordpress\/ -->\n<title>DJI Mavic 4 Pro Intelligent Flight Battery - Ghostysky<\/title>\n<meta name=\"description\" content=\"Elevate your aerial experience and maximize your flight time with the official DJI Mavic 4 Pro Intelligent Flight Battery. Engineered specifically for the DJI Mavic 4 Pro, this high-capacity, smart battery is the essential power source for professionals and enthusiasts who demand endurance, reliability, and peak performance.\" \/>\n<meta name=\"robots\" content=\"index, follow, max-snippet:-1, max-image-preview:large, max-video-preview:-1\" \/>\n<link rel=\"canonical\" href=\"https:\/\/www.ghostysky.com\/pt\/produto-2\/dji-mavic-4-pro-intelligent-flight-battery\/\" \/>\n<meta property=\"og:locale\" content=\"pt_PT\" \/>\n<meta property=\"og:type\" content=\"article\" \/>\n<meta property=\"og:title\" content=\"DJI Mavic 4 Pro Intelligent Flight Battery - Ghostysky\" \/>\n<meta property=\"og:description\" content=\"Elevate your aerial experience and maximize your flight time with the official DJI Mavic 4 Pro Intelligent Flight Battery. Engineered specifically for the DJI Mavic 4 Pro, this high-capacity, smart battery is the essential power source for professionals and enthusiasts who demand endurance, reliability, and peak performance.\" \/>\n<meta property=\"og:url\" content=\"https:\/\/www.ghostysky.com\/pt\/produto-2\/dji-mavic-4-pro-intelligent-flight-battery\/\" \/>\n<meta property=\"og:site_name\" content=\"Ghostysky\" \/>\n<meta property=\"article:publisher\" content=\"https:\/\/www.facebook.com\/people\/Ghostysky\/100057676170234\/\" \/>\n<meta property=\"article:modified_time\" content=\"2025-10-22T17:02:28+00:00\" \/>\n<meta property=\"og:image\" content=\"https:\/\/www.ghostysky.com\/wp-content\/uploads\/2025\/10\/GH_DJI-Mavic-4-Pro-Intelligent-Flight-Battery_1.jpg\" \/>\n\t<meta property=\"og:image:width\" content=\"800\" \/>\n\t<meta property=\"og:image:height\" content=\"800\" \/>\n\t<meta property=\"og:image:type\" content=\"image\/jpeg\" \/>\n<meta name=\"twitter:card\" content=\"summary_large_image\" \/>\n<meta name=\"twitter:site\" content=\"@Gh0stysky\" \/>\n<meta name=\"twitter:label1\" content=\"Tempo estimado de leitura\" \/>\n\t<meta name=\"twitter:data1\" content=\"2 minutos\" \/>\n<script type=\"application\/ld+json\" class=\"yoast-schema-graph\">{\"@context\":\"https:\/\/schema.org\",\"@graph\":[{\"@type\":\"WebPage\",\"@id\":\"https:\/\/www.ghostysky.com\/product\/dji-mavic-4-pro-intelligent-flight-battery\/\",\"url\":\"https:\/\/www.ghostysky.com\/product\/dji-mavic-4-pro-intelligent-flight-battery\/\",\"name\":\"DJI Mavic 4 Pro Intelligent Flight Battery - Ghostysky\",\"isPartOf\":{\"@id\":\"https:\/\/www.ghostysky.com\/#website\"},\"primaryImageOfPage\":{\"@id\":\"https:\/\/www.ghostysky.com\/product\/dji-mavic-4-pro-intelligent-flight-battery\/#primaryimage\"},\"image\":{\"@id\":\"https:\/\/www.ghostysky.com\/product\/dji-mavic-4-pro-intelligent-flight-battery\/#primaryimage\"},\"thumbnailUrl\":\"https:\/\/www.ghostysky.com\/wp-content\/uploads\/2025\/10\/GH_DJI-Mavic-4-Pro-Intelligent-Flight-Battery_1.jpg\",\"datePublished\":\"2025-10-22T16:40:36+00:00\",\"dateModified\":\"2025-10-22T17:02:28+00:00\",\"description\":\"Elevate your aerial experience and maximize your flight time with the official DJI Mavic 4 Pro Intelligent Flight Battery. Engineered specifically for the DJI Mavic 4 Pro, this high-capacity, smart battery is the essential power source for professionals and enthusiasts who demand endurance, reliability, and peak performance.\",\"breadcrumb\":{\"@id\":\"https:\/\/www.ghostysky.com\/product\/dji-mavic-4-pro-intelligent-flight-battery\/#breadcrumb\"},\"inLanguage\":\"pt-PT\",\"potentialAction\":[{\"@type\":\"ReadAction\",\"target\":[\"https:\/\/www.ghostysky.com\/product\/dji-mavic-4-pro-intelligent-flight-battery\/\"]}]},{\"@type\":\"ImageObject\",\"inLanguage\":\"pt-PT\",\"@id\":\"https:\/\/www.ghostysky.com\/product\/dji-mavic-4-pro-intelligent-flight-battery\/#primaryimage\",\"url\":\"https:\/\/www.ghostysky.com\/wp-content\/uploads\/2025\/10\/GH_DJI-Mavic-4-Pro-Intelligent-Flight-Battery_1.jpg\",\"contentUrl\":\"https:\/\/www.ghostysky.com\/wp-content\/uploads\/2025\/10\/GH_DJI-Mavic-4-Pro-Intelligent-Flight-Battery_1.jpg\",\"width\":800,\"height\":800},{\"@type\":\"BreadcrumbList\",\"@id\":\"https:\/\/www.ghostysky.com\/product\/dji-mavic-4-pro-intelligent-flight-battery\/#breadcrumb\",\"itemListElement\":[{\"@type\":\"ListItem\",\"position\":1,\"name\":\"Home\",\"item\":\"https:\/\/www.ghostysky.com\/\"},{\"@type\":\"ListItem\",\"position\":2,\"name\":\"Shop\",\"item\":\"https:\/\/www.ghostysky.com\/shop\/\"},{\"@type\":\"ListItem\",\"position\":3,\"name\":\"DJI Mavic 4 Pro Intelligent Flight Battery\"}]},{\"@type\":\"WebSite\",\"@id\":\"https:\/\/www.ghostysky.com\/#website\",\"url\":\"https:\/\/www.ghostysky.com\/\",\"name\":\"Ghostysky\",\"description\":\"Delivering professional drones and services\",\"publisher\":{\"@id\":\"https:\/\/www.ghostysky.com\/#organization\"},\"potentialAction\":[{\"@type\":\"SearchAction\",\"target\":{\"@type\":\"EntryPoint\",\"urlTemplate\":\"https:\/\/www.ghostysky.com\/?s={search_term_string}\"},\"query-input\":{\"@type\":\"PropertyValueSpecification\",\"valueRequired\":true,\"valueName\":\"search_term_string\"}}],\"inLanguage\":\"pt-PT\"},{\"@type\":\"Organization\",\"@id\":\"https:\/\/www.ghostysky.com\/#organization\",\"name\":\"Ghostysky\",\"url\":\"https:\/\/www.ghostysky.com\/\",\"logo\":{\"@type\":\"ImageObject\",\"inLanguage\":\"pt-PT\",\"@id\":\"https:\/\/www.ghostysky.com\/#\/schema\/logo\/image\/\",\"url\":\"https:\/\/www.ghostysky.com\/wp-content\/uploads\/2020\/06\/cropped-ghostyskylogo_text_white2.png\",\"contentUrl\":\"https:\/\/www.ghostysky.com\/wp-content\/uploads\/2020\/06\/cropped-ghostyskylogo_text_white2.png\",\"width\":169,\"height\":56,\"caption\":\"Ghostysky\"},\"image\":{\"@id\":\"https:\/\/www.ghostysky.com\/#\/schema\/logo\/image\/\"},\"sameAs\":[\"https:\/\/www.facebook.com\/people\/Ghostysky\/100057676170234\/\",\"https:\/\/x.com\/Gh0stysky\",\"https:\/\/www.linkedin.com\/company\/34739653\",\"https:\/\/www.instagram.com\/gh0stysky\"]}]}<\/script>\n<!-- \/ Yoast SEO plugin. -->","yoast_head_json":{"title":"Bateria de voo inteligente DJI Mavic 4 Pro - Ghostysky","description":"Eleve sua experi\u00eancia a\u00e9rea e maximize seu tempo de voo com a Bateria de Voo Inteligente oficial do DJI Mavic 4 Pro. Projetada especificamente para o DJI Mavic 4 Pro, esta bateria inteligente de alta capacidade \u00e9 a fonte de energia essencial para profissionais e entusiastas que exigem resist\u00eancia, confiabilidade e desempenho m\u00e1ximo.","robots":{"index":"index","follow":"follow","max-snippet":"max-snippet:-1","max-image-preview":"max-image-preview:large","max-video-preview":"max-video-preview:-1"},"canonical":"https:\/\/www.ghostysky.com\/pt\/produto-2\/dji-mavic-4-pro-intelligent-flight-battery\/","og_locale":"pt_PT","og_type":"article","og_title":"DJI Mavic 4 Pro Intelligent Flight Battery - Ghostysky","og_description":"Elevate your aerial experience and maximize your flight time with the official DJI Mavic 4 Pro Intelligent Flight Battery. Engineered specifically for the DJI Mavic 4 Pro, this high-capacity, smart battery is the essential power source for professionals and enthusiasts who demand endurance, reliability, and peak performance.","og_url":"https:\/\/www.ghostysky.com\/pt\/produto-2\/dji-mavic-4-pro-intelligent-flight-battery\/","og_site_name":"Ghostysky","article_publisher":"https:\/\/www.facebook.com\/people\/Ghostysky\/100057676170234\/","article_modified_time":"2025-10-22T17:02:28+00:00","og_image":[{"width":800,"height":800,"url":"https:\/\/www.ghostysky.com\/wp-content\/uploads\/2025\/10\/GH_DJI-Mavic-4-Pro-Intelligent-Flight-Battery_1.jpg","type":"image\/jpeg"}],"twitter_card":"summary_large_image","twitter_site":"@Gh0stysky","twitter_misc":{"Tempo estimado de leitura":"2 minutos"},"schema":{"@context":"https:\/\/schema.org","@graph":[{"@type":"WebPage","@id":"https:\/\/www.ghostysky.com\/product\/dji-mavic-4-pro-intelligent-flight-battery\/","url":"https:\/\/www.ghostysky.com\/product\/dji-mavic-4-pro-intelligent-flight-battery\/","name":"Bateria de voo inteligente DJI Mavic 4 Pro - Ghostysky","isPartOf":{"@id":"https:\/\/www.ghostysky.com\/#website"},"primaryImageOfPage":{"@id":"https:\/\/www.ghostysky.com\/product\/dji-mavic-4-pro-intelligent-flight-battery\/#primaryimage"},"image":{"@id":"https:\/\/www.ghostysky.com\/product\/dji-mavic-4-pro-intelligent-flight-battery\/#primaryimage"},"thumbnailUrl":"https:\/\/www.ghostysky.com\/wp-content\/uploads\/2025\/10\/GH_DJI-Mavic-4-Pro-Intelligent-Flight-Battery_1.jpg","datePublished":"2025-10-22T16:40:36+00:00","dateModified":"2025-10-22T17:02:28+00:00","description":"Eleve sua experi\u00eancia a\u00e9rea e maximize seu tempo de voo com a Bateria de Voo Inteligente oficial do DJI Mavic 4 Pro. Projetada especificamente para o DJI Mavic 4 Pro, esta bateria inteligente de alta capacidade \u00e9 a fonte de energia essencial para profissionais e entusiastas que exigem resist\u00eancia, confiabilidade e desempenho m\u00e1ximo.","breadcrumb":{"@id":"https:\/\/www.ghostysky.com\/product\/dji-mavic-4-pro-intelligent-flight-battery\/#breadcrumb"},"inLanguage":"pt-PT","potentialAction":[{"@type":"ReadAction","target":["https:\/\/www.ghostysky.com\/product\/dji-mavic-4-pro-intelligent-flight-battery\/"]}]},{"@type":"ImageObject","inLanguage":"pt-PT","@id":"https:\/\/www.ghostysky.com\/product\/dji-mavic-4-pro-intelligent-flight-battery\/#primaryimage","url":"https:\/\/www.ghostysky.com\/wp-content\/uploads\/2025\/10\/GH_DJI-Mavic-4-Pro-Intelligent-Flight-Battery_1.jpg","contentUrl":"https:\/\/www.ghostysky.com\/wp-content\/uploads\/2025\/10\/GH_DJI-Mavic-4-Pro-Intelligent-Flight-Battery_1.jpg","width":800,"height":800},{"@type":"BreadcrumbList","@id":"https:\/\/www.ghostysky.com\/product\/dji-mavic-4-pro-intelligent-flight-battery\/#breadcrumb","itemListElement":[{"@type":"ListItem","position":1,"name":"Home","item":"https:\/\/www.ghostysky.com\/"},{"@type":"ListItem","position":2,"name":"Shop","item":"https:\/\/www.ghostysky.com\/shop\/"},{"@type":"ListItem","position":3,"name":"DJI Mavic 4 Pro Intelligent Flight Battery"}]},{"@type":"WebSite","@id":"https:\/\/www.ghostysky.com\/#website","url":"https:\/\/www.ghostysky.com\/","name":"Ghostysky","description":"Fornecendo drones e servi\u00e7os profissionais","publisher":{"@id":"https:\/\/www.ghostysky.com\/#organization"},"potentialAction":[{"@type":"SearchAction","target":{"@type":"EntryPoint","urlTemplate":"https:\/\/www.ghostysky.com\/?s={search_term_string}"},"query-input":{"@type":"PropertyValueSpecification","valueRequired":true,"valueName":"search_term_string"}}],"inLanguage":"pt-PT"},{"@type":"Organization","@id":"https:\/\/www.ghostysky.com\/#organization","name":"Ghostysky","url":"https:\/\/www.ghostysky.com\/","logo":{"@type":"ImageObject","inLanguage":"pt-PT","@id":"https:\/\/www.ghostysky.com\/#\/schema\/logo\/image\/","url":"https:\/\/www.ghostysky.com\/wp-content\/uploads\/2020\/06\/cropped-ghostyskylogo_text_white2.png","contentUrl":"https:\/\/www.ghostysky.com\/wp-content\/uploads\/2020\/06\/cropped-ghostyskylogo_text_white2.png","width":169,"height":56,"caption":"Ghostysky"},"image":{"@id":"https:\/\/www.ghostysky.com\/#\/schema\/logo\/image\/"},"sameAs":["https:\/\/www.facebook.com\/people\/Ghostysky\/100057676170234\/","https:\/\/x.com\/Gh0stysky","https:\/\/www.linkedin.com\/company\/34739653","https:\/\/www.instagram.com\/gh0stysky"]}]}},"_links":{"self":[{"href":"https:\/\/www.ghostysky.com\/pt\/wp-json\/wp\/v2\/product\/22261","targetHints":{"allow":["GET"]}}],"collection":[{"href":"https:\/\/www.ghostysky.com\/pt\/wp-json\/wp\/v2\/product"}],"about":[{"href":"https:\/\/www.ghostysky.com\/pt\/wp-json\/wp\/v2\/types\/product"}],"replies":[{"embeddable":true,"href":"https:\/\/www.ghostysky.com\/pt\/wp-json\/wp\/v2\/comments?post=22261"}],"wp:featuredmedia":[{"embeddable":true,"href":"https:\/\/www.ghostysky.com\/pt\/wp-json\/wp\/v2\/media\/22264"}],"wp:attachment":[{"href":"https:\/\/www.ghostysky.com\/pt\/wp-json\/wp\/v2\/media?parent=22261"}],"wp:term":[{"taxonomy":"product_brand","embeddable":true,"href":"https:\/\/www.ghostysky.com\/pt\/wp-json\/wp\/v2\/product_brand?post=22261"},{"taxonomy":"product_cat","embeddable":true,"href":"https:\/\/www.ghostysky.com\/pt\/wp-json\/wp\/v2\/product_cat?post=22261"},{"taxonomy":"product_tag","embeddable":true,"href":"https:\/\/www.ghostysky.com\/pt\/wp-json\/wp\/v2\/product_tag?post=22261"}],"curies":[{"name":"wp","href":"https:\/\/api.w.org\/{rel}","templated":true}]}}