{"id":22424,"date":"2025-10-24T13:06:25","date_gmt":"2025-10-24T13:06:25","guid":{"rendered":"https:\/\/www.ghostysky.com\/?post_type=product&#038;p=22424"},"modified":"2026-03-04T15:57:16","modified_gmt":"2026-03-04T15:57:16","slug":"hexmove-mark-2-mcnm","status":"publish","type":"product","link":"https:\/\/www.ghostysky.com\/pt\/product\/hexmove-mark-2-mcnm\/","title":{"rendered":"Hexmove MARCA 2 \u2013 MCNM"},"content":{"rendered":"<h4><b>Principais recursos e capacidades<\/b><\/h4>\n<ul>\n<li><b><span class=\"citation-98\">Destinado \u00e0 Educa\u00e7\u00e3o e Pesquisa:<\/span><\/b><span class=\"citation-98 citation-end-98\"> Desenvolvido para ser uma plataforma altamente adapt\u00e1vel, adequada para universidades, laborat\u00f3rios de pesquisa e desenvolvedores.<\/span><\/li>\n<li><b><span class=\"citation-97\">Chassi rob\u00f3tico personaliz\u00e1vel ROS:<\/span><\/b><span class=\"citation-97 citation-end-97\"> Totalmente compat\u00edvel com o Sistema Operacional de Rob\u00f4s (ROS), fornecendo uma estrutura poderosa para desenvolvimento.<\/span><\/li>\n<li><b>Rodas Mecanum (MCNM):<\/b> Oferece capacidades de movimento excepcionais, permitindo movimentos laterais, diagonais e rotacionais.<\/li>\n<li><b><span class=\"citation-96\">Alta personaliza\u00e7\u00e3o:<\/span><\/b><span class=\"citation-96 citation-end-96\"> O design permite modificar a dist\u00e2ncia entre eixos e o espa\u00e7amento dos eixos e suporta uma variedade de modos de movimento.<\/span><\/li>\n<li><b>Suporte a m\u00f3dulo expans\u00edvel:<\/b> Facilmente equipado com uma ampla gama de acess\u00f3rios e sensores, incluindo:\n<ul>\n<li><span class=\"citation-95 citation-end-95\">Sistemas Lidar e C\u00e2mera<\/span><\/li>\n<li><span class=\"citation-94 citation-end-94\">M\u00f3dulos GPS e RTK\/GNSS<\/span><\/li>\n<li>Conectividade 4G ou 5G<\/li>\n<li>Bra\u00e7os rob\u00f3ticos e outros m\u00f3dulos personalizados<\/li>\n<\/ul>\n<\/li>\n<li><b>Especifica\u00e7\u00f5es robustas:<\/b>\n<ul>\n<li><b>Carga \u00fatil:<\/b><span class=\"citation-93 citation-end-93\"> At\u00e9 10 kg<\/span><\/li>\n<li><b>Velocidade m\u00e1xima:<\/b> 1,5 m\/s<\/li>\n<li><b>Interface:<\/b><span class=\"citation-92 citation-end-92\"> Barramento CAN<\/span><\/li>\n<li><b><span class=\"citation-91\">Tempo de execu\u00e7\u00e3o da bateria:<\/span><\/b><span class=\"citation-91 citation-end-91\"> 3 a 5 horas (bateria de 24 V \/ 5 Ah)<\/span><\/li>\n<li><b><span class=\"citation-90\">Suspens\u00e3o:<\/span><\/b><span class=\"citation-90 citation-end-90\"> Osso da sorte dianteiro<\/span><\/li>\n<li><b><span class=\"citation-89\">Dimens\u00f5es (C x L x A):<\/span><\/b><span class=\"citation-89 citation-end-89\"> 426 \u00d7 365 \u00d7 163 mm<\/span><\/li>\n<\/ul>\n<\/li>\n<\/ul>\n<p>O Hexmove MARK 2 \u2013 MCNM \u00e9 a base ideal para inovadores que buscam desenvolver e testar suas pr\u00f3prias aplica\u00e7\u00f5es rob\u00f3ticas m\u00f3veis aut\u00f4nomas.<\/p>\n<p><a href=\"https:\/\/www.ghostysky.com\/wp-content\/uploads\/2025\/10\/GH_MARK-2-MCNM_99_3.png\"><img fetchpriority=\"high\" decoding=\"async\" class=\"alignnone size-medium wp-image-22431 lazyload\" src=\"data:image\/gif;base64,R0lGODlhAQABAAAAACH5BAEKAAEALAAAAAABAAEAAAICTAEAOw==\" alt=\"\" width=\"300\" height=\"300\" sizes=\"(max-width: 300px) 100vw, 300px\" data-src=\"https:\/\/www.ghostysky.com\/wp-content\/uploads\/2025\/10\/GH_MARK-2-MCNM_99_3-300x300.png\" data-srcset=\"https:\/\/www.ghostysky.com\/wp-content\/uploads\/2025\/10\/GH_MARK-2-MCNM_99_3-300x300.png 300w, https:\/\/www.ghostysky.com\/wp-content\/uploads\/2025\/10\/GH_MARK-2-MCNM_99_3-150x150.png 150w, https:\/\/www.ghostysky.com\/wp-content\/uploads\/2025\/10\/GH_MARK-2-MCNM_99_3-768x768.png 768w, https:\/\/www.ghostysky.com\/wp-content\/uploads\/2025\/10\/GH_MARK-2-MCNM_99_3-12x12.png 12w, https:\/\/www.ghostysky.com\/wp-content\/uploads\/2025\/10\/GH_MARK-2-MCNM_99_3-720x720.png 720w, https:\/\/www.ghostysky.com\/wp-content\/uploads\/2025\/10\/GH_MARK-2-MCNM_99_3-360x360.png 360w, https:\/\/www.ghostysky.com\/wp-content\/uploads\/2025\/10\/GH_MARK-2-MCNM_99_3-600x600.png 600w, https:\/\/www.ghostysky.com\/wp-content\/uploads\/2025\/10\/GH_MARK-2-MCNM_99_3-100x100.png 100w, https:\/\/www.ghostysky.com\/wp-content\/uploads\/2025\/10\/GH_MARK-2-MCNM_99_3.png 800w\"><\/a> <a href=\"https:\/\/www.ghostysky.com\/wp-content\/uploads\/2025\/10\/GH_MARK-2-MCNM_99_2.png\"><img decoding=\"async\" class=\"alignnone size-medium wp-image-22432 lazyload\" src=\"data:image\/gif;base64,R0lGODlhAQABAAAAACH5BAEKAAEALAAAAAABAAEAAAICTAEAOw==\" alt=\"\" width=\"300\" height=\"192\" sizes=\"(max-width: 300px) 100vw, 300px\" data-src=\"https:\/\/www.ghostysky.com\/wp-content\/uploads\/2025\/10\/GH_MARK-2-MCNM_99_2-300x192.png\" data-srcset=\"https:\/\/www.ghostysky.com\/wp-content\/uploads\/2025\/10\/GH_MARK-2-MCNM_99_2-300x192.png 300w, https:\/\/www.ghostysky.com\/wp-content\/uploads\/2025\/10\/GH_MARK-2-MCNM_99_2-1024x656.png 1024w, https:\/\/www.ghostysky.com\/wp-content\/uploads\/2025\/10\/GH_MARK-2-MCNM_99_2-768x492.png 768w, https:\/\/www.ghostysky.com\/wp-content\/uploads\/2025\/10\/GH_MARK-2-MCNM_99_2-18x12.png 18w, https:\/\/www.ghostysky.com\/wp-content\/uploads\/2025\/10\/GH_MARK-2-MCNM_99_2-720x461.png 720w, https:\/\/www.ghostysky.com\/wp-content\/uploads\/2025\/10\/GH_MARK-2-MCNM_99_2-600x384.png 600w, https:\/\/www.ghostysky.com\/wp-content\/uploads\/2025\/10\/GH_MARK-2-MCNM_99_2.png 1249w\"><\/a> <a href=\"https:\/\/www.ghostysky.com\/wp-content\/uploads\/2025\/10\/GH_MARK-2-MCNM_99_1.png\"><img decoding=\"async\" class=\"alignnone size-medium wp-image-22433 lazyload\" src=\"data:image\/gif;base64,R0lGODlhAQABAAAAACH5BAEKAAEALAAAAAABAAEAAAICTAEAOw==\" alt=\"\" width=\"300\" height=\"165\" sizes=\"(max-width: 300px) 100vw, 300px\" data-src=\"https:\/\/www.ghostysky.com\/wp-content\/uploads\/2025\/10\/GH_MARK-2-MCNM_99_1-300x165.png\" data-srcset=\"https:\/\/www.ghostysky.com\/wp-content\/uploads\/2025\/10\/GH_MARK-2-MCNM_99_1-300x165.png 300w, https:\/\/www.ghostysky.com\/wp-content\/uploads\/2025\/10\/GH_MARK-2-MCNM_99_1-1024x562.png 1024w, https:\/\/www.ghostysky.com\/wp-content\/uploads\/2025\/10\/GH_MARK-2-MCNM_99_1-768x421.png 768w, https:\/\/www.ghostysky.com\/wp-content\/uploads\/2025\/10\/GH_MARK-2-MCNM_99_1-18x10.png 18w, https:\/\/www.ghostysky.com\/wp-content\/uploads\/2025\/10\/GH_MARK-2-MCNM_99_1-720x395.png 720w, https:\/\/www.ghostysky.com\/wp-content\/uploads\/2025\/10\/GH_MARK-2-MCNM_99_1-600x329.png 600w, https:\/\/www.ghostysky.com\/wp-content\/uploads\/2025\/10\/GH_MARK-2-MCNM_99_1.png 1458w\"><\/a> <a href=\"https:\/\/www.ghostysky.com\/wp-content\/uploads\/2025\/10\/GH_MARK-2-MCNM_99.png\"><img loading=\"lazy\" decoding=\"async\" class=\"alignnone size-medium wp-image-22434 lazyload\" src=\"data:image\/gif;base64,R0lGODlhAQABAAAAACH5BAEKAAEALAAAAAABAAEAAAICTAEAOw==\" alt=\"\" width=\"300\" height=\"246\" sizes=\"(max-width: 300px) 100vw, 300px\" data-src=\"https:\/\/www.ghostysky.com\/wp-content\/uploads\/2025\/10\/GH_MARK-2-MCNM_99-300x246.png\" data-srcset=\"https:\/\/www.ghostysky.com\/wp-content\/uploads\/2025\/10\/GH_MARK-2-MCNM_99-300x246.png 300w, https:\/\/www.ghostysky.com\/wp-content\/uploads\/2025\/10\/GH_MARK-2-MCNM_99-768x631.png 768w, https:\/\/www.ghostysky.com\/wp-content\/uploads\/2025\/10\/GH_MARK-2-MCNM_99-15x12.png 15w, https:\/\/www.ghostysky.com\/wp-content\/uploads\/2025\/10\/GH_MARK-2-MCNM_99-720x591.png 720w, https:\/\/www.ghostysky.com\/wp-content\/uploads\/2025\/10\/GH_MARK-2-MCNM_99-600x493.png 600w, https:\/\/www.ghostysky.com\/wp-content\/uploads\/2025\/10\/GH_MARK-2-MCNM_99.png 974w\"><\/a><\/p>","protected":false},"excerpt":{"rendered":"<p><span class=\"citation-99 citation-end-99\">O Hexmove MARK 2 \u2013 MCNM \u00e9 um chassi de rob\u00f4 m\u00f3vel vers\u00e1til e robusto, projetado especificamente para ensino de rob\u00f4s, pesquisa cient\u00edfica e verifica\u00e7\u00e3o de desenvolvimento inicial.<\/span> Parte da s\u00e9rie Mark flex\u00edvel, o modelo MCNM (Mecanum) conta com rodas Mecanum para movimento omnidirecional, oferecendo manobrabilidade superior em v\u00e1rios ambientes.<\/p>","protected":false},"featured_media":22398,"comment_status":"open","ping_status":"closed","template":"","meta":[],"product_brand":[1193],"product_cat":[1042,1190,1191,1037],"product_tag":[1194,1196,1198],"class_list":{"0":"post-22424","1":"product","2":"type-product","3":"status-publish","4":"has-post-thumbnail","6":"product_brand-hexmove","7":"product_cat-chassis","8":"product_cat-hexmove","9":"product_cat-hexmove-chassis","10":"product_cat-robotics","11":"product_tag-hexmove","12":"product_tag-hexmove-chassis","13":"product_tag-hexmove-mark-2-mcnm","15":"first","16":"onbackorder","17":"taxable","18":"shipping-taxable","19":"product-type-simple"},"yoast_head":"<!-- This site is optimized with the Yoast SEO plugin v27.1.1 - https:\/\/yoast.com\/product\/yoast-seo-wordpress\/ -->\n<title>Hexmove MARK 2 - MCNM - Ghostysky<\/title>\n<meta name=\"description\" content=\"The Hexmove MARK 2 - MCNM is a versatile and robust mobile robot chassis engineered specifically for robot teaching, scientific research, and initial development verification. Part of the flexible Mark series, the MCNM (Mecanum) model features Mecanum wheels for omnidirectional movement, offering superior maneuverability in various environments.\" \/>\n<meta name=\"robots\" content=\"index, follow, max-snippet:-1, max-image-preview:large, max-video-preview:-1\" \/>\n<link rel=\"canonical\" href=\"https:\/\/www.ghostysky.com\/pt\/produto-2\/hexmove-mark-2-mcnm\/\" \/>\n<meta property=\"og:locale\" content=\"pt_PT\" \/>\n<meta property=\"og:type\" content=\"article\" \/>\n<meta property=\"og:title\" content=\"Hexmove MARK 2 - MCNM - Ghostysky\" \/>\n<meta property=\"og:description\" content=\"The Hexmove MARK 2 - MCNM is a versatile and robust mobile robot chassis engineered specifically for robot teaching, scientific research, and initial development verification. Part of the flexible Mark series, the MCNM (Mecanum) model features Mecanum wheels for omnidirectional movement, offering superior maneuverability in various environments.\" \/>\n<meta property=\"og:url\" content=\"https:\/\/www.ghostysky.com\/pt\/produto-2\/hexmove-mark-2-mcnm\/\" \/>\n<meta property=\"og:site_name\" content=\"Ghostysky\" \/>\n<meta property=\"article:publisher\" content=\"https:\/\/www.facebook.com\/people\/Ghostysky\/100057676170234\/\" \/>\n<meta property=\"article:modified_time\" content=\"2026-03-04T15:57:16+00:00\" \/>\n<meta property=\"og:image\" content=\"https:\/\/www.ghostysky.com\/wp-content\/uploads\/2025\/10\/GH_MARK-2-MCN_1.png\" \/>\n\t<meta property=\"og:image:width\" content=\"400\" \/>\n\t<meta property=\"og:image:height\" content=\"400\" \/>\n\t<meta property=\"og:image:type\" content=\"image\/png\" \/>\n<meta name=\"twitter:card\" content=\"summary_large_image\" \/>\n<meta name=\"twitter:site\" content=\"@Gh0stysky\" \/>\n<meta name=\"twitter:label1\" content=\"Tempo estimado de leitura\" \/>\n\t<meta name=\"twitter:data1\" content=\"2 minutos\" \/>\n<script type=\"application\/ld+json\" class=\"yoast-schema-graph\">{\"@context\":\"https:\/\/schema.org\",\"@graph\":[{\"@type\":\"WebPage\",\"@id\":\"https:\/\/www.ghostysky.com\/product\/hexmove-mark-2-mcnm\/\",\"url\":\"https:\/\/www.ghostysky.com\/product\/hexmove-mark-2-mcnm\/\",\"name\":\"Hexmove MARK 2 - MCNM - Ghostysky\",\"isPartOf\":{\"@id\":\"https:\/\/www.ghostysky.com\/#website\"},\"primaryImageOfPage\":{\"@id\":\"https:\/\/www.ghostysky.com\/product\/hexmove-mark-2-mcnm\/#primaryimage\"},\"image\":{\"@id\":\"https:\/\/www.ghostysky.com\/product\/hexmove-mark-2-mcnm\/#primaryimage\"},\"thumbnailUrl\":\"https:\/\/www.ghostysky.com\/wp-content\/uploads\/2025\/10\/GH_MARK-2-MCN_1.png\",\"datePublished\":\"2025-10-24T13:06:25+00:00\",\"dateModified\":\"2026-03-04T15:57:16+00:00\",\"description\":\"The Hexmove MARK 2 - MCNM is a versatile and robust mobile robot chassis engineered specifically for robot teaching, scientific research, and initial development verification. Part of the flexible Mark series, the MCNM (Mecanum) model features Mecanum wheels for omnidirectional movement, offering superior maneuverability in various environments.\",\"breadcrumb\":{\"@id\":\"https:\/\/www.ghostysky.com\/product\/hexmove-mark-2-mcnm\/#breadcrumb\"},\"inLanguage\":\"pt-PT\",\"potentialAction\":[{\"@type\":\"ReadAction\",\"target\":[\"https:\/\/www.ghostysky.com\/product\/hexmove-mark-2-mcnm\/\"]}]},{\"@type\":\"ImageObject\",\"inLanguage\":\"pt-PT\",\"@id\":\"https:\/\/www.ghostysky.com\/product\/hexmove-mark-2-mcnm\/#primaryimage\",\"url\":\"https:\/\/www.ghostysky.com\/wp-content\/uploads\/2025\/10\/GH_MARK-2-MCN_1.png\",\"contentUrl\":\"https:\/\/www.ghostysky.com\/wp-content\/uploads\/2025\/10\/GH_MARK-2-MCN_1.png\",\"width\":400,\"height\":400},{\"@type\":\"BreadcrumbList\",\"@id\":\"https:\/\/www.ghostysky.com\/product\/hexmove-mark-2-mcnm\/#breadcrumb\",\"itemListElement\":[{\"@type\":\"ListItem\",\"position\":1,\"name\":\"Home\",\"item\":\"https:\/\/www.ghostysky.com\/\"},{\"@type\":\"ListItem\",\"position\":2,\"name\":\"Shop\",\"item\":\"https:\/\/www.ghostysky.com\/shop\/\"},{\"@type\":\"ListItem\",\"position\":3,\"name\":\"Hexmove MARK 2 &#8211; MCNM\"}]},{\"@type\":\"WebSite\",\"@id\":\"https:\/\/www.ghostysky.com\/#website\",\"url\":\"https:\/\/www.ghostysky.com\/\",\"name\":\"Ghostysky\",\"description\":\"Delivering professional drones and services\",\"publisher\":{\"@id\":\"https:\/\/www.ghostysky.com\/#organization\"},\"potentialAction\":[{\"@type\":\"SearchAction\",\"target\":{\"@type\":\"EntryPoint\",\"urlTemplate\":\"https:\/\/www.ghostysky.com\/?s={search_term_string}\"},\"query-input\":{\"@type\":\"PropertyValueSpecification\",\"valueRequired\":true,\"valueName\":\"search_term_string\"}}],\"inLanguage\":\"pt-PT\"},{\"@type\":\"Organization\",\"@id\":\"https:\/\/www.ghostysky.com\/#organization\",\"name\":\"Ghostysky\",\"url\":\"https:\/\/www.ghostysky.com\/\",\"logo\":{\"@type\":\"ImageObject\",\"inLanguage\":\"pt-PT\",\"@id\":\"https:\/\/www.ghostysky.com\/#\/schema\/logo\/image\/\",\"url\":\"https:\/\/www.ghostysky.com\/wp-content\/uploads\/2020\/06\/cropped-ghostyskylogo_text_white2.png\",\"contentUrl\":\"https:\/\/www.ghostysky.com\/wp-content\/uploads\/2020\/06\/cropped-ghostyskylogo_text_white2.png\",\"width\":169,\"height\":56,\"caption\":\"Ghostysky\"},\"image\":{\"@id\":\"https:\/\/www.ghostysky.com\/#\/schema\/logo\/image\/\"},\"sameAs\":[\"https:\/\/www.facebook.com\/people\/Ghostysky\/100057676170234\/\",\"https:\/\/x.com\/Gh0stysky\",\"https:\/\/www.linkedin.com\/company\/34739653\",\"https:\/\/www.instagram.com\/gh0stysky\"]}]}<\/script>\n<!-- \/ Yoast SEO plugin. -->","yoast_head_json":{"title":"Hexmove MARK 2 - MCNM - Ghostysky","description":"O Hexmove MARK 2 - MCNM \u00e9 um chassi de rob\u00f4 m\u00f3vel vers\u00e1til e robusto, projetado especificamente para ensino de rob\u00f4s, pesquisa cient\u00edfica e verifica\u00e7\u00e3o inicial do desenvolvimento. Parte da s\u00e9rie Mark flex\u00edvel, o modelo MCNM (Mecanum) possui rodas Mecanum para movimento omnidirecional, oferecendo manobrabilidade superior em diversos ambientes.","robots":{"index":"index","follow":"follow","max-snippet":"max-snippet:-1","max-image-preview":"max-image-preview:large","max-video-preview":"max-video-preview:-1"},"canonical":"https:\/\/www.ghostysky.com\/pt\/produto-2\/hexmove-mark-2-mcnm\/","og_locale":"pt_PT","og_type":"article","og_title":"Hexmove MARK 2 - MCNM - Ghostysky","og_description":"The Hexmove MARK 2 - MCNM is a versatile and robust mobile robot chassis engineered specifically for robot teaching, scientific research, and initial development verification. Part of the flexible Mark series, the MCNM (Mecanum) model features Mecanum wheels for omnidirectional movement, offering superior maneuverability in various environments.","og_url":"https:\/\/www.ghostysky.com\/pt\/produto-2\/hexmove-mark-2-mcnm\/","og_site_name":"Ghostysky","article_publisher":"https:\/\/www.facebook.com\/people\/Ghostysky\/100057676170234\/","article_modified_time":"2026-03-04T15:57:16+00:00","og_image":[{"width":400,"height":400,"url":"https:\/\/www.ghostysky.com\/wp-content\/uploads\/2025\/10\/GH_MARK-2-MCN_1.png","type":"image\/png"}],"twitter_card":"summary_large_image","twitter_site":"@Gh0stysky","twitter_misc":{"Tempo estimado de leitura":"2 minutos"},"schema":{"@context":"https:\/\/schema.org","@graph":[{"@type":"WebPage","@id":"https:\/\/www.ghostysky.com\/product\/hexmove-mark-2-mcnm\/","url":"https:\/\/www.ghostysky.com\/product\/hexmove-mark-2-mcnm\/","name":"Hexmove MARK 2 - MCNM - Ghostysky","isPartOf":{"@id":"https:\/\/www.ghostysky.com\/#website"},"primaryImageOfPage":{"@id":"https:\/\/www.ghostysky.com\/product\/hexmove-mark-2-mcnm\/#primaryimage"},"image":{"@id":"https:\/\/www.ghostysky.com\/product\/hexmove-mark-2-mcnm\/#primaryimage"},"thumbnailUrl":"https:\/\/www.ghostysky.com\/wp-content\/uploads\/2025\/10\/GH_MARK-2-MCN_1.png","datePublished":"2025-10-24T13:06:25+00:00","dateModified":"2026-03-04T15:57:16+00:00","description":"O Hexmove MARK 2 - MCNM \u00e9 um chassi de rob\u00f4 m\u00f3vel vers\u00e1til e robusto, projetado especificamente para ensino de rob\u00f4s, pesquisa cient\u00edfica e verifica\u00e7\u00e3o inicial do desenvolvimento. Parte da s\u00e9rie Mark flex\u00edvel, o modelo MCNM (Mecanum) possui rodas Mecanum para movimento omnidirecional, oferecendo manobrabilidade superior em diversos ambientes.","breadcrumb":{"@id":"https:\/\/www.ghostysky.com\/product\/hexmove-mark-2-mcnm\/#breadcrumb"},"inLanguage":"pt-PT","potentialAction":[{"@type":"ReadAction","target":["https:\/\/www.ghostysky.com\/product\/hexmove-mark-2-mcnm\/"]}]},{"@type":"ImageObject","inLanguage":"pt-PT","@id":"https:\/\/www.ghostysky.com\/product\/hexmove-mark-2-mcnm\/#primaryimage","url":"https:\/\/www.ghostysky.com\/wp-content\/uploads\/2025\/10\/GH_MARK-2-MCN_1.png","contentUrl":"https:\/\/www.ghostysky.com\/wp-content\/uploads\/2025\/10\/GH_MARK-2-MCN_1.png","width":400,"height":400},{"@type":"BreadcrumbList","@id":"https:\/\/www.ghostysky.com\/product\/hexmove-mark-2-mcnm\/#breadcrumb","itemListElement":[{"@type":"ListItem","position":1,"name":"Home","item":"https:\/\/www.ghostysky.com\/"},{"@type":"ListItem","position":2,"name":"Shop","item":"https:\/\/www.ghostysky.com\/shop\/"},{"@type":"ListItem","position":3,"name":"Hexmove MARK 2 &#8211; MCNM"}]},{"@type":"WebSite","@id":"https:\/\/www.ghostysky.com\/#website","url":"https:\/\/www.ghostysky.com\/","name":"Ghostysky","description":"Fornecendo drones e servi\u00e7os profissionais","publisher":{"@id":"https:\/\/www.ghostysky.com\/#organization"},"potentialAction":[{"@type":"SearchAction","target":{"@type":"EntryPoint","urlTemplate":"https:\/\/www.ghostysky.com\/?s={search_term_string}"},"query-input":{"@type":"PropertyValueSpecification","valueRequired":true,"valueName":"search_term_string"}}],"inLanguage":"pt-PT"},{"@type":"Organization","@id":"https:\/\/www.ghostysky.com\/#organization","name":"Ghostysky","url":"https:\/\/www.ghostysky.com\/","logo":{"@type":"ImageObject","inLanguage":"pt-PT","@id":"https:\/\/www.ghostysky.com\/#\/schema\/logo\/image\/","url":"https:\/\/www.ghostysky.com\/wp-content\/uploads\/2020\/06\/cropped-ghostyskylogo_text_white2.png","contentUrl":"https:\/\/www.ghostysky.com\/wp-content\/uploads\/2020\/06\/cropped-ghostyskylogo_text_white2.png","width":169,"height":56,"caption":"Ghostysky"},"image":{"@id":"https:\/\/www.ghostysky.com\/#\/schema\/logo\/image\/"},"sameAs":["https:\/\/www.facebook.com\/people\/Ghostysky\/100057676170234\/","https:\/\/x.com\/Gh0stysky","https:\/\/www.linkedin.com\/company\/34739653","https:\/\/www.instagram.com\/gh0stysky"]}]}},"_links":{"self":[{"href":"https:\/\/www.ghostysky.com\/pt\/wp-json\/wp\/v2\/product\/22424","targetHints":{"allow":["GET"]}}],"collection":[{"href":"https:\/\/www.ghostysky.com\/pt\/wp-json\/wp\/v2\/product"}],"about":[{"href":"https:\/\/www.ghostysky.com\/pt\/wp-json\/wp\/v2\/types\/product"}],"replies":[{"embeddable":true,"href":"https:\/\/www.ghostysky.com\/pt\/wp-json\/wp\/v2\/comments?post=22424"}],"wp:featuredmedia":[{"embeddable":true,"href":"https:\/\/www.ghostysky.com\/pt\/wp-json\/wp\/v2\/media\/22398"}],"wp:attachment":[{"href":"https:\/\/www.ghostysky.com\/pt\/wp-json\/wp\/v2\/media?parent=22424"}],"wp:term":[{"taxonomy":"product_brand","embeddable":true,"href":"https:\/\/www.ghostysky.com\/pt\/wp-json\/wp\/v2\/product_brand?post=22424"},{"taxonomy":"product_cat","embeddable":true,"href":"https:\/\/www.ghostysky.com\/pt\/wp-json\/wp\/v2\/product_cat?post=22424"},{"taxonomy":"product_tag","embeddable":true,"href":"https:\/\/www.ghostysky.com\/pt\/wp-json\/wp\/v2\/product_tag?post=22424"}],"curies":[{"name":"wp","href":"https:\/\/api.w.org\/{rel}","templated":true}]}}