{"id":22472,"date":"2025-10-24T16:10:21","date_gmt":"2025-10-24T16:10:21","guid":{"rendered":"https:\/\/www.ghostysky.com\/?post_type=product&#038;p=22472"},"modified":"2025-10-24T16:18:20","modified_gmt":"2025-10-24T16:18:20","slug":"aplitop-tcpgps-for-android","status":"publish","type":"product","link":"https:\/\/www.ghostysky.com\/pt\/product\/aplitop-tcpgps-for-android\/","title":{"rendered":"Aplitop tcpGPS para Android"},"content":{"rendered":"<h4><b>Caracter\u00edsticas principais<\/b><\/h4>\n<div id=\"model-response-message-contentr_c462bb557af194b1\" class=\"markdown markdown-main-panel stronger enable-updated-hr-color\" dir=\"ltr\">\n<ul>\n<li><b><span class=\"citation-229\">Compatibilidade do receptor GNSS:<\/span><\/b><span class=\"citation-229\"> Conecta-se facilmente com uma ampla gama de dispositivos externos <\/span><b><span class=\"citation-229\">GNSS (GPS, GLONASS, BeiDou, Galileo)<\/span><\/b><span class=\"citation-229 citation-end-229\"> receptores via Bluetooth, bem como dispositivo GPS integrado.<\/span> <span class=\"citation-228 citation-end-228\">Ele suporta v\u00e1rias configura\u00e7\u00f5es para RTK (Real-Time Kinematic) usando corre\u00e7\u00f5es UHF, GPRS ou GSM.<\/span><\/li>\n<li><b>Levantamento abrangente:<\/b>\n<ul>\n<li><b><span class=\"citation-227\">Coleta de dados:<\/span><\/b><span class=\"citation-227 citation-end-227\"> Pesquise pontos topogr\u00e1ficos, objetos lineares e pol\u00edgonos com um simples toque.<\/span><\/li>\n<li><b>Pesquisa Cont\u00ednua:<\/b><span class=\"citation-226 citation-end-226\"> Registre pontos automaticamente com base na dist\u00e2ncia, tempo ou intervalo de declive.<\/span><\/li>\n<li><b>Riqueza de dados:<\/b> Vincule fotos, notas de voz e atributos\/c\u00f3digos definidos pelo usu\u00e1rio a pontos de levantamento, tornando-o ideal para projetos de GIS.<\/li>\n<\/ul>\n<\/li>\n<li><b>Estaqueamento intuitivo:<\/b>\n<ul>\n<li><b>V\u00e1rios modos de orienta\u00e7\u00e3o:<\/b><span class=\"citation-225\"> Marque pontos, linhas ou polilinhas usando um mapa, b\u00fassola, visualiza\u00e7\u00e3o de alvo ou at\u00e9 mesmo <\/span><b><span class=\"citation-225\">Realidade Aumentada<\/span><\/b><span class=\"citation-225 citation-end-225\"> para orienta\u00e7\u00e3o intuitiva em campo.<\/span><\/li>\n<li><b><span class=\"citation-224\">Comandos de voz:<\/span><\/b><span class=\"citation-224 citation-end-224\"> Um sistema de voz informa o usu\u00e1rio sobre a proximidade do ponto alvo.<\/span><\/li>\n<\/ul>\n<\/li>\n<li><b>Mapeamento e Cartografia:<\/b>\n<ul>\n<li><b>Mapas Base:<\/b><span class=\"citation-223 citation-end-223\"> Utilize mapas base ESRI\u2122 de cobertura mundial (vis\u00e3o de rua, sat\u00e9lite ou topogr\u00e1fica).<\/span><\/li>\n<li><b><span class=\"citation-222\">Integra\u00e7\u00e3o de dados:<\/span><\/b><span class=\"citation-222\"> Carregar cartografia de arquivos CAD\/GIS como <\/span><b><span class=\"citation-222\">DXF, DWG, Shapefiles, KML,<\/span><\/b><span class=\"citation-222\"> ou usar oficial <\/span><b><span class=\"citation-222\">Servi\u00e7os de Mapas da Web (WMS)<\/span><\/b><span class=\"citation-222 citation-end-222\">.<\/span><\/li>\n<\/ul>\n<\/li>\n<li><b><span class=\"citation-221\">Sistemas Geod\u00e9sicos:<\/span><\/b><span class=\"citation-221\"> Inclui o <\/span><b><span class=\"citation-221\">Conjunto de dados de par\u00e2metros geod\u00e9sicos EPSG<\/span><\/b><span class=\"citation-221 citation-end-221\"> para trabalhar com v\u00e1rios sistemas de refer\u00eancia de coordenadas nacionais e locais.<\/span><\/li>\n<li><b><span class=\"citation-220\">Recursos profissionais\/avan\u00e7ados (opcional):<\/span><\/b><span class=\"citation-220\"> A vers\u00e3o profissional \u00e9 adaptada para projetos civis, permitindo a importa\u00e7\u00e3o de arquivos de projetos rodovi\u00e1rios, ferrovi\u00e1rios e lineares (como <\/span><b><span class=\"citation-220\">LandXML<\/span><\/b><span class=\"citation-220 citation-end-220\">).<\/span> Oferece ferramentas para:\n<ul>\n<li><span class=\"citation-219 citation-end-219\">Demarca\u00e7\u00e3o relativa a alinhamentos (bordas de estradas, meios-fios, declives).<\/span><\/li>\n<li><span class=\"citation-218 citation-end-218\">Modelo Digital de Terreno (MDT) e gera\u00e7\u00e3o de curvas de n\u00edvel.<\/span><\/li>\n<li><span class=\"citation-217 citation-end-217\">Compara\u00e7\u00e3o de eleva\u00e7\u00e3o com uma superf\u00edcie de refer\u00eancia.<\/span><\/li>\n<\/ul>\n<\/li>\n<li><b>Gerenciamento de dados:<\/b><span class=\"citation-216\"> Exporte os dados coletados para v\u00e1rios formatos (TXT, DXF, KML, etc.) e sincronize todas as informa\u00e7\u00f5es com servi\u00e7os em nuvem como <\/span><b><span class=\"citation-216\">Google Drive\u2122<\/span><\/b><span class=\"citation-216 citation-end-216\">.<\/span>\n<div class=\"source-inline-chip-container ng-star-inserted\"><\/div>\n<\/li>\n<\/ul>\n<\/div>","protected":false},"excerpt":{"rendered":"<p><span class=\"citation-231\">O <\/span><b><span class=\"citation-231\">Aplitop tcpGPS para Android<\/span><\/b><span class=\"citation-231\"> \u00e9 um aplicativo de campo de n\u00edvel profissional que transforma seu smartphone ou tablet Android em uma solu\u00e7\u00e3o completa para <\/span><b><span class=\"citation-231\">levantamento e demarca\u00e7\u00e3o<\/span><\/b><span class=\"citation-231 citation-end-231\"> usando receptores GNSS de alta precis\u00e3o.<\/span><\/p>\n<p><span class=\"citation-230 citation-end-230\">\u00c9 uma ferramenta completa para top\u00f3grafos, engenheiros e t\u00e9cnicos de campo que precisam realizar coleta de dados precisa para projetos envolvendo terrenos, \u00e1reas urbanas e infraestrutura.<\/span><\/p>\n<h3><\/h3>","protected":false},"featured_media":22481,"comment_status":"open","ping_status":"closed","template":"","meta":[],"product_brand":[1208],"product_cat":[1207,31],"product_tag":[1209,1210],"class_list":{"0":"post-22472","1":"product","2":"type-product","3":"status-publish","4":"has-post-thumbnail","6":"product_brand-aplitop","7":"product_cat-aplitop","8":"product_cat-software","9":"product_tag-aplitop","10":"product_tag-tcpgps","12":"first","13":"instock","14":"taxable","15":"shipping-taxable","16":"purchasable","17":"product-type-simple"},"yoast_head":"<!-- This site is optimized with the Yoast SEO plugin v27.1.1 - https:\/\/yoast.com\/product\/yoast-seo-wordpress\/ -->\n<title>Aplitop tcpGPS for Android - Ghostysky<\/title>\n<meta name=\"description\" content=\"The Aplitop tcpGPS for Android is a professional-grade field application that transforms your Android smartphone or tablet into a complete solution for surveying and staking out using high-precision GNSS receivers.It is an all-in-one tool for topographers, engineers, and site technicians who need to perform accurate data collection for projects involving plots, urban areas, and infrastructure.\" \/>\n<meta name=\"robots\" content=\"index, follow, max-snippet:-1, max-image-preview:large, max-video-preview:-1\" \/>\n<link rel=\"canonical\" href=\"https:\/\/www.ghostysky.com\/pt\/produto-2\/aplitop-tcpgps-for-android\/\" \/>\n<meta property=\"og:locale\" content=\"pt_PT\" \/>\n<meta property=\"og:type\" content=\"article\" \/>\n<meta property=\"og:title\" content=\"Aplitop tcpGPS for Android - Ghostysky\" \/>\n<meta property=\"og:description\" content=\"The Aplitop tcpGPS for Android is a professional-grade field application that transforms your Android smartphone or tablet into a complete solution for surveying and staking out using high-precision GNSS receivers.It is an all-in-one tool for topographers, engineers, and site technicians who need to perform accurate data collection for projects involving plots, urban areas, and infrastructure.\" \/>\n<meta property=\"og:url\" content=\"https:\/\/www.ghostysky.com\/pt\/produto-2\/aplitop-tcpgps-for-android\/\" \/>\n<meta property=\"og:site_name\" content=\"Ghostysky\" \/>\n<meta property=\"article:publisher\" content=\"https:\/\/www.facebook.com\/people\/Ghostysky\/100057676170234\/\" \/>\n<meta property=\"article:modified_time\" content=\"2025-10-24T16:18:20+00:00\" \/>\n<meta property=\"og:image\" content=\"https:\/\/www.ghostysky.com\/wp-content\/uploads\/2025\/10\/GH_tcpGPS-for-Android_1.webp\" \/>\n\t<meta property=\"og:image:width\" content=\"240\" \/>\n\t<meta property=\"og:image:height\" content=\"240\" \/>\n\t<meta property=\"og:image:type\" content=\"image\/webp\" \/>\n<meta name=\"twitter:card\" content=\"summary_large_image\" \/>\n<meta name=\"twitter:site\" content=\"@Gh0stysky\" \/>\n<meta name=\"twitter:label1\" content=\"Tempo estimado de leitura\" \/>\n\t<meta name=\"twitter:data1\" content=\"2 minutos\" \/>\n<script type=\"application\/ld+json\" class=\"yoast-schema-graph\">{\"@context\":\"https:\/\/schema.org\",\"@graph\":[{\"@type\":\"WebPage\",\"@id\":\"https:\/\/www.ghostysky.com\/product\/aplitop-tcpgps-for-android\/\",\"url\":\"https:\/\/www.ghostysky.com\/product\/aplitop-tcpgps-for-android\/\",\"name\":\"Aplitop tcpGPS for Android - Ghostysky\",\"isPartOf\":{\"@id\":\"https:\/\/www.ghostysky.com\/#website\"},\"primaryImageOfPage\":{\"@id\":\"https:\/\/www.ghostysky.com\/product\/aplitop-tcpgps-for-android\/#primaryimage\"},\"image\":{\"@id\":\"https:\/\/www.ghostysky.com\/product\/aplitop-tcpgps-for-android\/#primaryimage\"},\"thumbnailUrl\":\"https:\/\/www.ghostysky.com\/wp-content\/uploads\/2025\/10\/GH_tcpGPS-for-Android_1.webp\",\"datePublished\":\"2025-10-24T16:10:21+00:00\",\"dateModified\":\"2025-10-24T16:18:20+00:00\",\"description\":\"The Aplitop tcpGPS for Android is a professional-grade field application that transforms your Android smartphone or tablet into a complete solution for surveying and staking out using high-precision GNSS receivers.It is an all-in-one tool for topographers, engineers, and site technicians who need to perform accurate data collection for projects involving plots, urban areas, and infrastructure.\",\"breadcrumb\":{\"@id\":\"https:\/\/www.ghostysky.com\/product\/aplitop-tcpgps-for-android\/#breadcrumb\"},\"inLanguage\":\"pt-PT\",\"potentialAction\":[{\"@type\":\"ReadAction\",\"target\":[\"https:\/\/www.ghostysky.com\/product\/aplitop-tcpgps-for-android\/\"]}]},{\"@type\":\"ImageObject\",\"inLanguage\":\"pt-PT\",\"@id\":\"https:\/\/www.ghostysky.com\/product\/aplitop-tcpgps-for-android\/#primaryimage\",\"url\":\"https:\/\/www.ghostysky.com\/wp-content\/uploads\/2025\/10\/GH_tcpGPS-for-Android_1.webp\",\"contentUrl\":\"https:\/\/www.ghostysky.com\/wp-content\/uploads\/2025\/10\/GH_tcpGPS-for-Android_1.webp\",\"width\":240,\"height\":240},{\"@type\":\"BreadcrumbList\",\"@id\":\"https:\/\/www.ghostysky.com\/product\/aplitop-tcpgps-for-android\/#breadcrumb\",\"itemListElement\":[{\"@type\":\"ListItem\",\"position\":1,\"name\":\"Home\",\"item\":\"https:\/\/www.ghostysky.com\/\"},{\"@type\":\"ListItem\",\"position\":2,\"name\":\"Shop\",\"item\":\"https:\/\/www.ghostysky.com\/shop\/\"},{\"@type\":\"ListItem\",\"position\":3,\"name\":\"Aplitop tcpGPS for Android\"}]},{\"@type\":\"WebSite\",\"@id\":\"https:\/\/www.ghostysky.com\/#website\",\"url\":\"https:\/\/www.ghostysky.com\/\",\"name\":\"Ghostysky\",\"description\":\"Delivering professional drones and services\",\"publisher\":{\"@id\":\"https:\/\/www.ghostysky.com\/#organization\"},\"potentialAction\":[{\"@type\":\"SearchAction\",\"target\":{\"@type\":\"EntryPoint\",\"urlTemplate\":\"https:\/\/www.ghostysky.com\/?s={search_term_string}\"},\"query-input\":{\"@type\":\"PropertyValueSpecification\",\"valueRequired\":true,\"valueName\":\"search_term_string\"}}],\"inLanguage\":\"pt-PT\"},{\"@type\":\"Organization\",\"@id\":\"https:\/\/www.ghostysky.com\/#organization\",\"name\":\"Ghostysky\",\"url\":\"https:\/\/www.ghostysky.com\/\",\"logo\":{\"@type\":\"ImageObject\",\"inLanguage\":\"pt-PT\",\"@id\":\"https:\/\/www.ghostysky.com\/#\/schema\/logo\/image\/\",\"url\":\"https:\/\/www.ghostysky.com\/wp-content\/uploads\/2020\/06\/cropped-ghostyskylogo_text_white2.png\",\"contentUrl\":\"https:\/\/www.ghostysky.com\/wp-content\/uploads\/2020\/06\/cropped-ghostyskylogo_text_white2.png\",\"width\":169,\"height\":56,\"caption\":\"Ghostysky\"},\"image\":{\"@id\":\"https:\/\/www.ghostysky.com\/#\/schema\/logo\/image\/\"},\"sameAs\":[\"https:\/\/www.facebook.com\/people\/Ghostysky\/100057676170234\/\",\"https:\/\/x.com\/Gh0stysky\",\"https:\/\/www.linkedin.com\/company\/34739653\",\"https:\/\/www.instagram.com\/gh0stysky\"]}]}<\/script>\n<!-- \/ Yoast SEO plugin. -->","yoast_head_json":{"title":"Aplitop tcpGPS para Android - Ghostysky","description":"O Aplitop tcpGPS para Android \u00e9 um aplicativo de campo de n\u00edvel profissional que transforma seu smartphone ou tablet Android em uma solu\u00e7\u00e3o completa para levantamento e demarca\u00e7\u00e3o usando receptores GNSS de alta precis\u00e3o. \u00c9 uma ferramenta completa para top\u00f3grafos, engenheiros e t\u00e9cnicos de campo que precisam realizar coleta de dados precisa para projetos envolvendo terrenos, \u00e1reas urbanas e infraestrutura.","robots":{"index":"index","follow":"follow","max-snippet":"max-snippet:-1","max-image-preview":"max-image-preview:large","max-video-preview":"max-video-preview:-1"},"canonical":"https:\/\/www.ghostysky.com\/pt\/produto-2\/aplitop-tcpgps-for-android\/","og_locale":"pt_PT","og_type":"article","og_title":"Aplitop tcpGPS for Android - Ghostysky","og_description":"The Aplitop tcpGPS for Android is a professional-grade field application that transforms your Android smartphone or tablet into a complete solution for surveying and staking out using high-precision GNSS receivers.It is an all-in-one tool for topographers, engineers, and site technicians who need to perform accurate data collection for projects involving plots, urban areas, and infrastructure.","og_url":"https:\/\/www.ghostysky.com\/pt\/produto-2\/aplitop-tcpgps-for-android\/","og_site_name":"Ghostysky","article_publisher":"https:\/\/www.facebook.com\/people\/Ghostysky\/100057676170234\/","article_modified_time":"2025-10-24T16:18:20+00:00","og_image":[{"width":240,"height":240,"url":"https:\/\/www.ghostysky.com\/wp-content\/uploads\/2025\/10\/GH_tcpGPS-for-Android_1.webp","type":"image\/webp"}],"twitter_card":"summary_large_image","twitter_site":"@Gh0stysky","twitter_misc":{"Tempo estimado de leitura":"2 minutos"},"schema":{"@context":"https:\/\/schema.org","@graph":[{"@type":"WebPage","@id":"https:\/\/www.ghostysky.com\/product\/aplitop-tcpgps-for-android\/","url":"https:\/\/www.ghostysky.com\/product\/aplitop-tcpgps-for-android\/","name":"Aplitop tcpGPS para Android - Ghostysky","isPartOf":{"@id":"https:\/\/www.ghostysky.com\/#website"},"primaryImageOfPage":{"@id":"https:\/\/www.ghostysky.com\/product\/aplitop-tcpgps-for-android\/#primaryimage"},"image":{"@id":"https:\/\/www.ghostysky.com\/product\/aplitop-tcpgps-for-android\/#primaryimage"},"thumbnailUrl":"https:\/\/www.ghostysky.com\/wp-content\/uploads\/2025\/10\/GH_tcpGPS-for-Android_1.webp","datePublished":"2025-10-24T16:10:21+00:00","dateModified":"2025-10-24T16:18:20+00:00","description":"O Aplitop tcpGPS para Android \u00e9 um aplicativo de campo de n\u00edvel profissional que transforma seu smartphone ou tablet Android em uma solu\u00e7\u00e3o completa para levantamento e demarca\u00e7\u00e3o usando receptores GNSS de alta precis\u00e3o. \u00c9 uma ferramenta completa para top\u00f3grafos, engenheiros e t\u00e9cnicos de campo que precisam realizar coleta de dados precisa para projetos envolvendo terrenos, \u00e1reas urbanas e infraestrutura.","breadcrumb":{"@id":"https:\/\/www.ghostysky.com\/product\/aplitop-tcpgps-for-android\/#breadcrumb"},"inLanguage":"pt-PT","potentialAction":[{"@type":"ReadAction","target":["https:\/\/www.ghostysky.com\/product\/aplitop-tcpgps-for-android\/"]}]},{"@type":"ImageObject","inLanguage":"pt-PT","@id":"https:\/\/www.ghostysky.com\/product\/aplitop-tcpgps-for-android\/#primaryimage","url":"https:\/\/www.ghostysky.com\/wp-content\/uploads\/2025\/10\/GH_tcpGPS-for-Android_1.webp","contentUrl":"https:\/\/www.ghostysky.com\/wp-content\/uploads\/2025\/10\/GH_tcpGPS-for-Android_1.webp","width":240,"height":240},{"@type":"BreadcrumbList","@id":"https:\/\/www.ghostysky.com\/product\/aplitop-tcpgps-for-android\/#breadcrumb","itemListElement":[{"@type":"ListItem","position":1,"name":"Home","item":"https:\/\/www.ghostysky.com\/"},{"@type":"ListItem","position":2,"name":"Shop","item":"https:\/\/www.ghostysky.com\/shop\/"},{"@type":"ListItem","position":3,"name":"Aplitop tcpGPS for Android"}]},{"@type":"WebSite","@id":"https:\/\/www.ghostysky.com\/#website","url":"https:\/\/www.ghostysky.com\/","name":"Ghostysky","description":"Fornecendo drones e servi\u00e7os profissionais","publisher":{"@id":"https:\/\/www.ghostysky.com\/#organization"},"potentialAction":[{"@type":"SearchAction","target":{"@type":"EntryPoint","urlTemplate":"https:\/\/www.ghostysky.com\/?s={search_term_string}"},"query-input":{"@type":"PropertyValueSpecification","valueRequired":true,"valueName":"search_term_string"}}],"inLanguage":"pt-PT"},{"@type":"Organization","@id":"https:\/\/www.ghostysky.com\/#organization","name":"Ghostysky","url":"https:\/\/www.ghostysky.com\/","logo":{"@type":"ImageObject","inLanguage":"pt-PT","@id":"https:\/\/www.ghostysky.com\/#\/schema\/logo\/image\/","url":"https:\/\/www.ghostysky.com\/wp-content\/uploads\/2020\/06\/cropped-ghostyskylogo_text_white2.png","contentUrl":"https:\/\/www.ghostysky.com\/wp-content\/uploads\/2020\/06\/cropped-ghostyskylogo_text_white2.png","width":169,"height":56,"caption":"Ghostysky"},"image":{"@id":"https:\/\/www.ghostysky.com\/#\/schema\/logo\/image\/"},"sameAs":["https:\/\/www.facebook.com\/people\/Ghostysky\/100057676170234\/","https:\/\/x.com\/Gh0stysky","https:\/\/www.linkedin.com\/company\/34739653","https:\/\/www.instagram.com\/gh0stysky"]}]}},"_links":{"self":[{"href":"https:\/\/www.ghostysky.com\/pt\/wp-json\/wp\/v2\/product\/22472","targetHints":{"allow":["GET"]}}],"collection":[{"href":"https:\/\/www.ghostysky.com\/pt\/wp-json\/wp\/v2\/product"}],"about":[{"href":"https:\/\/www.ghostysky.com\/pt\/wp-json\/wp\/v2\/types\/product"}],"replies":[{"embeddable":true,"href":"https:\/\/www.ghostysky.com\/pt\/wp-json\/wp\/v2\/comments?post=22472"}],"wp:featuredmedia":[{"embeddable":true,"href":"https:\/\/www.ghostysky.com\/pt\/wp-json\/wp\/v2\/media\/22481"}],"wp:attachment":[{"href":"https:\/\/www.ghostysky.com\/pt\/wp-json\/wp\/v2\/media?parent=22472"}],"wp:term":[{"taxonomy":"product_brand","embeddable":true,"href":"https:\/\/www.ghostysky.com\/pt\/wp-json\/wp\/v2\/product_brand?post=22472"},{"taxonomy":"product_cat","embeddable":true,"href":"https:\/\/www.ghostysky.com\/pt\/wp-json\/wp\/v2\/product_cat?post=22472"},{"taxonomy":"product_tag","embeddable":true,"href":"https:\/\/www.ghostysky.com\/pt\/wp-json\/wp\/v2\/product_tag?post=22472"}],"curies":[{"name":"wp","href":"https:\/\/api.w.org\/{rel}","templated":true}]}}