{"id":22528,"date":"2025-10-25T07:40:24","date_gmt":"2025-10-25T07:40:24","guid":{"rendered":"https:\/\/www.ghostysky.com\/?post_type=product&#038;p=22528"},"modified":"2025-10-25T07:53:06","modified_gmt":"2025-10-25T07:53:06","slug":"aplitop-tcpmdt-professional","status":"publish","type":"product","link":"https:\/\/www.ghostysky.com\/pt\/product\/aplitop-tcpmdt-professional\/","title":{"rendered":"Aplitop tcpMDT Profissional"},"content":{"rendered":"<h4>Principais recursos e aplica\u00e7\u00f5es<\/h4>\n<ul>\n<li><b>Projeto de Infraestrutura:<\/b><span class=\"citation-22\"> Inclui ferramentas para design <\/span><b><span class=\"citation-22\">alinhamentos horizontais e verticais<\/span><\/b><span class=\"citation-22 citation-end-22\"> para estradas e outras infraestruturas.<\/span><\/li>\n<li><b>Modelagem Digital de Terreno (MDT):<\/b><span class=\"citation-21\"> Fun\u00e7\u00f5es avan\u00e7adas para criar, editar e analisar <\/span><b><span class=\"citation-21\">modelos digitais de terreno<\/span><\/b><span class=\"citation-21\">, gerando <\/span><b><span class=\"citation-21\">linhas de contorno<\/span><\/b><span class=\"citation-21\">, e trabalhar com superf\u00edcies, incluindo ferramentas para <\/span><b><span class=\"citation-21\">subleitos<\/span><\/b><span class=\"citation-21 citation-end-21\"> e an\u00e1lise de declive.<\/span><\/li>\n<li><b><span class=\"citation-20\">Terraplenagem e C\u00e1lculo de Volume:<\/span><\/b><span class=\"citation-20\"> Caracter\u00edsticas para definir <\/span><b><span class=\"citation-20\">se\u00e7\u00f5es transversais do projeto<\/span><\/b><span class=\"citation-20\"> (plataformas, valas, taludes, camadas de pavimento), calculando <\/span><b><span class=\"citation-20\">volumes de corte e preenchimento<\/span><\/b><span class=\"citation-20\">, e gerando informa\u00e7\u00f5es detalhadas <\/span><b><span class=\"citation-20\">relat\u00f3rios de \u00e1rea e volume<\/span><\/b><span class=\"citation-20 citation-end-20\">.<\/span><\/li>\n<li><b><span class=\"citation-19\">Projeto de rede:<\/span><\/b><span class=\"citation-19\"> Ferramentas para desenho e design <\/span><b><span class=\"citation-19\">redes de \u00e1gua, esgoto e \u00e1guas pluviais<\/span><\/b><span class=\"citation-19 citation-end-19\">, incluindo representa\u00e7\u00e3o em vista superior, perfil e se\u00e7\u00f5es transversais.<\/span><\/li>\n<li><b><span class=\"citation-18\">Partida:<\/span><\/b><span class=\"citation-18\"> Ferramentas abrangentes para <\/span><b><span class=\"citation-18\">partida<\/span><\/b><span class=\"citation-18 citation-end-18\"> estradas e pontos isolados, gerando listas de v\u00e9rtices de plataformas, declives, etc.<\/span><\/li>\n<li><b><span class=\"citation-17\">Integra\u00e7\u00e3o BIM e GIS:<\/span><\/b><span class=\"citation-17\"> Suporta a integra\u00e7\u00e3o em <\/span><b><span class=\"citation-17\">Fluxos de trabalho OpenBIM<\/span><\/b><span class=\"citation-17\"> atrav\u00e9s da troca de arquivos padr\u00e3o da ind\u00fastria, como <\/span><b><span class=\"citation-17\">IFC<\/span><\/b><span class=\"citation-17\"> e <\/span><b><span class=\"citation-17\">LandXML<\/span><\/b><span class=\"citation-17 citation-end-17\">.<\/span> <span class=\"citation-16\">Tamb\u00e9m permite importar e exportar <\/span><b><span class=\"citation-16\">Dados GIS<\/span><\/b><span class=\"citation-16 citation-end-16\"> e servi\u00e7os de mapas da web.<\/span><\/li>\n<li><b>Visualiza\u00e7\u00e3o e relat\u00f3rios:<\/b><span class=\"citation-15\"> Os recursos incluem um <\/span><b><span class=\"citation-15\">tour virtual<\/span><\/b><span class=\"citation-15 citation-end-15\"> com exporta\u00e7\u00e3o para v\u00eddeo e gera\u00e7\u00e3o de relat\u00f3rios detalhados de medi\u00e7\u00e3o, levantamentos de quantidade e or\u00e7amentos.<\/span><\/li>\n<li><b><span class=\"citation-14\">Integra\u00e7\u00e3o CAD:<\/span><\/b><span class=\"citation-14 citation-end-14\"> Sua funcionalidade \u00e9 perfeitamente integrada ao ambiente CAD escolhido pelo usu\u00e1rio.<\/span><\/li>\n<\/ul>\n<p><span class=\"citation-13\">O software \u00e9 adequado para uma ampla gama de projetos, como <\/span><b><span class=\"citation-13\">estradas, desenvolvimento urbano, pedreiras, minera\u00e7\u00e3o e projetos ambientais<\/span><\/b><span class=\"citation-13 citation-end-13\">.<\/span><\/p>","protected":false},"excerpt":{"rendered":"<p><span class=\"citation-25\">O <\/span><b><span class=\"citation-25\">Aplitop tcpMDT Profissional<\/span><\/b><span class=\"citation-25\"> software \u00e9 um <\/span><b><span class=\"citation-25\">solu\u00e7\u00e3o completa para projetos de Topografia e Engenharia Civil<\/span><\/b><span class=\"citation-25 citation-end-25\">.<\/span> <span class=\"citation-24\">Ele opera como um plugin para v\u00e1rias plataformas CAD, incluindo <\/span><b><span class=\"citation-24\">AutoCAD<\/span><\/b><span class=\"citation-24\">, <\/span><b><span class=\"citation-24\">BricsCAD<\/span><\/b><span class=\"citation-24\">, <\/span><b><span class=\"citation-24\">GstarCAD<\/span><\/b><span class=\"citation-24\">, e <\/span><b><span class=\"citation-24\">ZWCAD<\/span><\/b><span class=\"citation-24 citation-end-24\">, oferecendo um conjunto modular e vers\u00e1til de ferramentas.<\/span><\/p>\n<p><span class=\"citation-23\">Esta vers\u00e3o profissional foi projetada para dar suporte ao usu\u00e1rio durante <\/span><b><span class=\"citation-23\">todas as etapas de um projeto de Topografia e Engenharia Civil<\/span><\/b><span class=\"citation-23 citation-end-23\">, abrangendo todas as funcionalidades da vers\u00e3o padr\u00e3o, al\u00e9m de recursos avan\u00e7ados.<\/span><\/p>","protected":false},"featured_media":22523,"comment_status":"open","ping_status":"closed","template":"","meta":[],"product_brand":[1208],"product_cat":[1207,31],"product_tag":[1209,1213],"class_list":{"0":"post-22528","1":"product","2":"type-product","3":"status-publish","4":"has-post-thumbnail","6":"product_brand-aplitop","7":"product_cat-aplitop","8":"product_cat-software","9":"product_tag-aplitop","10":"product_tag-aplitop-tcpmdt-professional","12":"first","13":"instock","14":"taxable","15":"shipping-taxable","16":"purchasable","17":"product-type-simple"},"yoast_head":"<!-- This site is optimized with the Yoast SEO plugin v27.1.1 - https:\/\/yoast.com\/product\/yoast-seo-wordpress\/ -->\n<title>Aplitop tcpMDT Professional - Ghostysky<\/title>\n<meta name=\"description\" content=\"The Aplitop tcpMDT Professional software is a comprehensive solution for Land Surveying and Civil Engineering projects. It operates as a plugin for various CAD platforms, including AutoCAD, BricsCAD, GstarCAD, and ZWCAD, offering a modular and versatile set of tools.This professional version is designed to support the user through all stages of a Topography and Civil Engineering project, encompassing all functionalities of the Standard Version plus advanced capabilities.\" \/>\n<meta name=\"robots\" content=\"index, follow, max-snippet:-1, max-image-preview:large, max-video-preview:-1\" \/>\n<link rel=\"canonical\" href=\"https:\/\/www.ghostysky.com\/pt\/produto-2\/aplitop-tcpmdt-professional\/\" \/>\n<meta property=\"og:locale\" content=\"pt_PT\" \/>\n<meta property=\"og:type\" content=\"article\" \/>\n<meta property=\"og:title\" content=\"Aplitop tcpMDT Professional - Ghostysky\" \/>\n<meta property=\"og:description\" content=\"The Aplitop tcpMDT Professional software is a comprehensive solution for Land Surveying and Civil Engineering projects. It operates as a plugin for various CAD platforms, including AutoCAD, BricsCAD, GstarCAD, and ZWCAD, offering a modular and versatile set of tools.This professional version is designed to support the user through all stages of a Topography and Civil Engineering project, encompassing all functionalities of the Standard Version plus advanced capabilities.\" \/>\n<meta property=\"og:url\" content=\"https:\/\/www.ghostysky.com\/pt\/produto-2\/aplitop-tcpmdt-professional\/\" \/>\n<meta property=\"og:site_name\" content=\"Ghostysky\" \/>\n<meta property=\"article:publisher\" content=\"https:\/\/www.facebook.com\/people\/Ghostysky\/100057676170234\/\" \/>\n<meta property=\"article:modified_time\" content=\"2025-10-25T07:53:06+00:00\" \/>\n<meta property=\"og:image\" content=\"https:\/\/www.ghostysky.com\/wp-content\/uploads\/2025\/10\/GH_tcpMDT_1.jpg\" \/>\n\t<meta property=\"og:image:width\" content=\"500\" \/>\n\t<meta property=\"og:image:height\" content=\"500\" \/>\n\t<meta property=\"og:image:type\" content=\"image\/jpeg\" \/>\n<meta name=\"twitter:card\" content=\"summary_large_image\" \/>\n<meta name=\"twitter:site\" content=\"@Gh0stysky\" \/>\n<meta name=\"twitter:label1\" content=\"Tempo estimado de leitura\" \/>\n\t<meta name=\"twitter:data1\" content=\"2 minutos\" \/>\n<script type=\"application\/ld+json\" class=\"yoast-schema-graph\">{\"@context\":\"https:\/\/schema.org\",\"@graph\":[{\"@type\":\"WebPage\",\"@id\":\"https:\/\/www.ghostysky.com\/product\/aplitop-tcpmdt-professional\/\",\"url\":\"https:\/\/www.ghostysky.com\/product\/aplitop-tcpmdt-professional\/\",\"name\":\"Aplitop tcpMDT Professional - Ghostysky\",\"isPartOf\":{\"@id\":\"https:\/\/www.ghostysky.com\/#website\"},\"primaryImageOfPage\":{\"@id\":\"https:\/\/www.ghostysky.com\/product\/aplitop-tcpmdt-professional\/#primaryimage\"},\"image\":{\"@id\":\"https:\/\/www.ghostysky.com\/product\/aplitop-tcpmdt-professional\/#primaryimage\"},\"thumbnailUrl\":\"https:\/\/www.ghostysky.com\/wp-content\/uploads\/2025\/10\/GH_tcpMDT_1.jpg\",\"datePublished\":\"2025-10-25T07:40:24+00:00\",\"dateModified\":\"2025-10-25T07:53:06+00:00\",\"description\":\"The Aplitop tcpMDT Professional software is a comprehensive solution for Land Surveying and Civil Engineering projects. It operates as a plugin for various CAD platforms, including AutoCAD, BricsCAD, GstarCAD, and ZWCAD, offering a modular and versatile set of tools.This professional version is designed to support the user through all stages of a Topography and Civil Engineering project, encompassing all functionalities of the Standard Version plus advanced capabilities.\",\"breadcrumb\":{\"@id\":\"https:\/\/www.ghostysky.com\/product\/aplitop-tcpmdt-professional\/#breadcrumb\"},\"inLanguage\":\"pt-PT\",\"potentialAction\":[{\"@type\":\"ReadAction\",\"target\":[\"https:\/\/www.ghostysky.com\/product\/aplitop-tcpmdt-professional\/\"]}]},{\"@type\":\"ImageObject\",\"inLanguage\":\"pt-PT\",\"@id\":\"https:\/\/www.ghostysky.com\/product\/aplitop-tcpmdt-professional\/#primaryimage\",\"url\":\"https:\/\/www.ghostysky.com\/wp-content\/uploads\/2025\/10\/GH_tcpMDT_1.jpg\",\"contentUrl\":\"https:\/\/www.ghostysky.com\/wp-content\/uploads\/2025\/10\/GH_tcpMDT_1.jpg\",\"width\":500,\"height\":500},{\"@type\":\"BreadcrumbList\",\"@id\":\"https:\/\/www.ghostysky.com\/product\/aplitop-tcpmdt-professional\/#breadcrumb\",\"itemListElement\":[{\"@type\":\"ListItem\",\"position\":1,\"name\":\"Home\",\"item\":\"https:\/\/www.ghostysky.com\/\"},{\"@type\":\"ListItem\",\"position\":2,\"name\":\"Shop\",\"item\":\"https:\/\/www.ghostysky.com\/shop\/\"},{\"@type\":\"ListItem\",\"position\":3,\"name\":\"Aplitop tcpMDT Professional\"}]},{\"@type\":\"WebSite\",\"@id\":\"https:\/\/www.ghostysky.com\/#website\",\"url\":\"https:\/\/www.ghostysky.com\/\",\"name\":\"Ghostysky\",\"description\":\"Delivering professional drones and services\",\"publisher\":{\"@id\":\"https:\/\/www.ghostysky.com\/#organization\"},\"potentialAction\":[{\"@type\":\"SearchAction\",\"target\":{\"@type\":\"EntryPoint\",\"urlTemplate\":\"https:\/\/www.ghostysky.com\/?s={search_term_string}\"},\"query-input\":{\"@type\":\"PropertyValueSpecification\",\"valueRequired\":true,\"valueName\":\"search_term_string\"}}],\"inLanguage\":\"pt-PT\"},{\"@type\":\"Organization\",\"@id\":\"https:\/\/www.ghostysky.com\/#organization\",\"name\":\"Ghostysky\",\"url\":\"https:\/\/www.ghostysky.com\/\",\"logo\":{\"@type\":\"ImageObject\",\"inLanguage\":\"pt-PT\",\"@id\":\"https:\/\/www.ghostysky.com\/#\/schema\/logo\/image\/\",\"url\":\"https:\/\/www.ghostysky.com\/wp-content\/uploads\/2020\/06\/cropped-ghostyskylogo_text_white2.png\",\"contentUrl\":\"https:\/\/www.ghostysky.com\/wp-content\/uploads\/2020\/06\/cropped-ghostyskylogo_text_white2.png\",\"width\":169,\"height\":56,\"caption\":\"Ghostysky\"},\"image\":{\"@id\":\"https:\/\/www.ghostysky.com\/#\/schema\/logo\/image\/\"},\"sameAs\":[\"https:\/\/www.facebook.com\/people\/Ghostysky\/100057676170234\/\",\"https:\/\/x.com\/Gh0stysky\",\"https:\/\/www.linkedin.com\/company\/34739653\",\"https:\/\/www.instagram.com\/gh0stysky\"]}]}<\/script>\n<!-- \/ Yoast SEO plugin. -->","yoast_head_json":{"title":"Aplitop tcpMDT Profissional - Ghostysky","description":"O software Aplitop tcpMDT Professional \u00e9 uma solu\u00e7\u00e3o completa para projetos de Topografia e Engenharia Civil. Ele funciona como um plugin para diversas plataformas CAD, incluindo AutoCAD, BricsCAD, GstarCAD e ZWCAD, oferecendo um conjunto modular e vers\u00e1til de ferramentas. Esta vers\u00e3o profissional foi projetada para auxiliar o usu\u00e1rio em todas as etapas de um projeto de Topografia e Engenharia Civil, abrangendo todas as funcionalidades da Vers\u00e3o Padr\u00e3o, al\u00e9m de recursos avan\u00e7ados.","robots":{"index":"index","follow":"follow","max-snippet":"max-snippet:-1","max-image-preview":"max-image-preview:large","max-video-preview":"max-video-preview:-1"},"canonical":"https:\/\/www.ghostysky.com\/pt\/produto-2\/aplitop-tcpmdt-professional\/","og_locale":"pt_PT","og_type":"article","og_title":"Aplitop tcpMDT Professional - Ghostysky","og_description":"The Aplitop tcpMDT Professional software is a comprehensive solution for Land Surveying and Civil Engineering projects. It operates as a plugin for various CAD platforms, including AutoCAD, BricsCAD, GstarCAD, and ZWCAD, offering a modular and versatile set of tools.This professional version is designed to support the user through all stages of a Topography and Civil Engineering project, encompassing all functionalities of the Standard Version plus advanced capabilities.","og_url":"https:\/\/www.ghostysky.com\/pt\/produto-2\/aplitop-tcpmdt-professional\/","og_site_name":"Ghostysky","article_publisher":"https:\/\/www.facebook.com\/people\/Ghostysky\/100057676170234\/","article_modified_time":"2025-10-25T07:53:06+00:00","og_image":[{"width":500,"height":500,"url":"https:\/\/www.ghostysky.com\/wp-content\/uploads\/2025\/10\/GH_tcpMDT_1.jpg","type":"image\/jpeg"}],"twitter_card":"summary_large_image","twitter_site":"@Gh0stysky","twitter_misc":{"Tempo estimado de leitura":"2 minutos"},"schema":{"@context":"https:\/\/schema.org","@graph":[{"@type":"WebPage","@id":"https:\/\/www.ghostysky.com\/product\/aplitop-tcpmdt-professional\/","url":"https:\/\/www.ghostysky.com\/product\/aplitop-tcpmdt-professional\/","name":"Aplitop tcpMDT Profissional - Ghostysky","isPartOf":{"@id":"https:\/\/www.ghostysky.com\/#website"},"primaryImageOfPage":{"@id":"https:\/\/www.ghostysky.com\/product\/aplitop-tcpmdt-professional\/#primaryimage"},"image":{"@id":"https:\/\/www.ghostysky.com\/product\/aplitop-tcpmdt-professional\/#primaryimage"},"thumbnailUrl":"https:\/\/www.ghostysky.com\/wp-content\/uploads\/2025\/10\/GH_tcpMDT_1.jpg","datePublished":"2025-10-25T07:40:24+00:00","dateModified":"2025-10-25T07:53:06+00:00","description":"O software Aplitop tcpMDT Professional \u00e9 uma solu\u00e7\u00e3o completa para projetos de Topografia e Engenharia Civil. Ele funciona como um plugin para diversas plataformas CAD, incluindo AutoCAD, BricsCAD, GstarCAD e ZWCAD, oferecendo um conjunto modular e vers\u00e1til de ferramentas. Esta vers\u00e3o profissional foi projetada para auxiliar o usu\u00e1rio em todas as etapas de um projeto de Topografia e Engenharia Civil, abrangendo todas as funcionalidades da Vers\u00e3o Padr\u00e3o, al\u00e9m de recursos avan\u00e7ados.","breadcrumb":{"@id":"https:\/\/www.ghostysky.com\/product\/aplitop-tcpmdt-professional\/#breadcrumb"},"inLanguage":"pt-PT","potentialAction":[{"@type":"ReadAction","target":["https:\/\/www.ghostysky.com\/product\/aplitop-tcpmdt-professional\/"]}]},{"@type":"ImageObject","inLanguage":"pt-PT","@id":"https:\/\/www.ghostysky.com\/product\/aplitop-tcpmdt-professional\/#primaryimage","url":"https:\/\/www.ghostysky.com\/wp-content\/uploads\/2025\/10\/GH_tcpMDT_1.jpg","contentUrl":"https:\/\/www.ghostysky.com\/wp-content\/uploads\/2025\/10\/GH_tcpMDT_1.jpg","width":500,"height":500},{"@type":"BreadcrumbList","@id":"https:\/\/www.ghostysky.com\/product\/aplitop-tcpmdt-professional\/#breadcrumb","itemListElement":[{"@type":"ListItem","position":1,"name":"Home","item":"https:\/\/www.ghostysky.com\/"},{"@type":"ListItem","position":2,"name":"Shop","item":"https:\/\/www.ghostysky.com\/shop\/"},{"@type":"ListItem","position":3,"name":"Aplitop tcpMDT Professional"}]},{"@type":"WebSite","@id":"https:\/\/www.ghostysky.com\/#website","url":"https:\/\/www.ghostysky.com\/","name":"Ghostysky","description":"Fornecendo drones e servi\u00e7os profissionais","publisher":{"@id":"https:\/\/www.ghostysky.com\/#organization"},"potentialAction":[{"@type":"SearchAction","target":{"@type":"EntryPoint","urlTemplate":"https:\/\/www.ghostysky.com\/?s={search_term_string}"},"query-input":{"@type":"PropertyValueSpecification","valueRequired":true,"valueName":"search_term_string"}}],"inLanguage":"pt-PT"},{"@type":"Organization","@id":"https:\/\/www.ghostysky.com\/#organization","name":"Ghostysky","url":"https:\/\/www.ghostysky.com\/","logo":{"@type":"ImageObject","inLanguage":"pt-PT","@id":"https:\/\/www.ghostysky.com\/#\/schema\/logo\/image\/","url":"https:\/\/www.ghostysky.com\/wp-content\/uploads\/2020\/06\/cropped-ghostyskylogo_text_white2.png","contentUrl":"https:\/\/www.ghostysky.com\/wp-content\/uploads\/2020\/06\/cropped-ghostyskylogo_text_white2.png","width":169,"height":56,"caption":"Ghostysky"},"image":{"@id":"https:\/\/www.ghostysky.com\/#\/schema\/logo\/image\/"},"sameAs":["https:\/\/www.facebook.com\/people\/Ghostysky\/100057676170234\/","https:\/\/x.com\/Gh0stysky","https:\/\/www.linkedin.com\/company\/34739653","https:\/\/www.instagram.com\/gh0stysky"]}]}},"_links":{"self":[{"href":"https:\/\/www.ghostysky.com\/pt\/wp-json\/wp\/v2\/product\/22528","targetHints":{"allow":["GET"]}}],"collection":[{"href":"https:\/\/www.ghostysky.com\/pt\/wp-json\/wp\/v2\/product"}],"about":[{"href":"https:\/\/www.ghostysky.com\/pt\/wp-json\/wp\/v2\/types\/product"}],"replies":[{"embeddable":true,"href":"https:\/\/www.ghostysky.com\/pt\/wp-json\/wp\/v2\/comments?post=22528"}],"wp:featuredmedia":[{"embeddable":true,"href":"https:\/\/www.ghostysky.com\/pt\/wp-json\/wp\/v2\/media\/22523"}],"wp:attachment":[{"href":"https:\/\/www.ghostysky.com\/pt\/wp-json\/wp\/v2\/media?parent=22528"}],"wp:term":[{"taxonomy":"product_brand","embeddable":true,"href":"https:\/\/www.ghostysky.com\/pt\/wp-json\/wp\/v2\/product_brand?post=22528"},{"taxonomy":"product_cat","embeddable":true,"href":"https:\/\/www.ghostysky.com\/pt\/wp-json\/wp\/v2\/product_cat?post=22528"},{"taxonomy":"product_tag","embeddable":true,"href":"https:\/\/www.ghostysky.com\/pt\/wp-json\/wp\/v2\/product_tag?post=22528"}],"curies":[{"name":"wp","href":"https:\/\/api.w.org\/{rel}","templated":true}]}}