{"id":22570,"date":"2025-10-26T09:42:07","date_gmt":"2025-10-26T09:42:07","guid":{"rendered":"https:\/\/www.ghostysky.com\/?post_type=product&#038;p=22570"},"modified":"2025-10-26T20:16:50","modified_gmt":"2025-10-26T20:16:50","slug":"aplitop-tcpmdt-standard-surveying","status":"publish","type":"product","link":"https:\/\/www.ghostysky.com\/pt\/product\/aplitop-tcpmdt-standard-surveying\/","title":{"rendered":"Aplitop tcpMDT Standard + Topografia"},"content":{"rendered":"<h4>Principais funcionalidades<\/h4>\n<ul>\n<li><span class=\"citation-50\">Gerando <\/span><b><span class=\"citation-50 citation-end-50\">linhas de contorno<\/span><\/b><\/li>\n<li><span class=\"citation-49\">Desenho <\/span><b><span class=\"citation-49 citation-end-49\">perfis longitudinais e transversais<\/span><\/b><\/li>\n<li><span class=\"citation-48\">Calculando <\/span><b><span class=\"citation-48 citation-end-48\">volumes<\/span><\/b><\/li>\n<li><b><span class=\"citation-47 citation-end-47\">Visualiza\u00e7\u00e3o 3D<\/span><\/b><\/li>\n<li><span class=\"citation-46\">Criando <\/span><b><span class=\"citation-46 citation-end-46\">mapas de declive<\/span><\/b><\/li>\n<li><b><span class=\"citation-45 citation-end-45\">Importa\u00e7\u00e3o e exporta\u00e7\u00e3o de GIS<\/span><\/b><\/li>\n<li><span class=\"citation-44\">Ferramentas para trabalhar com <\/span><b><span class=\"citation-44\">parcelas<\/span><\/b><span class=\"citation-44 citation-end-44\"> e v\u00e1rios utilit\u00e1rios<\/span>\n<div class=\"source-inline-chip-container ng-star-inserted\"><\/div>\n<\/li>\n<\/ul>\n<p><span class=\"citation-43\">O inclu\u00eddo <\/span><b><span class=\"citation-43\">Topografia<\/span><\/b><span class=\"citation-43\"> O m\u00f3dulo aprimora este pacote, oferecendo ferramentas especializadas para <\/span><b><span class=\"citation-43\">c\u00e1lculos topogr\u00e1ficos e processamento de observa\u00e7\u00f5es de esta\u00e7\u00f5es totais<\/span><\/b><span class=\"citation-43 citation-end-43\">.<\/span> Isso \u00e9 altamente ben\u00e9fico para:<\/p>\n<ul>\n<li><span class=\"citation-42\">Calculando <\/span><b><span class=\"citation-42 citation-end-42\">coordenadas do ponto<\/span><\/b><\/li>\n<li><span class=\"citation-41\">Compensando <\/span><b><span class=\"citation-41 citation-end-41\">travessias e redes<\/span><\/b><\/li>\n<li><span class=\"citation-40\">Executando <\/span><b><span class=\"citation-40 citation-end-40\">transforma\u00e7\u00f5es de coordenadas<\/span><\/b>\n<div class=\"source-inline-chip-container ng-star-inserted\"><\/div>\n<\/li>\n<\/ul>\n<p><span class=\"citation-39\">Este pacote combinado \u00e9 adequado para v\u00e1rios projetos, como estradas, urbaniza\u00e7\u00f5es e pedreiras, e facilita a integra\u00e7\u00e3o em <\/span><b><span class=\"citation-39\">Fluxos de trabalho OpenBIM<\/span><\/b><span class=\"citation-39 citation-end-39\"> por meio de trocas de arquivos como IFC e LandXML.<\/span><\/p>","protected":false},"excerpt":{"rendered":"<p><b><span class=\"citation-53\">Aplitop tcpMDT Standard + Topografia<\/span><\/b><span class=\"citation-53\"> \u00e9 uma solu\u00e7\u00e3o de software abrangente projetada para <\/span><b><span class=\"citation-53\">topografia e engenharia civil<\/span><\/b><span class=\"citation-53 citation-end-53\"> projetos, fornecendo ferramentas essenciais para modelagem de terreno e processamento de dados.<\/span><\/p>\n<p><span class=\"citation-52\">O n\u00facleo <\/span><b><span class=\"citation-52\">tcpMDT<\/span><\/b><span class=\"citation-52\"> a aplica\u00e7\u00e3o funciona como um <\/span><b><span class=\"citation-52\">plug-in<\/span><\/b><span class=\"citation-52 citation-end-52\"> para plataformas CAD populares como AutoCAD, BricsCAD, GstarCAD ou ZWCAD, oferecendo uma ampla gama de ferramentas f\u00e1ceis de usar.<\/span> <span class=\"citation-51\">A vers\u00e3o padr\u00e3o permite <\/span><b><span class=\"citation-51\">modelagem de terreno<\/span><\/b><span class=\"citation-51 citation-end-51\"> usando dados de esta\u00e7\u00f5es totais, receptores GNSS, importa\u00e7\u00f5es de arquivos ou servi\u00e7os web.<\/span><\/p>","protected":false},"featured_media":22523,"comment_status":"open","ping_status":"closed","template":"","meta":[],"product_brand":[1208],"product_cat":[1207,31],"product_tag":[1209,1214],"class_list":{"0":"post-22570","1":"product","2":"type-product","3":"status-publish","4":"has-post-thumbnail","6":"product_brand-aplitop","7":"product_cat-aplitop","8":"product_cat-software","9":"product_tag-aplitop","10":"product_tag-aplitop-tcpmdt-standard-surveying","12":"first","13":"instock","14":"taxable","15":"shipping-taxable","16":"purchasable","17":"product-type-simple"},"yoast_head":"<!-- This site is optimized with the Yoast SEO plugin v27.4 - https:\/\/yoast.com\/product\/yoast-seo-wordpress\/ -->\n<title>Aplitop tcpMDT Standard + Surveying - Ghostysky<\/title>\n<meta name=\"description\" content=\"Aplitop tcpMDT Standard + Surveying is a comprehensive software solution designed for surveying and civil engineering projects, providing essential tools for terrain modeling and data processing.The core tcpMDT application functions as a plug-in for popular CAD platforms like AutoCAD, BricsCAD, GstarCAD, or ZWCAD, offering a wide array of easy-to-use tools. The standard version allows for terrain modeling using data from total stations, GNSS receivers, file imports, or web services.\" \/>\n<meta name=\"robots\" content=\"index, follow, max-snippet:-1, max-image-preview:large, max-video-preview:-1\" \/>\n<link rel=\"canonical\" href=\"https:\/\/www.ghostysky.com\/pt\/produto-2\/aplitop-tcpmdt-standard-surveying\/\" \/>\n<meta property=\"og:locale\" content=\"pt_PT\" \/>\n<meta property=\"og:type\" content=\"article\" \/>\n<meta property=\"og:title\" content=\"Aplitop tcpMDT Standard + Surveying - Ghostysky\" \/>\n<meta property=\"og:description\" content=\"Aplitop tcpMDT Standard + Surveying is a comprehensive software solution designed for surveying and civil engineering projects, providing essential tools for terrain modeling and data processing.The core tcpMDT application functions as a plug-in for popular CAD platforms like AutoCAD, BricsCAD, GstarCAD, or ZWCAD, offering a wide array of easy-to-use tools. The standard version allows for terrain modeling using data from total stations, GNSS receivers, file imports, or web services.\" \/>\n<meta property=\"og:url\" content=\"https:\/\/www.ghostysky.com\/pt\/produto-2\/aplitop-tcpmdt-standard-surveying\/\" \/>\n<meta property=\"og:site_name\" content=\"Ghostysky\" \/>\n<meta property=\"article:publisher\" content=\"https:\/\/www.facebook.com\/people\/Ghostysky\/100057676170234\/\" \/>\n<meta property=\"article:modified_time\" content=\"2025-10-26T20:16:50+00:00\" \/>\n<meta property=\"og:image\" content=\"https:\/\/www.ghostysky.com\/wp-content\/uploads\/2025\/10\/GH_tcpMDT_1.jpg\" \/>\n\t<meta property=\"og:image:width\" content=\"500\" \/>\n\t<meta property=\"og:image:height\" content=\"500\" \/>\n\t<meta property=\"og:image:type\" content=\"image\/jpeg\" \/>\n<meta name=\"twitter:card\" content=\"summary_large_image\" \/>\n<meta name=\"twitter:site\" content=\"@Gh0stysky\" \/>\n<meta name=\"twitter:label1\" content=\"Tempo estimado de leitura\" \/>\n\t<meta name=\"twitter:data1\" content=\"1 minuto\" \/>\n<script type=\"application\/ld+json\" class=\"yoast-schema-graph\">{\"@context\":\"https:\\\/\\\/schema.org\",\"@graph\":[{\"@type\":\"WebPage\",\"@id\":\"https:\\\/\\\/www.ghostysky.com\\\/product\\\/aplitop-tcpmdt-standard-surveying\\\/\",\"url\":\"https:\\\/\\\/www.ghostysky.com\\\/product\\\/aplitop-tcpmdt-standard-surveying\\\/\",\"name\":\"Aplitop tcpMDT Standard + Surveying - Ghostysky\",\"isPartOf\":{\"@id\":\"https:\\\/\\\/www.ghostysky.com\\\/#website\"},\"primaryImageOfPage\":{\"@id\":\"https:\\\/\\\/www.ghostysky.com\\\/product\\\/aplitop-tcpmdt-standard-surveying\\\/#primaryimage\"},\"image\":{\"@id\":\"https:\\\/\\\/www.ghostysky.com\\\/product\\\/aplitop-tcpmdt-standard-surveying\\\/#primaryimage\"},\"thumbnailUrl\":\"https:\\\/\\\/www.ghostysky.com\\\/wp-content\\\/uploads\\\/2025\\\/10\\\/GH_tcpMDT_1.jpg\",\"datePublished\":\"2025-10-26T09:42:07+00:00\",\"dateModified\":\"2025-10-26T20:16:50+00:00\",\"description\":\"Aplitop tcpMDT Standard + Surveying is a comprehensive software solution designed for surveying and civil engineering projects, providing essential tools for terrain modeling and data processing.The core tcpMDT application functions as a plug-in for popular CAD platforms like AutoCAD, BricsCAD, GstarCAD, or ZWCAD, offering a wide array of easy-to-use tools. The standard version allows for terrain modeling using data from total stations, GNSS receivers, file imports, or web services.\",\"breadcrumb\":{\"@id\":\"https:\\\/\\\/www.ghostysky.com\\\/product\\\/aplitop-tcpmdt-standard-surveying\\\/#breadcrumb\"},\"inLanguage\":\"pt-PT\",\"potentialAction\":[{\"@type\":\"ReadAction\",\"target\":[\"https:\\\/\\\/www.ghostysky.com\\\/product\\\/aplitop-tcpmdt-standard-surveying\\\/\"]}]},{\"@type\":\"ImageObject\",\"inLanguage\":\"pt-PT\",\"@id\":\"https:\\\/\\\/www.ghostysky.com\\\/product\\\/aplitop-tcpmdt-standard-surveying\\\/#primaryimage\",\"url\":\"https:\\\/\\\/www.ghostysky.com\\\/wp-content\\\/uploads\\\/2025\\\/10\\\/GH_tcpMDT_1.jpg\",\"contentUrl\":\"https:\\\/\\\/www.ghostysky.com\\\/wp-content\\\/uploads\\\/2025\\\/10\\\/GH_tcpMDT_1.jpg\",\"width\":500,\"height\":500},{\"@type\":\"BreadcrumbList\",\"@id\":\"https:\\\/\\\/www.ghostysky.com\\\/product\\\/aplitop-tcpmdt-standard-surveying\\\/#breadcrumb\",\"itemListElement\":[{\"@type\":\"ListItem\",\"position\":1,\"name\":\"Home\",\"item\":\"https:\\\/\\\/www.ghostysky.com\\\/\"},{\"@type\":\"ListItem\",\"position\":2,\"name\":\"Shop\",\"item\":\"https:\\\/\\\/www.ghostysky.com\\\/shop\\\/\"},{\"@type\":\"ListItem\",\"position\":3,\"name\":\"Aplitop tcpMDT Standard + Surveying\"}]},{\"@type\":\"WebSite\",\"@id\":\"https:\\\/\\\/www.ghostysky.com\\\/#website\",\"url\":\"https:\\\/\\\/www.ghostysky.com\\\/\",\"name\":\"Ghostysky\",\"description\":\"Delivering professional drones and robotics solutions\",\"publisher\":{\"@id\":\"https:\\\/\\\/www.ghostysky.com\\\/#organization\"},\"potentialAction\":[{\"@type\":\"SearchAction\",\"target\":{\"@type\":\"EntryPoint\",\"urlTemplate\":\"https:\\\/\\\/www.ghostysky.com\\\/?s={search_term_string}\"},\"query-input\":{\"@type\":\"PropertyValueSpecification\",\"valueRequired\":true,\"valueName\":\"search_term_string\"}}],\"inLanguage\":\"pt-PT\"},{\"@type\":\"Organization\",\"@id\":\"https:\\\/\\\/www.ghostysky.com\\\/#organization\",\"name\":\"Ghostysky\",\"url\":\"https:\\\/\\\/www.ghostysky.com\\\/\",\"logo\":{\"@type\":\"ImageObject\",\"inLanguage\":\"pt-PT\",\"@id\":\"https:\\\/\\\/www.ghostysky.com\\\/#\\\/schema\\\/logo\\\/image\\\/\",\"url\":\"https:\\\/\\\/www.ghostysky.com\\\/wp-content\\\/uploads\\\/2020\\\/06\\\/cropped-ghostyskylogo_text_white2.png\",\"contentUrl\":\"https:\\\/\\\/www.ghostysky.com\\\/wp-content\\\/uploads\\\/2020\\\/06\\\/cropped-ghostyskylogo_text_white2.png\",\"width\":169,\"height\":56,\"caption\":\"Ghostysky\"},\"image\":{\"@id\":\"https:\\\/\\\/www.ghostysky.com\\\/#\\\/schema\\\/logo\\\/image\\\/\"},\"sameAs\":[\"https:\\\/\\\/www.facebook.com\\\/people\\\/Ghostysky\\\/100057676170234\\\/\",\"https:\\\/\\\/x.com\\\/Gh0stysky\",\"https:\\\/\\\/www.linkedin.com\\\/company\\\/34739653\",\"https:\\\/\\\/www.instagram.com\\\/gh0stysky\"]}]}<\/script>\n<!-- \/ Yoast SEO plugin. -->","yoast_head_json":{"title":"Aplitop tcpMDT Standard + Topografia - Ghostysky","description":"O Aplitop tcpMDT Standard + Surveying \u00e9 uma solu\u00e7\u00e3o de software abrangente projetada para projetos de topografia e engenharia civil, fornecendo ferramentas essenciais para modelagem de terrenos e processamento de dados. O aplicativo principal tcpMDT funciona como um plug-in para plataformas CAD populares como AutoCAD, BricsCAD, GstarCAD ou ZWCAD, oferecendo uma ampla gama de ferramentas f\u00e1ceis de usar. A vers\u00e3o padr\u00e3o permite a modelagem de terrenos usando dados de esta\u00e7\u00f5es totais, receptores GNSS, importa\u00e7\u00e3o de arquivos ou servi\u00e7os web.","robots":{"index":"index","follow":"follow","max-snippet":"max-snippet:-1","max-image-preview":"max-image-preview:large","max-video-preview":"max-video-preview:-1"},"canonical":"https:\/\/www.ghostysky.com\/pt\/produto-2\/aplitop-tcpmdt-standard-surveying\/","og_locale":"pt_PT","og_type":"article","og_title":"Aplitop tcpMDT Standard + Surveying - Ghostysky","og_description":"Aplitop tcpMDT Standard + Surveying is a comprehensive software solution designed for surveying and civil engineering projects, providing essential tools for terrain modeling and data processing.The core tcpMDT application functions as a plug-in for popular CAD platforms like AutoCAD, BricsCAD, GstarCAD, or ZWCAD, offering a wide array of easy-to-use tools. The standard version allows for terrain modeling using data from total stations, GNSS receivers, file imports, or web services.","og_url":"https:\/\/www.ghostysky.com\/pt\/produto-2\/aplitop-tcpmdt-standard-surveying\/","og_site_name":"Ghostysky","article_publisher":"https:\/\/www.facebook.com\/people\/Ghostysky\/100057676170234\/","article_modified_time":"2025-10-26T20:16:50+00:00","og_image":[{"width":500,"height":500,"url":"https:\/\/www.ghostysky.com\/wp-content\/uploads\/2025\/10\/GH_tcpMDT_1.jpg","type":"image\/jpeg"}],"twitter_card":"summary_large_image","twitter_site":"@Gh0stysky","twitter_misc":{"Tempo estimado de leitura":"1 minuto"},"schema":{"@context":"https:\/\/schema.org","@graph":[{"@type":"WebPage","@id":"https:\/\/www.ghostysky.com\/product\/aplitop-tcpmdt-standard-surveying\/","url":"https:\/\/www.ghostysky.com\/product\/aplitop-tcpmdt-standard-surveying\/","name":"Aplitop tcpMDT Standard + Topografia - Ghostysky","isPartOf":{"@id":"https:\/\/www.ghostysky.com\/#website"},"primaryImageOfPage":{"@id":"https:\/\/www.ghostysky.com\/product\/aplitop-tcpmdt-standard-surveying\/#primaryimage"},"image":{"@id":"https:\/\/www.ghostysky.com\/product\/aplitop-tcpmdt-standard-surveying\/#primaryimage"},"thumbnailUrl":"https:\/\/www.ghostysky.com\/wp-content\/uploads\/2025\/10\/GH_tcpMDT_1.jpg","datePublished":"2025-10-26T09:42:07+00:00","dateModified":"2025-10-26T20:16:50+00:00","description":"O Aplitop tcpMDT Standard + Surveying \u00e9 uma solu\u00e7\u00e3o de software abrangente projetada para projetos de topografia e engenharia civil, fornecendo ferramentas essenciais para modelagem de terrenos e processamento de dados. O aplicativo principal tcpMDT funciona como um plug-in para plataformas CAD populares como AutoCAD, BricsCAD, GstarCAD ou ZWCAD, oferecendo uma ampla gama de ferramentas f\u00e1ceis de usar. A vers\u00e3o padr\u00e3o permite a modelagem de terrenos usando dados de esta\u00e7\u00f5es totais, receptores GNSS, importa\u00e7\u00e3o de arquivos ou servi\u00e7os web.","breadcrumb":{"@id":"https:\/\/www.ghostysky.com\/product\/aplitop-tcpmdt-standard-surveying\/#breadcrumb"},"inLanguage":"pt-PT","potentialAction":[{"@type":"ReadAction","target":["https:\/\/www.ghostysky.com\/product\/aplitop-tcpmdt-standard-surveying\/"]}]},{"@type":"ImageObject","inLanguage":"pt-PT","@id":"https:\/\/www.ghostysky.com\/product\/aplitop-tcpmdt-standard-surveying\/#primaryimage","url":"https:\/\/www.ghostysky.com\/wp-content\/uploads\/2025\/10\/GH_tcpMDT_1.jpg","contentUrl":"https:\/\/www.ghostysky.com\/wp-content\/uploads\/2025\/10\/GH_tcpMDT_1.jpg","width":500,"height":500},{"@type":"BreadcrumbList","@id":"https:\/\/www.ghostysky.com\/product\/aplitop-tcpmdt-standard-surveying\/#breadcrumb","itemListElement":[{"@type":"ListItem","position":1,"name":"Home","item":"https:\/\/www.ghostysky.com\/"},{"@type":"ListItem","position":2,"name":"Shop","item":"https:\/\/www.ghostysky.com\/shop\/"},{"@type":"ListItem","position":3,"name":"Aplitop tcpMDT Standard + Surveying"}]},{"@type":"WebSite","@id":"https:\/\/www.ghostysky.com\/#website","url":"https:\/\/www.ghostysky.com\/","name":"Ghostysky","description":"Fornecendo solu\u00e7\u00f5es profissionais em drones e rob\u00f3tica.","publisher":{"@id":"https:\/\/www.ghostysky.com\/#organization"},"potentialAction":[{"@type":"SearchAction","target":{"@type":"EntryPoint","urlTemplate":"https:\/\/www.ghostysky.com\/?s={search_term_string}"},"query-input":{"@type":"PropertyValueSpecification","valueRequired":true,"valueName":"search_term_string"}}],"inLanguage":"pt-PT"},{"@type":"Organization","@id":"https:\/\/www.ghostysky.com\/#organization","name":"Ghostysky","url":"https:\/\/www.ghostysky.com\/","logo":{"@type":"ImageObject","inLanguage":"pt-PT","@id":"https:\/\/www.ghostysky.com\/#\/schema\/logo\/image\/","url":"https:\/\/www.ghostysky.com\/wp-content\/uploads\/2020\/06\/cropped-ghostyskylogo_text_white2.png","contentUrl":"https:\/\/www.ghostysky.com\/wp-content\/uploads\/2020\/06\/cropped-ghostyskylogo_text_white2.png","width":169,"height":56,"caption":"Ghostysky"},"image":{"@id":"https:\/\/www.ghostysky.com\/#\/schema\/logo\/image\/"},"sameAs":["https:\/\/www.facebook.com\/people\/Ghostysky\/100057676170234\/","https:\/\/x.com\/Gh0stysky","https:\/\/www.linkedin.com\/company\/34739653","https:\/\/www.instagram.com\/gh0stysky"]}]}},"_links":{"self":[{"href":"https:\/\/www.ghostysky.com\/pt\/wp-json\/wp\/v2\/product\/22570","targetHints":{"allow":["GET"]}}],"collection":[{"href":"https:\/\/www.ghostysky.com\/pt\/wp-json\/wp\/v2\/product"}],"about":[{"href":"https:\/\/www.ghostysky.com\/pt\/wp-json\/wp\/v2\/types\/product"}],"replies":[{"embeddable":true,"href":"https:\/\/www.ghostysky.com\/pt\/wp-json\/wp\/v2\/comments?post=22570"}],"version-history":[{"count":0,"href":"https:\/\/www.ghostysky.com\/pt\/wp-json\/wp\/v2\/product\/22570\/revisions"}],"wp:featuredmedia":[{"embeddable":true,"href":"https:\/\/www.ghostysky.com\/pt\/wp-json\/wp\/v2\/media\/22523"}],"wp:attachment":[{"href":"https:\/\/www.ghostysky.com\/pt\/wp-json\/wp\/v2\/media?parent=22570"}],"wp:term":[{"taxonomy":"product_brand","embeddable":true,"href":"https:\/\/www.ghostysky.com\/pt\/wp-json\/wp\/v2\/product_brand?post=22570"},{"taxonomy":"product_cat","embeddable":true,"href":"https:\/\/www.ghostysky.com\/pt\/wp-json\/wp\/v2\/product_cat?post=22570"},{"taxonomy":"product_tag","embeddable":true,"href":"https:\/\/www.ghostysky.com\/pt\/wp-json\/wp\/v2\/product_tag?post=22570"}],"curies":[{"name":"wp","href":"https:\/\/api.w.org\/{rel}","templated":true}]}}