{"id":22574,"date":"2025-10-28T06:40:00","date_gmt":"2025-10-28T06:40:00","guid":{"rendered":"https:\/\/www.ghostysky.com\/?post_type=product&#038;p=22574"},"modified":"2025-10-28T06:48:58","modified_gmt":"2025-10-28T06:48:58","slug":"tcpmdt-professional-surveying","status":"publish","type":"product","link":"https:\/\/www.ghostysky.com\/pt\/product\/tcpmdt-professional-surveying\/","title":{"rendered":"tcpMDT Profissional + Topografia"},"content":{"rendered":"<h3>Principais recursos e funcionalidades<\/h3>\n<h4>1. Levantamento e Processamento de Dados<\/h4>\n<p><span class=\"citation-71\">O <\/span><b><span class=\"citation-71\">M\u00f3dulo de Topografia<\/span><\/b><span class=\"citation-71 citation-end-71\"> fornece ferramentas essenciais para o processamento inicial de dados:<\/span><\/p>\n<ul>\n<li><b><span class=\"citation-70\">Dados de esta\u00e7\u00e3o total e GNSS:<\/span><\/b><span class=\"citation-70 citation-end-70\"> Importa e processa observa\u00e7\u00f5es de esta\u00e7\u00f5es totais e receptores GNSS (GPS\/GLONASS).<\/span><\/li>\n<li><b><span class=\"citation-69\">Transforma\u00e7\u00f5es de Coordenadas:<\/span><\/b><span class=\"citation-69 citation-end-69\"> Executa transforma\u00e7\u00f5es de coordenadas globais e locais, incluindo o banco de dados EPSG de sistemas de refer\u00eancia organizados por pa\u00eds.<\/span><\/li>\n<li><b><span class=\"citation-68\">C\u00e1lculos geod\u00e9sicos:<\/span><\/b><span class=\"citation-68 citation-end-68\"> Calcula coordenadas de pontos e ajusta travessias e redes para posicionamento espacial preciso.<\/span><\/li>\n<\/ul>\n<p>&nbsp;<\/p>\n<h4>2. <span class=\"citation-67 citation-end-67\">Modelagem Digital de Terreno (MDT) e Terraplenagem<\/span><\/h4>\n<ul>\n<li><b>Modelagem de Terreno:<\/b><span class=\"citation-66 citation-end-66\"> Cria, edita e analisa Modelos Digitais de Terreno (MDTs) a partir de pontos medidos ou nuvens de pontos.<\/span><\/li>\n<li><b>Visualiza\u00e7\u00e3o e An\u00e1lise:<\/b><span class=\"citation-65\"> Gera <\/span><b><span class=\"citation-65\">linhas de contorno<\/span><\/b><span class=\"citation-65 citation-end-65\">, mapas de declive, mapas de sombra, mapas de eleva\u00e7\u00e3o e mapas de visibilidade.<\/span> <span class=\"citation-64\">Inclui um realista <\/span><b><span class=\"citation-64\">Renderiza\u00e7\u00e3o 3D<\/span><\/b><span class=\"citation-64 citation-end-64\"> e visualizador de realidade virtual.<\/span><\/li>\n<li><b><span class=\"citation-63\">C\u00e1lculo de volume:<\/span><\/b><span class=\"citation-63\"> Executa <\/span><b><span class=\"citation-63\">c\u00e1lculos de volume de corte e aterro<\/span><\/b><span class=\"citation-63 citation-end-63\"> entre superf\u00edcies, incluindo c\u00e1lculos para estoques.<\/span><\/li>\n<li><b><span class=\"citation-62\">Terraplenagem avan\u00e7ada:<\/span><\/b><span class=\"citation-62 citation-end-62\"> Recursos para defini\u00e7\u00e3o de se\u00e7\u00f5es transversais de projeto (plataformas, valas, taludes, camadas de pavimento) para nivelamentos complexos e esplanadas.<\/span><\/li>\n<\/ul>\n<p>&nbsp;<\/p>\n<h4>3. Projeto de Engenharia Civil<\/h4>\n<ul>\n<li><b><span class=\"citation-61\">Projeto de alinhamento:<\/span><\/b><span class=\"citation-61\"> Ferramentas para projetar ambos <\/span><b><span class=\"citation-61\">alinhamentos horizontais e verticais<\/span><\/b><span class=\"citation-61 citation-end-61\"> para estradas, ferrovias e outras infraestruturas lineares.<\/span><\/li>\n<li><b>Se\u00e7\u00f5es transversais e modelos:<\/b><span class=\"citation-60 citation-end-60\"> Define e desenha se\u00e7\u00f5es transversais\/modelos de projeto e seus componentes.<\/span><\/li>\n<li><b><span class=\"citation-59\">Projeto de rede:<\/span><\/b><span class=\"citation-59\"> Ferramentas para desenhar e projetar redes de servi\u00e7os p\u00fablicos, incluindo <\/span><b><span class=\"citation-59\">redes de \u00e1gua, saneamento e \u00e1guas pluviais<\/span><\/b><span class=\"citation-59 citation-end-59\">, com representa\u00e7\u00e3o em vista superior, perfil e cortes transversais.<\/span><\/li>\n<\/ul>\n<p>&nbsp;<\/p>\n<h4>4. Relat\u00f3rios, Stakeout e Integra\u00e7\u00e3o<\/h4>\n<ul>\n<li><b>Relat\u00f3rios:<\/b><span class=\"citation-58 citation-end-58\"> Gera relat\u00f3rios detalhados sobre medi\u00e7\u00f5es de \u00e1rea e volume, or\u00e7amentos, levantamentos de quantidades e muito mais.<\/span><\/li>\n<li><b><span class=\"citation-57\">Piquetagem:<\/span><\/b><span class=\"citation-57\"> Ferramentas abrangentes para gerar <\/span><b><span class=\"citation-57\">listagens de vigil\u00e2ncia<\/span><\/b><span class=\"citation-57 citation-end-57\"> para pontos isolados e projetos lineares.<\/span><\/li>\n<li><b><span class=\"citation-56\">Integra\u00e7\u00e3o BIM e GIS:<\/span><\/b><span class=\"citation-56\"> Facilita a integra\u00e7\u00e3o em <\/span><b><span class=\"citation-56\">Fluxos de trabalho OpenBIM<\/span><\/b><span class=\"citation-56\"> atrav\u00e9s da troca de arquivos padr\u00e3o da ind\u00fastria, como <\/span><b><span class=\"citation-56\">IFC<\/span><\/b><span class=\"citation-56\"> e <\/span><b><span class=\"citation-56\">LandXML<\/span><\/b><span class=\"citation-56 citation-end-56\">.<\/span> <span class=\"citation-55\">Ele tamb\u00e9m suporta importa\u00e7\u00e3o e exporta\u00e7\u00e3o <\/span><b><span class=\"citation-55\">Dados GIS<\/span><\/b><span class=\"citation-55 citation-end-55\"> e acessar servi\u00e7os de mapas da web.<\/span><\/li>\n<li><b>Visita virtual:<\/b><span class=\"citation-54 citation-end-54\"> Inclui um recurso de tour virtual com exporta\u00e7\u00e3o para v\u00eddeo.<\/span>\n<div class=\"source-inline-chip-container ng-star-inserted\"><\/div>\n<\/li>\n<\/ul>\n<p><span class=\"citation-53 citation-end-53 interactive-span-hovered\">Este software \u00e9 adequado para uma ampla gama de projetos, incluindo estradas, empreendimentos urbanos, pedreiras, minera\u00e7\u00e3o, avalia\u00e7\u00f5es ambientais e infraestrutura de servi\u00e7os p\u00fablicos.<\/span><\/p>","protected":false},"excerpt":{"rendered":"<p class=\"first-token\"><span class=\"\">O <\/span><b class=\"\">tcpMDT Profissional + Topografia<\/b><span class=\"\">\u00e9 uma solu\u00e7\u00e3o de software abrangente projetada para <\/span><b class=\"\">Topografia<\/b><span class=\"\"> e <\/span><b class=\"\">Engenharia Civil<\/b><span class=\"\"> projetos.<\/span><span class=\"\"> Ele \u00e9 executado como um aplicativo ou plug-in em v\u00e1rias plataformas de Design Assistido por Computador (CAD), como AutoCAD,<\/span><span class=\"\"> BricsCAD,<\/span><span class=\"\"> GstarCAD,<\/span><span class=\"\"> e ZWCAD,<\/span><span class=\"\"> aproveitando um ambiente familiar para profissionais.<\/span><\/p>\n<p><span class=\"\">Esta vers\u00e3o combina todos os recursos do <\/span><b class=\"\">tcpMDT Profissional<\/b><span class=\"\"> com o especializado <\/span><b class=\"\">M\u00f3dulo de Topografia<\/b><span class=\"\">,<\/span><span class=\"\"> tornando-o uma ferramenta completa para gerenciamento de projetos, desde a aquisi\u00e7\u00e3o de dados de campo at\u00e9 o design final e relat\u00f3rios.<\/span><\/p>","protected":false},"featured_media":22523,"comment_status":"open","ping_status":"closed","template":"","meta":[],"product_brand":[1208],"product_cat":[1207,31],"product_tag":[1209,1215],"class_list":{"0":"post-22574","1":"product","2":"type-product","3":"status-publish","4":"has-post-thumbnail","6":"product_brand-aplitop","7":"product_cat-aplitop","8":"product_cat-software","9":"product_tag-aplitop","10":"product_tag-tcpmdt-professional-surveying","12":"first","13":"instock","14":"taxable","15":"shipping-taxable","16":"purchasable","17":"product-type-simple"},"yoast_head":"<!-- This site is optimized with the Yoast SEO plugin v27.4 - https:\/\/yoast.com\/product\/yoast-seo-wordpress\/ -->\n<title>tcpMDT Professional + Surveying - Ghostysky<\/title>\n<meta name=\"description\" content=\"The tcpMDT Professional + Surveying is a comprehensive software solution designed for Surveying and Civil Engineering projects. It runs as an application or plug-in within various Computer-Aided Design (CAD) platforms like AutoCAD, BricsCAD, GstarCAD, and ZWCAD, leveraging a familiar environment for professionals.This version combines the full capabilities of tcpMDT Professional with the specialized Surveying Module, making it an all-in-one tool for project management from field data acquisition to final design and reporting.\" \/>\n<meta name=\"robots\" content=\"index, follow, max-snippet:-1, max-image-preview:large, max-video-preview:-1\" \/>\n<link rel=\"canonical\" href=\"https:\/\/www.ghostysky.com\/pt\/produto-2\/tcpmdt-professional-surveying\/\" \/>\n<meta property=\"og:locale\" content=\"pt_PT\" \/>\n<meta property=\"og:type\" content=\"article\" \/>\n<meta property=\"og:title\" content=\"tcpMDT Professional + Surveying - Ghostysky\" \/>\n<meta property=\"og:description\" content=\"The tcpMDT Professional + Surveying is a comprehensive software solution designed for Surveying and Civil Engineering projects. It runs as an application or plug-in within various Computer-Aided Design (CAD) platforms like AutoCAD, BricsCAD, GstarCAD, and ZWCAD, leveraging a familiar environment for professionals.This version combines the full capabilities of tcpMDT Professional with the specialized Surveying Module, making it an all-in-one tool for project management from field data acquisition to final design and reporting.\" \/>\n<meta property=\"og:url\" content=\"https:\/\/www.ghostysky.com\/pt\/produto-2\/tcpmdt-professional-surveying\/\" \/>\n<meta property=\"og:site_name\" content=\"Ghostysky\" \/>\n<meta property=\"article:publisher\" content=\"https:\/\/www.facebook.com\/people\/Ghostysky\/100057676170234\/\" \/>\n<meta property=\"article:modified_time\" content=\"2025-10-28T06:48:58+00:00\" \/>\n<meta property=\"og:image\" content=\"https:\/\/www.ghostysky.com\/wp-content\/uploads\/2025\/10\/GH_tcpMDT_1.jpg\" \/>\n\t<meta property=\"og:image:width\" content=\"500\" \/>\n\t<meta property=\"og:image:height\" content=\"500\" \/>\n\t<meta property=\"og:image:type\" content=\"image\/jpeg\" \/>\n<meta name=\"twitter:card\" content=\"summary_large_image\" \/>\n<meta name=\"twitter:site\" content=\"@Gh0stysky\" \/>\n<meta name=\"twitter:label1\" content=\"Tempo estimado de leitura\" \/>\n\t<meta name=\"twitter:data1\" content=\"2 minutos\" \/>\n<script type=\"application\/ld+json\" class=\"yoast-schema-graph\">{\"@context\":\"https:\\\/\\\/schema.org\",\"@graph\":[{\"@type\":\"WebPage\",\"@id\":\"https:\\\/\\\/www.ghostysky.com\\\/product\\\/tcpmdt-professional-surveying\\\/\",\"url\":\"https:\\\/\\\/www.ghostysky.com\\\/product\\\/tcpmdt-professional-surveying\\\/\",\"name\":\"tcpMDT Professional + Surveying - Ghostysky\",\"isPartOf\":{\"@id\":\"https:\\\/\\\/www.ghostysky.com\\\/#website\"},\"primaryImageOfPage\":{\"@id\":\"https:\\\/\\\/www.ghostysky.com\\\/product\\\/tcpmdt-professional-surveying\\\/#primaryimage\"},\"image\":{\"@id\":\"https:\\\/\\\/www.ghostysky.com\\\/product\\\/tcpmdt-professional-surveying\\\/#primaryimage\"},\"thumbnailUrl\":\"https:\\\/\\\/www.ghostysky.com\\\/wp-content\\\/uploads\\\/2025\\\/10\\\/GH_tcpMDT_1.jpg\",\"datePublished\":\"2025-10-28T06:40:00+00:00\",\"dateModified\":\"2025-10-28T06:48:58+00:00\",\"description\":\"The tcpMDT Professional + Surveying is a comprehensive software solution designed for Surveying and Civil Engineering projects. It runs as an application or plug-in within various Computer-Aided Design (CAD) platforms like AutoCAD, BricsCAD, GstarCAD, and ZWCAD, leveraging a familiar environment for professionals.This version combines the full capabilities of tcpMDT Professional with the specialized Surveying Module, making it an all-in-one tool for project management from field data acquisition to final design and reporting.\",\"breadcrumb\":{\"@id\":\"https:\\\/\\\/www.ghostysky.com\\\/product\\\/tcpmdt-professional-surveying\\\/#breadcrumb\"},\"inLanguage\":\"pt-PT\",\"potentialAction\":[{\"@type\":\"ReadAction\",\"target\":[\"https:\\\/\\\/www.ghostysky.com\\\/product\\\/tcpmdt-professional-surveying\\\/\"]}]},{\"@type\":\"ImageObject\",\"inLanguage\":\"pt-PT\",\"@id\":\"https:\\\/\\\/www.ghostysky.com\\\/product\\\/tcpmdt-professional-surveying\\\/#primaryimage\",\"url\":\"https:\\\/\\\/www.ghostysky.com\\\/wp-content\\\/uploads\\\/2025\\\/10\\\/GH_tcpMDT_1.jpg\",\"contentUrl\":\"https:\\\/\\\/www.ghostysky.com\\\/wp-content\\\/uploads\\\/2025\\\/10\\\/GH_tcpMDT_1.jpg\",\"width\":500,\"height\":500},{\"@type\":\"BreadcrumbList\",\"@id\":\"https:\\\/\\\/www.ghostysky.com\\\/product\\\/tcpmdt-professional-surveying\\\/#breadcrumb\",\"itemListElement\":[{\"@type\":\"ListItem\",\"position\":1,\"name\":\"Home\",\"item\":\"https:\\\/\\\/www.ghostysky.com\\\/\"},{\"@type\":\"ListItem\",\"position\":2,\"name\":\"Shop\",\"item\":\"https:\\\/\\\/www.ghostysky.com\\\/shop\\\/\"},{\"@type\":\"ListItem\",\"position\":3,\"name\":\"tcpMDT Professional + Surveying\"}]},{\"@type\":\"WebSite\",\"@id\":\"https:\\\/\\\/www.ghostysky.com\\\/#website\",\"url\":\"https:\\\/\\\/www.ghostysky.com\\\/\",\"name\":\"Ghostysky\",\"description\":\"Delivering professional drones and robotics solutions\",\"publisher\":{\"@id\":\"https:\\\/\\\/www.ghostysky.com\\\/#organization\"},\"potentialAction\":[{\"@type\":\"SearchAction\",\"target\":{\"@type\":\"EntryPoint\",\"urlTemplate\":\"https:\\\/\\\/www.ghostysky.com\\\/?s={search_term_string}\"},\"query-input\":{\"@type\":\"PropertyValueSpecification\",\"valueRequired\":true,\"valueName\":\"search_term_string\"}}],\"inLanguage\":\"pt-PT\"},{\"@type\":\"Organization\",\"@id\":\"https:\\\/\\\/www.ghostysky.com\\\/#organization\",\"name\":\"Ghostysky\",\"url\":\"https:\\\/\\\/www.ghostysky.com\\\/\",\"logo\":{\"@type\":\"ImageObject\",\"inLanguage\":\"pt-PT\",\"@id\":\"https:\\\/\\\/www.ghostysky.com\\\/#\\\/schema\\\/logo\\\/image\\\/\",\"url\":\"https:\\\/\\\/www.ghostysky.com\\\/wp-content\\\/uploads\\\/2020\\\/06\\\/cropped-ghostyskylogo_text_white2.png\",\"contentUrl\":\"https:\\\/\\\/www.ghostysky.com\\\/wp-content\\\/uploads\\\/2020\\\/06\\\/cropped-ghostyskylogo_text_white2.png\",\"width\":169,\"height\":56,\"caption\":\"Ghostysky\"},\"image\":{\"@id\":\"https:\\\/\\\/www.ghostysky.com\\\/#\\\/schema\\\/logo\\\/image\\\/\"},\"sameAs\":[\"https:\\\/\\\/www.facebook.com\\\/people\\\/Ghostysky\\\/100057676170234\\\/\",\"https:\\\/\\\/x.com\\\/Gh0stysky\",\"https:\\\/\\\/www.linkedin.com\\\/company\\\/34739653\",\"https:\\\/\\\/www.instagram.com\\\/gh0stysky\"]}]}<\/script>\n<!-- \/ Yoast SEO plugin. -->","yoast_head_json":{"title":"tcpMDT Profissional + Topografia - Ghostysky","description":"O tcpMDT Professional + Surveying \u00e9 uma solu\u00e7\u00e3o de software abrangente projetada para projetos de Topografia e Engenharia Civil. Ele funciona como um aplicativo ou plug-in em diversas plataformas de Design Assistido por Computador (CAD), como AutoCAD, BricsCAD, GstarCAD e ZWCAD, proporcionando um ambiente familiar para profissionais. Esta vers\u00e3o combina todos os recursos do tcpMDT Professional com o M\u00f3dulo de Topografia especializado, tornando-o uma ferramenta completa para gerenciamento de projetos, desde a aquisi\u00e7\u00e3o de dados de campo at\u00e9 o projeto final e a gera\u00e7\u00e3o de relat\u00f3rios.","robots":{"index":"index","follow":"follow","max-snippet":"max-snippet:-1","max-image-preview":"max-image-preview:large","max-video-preview":"max-video-preview:-1"},"canonical":"https:\/\/www.ghostysky.com\/pt\/produto-2\/tcpmdt-professional-surveying\/","og_locale":"pt_PT","og_type":"article","og_title":"tcpMDT Professional + Surveying - Ghostysky","og_description":"The tcpMDT Professional + Surveying is a comprehensive software solution designed for Surveying and Civil Engineering projects. It runs as an application or plug-in within various Computer-Aided Design (CAD) platforms like AutoCAD, BricsCAD, GstarCAD, and ZWCAD, leveraging a familiar environment for professionals.This version combines the full capabilities of tcpMDT Professional with the specialized Surveying Module, making it an all-in-one tool for project management from field data acquisition to final design and reporting.","og_url":"https:\/\/www.ghostysky.com\/pt\/produto-2\/tcpmdt-professional-surveying\/","og_site_name":"Ghostysky","article_publisher":"https:\/\/www.facebook.com\/people\/Ghostysky\/100057676170234\/","article_modified_time":"2025-10-28T06:48:58+00:00","og_image":[{"width":500,"height":500,"url":"https:\/\/www.ghostysky.com\/wp-content\/uploads\/2025\/10\/GH_tcpMDT_1.jpg","type":"image\/jpeg"}],"twitter_card":"summary_large_image","twitter_site":"@Gh0stysky","twitter_misc":{"Tempo estimado de leitura":"2 minutos"},"schema":{"@context":"https:\/\/schema.org","@graph":[{"@type":"WebPage","@id":"https:\/\/www.ghostysky.com\/product\/tcpmdt-professional-surveying\/","url":"https:\/\/www.ghostysky.com\/product\/tcpmdt-professional-surveying\/","name":"tcpMDT Profissional + Topografia - Ghostysky","isPartOf":{"@id":"https:\/\/www.ghostysky.com\/#website"},"primaryImageOfPage":{"@id":"https:\/\/www.ghostysky.com\/product\/tcpmdt-professional-surveying\/#primaryimage"},"image":{"@id":"https:\/\/www.ghostysky.com\/product\/tcpmdt-professional-surveying\/#primaryimage"},"thumbnailUrl":"https:\/\/www.ghostysky.com\/wp-content\/uploads\/2025\/10\/GH_tcpMDT_1.jpg","datePublished":"2025-10-28T06:40:00+00:00","dateModified":"2025-10-28T06:48:58+00:00","description":"O tcpMDT Professional + Surveying \u00e9 uma solu\u00e7\u00e3o de software abrangente projetada para projetos de Topografia e Engenharia Civil. Ele funciona como um aplicativo ou plug-in em diversas plataformas de Design Assistido por Computador (CAD), como AutoCAD, BricsCAD, GstarCAD e ZWCAD, proporcionando um ambiente familiar para profissionais. Esta vers\u00e3o combina todos os recursos do tcpMDT Professional com o M\u00f3dulo de Topografia especializado, tornando-o uma ferramenta completa para gerenciamento de projetos, desde a aquisi\u00e7\u00e3o de dados de campo at\u00e9 o projeto final e a gera\u00e7\u00e3o de relat\u00f3rios.","breadcrumb":{"@id":"https:\/\/www.ghostysky.com\/product\/tcpmdt-professional-surveying\/#breadcrumb"},"inLanguage":"pt-PT","potentialAction":[{"@type":"ReadAction","target":["https:\/\/www.ghostysky.com\/product\/tcpmdt-professional-surveying\/"]}]},{"@type":"ImageObject","inLanguage":"pt-PT","@id":"https:\/\/www.ghostysky.com\/product\/tcpmdt-professional-surveying\/#primaryimage","url":"https:\/\/www.ghostysky.com\/wp-content\/uploads\/2025\/10\/GH_tcpMDT_1.jpg","contentUrl":"https:\/\/www.ghostysky.com\/wp-content\/uploads\/2025\/10\/GH_tcpMDT_1.jpg","width":500,"height":500},{"@type":"BreadcrumbList","@id":"https:\/\/www.ghostysky.com\/product\/tcpmdt-professional-surveying\/#breadcrumb","itemListElement":[{"@type":"ListItem","position":1,"name":"Home","item":"https:\/\/www.ghostysky.com\/"},{"@type":"ListItem","position":2,"name":"Shop","item":"https:\/\/www.ghostysky.com\/shop\/"},{"@type":"ListItem","position":3,"name":"tcpMDT Professional + Surveying"}]},{"@type":"WebSite","@id":"https:\/\/www.ghostysky.com\/#website","url":"https:\/\/www.ghostysky.com\/","name":"Ghostysky","description":"Fornecendo solu\u00e7\u00f5es profissionais em drones e rob\u00f3tica.","publisher":{"@id":"https:\/\/www.ghostysky.com\/#organization"},"potentialAction":[{"@type":"SearchAction","target":{"@type":"EntryPoint","urlTemplate":"https:\/\/www.ghostysky.com\/?s={search_term_string}"},"query-input":{"@type":"PropertyValueSpecification","valueRequired":true,"valueName":"search_term_string"}}],"inLanguage":"pt-PT"},{"@type":"Organization","@id":"https:\/\/www.ghostysky.com\/#organization","name":"Ghostysky","url":"https:\/\/www.ghostysky.com\/","logo":{"@type":"ImageObject","inLanguage":"pt-PT","@id":"https:\/\/www.ghostysky.com\/#\/schema\/logo\/image\/","url":"https:\/\/www.ghostysky.com\/wp-content\/uploads\/2020\/06\/cropped-ghostyskylogo_text_white2.png","contentUrl":"https:\/\/www.ghostysky.com\/wp-content\/uploads\/2020\/06\/cropped-ghostyskylogo_text_white2.png","width":169,"height":56,"caption":"Ghostysky"},"image":{"@id":"https:\/\/www.ghostysky.com\/#\/schema\/logo\/image\/"},"sameAs":["https:\/\/www.facebook.com\/people\/Ghostysky\/100057676170234\/","https:\/\/x.com\/Gh0stysky","https:\/\/www.linkedin.com\/company\/34739653","https:\/\/www.instagram.com\/gh0stysky"]}]}},"_links":{"self":[{"href":"https:\/\/www.ghostysky.com\/pt\/wp-json\/wp\/v2\/product\/22574","targetHints":{"allow":["GET"]}}],"collection":[{"href":"https:\/\/www.ghostysky.com\/pt\/wp-json\/wp\/v2\/product"}],"about":[{"href":"https:\/\/www.ghostysky.com\/pt\/wp-json\/wp\/v2\/types\/product"}],"replies":[{"embeddable":true,"href":"https:\/\/www.ghostysky.com\/pt\/wp-json\/wp\/v2\/comments?post=22574"}],"version-history":[{"count":0,"href":"https:\/\/www.ghostysky.com\/pt\/wp-json\/wp\/v2\/product\/22574\/revisions"}],"wp:featuredmedia":[{"embeddable":true,"href":"https:\/\/www.ghostysky.com\/pt\/wp-json\/wp\/v2\/media\/22523"}],"wp:attachment":[{"href":"https:\/\/www.ghostysky.com\/pt\/wp-json\/wp\/v2\/media?parent=22574"}],"wp:term":[{"taxonomy":"product_brand","embeddable":true,"href":"https:\/\/www.ghostysky.com\/pt\/wp-json\/wp\/v2\/product_brand?post=22574"},{"taxonomy":"product_cat","embeddable":true,"href":"https:\/\/www.ghostysky.com\/pt\/wp-json\/wp\/v2\/product_cat?post=22574"},{"taxonomy":"product_tag","embeddable":true,"href":"https:\/\/www.ghostysky.com\/pt\/wp-json\/wp\/v2\/product_tag?post=22574"}],"curies":[{"name":"wp","href":"https:\/\/api.w.org\/{rel}","templated":true}]}}