{"id":22577,"date":"2025-10-28T07:10:18","date_gmt":"2025-10-28T07:10:18","guid":{"rendered":"https:\/\/www.ghostysky.com\/?post_type=product&#038;p=22577"},"modified":"2025-10-28T07:17:57","modified_gmt":"2025-10-28T07:17:57","slug":"aplitop-tcpmdt-photovoltaic","status":"publish","type":"product","link":"https:\/\/www.ghostysky.com\/pt\/product\/aplitop-tcpmdt-photovoltaic\/","title":{"rendered":"Aplitop tcpMDT Fotovoltaico"},"content":{"rendered":"<h4><b>Principais recursos e benef\u00edcios<\/b><\/h4>\n<ul>\n<li><b><span class=\"citation-23\">Otimiza\u00e7\u00e3o de Terraplenagem:<\/span><\/b><span class=\"citation-23 citation-end-23\"> Maximiza a efici\u00eancia das opera\u00e7\u00f5es de corte e aterro gerando um modelo de solo final que se adapta aos crit\u00e9rios do projeto, resultando em economia significativa de custos e recursos.<\/span><\/li>\n<li><b><span class=\"citation-22\">An\u00e1lise do terreno:<\/span><\/b><span class=\"citation-22 citation-end-22\"> Realizar uma an\u00e1lise detalhada do terreno existente, dividindo o projeto em zonas gerenci\u00e1veis.<\/span> <span class=\"citation-21 citation-end-21\">Visualize e analise encostas Norte-Sul ou Leste-Oeste usando paletas de cores personaliz\u00e1veis.<\/span><\/li>\n<li><b>Design e layout de site inteligente:<\/b>\n<ul>\n<li><span class=\"citation-20 citation-end-20\">Defina e configure v\u00e1rios tipos de rastreadores solares (incluindo estruturas fixas e rastreadores adaptativos), especificando marca, modelo, dimens\u00f5es f\u00edsicas e detalhes do poste de suporte.<\/span><\/li>\n<li><span class=\"citation-19\">Utilizar <\/span><b><span class=\"citation-19\">ferramentas de layout autom\u00e1ticas e assistidas<\/span><\/b><span class=\"citation-19 citation-end-19\"> para posicionar rastreadores com precis\u00e3o dentro de zonas definidas.<\/span><\/li>\n<li>Numere automaticamente rastreadores e postes solares, que podem ser vinculados a refer\u00eancias externas.<\/li>\n<\/ul>\n<\/li>\n<li><b>C\u00e1lculo e Conformidade:<\/b>\n<ul>\n<li><span class=\"citation-18 citation-end-18\">Calcule inclina\u00e7\u00f5es longitudinais e transversais para cada rastreador solar.<\/span><\/li>\n<li><b><span class=\"citation-17\">Otimiza\u00e7\u00e3o Automatizada<\/span><\/b><span class=\"citation-17 citation-end-17\"> ajusta a melhor inclina\u00e7\u00e3o para cada rastreador para garantir a conformidade com par\u00e2metros cr\u00edticos do projeto, como inclina\u00e7\u00f5es m\u00e1ximas, inclina\u00e7\u00e3o e diferen\u00e7as de eleva\u00e7\u00e3o entre os rastreadores.<\/span><\/li>\n<li><span class=\"citation-16 citation-end-16\">Ferramentas interativas ajudam a resolver erros com inclina\u00e7\u00f5es, saltos e outros problemas de conformidade.<\/span>\n<div class=\"source-inline-chip-container ng-star-inserted\"><\/div>\n<\/li>\n<\/ul>\n<\/li>\n<li><b>Entregas abrangentes do projeto:<\/b>\n<ul>\n<li><span class=\"citation-15\">Gerar um <\/span><b><span class=\"citation-15\">modelo 3D<\/span><\/b><span class=\"citation-15 citation-end-15\"> de toda a instala\u00e7\u00e3o, fornecendo uma representa\u00e7\u00e3o realista do terreno final.<\/span><\/li>\n<li><span class=\"citation-14\">Exportar o modelo 3D para <\/span><b><span class=\"citation-14\">Formato IFC<\/span><\/b><span class=\"citation-14 citation-end-14\"> para integra\u00e7\u00e3o perfeita nos fluxos de trabalho do OpenBIM.<\/span><\/li>\n<li>Produza relat\u00f3rios detalhados e resumidos sobre zonas, rastreadores solares e postes, que podem ser exportados para Excel e outros formatos.<\/li>\n<li><span class=\"citation-13\">Gerar <\/span><b><span class=\"citation-13\">decolagens de quantidade<\/span><\/b><span class=\"citation-13 citation-end-13\"> (medi\u00e7\u00f5es) e relat\u00f3rios de implanta\u00e7\u00e3o prontos para uso com equipamentos de campo GNSS ou de esta\u00e7\u00e3o total.<\/span>\n<div class=\"source-inline-chip-container ng-star-inserted\"><\/div>\n<\/li>\n<\/ul>\n<\/li>\n<\/ul>\n<p>Aplitop tcpMDT Fotovoltaico \u00e9 a solu\u00e7\u00e3o definitiva para reduzir o tempo de projeto, minimizar os custos de prepara\u00e7\u00e3o do local e garantir a precis\u00e3o t\u00e9cnica dos seus projetos de instala\u00e7\u00e3o fotovoltaica.<\/p>","protected":false},"excerpt":{"rendered":"<p class=\"first-token\"><span class=\"\">Aplitop tcpMDT Photovoltaic \u00e9 um m\u00f3dulo de software especializado desenvolvido em colabora\u00e7\u00e3o com a SOLTEC,<\/span><span class=\"\"> projetado especificamente para simplificar e otimizar o <\/span><b class=\"\">trabalhos topogr\u00e1ficos e de terraplenagem para projetos de usinas fotovoltaicas (fazendas solares)<\/b><span class=\"\">.<\/span><span class=\"\"> Correr como um complemento essencial para <\/span><b class=\"\">tcpMDT Profissional<\/b><span class=\"\">,<\/span><span class=\"\"> esta ferramenta poderosa fornece aos engenheiros civis e top\u00f3grafos a precis\u00e3o e a efici\u00eancia necess\u00e1rias para instala\u00e7\u00f5es solares em larga escala.<\/span><\/p>","protected":false},"featured_media":22523,"comment_status":"open","ping_status":"closed","template":"","meta":[],"product_brand":[1208],"product_cat":[1207,31],"product_tag":[1209,1217],"class_list":{"0":"post-22577","1":"product","2":"type-product","3":"status-publish","4":"has-post-thumbnail","6":"product_brand-aplitop","7":"product_cat-aplitop","8":"product_cat-software","9":"product_tag-aplitop","10":"product_tag-tcpmdt-photovoltaic","12":"first","13":"instock","14":"taxable","15":"shipping-taxable","16":"purchasable","17":"product-type-simple"},"yoast_head":"<!-- This site is optimized with the Yoast SEO plugin v27.1.1 - https:\/\/yoast.com\/product\/yoast-seo-wordpress\/ -->\n<title>Aplitop tcpMDT Photovoltaic - Ghostysky<\/title>\n<meta name=\"description\" content=\"Aplitop tcpMDT Photovoltaic is a specialized software module developed in collaboration with SOLTEC, specifically engineered to streamline and optimize the topographic work and earthworks for photovoltaic (solar farm) plant projects. Running as an essential add-on to tcpMDT Professional, this powerful tool provides civil engineers and surveyors with the precision and efficiency needed for large-scale solar installations.\" \/>\n<meta name=\"robots\" content=\"index, follow, max-snippet:-1, max-image-preview:large, max-video-preview:-1\" \/>\n<link rel=\"canonical\" href=\"https:\/\/www.ghostysky.com\/pt\/produto-2\/aplitop-tcpmdt-photovoltaic\/\" \/>\n<meta property=\"og:locale\" content=\"pt_PT\" \/>\n<meta property=\"og:type\" content=\"article\" \/>\n<meta property=\"og:title\" content=\"Aplitop tcpMDT Photovoltaic - Ghostysky\" \/>\n<meta property=\"og:description\" content=\"Aplitop tcpMDT Photovoltaic is a specialized software module developed in collaboration with SOLTEC, specifically engineered to streamline and optimize the topographic work and earthworks for photovoltaic (solar farm) plant projects. Running as an essential add-on to tcpMDT Professional, this powerful tool provides civil engineers and surveyors with the precision and efficiency needed for large-scale solar installations.\" \/>\n<meta property=\"og:url\" content=\"https:\/\/www.ghostysky.com\/pt\/produto-2\/aplitop-tcpmdt-photovoltaic\/\" \/>\n<meta property=\"og:site_name\" content=\"Ghostysky\" \/>\n<meta property=\"article:publisher\" content=\"https:\/\/www.facebook.com\/people\/Ghostysky\/100057676170234\/\" \/>\n<meta property=\"article:modified_time\" content=\"2025-10-28T07:17:57+00:00\" \/>\n<meta property=\"og:image\" content=\"https:\/\/www.ghostysky.com\/wp-content\/uploads\/2025\/10\/GH_tcpMDT_1.jpg\" \/>\n\t<meta property=\"og:image:width\" content=\"500\" \/>\n\t<meta property=\"og:image:height\" content=\"500\" \/>\n\t<meta property=\"og:image:type\" content=\"image\/jpeg\" \/>\n<meta name=\"twitter:card\" content=\"summary_large_image\" \/>\n<meta name=\"twitter:site\" content=\"@Gh0stysky\" \/>\n<meta name=\"twitter:label1\" content=\"Tempo estimado de leitura\" \/>\n\t<meta name=\"twitter:data1\" content=\"2 minutos\" \/>\n<script type=\"application\/ld+json\" class=\"yoast-schema-graph\">{\"@context\":\"https:\/\/schema.org\",\"@graph\":[{\"@type\":\"WebPage\",\"@id\":\"https:\/\/www.ghostysky.com\/product\/aplitop-tcpmdt-photovoltaic\/\",\"url\":\"https:\/\/www.ghostysky.com\/product\/aplitop-tcpmdt-photovoltaic\/\",\"name\":\"Aplitop tcpMDT Photovoltaic - Ghostysky\",\"isPartOf\":{\"@id\":\"https:\/\/www.ghostysky.com\/#website\"},\"primaryImageOfPage\":{\"@id\":\"https:\/\/www.ghostysky.com\/product\/aplitop-tcpmdt-photovoltaic\/#primaryimage\"},\"image\":{\"@id\":\"https:\/\/www.ghostysky.com\/product\/aplitop-tcpmdt-photovoltaic\/#primaryimage\"},\"thumbnailUrl\":\"https:\/\/www.ghostysky.com\/wp-content\/uploads\/2025\/10\/GH_tcpMDT_1.jpg\",\"datePublished\":\"2025-10-28T07:10:18+00:00\",\"dateModified\":\"2025-10-28T07:17:57+00:00\",\"description\":\"Aplitop tcpMDT Photovoltaic is a specialized software module developed in collaboration with SOLTEC, specifically engineered to streamline and optimize the topographic work and earthworks for photovoltaic (solar farm) plant projects. Running as an essential add-on to tcpMDT Professional, this powerful tool provides civil engineers and surveyors with the precision and efficiency needed for large-scale solar installations.\",\"breadcrumb\":{\"@id\":\"https:\/\/www.ghostysky.com\/product\/aplitop-tcpmdt-photovoltaic\/#breadcrumb\"},\"inLanguage\":\"pt-PT\",\"potentialAction\":[{\"@type\":\"ReadAction\",\"target\":[\"https:\/\/www.ghostysky.com\/product\/aplitop-tcpmdt-photovoltaic\/\"]}]},{\"@type\":\"ImageObject\",\"inLanguage\":\"pt-PT\",\"@id\":\"https:\/\/www.ghostysky.com\/product\/aplitop-tcpmdt-photovoltaic\/#primaryimage\",\"url\":\"https:\/\/www.ghostysky.com\/wp-content\/uploads\/2025\/10\/GH_tcpMDT_1.jpg\",\"contentUrl\":\"https:\/\/www.ghostysky.com\/wp-content\/uploads\/2025\/10\/GH_tcpMDT_1.jpg\",\"width\":500,\"height\":500},{\"@type\":\"BreadcrumbList\",\"@id\":\"https:\/\/www.ghostysky.com\/product\/aplitop-tcpmdt-photovoltaic\/#breadcrumb\",\"itemListElement\":[{\"@type\":\"ListItem\",\"position\":1,\"name\":\"Home\",\"item\":\"https:\/\/www.ghostysky.com\/\"},{\"@type\":\"ListItem\",\"position\":2,\"name\":\"Shop\",\"item\":\"https:\/\/www.ghostysky.com\/shop\/\"},{\"@type\":\"ListItem\",\"position\":3,\"name\":\"Aplitop tcpMDT Photovoltaic\"}]},{\"@type\":\"WebSite\",\"@id\":\"https:\/\/www.ghostysky.com\/#website\",\"url\":\"https:\/\/www.ghostysky.com\/\",\"name\":\"Ghostysky\",\"description\":\"Delivering professional drones and services\",\"publisher\":{\"@id\":\"https:\/\/www.ghostysky.com\/#organization\"},\"potentialAction\":[{\"@type\":\"SearchAction\",\"target\":{\"@type\":\"EntryPoint\",\"urlTemplate\":\"https:\/\/www.ghostysky.com\/?s={search_term_string}\"},\"query-input\":{\"@type\":\"PropertyValueSpecification\",\"valueRequired\":true,\"valueName\":\"search_term_string\"}}],\"inLanguage\":\"pt-PT\"},{\"@type\":\"Organization\",\"@id\":\"https:\/\/www.ghostysky.com\/#organization\",\"name\":\"Ghostysky\",\"url\":\"https:\/\/www.ghostysky.com\/\",\"logo\":{\"@type\":\"ImageObject\",\"inLanguage\":\"pt-PT\",\"@id\":\"https:\/\/www.ghostysky.com\/#\/schema\/logo\/image\/\",\"url\":\"https:\/\/www.ghostysky.com\/wp-content\/uploads\/2020\/06\/cropped-ghostyskylogo_text_white2.png\",\"contentUrl\":\"https:\/\/www.ghostysky.com\/wp-content\/uploads\/2020\/06\/cropped-ghostyskylogo_text_white2.png\",\"width\":169,\"height\":56,\"caption\":\"Ghostysky\"},\"image\":{\"@id\":\"https:\/\/www.ghostysky.com\/#\/schema\/logo\/image\/\"},\"sameAs\":[\"https:\/\/www.facebook.com\/people\/Ghostysky\/100057676170234\/\",\"https:\/\/x.com\/Gh0stysky\",\"https:\/\/www.linkedin.com\/company\/34739653\",\"https:\/\/www.instagram.com\/gh0stysky\"]}]}<\/script>\n<!-- \/ Yoast SEO plugin. -->","yoast_head_json":{"title":"Aplitop tcpMDT Fotovoltaico - Ghostysky","description":"O Aplitop tcpMDT Photovoltaic \u00e9 um m\u00f3dulo de software especializado desenvolvido em colabora\u00e7\u00e3o com a SOLTEC, projetado especificamente para agilizar e otimizar o trabalho topogr\u00e1fico e de terraplenagem em projetos de usinas fotovoltaicas (fazendas solares). Funcionando como um complemento essencial ao tcpMDT Professional, esta poderosa ferramenta oferece a engenheiros civis e top\u00f3grafos a precis\u00e3o e a efici\u00eancia necess\u00e1rias para instala\u00e7\u00f5es solares de grande porte.","robots":{"index":"index","follow":"follow","max-snippet":"max-snippet:-1","max-image-preview":"max-image-preview:large","max-video-preview":"max-video-preview:-1"},"canonical":"https:\/\/www.ghostysky.com\/pt\/produto-2\/aplitop-tcpmdt-photovoltaic\/","og_locale":"pt_PT","og_type":"article","og_title":"Aplitop tcpMDT Photovoltaic - Ghostysky","og_description":"Aplitop tcpMDT Photovoltaic is a specialized software module developed in collaboration with SOLTEC, specifically engineered to streamline and optimize the topographic work and earthworks for photovoltaic (solar farm) plant projects. Running as an essential add-on to tcpMDT Professional, this powerful tool provides civil engineers and surveyors with the precision and efficiency needed for large-scale solar installations.","og_url":"https:\/\/www.ghostysky.com\/pt\/produto-2\/aplitop-tcpmdt-photovoltaic\/","og_site_name":"Ghostysky","article_publisher":"https:\/\/www.facebook.com\/people\/Ghostysky\/100057676170234\/","article_modified_time":"2025-10-28T07:17:57+00:00","og_image":[{"width":500,"height":500,"url":"https:\/\/www.ghostysky.com\/wp-content\/uploads\/2025\/10\/GH_tcpMDT_1.jpg","type":"image\/jpeg"}],"twitter_card":"summary_large_image","twitter_site":"@Gh0stysky","twitter_misc":{"Tempo estimado de leitura":"2 minutos"},"schema":{"@context":"https:\/\/schema.org","@graph":[{"@type":"WebPage","@id":"https:\/\/www.ghostysky.com\/product\/aplitop-tcpmdt-photovoltaic\/","url":"https:\/\/www.ghostysky.com\/product\/aplitop-tcpmdt-photovoltaic\/","name":"Aplitop tcpMDT Fotovoltaico - Ghostysky","isPartOf":{"@id":"https:\/\/www.ghostysky.com\/#website"},"primaryImageOfPage":{"@id":"https:\/\/www.ghostysky.com\/product\/aplitop-tcpmdt-photovoltaic\/#primaryimage"},"image":{"@id":"https:\/\/www.ghostysky.com\/product\/aplitop-tcpmdt-photovoltaic\/#primaryimage"},"thumbnailUrl":"https:\/\/www.ghostysky.com\/wp-content\/uploads\/2025\/10\/GH_tcpMDT_1.jpg","datePublished":"2025-10-28T07:10:18+00:00","dateModified":"2025-10-28T07:17:57+00:00","description":"O Aplitop tcpMDT Photovoltaic \u00e9 um m\u00f3dulo de software especializado desenvolvido em colabora\u00e7\u00e3o com a SOLTEC, projetado especificamente para agilizar e otimizar o trabalho topogr\u00e1fico e de terraplenagem em projetos de usinas fotovoltaicas (fazendas solares). Funcionando como um complemento essencial ao tcpMDT Professional, esta poderosa ferramenta oferece a engenheiros civis e top\u00f3grafos a precis\u00e3o e a efici\u00eancia necess\u00e1rias para instala\u00e7\u00f5es solares de grande porte.","breadcrumb":{"@id":"https:\/\/www.ghostysky.com\/product\/aplitop-tcpmdt-photovoltaic\/#breadcrumb"},"inLanguage":"pt-PT","potentialAction":[{"@type":"ReadAction","target":["https:\/\/www.ghostysky.com\/product\/aplitop-tcpmdt-photovoltaic\/"]}]},{"@type":"ImageObject","inLanguage":"pt-PT","@id":"https:\/\/www.ghostysky.com\/product\/aplitop-tcpmdt-photovoltaic\/#primaryimage","url":"https:\/\/www.ghostysky.com\/wp-content\/uploads\/2025\/10\/GH_tcpMDT_1.jpg","contentUrl":"https:\/\/www.ghostysky.com\/wp-content\/uploads\/2025\/10\/GH_tcpMDT_1.jpg","width":500,"height":500},{"@type":"BreadcrumbList","@id":"https:\/\/www.ghostysky.com\/product\/aplitop-tcpmdt-photovoltaic\/#breadcrumb","itemListElement":[{"@type":"ListItem","position":1,"name":"Home","item":"https:\/\/www.ghostysky.com\/"},{"@type":"ListItem","position":2,"name":"Shop","item":"https:\/\/www.ghostysky.com\/shop\/"},{"@type":"ListItem","position":3,"name":"Aplitop tcpMDT Photovoltaic"}]},{"@type":"WebSite","@id":"https:\/\/www.ghostysky.com\/#website","url":"https:\/\/www.ghostysky.com\/","name":"Ghostysky","description":"Fornecendo drones e servi\u00e7os profissionais","publisher":{"@id":"https:\/\/www.ghostysky.com\/#organization"},"potentialAction":[{"@type":"SearchAction","target":{"@type":"EntryPoint","urlTemplate":"https:\/\/www.ghostysky.com\/?s={search_term_string}"},"query-input":{"@type":"PropertyValueSpecification","valueRequired":true,"valueName":"search_term_string"}}],"inLanguage":"pt-PT"},{"@type":"Organization","@id":"https:\/\/www.ghostysky.com\/#organization","name":"Ghostysky","url":"https:\/\/www.ghostysky.com\/","logo":{"@type":"ImageObject","inLanguage":"pt-PT","@id":"https:\/\/www.ghostysky.com\/#\/schema\/logo\/image\/","url":"https:\/\/www.ghostysky.com\/wp-content\/uploads\/2020\/06\/cropped-ghostyskylogo_text_white2.png","contentUrl":"https:\/\/www.ghostysky.com\/wp-content\/uploads\/2020\/06\/cropped-ghostyskylogo_text_white2.png","width":169,"height":56,"caption":"Ghostysky"},"image":{"@id":"https:\/\/www.ghostysky.com\/#\/schema\/logo\/image\/"},"sameAs":["https:\/\/www.facebook.com\/people\/Ghostysky\/100057676170234\/","https:\/\/x.com\/Gh0stysky","https:\/\/www.linkedin.com\/company\/34739653","https:\/\/www.instagram.com\/gh0stysky"]}]}},"_links":{"self":[{"href":"https:\/\/www.ghostysky.com\/pt\/wp-json\/wp\/v2\/product\/22577","targetHints":{"allow":["GET"]}}],"collection":[{"href":"https:\/\/www.ghostysky.com\/pt\/wp-json\/wp\/v2\/product"}],"about":[{"href":"https:\/\/www.ghostysky.com\/pt\/wp-json\/wp\/v2\/types\/product"}],"replies":[{"embeddable":true,"href":"https:\/\/www.ghostysky.com\/pt\/wp-json\/wp\/v2\/comments?post=22577"}],"wp:featuredmedia":[{"embeddable":true,"href":"https:\/\/www.ghostysky.com\/pt\/wp-json\/wp\/v2\/media\/22523"}],"wp:attachment":[{"href":"https:\/\/www.ghostysky.com\/pt\/wp-json\/wp\/v2\/media?parent=22577"}],"wp:term":[{"taxonomy":"product_brand","embeddable":true,"href":"https:\/\/www.ghostysky.com\/pt\/wp-json\/wp\/v2\/product_brand?post=22577"},{"taxonomy":"product_cat","embeddable":true,"href":"https:\/\/www.ghostysky.com\/pt\/wp-json\/wp\/v2\/product_cat?post=22577"},{"taxonomy":"product_tag","embeddable":true,"href":"https:\/\/www.ghostysky.com\/pt\/wp-json\/wp\/v2\/product_tag?post=22577"}],"curies":[{"name":"wp","href":"https:\/\/api.w.org\/{rel}","templated":true}]}}