{"id":22584,"date":"2025-10-28T07:32:57","date_gmt":"2025-10-28T07:32:57","guid":{"rendered":"https:\/\/www.ghostysky.com\/?post_type=product&#038;p=22584"},"modified":"2025-10-28T07:38:41","modified_gmt":"2025-10-28T07:38:41","slug":"aplitop-tcpmdt-standard-surveying-network","status":"publish","type":"product","link":"https:\/\/www.ghostysky.com\/pt\/product\/aplitop-tcpmdt-standard-surveying-network\/","title":{"rendered":"Aplitop tcpMDT Standard + Rede de Topografia"},"content":{"rendered":"<h4><b>Caracter\u00edsticas principais<\/b><\/h4>\n<h4><b>Padr\u00e3o tcpMDT: Modelagem e An\u00e1lise Digital de Terreno<\/b><\/h4>\n<ul>\n<li><b>Modelagem de Terreno:<\/b><span class=\"citation-71 citation-end-71\"> Crie Modelos Digitais de Terreno (MDTs) precisos a partir de diversas fontes de dados, incluindo esta\u00e7\u00f5es totais, receptores GNSS, importa\u00e7\u00f5es de arquivos e servi\u00e7os web.<\/span><\/li>\n<li><b>Visualiza\u00e7\u00e3o e Contornos:<\/b><span class=\"citation-70 citation-end-70\"> Gere linhas de contorno detalhadas, crie mapas de declive\/altura e visualize o terreno de forma realista em 3D.<\/span><\/li>\n<li><b><span class=\"citation-69\">Perfis e volumes:<\/span><\/b><span class=\"citation-69 citation-end-69\"> Desenhe automaticamente perfis longitudinais e transversais e calcule volumes de corte e aterro para projetos de terraplenagem e pedreiras.<\/span><\/li>\n<li><b><span class=\"citation-68\">Integra\u00e7\u00e3o CAD:<\/span><\/b><span class=\"citation-68 citation-end-68\"> Funciona como um plug-in poderoso para as principais plataformas CAD, como AutoCAD, BricsCAD, GstarCAD e ZWCAD, garantindo um fluxo de trabalho familiar e eficiente.<\/span><\/li>\n<li><b>Troca de dados:<\/b><span class=\"citation-67 citation-end-67\"> Inclui utilit\u00e1rios para trabalhar com gr\u00e1ficos, bem como importa\u00e7\u00e3o\/exporta\u00e7\u00e3o de GIS e integra\u00e7\u00e3o OpenBIM via arquivos IFC e LandXML.<\/span><\/li>\n<\/ul>\n<p>&nbsp;<\/p>\n<h4><b>M\u00f3dulo de Topografia: C\u00e1lculos Topogr\u00e1ficos Avan\u00e7ados<\/b><\/h4>\n<ul>\n<li><b>Processamento de Observa\u00e7\u00e3o:<\/b><span class=\"citation-66 citation-end-66\"> Ferramentas especializadas para processamento e gerenciamento de observa\u00e7\u00f5es de esta\u00e7\u00f5es totais.<\/span><\/li>\n<li><b><span class=\"citation-65\">C\u00e1lculos de coordenadas:<\/span><\/b><span class=\"citation-65 citation-end-65\"> Calcule coordenadas de pontos com efici\u00eancia e execute c\u00e1lculos topogr\u00e1ficos avan\u00e7ados.<\/span><\/li>\n<li><b><span class=\"citation-64\">Compensa\u00e7\u00e3o de rede:<\/span><\/b><span class=\"citation-64 citation-end-64\"> Compense travessias e redes geod\u00e9sicas para maior precis\u00e3o.<\/span><\/li>\n<li><b><span class=\"citation-63\">Transforma\u00e7\u00f5es de Coordenadas:<\/span><\/b><span class=\"citation-63 citation-end-63\"> Execute transforma\u00e7\u00f5es de coordenadas globais e locais usando o banco de dados EPSG inclu\u00eddo de sistemas de refer\u00eancia.<\/span><\/li>\n<\/ul>\n<p>&nbsp;<\/p>\n<h4><b>Licen\u00e7a NETWORK: Flexibilidade e colabora\u00e7\u00e3o<\/b><\/h4>\n<ul>\n<li>O <b>REDE<\/b> A licen\u00e7a permite que v\u00e1rios usu\u00e1rios dentro de uma organiza\u00e7\u00e3o compartilhem licen\u00e7as, proporcionando flexibilidade e efici\u00eancia de custos para equipes de projeto.<\/li>\n<\/ul>\n<p>&nbsp;<\/p>\n<h4><b>Ideal para<\/b><\/h4>\n<p><span class=\"citation-62 citation-end-62\">Projetos de topografia, modelagem digital de terreno (DTM), gera\u00e7\u00e3o de curvas de n\u00edvel, c\u00e1lculos de volume, an\u00e1lise de terraplenagem, gerenciamento de terrenos e processamento preciso de dados topogr\u00e1ficos.<\/span><\/p>","protected":false},"excerpt":{"rendered":"<p><b><span class=\"citation-73\">Aplitop tcpMDT Standard + Rede de Topografia<\/span><\/b><span class=\"citation-73 citation-end-73\"> \u00e9 uma solu\u00e7\u00e3o de software abrangente e integrada ao CAD, projetada para agrimensores profissionais e engenheiros civis, oferecendo ferramentas robustas para modelagem digital de terreno, processamento de dados e c\u00e1lculos topogr\u00e1ficos.<\/span><\/p>\n<p><span class=\"citation-72\">Este pacote combina os principais recursos de modelagem de terreno do <\/span><b><span class=\"citation-72\">Padr\u00e3o tcpMDT<\/span><\/b><span class=\"citation-72\"> com as caracter\u00edsticas especializadas do <\/span><b><span class=\"citation-72\">M\u00f3dulo de topografia<\/span><\/b><span class=\"citation-72\">, entregue atrav\u00e9s de um conveniente <\/span><b><span class=\"citation-72\">REDE<\/span><\/b><span class=\"citation-72 citation-end-72\"> licen\u00e7a.<\/span><\/p>","protected":false},"featured_media":22523,"comment_status":"open","ping_status":"closed","template":"","meta":[],"product_brand":[1208],"product_cat":[1207,31],"product_tag":[1209,1219],"class_list":{"0":"post-22584","1":"product","2":"type-product","3":"status-publish","4":"has-post-thumbnail","6":"product_brand-aplitop","7":"product_cat-aplitop","8":"product_cat-software","9":"product_tag-aplitop","10":"product_tag-tcpmdt-standard-surveying-network","12":"first","13":"instock","14":"taxable","15":"shipping-taxable","16":"product-type-simple"},"yoast_head":"<!-- This site is optimized with the Yoast SEO plugin v27.4 - https:\/\/yoast.com\/product\/yoast-seo-wordpress\/ -->\n<title>Aplitop tcpMDT Standard + Surveying NETWORK - Ghostysky<\/title>\n<meta name=\"description\" content=\"Aplitop tcpMDT Standard + Surveying NETWORK is a comprehensive, CAD-integrated software solution designed for professional surveyors and civil engineers, offering robust tools for digital terrain modeling, data processing, and topographic calculations.This package combines the core terrain modeling capabilities of tcpMDT Standard with the specialized features of the Surveying module, delivered via a convenient NETWORK license.\" \/>\n<meta name=\"robots\" content=\"index, follow, max-snippet:-1, max-image-preview:large, max-video-preview:-1\" \/>\n<link rel=\"canonical\" href=\"https:\/\/www.ghostysky.com\/pt\/produto-2\/aplitop-tcpmdt-standard-surveying-network\/\" \/>\n<meta property=\"og:locale\" content=\"pt_PT\" \/>\n<meta property=\"og:type\" content=\"article\" \/>\n<meta property=\"og:title\" content=\"Aplitop tcpMDT Standard + Surveying NETWORK - Ghostysky\" \/>\n<meta property=\"og:description\" content=\"Aplitop tcpMDT Standard + Surveying NETWORK is a comprehensive, CAD-integrated software solution designed for professional surveyors and civil engineers, offering robust tools for digital terrain modeling, data processing, and topographic calculations.This package combines the core terrain modeling capabilities of tcpMDT Standard with the specialized features of the Surveying module, delivered via a convenient NETWORK license.\" \/>\n<meta property=\"og:url\" content=\"https:\/\/www.ghostysky.com\/pt\/produto-2\/aplitop-tcpmdt-standard-surveying-network\/\" \/>\n<meta property=\"og:site_name\" content=\"Ghostysky\" \/>\n<meta property=\"article:publisher\" content=\"https:\/\/www.facebook.com\/people\/Ghostysky\/100057676170234\/\" \/>\n<meta property=\"article:modified_time\" content=\"2025-10-28T07:38:41+00:00\" \/>\n<meta property=\"og:image\" content=\"https:\/\/www.ghostysky.com\/wp-content\/uploads\/2025\/10\/GH_tcpMDT_1.jpg\" \/>\n\t<meta property=\"og:image:width\" content=\"500\" \/>\n\t<meta property=\"og:image:height\" content=\"500\" \/>\n\t<meta property=\"og:image:type\" content=\"image\/jpeg\" \/>\n<meta name=\"twitter:card\" content=\"summary_large_image\" \/>\n<meta name=\"twitter:site\" content=\"@Gh0stysky\" \/>\n<meta name=\"twitter:label1\" content=\"Tempo estimado de leitura\" \/>\n\t<meta name=\"twitter:data1\" content=\"2 minutos\" \/>\n<script type=\"application\/ld+json\" class=\"yoast-schema-graph\">{\"@context\":\"https:\\\/\\\/schema.org\",\"@graph\":[{\"@type\":\"WebPage\",\"@id\":\"https:\\\/\\\/www.ghostysky.com\\\/product\\\/aplitop-tcpmdt-standard-surveying-network\\\/\",\"url\":\"https:\\\/\\\/www.ghostysky.com\\\/product\\\/aplitop-tcpmdt-standard-surveying-network\\\/\",\"name\":\"Aplitop tcpMDT Standard + Surveying NETWORK - Ghostysky\",\"isPartOf\":{\"@id\":\"https:\\\/\\\/www.ghostysky.com\\\/#website\"},\"primaryImageOfPage\":{\"@id\":\"https:\\\/\\\/www.ghostysky.com\\\/product\\\/aplitop-tcpmdt-standard-surveying-network\\\/#primaryimage\"},\"image\":{\"@id\":\"https:\\\/\\\/www.ghostysky.com\\\/product\\\/aplitop-tcpmdt-standard-surveying-network\\\/#primaryimage\"},\"thumbnailUrl\":\"https:\\\/\\\/www.ghostysky.com\\\/wp-content\\\/uploads\\\/2025\\\/10\\\/GH_tcpMDT_1.jpg\",\"datePublished\":\"2025-10-28T07:32:57+00:00\",\"dateModified\":\"2025-10-28T07:38:41+00:00\",\"description\":\"Aplitop tcpMDT Standard + Surveying NETWORK is a comprehensive, CAD-integrated software solution designed for professional surveyors and civil engineers, offering robust tools for digital terrain modeling, data processing, and topographic calculations.This package combines the core terrain modeling capabilities of tcpMDT Standard with the specialized features of the Surveying module, delivered via a convenient NETWORK license.\",\"breadcrumb\":{\"@id\":\"https:\\\/\\\/www.ghostysky.com\\\/product\\\/aplitop-tcpmdt-standard-surveying-network\\\/#breadcrumb\"},\"inLanguage\":\"pt-PT\",\"potentialAction\":[{\"@type\":\"ReadAction\",\"target\":[\"https:\\\/\\\/www.ghostysky.com\\\/product\\\/aplitop-tcpmdt-standard-surveying-network\\\/\"]}]},{\"@type\":\"ImageObject\",\"inLanguage\":\"pt-PT\",\"@id\":\"https:\\\/\\\/www.ghostysky.com\\\/product\\\/aplitop-tcpmdt-standard-surveying-network\\\/#primaryimage\",\"url\":\"https:\\\/\\\/www.ghostysky.com\\\/wp-content\\\/uploads\\\/2025\\\/10\\\/GH_tcpMDT_1.jpg\",\"contentUrl\":\"https:\\\/\\\/www.ghostysky.com\\\/wp-content\\\/uploads\\\/2025\\\/10\\\/GH_tcpMDT_1.jpg\",\"width\":500,\"height\":500},{\"@type\":\"BreadcrumbList\",\"@id\":\"https:\\\/\\\/www.ghostysky.com\\\/product\\\/aplitop-tcpmdt-standard-surveying-network\\\/#breadcrumb\",\"itemListElement\":[{\"@type\":\"ListItem\",\"position\":1,\"name\":\"Home\",\"item\":\"https:\\\/\\\/www.ghostysky.com\\\/\"},{\"@type\":\"ListItem\",\"position\":2,\"name\":\"Shop\",\"item\":\"https:\\\/\\\/www.ghostysky.com\\\/shop\\\/\"},{\"@type\":\"ListItem\",\"position\":3,\"name\":\"Aplitop tcpMDT Standard + Surveying NETWORK\"}]},{\"@type\":\"WebSite\",\"@id\":\"https:\\\/\\\/www.ghostysky.com\\\/#website\",\"url\":\"https:\\\/\\\/www.ghostysky.com\\\/\",\"name\":\"Ghostysky\",\"description\":\"Delivering professional drones and robotics solutions\",\"publisher\":{\"@id\":\"https:\\\/\\\/www.ghostysky.com\\\/#organization\"},\"potentialAction\":[{\"@type\":\"SearchAction\",\"target\":{\"@type\":\"EntryPoint\",\"urlTemplate\":\"https:\\\/\\\/www.ghostysky.com\\\/?s={search_term_string}\"},\"query-input\":{\"@type\":\"PropertyValueSpecification\",\"valueRequired\":true,\"valueName\":\"search_term_string\"}}],\"inLanguage\":\"pt-PT\"},{\"@type\":\"Organization\",\"@id\":\"https:\\\/\\\/www.ghostysky.com\\\/#organization\",\"name\":\"Ghostysky\",\"url\":\"https:\\\/\\\/www.ghostysky.com\\\/\",\"logo\":{\"@type\":\"ImageObject\",\"inLanguage\":\"pt-PT\",\"@id\":\"https:\\\/\\\/www.ghostysky.com\\\/#\\\/schema\\\/logo\\\/image\\\/\",\"url\":\"https:\\\/\\\/www.ghostysky.com\\\/wp-content\\\/uploads\\\/2020\\\/06\\\/cropped-ghostyskylogo_text_white2.png\",\"contentUrl\":\"https:\\\/\\\/www.ghostysky.com\\\/wp-content\\\/uploads\\\/2020\\\/06\\\/cropped-ghostyskylogo_text_white2.png\",\"width\":169,\"height\":56,\"caption\":\"Ghostysky\"},\"image\":{\"@id\":\"https:\\\/\\\/www.ghostysky.com\\\/#\\\/schema\\\/logo\\\/image\\\/\"},\"sameAs\":[\"https:\\\/\\\/www.facebook.com\\\/people\\\/Ghostysky\\\/100057676170234\\\/\",\"https:\\\/\\\/x.com\\\/Gh0stysky\",\"https:\\\/\\\/www.linkedin.com\\\/company\\\/34739653\",\"https:\\\/\\\/www.instagram.com\\\/gh0stysky\"]}]}<\/script>\n<!-- \/ Yoast SEO plugin. -->","yoast_head_json":{"title":"Aplitop tcpMDT Standard + Rede de Topografia - Ghostysky","description":"O Aplitop tcpMDT Standard + Surveying NETWORK \u00e9 uma solu\u00e7\u00e3o de software abrangente e integrada ao CAD, projetada para agrimensores profissionais e engenheiros civis, oferecendo ferramentas robustas para modelagem digital de terreno, processamento de dados e c\u00e1lculos topogr\u00e1ficos. Este pacote combina os principais recursos de modelagem de terreno do tcpMDT Standard com os recursos especializados do m\u00f3dulo Surveying, entregues por meio de uma conveniente licen\u00e7a NETWORK.","robots":{"index":"index","follow":"follow","max-snippet":"max-snippet:-1","max-image-preview":"max-image-preview:large","max-video-preview":"max-video-preview:-1"},"canonical":"https:\/\/www.ghostysky.com\/pt\/produto-2\/aplitop-tcpmdt-standard-surveying-network\/","og_locale":"pt_PT","og_type":"article","og_title":"Aplitop tcpMDT Standard + Surveying NETWORK - Ghostysky","og_description":"Aplitop tcpMDT Standard + Surveying NETWORK is a comprehensive, CAD-integrated software solution designed for professional surveyors and civil engineers, offering robust tools for digital terrain modeling, data processing, and topographic calculations.This package combines the core terrain modeling capabilities of tcpMDT Standard with the specialized features of the Surveying module, delivered via a convenient NETWORK license.","og_url":"https:\/\/www.ghostysky.com\/pt\/produto-2\/aplitop-tcpmdt-standard-surveying-network\/","og_site_name":"Ghostysky","article_publisher":"https:\/\/www.facebook.com\/people\/Ghostysky\/100057676170234\/","article_modified_time":"2025-10-28T07:38:41+00:00","og_image":[{"width":500,"height":500,"url":"https:\/\/www.ghostysky.com\/wp-content\/uploads\/2025\/10\/GH_tcpMDT_1.jpg","type":"image\/jpeg"}],"twitter_card":"summary_large_image","twitter_site":"@Gh0stysky","twitter_misc":{"Tempo estimado de leitura":"2 minutos"},"schema":{"@context":"https:\/\/schema.org","@graph":[{"@type":"WebPage","@id":"https:\/\/www.ghostysky.com\/product\/aplitop-tcpmdt-standard-surveying-network\/","url":"https:\/\/www.ghostysky.com\/product\/aplitop-tcpmdt-standard-surveying-network\/","name":"Aplitop tcpMDT Standard + Rede de Topografia - Ghostysky","isPartOf":{"@id":"https:\/\/www.ghostysky.com\/#website"},"primaryImageOfPage":{"@id":"https:\/\/www.ghostysky.com\/product\/aplitop-tcpmdt-standard-surveying-network\/#primaryimage"},"image":{"@id":"https:\/\/www.ghostysky.com\/product\/aplitop-tcpmdt-standard-surveying-network\/#primaryimage"},"thumbnailUrl":"https:\/\/www.ghostysky.com\/wp-content\/uploads\/2025\/10\/GH_tcpMDT_1.jpg","datePublished":"2025-10-28T07:32:57+00:00","dateModified":"2025-10-28T07:38:41+00:00","description":"O Aplitop tcpMDT Standard + Surveying NETWORK \u00e9 uma solu\u00e7\u00e3o de software abrangente e integrada ao CAD, projetada para agrimensores profissionais e engenheiros civis, oferecendo ferramentas robustas para modelagem digital de terreno, processamento de dados e c\u00e1lculos topogr\u00e1ficos. Este pacote combina os principais recursos de modelagem de terreno do tcpMDT Standard com os recursos especializados do m\u00f3dulo Surveying, entregues por meio de uma conveniente licen\u00e7a NETWORK.","breadcrumb":{"@id":"https:\/\/www.ghostysky.com\/product\/aplitop-tcpmdt-standard-surveying-network\/#breadcrumb"},"inLanguage":"pt-PT","potentialAction":[{"@type":"ReadAction","target":["https:\/\/www.ghostysky.com\/product\/aplitop-tcpmdt-standard-surveying-network\/"]}]},{"@type":"ImageObject","inLanguage":"pt-PT","@id":"https:\/\/www.ghostysky.com\/product\/aplitop-tcpmdt-standard-surveying-network\/#primaryimage","url":"https:\/\/www.ghostysky.com\/wp-content\/uploads\/2025\/10\/GH_tcpMDT_1.jpg","contentUrl":"https:\/\/www.ghostysky.com\/wp-content\/uploads\/2025\/10\/GH_tcpMDT_1.jpg","width":500,"height":500},{"@type":"BreadcrumbList","@id":"https:\/\/www.ghostysky.com\/product\/aplitop-tcpmdt-standard-surveying-network\/#breadcrumb","itemListElement":[{"@type":"ListItem","position":1,"name":"Home","item":"https:\/\/www.ghostysky.com\/"},{"@type":"ListItem","position":2,"name":"Shop","item":"https:\/\/www.ghostysky.com\/shop\/"},{"@type":"ListItem","position":3,"name":"Aplitop tcpMDT Standard + Surveying NETWORK"}]},{"@type":"WebSite","@id":"https:\/\/www.ghostysky.com\/#website","url":"https:\/\/www.ghostysky.com\/","name":"Ghostysky","description":"Fornecendo solu\u00e7\u00f5es profissionais em drones e rob\u00f3tica.","publisher":{"@id":"https:\/\/www.ghostysky.com\/#organization"},"potentialAction":[{"@type":"SearchAction","target":{"@type":"EntryPoint","urlTemplate":"https:\/\/www.ghostysky.com\/?s={search_term_string}"},"query-input":{"@type":"PropertyValueSpecification","valueRequired":true,"valueName":"search_term_string"}}],"inLanguage":"pt-PT"},{"@type":"Organization","@id":"https:\/\/www.ghostysky.com\/#organization","name":"Ghostysky","url":"https:\/\/www.ghostysky.com\/","logo":{"@type":"ImageObject","inLanguage":"pt-PT","@id":"https:\/\/www.ghostysky.com\/#\/schema\/logo\/image\/","url":"https:\/\/www.ghostysky.com\/wp-content\/uploads\/2020\/06\/cropped-ghostyskylogo_text_white2.png","contentUrl":"https:\/\/www.ghostysky.com\/wp-content\/uploads\/2020\/06\/cropped-ghostyskylogo_text_white2.png","width":169,"height":56,"caption":"Ghostysky"},"image":{"@id":"https:\/\/www.ghostysky.com\/#\/schema\/logo\/image\/"},"sameAs":["https:\/\/www.facebook.com\/people\/Ghostysky\/100057676170234\/","https:\/\/x.com\/Gh0stysky","https:\/\/www.linkedin.com\/company\/34739653","https:\/\/www.instagram.com\/gh0stysky"]}]}},"_links":{"self":[{"href":"https:\/\/www.ghostysky.com\/pt\/wp-json\/wp\/v2\/product\/22584","targetHints":{"allow":["GET"]}}],"collection":[{"href":"https:\/\/www.ghostysky.com\/pt\/wp-json\/wp\/v2\/product"}],"about":[{"href":"https:\/\/www.ghostysky.com\/pt\/wp-json\/wp\/v2\/types\/product"}],"replies":[{"embeddable":true,"href":"https:\/\/www.ghostysky.com\/pt\/wp-json\/wp\/v2\/comments?post=22584"}],"version-history":[{"count":0,"href":"https:\/\/www.ghostysky.com\/pt\/wp-json\/wp\/v2\/product\/22584\/revisions"}],"wp:featuredmedia":[{"embeddable":true,"href":"https:\/\/www.ghostysky.com\/pt\/wp-json\/wp\/v2\/media\/22523"}],"wp:attachment":[{"href":"https:\/\/www.ghostysky.com\/pt\/wp-json\/wp\/v2\/media?parent=22584"}],"wp:term":[{"taxonomy":"product_brand","embeddable":true,"href":"https:\/\/www.ghostysky.com\/pt\/wp-json\/wp\/v2\/product_brand?post=22584"},{"taxonomy":"product_cat","embeddable":true,"href":"https:\/\/www.ghostysky.com\/pt\/wp-json\/wp\/v2\/product_cat?post=22584"},{"taxonomy":"product_tag","embeddable":true,"href":"https:\/\/www.ghostysky.com\/pt\/wp-json\/wp\/v2\/product_tag?post=22584"}],"curies":[{"name":"wp","href":"https:\/\/api.w.org\/{rel}","templated":true}]}}