{"id":22585,"date":"2025-10-28T07:41:43","date_gmt":"2025-10-28T07:41:43","guid":{"rendered":"https:\/\/www.ghostysky.com\/?post_type=product&#038;p=22585"},"modified":"2025-10-28T07:45:55","modified_gmt":"2025-10-28T07:45:55","slug":"aplitop-tcpmdt-professional-network","status":"publish","type":"product","link":"https:\/\/www.ghostysky.com\/pt\/product\/aplitop-tcpmdt-professional-network\/","title":{"rendered":"Aplitop tcpMDT Rede Profissional"},"content":{"rendered":"<h4>Principais recursos e aplica\u00e7\u00f5es<\/h4>\n<ul>\n<li><b><span class=\"citation-101\">Modelagem Digital de Terreno (MDT):<\/span><\/b><span class=\"citation-100 citation-101\"> Fun\u00e7\u00f5es avan\u00e7adas para cria\u00e7\u00e3o, edi\u00e7\u00e3o e an\u00e1lise de modelos digitais de terreno, gerando <\/span><b><span class=\"citation-100 citation-101\">linhas de contorno<\/span><\/b><span class=\"citation-100 citation-101 citation-end-101\">, e trabalhando com superf\u00edcies, incluindo ferramentas para subleitos e an\u00e1lises de declives<\/span><span class=\"citation-100 citation-end-100\">\u00e9.<\/span><\/li>\n<li><b><span class=\"citation-99\">Projeto de Estradas e Alinhamentos:<\/span><\/b><span class=\"citation-99\"> Fornece ferramentas para projetar ambos <\/span><b><span class=\"citation-99\">alinhamentos horizontais e verticais<\/span><\/b><span class=\"citation-99 citation-end-99\"> para estradas, ferrovias e outras infraestruturas lineares.<\/span><\/li>\n<li><b><span class=\"citation-98\">Terraplenagem e C\u00e1lculo de Volume:<\/span><\/b><span class=\"citation-98\"> Recursos para definir projeto <\/span><b><span class=\"citation-98\">se\u00e7\u00f5es transversais<\/span><\/b><span class=\"citation-98\"> (plataformas, valas, taludes, camadas de pavimento), calculando <\/span><b><span class=\"citation-98\">volumes de corte e preenchimento<\/span><\/b><span class=\"citation-98 citation-end-98\">, e determinar a eleva\u00e7\u00e3o ideal para equilibrar as terras.<\/span><\/li>\n<li><b><span class=\"citation-97\">Projeto de rede de servi\u00e7os p\u00fablicos:<\/span><\/b><span class=\"citation-97\"> Inclui ferramentas especializadas para desenho e design <\/span><b><span class=\"citation-97\">redes de \u00e1gua, esgoto e \u00e1guas pluviais<\/span><\/b><span class=\"citation-97 citation-end-97\">, com representa\u00e7\u00e3o em vista superior, perfil e cortes transversais.<\/span><\/li>\n<li><b><span class=\"citation-96\">Partida:<\/span><\/b><span class=\"citation-96 citation-end-96\"> Ferramentas completas para delimita\u00e7\u00e3o de estradas e pontos isolados, essenciais para opera\u00e7\u00f5es de campo.<\/span><\/li>\n<li><b><span class=\"citation-95\">Integra\u00e7\u00e3o BIM e GIS:<\/span><\/b><span class=\"citation-95\"> Suporta a integra\u00e7\u00e3o em <\/span><b><span class=\"citation-95\">Fluxos de trabalho OpenBIM<\/span><\/b><span class=\"citation-95\"> atrav\u00e9s da troca de arquivos padr\u00e3o da ind\u00fastria, como <\/span><b><span class=\"citation-95\">IFC<\/span><\/b><span class=\"citation-95\"> e <\/span><b><span class=\"citation-95\">LandXML<\/span><\/b><span class=\"citation-95 citation-end-95\">.<\/span> <span class=\"citation-94\">Tamb\u00e9m permite importar e exportar <\/span><b><span class=\"citation-94\">Dados GIS<\/span><\/b><span class=\"citation-94 citation-end-94\"> e conectar-se a servi\u00e7os de mapas da web (WMS\/WMTS).<\/span><\/li>\n<li><b>Visualiza\u00e7\u00e3o e relat\u00f3rios:<\/b><span class=\"citation-93\"> Os recursos incluem um <\/span><b><span class=\"citation-93\">tour virtual<\/span><\/b><span class=\"citation-93\"> com exporta\u00e7\u00e3o para v\u00eddeo e gera\u00e7\u00e3o de imagens detalhadas <\/span><b><span class=\"citation-93\">relat\u00f3rios de medi\u00e7\u00e3o, levantamentos de quantidades e or\u00e7amentos<\/span><\/b><span class=\"citation-93 citation-end-93\">.<\/span>\n<div class=\"source-inline-chip-container ng-star-inserted\"><\/div>\n<\/li>\n<\/ul>\n<p><b><span class=\"citation-92 interactive-span-hovered\">REDE Profissional tcpMDT<\/span><\/b><span class=\"citation-92 citation-end-92 interactive-span-hovered\"> \u00e9 o kit de ferramentas completo em que profissionais de administra\u00e7\u00e3o p\u00fablica, constru\u00e7\u00e3o, engenharia, arquitetura e empresas de planejamento urbano confiam para projetos como estradas, desenvolvimentos urbanos, pedreiras e opera\u00e7\u00f5es de minera\u00e7\u00e3o.<\/span><\/p>\n<div class=\"source-inline-chip-container ng-star-inserted\"><\/div>","protected":false},"excerpt":{"rendered":"<p><span class=\"citation-106\">O <\/span><b><span class=\"citation-106\">Aplitop tcpMDT Rede Profissional<\/span><\/b><span class=\"citation-106\"> \u00e9 uma solu\u00e7\u00e3o de software abrangente e modular para <\/span><b><span class=\"citation-106\">Topografia e Engenharia Civil<\/span><\/b><span class=\"citation-106 citation-end-106\"> projetos.<\/span> <span class=\"citation-105\">Ele opera como um poderoso <\/span><b><span class=\"citation-105\">plug-in<\/span><\/b><span class=\"citation-105\"> que se integra perfeitamente \u00e0s principais plataformas CAD, incluindo <\/span><b><span class=\"citation-105\">AutoCAD<\/span><\/b><span class=\"citation-105\">, <\/span><b><span class=\"citation-105\">BricsCAD<\/span><\/b><span class=\"citation-105\">, <\/span><b><span class=\"citation-105\">GstarCAD<\/span><\/b><span class=\"citation-105\">, e <\/span><b><span class=\"citation-105\">ZWCAD<\/span><\/b><span class=\"citation-105 citation-end-105\">.<\/span> <span class=\"citation-104 citation-end-104\">A designa\u00e7\u00e3o \u201cNETWORK\u201d indica que a licen\u00e7a pode ser distribu\u00edda entre diversas esta\u00e7\u00f5es de trabalho e gerenciada por meio de um servidor de licen\u00e7as, o que a torna ideal para equipes que compartilham recursos.<\/span><\/p>\n<p><span class=\"citation-103\">Este aplicativo de n\u00edvel profissional foi projetado para dar suporte ao usu\u00e1rio por meio de <\/span><b><span class=\"citation-103\">todas as etapas de um projeto civil<\/span><\/b><span class=\"citation-103 citation-end-103\">, desde o processamento inicial de dados topogr\u00e1ficos at\u00e9 o projeto final e relat\u00f3rios.<\/span> <span class=\"citation-102 citation-end-102\">Inclui todas as funcionalidades da vers\u00e3o Standard, al\u00e9m de ferramentas avan\u00e7adas focadas em projetos complexos de infraestrutura e terraplenagem.<\/span><\/p>","protected":false},"featured_media":22523,"comment_status":"open","ping_status":"closed","template":"","meta":[],"product_brand":[1208],"product_cat":[1207,31],"product_tag":[1209,1220],"class_list":{"0":"post-22585","1":"product","2":"type-product","3":"status-publish","4":"has-post-thumbnail","6":"product_brand-aplitop","7":"product_cat-aplitop","8":"product_cat-software","9":"product_tag-aplitop","10":"product_tag-aplitop-tcpmdt-professional-network","12":"first","13":"instock","14":"taxable","15":"shipping-taxable","16":"product-type-simple"},"yoast_head":"<!-- This site is optimized with the Yoast SEO plugin v27.1.1 - https:\/\/yoast.com\/product\/yoast-seo-wordpress\/ -->\n<title>Aplitop tcpMDT Professional NETWORK - Ghostysky<\/title>\n<meta name=\"description\" content=\"The Aplitop tcpMDT Professional NETWORK is a comprehensive, modular software solution for Land Surveying and Civil Engineering projects. It operates as a powerful plug-in that integrates seamlessly into major CAD platforms, including AutoCAD, BricsCAD, GstarCAD, and ZWCAD. The &quot;NETWORK&quot; designation indicates that the license is floatable across multiple workstations and managed via a license server, making it ideal for teams sharing resources.This professional-grade application is designed to support the user through all stages of a civil project, from initial topographic data processing to final design and reporting. It includes all the functionalities of the Standard version, plus advanced tools focused on complex infrastructure and earthwork design.\" \/>\n<meta name=\"robots\" content=\"index, follow, max-snippet:-1, max-image-preview:large, max-video-preview:-1\" \/>\n<link rel=\"canonical\" href=\"https:\/\/www.ghostysky.com\/pt\/produto-2\/aplitop-tcpmdt-professional-network\/\" \/>\n<meta property=\"og:locale\" content=\"pt_PT\" \/>\n<meta property=\"og:type\" content=\"article\" \/>\n<meta property=\"og:title\" content=\"Aplitop tcpMDT Professional NETWORK - Ghostysky\" \/>\n<meta property=\"og:description\" content=\"The Aplitop tcpMDT Professional NETWORK is a comprehensive, modular software solution for Land Surveying and Civil Engineering projects. It operates as a powerful plug-in that integrates seamlessly into major CAD platforms, including AutoCAD, BricsCAD, GstarCAD, and ZWCAD. The &quot;NETWORK&quot; designation indicates that the license is floatable across multiple workstations and managed via a license server, making it ideal for teams sharing resources.This professional-grade application is designed to support the user through all stages of a civil project, from initial topographic data processing to final design and reporting. It includes all the functionalities of the Standard version, plus advanced tools focused on complex infrastructure and earthwork design.\" \/>\n<meta property=\"og:url\" content=\"https:\/\/www.ghostysky.com\/pt\/produto-2\/aplitop-tcpmdt-professional-network\/\" \/>\n<meta property=\"og:site_name\" content=\"Ghostysky\" \/>\n<meta property=\"article:publisher\" content=\"https:\/\/www.facebook.com\/people\/Ghostysky\/100057676170234\/\" \/>\n<meta property=\"article:modified_time\" content=\"2025-10-28T07:45:55+00:00\" \/>\n<meta property=\"og:image\" content=\"https:\/\/www.ghostysky.com\/wp-content\/uploads\/2025\/10\/GH_tcpMDT_1.jpg\" \/>\n\t<meta property=\"og:image:width\" content=\"500\" \/>\n\t<meta property=\"og:image:height\" content=\"500\" \/>\n\t<meta property=\"og:image:type\" content=\"image\/jpeg\" \/>\n<meta name=\"twitter:card\" content=\"summary_large_image\" \/>\n<meta name=\"twitter:site\" content=\"@Gh0stysky\" \/>\n<meta name=\"twitter:label1\" content=\"Tempo estimado de leitura\" \/>\n\t<meta name=\"twitter:data1\" content=\"2 minutos\" \/>\n<script type=\"application\/ld+json\" class=\"yoast-schema-graph\">{\"@context\":\"https:\/\/schema.org\",\"@graph\":[{\"@type\":\"WebPage\",\"@id\":\"https:\/\/www.ghostysky.com\/product\/aplitop-tcpmdt-professional-network\/\",\"url\":\"https:\/\/www.ghostysky.com\/product\/aplitop-tcpmdt-professional-network\/\",\"name\":\"Aplitop tcpMDT Professional NETWORK - Ghostysky\",\"isPartOf\":{\"@id\":\"https:\/\/www.ghostysky.com\/#website\"},\"primaryImageOfPage\":{\"@id\":\"https:\/\/www.ghostysky.com\/product\/aplitop-tcpmdt-professional-network\/#primaryimage\"},\"image\":{\"@id\":\"https:\/\/www.ghostysky.com\/product\/aplitop-tcpmdt-professional-network\/#primaryimage\"},\"thumbnailUrl\":\"https:\/\/www.ghostysky.com\/wp-content\/uploads\/2025\/10\/GH_tcpMDT_1.jpg\",\"datePublished\":\"2025-10-28T07:41:43+00:00\",\"dateModified\":\"2025-10-28T07:45:55+00:00\",\"description\":\"The Aplitop tcpMDT Professional NETWORK is a comprehensive, modular software solution for Land Surveying and Civil Engineering projects. It operates as a powerful plug-in that integrates seamlessly into major CAD platforms, including AutoCAD, BricsCAD, GstarCAD, and ZWCAD. The \\\"NETWORK\\\" designation indicates that the license is floatable across multiple workstations and managed via a license server, making it ideal for teams sharing resources.This professional-grade application is designed to support the user through all stages of a civil project, from initial topographic data processing to final design and reporting. It includes all the functionalities of the Standard version, plus advanced tools focused on complex infrastructure and earthwork design.\",\"breadcrumb\":{\"@id\":\"https:\/\/www.ghostysky.com\/product\/aplitop-tcpmdt-professional-network\/#breadcrumb\"},\"inLanguage\":\"pt-PT\",\"potentialAction\":[{\"@type\":\"ReadAction\",\"target\":[\"https:\/\/www.ghostysky.com\/product\/aplitop-tcpmdt-professional-network\/\"]}]},{\"@type\":\"ImageObject\",\"inLanguage\":\"pt-PT\",\"@id\":\"https:\/\/www.ghostysky.com\/product\/aplitop-tcpmdt-professional-network\/#primaryimage\",\"url\":\"https:\/\/www.ghostysky.com\/wp-content\/uploads\/2025\/10\/GH_tcpMDT_1.jpg\",\"contentUrl\":\"https:\/\/www.ghostysky.com\/wp-content\/uploads\/2025\/10\/GH_tcpMDT_1.jpg\",\"width\":500,\"height\":500},{\"@type\":\"BreadcrumbList\",\"@id\":\"https:\/\/www.ghostysky.com\/product\/aplitop-tcpmdt-professional-network\/#breadcrumb\",\"itemListElement\":[{\"@type\":\"ListItem\",\"position\":1,\"name\":\"Home\",\"item\":\"https:\/\/www.ghostysky.com\/\"},{\"@type\":\"ListItem\",\"position\":2,\"name\":\"Shop\",\"item\":\"https:\/\/www.ghostysky.com\/shop\/\"},{\"@type\":\"ListItem\",\"position\":3,\"name\":\"Aplitop tcpMDT Professional NETWORK\"}]},{\"@type\":\"WebSite\",\"@id\":\"https:\/\/www.ghostysky.com\/#website\",\"url\":\"https:\/\/www.ghostysky.com\/\",\"name\":\"Ghostysky\",\"description\":\"Delivering professional drones and services\",\"publisher\":{\"@id\":\"https:\/\/www.ghostysky.com\/#organization\"},\"potentialAction\":[{\"@type\":\"SearchAction\",\"target\":{\"@type\":\"EntryPoint\",\"urlTemplate\":\"https:\/\/www.ghostysky.com\/?s={search_term_string}\"},\"query-input\":{\"@type\":\"PropertyValueSpecification\",\"valueRequired\":true,\"valueName\":\"search_term_string\"}}],\"inLanguage\":\"pt-PT\"},{\"@type\":\"Organization\",\"@id\":\"https:\/\/www.ghostysky.com\/#organization\",\"name\":\"Ghostysky\",\"url\":\"https:\/\/www.ghostysky.com\/\",\"logo\":{\"@type\":\"ImageObject\",\"inLanguage\":\"pt-PT\",\"@id\":\"https:\/\/www.ghostysky.com\/#\/schema\/logo\/image\/\",\"url\":\"https:\/\/www.ghostysky.com\/wp-content\/uploads\/2020\/06\/cropped-ghostyskylogo_text_white2.png\",\"contentUrl\":\"https:\/\/www.ghostysky.com\/wp-content\/uploads\/2020\/06\/cropped-ghostyskylogo_text_white2.png\",\"width\":169,\"height\":56,\"caption\":\"Ghostysky\"},\"image\":{\"@id\":\"https:\/\/www.ghostysky.com\/#\/schema\/logo\/image\/\"},\"sameAs\":[\"https:\/\/www.facebook.com\/people\/Ghostysky\/100057676170234\/\",\"https:\/\/x.com\/Gh0stysky\",\"https:\/\/www.linkedin.com\/company\/34739653\",\"https:\/\/www.instagram.com\/gh0stysky\"]}]}<\/script>\n<!-- \/ Yoast SEO plugin. -->","yoast_head_json":{"title":"Aplitop tcpMDT Professional REDE - Ghostysky","description":"O Aplitop tcpMDT Professional NETWORK \u00e9 uma solu\u00e7\u00e3o de software abrangente e modular para projetos de topografia e engenharia civil. Ele opera como um plug-in poderoso que se integra perfeitamente \u00e0s principais plataformas CAD, incluindo AutoCAD, BricsCAD, GstarCAD e ZWCAD. A designa\u00e7\u00e3o &quot;NETWORK&quot; indica que a licen\u00e7a \u00e9 flutuante entre v\u00e1rias esta\u00e7\u00f5es de trabalho e gerenciada por meio de um servidor de licen\u00e7as, tornando-a ideal para equipes que compartilham recursos. Este aplicativo de n\u00edvel profissional foi projetado para auxiliar o usu\u00e1rio em todas as etapas de um projeto civil, desde o processamento inicial de dados topogr\u00e1ficos at\u00e9 o projeto final e a gera\u00e7\u00e3o de relat\u00f3rios. Inclui todas as funcionalidades da vers\u00e3o Standard, al\u00e9m de ferramentas avan\u00e7adas focadas em projetos complexos de infraestrutura e terraplenagem.","robots":{"index":"index","follow":"follow","max-snippet":"max-snippet:-1","max-image-preview":"max-image-preview:large","max-video-preview":"max-video-preview:-1"},"canonical":"https:\/\/www.ghostysky.com\/pt\/produto-2\/aplitop-tcpmdt-professional-network\/","og_locale":"pt_PT","og_type":"article","og_title":"Aplitop tcpMDT Professional NETWORK - Ghostysky","og_description":"The Aplitop tcpMDT Professional NETWORK is a comprehensive, modular software solution for Land Surveying and Civil Engineering projects. It operates as a powerful plug-in that integrates seamlessly into major CAD platforms, including AutoCAD, BricsCAD, GstarCAD, and ZWCAD. The \"NETWORK\" designation indicates that the license is floatable across multiple workstations and managed via a license server, making it ideal for teams sharing resources.This professional-grade application is designed to support the user through all stages of a civil project, from initial topographic data processing to final design and reporting. It includes all the functionalities of the Standard version, plus advanced tools focused on complex infrastructure and earthwork design.","og_url":"https:\/\/www.ghostysky.com\/pt\/produto-2\/aplitop-tcpmdt-professional-network\/","og_site_name":"Ghostysky","article_publisher":"https:\/\/www.facebook.com\/people\/Ghostysky\/100057676170234\/","article_modified_time":"2025-10-28T07:45:55+00:00","og_image":[{"width":500,"height":500,"url":"https:\/\/www.ghostysky.com\/wp-content\/uploads\/2025\/10\/GH_tcpMDT_1.jpg","type":"image\/jpeg"}],"twitter_card":"summary_large_image","twitter_site":"@Gh0stysky","twitter_misc":{"Tempo estimado de leitura":"2 minutos"},"schema":{"@context":"https:\/\/schema.org","@graph":[{"@type":"WebPage","@id":"https:\/\/www.ghostysky.com\/product\/aplitop-tcpmdt-professional-network\/","url":"https:\/\/www.ghostysky.com\/product\/aplitop-tcpmdt-professional-network\/","name":"Aplitop tcpMDT Professional REDE - Ghostysky","isPartOf":{"@id":"https:\/\/www.ghostysky.com\/#website"},"primaryImageOfPage":{"@id":"https:\/\/www.ghostysky.com\/product\/aplitop-tcpmdt-professional-network\/#primaryimage"},"image":{"@id":"https:\/\/www.ghostysky.com\/product\/aplitop-tcpmdt-professional-network\/#primaryimage"},"thumbnailUrl":"https:\/\/www.ghostysky.com\/wp-content\/uploads\/2025\/10\/GH_tcpMDT_1.jpg","datePublished":"2025-10-28T07:41:43+00:00","dateModified":"2025-10-28T07:45:55+00:00","description":"O Aplitop tcpMDT Professional NETWORK \u00e9 uma solu\u00e7\u00e3o de software abrangente e modular para projetos de topografia e engenharia civil. Ele opera como um plug-in poderoso que se integra perfeitamente \u00e0s principais plataformas CAD, incluindo AutoCAD, BricsCAD, GstarCAD e ZWCAD. A designa\u00e7\u00e3o &quot;NETWORK&quot; indica que a licen\u00e7a \u00e9 flutuante entre v\u00e1rias esta\u00e7\u00f5es de trabalho e gerenciada por meio de um servidor de licen\u00e7as, tornando-a ideal para equipes que compartilham recursos. Este aplicativo de n\u00edvel profissional foi projetado para auxiliar o usu\u00e1rio em todas as etapas de um projeto civil, desde o processamento inicial de dados topogr\u00e1ficos at\u00e9 o projeto final e a gera\u00e7\u00e3o de relat\u00f3rios. Inclui todas as funcionalidades da vers\u00e3o Standard, al\u00e9m de ferramentas avan\u00e7adas focadas em projetos complexos de infraestrutura e terraplenagem.","breadcrumb":{"@id":"https:\/\/www.ghostysky.com\/product\/aplitop-tcpmdt-professional-network\/#breadcrumb"},"inLanguage":"pt-PT","potentialAction":[{"@type":"ReadAction","target":["https:\/\/www.ghostysky.com\/product\/aplitop-tcpmdt-professional-network\/"]}]},{"@type":"ImageObject","inLanguage":"pt-PT","@id":"https:\/\/www.ghostysky.com\/product\/aplitop-tcpmdt-professional-network\/#primaryimage","url":"https:\/\/www.ghostysky.com\/wp-content\/uploads\/2025\/10\/GH_tcpMDT_1.jpg","contentUrl":"https:\/\/www.ghostysky.com\/wp-content\/uploads\/2025\/10\/GH_tcpMDT_1.jpg","width":500,"height":500},{"@type":"BreadcrumbList","@id":"https:\/\/www.ghostysky.com\/product\/aplitop-tcpmdt-professional-network\/#breadcrumb","itemListElement":[{"@type":"ListItem","position":1,"name":"Home","item":"https:\/\/www.ghostysky.com\/"},{"@type":"ListItem","position":2,"name":"Shop","item":"https:\/\/www.ghostysky.com\/shop\/"},{"@type":"ListItem","position":3,"name":"Aplitop tcpMDT Professional NETWORK"}]},{"@type":"WebSite","@id":"https:\/\/www.ghostysky.com\/#website","url":"https:\/\/www.ghostysky.com\/","name":"Ghostysky","description":"Fornecendo drones e servi\u00e7os profissionais","publisher":{"@id":"https:\/\/www.ghostysky.com\/#organization"},"potentialAction":[{"@type":"SearchAction","target":{"@type":"EntryPoint","urlTemplate":"https:\/\/www.ghostysky.com\/?s={search_term_string}"},"query-input":{"@type":"PropertyValueSpecification","valueRequired":true,"valueName":"search_term_string"}}],"inLanguage":"pt-PT"},{"@type":"Organization","@id":"https:\/\/www.ghostysky.com\/#organization","name":"Ghostysky","url":"https:\/\/www.ghostysky.com\/","logo":{"@type":"ImageObject","inLanguage":"pt-PT","@id":"https:\/\/www.ghostysky.com\/#\/schema\/logo\/image\/","url":"https:\/\/www.ghostysky.com\/wp-content\/uploads\/2020\/06\/cropped-ghostyskylogo_text_white2.png","contentUrl":"https:\/\/www.ghostysky.com\/wp-content\/uploads\/2020\/06\/cropped-ghostyskylogo_text_white2.png","width":169,"height":56,"caption":"Ghostysky"},"image":{"@id":"https:\/\/www.ghostysky.com\/#\/schema\/logo\/image\/"},"sameAs":["https:\/\/www.facebook.com\/people\/Ghostysky\/100057676170234\/","https:\/\/x.com\/Gh0stysky","https:\/\/www.linkedin.com\/company\/34739653","https:\/\/www.instagram.com\/gh0stysky"]}]}},"_links":{"self":[{"href":"https:\/\/www.ghostysky.com\/pt\/wp-json\/wp\/v2\/product\/22585","targetHints":{"allow":["GET"]}}],"collection":[{"href":"https:\/\/www.ghostysky.com\/pt\/wp-json\/wp\/v2\/product"}],"about":[{"href":"https:\/\/www.ghostysky.com\/pt\/wp-json\/wp\/v2\/types\/product"}],"replies":[{"embeddable":true,"href":"https:\/\/www.ghostysky.com\/pt\/wp-json\/wp\/v2\/comments?post=22585"}],"wp:featuredmedia":[{"embeddable":true,"href":"https:\/\/www.ghostysky.com\/pt\/wp-json\/wp\/v2\/media\/22523"}],"wp:attachment":[{"href":"https:\/\/www.ghostysky.com\/pt\/wp-json\/wp\/v2\/media?parent=22585"}],"wp:term":[{"taxonomy":"product_brand","embeddable":true,"href":"https:\/\/www.ghostysky.com\/pt\/wp-json\/wp\/v2\/product_brand?post=22585"},{"taxonomy":"product_cat","embeddable":true,"href":"https:\/\/www.ghostysky.com\/pt\/wp-json\/wp\/v2\/product_cat?post=22585"},{"taxonomy":"product_tag","embeddable":true,"href":"https:\/\/www.ghostysky.com\/pt\/wp-json\/wp\/v2\/product_tag?post=22585"}],"curies":[{"name":"wp","href":"https:\/\/api.w.org\/{rel}","templated":true}]}}