{"id":22586,"date":"2025-10-28T07:51:23","date_gmt":"2025-10-28T07:51:23","guid":{"rendered":"https:\/\/www.ghostysky.com\/?post_type=product&#038;p=22586"},"modified":"2025-10-28T07:55:54","modified_gmt":"2025-10-28T07:55:54","slug":"aplitop-tcpmdt-professional-surveying-network","status":"publish","type":"product","link":"https:\/\/www.ghostysky.com\/pt\/product\/aplitop-tcpmdt-professional-surveying-network\/","title":{"rendered":"Aplitop tcpMDT Profissional + Rede de Topografia"},"content":{"rendered":"<h4><b>Principais recursos e capacidades<\/b><\/h4>\n<ul>\n<li><b><span class=\"citation-126\">Licenciamento de Rede (NETWORK):<\/span><\/b><span class=\"citation-126 citation-end-126\"> Esta vers\u00e3o inclui uma Licen\u00e7a de Rede flutuante, gerenciada por meio de um servidor de licen\u00e7as, tornando-a a solu\u00e7\u00e3o perfeita para equipes e organiza\u00e7\u00f5es que precisam compartilhar recursos e maximizar o uso de software em v\u00e1rias esta\u00e7\u00f5es de trabalho.<\/span><\/li>\n<li><b><span class=\"citation-125\">M\u00f3dulo Completo de Topografia (Topografia):<\/span><\/b><span class=\"citation-125 citation-end-125\"> Processe observa\u00e7\u00f5es brutas de esta\u00e7\u00f5es totais, execute c\u00e1lculos de coordenadas de pontos, compense travessias e redes e execute transforma\u00e7\u00f5es de coordenadas globais e locais com acesso ao banco de dados global EPSG de sistemas de refer\u00eancia.<\/span><\/li>\n<li><b><span class=\"citation-124\">Modelagem Digital Avan\u00e7ada de Terreno (DTM):<\/span><\/b><span class=\"citation-124 citation-end-124\"> Crie, edite e analise modelos digitais de terreno, gere linhas de contorno precisas, perfis (longitudinais e transversais) e relat\u00f3rios de volume para an\u00e1lise de corte\/aterro e terraplenagem.<\/span><\/li>\n<li><b><span class=\"citation-123\">Projeto Civil Abrangente:<\/span><\/b><span class=\"citation-123 citation-end-123\"> Projetar e gerenciar alinhamentos horizontais e verticais para estradas, ferrovias e infraestrutura.<\/span> <span class=\"citation-122 citation-end-122\">Defina modelos de projeto, se\u00e7\u00f5es padr\u00e3o (plataformas, valas, taludes, camadas de pavimento) e gere relat\u00f3rios detalhados de demarca\u00e7\u00e3o.<\/span><\/li>\n<li><b><span class=\"citation-121\">Projeto de Rede de Infraestrutura:<\/span><\/b><span class=\"citation-121 citation-end-121\"> Ferramentas especializadas para desenho e projeto de redes de \u00e1gua, esgoto e \u00e1guas pluviais, incluindo representa\u00e7\u00e3o em planta, perfil e cortes transversais.<\/span><\/li>\n<li><b><span class=\"citation-120\">Integra\u00e7\u00e3o OpenBIM e GIS:<\/span><\/b><span class=\"citation-120\"> Integre-se perfeitamente aos fluxos de trabalho OpenBIM com suporte total para importa\u00e7\u00e3o e exporta\u00e7\u00e3o de formatos padr\u00e3o da ind\u00fastria, como <\/span><b><span class=\"citation-120\">IFC<\/span><\/b><span class=\"citation-120\"> e <\/span><b><span class=\"citation-120\">LandXML<\/span><\/b><span class=\"citation-120 citation-end-120\">, juntamente com importa\u00e7\u00e3o\/exporta\u00e7\u00e3o de dados GIS.<\/span><\/li>\n<li><b>Visualiza\u00e7\u00e3o e relat\u00f3rios:<\/b><span class=\"citation-119 citation-end-119\"> Aproveite um recurso de tour virtual com exporta\u00e7\u00e3o de v\u00eddeo e gere relat\u00f3rios detalhados e personaliz\u00e1veis sobre \u00e1reas, volumes, medidas e or\u00e7amentos.<\/span><\/li>\n<li><b>Flexibilidade da plataforma CAD:<\/b><span class=\"citation-118\"> Integra-se diretamente aos principais ambientes CAD, incluindo <\/span><b><span class=\"citation-118\">AutoCAD, BricsCAD, GstarCAD e ZWCAD<\/span><\/b><span class=\"citation-118 citation-end-118\">, permitindo que sua equipe trabalhe em uma interface familiar.<\/span>\n<div class=\"source-inline-chip-container ng-star-inserted\"><\/div>\n<\/li>\n<\/ul>\n<p>O tcpMDT Professional + Surveying NETWORK oferece a pot\u00eancia, a precis\u00e3o e a flexibilidade necess\u00e1rias para projetos colaborativos de larga escala, desde desenvolvimentos urbanos e pedreiras at\u00e9 projetos de estradas e planejamento de infraestrutura.<\/p>","protected":false},"excerpt":{"rendered":"<p><b>A solu\u00e7\u00e3o de rede completa para topografia avan\u00e7ada e engenharia civil<\/b><\/p>\n<p><span class=\"citation-128 citation-end-128\">O APLITOP tcpMDT Professional + Surveying NETWORK \u00e9 um conjunto de software abrangente e modular criado para otimizar todas as etapas de projetos complexos de topografia e engenharia civil.<\/span> <span class=\"citation-127 citation-end-127\">Operando como um plug-in robusto para sua plataforma CAD preferida (AutoCAD, BricsCAD, GstarCAD ou ZWCAD), este pacote avan\u00e7ado fornece um conjunto de ferramentas incompar\u00e1vel para profissionais, incluindo engenheiros civis, agrimensores e gerentes de infraestrutura.<\/span><\/p>","protected":false},"featured_media":22523,"comment_status":"open","ping_status":"closed","template":"","meta":[],"product_brand":[1208],"product_cat":[1207,31],"product_tag":[1209,1221],"class_list":{"0":"post-22586","1":"product","2":"type-product","3":"status-publish","4":"has-post-thumbnail","6":"product_brand-aplitop","7":"product_cat-aplitop","8":"product_cat-software","9":"product_tag-aplitop","10":"product_tag-tcpmdt-professional-surveying-network","12":"first","13":"instock","14":"taxable","15":"shipping-taxable","16":"product-type-simple"},"yoast_head":"<!-- This site is optimized with the Yoast SEO plugin v27.1.1 - https:\/\/yoast.com\/product\/yoast-seo-wordpress\/ -->\n<title>Aplitop tcpMDT Professional + Surveying NETWORK - Ghostysky<\/title>\n<meta name=\"description\" content=\"The All-in-One Network Solution for Advanced Land Surveying and Civil EngineeringAPLITOP tcpMDT Professional + Surveying NETWORK is a comprehensive, modular software suite built to streamline every stage of complex topography and civil engineering projects. Operating as a robust plug-in for your preferred CAD platform (AutoCAD, BricsCAD, GstarCAD, or ZWCAD), this advanced package provides an unrivaled toolset for professionals, including civil engineers, land surveyors, and infrastructure managers.\" \/>\n<meta name=\"robots\" content=\"index, follow, max-snippet:-1, max-image-preview:large, max-video-preview:-1\" \/>\n<link rel=\"canonical\" href=\"https:\/\/www.ghostysky.com\/pt\/produto-2\/aplitop-tcpmdt-professional-surveying-network\/\" \/>\n<meta property=\"og:locale\" content=\"pt_PT\" \/>\n<meta property=\"og:type\" content=\"article\" \/>\n<meta property=\"og:title\" content=\"Aplitop tcpMDT Professional + Surveying NETWORK - Ghostysky\" \/>\n<meta property=\"og:description\" content=\"The All-in-One Network Solution for Advanced Land Surveying and Civil EngineeringAPLITOP tcpMDT Professional + Surveying NETWORK is a comprehensive, modular software suite built to streamline every stage of complex topography and civil engineering projects. Operating as a robust plug-in for your preferred CAD platform (AutoCAD, BricsCAD, GstarCAD, or ZWCAD), this advanced package provides an unrivaled toolset for professionals, including civil engineers, land surveyors, and infrastructure managers.\" \/>\n<meta property=\"og:url\" content=\"https:\/\/www.ghostysky.com\/pt\/produto-2\/aplitop-tcpmdt-professional-surveying-network\/\" \/>\n<meta property=\"og:site_name\" content=\"Ghostysky\" \/>\n<meta property=\"article:publisher\" content=\"https:\/\/www.facebook.com\/people\/Ghostysky\/100057676170234\/\" \/>\n<meta property=\"article:modified_time\" content=\"2025-10-28T07:55:54+00:00\" \/>\n<meta property=\"og:image\" content=\"https:\/\/www.ghostysky.com\/wp-content\/uploads\/2025\/10\/GH_tcpMDT_1.jpg\" \/>\n\t<meta property=\"og:image:width\" content=\"500\" \/>\n\t<meta property=\"og:image:height\" content=\"500\" \/>\n\t<meta property=\"og:image:type\" content=\"image\/jpeg\" \/>\n<meta name=\"twitter:card\" content=\"summary_large_image\" \/>\n<meta name=\"twitter:site\" content=\"@Gh0stysky\" \/>\n<meta name=\"twitter:label1\" content=\"Tempo estimado de leitura\" \/>\n\t<meta name=\"twitter:data1\" content=\"2 minutos\" \/>\n<script type=\"application\/ld+json\" class=\"yoast-schema-graph\">{\"@context\":\"https:\/\/schema.org\",\"@graph\":[{\"@type\":\"WebPage\",\"@id\":\"https:\/\/www.ghostysky.com\/product\/aplitop-tcpmdt-professional-surveying-network\/\",\"url\":\"https:\/\/www.ghostysky.com\/product\/aplitop-tcpmdt-professional-surveying-network\/\",\"name\":\"Aplitop tcpMDT Professional + Surveying NETWORK - Ghostysky\",\"isPartOf\":{\"@id\":\"https:\/\/www.ghostysky.com\/#website\"},\"primaryImageOfPage\":{\"@id\":\"https:\/\/www.ghostysky.com\/product\/aplitop-tcpmdt-professional-surveying-network\/#primaryimage\"},\"image\":{\"@id\":\"https:\/\/www.ghostysky.com\/product\/aplitop-tcpmdt-professional-surveying-network\/#primaryimage\"},\"thumbnailUrl\":\"https:\/\/www.ghostysky.com\/wp-content\/uploads\/2025\/10\/GH_tcpMDT_1.jpg\",\"datePublished\":\"2025-10-28T07:51:23+00:00\",\"dateModified\":\"2025-10-28T07:55:54+00:00\",\"description\":\"The All-in-One Network Solution for Advanced Land Surveying and Civil EngineeringAPLITOP tcpMDT Professional + Surveying NETWORK is a comprehensive, modular software suite built to streamline every stage of complex topography and civil engineering projects. Operating as a robust plug-in for your preferred CAD platform (AutoCAD, BricsCAD, GstarCAD, or ZWCAD), this advanced package provides an unrivaled toolset for professionals, including civil engineers, land surveyors, and infrastructure managers.\",\"breadcrumb\":{\"@id\":\"https:\/\/www.ghostysky.com\/product\/aplitop-tcpmdt-professional-surveying-network\/#breadcrumb\"},\"inLanguage\":\"pt-PT\",\"potentialAction\":[{\"@type\":\"ReadAction\",\"target\":[\"https:\/\/www.ghostysky.com\/product\/aplitop-tcpmdt-professional-surveying-network\/\"]}]},{\"@type\":\"ImageObject\",\"inLanguage\":\"pt-PT\",\"@id\":\"https:\/\/www.ghostysky.com\/product\/aplitop-tcpmdt-professional-surveying-network\/#primaryimage\",\"url\":\"https:\/\/www.ghostysky.com\/wp-content\/uploads\/2025\/10\/GH_tcpMDT_1.jpg\",\"contentUrl\":\"https:\/\/www.ghostysky.com\/wp-content\/uploads\/2025\/10\/GH_tcpMDT_1.jpg\",\"width\":500,\"height\":500},{\"@type\":\"BreadcrumbList\",\"@id\":\"https:\/\/www.ghostysky.com\/product\/aplitop-tcpmdt-professional-surveying-network\/#breadcrumb\",\"itemListElement\":[{\"@type\":\"ListItem\",\"position\":1,\"name\":\"Home\",\"item\":\"https:\/\/www.ghostysky.com\/\"},{\"@type\":\"ListItem\",\"position\":2,\"name\":\"Shop\",\"item\":\"https:\/\/www.ghostysky.com\/shop\/\"},{\"@type\":\"ListItem\",\"position\":3,\"name\":\"Aplitop tcpMDT Professional + Surveying NETWORK\"}]},{\"@type\":\"WebSite\",\"@id\":\"https:\/\/www.ghostysky.com\/#website\",\"url\":\"https:\/\/www.ghostysky.com\/\",\"name\":\"Ghostysky\",\"description\":\"Delivering professional drones and services\",\"publisher\":{\"@id\":\"https:\/\/www.ghostysky.com\/#organization\"},\"potentialAction\":[{\"@type\":\"SearchAction\",\"target\":{\"@type\":\"EntryPoint\",\"urlTemplate\":\"https:\/\/www.ghostysky.com\/?s={search_term_string}\"},\"query-input\":{\"@type\":\"PropertyValueSpecification\",\"valueRequired\":true,\"valueName\":\"search_term_string\"}}],\"inLanguage\":\"pt-PT\"},{\"@type\":\"Organization\",\"@id\":\"https:\/\/www.ghostysky.com\/#organization\",\"name\":\"Ghostysky\",\"url\":\"https:\/\/www.ghostysky.com\/\",\"logo\":{\"@type\":\"ImageObject\",\"inLanguage\":\"pt-PT\",\"@id\":\"https:\/\/www.ghostysky.com\/#\/schema\/logo\/image\/\",\"url\":\"https:\/\/www.ghostysky.com\/wp-content\/uploads\/2020\/06\/cropped-ghostyskylogo_text_white2.png\",\"contentUrl\":\"https:\/\/www.ghostysky.com\/wp-content\/uploads\/2020\/06\/cropped-ghostyskylogo_text_white2.png\",\"width\":169,\"height\":56,\"caption\":\"Ghostysky\"},\"image\":{\"@id\":\"https:\/\/www.ghostysky.com\/#\/schema\/logo\/image\/\"},\"sameAs\":[\"https:\/\/www.facebook.com\/people\/Ghostysky\/100057676170234\/\",\"https:\/\/x.com\/Gh0stysky\",\"https:\/\/www.linkedin.com\/company\/34739653\",\"https:\/\/www.instagram.com\/gh0stysky\"]}]}<\/script>\n<!-- \/ Yoast SEO plugin. -->","yoast_head_json":{"title":"Aplitop tcpMDT Professional + Rede de Topografia - Ghostysky","description":"A solu\u00e7\u00e3o de rede completa para topografia avan\u00e7ada e engenharia civil. O APLITOP tcpMDT Professional + Surveying NETWORK \u00e9 um pacote de software abrangente e modular desenvolvido para otimizar todas as etapas de projetos complexos de topografia e engenharia civil. Operando como um plug-in robusto para sua plataforma CAD preferida (AutoCAD, BricsCAD, GstarCAD ou ZWCAD), este pacote avan\u00e7ado oferece um conjunto de ferramentas incompar\u00e1vel para profissionais, incluindo engenheiros civis, agrimensores e gerentes de infraestrutura.","robots":{"index":"index","follow":"follow","max-snippet":"max-snippet:-1","max-image-preview":"max-image-preview:large","max-video-preview":"max-video-preview:-1"},"canonical":"https:\/\/www.ghostysky.com\/pt\/produto-2\/aplitop-tcpmdt-professional-surveying-network\/","og_locale":"pt_PT","og_type":"article","og_title":"Aplitop tcpMDT Professional + Surveying NETWORK - Ghostysky","og_description":"The All-in-One Network Solution for Advanced Land Surveying and Civil EngineeringAPLITOP tcpMDT Professional + Surveying NETWORK is a comprehensive, modular software suite built to streamline every stage of complex topography and civil engineering projects. Operating as a robust plug-in for your preferred CAD platform (AutoCAD, BricsCAD, GstarCAD, or ZWCAD), this advanced package provides an unrivaled toolset for professionals, including civil engineers, land surveyors, and infrastructure managers.","og_url":"https:\/\/www.ghostysky.com\/pt\/produto-2\/aplitop-tcpmdt-professional-surveying-network\/","og_site_name":"Ghostysky","article_publisher":"https:\/\/www.facebook.com\/people\/Ghostysky\/100057676170234\/","article_modified_time":"2025-10-28T07:55:54+00:00","og_image":[{"width":500,"height":500,"url":"https:\/\/www.ghostysky.com\/wp-content\/uploads\/2025\/10\/GH_tcpMDT_1.jpg","type":"image\/jpeg"}],"twitter_card":"summary_large_image","twitter_site":"@Gh0stysky","twitter_misc":{"Tempo estimado de leitura":"2 minutos"},"schema":{"@context":"https:\/\/schema.org","@graph":[{"@type":"WebPage","@id":"https:\/\/www.ghostysky.com\/product\/aplitop-tcpmdt-professional-surveying-network\/","url":"https:\/\/www.ghostysky.com\/product\/aplitop-tcpmdt-professional-surveying-network\/","name":"Aplitop tcpMDT Professional + Rede de Topografia - Ghostysky","isPartOf":{"@id":"https:\/\/www.ghostysky.com\/#website"},"primaryImageOfPage":{"@id":"https:\/\/www.ghostysky.com\/product\/aplitop-tcpmdt-professional-surveying-network\/#primaryimage"},"image":{"@id":"https:\/\/www.ghostysky.com\/product\/aplitop-tcpmdt-professional-surveying-network\/#primaryimage"},"thumbnailUrl":"https:\/\/www.ghostysky.com\/wp-content\/uploads\/2025\/10\/GH_tcpMDT_1.jpg","datePublished":"2025-10-28T07:51:23+00:00","dateModified":"2025-10-28T07:55:54+00:00","description":"A solu\u00e7\u00e3o de rede completa para topografia avan\u00e7ada e engenharia civil. O APLITOP tcpMDT Professional + Surveying NETWORK \u00e9 um pacote de software abrangente e modular desenvolvido para otimizar todas as etapas de projetos complexos de topografia e engenharia civil. Operando como um plug-in robusto para sua plataforma CAD preferida (AutoCAD, BricsCAD, GstarCAD ou ZWCAD), este pacote avan\u00e7ado oferece um conjunto de ferramentas incompar\u00e1vel para profissionais, incluindo engenheiros civis, agrimensores e gerentes de infraestrutura.","breadcrumb":{"@id":"https:\/\/www.ghostysky.com\/product\/aplitop-tcpmdt-professional-surveying-network\/#breadcrumb"},"inLanguage":"pt-PT","potentialAction":[{"@type":"ReadAction","target":["https:\/\/www.ghostysky.com\/product\/aplitop-tcpmdt-professional-surveying-network\/"]}]},{"@type":"ImageObject","inLanguage":"pt-PT","@id":"https:\/\/www.ghostysky.com\/product\/aplitop-tcpmdt-professional-surveying-network\/#primaryimage","url":"https:\/\/www.ghostysky.com\/wp-content\/uploads\/2025\/10\/GH_tcpMDT_1.jpg","contentUrl":"https:\/\/www.ghostysky.com\/wp-content\/uploads\/2025\/10\/GH_tcpMDT_1.jpg","width":500,"height":500},{"@type":"BreadcrumbList","@id":"https:\/\/www.ghostysky.com\/product\/aplitop-tcpmdt-professional-surveying-network\/#breadcrumb","itemListElement":[{"@type":"ListItem","position":1,"name":"Home","item":"https:\/\/www.ghostysky.com\/"},{"@type":"ListItem","position":2,"name":"Shop","item":"https:\/\/www.ghostysky.com\/shop\/"},{"@type":"ListItem","position":3,"name":"Aplitop tcpMDT Professional + Surveying NETWORK"}]},{"@type":"WebSite","@id":"https:\/\/www.ghostysky.com\/#website","url":"https:\/\/www.ghostysky.com\/","name":"Ghostysky","description":"Fornecendo drones e servi\u00e7os profissionais","publisher":{"@id":"https:\/\/www.ghostysky.com\/#organization"},"potentialAction":[{"@type":"SearchAction","target":{"@type":"EntryPoint","urlTemplate":"https:\/\/www.ghostysky.com\/?s={search_term_string}"},"query-input":{"@type":"PropertyValueSpecification","valueRequired":true,"valueName":"search_term_string"}}],"inLanguage":"pt-PT"},{"@type":"Organization","@id":"https:\/\/www.ghostysky.com\/#organization","name":"Ghostysky","url":"https:\/\/www.ghostysky.com\/","logo":{"@type":"ImageObject","inLanguage":"pt-PT","@id":"https:\/\/www.ghostysky.com\/#\/schema\/logo\/image\/","url":"https:\/\/www.ghostysky.com\/wp-content\/uploads\/2020\/06\/cropped-ghostyskylogo_text_white2.png","contentUrl":"https:\/\/www.ghostysky.com\/wp-content\/uploads\/2020\/06\/cropped-ghostyskylogo_text_white2.png","width":169,"height":56,"caption":"Ghostysky"},"image":{"@id":"https:\/\/www.ghostysky.com\/#\/schema\/logo\/image\/"},"sameAs":["https:\/\/www.facebook.com\/people\/Ghostysky\/100057676170234\/","https:\/\/x.com\/Gh0stysky","https:\/\/www.linkedin.com\/company\/34739653","https:\/\/www.instagram.com\/gh0stysky"]}]}},"_links":{"self":[{"href":"https:\/\/www.ghostysky.com\/pt\/wp-json\/wp\/v2\/product\/22586","targetHints":{"allow":["GET"]}}],"collection":[{"href":"https:\/\/www.ghostysky.com\/pt\/wp-json\/wp\/v2\/product"}],"about":[{"href":"https:\/\/www.ghostysky.com\/pt\/wp-json\/wp\/v2\/types\/product"}],"replies":[{"embeddable":true,"href":"https:\/\/www.ghostysky.com\/pt\/wp-json\/wp\/v2\/comments?post=22586"}],"wp:featuredmedia":[{"embeddable":true,"href":"https:\/\/www.ghostysky.com\/pt\/wp-json\/wp\/v2\/media\/22523"}],"wp:attachment":[{"href":"https:\/\/www.ghostysky.com\/pt\/wp-json\/wp\/v2\/media?parent=22586"}],"wp:term":[{"taxonomy":"product_brand","embeddable":true,"href":"https:\/\/www.ghostysky.com\/pt\/wp-json\/wp\/v2\/product_brand?post=22586"},{"taxonomy":"product_cat","embeddable":true,"href":"https:\/\/www.ghostysky.com\/pt\/wp-json\/wp\/v2\/product_cat?post=22586"},{"taxonomy":"product_tag","embeddable":true,"href":"https:\/\/www.ghostysky.com\/pt\/wp-json\/wp\/v2\/product_tag?post=22586"}],"curies":[{"name":"wp","href":"https:\/\/api.w.org\/{rel}","templated":true}]}}