{"id":22593,"date":"2025-10-28T08:12:51","date_gmt":"2025-10-28T08:12:51","guid":{"rendered":"https:\/\/www.ghostysky.com\/?post_type=product&#038;p=22593"},"modified":"2025-10-28T08:17:26","modified_gmt":"2025-10-28T08:17:26","slug":"aplitop-tcpmdt-photovoltaic-network","status":"publish","type":"product","link":"https:\/\/www.ghostysky.com\/pt\/product\/aplitop-tcpmdt-photovoltaic-network\/","title":{"rendered":"REDE Fotovoltaica Aplitop tcpMDT"},"content":{"rendered":"<h4><b>Principais recursos e benef\u00edcios<\/b><\/h4>\n<ul>\n<li><b><span class=\"citation-169\">Minimiza\u00e7\u00e3o e otimiza\u00e7\u00e3o de terraplenagem:<\/span><\/b><span class=\"citation-169 citation-end-169\"> Analise o terreno existente para definir zonas de projeto com crit\u00e9rios personaliz\u00e1veis, incluindo declives m\u00e1ximos, inclina\u00e7\u00e3o e diferen\u00e7as de eleva\u00e7\u00e3o.<\/span> O software calcula e otimiza automaticamente a nivela\u00e7\u00e3o para se adequar \u00e0s restri\u00e7\u00f5es do rastreador solar e da planta, reduzindo drasticamente a necessidade de terraplenagens dispendiosas.<\/li>\n<li><b><span class=\"citation-168\">Projeto de site de precis\u00e3o:<\/span><\/b><span class=\"citation-168 citation-end-168\"> Defina e posicione facilmente v\u00e1rios tipos de rastreadores solares, incluindo modelos de eixo \u00fanico e adapt\u00e1veis ao terreno, especificando todas as propriedades, como dimens\u00f5es f\u00edsicas, contagem de pain\u00e9is, postes de suporte e classifica\u00e7\u00f5es de pot\u00eancia.<\/span> Rastreadores e postes s\u00e3o numerados e posicionados automaticamente usando ferramentas de layout assistido.<\/li>\n<li><b><span class=\"citation-167\">An\u00e1lise abrangente do terreno:<\/span><\/b><span class=\"citation-167 citation-end-167\"> Visualize e analise o solo com modelos 3D e mapas de declive.<\/span> <span class=\"citation-166 citation-end-166\">O software fornece ferramentas interativas para revisar e resolver incidentes de projeto, como erros de declive ou saltos entre rastreadores, garantindo um projeto final robusto e compat\u00edvel.<\/span><\/li>\n<li><b>Resultados e relat\u00f3rios precisos:<\/b><span class=\"citation-165 citation-end-165\"> Gere relat\u00f3rios detalhados e resumidos sobre zonas, rastreadores solares, postes e volumes de terraplenagem.<\/span> <span class=\"citation-164 citation-end-164\">Exporte dados para formatos padr\u00e3o como Excel para levantamento de quantidades e envie relat\u00f3rios de implanta\u00e7\u00e3o diretamente para receptores GNSS ou esta\u00e7\u00f5es totais para um trabalho de campo eficiente.<\/span><\/li>\n<li><b><span class=\"citation-163\">Integra\u00e7\u00e3o OpenBIM:<\/span><\/b><span class=\"citation-163\"> Produzir um modelo 3D realista de toda a instala\u00e7\u00e3o, que pode ser exportado em <\/span><b><span class=\"citation-163\">Formato IFC<\/span><\/b><span class=\"citation-163 citation-end-163\"> com todas as propriedades associadas para integra\u00e7\u00e3o perfeita em fluxos de trabalho OpenBIM e gerenciamento avan\u00e7ado de projetos.<\/span><\/li>\n<\/ul>\n<p><b>Aplitop tcpMDT Fotovoltaico<\/b> transforma desafios complexos de projeto fotovoltaico em solu\u00e7\u00f5es eficientes, precisas e econ\u00f4micas, garantindo que seu projeto solar maximize a produ\u00e7\u00e3o de energia e minimize o impacto e o custo da constru\u00e7\u00e3o.<\/p>","protected":false},"excerpt":{"rendered":"<p><b>Software avan\u00e7ado de otimiza\u00e7\u00e3o e projeto topogr\u00e1fico para usinas solares<\/b><\/p>\n<p><b><span class=\"citation-171\">Aplitop tcpMDT Fotovoltaico<\/span><\/b><span class=\"citation-171 citation-end-171\"> \u00e9 o aplicativo CAD especializado desenvolvido para levantamento de precis\u00e3o, projeto e otimiza\u00e7\u00e3o de instala\u00e7\u00f5es fotovoltaicas (PV) de larga escala.<\/span> <span class=\"citation-170 citation-end-170\">Projetada para engenheiros e empresas de EPC, esta ferramenta essencial integra-se perfeitamente ao seu ambiente CAD para minimizar terraplenagens, otimizar o posicionamento de rastreadores solares e gerar medi\u00e7\u00f5es precisas.<\/span><\/p>","protected":false},"featured_media":22523,"comment_status":"open","ping_status":"closed","template":"","meta":[],"product_brand":[1208],"product_cat":[1207,31],"product_tag":[1209,1223],"class_list":{"0":"post-22593","1":"product","2":"type-product","3":"status-publish","4":"has-post-thumbnail","6":"product_brand-aplitop","7":"product_cat-aplitop","8":"product_cat-software","9":"product_tag-aplitop","10":"product_tag-tcpmdt-photovoltaic-network","12":"first","13":"instock","14":"taxable","15":"shipping-taxable","16":"product-type-simple"},"yoast_head":"<!-- This site is optimized with the Yoast SEO plugin v27.1.1 - https:\/\/yoast.com\/product\/yoast-seo-wordpress\/ -->\n<title>Aplitop tcpMDT Photovoltaic NETWORK - Ghostysky<\/title>\n<meta name=\"description\" content=\"Advanced Topographic Optimization and Design Software for Solar PlantsAplitop tcpMDT Photovoltaic is the specialized CAD application developed for precision surveying, design, and optimization of large-scale photovoltaic (PV) installations. Designed for engineers and EPC companies, this essential tool integrates seamlessly with your CAD environment to minimize earthworks, streamline solar tracker placement, and generate accurate quantity take-offs.\" \/>\n<meta name=\"robots\" content=\"index, follow, max-snippet:-1, max-image-preview:large, max-video-preview:-1\" \/>\n<link rel=\"canonical\" href=\"https:\/\/www.ghostysky.com\/pt\/produto-2\/aplitop-tcpmdt-photovoltaic-network\/\" \/>\n<meta property=\"og:locale\" content=\"pt_PT\" \/>\n<meta property=\"og:type\" content=\"article\" \/>\n<meta property=\"og:title\" content=\"Aplitop tcpMDT Photovoltaic NETWORK - Ghostysky\" \/>\n<meta property=\"og:description\" content=\"Advanced Topographic Optimization and Design Software for Solar PlantsAplitop tcpMDT Photovoltaic is the specialized CAD application developed for precision surveying, design, and optimization of large-scale photovoltaic (PV) installations. Designed for engineers and EPC companies, this essential tool integrates seamlessly with your CAD environment to minimize earthworks, streamline solar tracker placement, and generate accurate quantity take-offs.\" \/>\n<meta property=\"og:url\" content=\"https:\/\/www.ghostysky.com\/pt\/produto-2\/aplitop-tcpmdt-photovoltaic-network\/\" \/>\n<meta property=\"og:site_name\" content=\"Ghostysky\" \/>\n<meta property=\"article:publisher\" content=\"https:\/\/www.facebook.com\/people\/Ghostysky\/100057676170234\/\" \/>\n<meta property=\"article:modified_time\" content=\"2025-10-28T08:17:26+00:00\" \/>\n<meta property=\"og:image\" content=\"https:\/\/www.ghostysky.com\/wp-content\/uploads\/2025\/10\/GH_tcpMDT_1.jpg\" \/>\n\t<meta property=\"og:image:width\" content=\"500\" \/>\n\t<meta property=\"og:image:height\" content=\"500\" \/>\n\t<meta property=\"og:image:type\" content=\"image\/jpeg\" \/>\n<meta name=\"twitter:card\" content=\"summary_large_image\" \/>\n<meta name=\"twitter:site\" content=\"@Gh0stysky\" \/>\n<meta name=\"twitter:label1\" content=\"Tempo estimado de leitura\" \/>\n\t<meta name=\"twitter:data1\" content=\"2 minutos\" \/>\n<script type=\"application\/ld+json\" class=\"yoast-schema-graph\">{\"@context\":\"https:\/\/schema.org\",\"@graph\":[{\"@type\":\"WebPage\",\"@id\":\"https:\/\/www.ghostysky.com\/product\/aplitop-tcpmdt-photovoltaic-network\/\",\"url\":\"https:\/\/www.ghostysky.com\/product\/aplitop-tcpmdt-photovoltaic-network\/\",\"name\":\"Aplitop tcpMDT Photovoltaic NETWORK - Ghostysky\",\"isPartOf\":{\"@id\":\"https:\/\/www.ghostysky.com\/#website\"},\"primaryImageOfPage\":{\"@id\":\"https:\/\/www.ghostysky.com\/product\/aplitop-tcpmdt-photovoltaic-network\/#primaryimage\"},\"image\":{\"@id\":\"https:\/\/www.ghostysky.com\/product\/aplitop-tcpmdt-photovoltaic-network\/#primaryimage\"},\"thumbnailUrl\":\"https:\/\/www.ghostysky.com\/wp-content\/uploads\/2025\/10\/GH_tcpMDT_1.jpg\",\"datePublished\":\"2025-10-28T08:12:51+00:00\",\"dateModified\":\"2025-10-28T08:17:26+00:00\",\"description\":\"Advanced Topographic Optimization and Design Software for Solar PlantsAplitop tcpMDT Photovoltaic is the specialized CAD application developed for precision surveying, design, and optimization of large-scale photovoltaic (PV) installations. Designed for engineers and EPC companies, this essential tool integrates seamlessly with your CAD environment to minimize earthworks, streamline solar tracker placement, and generate accurate quantity take-offs.\",\"breadcrumb\":{\"@id\":\"https:\/\/www.ghostysky.com\/product\/aplitop-tcpmdt-photovoltaic-network\/#breadcrumb\"},\"inLanguage\":\"pt-PT\",\"potentialAction\":[{\"@type\":\"ReadAction\",\"target\":[\"https:\/\/www.ghostysky.com\/product\/aplitop-tcpmdt-photovoltaic-network\/\"]}]},{\"@type\":\"ImageObject\",\"inLanguage\":\"pt-PT\",\"@id\":\"https:\/\/www.ghostysky.com\/product\/aplitop-tcpmdt-photovoltaic-network\/#primaryimage\",\"url\":\"https:\/\/www.ghostysky.com\/wp-content\/uploads\/2025\/10\/GH_tcpMDT_1.jpg\",\"contentUrl\":\"https:\/\/www.ghostysky.com\/wp-content\/uploads\/2025\/10\/GH_tcpMDT_1.jpg\",\"width\":500,\"height\":500},{\"@type\":\"BreadcrumbList\",\"@id\":\"https:\/\/www.ghostysky.com\/product\/aplitop-tcpmdt-photovoltaic-network\/#breadcrumb\",\"itemListElement\":[{\"@type\":\"ListItem\",\"position\":1,\"name\":\"Home\",\"item\":\"https:\/\/www.ghostysky.com\/\"},{\"@type\":\"ListItem\",\"position\":2,\"name\":\"Shop\",\"item\":\"https:\/\/www.ghostysky.com\/shop\/\"},{\"@type\":\"ListItem\",\"position\":3,\"name\":\"Aplitop tcpMDT Photovoltaic NETWORK\"}]},{\"@type\":\"WebSite\",\"@id\":\"https:\/\/www.ghostysky.com\/#website\",\"url\":\"https:\/\/www.ghostysky.com\/\",\"name\":\"Ghostysky\",\"description\":\"Delivering professional drones and services\",\"publisher\":{\"@id\":\"https:\/\/www.ghostysky.com\/#organization\"},\"potentialAction\":[{\"@type\":\"SearchAction\",\"target\":{\"@type\":\"EntryPoint\",\"urlTemplate\":\"https:\/\/www.ghostysky.com\/?s={search_term_string}\"},\"query-input\":{\"@type\":\"PropertyValueSpecification\",\"valueRequired\":true,\"valueName\":\"search_term_string\"}}],\"inLanguage\":\"pt-PT\"},{\"@type\":\"Organization\",\"@id\":\"https:\/\/www.ghostysky.com\/#organization\",\"name\":\"Ghostysky\",\"url\":\"https:\/\/www.ghostysky.com\/\",\"logo\":{\"@type\":\"ImageObject\",\"inLanguage\":\"pt-PT\",\"@id\":\"https:\/\/www.ghostysky.com\/#\/schema\/logo\/image\/\",\"url\":\"https:\/\/www.ghostysky.com\/wp-content\/uploads\/2020\/06\/cropped-ghostyskylogo_text_white2.png\",\"contentUrl\":\"https:\/\/www.ghostysky.com\/wp-content\/uploads\/2020\/06\/cropped-ghostyskylogo_text_white2.png\",\"width\":169,\"height\":56,\"caption\":\"Ghostysky\"},\"image\":{\"@id\":\"https:\/\/www.ghostysky.com\/#\/schema\/logo\/image\/\"},\"sameAs\":[\"https:\/\/www.facebook.com\/people\/Ghostysky\/100057676170234\/\",\"https:\/\/x.com\/Gh0stysky\",\"https:\/\/www.linkedin.com\/company\/34739653\",\"https:\/\/www.instagram.com\/gh0stysky\"]}]}<\/script>\n<!-- \/ Yoast SEO plugin. -->","yoast_head_json":{"title":"REDE Fotovoltaica Aplitop tcpMDT - Ghostysky","description":"Software Avan\u00e7ado de Otimiza\u00e7\u00e3o e Projeto Topogr\u00e1fico para Usinas Solares: O Aplitop tcpMDT Photovoltaic \u00e9 um aplicativo CAD especializado, desenvolvido para levantamento de precis\u00e3o, projeto e otimiza\u00e7\u00e3o de instala\u00e7\u00f5es fotovoltaicas (FV) de grande porte. Projetado para engenheiros e empresas de EPC, esta ferramenta essencial integra-se perfeitamente ao seu ambiente CAD para minimizar a terraplenagem, otimizar o posicionamento dos rastreadores solares e gerar medi\u00e7\u00f5es precisas.","robots":{"index":"index","follow":"follow","max-snippet":"max-snippet:-1","max-image-preview":"max-image-preview:large","max-video-preview":"max-video-preview:-1"},"canonical":"https:\/\/www.ghostysky.com\/pt\/produto-2\/aplitop-tcpmdt-photovoltaic-network\/","og_locale":"pt_PT","og_type":"article","og_title":"Aplitop tcpMDT Photovoltaic NETWORK - Ghostysky","og_description":"Advanced Topographic Optimization and Design Software for Solar PlantsAplitop tcpMDT Photovoltaic is the specialized CAD application developed for precision surveying, design, and optimization of large-scale photovoltaic (PV) installations. Designed for engineers and EPC companies, this essential tool integrates seamlessly with your CAD environment to minimize earthworks, streamline solar tracker placement, and generate accurate quantity take-offs.","og_url":"https:\/\/www.ghostysky.com\/pt\/produto-2\/aplitop-tcpmdt-photovoltaic-network\/","og_site_name":"Ghostysky","article_publisher":"https:\/\/www.facebook.com\/people\/Ghostysky\/100057676170234\/","article_modified_time":"2025-10-28T08:17:26+00:00","og_image":[{"width":500,"height":500,"url":"https:\/\/www.ghostysky.com\/wp-content\/uploads\/2025\/10\/GH_tcpMDT_1.jpg","type":"image\/jpeg"}],"twitter_card":"summary_large_image","twitter_site":"@Gh0stysky","twitter_misc":{"Tempo estimado de leitura":"2 minutos"},"schema":{"@context":"https:\/\/schema.org","@graph":[{"@type":"WebPage","@id":"https:\/\/www.ghostysky.com\/product\/aplitop-tcpmdt-photovoltaic-network\/","url":"https:\/\/www.ghostysky.com\/product\/aplitop-tcpmdt-photovoltaic-network\/","name":"REDE Fotovoltaica Aplitop tcpMDT - Ghostysky","isPartOf":{"@id":"https:\/\/www.ghostysky.com\/#website"},"primaryImageOfPage":{"@id":"https:\/\/www.ghostysky.com\/product\/aplitop-tcpmdt-photovoltaic-network\/#primaryimage"},"image":{"@id":"https:\/\/www.ghostysky.com\/product\/aplitop-tcpmdt-photovoltaic-network\/#primaryimage"},"thumbnailUrl":"https:\/\/www.ghostysky.com\/wp-content\/uploads\/2025\/10\/GH_tcpMDT_1.jpg","datePublished":"2025-10-28T08:12:51+00:00","dateModified":"2025-10-28T08:17:26+00:00","description":"Software Avan\u00e7ado de Otimiza\u00e7\u00e3o e Projeto Topogr\u00e1fico para Usinas Solares: O Aplitop tcpMDT Photovoltaic \u00e9 um aplicativo CAD especializado, desenvolvido para levantamento de precis\u00e3o, projeto e otimiza\u00e7\u00e3o de instala\u00e7\u00f5es fotovoltaicas (FV) de grande porte. Projetado para engenheiros e empresas de EPC, esta ferramenta essencial integra-se perfeitamente ao seu ambiente CAD para minimizar a terraplenagem, otimizar o posicionamento dos rastreadores solares e gerar medi\u00e7\u00f5es precisas.","breadcrumb":{"@id":"https:\/\/www.ghostysky.com\/product\/aplitop-tcpmdt-photovoltaic-network\/#breadcrumb"},"inLanguage":"pt-PT","potentialAction":[{"@type":"ReadAction","target":["https:\/\/www.ghostysky.com\/product\/aplitop-tcpmdt-photovoltaic-network\/"]}]},{"@type":"ImageObject","inLanguage":"pt-PT","@id":"https:\/\/www.ghostysky.com\/product\/aplitop-tcpmdt-photovoltaic-network\/#primaryimage","url":"https:\/\/www.ghostysky.com\/wp-content\/uploads\/2025\/10\/GH_tcpMDT_1.jpg","contentUrl":"https:\/\/www.ghostysky.com\/wp-content\/uploads\/2025\/10\/GH_tcpMDT_1.jpg","width":500,"height":500},{"@type":"BreadcrumbList","@id":"https:\/\/www.ghostysky.com\/product\/aplitop-tcpmdt-photovoltaic-network\/#breadcrumb","itemListElement":[{"@type":"ListItem","position":1,"name":"Home","item":"https:\/\/www.ghostysky.com\/"},{"@type":"ListItem","position":2,"name":"Shop","item":"https:\/\/www.ghostysky.com\/shop\/"},{"@type":"ListItem","position":3,"name":"Aplitop tcpMDT Photovoltaic NETWORK"}]},{"@type":"WebSite","@id":"https:\/\/www.ghostysky.com\/#website","url":"https:\/\/www.ghostysky.com\/","name":"Ghostysky","description":"Fornecendo drones e servi\u00e7os profissionais","publisher":{"@id":"https:\/\/www.ghostysky.com\/#organization"},"potentialAction":[{"@type":"SearchAction","target":{"@type":"EntryPoint","urlTemplate":"https:\/\/www.ghostysky.com\/?s={search_term_string}"},"query-input":{"@type":"PropertyValueSpecification","valueRequired":true,"valueName":"search_term_string"}}],"inLanguage":"pt-PT"},{"@type":"Organization","@id":"https:\/\/www.ghostysky.com\/#organization","name":"Ghostysky","url":"https:\/\/www.ghostysky.com\/","logo":{"@type":"ImageObject","inLanguage":"pt-PT","@id":"https:\/\/www.ghostysky.com\/#\/schema\/logo\/image\/","url":"https:\/\/www.ghostysky.com\/wp-content\/uploads\/2020\/06\/cropped-ghostyskylogo_text_white2.png","contentUrl":"https:\/\/www.ghostysky.com\/wp-content\/uploads\/2020\/06\/cropped-ghostyskylogo_text_white2.png","width":169,"height":56,"caption":"Ghostysky"},"image":{"@id":"https:\/\/www.ghostysky.com\/#\/schema\/logo\/image\/"},"sameAs":["https:\/\/www.facebook.com\/people\/Ghostysky\/100057676170234\/","https:\/\/x.com\/Gh0stysky","https:\/\/www.linkedin.com\/company\/34739653","https:\/\/www.instagram.com\/gh0stysky"]}]}},"_links":{"self":[{"href":"https:\/\/www.ghostysky.com\/pt\/wp-json\/wp\/v2\/product\/22593","targetHints":{"allow":["GET"]}}],"collection":[{"href":"https:\/\/www.ghostysky.com\/pt\/wp-json\/wp\/v2\/product"}],"about":[{"href":"https:\/\/www.ghostysky.com\/pt\/wp-json\/wp\/v2\/types\/product"}],"replies":[{"embeddable":true,"href":"https:\/\/www.ghostysky.com\/pt\/wp-json\/wp\/v2\/comments?post=22593"}],"wp:featuredmedia":[{"embeddable":true,"href":"https:\/\/www.ghostysky.com\/pt\/wp-json\/wp\/v2\/media\/22523"}],"wp:attachment":[{"href":"https:\/\/www.ghostysky.com\/pt\/wp-json\/wp\/v2\/media?parent=22593"}],"wp:term":[{"taxonomy":"product_brand","embeddable":true,"href":"https:\/\/www.ghostysky.com\/pt\/wp-json\/wp\/v2\/product_brand?post=22593"},{"taxonomy":"product_cat","embeddable":true,"href":"https:\/\/www.ghostysky.com\/pt\/wp-json\/wp\/v2\/product_cat?post=22593"},{"taxonomy":"product_tag","embeddable":true,"href":"https:\/\/www.ghostysky.com\/pt\/wp-json\/wp\/v2\/product_tag?post=22593"}],"curies":[{"name":"wp","href":"https:\/\/api.w.org\/{rel}","templated":true}]}}