{"id":22598,"date":"2025-10-28T08:22:18","date_gmt":"2025-10-28T08:22:18","guid":{"rendered":"https:\/\/www.ghostysky.com\/?post_type=product&#038;p=22598"},"modified":"2025-10-28T08:30:46","modified_gmt":"2025-10-28T08:30:46","slug":"aplitop-tcp-pointcloud-editor-network","status":"publish","type":"product","link":"https:\/\/www.ghostysky.com\/pt\/product\/aplitop-tcp-pointcloud-editor-network\/","title":{"rendered":"Aplitop tcp PointCloud Editor REDE"},"content":{"rendered":"<h4>Principais recursos e benef\u00edcios<\/h4>\n<ul>\n<li><b>Gerenciamento abrangente de dados:<\/b><span class=\"citation-192 citation-end-192\"> Importe e gerencie nuvens de pontos e imagens em uma ampla variedade de formatos comuns (por exemplo, LAS\/LAZ, E57, PTS, PLY, RCS), preservando atributos como cor, intensidade, tempo e categoria.<\/span> <span class=\"citation-191\">Execute facilmente <\/span><b><span class=\"citation-191\">registro na nuvem<\/span><\/b><span class=\"citation-191 citation-end-191\"> usando pontos de controle e aplicar transforma\u00e7\u00f5es de coordenadas.<\/span><\/li>\n<li><b>Classifica\u00e7\u00e3o e edi\u00e7\u00e3o com tecnologia de IA:<\/b><span class=\"citation-190\"> Aproveitar <\/span><b><span class=\"citation-190\">Intelig\u00eancia artificial<\/span><\/b><span class=\"citation-190 citation-end-190\"> modelos para classifica\u00e7\u00e3o autom\u00e1tica de pontos em cenas internas e externas, acelerando significativamente seu fluxo de trabalho.<\/span> <span class=\"citation-189\">Ferramentas para <\/span><b><span class=\"citation-189\">remo\u00e7\u00e3o de ru\u00eddo<\/span><\/b><span class=\"citation-189 citation-end-189\">, sele\u00e7\u00e3o avan\u00e7ada por geometria ou atributos e edi\u00e7\u00e3o manual permitem limpeza e organiza\u00e7\u00e3o precisas de dados<\/span><\/li>\n<li><b><span class=\"citation-188\">Modelagem e an\u00e1lise de precis\u00e3o:<\/span><\/b><span class=\"citation-188\"> Sem esfor\u00e7o <\/span><b><span class=\"citation-188\">medir e desenhar<\/span><\/b><span class=\"citation-188 citation-end-188\"> em 3D diretamente na nuvem de pontos ou imagens 360\u00ba, incluindo funcionalidades CAD integradas e sincroniza\u00e7\u00e3o com plataformas CAD externas como AutoCAD, BricsCAD e GstarCAD.<\/span> <span class=\"citation-187\">Gerar rapidamente <\/span><b><span class=\"citation-187\">Superf\u00edcies ou malhas 3D<\/span><\/b><span class=\"citation-187\">, linhas de contorno e calcular perfis e <\/span><b><span class=\"citation-187\">volumes de corte e preenchimento<\/span><\/b><span class=\"citation-187 citation-end-187\"> para projetos de engenharia civil e topografia.<\/span><\/li>\n<li><b><span class=\"citation-186\">Integra\u00e7\u00e3o e colabora\u00e7\u00e3o perfeitas:<\/span><\/b><span class=\"citation-186\"> O software suporta a importa\u00e7\u00e3o e exporta\u00e7\u00e3o de dados em formatos padr\u00e3o da ind\u00fastria (DWG, DXF, LandXML, IFC, 3D PDF), garantindo compatibilidade com <\/span><b><span class=\"citation-186\">CAD, BIM e GIS<\/span><\/b><span class=\"citation-186 citation-end-186\"> software.<\/span> <span class=\"citation-185\">Publicar projetos para o <\/span><b><span class=\"citation-185\">nuvem<\/span><\/b><span class=\"citation-185 citation-end-185\"> para f\u00e1cil acesso e inspe\u00e7\u00e3o por meio de um visualizador web em qualquer dispositivo, promovendo compartilhamento sem esfor\u00e7o e trabalho em equipe.<\/span><\/li>\n<\/ul>\n<p><span class=\"citation-184 citation-end-184\">O tcp PointCloud Editor \u00e9 uma ferramenta ideal para profissionais de topografia, engenharia civil, arquitetura e design que precisam de uma solu\u00e7\u00e3o eficiente, vers\u00e1til e colaborativa para transformar dados brutos de nuvem de pontos em insights pr\u00e1ticos de engenharia e design.<\/span><\/p>\n<div class=\"source-inline-chip-container ng-star-inserted\"><\/div>\n<p>&nbsp;<\/p>","protected":false},"excerpt":{"rendered":"<p><span class=\"citation-194\">O <\/span><b><span class=\"citation-194\">Aplitop tcp PointCloud Editor REDE<\/span><\/b><span class=\"citation-194\"> \u00e9 uma solu\u00e7\u00e3o de software avan\u00e7ada, aut\u00f4noma e poderosa para <\/span><b><span class=\"citation-194\">processamento, edi\u00e7\u00e3o e an\u00e1lise de grandes conjuntos de dados de nuvens de pontos<\/span><\/b><span class=\"citation-194 citation-end-194\"> capturados de fontes como scanners fixos ou m\u00f3veis, tecnologia LiDAR e fotogrametria (incluindo UAVs e drones).<\/span> <span class=\"citation-193\">A licen\u00e7a NETWORK \u00e9 projetada especificamente para organiza\u00e7\u00f5es, oferecendo <\/span><b><span class=\"citation-193\">acesso flutuante entre v\u00e1rios usu\u00e1rios<\/span><\/b><span class=\"citation-193 citation-end-193\"> dentro da sua empresa para maior colabora\u00e7\u00e3o e flexibilidade de recursos.<\/span><\/p>\n<h3><\/h3>","protected":false},"featured_media":22523,"comment_status":"open","ping_status":"closed","template":"","meta":[],"product_brand":[1208],"product_cat":[1207,31],"product_tag":[1209,1224],"class_list":{"0":"post-22598","1":"product","2":"type-product","3":"status-publish","4":"has-post-thumbnail","6":"product_brand-aplitop","7":"product_cat-aplitop","8":"product_cat-software","9":"product_tag-aplitop","10":"product_tag-tcp-pointcloud-editor-network","12":"first","13":"instock","14":"taxable","15":"shipping-taxable","16":"product-type-simple"},"yoast_head":"<!-- This site is optimized with the Yoast SEO plugin v27.1.1 - https:\/\/yoast.com\/product\/yoast-seo-wordpress\/ -->\n<title>Aplitop tcp PointCloud Editor NETWORK - Ghostysky<\/title>\n<meta name=\"description\" content=\"The Aplitop tcp PointCloud Editor NETWORK is an advanced, standalone, and powerful software solution for processing, editing, and analyzing massive point cloud datasets captured from sources like fixed or mobile scanners, LiDAR technology, and photogrammetry (including UAVs and drones). The NETWORK license is specifically designed for organizations, offering floating access across multiple users within your company for enhanced collaboration and resource flexibility.\" \/>\n<meta name=\"robots\" content=\"index, follow, max-snippet:-1, max-image-preview:large, max-video-preview:-1\" \/>\n<link rel=\"canonical\" href=\"https:\/\/www.ghostysky.com\/pt\/produto-2\/aplitop-tcp-pointcloud-editor-network\/\" \/>\n<meta property=\"og:locale\" content=\"pt_PT\" \/>\n<meta property=\"og:type\" content=\"article\" \/>\n<meta property=\"og:title\" content=\"Aplitop tcp PointCloud Editor NETWORK - Ghostysky\" \/>\n<meta property=\"og:description\" content=\"The Aplitop tcp PointCloud Editor NETWORK is an advanced, standalone, and powerful software solution for processing, editing, and analyzing massive point cloud datasets captured from sources like fixed or mobile scanners, LiDAR technology, and photogrammetry (including UAVs and drones). The NETWORK license is specifically designed for organizations, offering floating access across multiple users within your company for enhanced collaboration and resource flexibility.\" \/>\n<meta property=\"og:url\" content=\"https:\/\/www.ghostysky.com\/pt\/produto-2\/aplitop-tcp-pointcloud-editor-network\/\" \/>\n<meta property=\"og:site_name\" content=\"Ghostysky\" \/>\n<meta property=\"article:publisher\" content=\"https:\/\/www.facebook.com\/people\/Ghostysky\/100057676170234\/\" \/>\n<meta property=\"article:modified_time\" content=\"2025-10-28T08:30:46+00:00\" \/>\n<meta property=\"og:image\" content=\"https:\/\/www.ghostysky.com\/wp-content\/uploads\/2025\/10\/GH_tcpMDT_1.jpg\" \/>\n\t<meta property=\"og:image:width\" content=\"500\" \/>\n\t<meta property=\"og:image:height\" content=\"500\" \/>\n\t<meta property=\"og:image:type\" content=\"image\/jpeg\" \/>\n<meta name=\"twitter:card\" content=\"summary_large_image\" \/>\n<meta name=\"twitter:site\" content=\"@Gh0stysky\" \/>\n<meta name=\"twitter:label1\" content=\"Tempo estimado de leitura\" \/>\n\t<meta name=\"twitter:data1\" content=\"2 minutos\" \/>\n<script type=\"application\/ld+json\" class=\"yoast-schema-graph\">{\"@context\":\"https:\/\/schema.org\",\"@graph\":[{\"@type\":\"WebPage\",\"@id\":\"https:\/\/www.ghostysky.com\/product\/aplitop-tcp-pointcloud-editor-network\/\",\"url\":\"https:\/\/www.ghostysky.com\/product\/aplitop-tcp-pointcloud-editor-network\/\",\"name\":\"Aplitop tcp PointCloud Editor NETWORK - Ghostysky\",\"isPartOf\":{\"@id\":\"https:\/\/www.ghostysky.com\/#website\"},\"primaryImageOfPage\":{\"@id\":\"https:\/\/www.ghostysky.com\/product\/aplitop-tcp-pointcloud-editor-network\/#primaryimage\"},\"image\":{\"@id\":\"https:\/\/www.ghostysky.com\/product\/aplitop-tcp-pointcloud-editor-network\/#primaryimage\"},\"thumbnailUrl\":\"https:\/\/www.ghostysky.com\/wp-content\/uploads\/2025\/10\/GH_tcpMDT_1.jpg\",\"datePublished\":\"2025-10-28T08:22:18+00:00\",\"dateModified\":\"2025-10-28T08:30:46+00:00\",\"description\":\"The Aplitop tcp PointCloud Editor NETWORK is an advanced, standalone, and powerful software solution for processing, editing, and analyzing massive point cloud datasets captured from sources like fixed or mobile scanners, LiDAR technology, and photogrammetry (including UAVs and drones). The NETWORK license is specifically designed for organizations, offering floating access across multiple users within your company for enhanced collaboration and resource flexibility.\",\"breadcrumb\":{\"@id\":\"https:\/\/www.ghostysky.com\/product\/aplitop-tcp-pointcloud-editor-network\/#breadcrumb\"},\"inLanguage\":\"pt-PT\",\"potentialAction\":[{\"@type\":\"ReadAction\",\"target\":[\"https:\/\/www.ghostysky.com\/product\/aplitop-tcp-pointcloud-editor-network\/\"]}]},{\"@type\":\"ImageObject\",\"inLanguage\":\"pt-PT\",\"@id\":\"https:\/\/www.ghostysky.com\/product\/aplitop-tcp-pointcloud-editor-network\/#primaryimage\",\"url\":\"https:\/\/www.ghostysky.com\/wp-content\/uploads\/2025\/10\/GH_tcpMDT_1.jpg\",\"contentUrl\":\"https:\/\/www.ghostysky.com\/wp-content\/uploads\/2025\/10\/GH_tcpMDT_1.jpg\",\"width\":500,\"height\":500},{\"@type\":\"BreadcrumbList\",\"@id\":\"https:\/\/www.ghostysky.com\/product\/aplitop-tcp-pointcloud-editor-network\/#breadcrumb\",\"itemListElement\":[{\"@type\":\"ListItem\",\"position\":1,\"name\":\"Home\",\"item\":\"https:\/\/www.ghostysky.com\/\"},{\"@type\":\"ListItem\",\"position\":2,\"name\":\"Shop\",\"item\":\"https:\/\/www.ghostysky.com\/shop\/\"},{\"@type\":\"ListItem\",\"position\":3,\"name\":\"Aplitop tcp PointCloud Editor NETWORK\"}]},{\"@type\":\"WebSite\",\"@id\":\"https:\/\/www.ghostysky.com\/#website\",\"url\":\"https:\/\/www.ghostysky.com\/\",\"name\":\"Ghostysky\",\"description\":\"Delivering professional drones and services\",\"publisher\":{\"@id\":\"https:\/\/www.ghostysky.com\/#organization\"},\"potentialAction\":[{\"@type\":\"SearchAction\",\"target\":{\"@type\":\"EntryPoint\",\"urlTemplate\":\"https:\/\/www.ghostysky.com\/?s={search_term_string}\"},\"query-input\":{\"@type\":\"PropertyValueSpecification\",\"valueRequired\":true,\"valueName\":\"search_term_string\"}}],\"inLanguage\":\"pt-PT\"},{\"@type\":\"Organization\",\"@id\":\"https:\/\/www.ghostysky.com\/#organization\",\"name\":\"Ghostysky\",\"url\":\"https:\/\/www.ghostysky.com\/\",\"logo\":{\"@type\":\"ImageObject\",\"inLanguage\":\"pt-PT\",\"@id\":\"https:\/\/www.ghostysky.com\/#\/schema\/logo\/image\/\",\"url\":\"https:\/\/www.ghostysky.com\/wp-content\/uploads\/2020\/06\/cropped-ghostyskylogo_text_white2.png\",\"contentUrl\":\"https:\/\/www.ghostysky.com\/wp-content\/uploads\/2020\/06\/cropped-ghostyskylogo_text_white2.png\",\"width\":169,\"height\":56,\"caption\":\"Ghostysky\"},\"image\":{\"@id\":\"https:\/\/www.ghostysky.com\/#\/schema\/logo\/image\/\"},\"sameAs\":[\"https:\/\/www.facebook.com\/people\/Ghostysky\/100057676170234\/\",\"https:\/\/x.com\/Gh0stysky\",\"https:\/\/www.linkedin.com\/company\/34739653\",\"https:\/\/www.instagram.com\/gh0stysky\"]}]}<\/script>\n<!-- \/ Yoast SEO plugin. -->","yoast_head_json":{"title":"Aplitop tcp PointCloud Editor REDE - Ghostysky","description":"O Aplitop tcp PointCloud Editor NETWORK \u00e9 uma solu\u00e7\u00e3o de software avan\u00e7ada, independente e poderosa para processar, editar e analisar conjuntos massivos de dados de nuvens de pontos capturados de fontes como scanners fixos ou m\u00f3veis, tecnologia LiDAR e fotogrametria (incluindo UAVs e drones). A licen\u00e7a NETWORK foi projetada especificamente para organiza\u00e7\u00f5es, oferecendo acesso flutuante entre v\u00e1rios usu\u00e1rios dentro da sua empresa para maior colabora\u00e7\u00e3o e flexibilidade de recursos.","robots":{"index":"index","follow":"follow","max-snippet":"max-snippet:-1","max-image-preview":"max-image-preview:large","max-video-preview":"max-video-preview:-1"},"canonical":"https:\/\/www.ghostysky.com\/pt\/produto-2\/aplitop-tcp-pointcloud-editor-network\/","og_locale":"pt_PT","og_type":"article","og_title":"Aplitop tcp PointCloud Editor NETWORK - Ghostysky","og_description":"The Aplitop tcp PointCloud Editor NETWORK is an advanced, standalone, and powerful software solution for processing, editing, and analyzing massive point cloud datasets captured from sources like fixed or mobile scanners, LiDAR technology, and photogrammetry (including UAVs and drones). The NETWORK license is specifically designed for organizations, offering floating access across multiple users within your company for enhanced collaboration and resource flexibility.","og_url":"https:\/\/www.ghostysky.com\/pt\/produto-2\/aplitop-tcp-pointcloud-editor-network\/","og_site_name":"Ghostysky","article_publisher":"https:\/\/www.facebook.com\/people\/Ghostysky\/100057676170234\/","article_modified_time":"2025-10-28T08:30:46+00:00","og_image":[{"width":500,"height":500,"url":"https:\/\/www.ghostysky.com\/wp-content\/uploads\/2025\/10\/GH_tcpMDT_1.jpg","type":"image\/jpeg"}],"twitter_card":"summary_large_image","twitter_site":"@Gh0stysky","twitter_misc":{"Tempo estimado de leitura":"2 minutos"},"schema":{"@context":"https:\/\/schema.org","@graph":[{"@type":"WebPage","@id":"https:\/\/www.ghostysky.com\/product\/aplitop-tcp-pointcloud-editor-network\/","url":"https:\/\/www.ghostysky.com\/product\/aplitop-tcp-pointcloud-editor-network\/","name":"Aplitop tcp PointCloud Editor REDE - Ghostysky","isPartOf":{"@id":"https:\/\/www.ghostysky.com\/#website"},"primaryImageOfPage":{"@id":"https:\/\/www.ghostysky.com\/product\/aplitop-tcp-pointcloud-editor-network\/#primaryimage"},"image":{"@id":"https:\/\/www.ghostysky.com\/product\/aplitop-tcp-pointcloud-editor-network\/#primaryimage"},"thumbnailUrl":"https:\/\/www.ghostysky.com\/wp-content\/uploads\/2025\/10\/GH_tcpMDT_1.jpg","datePublished":"2025-10-28T08:22:18+00:00","dateModified":"2025-10-28T08:30:46+00:00","description":"O Aplitop tcp PointCloud Editor NETWORK \u00e9 uma solu\u00e7\u00e3o de software avan\u00e7ada, independente e poderosa para processar, editar e analisar conjuntos massivos de dados de nuvens de pontos capturados de fontes como scanners fixos ou m\u00f3veis, tecnologia LiDAR e fotogrametria (incluindo UAVs e drones). A licen\u00e7a NETWORK foi projetada especificamente para organiza\u00e7\u00f5es, oferecendo acesso flutuante entre v\u00e1rios usu\u00e1rios dentro da sua empresa para maior colabora\u00e7\u00e3o e flexibilidade de recursos.","breadcrumb":{"@id":"https:\/\/www.ghostysky.com\/product\/aplitop-tcp-pointcloud-editor-network\/#breadcrumb"},"inLanguage":"pt-PT","potentialAction":[{"@type":"ReadAction","target":["https:\/\/www.ghostysky.com\/product\/aplitop-tcp-pointcloud-editor-network\/"]}]},{"@type":"ImageObject","inLanguage":"pt-PT","@id":"https:\/\/www.ghostysky.com\/product\/aplitop-tcp-pointcloud-editor-network\/#primaryimage","url":"https:\/\/www.ghostysky.com\/wp-content\/uploads\/2025\/10\/GH_tcpMDT_1.jpg","contentUrl":"https:\/\/www.ghostysky.com\/wp-content\/uploads\/2025\/10\/GH_tcpMDT_1.jpg","width":500,"height":500},{"@type":"BreadcrumbList","@id":"https:\/\/www.ghostysky.com\/product\/aplitop-tcp-pointcloud-editor-network\/#breadcrumb","itemListElement":[{"@type":"ListItem","position":1,"name":"Home","item":"https:\/\/www.ghostysky.com\/"},{"@type":"ListItem","position":2,"name":"Shop","item":"https:\/\/www.ghostysky.com\/shop\/"},{"@type":"ListItem","position":3,"name":"Aplitop tcp PointCloud Editor NETWORK"}]},{"@type":"WebSite","@id":"https:\/\/www.ghostysky.com\/#website","url":"https:\/\/www.ghostysky.com\/","name":"Ghostysky","description":"Fornecendo drones e servi\u00e7os profissionais","publisher":{"@id":"https:\/\/www.ghostysky.com\/#organization"},"potentialAction":[{"@type":"SearchAction","target":{"@type":"EntryPoint","urlTemplate":"https:\/\/www.ghostysky.com\/?s={search_term_string}"},"query-input":{"@type":"PropertyValueSpecification","valueRequired":true,"valueName":"search_term_string"}}],"inLanguage":"pt-PT"},{"@type":"Organization","@id":"https:\/\/www.ghostysky.com\/#organization","name":"Ghostysky","url":"https:\/\/www.ghostysky.com\/","logo":{"@type":"ImageObject","inLanguage":"pt-PT","@id":"https:\/\/www.ghostysky.com\/#\/schema\/logo\/image\/","url":"https:\/\/www.ghostysky.com\/wp-content\/uploads\/2020\/06\/cropped-ghostyskylogo_text_white2.png","contentUrl":"https:\/\/www.ghostysky.com\/wp-content\/uploads\/2020\/06\/cropped-ghostyskylogo_text_white2.png","width":169,"height":56,"caption":"Ghostysky"},"image":{"@id":"https:\/\/www.ghostysky.com\/#\/schema\/logo\/image\/"},"sameAs":["https:\/\/www.facebook.com\/people\/Ghostysky\/100057676170234\/","https:\/\/x.com\/Gh0stysky","https:\/\/www.linkedin.com\/company\/34739653","https:\/\/www.instagram.com\/gh0stysky"]}]}},"_links":{"self":[{"href":"https:\/\/www.ghostysky.com\/pt\/wp-json\/wp\/v2\/product\/22598","targetHints":{"allow":["GET"]}}],"collection":[{"href":"https:\/\/www.ghostysky.com\/pt\/wp-json\/wp\/v2\/product"}],"about":[{"href":"https:\/\/www.ghostysky.com\/pt\/wp-json\/wp\/v2\/types\/product"}],"replies":[{"embeddable":true,"href":"https:\/\/www.ghostysky.com\/pt\/wp-json\/wp\/v2\/comments?post=22598"}],"wp:featuredmedia":[{"embeddable":true,"href":"https:\/\/www.ghostysky.com\/pt\/wp-json\/wp\/v2\/media\/22523"}],"wp:attachment":[{"href":"https:\/\/www.ghostysky.com\/pt\/wp-json\/wp\/v2\/media?parent=22598"}],"wp:term":[{"taxonomy":"product_brand","embeddable":true,"href":"https:\/\/www.ghostysky.com\/pt\/wp-json\/wp\/v2\/product_brand?post=22598"},{"taxonomy":"product_cat","embeddable":true,"href":"https:\/\/www.ghostysky.com\/pt\/wp-json\/wp\/v2\/product_cat?post=22598"},{"taxonomy":"product_tag","embeddable":true,"href":"https:\/\/www.ghostysky.com\/pt\/wp-json\/wp\/v2\/product_tag?post=22598"}],"curies":[{"name":"wp","href":"https:\/\/api.w.org\/{rel}","templated":true}]}}