{"id":22657,"date":"2025-10-31T08:20:57","date_gmt":"2025-10-31T08:20:57","guid":{"rendered":"https:\/\/www.ghostysky.com\/?post_type=product&#038;p=22657"},"modified":"2025-10-31T08:50:52","modified_gmt":"2025-10-31T08:50:52","slug":"emlid-rs4-rs4-pro-base-rover-kit","status":"publish","type":"product","link":"https:\/\/www.ghostysky.com\/pt\/product\/emlid-rs4-rs4-pro-base-rover-kit\/","title":{"rendered":"Base Emlid RS4 + RS4 Pro e Kit Rover"},"content":{"rendered":"<p>O kit normalmente inclui:<\/p>\n<ul>\n<li><b>Reach RS4 Pro<\/b> (Rover)<\/li>\n<li><b>Reach RS4<\/b> (Esta\u00e7\u00e3o Base)<\/li>\n<li>Todos os acess\u00f3rios para o kit<\/li>\n<\/ul>\n<p>Aqui est\u00e3o as principais caracter\u00edsticas e funcionalidades deste kit de n\u00edvel profissional:<\/p>\n<h3>\ud83c\udf1f <b>Caracter\u00edsticas principais<\/b><\/h3>\n<ul>\n<li><b>Alta precis\u00e3o:<\/b> Ofertas <b>precis\u00e3o em n\u00edvel de cent\u00edmetro<\/b> (RTK: <span class=\"math-inline\" data-math=\"7\\text{ mm} + 1\\text{ ppm}\">$7 mm + 1 ppm $<\/span>).<\/li>\n<li><b>GNSS multibanda:<\/b> Suporta todas as principais constela\u00e7\u00f5es e frequ\u00eancias de sinal, incluindo <b>GPS (L1, L2, L5), GLONASS (L1, L2), Galileo, BeiDou, QZSS e NavIC<\/b>Isso garante uma solu\u00e7\u00e3o r\u00e1pida, alta confiabilidade e melhor desempenho em ambientes desafiadores.<\/li>\n<li><b>Compensa\u00e7\u00e3o de inclina\u00e7\u00e3o:<\/b> Tanto o RS4 Pro quanto o RS4 apresentam recursos avan\u00e7ados. <b>compensa\u00e7\u00e3o de inclina\u00e7\u00e3o<\/b>, permitindo medir pontos sem ter que segurar a vara perfeitamente na vertical.<\/li>\n<li><b>Sistema de c\u00e2mera dupla (RS4 Pro Rover):<\/b> O RS4 Pro \u00e9 o destaque, apresentando <b>duas c\u00e2meras Full HD<\/b> para:\n<ul>\n<li><b>Vigil\u00e2ncia visual\/Orienta\u00e7\u00e3o em Realidade Aumentada:<\/b> Sobreponha seus projetos diretamente no mundo real para facilitar a demarca\u00e7\u00e3o.<\/li>\n<li><b>Medidas obtidas a partir de imagens:<\/b> Medi\u00e7\u00e3o de pontos inacess\u00edveis (por exemplo, do outro lado de uma estrada movimentada ou atr\u00e1s de uma cerca) a partir de imagens capturadas.<\/li>\n<\/ul>\n<\/li>\n<\/ul>\n<p>&nbsp;<\/p>\n<h3>\ud83d\udce1 <b>Funcionalidade da base e do rover<\/b><\/h3>\n<ul>\n<li><b>Base (Alcance RS4):<\/b> Utilizada como esta\u00e7\u00e3o fixa para calcular e transmitir dados de corre\u00e7\u00e3o.\n<ul>\n<li>Ele pode transmitir corre\u00e7\u00f5es via <b>NTRIP<\/b> pela internet ou via <b>R\u00e1dio LoRa\/UHF<\/b>.<\/li>\n<\/ul>\n<\/li>\n<li><b>Rover (Reach RS4 Pro):<\/b> Utilizado para coletar dados em campo, receber corre\u00e7\u00f5es da base ou de uma rede CORS para obter posicionamento cinem\u00e1tico em tempo real (RTK) de alta precis\u00e3o.<\/li>\n<\/ul>\n<p>&nbsp;<\/p>\n<h3>\ud83d\udcaa <b>Durabilidade e Pot\u00eancia<\/b><\/h3>\n<p>&nbsp;<\/p>\n<ul>\n<li><b>Design robusto:<\/b> Apresenta um design leve, por\u00e9m dur\u00e1vel. <b>corpo em liga de magn\u00e9sio<\/b> com um <b>Classifica\u00e7\u00e3o IP68<\/b> (\u00e0 prova de poeira e \u00e1gua).<\/li>\n<li><b>Vida \u00fatil prolongada da bateria:<\/b> Fornece at\u00e9 <b>16 horas de autonomia<\/b> com uma \u00fanica carga.<\/li>\n<li><b>Ampla faixa de temperatura de opera\u00e7\u00e3o:<\/b> Projetado para funcionar perfeitamente desde o in\u00edcio. <span class=\"math-inline\" data-math=\"-40^\\circ\\text{C}\">$-40^\\circ\\texto{C}$<\/span> para <span class=\"math-inline\" data-math=\"+65^\\circ\\text{C}\">$+65^\\circ\\text{C}$<\/span>.<\/li>\n<\/ul>\n<p>&nbsp;<\/p>\n<h3>\ud83d\udcf1 <b>Software<\/b><\/h3>\n<ul>\n<li>O sistema \u00e9 alimentado por <b>Emlid Flow<\/b>, uma solu\u00e7\u00e3o completa para campo e nuvem para iOS e Android, que gerencia todo o seu fluxo de trabalho, sincroniza\u00e7\u00e3o de projetos e compartilhamento de dados.<\/li>\n<\/ul>\n<p>Este kit \u00e9 uma solu\u00e7\u00e3o ideal para profissionais em <b>levantamento topogr\u00e1fico, constru\u00e7\u00e3o, agricultura de precis\u00e3o e mapeamento com drones<\/b> que precisam de uma configura\u00e7\u00e3o RTK de alta precis\u00e3o, poderosa, repleta de recursos e relativamente econ\u00f4mica.<\/p>","protected":false},"excerpt":{"rendered":"<p>O kit Emlid RS4 + RS4 Pro Base &amp; Rover \u00e9 um <b>Sistema receptor GNSS RTK multibanda de pr\u00f3xima gera\u00e7\u00e3o<\/b> Projetado para levantamentos topogr\u00e1ficos de alta precis\u00e3o, mapeamento e trabalho de campo.<\/p>\n<h4>O pacote inclui<\/h4>\n<ul>\n<li><span class=\"discussion-id-273498ed-188c-80b9-bd9e-001c06245666 notion-enable-hover\" data-token-index=\"1\">1x Reach RS4 Pro<\/span><\/li>\n<li><span class=\"discussion-id-273498ed-188c-80b9-bd9e-001c06245666 notion-enable-hover\" data-token-index=\"1\">1x Alcance RS4<\/span><\/li>\n<li><span class=\"discussion-id-273498ed-188c-80b9-bd9e-001c06245666 notion-enable-hover\" data-token-index=\"1\">2x Estojo de transporte<\/span><\/li>\n<li><span class=\"discussion-id-273498ed-188c-80b9-bd9e-001c06245666 notion-enable-hover\" data-token-index=\"1\">2 cabos USB tipo C<\/span><\/li>\n<li>2 antenas LoRa de 860-930 MHz<\/li>\n<li>2 antenas UHF de 410-470 MHz<\/li>\n<li>2x Adaptador de libera\u00e7\u00e3o r\u00e1pida<\/li>\n<li>1x Para-choque Reach RS4<\/li>\n<li>1x P\u00e1ra-choque Reach RS4 Pro<\/li>\n<li>1x Kit de acess\u00f3rios para Base e Rover<\/li>\n<\/ul>\n<p>&nbsp;<\/p>","protected":false},"featured_media":22658,"comment_status":"open","ping_status":"closed","template":"","meta":[],"product_brand":[1025],"product_cat":[89,1189,30],"product_tag":[58,1225,1187],"class_list":{"0":"post-22657","1":"product","2":"type-product","3":"status-publish","4":"has-post-thumbnail","6":"product_brand-emlid","7":"product_cat-emlid","8":"product_cat-kir-rs4_rs4pro_rs3","9":"product_cat-mobile-station","10":"product_tag-emlid","11":"product_tag-emlid-rs4-kit","12":"product_tag-emlid-rs4-pro-kit","14":"first","15":"onbackorder","16":"taxable","17":"shipping-taxable","18":"purchasable","19":"product-type-woosb"},"yoast_head":"<!-- This site is optimized with the Yoast SEO plugin v27.1.1 - https:\/\/yoast.com\/product\/yoast-seo-wordpress\/ -->\n<title>Emlid RS4 + RS4 Pro Base &amp; Rover Kit - Ghostysky<\/title>\n<meta name=\"description\" content=\"The Emlid RS4 + RS4 Pro Base &amp; Rover Kit is a next-generation, multi-band RTK GNSS receiver system designed for high-precision surveying, mapping, and fieldwork.Package includes1x Reach RS4 Pro1x Reach RS42x Carrying case2x USB Type-C cable2x LoRa Antenna 860-930 MHz2x UHF Antenna 410-470 MHz2x Quick release adapter1x Reach RS4 Bumper1x Reach RS4 Pro Bumper1x Base and Rover accessories kit\" \/>\n<meta name=\"robots\" content=\"index, follow, max-snippet:-1, max-image-preview:large, max-video-preview:-1\" \/>\n<link rel=\"canonical\" href=\"https:\/\/www.ghostysky.com\/pt\/produto-2\/emlid-rs4-rs4-pro-base-rover-kit\/\" \/>\n<meta property=\"og:locale\" content=\"pt_PT\" \/>\n<meta property=\"og:type\" content=\"article\" \/>\n<meta property=\"og:title\" content=\"Emlid RS4 + RS4 Pro Base &amp; Rover Kit - Ghostysky\" \/>\n<meta property=\"og:description\" content=\"The Emlid RS4 + RS4 Pro Base &amp; Rover Kit is a next-generation, multi-band RTK GNSS receiver system designed for high-precision surveying, mapping, and fieldwork.Package includes1x Reach RS4 Pro1x Reach RS42x Carrying case2x USB Type-C cable2x LoRa Antenna 860-930 MHz2x UHF Antenna 410-470 MHz2x Quick release adapter1x Reach RS4 Bumper1x Reach RS4 Pro Bumper1x Base and Rover accessories kit\" \/>\n<meta property=\"og:url\" content=\"https:\/\/www.ghostysky.com\/pt\/produto-2\/emlid-rs4-rs4-pro-base-rover-kit\/\" \/>\n<meta property=\"og:site_name\" content=\"Ghostysky\" \/>\n<meta property=\"article:publisher\" content=\"https:\/\/www.facebook.com\/people\/Ghostysky\/100057676170234\/\" \/>\n<meta property=\"article:modified_time\" content=\"2025-10-31T08:50:52+00:00\" \/>\n<meta property=\"og:image\" content=\"https:\/\/www.ghostysky.com\/wp-content\/uploads\/2025\/10\/GH_Emlid_RS4_RS4Pro_BaseRover_1-scaled.webp\" \/>\n\t<meta property=\"og:image:width\" content=\"2560\" \/>\n\t<meta property=\"og:image:height\" content=\"1625\" \/>\n\t<meta property=\"og:image:type\" content=\"image\/webp\" \/>\n<meta name=\"twitter:card\" content=\"summary_large_image\" \/>\n<meta name=\"twitter:site\" content=\"@Gh0stysky\" \/>\n<meta name=\"twitter:label1\" content=\"Tempo estimado de leitura\" \/>\n\t<meta name=\"twitter:data1\" content=\"2 minutos\" \/>\n<script type=\"application\/ld+json\" class=\"yoast-schema-graph\">{\"@context\":\"https:\/\/schema.org\",\"@graph\":[{\"@type\":\"WebPage\",\"@id\":\"https:\/\/www.ghostysky.com\/product\/emlid-rs4-rs4-pro-base-rover-kit\/\",\"url\":\"https:\/\/www.ghostysky.com\/product\/emlid-rs4-rs4-pro-base-rover-kit\/\",\"name\":\"Emlid RS4 + RS4 Pro Base & Rover Kit - Ghostysky\",\"isPartOf\":{\"@id\":\"https:\/\/www.ghostysky.com\/#website\"},\"primaryImageOfPage\":{\"@id\":\"https:\/\/www.ghostysky.com\/product\/emlid-rs4-rs4-pro-base-rover-kit\/#primaryimage\"},\"image\":{\"@id\":\"https:\/\/www.ghostysky.com\/product\/emlid-rs4-rs4-pro-base-rover-kit\/#primaryimage\"},\"thumbnailUrl\":\"https:\/\/www.ghostysky.com\/wp-content\/uploads\/2025\/10\/GH_Emlid_RS4_RS4Pro_BaseRover_1-scaled.webp\",\"datePublished\":\"2025-10-31T08:20:57+00:00\",\"dateModified\":\"2025-10-31T08:50:52+00:00\",\"description\":\"The Emlid RS4 + RS4 Pro Base & Rover Kit is a next-generation, multi-band RTK GNSS receiver system designed for high-precision surveying, mapping, and fieldwork.Package includes1x Reach RS4 Pro1x Reach RS42x Carrying case2x USB Type-C cable2x LoRa Antenna 860-930 MHz2x UHF Antenna 410-470 MHz2x Quick release adapter1x Reach RS4 Bumper1x Reach RS4 Pro Bumper1x Base and Rover accessories kit\",\"breadcrumb\":{\"@id\":\"https:\/\/www.ghostysky.com\/product\/emlid-rs4-rs4-pro-base-rover-kit\/#breadcrumb\"},\"inLanguage\":\"pt-PT\",\"potentialAction\":[{\"@type\":\"ReadAction\",\"target\":[\"https:\/\/www.ghostysky.com\/product\/emlid-rs4-rs4-pro-base-rover-kit\/\"]}]},{\"@type\":\"ImageObject\",\"inLanguage\":\"pt-PT\",\"@id\":\"https:\/\/www.ghostysky.com\/product\/emlid-rs4-rs4-pro-base-rover-kit\/#primaryimage\",\"url\":\"https:\/\/www.ghostysky.com\/wp-content\/uploads\/2025\/10\/GH_Emlid_RS4_RS4Pro_BaseRover_1-scaled.webp\",\"contentUrl\":\"https:\/\/www.ghostysky.com\/wp-content\/uploads\/2025\/10\/GH_Emlid_RS4_RS4Pro_BaseRover_1-scaled.webp\",\"width\":2560,\"height\":1625},{\"@type\":\"BreadcrumbList\",\"@id\":\"https:\/\/www.ghostysky.com\/product\/emlid-rs4-rs4-pro-base-rover-kit\/#breadcrumb\",\"itemListElement\":[{\"@type\":\"ListItem\",\"position\":1,\"name\":\"Home\",\"item\":\"https:\/\/www.ghostysky.com\/\"},{\"@type\":\"ListItem\",\"position\":2,\"name\":\"Shop\",\"item\":\"https:\/\/www.ghostysky.com\/shop\/\"},{\"@type\":\"ListItem\",\"position\":3,\"name\":\"Emlid RS4 + RS4 Pro Base &#038; Rover Kit\"}]},{\"@type\":\"WebSite\",\"@id\":\"https:\/\/www.ghostysky.com\/#website\",\"url\":\"https:\/\/www.ghostysky.com\/\",\"name\":\"Ghostysky\",\"description\":\"Delivering professional drones and services\",\"publisher\":{\"@id\":\"https:\/\/www.ghostysky.com\/#organization\"},\"potentialAction\":[{\"@type\":\"SearchAction\",\"target\":{\"@type\":\"EntryPoint\",\"urlTemplate\":\"https:\/\/www.ghostysky.com\/?s={search_term_string}\"},\"query-input\":{\"@type\":\"PropertyValueSpecification\",\"valueRequired\":true,\"valueName\":\"search_term_string\"}}],\"inLanguage\":\"pt-PT\"},{\"@type\":\"Organization\",\"@id\":\"https:\/\/www.ghostysky.com\/#organization\",\"name\":\"Ghostysky\",\"url\":\"https:\/\/www.ghostysky.com\/\",\"logo\":{\"@type\":\"ImageObject\",\"inLanguage\":\"pt-PT\",\"@id\":\"https:\/\/www.ghostysky.com\/#\/schema\/logo\/image\/\",\"url\":\"https:\/\/www.ghostysky.com\/wp-content\/uploads\/2020\/06\/cropped-ghostyskylogo_text_white2.png\",\"contentUrl\":\"https:\/\/www.ghostysky.com\/wp-content\/uploads\/2020\/06\/cropped-ghostyskylogo_text_white2.png\",\"width\":169,\"height\":56,\"caption\":\"Ghostysky\"},\"image\":{\"@id\":\"https:\/\/www.ghostysky.com\/#\/schema\/logo\/image\/\"},\"sameAs\":[\"https:\/\/www.facebook.com\/people\/Ghostysky\/100057676170234\/\",\"https:\/\/x.com\/Gh0stysky\",\"https:\/\/www.linkedin.com\/company\/34739653\",\"https:\/\/www.instagram.com\/gh0stysky\"]}]}<\/script>\n<!-- \/ Yoast SEO plugin. -->","yoast_head_json":{"title":"Kit base e Rover Emlid RS4 + RS4 Pro - Ghostysky","description":"O kit Emlid RS4 + RS4 Pro Base &amp; Rover \u00e9 um sistema receptor GNSS RTK multibanda de \u00faltima gera\u00e7\u00e3o, projetado para levantamentos topogr\u00e1ficos de alta precis\u00e3o, mapeamento e trabalhos de campo. O pacote inclui: 1x Reach RS4 Pro, 1x Reach RS4, 2x estojos de transporte, 2x cabos USB tipo C, 2x antenas LoRa (860-930 MHz), 2x antenas UHF (410-470 MHz), 2x adaptadores de libera\u00e7\u00e3o r\u00e1pida, 1x protetor para Reach RS4, 1x protetor para Reach RS4 Pro e 1x kit de acess\u00f3rios para a base e o rover.","robots":{"index":"index","follow":"follow","max-snippet":"max-snippet:-1","max-image-preview":"max-image-preview:large","max-video-preview":"max-video-preview:-1"},"canonical":"https:\/\/www.ghostysky.com\/pt\/produto-2\/emlid-rs4-rs4-pro-base-rover-kit\/","og_locale":"pt_PT","og_type":"article","og_title":"Emlid RS4 + RS4 Pro Base & Rover Kit - Ghostysky","og_description":"The Emlid RS4 + RS4 Pro Base & Rover Kit is a next-generation, multi-band RTK GNSS receiver system designed for high-precision surveying, mapping, and fieldwork.Package includes1x Reach RS4 Pro1x Reach RS42x Carrying case2x USB Type-C cable2x LoRa Antenna 860-930 MHz2x UHF Antenna 410-470 MHz2x Quick release adapter1x Reach RS4 Bumper1x Reach RS4 Pro Bumper1x Base and Rover accessories kit","og_url":"https:\/\/www.ghostysky.com\/pt\/produto-2\/emlid-rs4-rs4-pro-base-rover-kit\/","og_site_name":"Ghostysky","article_publisher":"https:\/\/www.facebook.com\/people\/Ghostysky\/100057676170234\/","article_modified_time":"2025-10-31T08:50:52+00:00","og_image":[{"width":2560,"height":1625,"url":"https:\/\/www.ghostysky.com\/wp-content\/uploads\/2025\/10\/GH_Emlid_RS4_RS4Pro_BaseRover_1-scaled.webp","type":"image\/webp"}],"twitter_card":"summary_large_image","twitter_site":"@Gh0stysky","twitter_misc":{"Tempo estimado de leitura":"2 minutos"},"schema":{"@context":"https:\/\/schema.org","@graph":[{"@type":"WebPage","@id":"https:\/\/www.ghostysky.com\/product\/emlid-rs4-rs4-pro-base-rover-kit\/","url":"https:\/\/www.ghostysky.com\/product\/emlid-rs4-rs4-pro-base-rover-kit\/","name":"Kit base e Rover Emlid RS4 + RS4 Pro - Ghostysky","isPartOf":{"@id":"https:\/\/www.ghostysky.com\/#website"},"primaryImageOfPage":{"@id":"https:\/\/www.ghostysky.com\/product\/emlid-rs4-rs4-pro-base-rover-kit\/#primaryimage"},"image":{"@id":"https:\/\/www.ghostysky.com\/product\/emlid-rs4-rs4-pro-base-rover-kit\/#primaryimage"},"thumbnailUrl":"https:\/\/www.ghostysky.com\/wp-content\/uploads\/2025\/10\/GH_Emlid_RS4_RS4Pro_BaseRover_1-scaled.webp","datePublished":"2025-10-31T08:20:57+00:00","dateModified":"2025-10-31T08:50:52+00:00","description":"O kit Emlid RS4 + RS4 Pro Base &amp; Rover \u00e9 um sistema receptor GNSS RTK multibanda de \u00faltima gera\u00e7\u00e3o, projetado para levantamentos topogr\u00e1ficos de alta precis\u00e3o, mapeamento e trabalhos de campo. O pacote inclui: 1x Reach RS4 Pro, 1x Reach RS4, 2x estojos de transporte, 2x cabos USB tipo C, 2x antenas LoRa (860-930 MHz), 2x antenas UHF (410-470 MHz), 2x adaptadores de libera\u00e7\u00e3o r\u00e1pida, 1x protetor para Reach RS4, 1x protetor para Reach RS4 Pro e 1x kit de acess\u00f3rios para a base e o rover.","breadcrumb":{"@id":"https:\/\/www.ghostysky.com\/product\/emlid-rs4-rs4-pro-base-rover-kit\/#breadcrumb"},"inLanguage":"pt-PT","potentialAction":[{"@type":"ReadAction","target":["https:\/\/www.ghostysky.com\/product\/emlid-rs4-rs4-pro-base-rover-kit\/"]}]},{"@type":"ImageObject","inLanguage":"pt-PT","@id":"https:\/\/www.ghostysky.com\/product\/emlid-rs4-rs4-pro-base-rover-kit\/#primaryimage","url":"https:\/\/www.ghostysky.com\/wp-content\/uploads\/2025\/10\/GH_Emlid_RS4_RS4Pro_BaseRover_1-scaled.webp","contentUrl":"https:\/\/www.ghostysky.com\/wp-content\/uploads\/2025\/10\/GH_Emlid_RS4_RS4Pro_BaseRover_1-scaled.webp","width":2560,"height":1625},{"@type":"BreadcrumbList","@id":"https:\/\/www.ghostysky.com\/product\/emlid-rs4-rs4-pro-base-rover-kit\/#breadcrumb","itemListElement":[{"@type":"ListItem","position":1,"name":"Home","item":"https:\/\/www.ghostysky.com\/"},{"@type":"ListItem","position":2,"name":"Shop","item":"https:\/\/www.ghostysky.com\/shop\/"},{"@type":"ListItem","position":3,"name":"Emlid RS4 + RS4 Pro Base &#038; Rover Kit"}]},{"@type":"WebSite","@id":"https:\/\/www.ghostysky.com\/#website","url":"https:\/\/www.ghostysky.com\/","name":"Ghostysky","description":"Fornecendo drones e servi\u00e7os profissionais","publisher":{"@id":"https:\/\/www.ghostysky.com\/#organization"},"potentialAction":[{"@type":"SearchAction","target":{"@type":"EntryPoint","urlTemplate":"https:\/\/www.ghostysky.com\/?s={search_term_string}"},"query-input":{"@type":"PropertyValueSpecification","valueRequired":true,"valueName":"search_term_string"}}],"inLanguage":"pt-PT"},{"@type":"Organization","@id":"https:\/\/www.ghostysky.com\/#organization","name":"Ghostysky","url":"https:\/\/www.ghostysky.com\/","logo":{"@type":"ImageObject","inLanguage":"pt-PT","@id":"https:\/\/www.ghostysky.com\/#\/schema\/logo\/image\/","url":"https:\/\/www.ghostysky.com\/wp-content\/uploads\/2020\/06\/cropped-ghostyskylogo_text_white2.png","contentUrl":"https:\/\/www.ghostysky.com\/wp-content\/uploads\/2020\/06\/cropped-ghostyskylogo_text_white2.png","width":169,"height":56,"caption":"Ghostysky"},"image":{"@id":"https:\/\/www.ghostysky.com\/#\/schema\/logo\/image\/"},"sameAs":["https:\/\/www.facebook.com\/people\/Ghostysky\/100057676170234\/","https:\/\/x.com\/Gh0stysky","https:\/\/www.linkedin.com\/company\/34739653","https:\/\/www.instagram.com\/gh0stysky"]}]}},"_links":{"self":[{"href":"https:\/\/www.ghostysky.com\/pt\/wp-json\/wp\/v2\/product\/22657","targetHints":{"allow":["GET"]}}],"collection":[{"href":"https:\/\/www.ghostysky.com\/pt\/wp-json\/wp\/v2\/product"}],"about":[{"href":"https:\/\/www.ghostysky.com\/pt\/wp-json\/wp\/v2\/types\/product"}],"replies":[{"embeddable":true,"href":"https:\/\/www.ghostysky.com\/pt\/wp-json\/wp\/v2\/comments?post=22657"}],"wp:featuredmedia":[{"embeddable":true,"href":"https:\/\/www.ghostysky.com\/pt\/wp-json\/wp\/v2\/media\/22658"}],"wp:attachment":[{"href":"https:\/\/www.ghostysky.com\/pt\/wp-json\/wp\/v2\/media?parent=22657"}],"wp:term":[{"taxonomy":"product_brand","embeddable":true,"href":"https:\/\/www.ghostysky.com\/pt\/wp-json\/wp\/v2\/product_brand?post=22657"},{"taxonomy":"product_cat","embeddable":true,"href":"https:\/\/www.ghostysky.com\/pt\/wp-json\/wp\/v2\/product_cat?post=22657"},{"taxonomy":"product_tag","embeddable":true,"href":"https:\/\/www.ghostysky.com\/pt\/wp-json\/wp\/v2\/product_tag?post=22657"}],"curies":[{"name":"wp","href":"https:\/\/api.w.org\/{rel}","templated":true}]}}