{"id":22661,"date":"2025-10-31T08:50:25","date_gmt":"2025-10-31T08:50:25","guid":{"rendered":"https:\/\/www.ghostysky.com\/?post_type=product&#038;p=22661"},"modified":"2025-11-09T08:54:07","modified_gmt":"2025-11-09T08:54:07","slug":"dji-matrice-4e-emlid-rs4-base-kit","status":"publish","type":"product","link":"https:\/\/www.ghostysky.com\/pt\/product\/dji-matrice-4e-emlid-rs4-base-kit\/","title":{"rendered":"Kit de topografia DJI Matrice 4E"},"content":{"rendered":"<h3>\ud83d\ude81 <b>DJI Matrice 4E (M4E)<\/b><\/h3>\n<p>O DJI Matrice 4E \u00e9 um drone industrial avan\u00e7ado com m\u00faltiplos sensores, projetado principalmente para <b>levantamento topogr\u00e1fico e mapeamento de alta efici\u00eancia<\/b>.<\/p>\n<table>\n<thead>\n<tr>\n<td><strong>Recurso<\/strong><\/td>\n<td><strong>Detalhe<\/strong><\/td>\n<td><strong>Benef\u00edcios do mapeamento<\/strong><\/td>\n<\/tr>\n<\/thead>\n<tbody>\n<tr>\n<td><b>M\u00f3dulo RTK integrado<\/b><\/td>\n<td>M\u00f3dulo GNSS\/RTK de alta precis\u00e3o integrado.<\/td>\n<td>Fornece posicionamento em tempo real, com precis\u00e3o centim\u00e9trica, para o drone.<\/td>\n<\/tr>\n<tr>\n<td><b>Sistema de c\u00e2meras<\/b><\/td>\n<td>C\u00e2mera grande angular (com um <b>obturador mec\u00e2nico<\/b>), Teleobjetiva m\u00e9dia, Teleobjetiva e um tel\u00eametro a laser.<\/td>\n<td>O obturador mec\u00e2nico elimina a distor\u00e7\u00e3o causada pelo obturador rolante, o que \u00e9 fundamental para modelos de fotogrametria precisos.<\/td>\n<\/tr>\n<tr>\n<td><b>Fus\u00e3o GNSS+Vis\u00e3o<\/b><\/td>\n<td>Sistema de posicionamento avan\u00e7ado.<\/td>\n<td>Garante um voo est\u00e1vel e seguro, mesmo quando os sinais GNSS s\u00e3o fracos (por exemplo, em \u00e1reas urbanas com muitos pr\u00e9dios).<\/td>\n<\/tr>\n<tr>\n<td><b>Alta efici\u00eancia<\/b><\/td>\n<td>Suporta disparos em intervalos r\u00e1pidos (t\u00e3o curtos quanto 0,5s) e modos de voo inteligentes.<\/td>\n<td>Abrange grandes \u00e1reas rapidamente, mantendo uma alta sobreposi\u00e7\u00e3o de imagens para garantir a precis\u00e3o do modelo 3D.<\/td>\n<\/tr>\n<tr>\n<td><b>Fluxo de dados<\/b><\/td>\n<td>Grava imagens com dados posicionais corrigidos de alta precis\u00e3o (dados PPK\/RTK).<\/td>\n<td>Utilizado para processar imagens a\u00e9reas e transform\u00e1-las em ortomosaicos e modelos 3D precisos.<\/td>\n<\/tr>\n<\/tbody>\n<\/table>\n<hr \/>\n<p>&nbsp;<\/p>\n<h3>\ud83d\udef0\ufe0f <b>Kit b\u00e1sico Emlid Reach RS4<\/b><\/h3>\n<p>O Emlid Reach RS4 \u00e9 um <b>receptor GNSS multibanda<\/b> destinado a servir como um <b>esta\u00e7\u00e3o base de refer\u00eancia fixa<\/b> para um fluxo de trabalho RTK ou PPK.<\/p>\n<table>\n<thead>\n<tr>\n<td><strong>Recurso<\/strong><\/td>\n<td><strong>Detalhe<\/strong><\/td>\n<td><strong>Benef\u00edcios do mapeamento<\/strong><\/td>\n<\/tr>\n<\/thead>\n<tbody>\n<tr>\n<td><b>Fun\u00e7\u00e3o Base<\/b><\/td>\n<td>Permanece em um ponto conhecido ou facilmente mensur\u00e1vel no solo.<\/td>\n<td>Estabelece uma localiza\u00e7\u00e3o est\u00e1tica e altamente precisa para servir de refer\u00eancia para o drone.<\/td>\n<\/tr>\n<tr>\n<td><b>GNSS multibanda<\/b><\/td>\n<td>Monitora todas as principais constela\u00e7\u00f5es de sat\u00e9lites (GPS, GLONASS, Galileo, BeiDou, etc.) em m\u00faltiplas frequ\u00eancias.<\/td>\n<td>Maximiza a confiabilidade e a precis\u00e3o dos dados de corre\u00e7\u00e3o.<\/td>\n<\/tr>\n<tr>\n<td><b>Dados de corre\u00e7\u00e3o<\/b><\/td>\n<td>Registra dados GNSS brutos para p\u00f3s-processamento cinem\u00e1tico (PPK) e\/ou transmite corre\u00e7\u00f5es cinem\u00e1ticas em tempo real (RTK).<\/td>\n<td>Fornece as informa\u00e7\u00f5es precisas necess\u00e1rias para corrigir os dados GNSS de baixa precis\u00e3o do drone, elevando-os a uma precis\u00e3o de n\u00edvel centim\u00e9trico.<\/td>\n<\/tr>\n<tr>\n<td><b>Design robusto<\/b><\/td>\n<td>Classifica\u00e7\u00e3o IP68, corpo dur\u00e1vel em liga de magn\u00e9sio.<\/td>\n<td>Adequado para implanta\u00e7\u00e3o em locais de trabalho por per\u00edodos prolongados.<\/td>\n<\/tr>\n<\/tbody>\n<\/table>\n<hr \/>\n<p>&nbsp;<\/p>\n<h3>\ud83c\udf10 <b>O fluxo de trabalho sin\u00e9rgico<\/b><\/h3>\n<p>O Matrice 4E e o kit b\u00e1sico Emlid RS4 funcionam em conjunto para realizar mapeamento a\u00e9reo de alta precis\u00e3o de duas maneiras principais:<\/p>\n<ol start=\"1\">\n<li><b>Fluxo de trabalho RTK (em tempo real):<\/b>\n<ul>\n<li>O <b>Base Emlid RS4<\/b> Est\u00e1 configurado e transmite dados de corre\u00e7\u00e3o em tempo real (via NTRIP pela internet ou r\u00e1dio UHF\/LoRa).<\/li>\n<li>O <b>DJI M4E<\/b> recebe essas corre\u00e7\u00f5es em pleno voo, permitindo que o drone marque cada imagem com uma coordenada precisa ao cent\u00edmetro em tempo real.<\/li>\n<\/ul>\n<\/li>\n<li><b>Fluxo de trabalho PPK (p\u00f3s-processado):<\/b>\n<ul>\n<li>O <b>Base Emlid RS4<\/b> registra seus dados GNSS brutos enquanto o <b>DJI M4E<\/b> Tamb\u00e9m registra seus pr\u00f3prios dados brutos (ou pelo menos registros posicionais de alta qualidade).<\/li>\n<li>Ap\u00f3s o voo, as posi\u00e7\u00f5es das imagens do drone s\u00e3o corrigidas usando os dados brutos estacion\u00e1rios e de alta precis\u00e3o da esta\u00e7\u00e3o base Emlid RS4. Este m\u00e9todo \u00e9 frequentemente preferido para mapeamento, pois geralmente \u00e9 mais robusto e menos suscet\u00edvel a quedas moment\u00e2neas de sinal.<\/li>\n<\/ul>\n<\/li>\n<\/ol>\n<p>Essa combina\u00e7\u00e3o \u00e9 uma solu\u00e7\u00e3o altamente eficaz e profissional para projetos que exigem precis\u00e3o de n\u00edvel topogr\u00e1fico nos resultados finais, como c\u00e1lculos volum\u00e9tricos, modelos de engenharia detalhados e levantamentos cadastrais.<\/p>","protected":false},"excerpt":{"rendered":"<p>Esta \u00e9 uma poderosa combina\u00e7\u00e3o de uma plataforma profissional de mapeamento a\u00e9reo e uma esta\u00e7\u00e3o de refer\u00eancia terrestre de alta precis\u00e3o. Esta configura\u00e7\u00e3o \u00e9 comumente usada por top\u00f3grafos e cart\u00f3grafos para alcan\u00e7ar <b>dados a\u00e9reos com precis\u00e3o em n\u00edvel de cent\u00edmetro<\/b>.<\/p>\n<p>O pacote inclui:<\/p>\n<ul>\n<li>1x DJI Matrice 4E Worry-Free Plus Combo<\/li>\n<li>2x Bateria DJI Matrice S\u00e9rie 4<\/li>\n<li>1x Emlid RS4<\/li>\n<li>1x Para-choque Emlid Reach RS4<\/li>\n<li>1x Adaptador de libera\u00e7\u00e3o r\u00e1pida Emlid<\/li>\n<li>1x Kit de acess\u00f3rios para base Emlid<\/li>\n<\/ul>","protected":false},"featured_media":23078,"comment_status":"open","ping_status":"closed","template":"","meta":[],"product_brand":[1031,1025],"product_cat":[37,1118,29,89,1189,1117,30,22],"product_tag":[1226,1227,1026,1225],"class_list":{"0":"post-22661","1":"product","2":"type-product","3":"status-publish","4":"has-post-thumbnail","6":"product_brand-dji","7":"product_brand-emlid","8":"product_cat-dji","9":"product_cat-dji-matrice-4-drones","10":"product_cat-drones","11":"product_cat-emlid","12":"product_cat-kir-rs4_rs4pro_rs3","13":"product_cat-matrice-4","14":"product_cat-mobile-station","15":"product_cat-other","16":"product_tag-dji-emlid-kit","17":"product_tag-dji-matrice-4e","18":"product_tag-emlid-rs4","19":"product_tag-emlid-rs4-kit","21":"first","22":"onbackorder","23":"taxable","24":"shipping-taxable","25":"purchasable","26":"product-type-woosb"},"yoast_head":"<!-- This site is optimized with the Yoast SEO plugin v27.4 - https:\/\/yoast.com\/product\/yoast-seo-wordpress\/ -->\n<title>DJI Matrice 4E Topography Kit - Ghostysky<\/title>\n<meta name=\"description\" content=\"This is a powerful combination of a professional aerial mapping platform and a high-precision ground reference station. This setup is commonly used by surveyors and mappers to achieve centimeter-level accurate aerial data.Package includes:1x DJI Matrice 4E Worry-Free Plus Combo2x DJI Matrice 4 Series Battery1x Emlid RS41x Emlid Reach RS4 Bumber1x Emlid Quick release adapter1x Emlid Base accessories kit\" \/>\n<meta name=\"robots\" content=\"index, follow, max-snippet:-1, max-image-preview:large, max-video-preview:-1\" \/>\n<link rel=\"canonical\" href=\"https:\/\/www.ghostysky.com\/pt\/produto-2\/dji-matrice-4e-emlid-rs4-base-kit\/\" \/>\n<meta property=\"og:locale\" content=\"pt_PT\" \/>\n<meta property=\"og:type\" content=\"article\" \/>\n<meta property=\"og:title\" content=\"DJI Matrice 4E Topography Kit - Ghostysky\" \/>\n<meta property=\"og:description\" content=\"This is a powerful combination of a professional aerial mapping platform and a high-precision ground reference station. This setup is commonly used by surveyors and mappers to achieve centimeter-level accurate aerial data.Package includes:1x DJI Matrice 4E Worry-Free Plus Combo2x DJI Matrice 4 Series Battery1x Emlid RS41x Emlid Reach RS4 Bumber1x Emlid Quick release adapter1x Emlid Base accessories kit\" \/>\n<meta property=\"og:url\" content=\"https:\/\/www.ghostysky.com\/pt\/produto-2\/dji-matrice-4e-emlid-rs4-base-kit\/\" \/>\n<meta property=\"og:site_name\" content=\"Ghostysky\" \/>\n<meta property=\"article:publisher\" content=\"https:\/\/www.facebook.com\/people\/Ghostysky\/100057676170234\/\" \/>\n<meta property=\"article:modified_time\" content=\"2025-11-09T08:54:07+00:00\" \/>\n<meta property=\"og:image\" content=\"https:\/\/www.ghostysky.com\/wp-content\/uploads\/2025\/10\/GH_DJI_Matrice_4E_Emlid_RS4.jpg\" \/>\n\t<meta property=\"og:image:width\" content=\"800\" \/>\n\t<meta property=\"og:image:height\" content=\"600\" \/>\n\t<meta property=\"og:image:type\" content=\"image\/jpeg\" \/>\n<meta name=\"twitter:card\" content=\"summary_large_image\" \/>\n<meta name=\"twitter:site\" content=\"@Gh0stysky\" \/>\n<meta name=\"twitter:label1\" content=\"Tempo estimado de leitura\" \/>\n\t<meta name=\"twitter:data1\" content=\"3 minutos\" \/>\n<script type=\"application\/ld+json\" class=\"yoast-schema-graph\">{\"@context\":\"https:\\\/\\\/schema.org\",\"@graph\":[{\"@type\":\"WebPage\",\"@id\":\"https:\\\/\\\/www.ghostysky.com\\\/product\\\/dji-matrice-4e-emlid-rs4-base-kit\\\/\",\"url\":\"https:\\\/\\\/www.ghostysky.com\\\/product\\\/dji-matrice-4e-emlid-rs4-base-kit\\\/\",\"name\":\"DJI Matrice 4E Topography Kit - Ghostysky\",\"isPartOf\":{\"@id\":\"https:\\\/\\\/www.ghostysky.com\\\/#website\"},\"primaryImageOfPage\":{\"@id\":\"https:\\\/\\\/www.ghostysky.com\\\/product\\\/dji-matrice-4e-emlid-rs4-base-kit\\\/#primaryimage\"},\"image\":{\"@id\":\"https:\\\/\\\/www.ghostysky.com\\\/product\\\/dji-matrice-4e-emlid-rs4-base-kit\\\/#primaryimage\"},\"thumbnailUrl\":\"https:\\\/\\\/www.ghostysky.com\\\/wp-content\\\/uploads\\\/2025\\\/10\\\/GH_DJI_Matrice_4E_Emlid_RS4.jpg\",\"datePublished\":\"2025-10-31T08:50:25+00:00\",\"dateModified\":\"2025-11-09T08:54:07+00:00\",\"description\":\"This is a powerful combination of a professional aerial mapping platform and a high-precision ground reference station. This setup is commonly used by surveyors and mappers to achieve centimeter-level accurate aerial data.Package includes:1x DJI Matrice 4E Worry-Free Plus Combo2x DJI Matrice 4 Series Battery1x Emlid RS41x Emlid Reach RS4 Bumber1x Emlid Quick release adapter1x Emlid Base accessories kit\",\"breadcrumb\":{\"@id\":\"https:\\\/\\\/www.ghostysky.com\\\/product\\\/dji-matrice-4e-emlid-rs4-base-kit\\\/#breadcrumb\"},\"inLanguage\":\"pt-PT\",\"potentialAction\":[{\"@type\":\"ReadAction\",\"target\":[\"https:\\\/\\\/www.ghostysky.com\\\/product\\\/dji-matrice-4e-emlid-rs4-base-kit\\\/\"]}]},{\"@type\":\"ImageObject\",\"inLanguage\":\"pt-PT\",\"@id\":\"https:\\\/\\\/www.ghostysky.com\\\/product\\\/dji-matrice-4e-emlid-rs4-base-kit\\\/#primaryimage\",\"url\":\"https:\\\/\\\/www.ghostysky.com\\\/wp-content\\\/uploads\\\/2025\\\/10\\\/GH_DJI_Matrice_4E_Emlid_RS4.jpg\",\"contentUrl\":\"https:\\\/\\\/www.ghostysky.com\\\/wp-content\\\/uploads\\\/2025\\\/10\\\/GH_DJI_Matrice_4E_Emlid_RS4.jpg\",\"width\":800,\"height\":600},{\"@type\":\"BreadcrumbList\",\"@id\":\"https:\\\/\\\/www.ghostysky.com\\\/product\\\/dji-matrice-4e-emlid-rs4-base-kit\\\/#breadcrumb\",\"itemListElement\":[{\"@type\":\"ListItem\",\"position\":1,\"name\":\"Home\",\"item\":\"https:\\\/\\\/www.ghostysky.com\\\/\"},{\"@type\":\"ListItem\",\"position\":2,\"name\":\"Shop\",\"item\":\"https:\\\/\\\/www.ghostysky.com\\\/shop\\\/\"},{\"@type\":\"ListItem\",\"position\":3,\"name\":\"DJI Matrice 4E Topography Kit\"}]},{\"@type\":\"WebSite\",\"@id\":\"https:\\\/\\\/www.ghostysky.com\\\/#website\",\"url\":\"https:\\\/\\\/www.ghostysky.com\\\/\",\"name\":\"Ghostysky\",\"description\":\"Delivering professional drones and services\",\"publisher\":{\"@id\":\"https:\\\/\\\/www.ghostysky.com\\\/#organization\"},\"potentialAction\":[{\"@type\":\"SearchAction\",\"target\":{\"@type\":\"EntryPoint\",\"urlTemplate\":\"https:\\\/\\\/www.ghostysky.com\\\/?s={search_term_string}\"},\"query-input\":{\"@type\":\"PropertyValueSpecification\",\"valueRequired\":true,\"valueName\":\"search_term_string\"}}],\"inLanguage\":\"pt-PT\"},{\"@type\":\"Organization\",\"@id\":\"https:\\\/\\\/www.ghostysky.com\\\/#organization\",\"name\":\"Ghostysky\",\"url\":\"https:\\\/\\\/www.ghostysky.com\\\/\",\"logo\":{\"@type\":\"ImageObject\",\"inLanguage\":\"pt-PT\",\"@id\":\"https:\\\/\\\/www.ghostysky.com\\\/#\\\/schema\\\/logo\\\/image\\\/\",\"url\":\"https:\\\/\\\/www.ghostysky.com\\\/wp-content\\\/uploads\\\/2020\\\/06\\\/cropped-ghostyskylogo_text_white2.png\",\"contentUrl\":\"https:\\\/\\\/www.ghostysky.com\\\/wp-content\\\/uploads\\\/2020\\\/06\\\/cropped-ghostyskylogo_text_white2.png\",\"width\":169,\"height\":56,\"caption\":\"Ghostysky\"},\"image\":{\"@id\":\"https:\\\/\\\/www.ghostysky.com\\\/#\\\/schema\\\/logo\\\/image\\\/\"},\"sameAs\":[\"https:\\\/\\\/www.facebook.com\\\/people\\\/Ghostysky\\\/100057676170234\\\/\",\"https:\\\/\\\/x.com\\\/Gh0stysky\",\"https:\\\/\\\/www.linkedin.com\\\/company\\\/34739653\",\"https:\\\/\\\/www.instagram.com\\\/gh0stysky\"]}]}<\/script>\n<!-- \/ Yoast SEO plugin. -->","yoast_head_json":{"title":"Kit de Topografia DJI Matrice 4E - Ghostysky","description":"Esta \u00e9 uma poderosa combina\u00e7\u00e3o de uma plataforma profissional de mapeamento a\u00e9reo e uma esta\u00e7\u00e3o de refer\u00eancia terrestre de alta precis\u00e3o. Esta configura\u00e7\u00e3o \u00e9 comumente usada por top\u00f3grafos e cart\u00f3grafos para obter dados a\u00e9reos com precis\u00e3o em n\u00edvel centim\u00e9trico. O pacote inclui: 1x DJI Matrice 4E Worry-Free Plus Combo, 2x Baterias DJI Matrice S\u00e9rie 4, 1x Emlid RS4, 1x Para-choque Emlid Reach RS4, 1x Adaptador de libera\u00e7\u00e3o r\u00e1pida Emlid, 1x Kit de acess\u00f3rios da base Emlid.","robots":{"index":"index","follow":"follow","max-snippet":"max-snippet:-1","max-image-preview":"max-image-preview:large","max-video-preview":"max-video-preview:-1"},"canonical":"https:\/\/www.ghostysky.com\/pt\/produto-2\/dji-matrice-4e-emlid-rs4-base-kit\/","og_locale":"pt_PT","og_type":"article","og_title":"DJI Matrice 4E Topography Kit - Ghostysky","og_description":"This is a powerful combination of a professional aerial mapping platform and a high-precision ground reference station. This setup is commonly used by surveyors and mappers to achieve centimeter-level accurate aerial data.Package includes:1x DJI Matrice 4E Worry-Free Plus Combo2x DJI Matrice 4 Series Battery1x Emlid RS41x Emlid Reach RS4 Bumber1x Emlid Quick release adapter1x Emlid Base accessories kit","og_url":"https:\/\/www.ghostysky.com\/pt\/produto-2\/dji-matrice-4e-emlid-rs4-base-kit\/","og_site_name":"Ghostysky","article_publisher":"https:\/\/www.facebook.com\/people\/Ghostysky\/100057676170234\/","article_modified_time":"2025-11-09T08:54:07+00:00","og_image":[{"width":800,"height":600,"url":"https:\/\/www.ghostysky.com\/wp-content\/uploads\/2025\/10\/GH_DJI_Matrice_4E_Emlid_RS4.jpg","type":"image\/jpeg"}],"twitter_card":"summary_large_image","twitter_site":"@Gh0stysky","twitter_misc":{"Tempo estimado de leitura":"3 minutos"},"schema":{"@context":"https:\/\/schema.org","@graph":[{"@type":"WebPage","@id":"https:\/\/www.ghostysky.com\/product\/dji-matrice-4e-emlid-rs4-base-kit\/","url":"https:\/\/www.ghostysky.com\/product\/dji-matrice-4e-emlid-rs4-base-kit\/","name":"Kit de Topografia DJI Matrice 4E - Ghostysky","isPartOf":{"@id":"https:\/\/www.ghostysky.com\/#website"},"primaryImageOfPage":{"@id":"https:\/\/www.ghostysky.com\/product\/dji-matrice-4e-emlid-rs4-base-kit\/#primaryimage"},"image":{"@id":"https:\/\/www.ghostysky.com\/product\/dji-matrice-4e-emlid-rs4-base-kit\/#primaryimage"},"thumbnailUrl":"https:\/\/www.ghostysky.com\/wp-content\/uploads\/2025\/10\/GH_DJI_Matrice_4E_Emlid_RS4.jpg","datePublished":"2025-10-31T08:50:25+00:00","dateModified":"2025-11-09T08:54:07+00:00","description":"Esta \u00e9 uma poderosa combina\u00e7\u00e3o de uma plataforma profissional de mapeamento a\u00e9reo e uma esta\u00e7\u00e3o de refer\u00eancia terrestre de alta precis\u00e3o. Esta configura\u00e7\u00e3o \u00e9 comumente usada por top\u00f3grafos e cart\u00f3grafos para obter dados a\u00e9reos com precis\u00e3o em n\u00edvel centim\u00e9trico. O pacote inclui: 1x DJI Matrice 4E Worry-Free Plus Combo, 2x Baterias DJI Matrice S\u00e9rie 4, 1x Emlid RS4, 1x Para-choque Emlid Reach RS4, 1x Adaptador de libera\u00e7\u00e3o r\u00e1pida Emlid, 1x Kit de acess\u00f3rios da base Emlid.","breadcrumb":{"@id":"https:\/\/www.ghostysky.com\/product\/dji-matrice-4e-emlid-rs4-base-kit\/#breadcrumb"},"inLanguage":"pt-PT","potentialAction":[{"@type":"ReadAction","target":["https:\/\/www.ghostysky.com\/product\/dji-matrice-4e-emlid-rs4-base-kit\/"]}]},{"@type":"ImageObject","inLanguage":"pt-PT","@id":"https:\/\/www.ghostysky.com\/product\/dji-matrice-4e-emlid-rs4-base-kit\/#primaryimage","url":"https:\/\/www.ghostysky.com\/wp-content\/uploads\/2025\/10\/GH_DJI_Matrice_4E_Emlid_RS4.jpg","contentUrl":"https:\/\/www.ghostysky.com\/wp-content\/uploads\/2025\/10\/GH_DJI_Matrice_4E_Emlid_RS4.jpg","width":800,"height":600},{"@type":"BreadcrumbList","@id":"https:\/\/www.ghostysky.com\/product\/dji-matrice-4e-emlid-rs4-base-kit\/#breadcrumb","itemListElement":[{"@type":"ListItem","position":1,"name":"Home","item":"https:\/\/www.ghostysky.com\/"},{"@type":"ListItem","position":2,"name":"Shop","item":"https:\/\/www.ghostysky.com\/shop\/"},{"@type":"ListItem","position":3,"name":"DJI Matrice 4E Topography Kit"}]},{"@type":"WebSite","@id":"https:\/\/www.ghostysky.com\/#website","url":"https:\/\/www.ghostysky.com\/","name":"Ghostysky","description":"Fornecendo drones e servi\u00e7os profissionais","publisher":{"@id":"https:\/\/www.ghostysky.com\/#organization"},"potentialAction":[{"@type":"SearchAction","target":{"@type":"EntryPoint","urlTemplate":"https:\/\/www.ghostysky.com\/?s={search_term_string}"},"query-input":{"@type":"PropertyValueSpecification","valueRequired":true,"valueName":"search_term_string"}}],"inLanguage":"pt-PT"},{"@type":"Organization","@id":"https:\/\/www.ghostysky.com\/#organization","name":"Ghostysky","url":"https:\/\/www.ghostysky.com\/","logo":{"@type":"ImageObject","inLanguage":"pt-PT","@id":"https:\/\/www.ghostysky.com\/#\/schema\/logo\/image\/","url":"https:\/\/www.ghostysky.com\/wp-content\/uploads\/2020\/06\/cropped-ghostyskylogo_text_white2.png","contentUrl":"https:\/\/www.ghostysky.com\/wp-content\/uploads\/2020\/06\/cropped-ghostyskylogo_text_white2.png","width":169,"height":56,"caption":"Ghostysky"},"image":{"@id":"https:\/\/www.ghostysky.com\/#\/schema\/logo\/image\/"},"sameAs":["https:\/\/www.facebook.com\/people\/Ghostysky\/100057676170234\/","https:\/\/x.com\/Gh0stysky","https:\/\/www.linkedin.com\/company\/34739653","https:\/\/www.instagram.com\/gh0stysky"]}]}},"_links":{"self":[{"href":"https:\/\/www.ghostysky.com\/pt\/wp-json\/wp\/v2\/product\/22661","targetHints":{"allow":["GET"]}}],"collection":[{"href":"https:\/\/www.ghostysky.com\/pt\/wp-json\/wp\/v2\/product"}],"about":[{"href":"https:\/\/www.ghostysky.com\/pt\/wp-json\/wp\/v2\/types\/product"}],"replies":[{"embeddable":true,"href":"https:\/\/www.ghostysky.com\/pt\/wp-json\/wp\/v2\/comments?post=22661"}],"version-history":[{"count":0,"href":"https:\/\/www.ghostysky.com\/pt\/wp-json\/wp\/v2\/product\/22661\/revisions"}],"wp:featuredmedia":[{"embeddable":true,"href":"https:\/\/www.ghostysky.com\/pt\/wp-json\/wp\/v2\/media\/23078"}],"wp:attachment":[{"href":"https:\/\/www.ghostysky.com\/pt\/wp-json\/wp\/v2\/media?parent=22661"}],"wp:term":[{"taxonomy":"product_brand","embeddable":true,"href":"https:\/\/www.ghostysky.com\/pt\/wp-json\/wp\/v2\/product_brand?post=22661"},{"taxonomy":"product_cat","embeddable":true,"href":"https:\/\/www.ghostysky.com\/pt\/wp-json\/wp\/v2\/product_cat?post=22661"},{"taxonomy":"product_tag","embeddable":true,"href":"https:\/\/www.ghostysky.com\/pt\/wp-json\/wp\/v2\/product_tag?post=22661"}],"curies":[{"name":"wp","href":"https:\/\/api.w.org\/{rel}","templated":true}]}}