{"id":22692,"date":"2025-11-02T07:48:21","date_gmt":"2025-11-02T07:48:21","guid":{"rendered":"https:\/\/www.ghostysky.com\/?post_type=product&#038;p=22692"},"modified":"2026-01-25T10:55:08","modified_gmt":"2026-01-25T10:55:08","slug":"elephant-robotics-mycobot-280-m5stack-2023-6-dof-collaborative-robot-dual-screen-version","status":"publish","type":"product","link":"https:\/\/www.ghostysky.com\/pt\/product\/elephant-robotics-mycobot-280-m5stack-2023-6-dof-collaborative-robot-dual-screen-version\/","title":{"rendered":"Elephant Robotics myCobot 280 M5Stack 2023 \u2013 Rob\u00f4 Colaborativo de 6 Graus de Liberdade (Vers\u00e3o com Tela Dupla)"},"content":{"rendered":"<h4><b>Caracter\u00edsticas principais<\/b><\/h4>\n<ul>\n<li><b>Compacto e leve:<\/b><span class=\"citation-26\"> O rob\u00f4 \u00e9 altamente port\u00e1til, pesando apenas <\/span><b><span class=\"citation-26\">850g<\/span><\/b><span class=\"citation-26 citation-end-26\">.<\/span><\/li>\n<li><b><span class=\"citation-25 citation-end-25\">6 graus de liberdade (DOF):<\/span><\/b><span class=\"citation-24 citation-end-24\"> Permite movimentos vers\u00e1teis e complexos.<\/span><\/li>\n<li><b><span class=\"citation-23\">Capacidade de carga e alcance:<\/span><\/b><span class=\"citation-23\"> Oferece uma carga \u00fatil m\u00e1xima de <\/span><b><span class=\"citation-23\">250g<\/span><\/b><span class=\"citation-23\"> e um raio de a\u00e7\u00e3o de <\/span><b><span class=\"citation-23\">280 mm<\/span><\/b><span class=\"citation-23 citation-end-23\">.<\/span><\/li>\n<li><b><span class=\"citation-22\">Duas telas:<\/span><\/b><span class=\"citation-22\"> Equipado com <\/span><b><span class=\"citation-22\">duas telas de exibi\u00e7\u00e3o<\/span><\/b><span class=\"citation-22 citation-end-22\"> Para facilitar a visualiza\u00e7\u00e3o de cen\u00e1rios de aplica\u00e7\u00e3o extensos e dados em tempo real.<\/span><\/li>\n<li><b><span class=\"citation-21\">Ecossistema M5Stack:<\/span><\/b><span class=\"citation-21\"> Baseado na plataforma M5Stack, que oferece um amplo ecossistema de recursos e funcionalidades. <\/span><b><span class=\"citation-21\">Conectores LEGO<\/span><\/b><span class=\"citation-21 citation-end-21\"> na base e na extremidade para f\u00e1cil integra\u00e7\u00e3o de diversos dispositivos microembutidos.<\/span><\/li>\n<li><b>Programa\u00e7\u00e3o:<\/b><span class=\"citation-20\"> Suporta m\u00faltiplos m\u00e9todos de programa\u00e7\u00e3o, incluindo <\/span><b><span class=\"citation-20\">meuBlockly<\/span><\/b><span class=\"citation-20\"> (programa\u00e7\u00e3o visual em blocos), <\/span><b><span class=\"citation-20\">UIFlow<\/span><\/b><span class=\"citation-20\">e APIs para usu\u00e1rios avan\u00e7ados em <\/span><b><span class=\"citation-20\">Python, C++, C#<\/span><\/b><span class=\"citation-20\">, e <\/span><b><span class=\"citation-20\">ROS<\/span><\/b><span class=\"citation-20 citation-end-20\"> (Sistema Operacional de Rob\u00f4s).<\/span><\/li>\n<li><b>M\u00e9todo de ensino:<\/b><span class=\"citation-19\"> Inclui um <\/span><b><span class=\"citation-19\">\u201cArraste e ensine\u201d<\/span><\/b><span class=\"citation-19 citation-end-19\"> Fun\u00e7\u00e3o que permite aos iniciantes mover fisicamente o bra\u00e7o para gravar e salvar trajetos de movimento sem a necessidade de programa\u00e7\u00e3o complexa.<\/span><\/li>\n<\/ul>","protected":false},"excerpt":{"rendered":"<p>O <b>Elephant Robotics myCobot 280 M5Stack 2023 (Vers\u00e3o com Tela Dupla)<\/b> \u00c9 o bra\u00e7o rob\u00f3tico colaborativo de 6 eixos mais compacto e leve do mundo, ideal para educa\u00e7\u00e3o STEM, pesquisa em rob\u00f3tica e projetos criativos do tipo &quot;fa\u00e7a voc\u00ea mesmo&quot;, apresentando um design modular integrado, capacidade de carga de 250g, raio de trabalho de 280mm e telas duplas para intera\u00e7\u00e3o aprimorada com o aplicativo.<\/p>","protected":false},"featured_media":22704,"comment_status":"open","ping_status":"closed","template":"","meta":[],"product_brand":[1231],"product_cat":[1041,1228,1229,1037],"product_tag":[1234,1232,1233],"class_list":{"0":"post-22692","1":"product","2":"type-product","3":"status-publish","4":"has-post-thumbnail","6":"product_brand-elephant-robotics","7":"product_cat-arms-grippers","8":"product_cat-elephant-robotics","9":"product_cat-mycobot-280-arms","10":"product_cat-robotics","11":"product_tag-6dof","12":"product_tag-elephant-robotics","13":"product_tag-mycobot-280-m5stack-2023","15":"first","16":"onbackorder","17":"taxable","18":"shipping-taxable","19":"purchasable","20":"product-type-simple"},"yoast_head":"<!-- This site is optimized with the Yoast SEO plugin v27.4 - https:\/\/yoast.com\/product\/yoast-seo-wordpress\/ -->\n<title>Elephant Robotics myCobot 280 M5Stack 2023 - 6 DOF Collaborative Robot ( Dual Screen Version) - Ghostysky<\/title>\n<meta name=\"description\" content=\"The Elephant Robotics myCobot 280 M5Stack 2023 (Dual Screen Version) is the world&#039;s smallest and lightest 6-axis collaborative robotic arm, ideal for STEM education, robotics research, and creative DIY projects, featuring an integrated modular design, a 250g payload, a 280mm working radius, and dual display screens for enhanced application interaction.\" \/>\n<meta name=\"robots\" content=\"index, follow, max-snippet:-1, max-image-preview:large, max-video-preview:-1\" \/>\n<link rel=\"canonical\" href=\"https:\/\/www.ghostysky.com\/pt\/produto-2\/elephant-robotics-mycobot-280-m5stack-2023-6-dof-collaborative-robot-dual-screen-version\/\" \/>\n<meta property=\"og:locale\" content=\"pt_PT\" \/>\n<meta property=\"og:type\" content=\"article\" \/>\n<meta property=\"og:title\" content=\"Elephant Robotics myCobot 280 M5Stack 2023 - 6 DOF Collaborative Robot ( Dual Screen Version) - Ghostysky\" \/>\n<meta property=\"og:description\" content=\"The Elephant Robotics myCobot 280 M5Stack 2023 (Dual Screen Version) is the world&#039;s smallest and lightest 6-axis collaborative robotic arm, ideal for STEM education, robotics research, and creative DIY projects, featuring an integrated modular design, a 250g payload, a 280mm working radius, and dual display screens for enhanced application interaction.\" \/>\n<meta property=\"og:url\" content=\"https:\/\/www.ghostysky.com\/pt\/produto-2\/elephant-robotics-mycobot-280-m5stack-2023-6-dof-collaborative-robot-dual-screen-version\/\" \/>\n<meta property=\"og:site_name\" content=\"Ghostysky\" \/>\n<meta property=\"article:publisher\" content=\"https:\/\/www.facebook.com\/people\/Ghostysky\/100057676170234\/\" \/>\n<meta property=\"article:modified_time\" content=\"2026-01-25T10:55:08+00:00\" \/>\n<meta property=\"og:image\" content=\"https:\/\/www.ghostysky.com\/wp-content\/uploads\/2025\/11\/GH_Mycobot_280_M5stack_2023_1.webp\" \/>\n\t<meta property=\"og:image:width\" content=\"800\" \/>\n\t<meta property=\"og:image:height\" content=\"800\" \/>\n\t<meta property=\"og:image:type\" content=\"image\/webp\" \/>\n<meta name=\"twitter:card\" content=\"summary_large_image\" \/>\n<meta name=\"twitter:site\" content=\"@Gh0stysky\" \/>\n<meta name=\"twitter:label1\" content=\"Tempo estimado de leitura\" \/>\n\t<meta name=\"twitter:data1\" content=\"1 minuto\" \/>\n<script type=\"application\/ld+json\" class=\"yoast-schema-graph\">{\"@context\":\"https:\\\/\\\/schema.org\",\"@graph\":[{\"@type\":\"WebPage\",\"@id\":\"https:\\\/\\\/www.ghostysky.com\\\/product\\\/elephant-robotics-mycobot-280-m5stack-2023-6-dof-collaborative-robot-dual-screen-version\\\/\",\"url\":\"https:\\\/\\\/www.ghostysky.com\\\/product\\\/elephant-robotics-mycobot-280-m5stack-2023-6-dof-collaborative-robot-dual-screen-version\\\/\",\"name\":\"Elephant Robotics myCobot 280 M5Stack 2023 - 6 DOF Collaborative Robot ( Dual Screen Version) - Ghostysky\",\"isPartOf\":{\"@id\":\"https:\\\/\\\/www.ghostysky.com\\\/#website\"},\"primaryImageOfPage\":{\"@id\":\"https:\\\/\\\/www.ghostysky.com\\\/product\\\/elephant-robotics-mycobot-280-m5stack-2023-6-dof-collaborative-robot-dual-screen-version\\\/#primaryimage\"},\"image\":{\"@id\":\"https:\\\/\\\/www.ghostysky.com\\\/product\\\/elephant-robotics-mycobot-280-m5stack-2023-6-dof-collaborative-robot-dual-screen-version\\\/#primaryimage\"},\"thumbnailUrl\":\"https:\\\/\\\/www.ghostysky.com\\\/wp-content\\\/uploads\\\/2025\\\/11\\\/GH_Mycobot_280_M5stack_2023_1.webp\",\"datePublished\":\"2025-11-02T07:48:21+00:00\",\"dateModified\":\"2026-01-25T10:55:08+00:00\",\"description\":\"The Elephant Robotics myCobot 280 M5Stack 2023 (Dual Screen Version) is the world's smallest and lightest 6-axis collaborative robotic arm, ideal for STEM education, robotics research, and creative DIY projects, featuring an integrated modular design, a 250g payload, a 280mm working radius, and dual display screens for enhanced application interaction.\",\"breadcrumb\":{\"@id\":\"https:\\\/\\\/www.ghostysky.com\\\/product\\\/elephant-robotics-mycobot-280-m5stack-2023-6-dof-collaborative-robot-dual-screen-version\\\/#breadcrumb\"},\"inLanguage\":\"pt-PT\",\"potentialAction\":[{\"@type\":\"ReadAction\",\"target\":[\"https:\\\/\\\/www.ghostysky.com\\\/product\\\/elephant-robotics-mycobot-280-m5stack-2023-6-dof-collaborative-robot-dual-screen-version\\\/\"]}]},{\"@type\":\"ImageObject\",\"inLanguage\":\"pt-PT\",\"@id\":\"https:\\\/\\\/www.ghostysky.com\\\/product\\\/elephant-robotics-mycobot-280-m5stack-2023-6-dof-collaborative-robot-dual-screen-version\\\/#primaryimage\",\"url\":\"https:\\\/\\\/www.ghostysky.com\\\/wp-content\\\/uploads\\\/2025\\\/11\\\/GH_Mycobot_280_M5stack_2023_1.webp\",\"contentUrl\":\"https:\\\/\\\/www.ghostysky.com\\\/wp-content\\\/uploads\\\/2025\\\/11\\\/GH_Mycobot_280_M5stack_2023_1.webp\",\"width\":800,\"height\":800},{\"@type\":\"BreadcrumbList\",\"@id\":\"https:\\\/\\\/www.ghostysky.com\\\/product\\\/elephant-robotics-mycobot-280-m5stack-2023-6-dof-collaborative-robot-dual-screen-version\\\/#breadcrumb\",\"itemListElement\":[{\"@type\":\"ListItem\",\"position\":1,\"name\":\"Home\",\"item\":\"https:\\\/\\\/www.ghostysky.com\\\/\"},{\"@type\":\"ListItem\",\"position\":2,\"name\":\"Shop\",\"item\":\"https:\\\/\\\/www.ghostysky.com\\\/shop\\\/\"},{\"@type\":\"ListItem\",\"position\":3,\"name\":\"Elephant Robotics myCobot 280 M5Stack 2023 &#8211; 6 DOF Collaborative Robot ( Dual Screen Version)\"}]},{\"@type\":\"WebSite\",\"@id\":\"https:\\\/\\\/www.ghostysky.com\\\/#website\",\"url\":\"https:\\\/\\\/www.ghostysky.com\\\/\",\"name\":\"Ghostysky\",\"description\":\"Delivering professional drones and services\",\"publisher\":{\"@id\":\"https:\\\/\\\/www.ghostysky.com\\\/#organization\"},\"potentialAction\":[{\"@type\":\"SearchAction\",\"target\":{\"@type\":\"EntryPoint\",\"urlTemplate\":\"https:\\\/\\\/www.ghostysky.com\\\/?s={search_term_string}\"},\"query-input\":{\"@type\":\"PropertyValueSpecification\",\"valueRequired\":true,\"valueName\":\"search_term_string\"}}],\"inLanguage\":\"pt-PT\"},{\"@type\":\"Organization\",\"@id\":\"https:\\\/\\\/www.ghostysky.com\\\/#organization\",\"name\":\"Ghostysky\",\"url\":\"https:\\\/\\\/www.ghostysky.com\\\/\",\"logo\":{\"@type\":\"ImageObject\",\"inLanguage\":\"pt-PT\",\"@id\":\"https:\\\/\\\/www.ghostysky.com\\\/#\\\/schema\\\/logo\\\/image\\\/\",\"url\":\"https:\\\/\\\/www.ghostysky.com\\\/wp-content\\\/uploads\\\/2020\\\/06\\\/cropped-ghostyskylogo_text_white2.png\",\"contentUrl\":\"https:\\\/\\\/www.ghostysky.com\\\/wp-content\\\/uploads\\\/2020\\\/06\\\/cropped-ghostyskylogo_text_white2.png\",\"width\":169,\"height\":56,\"caption\":\"Ghostysky\"},\"image\":{\"@id\":\"https:\\\/\\\/www.ghostysky.com\\\/#\\\/schema\\\/logo\\\/image\\\/\"},\"sameAs\":[\"https:\\\/\\\/www.facebook.com\\\/people\\\/Ghostysky\\\/100057676170234\\\/\",\"https:\\\/\\\/x.com\\\/Gh0stysky\",\"https:\\\/\\\/www.linkedin.com\\\/company\\\/34739653\",\"https:\\\/\\\/www.instagram.com\\\/gh0stysky\"]}]}<\/script>\n<!-- \/ Yoast SEO plugin. -->","yoast_head_json":{"title":"Elephant Robotics myCobot 280 M5Stack 2023 - Rob\u00f4 Colaborativo de 6 Graus de Liberdade (Vers\u00e3o com Tela Dupla) - Ghostysky","description":"O Elephant Robotics myCobot 280 M5Stack 2023 (Vers\u00e3o com Tela Dupla) \u00e9 o menor e mais leve bra\u00e7o rob\u00f3tico colaborativo de 6 eixos do mundo, ideal para educa\u00e7\u00e3o STEM, pesquisa em rob\u00f3tica e projetos criativos do tipo &quot;fa\u00e7a voc\u00ea mesmo&quot;. Possui design modular integrado, capacidade de carga de 250g, raio de trabalho de 280mm e telas duplas para intera\u00e7\u00e3o aprimorada com o aplicativo.","robots":{"index":"index","follow":"follow","max-snippet":"max-snippet:-1","max-image-preview":"max-image-preview:large","max-video-preview":"max-video-preview:-1"},"canonical":"https:\/\/www.ghostysky.com\/pt\/produto-2\/elephant-robotics-mycobot-280-m5stack-2023-6-dof-collaborative-robot-dual-screen-version\/","og_locale":"pt_PT","og_type":"article","og_title":"Elephant Robotics myCobot 280 M5Stack 2023 - 6 DOF Collaborative Robot ( Dual Screen Version) - Ghostysky","og_description":"The Elephant Robotics myCobot 280 M5Stack 2023 (Dual Screen Version) is the world's smallest and lightest 6-axis collaborative robotic arm, ideal for STEM education, robotics research, and creative DIY projects, featuring an integrated modular design, a 250g payload, a 280mm working radius, and dual display screens for enhanced application interaction.","og_url":"https:\/\/www.ghostysky.com\/pt\/produto-2\/elephant-robotics-mycobot-280-m5stack-2023-6-dof-collaborative-robot-dual-screen-version\/","og_site_name":"Ghostysky","article_publisher":"https:\/\/www.facebook.com\/people\/Ghostysky\/100057676170234\/","article_modified_time":"2026-01-25T10:55:08+00:00","og_image":[{"width":800,"height":800,"url":"https:\/\/www.ghostysky.com\/wp-content\/uploads\/2025\/11\/GH_Mycobot_280_M5stack_2023_1.webp","type":"image\/webp"}],"twitter_card":"summary_large_image","twitter_site":"@Gh0stysky","twitter_misc":{"Tempo estimado de leitura":"1 minuto"},"schema":{"@context":"https:\/\/schema.org","@graph":[{"@type":"WebPage","@id":"https:\/\/www.ghostysky.com\/product\/elephant-robotics-mycobot-280-m5stack-2023-6-dof-collaborative-robot-dual-screen-version\/","url":"https:\/\/www.ghostysky.com\/product\/elephant-robotics-mycobot-280-m5stack-2023-6-dof-collaborative-robot-dual-screen-version\/","name":"Elephant Robotics myCobot 280 M5Stack 2023 - Rob\u00f4 Colaborativo de 6 Graus de Liberdade (Vers\u00e3o com Tela Dupla) - Ghostysky","isPartOf":{"@id":"https:\/\/www.ghostysky.com\/#website"},"primaryImageOfPage":{"@id":"https:\/\/www.ghostysky.com\/product\/elephant-robotics-mycobot-280-m5stack-2023-6-dof-collaborative-robot-dual-screen-version\/#primaryimage"},"image":{"@id":"https:\/\/www.ghostysky.com\/product\/elephant-robotics-mycobot-280-m5stack-2023-6-dof-collaborative-robot-dual-screen-version\/#primaryimage"},"thumbnailUrl":"https:\/\/www.ghostysky.com\/wp-content\/uploads\/2025\/11\/GH_Mycobot_280_M5stack_2023_1.webp","datePublished":"2025-11-02T07:48:21+00:00","dateModified":"2026-01-25T10:55:08+00:00","description":"O Elephant Robotics myCobot 280 M5Stack 2023 (Vers\u00e3o com Tela Dupla) \u00e9 o menor e mais leve bra\u00e7o rob\u00f3tico colaborativo de 6 eixos do mundo, ideal para educa\u00e7\u00e3o STEM, pesquisa em rob\u00f3tica e projetos criativos do tipo &quot;fa\u00e7a voc\u00ea mesmo&quot;. Possui design modular integrado, capacidade de carga de 250g, raio de trabalho de 280mm e telas duplas para intera\u00e7\u00e3o aprimorada com o aplicativo.","breadcrumb":{"@id":"https:\/\/www.ghostysky.com\/product\/elephant-robotics-mycobot-280-m5stack-2023-6-dof-collaborative-robot-dual-screen-version\/#breadcrumb"},"inLanguage":"pt-PT","potentialAction":[{"@type":"ReadAction","target":["https:\/\/www.ghostysky.com\/product\/elephant-robotics-mycobot-280-m5stack-2023-6-dof-collaborative-robot-dual-screen-version\/"]}]},{"@type":"ImageObject","inLanguage":"pt-PT","@id":"https:\/\/www.ghostysky.com\/product\/elephant-robotics-mycobot-280-m5stack-2023-6-dof-collaborative-robot-dual-screen-version\/#primaryimage","url":"https:\/\/www.ghostysky.com\/wp-content\/uploads\/2025\/11\/GH_Mycobot_280_M5stack_2023_1.webp","contentUrl":"https:\/\/www.ghostysky.com\/wp-content\/uploads\/2025\/11\/GH_Mycobot_280_M5stack_2023_1.webp","width":800,"height":800},{"@type":"BreadcrumbList","@id":"https:\/\/www.ghostysky.com\/product\/elephant-robotics-mycobot-280-m5stack-2023-6-dof-collaborative-robot-dual-screen-version\/#breadcrumb","itemListElement":[{"@type":"ListItem","position":1,"name":"Home","item":"https:\/\/www.ghostysky.com\/"},{"@type":"ListItem","position":2,"name":"Shop","item":"https:\/\/www.ghostysky.com\/shop\/"},{"@type":"ListItem","position":3,"name":"Elephant Robotics myCobot 280 M5Stack 2023 &#8211; 6 DOF Collaborative Robot ( Dual Screen Version)"}]},{"@type":"WebSite","@id":"https:\/\/www.ghostysky.com\/#website","url":"https:\/\/www.ghostysky.com\/","name":"Ghostysky","description":"Fornecendo drones e servi\u00e7os profissionais","publisher":{"@id":"https:\/\/www.ghostysky.com\/#organization"},"potentialAction":[{"@type":"SearchAction","target":{"@type":"EntryPoint","urlTemplate":"https:\/\/www.ghostysky.com\/?s={search_term_string}"},"query-input":{"@type":"PropertyValueSpecification","valueRequired":true,"valueName":"search_term_string"}}],"inLanguage":"pt-PT"},{"@type":"Organization","@id":"https:\/\/www.ghostysky.com\/#organization","name":"Ghostysky","url":"https:\/\/www.ghostysky.com\/","logo":{"@type":"ImageObject","inLanguage":"pt-PT","@id":"https:\/\/www.ghostysky.com\/#\/schema\/logo\/image\/","url":"https:\/\/www.ghostysky.com\/wp-content\/uploads\/2020\/06\/cropped-ghostyskylogo_text_white2.png","contentUrl":"https:\/\/www.ghostysky.com\/wp-content\/uploads\/2020\/06\/cropped-ghostyskylogo_text_white2.png","width":169,"height":56,"caption":"Ghostysky"},"image":{"@id":"https:\/\/www.ghostysky.com\/#\/schema\/logo\/image\/"},"sameAs":["https:\/\/www.facebook.com\/people\/Ghostysky\/100057676170234\/","https:\/\/x.com\/Gh0stysky","https:\/\/www.linkedin.com\/company\/34739653","https:\/\/www.instagram.com\/gh0stysky"]}]}},"_links":{"self":[{"href":"https:\/\/www.ghostysky.com\/pt\/wp-json\/wp\/v2\/product\/22692","targetHints":{"allow":["GET"]}}],"collection":[{"href":"https:\/\/www.ghostysky.com\/pt\/wp-json\/wp\/v2\/product"}],"about":[{"href":"https:\/\/www.ghostysky.com\/pt\/wp-json\/wp\/v2\/types\/product"}],"replies":[{"embeddable":true,"href":"https:\/\/www.ghostysky.com\/pt\/wp-json\/wp\/v2\/comments?post=22692"}],"version-history":[{"count":0,"href":"https:\/\/www.ghostysky.com\/pt\/wp-json\/wp\/v2\/product\/22692\/revisions"}],"wp:featuredmedia":[{"embeddable":true,"href":"https:\/\/www.ghostysky.com\/pt\/wp-json\/wp\/v2\/media\/22704"}],"wp:attachment":[{"href":"https:\/\/www.ghostysky.com\/pt\/wp-json\/wp\/v2\/media?parent=22692"}],"wp:term":[{"taxonomy":"product_brand","embeddable":true,"href":"https:\/\/www.ghostysky.com\/pt\/wp-json\/wp\/v2\/product_brand?post=22692"},{"taxonomy":"product_cat","embeddable":true,"href":"https:\/\/www.ghostysky.com\/pt\/wp-json\/wp\/v2\/product_cat?post=22692"},{"taxonomy":"product_tag","embeddable":true,"href":"https:\/\/www.ghostysky.com\/pt\/wp-json\/wp\/v2\/product_tag?post=22692"}],"curies":[{"name":"wp","href":"https:\/\/api.w.org\/{rel}","templated":true}]}}