{"id":22735,"date":"2025-11-02T09:12:49","date_gmt":"2025-11-02T09:12:49","guid":{"rendered":"https:\/\/www.ghostysky.com\/?post_type=product&#038;p=22735"},"modified":"2025-11-02T09:19:30","modified_gmt":"2025-11-02T09:19:30","slug":"tita-wheeled-bipedal-robot","status":"publish","type":"product","link":"https:\/\/www.ghostysky.com\/pt\/product\/tita-wheeled-bipedal-robot\/","title":{"rendered":"Rob\u00f4 b\u00edpede sobre rodas TITA"},"content":{"rendered":"<h4>\ud83e\uddbe TITA da Direct Drive Tech: Plataforma Rob\u00f3tica B\u00edpede com Rodas<\/h4>\n<p><span class=\"citation-80\">O <\/span><b><span class=\"citation-80\">TITA<\/span><\/b><span class=\"citation-80\"> O rob\u00f4 \u00e9 inovador. <\/span><b><span class=\"citation-80\">plataforma rob\u00f3tica b\u00edpede sobre rodas<\/span><\/b><span class=\"citation-80\"> que se integra perfeitamente ao <\/span><b><span class=\"citation-80\">Velocidade e agilidade de um rob\u00f4 sobre rodas com a adaptabilidade superior de um rob\u00f4 com pernas.<\/span><\/b><span class=\"citation-80 citation-end-80\">.<sup class=\"superscript\" data-turn-source-index=\"2\">2<\/sup><\/span> <span class=\"citation-79\">Aproveitando a tecnologia propriet\u00e1ria Direct Drive Tech <\/span><b><span class=\"citation-79\">m\u00f3dulos de juntas de acionamento quase direto<\/span><\/b><span class=\"citation-79 citation-end-79\">O TITA foi projetado para mobilidade de alto desempenho e opera\u00e7\u00e3o aut\u00f4noma em ambientes complexos e irregulares.<\/span><\/p>\n<h4><b>Principais caracter\u00edsticas e inova\u00e7\u00f5es<\/b><\/h4>\n<ul>\n<li><b><span class=\"citation-78 citation-end-78\">Locomo\u00e7\u00e3o dupla (8 graus de liberdade):<sup class=\"superscript\" data-turn-source-index=\"4\">4<\/sup><\/span><\/b><span class=\"citation-77\"> Com <\/span><b><span class=\"citation-77\">8 graus de liberdade (DOF)<\/span><\/b><span class=\"citation-77\"> Alimentado por juntas de acionamento quase direto de alto desempenho (at\u00e9 <\/span><b><span class=\"citation-77\">Torque m\u00e1ximo de 120 Nm<\/span><\/b><span class=\"citation-77\">), TITA \u00e9 capaz de ambos r\u00e1pidos <\/span><b><span class=\"citation-77\">rodando<\/span><\/b><span class=\"citation-77\"> e est\u00e1vel <\/span><b><span class=\"citation-77\">pisando<\/span><\/b><span class=\"citation-77 citation-end-77\"> para uma adaptabilidade superior ao terreno.<\/span><\/li>\n<li><b><span class=\"citation-76\">Intelig\u00eancia Aut\u00f4noma:<\/span><\/b><span class=\"citation-76\"> Equipado com um <\/span><b><span class=\"citation-76\">NVIDIA Jetson Orin NX 16GB<\/span><\/b><span class=\"citation-76\"> chip, TITA entrega <\/span><b><span class=\"citation-76\">100 TOPS de poder de computa\u00e7\u00e3o de IA<\/span><\/b><span class=\"citation-76 citation-end-76\">.<sup class=\"superscript\" data-turn-source-index=\"6\">6<\/sup><\/span> <span class=\"citation-75\">Isso possibilita uma robustez <\/span><b><span class=\"citation-75\">Sistema de tomada de decis\u00e3o aut\u00f4nomo<\/span><\/b><span class=\"citation-75 citation-end-75\"> Com fus\u00e3o multissensorial para percep\u00e7\u00e3o precisa, navega\u00e7\u00e3o aut\u00f4noma e desvio ativo de obst\u00e1culos.<\/span><\/li>\n<li><b><span class=\"citation-74\">Consci\u00eancia do terreno TITA:<\/span><\/b><span class=\"citation-74\"> O sistema utiliza um <\/span><b><span class=\"citation-74\">esquema de estrutura binocular<\/span><\/b><span class=\"citation-74\">sensores ultrass\u00f4nicos e SPAD TOF para coletar dados 3D em tempo real, alcan\u00e7ando <\/span><b><span class=\"citation-74\">precis\u00e3o em n\u00edvel milim\u00e9trico<\/span><\/b><span class=\"citation-74 citation-end-74\"> Para reconhecimento de terreno e detec\u00e7\u00e3o de objetos de alta precis\u00e3o.<\/span><\/li>\n<li><b><span class=\"citation-73\">Design robusto e modular:<\/span><\/b><span class=\"citation-73\"> A fuselagem \u00e9 constru\u00edda com material dur\u00e1vel. <\/span><b><span class=\"citation-73\">liga de magn\u00e9sio<\/span><\/b><span class=\"citation-73 citation-end-73\">, garantindo alta estabilidade e resist\u00eancia a quedas.<\/span> <span class=\"citation-72\">Ele apresenta <\/span><b><span class=\"citation-72\">baterias substitu\u00edveis a quente<\/span><\/b><span class=\"citation-72 citation-end-72\"> Para prote\u00e7\u00e3o contra movimentos e resist\u00eancia praticamente ilimitada.<\/span><\/li>\n<li><b>Pronto para desenvolvimento:<\/b><span class=\"citation-71\"> O TITA oferece suporte completo ao desenvolvimento secund\u00e1rio com um sistema completo. <\/span><b><span class=\"citation-71\">ROS 2<\/span><\/b><span class=\"citation-71 citation-end-71\"> Interface de API (Sistema Operacional de Rob\u00f4s), um kernel Linux aberto e controle de velocidade de resposta em microssegundos, tornando-o ideal para pesquisa avan\u00e7ada.<\/span><\/li>\n<li><b><span class=\"citation-70\">Ponte TITA:<\/span><\/b><span class=\"citation-70 citation-end-70\"> Um sistema de fixa\u00e7\u00e3o universal (trilhos na parte superior da estrutura) permite a instala\u00e7\u00e3o r\u00e1pida e f\u00e1cil de diversos acess\u00f3rios externos, como m\u00f3dulos de vis\u00e3o, servidores de IA e sensores.<\/span><\/li>\n<\/ul>\n<h4><b>Especifica\u00e7\u00f5es principais<\/b><\/h4>\n<table>\n<thead>\n<tr>\n<td><strong>Par\u00e2metro<\/strong><\/td>\n<td><strong>Especifica\u00e7\u00e3o (TITA)<\/strong><\/td>\n<\/tr>\n<\/thead>\n<tbody>\n<tr>\n<td><b>Tipo<\/b><\/td>\n<td>Rob\u00f4 b\u00edpede com rodas<\/td>\n<\/tr>\n<tr>\n<td><b>Graus de Liberdade (GL)<\/b><\/td>\n<td>8<\/td>\n<\/tr>\n<tr>\n<td><b>Processador<\/b><\/td>\n<td>NVIDIA Jetson Orin NX 16GB<\/td>\n<\/tr>\n<tr>\n<td><b>Desempenho da IA<\/b><\/td>\n<td>100 TOPS<\/td>\n<\/tr>\n<tr>\n<td><b>Velocidade m\u00e1xima<\/b><\/td>\n<td>At\u00e9 3 m\/s<\/td>\n<\/tr>\n<tr>\n<td><b>Carga \u00fatil m\u00e1xima<\/b><\/td>\n<td>10 kg (em movimento)<\/td>\n<\/tr>\n<tr>\n<td><b>Altura m\u00e1xima de salto<\/b><\/td>\n<td>20 cm<\/td>\n<\/tr>\n<tr>\n<td><b>Controle\/API<\/b><\/td>\n<td>ROS 2, API Full Link, Interface de Motor<\/td>\n<\/tr>\n<tr>\n<td><b>Poder<\/b><\/td>\n<td>Baterias substitu\u00edveis a quente (2 unidades)<\/td>\n<\/tr>\n<tr>\n<td><b>Constru\u00e7\u00e3o<\/b><\/td>\n<td>Liga de magn\u00e9sio<\/td>\n<\/tr>\n<\/tbody>\n<\/table>\n<p><span class=\"citation-69 citation-end-69\">TITA \u00e9 uma plataforma confi\u00e1vel e poderosa, uma excelente escolha para aplica\u00e7\u00f5es em explora\u00e7\u00e3o, pesquisa, automa\u00e7\u00e3o inteligente e qualquer cen\u00e1rio que exija alta mobilidade e tomada de decis\u00f5es aut\u00f4nomas em ambientes dif\u00edceis.<\/span><\/p>","protected":false},"excerpt":{"rendered":"<p><span class=\"citation-80\">O <\/span><b><span class=\"citation-80\">TITA<\/span><\/b><span class=\"citation-80\"> O rob\u00f4 \u00e9 inovador. <\/span><b><span class=\"citation-80\">plataforma rob\u00f3tica b\u00edpede sobre rodas<\/span><\/b><span class=\"citation-80\"> que se integra perfeitamente ao <\/span><b><span class=\"citation-80\">Velocidade e agilidade de um rob\u00f4 sobre rodas com a adaptabilidade superior de um rob\u00f4 com pernas.<\/span><\/b><span class=\"citation-80 citation-end-80\">.<\/span> <span class=\"citation-79\">Aproveitando a tecnologia propriet\u00e1ria Direct Drive Tech <\/span><b><span class=\"citation-79\">m\u00f3dulos de juntas de acionamento quase direto<\/span><\/b><span class=\"citation-79 citation-end-79\">O TITA foi projetado para mobilidade de alto desempenho e opera\u00e7\u00e3o aut\u00f4noma em ambientes complexos e irregulares.<\/span><\/p>","protected":false},"featured_media":22742,"comment_status":"open","ping_status":"closed","template":"","meta":[],"product_brand":[1245],"product_cat":[1241,1242,1243,1037],"product_tag":[1246,1247,1248],"class_list":{"0":"post-22735","1":"product","2":"type-product","3":"status-publish","4":"has-post-thumbnail","6":"product_brand-direct-drive-tech","7":"product_cat-bipedal","8":"product_cat-direct-drive-tech","9":"product_cat-direct-drive-tech-robots","10":"product_cat-robotics","11":"product_tag-direct-drive-tech","12":"product_tag-tita","13":"product_tag-wheeled-bipedal-robot","15":"first","16":"onbackorder","17":"taxable","18":"shipping-taxable","19":"product-type-simple"},"yoast_head":"<!-- This site is optimized with the Yoast SEO plugin v27.1.1 - https:\/\/yoast.com\/product\/yoast-seo-wordpress\/ -->\n<title>TITA Wheeled Bipedal Robot - Ghostysky<\/title>\n<meta name=\"description\" content=\"The TITA robot is a groundbreaking wheeled bipedal robotic platform that seamlessly integrates the speed and agility of a wheeled robot with the superior adaptability of a legged robot. Leveraging Direct Drive Tech&#039;s proprietary quasi-direct drive joint modules, TITA is engineered for high-performance mobility and autonomous operation in complex and uneven environments.\" \/>\n<meta name=\"robots\" content=\"index, follow, max-snippet:-1, max-image-preview:large, max-video-preview:-1\" \/>\n<link rel=\"canonical\" href=\"https:\/\/www.ghostysky.com\/pt\/produto-2\/tita-wheeled-bipedal-robot\/\" \/>\n<meta property=\"og:locale\" content=\"pt_PT\" \/>\n<meta property=\"og:type\" content=\"article\" \/>\n<meta property=\"og:title\" content=\"TITA Wheeled Bipedal Robot - Ghostysky\" \/>\n<meta property=\"og:description\" content=\"The TITA robot is a groundbreaking wheeled bipedal robotic platform that seamlessly integrates the speed and agility of a wheeled robot with the superior adaptability of a legged robot. Leveraging Direct Drive Tech&#039;s proprietary quasi-direct drive joint modules, TITA is engineered for high-performance mobility and autonomous operation in complex and uneven environments.\" \/>\n<meta property=\"og:url\" content=\"https:\/\/www.ghostysky.com\/pt\/produto-2\/tita-wheeled-bipedal-robot\/\" \/>\n<meta property=\"og:site_name\" content=\"Ghostysky\" \/>\n<meta property=\"article:publisher\" content=\"https:\/\/www.facebook.com\/people\/Ghostysky\/100057676170234\/\" \/>\n<meta property=\"article:modified_time\" content=\"2025-11-02T09:19:30+00:00\" \/>\n<meta property=\"og:image\" content=\"https:\/\/www.ghostysky.com\/wp-content\/uploads\/2025\/11\/GH_DDT_Tita_1.webp\" \/>\n\t<meta property=\"og:image:width\" content=\"800\" \/>\n\t<meta property=\"og:image:height\" content=\"800\" \/>\n\t<meta property=\"og:image:type\" content=\"image\/webp\" \/>\n<meta name=\"twitter:card\" content=\"summary_large_image\" \/>\n<meta name=\"twitter:site\" content=\"@Gh0stysky\" \/>\n<meta name=\"twitter:label1\" content=\"Tempo estimado de leitura\" \/>\n\t<meta name=\"twitter:data1\" content=\"2 minutos\" \/>\n<script type=\"application\/ld+json\" class=\"yoast-schema-graph\">{\"@context\":\"https:\/\/schema.org\",\"@graph\":[{\"@type\":\"WebPage\",\"@id\":\"https:\/\/www.ghostysky.com\/product\/tita-wheeled-bipedal-robot\/\",\"url\":\"https:\/\/www.ghostysky.com\/product\/tita-wheeled-bipedal-robot\/\",\"name\":\"TITA Wheeled Bipedal Robot - Ghostysky\",\"isPartOf\":{\"@id\":\"https:\/\/www.ghostysky.com\/#website\"},\"primaryImageOfPage\":{\"@id\":\"https:\/\/www.ghostysky.com\/product\/tita-wheeled-bipedal-robot\/#primaryimage\"},\"image\":{\"@id\":\"https:\/\/www.ghostysky.com\/product\/tita-wheeled-bipedal-robot\/#primaryimage\"},\"thumbnailUrl\":\"https:\/\/www.ghostysky.com\/wp-content\/uploads\/2025\/11\/GH_DDT_Tita_1.webp\",\"datePublished\":\"2025-11-02T09:12:49+00:00\",\"dateModified\":\"2025-11-02T09:19:30+00:00\",\"description\":\"The TITA robot is a groundbreaking wheeled bipedal robotic platform that seamlessly integrates the speed and agility of a wheeled robot with the superior adaptability of a legged robot. Leveraging Direct Drive Tech's proprietary quasi-direct drive joint modules, TITA is engineered for high-performance mobility and autonomous operation in complex and uneven environments.\",\"breadcrumb\":{\"@id\":\"https:\/\/www.ghostysky.com\/product\/tita-wheeled-bipedal-robot\/#breadcrumb\"},\"inLanguage\":\"pt-PT\",\"potentialAction\":[{\"@type\":\"ReadAction\",\"target\":[\"https:\/\/www.ghostysky.com\/product\/tita-wheeled-bipedal-robot\/\"]}]},{\"@type\":\"ImageObject\",\"inLanguage\":\"pt-PT\",\"@id\":\"https:\/\/www.ghostysky.com\/product\/tita-wheeled-bipedal-robot\/#primaryimage\",\"url\":\"https:\/\/www.ghostysky.com\/wp-content\/uploads\/2025\/11\/GH_DDT_Tita_1.webp\",\"contentUrl\":\"https:\/\/www.ghostysky.com\/wp-content\/uploads\/2025\/11\/GH_DDT_Tita_1.webp\",\"width\":800,\"height\":800},{\"@type\":\"BreadcrumbList\",\"@id\":\"https:\/\/www.ghostysky.com\/product\/tita-wheeled-bipedal-robot\/#breadcrumb\",\"itemListElement\":[{\"@type\":\"ListItem\",\"position\":1,\"name\":\"Home\",\"item\":\"https:\/\/www.ghostysky.com\/\"},{\"@type\":\"ListItem\",\"position\":2,\"name\":\"Shop\",\"item\":\"https:\/\/www.ghostysky.com\/shop\/\"},{\"@type\":\"ListItem\",\"position\":3,\"name\":\"TITA Wheeled Bipedal Robot\"}]},{\"@type\":\"WebSite\",\"@id\":\"https:\/\/www.ghostysky.com\/#website\",\"url\":\"https:\/\/www.ghostysky.com\/\",\"name\":\"Ghostysky\",\"description\":\"Delivering professional drones and services\",\"publisher\":{\"@id\":\"https:\/\/www.ghostysky.com\/#organization\"},\"potentialAction\":[{\"@type\":\"SearchAction\",\"target\":{\"@type\":\"EntryPoint\",\"urlTemplate\":\"https:\/\/www.ghostysky.com\/?s={search_term_string}\"},\"query-input\":{\"@type\":\"PropertyValueSpecification\",\"valueRequired\":true,\"valueName\":\"search_term_string\"}}],\"inLanguage\":\"pt-PT\"},{\"@type\":\"Organization\",\"@id\":\"https:\/\/www.ghostysky.com\/#organization\",\"name\":\"Ghostysky\",\"url\":\"https:\/\/www.ghostysky.com\/\",\"logo\":{\"@type\":\"ImageObject\",\"inLanguage\":\"pt-PT\",\"@id\":\"https:\/\/www.ghostysky.com\/#\/schema\/logo\/image\/\",\"url\":\"https:\/\/www.ghostysky.com\/wp-content\/uploads\/2020\/06\/cropped-ghostyskylogo_text_white2.png\",\"contentUrl\":\"https:\/\/www.ghostysky.com\/wp-content\/uploads\/2020\/06\/cropped-ghostyskylogo_text_white2.png\",\"width\":169,\"height\":56,\"caption\":\"Ghostysky\"},\"image\":{\"@id\":\"https:\/\/www.ghostysky.com\/#\/schema\/logo\/image\/\"},\"sameAs\":[\"https:\/\/www.facebook.com\/people\/Ghostysky\/100057676170234\/\",\"https:\/\/x.com\/Gh0stysky\",\"https:\/\/www.linkedin.com\/company\/34739653\",\"https:\/\/www.instagram.com\/gh0stysky\"]}]}<\/script>\n<!-- \/ Yoast SEO plugin. -->","yoast_head_json":{"title":"Rob\u00f4 b\u00edpede com rodas TITA - Ghostysky","description":"O rob\u00f4 TITA \u00e9 uma plataforma rob\u00f3tica b\u00edpede sobre rodas inovadora que integra perfeitamente a velocidade e a agilidade de um rob\u00f4 sobre rodas com a adaptabilidade superior de um rob\u00f4 com pernas. Utilizando os m\u00f3dulos de juntas de acionamento quase direto patenteados da Direct Drive Tech, o TITA foi projetado para mobilidade de alto desempenho e opera\u00e7\u00e3o aut\u00f4noma em ambientes complexos e irregulares.","robots":{"index":"index","follow":"follow","max-snippet":"max-snippet:-1","max-image-preview":"max-image-preview:large","max-video-preview":"max-video-preview:-1"},"canonical":"https:\/\/www.ghostysky.com\/pt\/produto-2\/tita-wheeled-bipedal-robot\/","og_locale":"pt_PT","og_type":"article","og_title":"TITA Wheeled Bipedal Robot - Ghostysky","og_description":"The TITA robot is a groundbreaking wheeled bipedal robotic platform that seamlessly integrates the speed and agility of a wheeled robot with the superior adaptability of a legged robot. Leveraging Direct Drive Tech's proprietary quasi-direct drive joint modules, TITA is engineered for high-performance mobility and autonomous operation in complex and uneven environments.","og_url":"https:\/\/www.ghostysky.com\/pt\/produto-2\/tita-wheeled-bipedal-robot\/","og_site_name":"Ghostysky","article_publisher":"https:\/\/www.facebook.com\/people\/Ghostysky\/100057676170234\/","article_modified_time":"2025-11-02T09:19:30+00:00","og_image":[{"width":800,"height":800,"url":"https:\/\/www.ghostysky.com\/wp-content\/uploads\/2025\/11\/GH_DDT_Tita_1.webp","type":"image\/webp"}],"twitter_card":"summary_large_image","twitter_site":"@Gh0stysky","twitter_misc":{"Tempo estimado de leitura":"2 minutos"},"schema":{"@context":"https:\/\/schema.org","@graph":[{"@type":"WebPage","@id":"https:\/\/www.ghostysky.com\/product\/tita-wheeled-bipedal-robot\/","url":"https:\/\/www.ghostysky.com\/product\/tita-wheeled-bipedal-robot\/","name":"Rob\u00f4 b\u00edpede com rodas TITA - Ghostysky","isPartOf":{"@id":"https:\/\/www.ghostysky.com\/#website"},"primaryImageOfPage":{"@id":"https:\/\/www.ghostysky.com\/product\/tita-wheeled-bipedal-robot\/#primaryimage"},"image":{"@id":"https:\/\/www.ghostysky.com\/product\/tita-wheeled-bipedal-robot\/#primaryimage"},"thumbnailUrl":"https:\/\/www.ghostysky.com\/wp-content\/uploads\/2025\/11\/GH_DDT_Tita_1.webp","datePublished":"2025-11-02T09:12:49+00:00","dateModified":"2025-11-02T09:19:30+00:00","description":"O rob\u00f4 TITA \u00e9 uma plataforma rob\u00f3tica b\u00edpede sobre rodas inovadora que integra perfeitamente a velocidade e a agilidade de um rob\u00f4 sobre rodas com a adaptabilidade superior de um rob\u00f4 com pernas. Utilizando os m\u00f3dulos de juntas de acionamento quase direto patenteados da Direct Drive Tech, o TITA foi projetado para mobilidade de alto desempenho e opera\u00e7\u00e3o aut\u00f4noma em ambientes complexos e irregulares.","breadcrumb":{"@id":"https:\/\/www.ghostysky.com\/product\/tita-wheeled-bipedal-robot\/#breadcrumb"},"inLanguage":"pt-PT","potentialAction":[{"@type":"ReadAction","target":["https:\/\/www.ghostysky.com\/product\/tita-wheeled-bipedal-robot\/"]}]},{"@type":"ImageObject","inLanguage":"pt-PT","@id":"https:\/\/www.ghostysky.com\/product\/tita-wheeled-bipedal-robot\/#primaryimage","url":"https:\/\/www.ghostysky.com\/wp-content\/uploads\/2025\/11\/GH_DDT_Tita_1.webp","contentUrl":"https:\/\/www.ghostysky.com\/wp-content\/uploads\/2025\/11\/GH_DDT_Tita_1.webp","width":800,"height":800},{"@type":"BreadcrumbList","@id":"https:\/\/www.ghostysky.com\/product\/tita-wheeled-bipedal-robot\/#breadcrumb","itemListElement":[{"@type":"ListItem","position":1,"name":"Home","item":"https:\/\/www.ghostysky.com\/"},{"@type":"ListItem","position":2,"name":"Shop","item":"https:\/\/www.ghostysky.com\/shop\/"},{"@type":"ListItem","position":3,"name":"TITA Wheeled Bipedal Robot"}]},{"@type":"WebSite","@id":"https:\/\/www.ghostysky.com\/#website","url":"https:\/\/www.ghostysky.com\/","name":"Ghostysky","description":"Fornecendo drones e servi\u00e7os profissionais","publisher":{"@id":"https:\/\/www.ghostysky.com\/#organization"},"potentialAction":[{"@type":"SearchAction","target":{"@type":"EntryPoint","urlTemplate":"https:\/\/www.ghostysky.com\/?s={search_term_string}"},"query-input":{"@type":"PropertyValueSpecification","valueRequired":true,"valueName":"search_term_string"}}],"inLanguage":"pt-PT"},{"@type":"Organization","@id":"https:\/\/www.ghostysky.com\/#organization","name":"Ghostysky","url":"https:\/\/www.ghostysky.com\/","logo":{"@type":"ImageObject","inLanguage":"pt-PT","@id":"https:\/\/www.ghostysky.com\/#\/schema\/logo\/image\/","url":"https:\/\/www.ghostysky.com\/wp-content\/uploads\/2020\/06\/cropped-ghostyskylogo_text_white2.png","contentUrl":"https:\/\/www.ghostysky.com\/wp-content\/uploads\/2020\/06\/cropped-ghostyskylogo_text_white2.png","width":169,"height":56,"caption":"Ghostysky"},"image":{"@id":"https:\/\/www.ghostysky.com\/#\/schema\/logo\/image\/"},"sameAs":["https:\/\/www.facebook.com\/people\/Ghostysky\/100057676170234\/","https:\/\/x.com\/Gh0stysky","https:\/\/www.linkedin.com\/company\/34739653","https:\/\/www.instagram.com\/gh0stysky"]}]}},"_links":{"self":[{"href":"https:\/\/www.ghostysky.com\/pt\/wp-json\/wp\/v2\/product\/22735","targetHints":{"allow":["GET"]}}],"collection":[{"href":"https:\/\/www.ghostysky.com\/pt\/wp-json\/wp\/v2\/product"}],"about":[{"href":"https:\/\/www.ghostysky.com\/pt\/wp-json\/wp\/v2\/types\/product"}],"replies":[{"embeddable":true,"href":"https:\/\/www.ghostysky.com\/pt\/wp-json\/wp\/v2\/comments?post=22735"}],"wp:featuredmedia":[{"embeddable":true,"href":"https:\/\/www.ghostysky.com\/pt\/wp-json\/wp\/v2\/media\/22742"}],"wp:attachment":[{"href":"https:\/\/www.ghostysky.com\/pt\/wp-json\/wp\/v2\/media?parent=22735"}],"wp:term":[{"taxonomy":"product_brand","embeddable":true,"href":"https:\/\/www.ghostysky.com\/pt\/wp-json\/wp\/v2\/product_brand?post=22735"},{"taxonomy":"product_cat","embeddable":true,"href":"https:\/\/www.ghostysky.com\/pt\/wp-json\/wp\/v2\/product_cat?post=22735"},{"taxonomy":"product_tag","embeddable":true,"href":"https:\/\/www.ghostysky.com\/pt\/wp-json\/wp\/v2\/product_tag?post=22735"}],"curies":[{"name":"wp","href":"https:\/\/api.w.org\/{rel}","templated":true}]}}