{"id":22829,"date":"2025-11-05T16:41:54","date_gmt":"2025-11-05T16:41:54","guid":{"rendered":"https:\/\/www.ghostysky.com\/?post_type=product&#038;p=22829"},"modified":"2025-11-05T16:42:34","modified_gmt":"2025-11-05T16:42:34","slug":"robotera-l7","status":"publish","type":"product","link":"https:\/\/www.ghostysky.com\/pt\/product\/robotera-l7\/","title":{"rendered":"Robotera L7"},"content":{"rendered":"<h4>\u26a1 <b>Desempenho din\u00e2mico que quebrou recordes<\/b><\/h4>\n<p>Experimente um rob\u00f4 constru\u00eddo para velocidade explosiva e movimentos complexos:<\/p>\n<ul>\n<li><b>Velocidade m\u00e1xima:<\/b><span class=\"citation-30\"> Capaz de correr at\u00e9 <\/span><b><span class=\"citation-30\">4 m\/s (14,4 km\/h)<\/span><\/b><span class=\"citation-30 citation-end-30\">, tornando-o um dos humanoides de tamanho real mais r\u00e1pidos do mundo.<\/span><\/li>\n<li><b>Pot\u00eancia m\u00e1xima:<\/b><span class=\"citation-29\"> Apresenta m\u00f3dulos de juntas de alto desempenho que fornecem um torque m\u00e1ximo de <\/span><b><span class=\"citation-29\">400 N\u00b7m<\/span><\/b><span class=\"citation-29\"> e uma velocidade m\u00e1xima conjunta de <\/span><b><span class=\"citation-29\">25 rad\/s<\/span><\/b><span class=\"citation-29 citation-end-29\">, permitindo ajustes posturais r\u00e1pidos e movimentos poderosos.<\/span><\/li>\n<li><b>Agilidade Avan\u00e7ada:<\/b><span class=\"citation-28\"> Seu sistema de controle de corpo inteiro permite manobras altamente din\u00e2micas, incluindo caminhada est\u00e1vel, corrida, salto e feitos impressionantes como <\/span><b><span class=\"citation-28\">Saltos rotacionais de 360\u00b0<\/span><\/b><span class=\"citation-28 citation-end-28\"> e breakdance.<\/span><\/li>\n<\/ul>\n<p>&nbsp;<\/p>\n<h4>\ud83d\udd90\ufe0f <b>Manipula\u00e7\u00e3o de Precis\u00e3o e Destreza<\/b><\/h4>\n<p><span class=\"citation-27 citation-end-27\">O L7 n\u00e3o \u00e9 apenas r\u00e1pido \u2014 ele \u00e9 incrivelmente capaz de executar tarefas complexas do mundo real:<\/span><\/p>\n<ul>\n<li><b>Bra\u00e7os bi\u00f4nicos de 7 graus de liberdade:<\/b><span class=\"citation-26\"> Bra\u00e7os de alta precis\u00e3o desenvolvidos internamente que replicam as habilidades de manipula\u00e7\u00e3o humana, oferecendo uma ampla gama de possibilidades. <\/span><b><span class=\"citation-26\">Espa\u00e7o de trabalho de 2,1 m<\/span><\/b><span class=\"citation-26 citation-end-26\">.<\/span><\/li>\n<li><b>M\u00e3os h\u00e1beis de 12 graus de liberdade (XHAND1):<\/b><span class=\"citation-25 citation-end-25\"> Equipada com dedos totalmente ativos e acionados diretamente, permitindo tarefas de alta precis\u00e3o, desde agarrar componentes industriais e usar ferramentas de torque at\u00e9 manusear materiais delicados como papel ou tecidos.<\/span><\/li>\n<li><b>Carga \u00fatil pesada:<\/b><span class=\"citation-24\"> Capaz de levantar e transportar uma carga \u00fatil combinada de at\u00e9 [inserir valor aqui] com os dois bra\u00e7os. <\/span><b><span class=\"citation-24\">20 kg<\/span><\/b><span class=\"citation-24 citation-end-24\">.<\/span><\/li>\n<\/ul>\n<p>&nbsp;<\/p>\n<h4>\ud83e\udde0 <b>Opera\u00e7\u00e3o mais inteligente e aut\u00f4noma<\/b><\/h4>\n<p>No n\u00facleo do L7 est\u00e1 uma arquitetura de IA sofisticada para autonomia em tempo real:<\/p>\n<ul>\n<li><b><span class=\"citation-23\">Intelig\u00eancia Artificial Incorporada a Bordo:<\/span><\/b><span class=\"citation-23\"> Alimentado pela tecnologia propriet\u00e1ria da ROBOTERA <\/span><b><span class=\"citation-23\">Modelo ERA-42 Vis\u00e3o-Linguagem-A\u00e7\u00e3o (VLA)<\/span><\/b><span class=\"citation-23 citation-end-23\">, permitindo-lhe compreender e executar tarefas complexas de v\u00e1rias etapas sem depender de computa\u00e7\u00e3o externa.<\/span><\/li>\n<li><b><span class=\"citation-22\">Percep\u00e7\u00e3o espacial de 360\u00b0:<\/span><\/b><span class=\"citation-22\"> Um sistema robusto de fus\u00e3o multissensor integra <\/span><b><span class=\"citation-22\">vis\u00e3o panor\u00e2mica, detec\u00e7\u00e3o de profundidade e LiDAR 3D<\/span><\/b><span class=\"citation-22 citation-end-22\"> Para uma percep\u00e7\u00e3o espacial abrangente e em tempo real, al\u00e9m de permitir o desvio de obst\u00e1culos em ambientes complexos.<\/span><\/li>\n<\/ul>\n<p>&nbsp;<\/p>\n<h4>\ud83c\udfed <b>Vers\u00e1til e personaliz\u00e1vel para a ind\u00fastria.<\/b><\/h4>\n<p><span class=\"citation-21 citation-end-21\">O L7 foi projetado para viabilidade comercial e flexibilidade no mundo real:<\/span><\/p>\n<ul>\n<li><b><span class=\"citation-20\">Diversas aplica\u00e7\u00f5es:<\/span><\/b><span class=\"citation-20\"> Ideal para tarefas em <\/span><b><span class=\"citation-20\">log\u00edstica, armazenagem, manufatura e P&amp;D<\/span><\/b><span class=\"citation-20 citation-end-20\">, incluindo triagem inteligente, montagem, teleopera\u00e7\u00e3o remota e coleta de dados.<\/span><\/li>\n<li><b><span class=\"citation-19\">Design modular:<\/span><\/b><span class=\"citation-19\"> Suporta um modelo intercambi\u00e1vel <\/span><b><span class=\"citation-19\">corpo inteiro<\/span><\/b><span class=\"citation-19\"> ou <\/span><b><span class=\"citation-19\">apenas a parte superior do corpo (variante M7)<\/span><\/b><span class=\"citation-19 citation-end-19\"> Configura\u00e7\u00e3o para atender a diferentes necessidades comerciais, como minimizar o espa\u00e7o em linhas de montagem de f\u00e1brica ou executar tarefas de servi\u00e7o m\u00f3vel.<\/span><\/li>\n<\/ul>\n<p><span class=\"citation-18\">O <\/span><b><span class=\"citation-18\">ROBOTERA L7<\/span><\/b><span class=\"citation-18 citation-end-18\"> Representa a converg\u00eancia entre o dinamismo atl\u00e9tico de alto n\u00edvel e a manipula\u00e7\u00e3o precisa e inteligente, pronto para se tornar um parceiro \u00e1gil e perspicaz na pr\u00f3xima gera\u00e7\u00e3o de colabora\u00e7\u00e3o humano-rob\u00f4.<\/span><\/p>","protected":false},"excerpt":{"rendered":"<p><span class=\"citation-32\">O <\/span><b><span class=\"citation-32\">ROBOTERA L7<\/span><\/b><span class=\"citation-32 citation-end-32\"> \u00e9 o rob\u00f4 humanoide de alto desempenho carro-chefe da ROBOTERA, que combina perfeitamente agilidade atl\u00e9tica sem precedentes com destreza manipulativa avan\u00e7ada.<\/span> <span class=\"citation-31\">Em p\u00e9 <\/span><b><span class=\"citation-31\">171 cm<\/span><\/b><span class=\"citation-31\"> e se gabando <\/span><b><span class=\"citation-31\">55 graus de liberdade (DoF)<\/span><\/b><span class=\"citation-31 citation-end-31\">O L7 foi projetado para redefinir o potencial da rob\u00f3tica humanoide em aplica\u00e7\u00f5es industriais, log\u00edsticas e de pesquisa.<\/span><\/p>","protected":false},"featured_media":22833,"comment_status":"open","ping_status":"closed","template":"","meta":[],"product_brand":[1259],"product_cat":[1038,1256,1257,1037],"product_tag":[1261,1260,1262],"class_list":{"0":"post-22829","1":"product","2":"type-product","3":"status-publish","4":"has-post-thumbnail","6":"product_brand-robotera","7":"product_cat-humanoid","8":"product_cat-robotera","9":"product_cat-robotera-robots","10":"product_cat-robotics","11":"product_tag-l7","12":"product_tag-robotera","13":"product_tag-robotera-humanoid","15":"first","16":"onbackorder","17":"taxable","18":"shipping-taxable","19":"product-type-simple"},"yoast_head":"<!-- This site is optimized with the Yoast SEO plugin v27.4 - https:\/\/yoast.com\/product\/yoast-seo-wordpress\/ -->\n<title>Robotera L7 - Ghostysky<\/title>\n<meta name=\"description\" content=\"The ROBOTERA L7 is the flagship high-performance humanoid robot from ROBOTERA, seamlessly blending unprecedented athletic agility with advanced manipulative dexterity. Standing at 171 cm and boasting 55 Degrees of Freedom (DoF), the L7 is engineered to redefine the potential of humanoid robotics across industrial, logistics, and research applications.\" \/>\n<meta name=\"robots\" content=\"index, follow, max-snippet:-1, max-image-preview:large, max-video-preview:-1\" \/>\n<link rel=\"canonical\" href=\"https:\/\/www.ghostysky.com\/pt\/produto-2\/robotera-l7\/\" \/>\n<meta property=\"og:locale\" content=\"pt_PT\" \/>\n<meta property=\"og:type\" content=\"article\" \/>\n<meta property=\"og:title\" content=\"Robotera L7 - Ghostysky\" \/>\n<meta property=\"og:description\" content=\"The ROBOTERA L7 is the flagship high-performance humanoid robot from ROBOTERA, seamlessly blending unprecedented athletic agility with advanced manipulative dexterity. Standing at 171 cm and boasting 55 Degrees of Freedom (DoF), the L7 is engineered to redefine the potential of humanoid robotics across industrial, logistics, and research applications.\" \/>\n<meta property=\"og:url\" content=\"https:\/\/www.ghostysky.com\/pt\/produto-2\/robotera-l7\/\" \/>\n<meta property=\"og:site_name\" content=\"Ghostysky\" \/>\n<meta property=\"article:publisher\" content=\"https:\/\/www.facebook.com\/people\/Ghostysky\/100057676170234\/\" \/>\n<meta property=\"article:modified_time\" content=\"2025-11-05T16:42:34+00:00\" \/>\n<meta property=\"og:image\" content=\"https:\/\/www.ghostysky.com\/wp-content\/uploads\/2025\/11\/GH_Robotera_l7_1.jpg\" \/>\n\t<meta property=\"og:image:width\" content=\"1118\" \/>\n\t<meta property=\"og:image:height\" content=\"1151\" \/>\n\t<meta property=\"og:image:type\" content=\"image\/jpeg\" \/>\n<meta name=\"twitter:card\" content=\"summary_large_image\" \/>\n<meta name=\"twitter:site\" content=\"@Gh0stysky\" \/>\n<meta name=\"twitter:label1\" content=\"Tempo estimado de leitura\" \/>\n\t<meta name=\"twitter:data1\" content=\"2 minutos\" \/>\n<script type=\"application\/ld+json\" class=\"yoast-schema-graph\">{\"@context\":\"https:\\\/\\\/schema.org\",\"@graph\":[{\"@type\":\"WebPage\",\"@id\":\"https:\\\/\\\/www.ghostysky.com\\\/product\\\/robotera-l7\\\/\",\"url\":\"https:\\\/\\\/www.ghostysky.com\\\/product\\\/robotera-l7\\\/\",\"name\":\"Robotera L7 - Ghostysky\",\"isPartOf\":{\"@id\":\"https:\\\/\\\/www.ghostysky.com\\\/#website\"},\"primaryImageOfPage\":{\"@id\":\"https:\\\/\\\/www.ghostysky.com\\\/product\\\/robotera-l7\\\/#primaryimage\"},\"image\":{\"@id\":\"https:\\\/\\\/www.ghostysky.com\\\/product\\\/robotera-l7\\\/#primaryimage\"},\"thumbnailUrl\":\"https:\\\/\\\/www.ghostysky.com\\\/wp-content\\\/uploads\\\/2025\\\/11\\\/GH_Robotera_l7_1.jpg\",\"datePublished\":\"2025-11-05T16:41:54+00:00\",\"dateModified\":\"2025-11-05T16:42:34+00:00\",\"description\":\"The ROBOTERA L7 is the flagship high-performance humanoid robot from ROBOTERA, seamlessly blending unprecedented athletic agility with advanced manipulative dexterity. Standing at 171 cm and boasting 55 Degrees of Freedom (DoF), the L7 is engineered to redefine the potential of humanoid robotics across industrial, logistics, and research applications.\",\"breadcrumb\":{\"@id\":\"https:\\\/\\\/www.ghostysky.com\\\/product\\\/robotera-l7\\\/#breadcrumb\"},\"inLanguage\":\"pt-PT\",\"potentialAction\":[{\"@type\":\"ReadAction\",\"target\":[\"https:\\\/\\\/www.ghostysky.com\\\/product\\\/robotera-l7\\\/\"]}]},{\"@type\":\"ImageObject\",\"inLanguage\":\"pt-PT\",\"@id\":\"https:\\\/\\\/www.ghostysky.com\\\/product\\\/robotera-l7\\\/#primaryimage\",\"url\":\"https:\\\/\\\/www.ghostysky.com\\\/wp-content\\\/uploads\\\/2025\\\/11\\\/GH_Robotera_l7_1.jpg\",\"contentUrl\":\"https:\\\/\\\/www.ghostysky.com\\\/wp-content\\\/uploads\\\/2025\\\/11\\\/GH_Robotera_l7_1.jpg\",\"width\":1118,\"height\":1151},{\"@type\":\"BreadcrumbList\",\"@id\":\"https:\\\/\\\/www.ghostysky.com\\\/product\\\/robotera-l7\\\/#breadcrumb\",\"itemListElement\":[{\"@type\":\"ListItem\",\"position\":1,\"name\":\"Home\",\"item\":\"https:\\\/\\\/www.ghostysky.com\\\/\"},{\"@type\":\"ListItem\",\"position\":2,\"name\":\"Shop\",\"item\":\"https:\\\/\\\/www.ghostysky.com\\\/shop\\\/\"},{\"@type\":\"ListItem\",\"position\":3,\"name\":\"Robotera L7\"}]},{\"@type\":\"WebSite\",\"@id\":\"https:\\\/\\\/www.ghostysky.com\\\/#website\",\"url\":\"https:\\\/\\\/www.ghostysky.com\\\/\",\"name\":\"Ghostysky\",\"description\":\"Delivering professional drones and services\",\"publisher\":{\"@id\":\"https:\\\/\\\/www.ghostysky.com\\\/#organization\"},\"potentialAction\":[{\"@type\":\"SearchAction\",\"target\":{\"@type\":\"EntryPoint\",\"urlTemplate\":\"https:\\\/\\\/www.ghostysky.com\\\/?s={search_term_string}\"},\"query-input\":{\"@type\":\"PropertyValueSpecification\",\"valueRequired\":true,\"valueName\":\"search_term_string\"}}],\"inLanguage\":\"pt-PT\"},{\"@type\":\"Organization\",\"@id\":\"https:\\\/\\\/www.ghostysky.com\\\/#organization\",\"name\":\"Ghostysky\",\"url\":\"https:\\\/\\\/www.ghostysky.com\\\/\",\"logo\":{\"@type\":\"ImageObject\",\"inLanguage\":\"pt-PT\",\"@id\":\"https:\\\/\\\/www.ghostysky.com\\\/#\\\/schema\\\/logo\\\/image\\\/\",\"url\":\"https:\\\/\\\/www.ghostysky.com\\\/wp-content\\\/uploads\\\/2020\\\/06\\\/cropped-ghostyskylogo_text_white2.png\",\"contentUrl\":\"https:\\\/\\\/www.ghostysky.com\\\/wp-content\\\/uploads\\\/2020\\\/06\\\/cropped-ghostyskylogo_text_white2.png\",\"width\":169,\"height\":56,\"caption\":\"Ghostysky\"},\"image\":{\"@id\":\"https:\\\/\\\/www.ghostysky.com\\\/#\\\/schema\\\/logo\\\/image\\\/\"},\"sameAs\":[\"https:\\\/\\\/www.facebook.com\\\/people\\\/Ghostysky\\\/100057676170234\\\/\",\"https:\\\/\\\/x.com\\\/Gh0stysky\",\"https:\\\/\\\/www.linkedin.com\\\/company\\\/34739653\",\"https:\\\/\\\/www.instagram.com\\\/gh0stysky\"]}]}<\/script>\n<!-- \/ Yoast SEO plugin. -->","yoast_head_json":{"title":"Robotera L7 - Ghostysky","description":"O ROBOTERA L7 \u00e9 o rob\u00f4 humanoide de alto desempenho carro-chefe da ROBOTERA, combinando perfeitamente agilidade atl\u00e9tica sem precedentes com destreza manipulativa avan\u00e7ada. Com 171 cm de altura e 55 graus de liberdade (DoF), o L7 foi projetado para redefinir o potencial da rob\u00f3tica humanoide em aplica\u00e7\u00f5es industriais, log\u00edsticas e de pesquisa.","robots":{"index":"index","follow":"follow","max-snippet":"max-snippet:-1","max-image-preview":"max-image-preview:large","max-video-preview":"max-video-preview:-1"},"canonical":"https:\/\/www.ghostysky.com\/pt\/produto-2\/robotera-l7\/","og_locale":"pt_PT","og_type":"article","og_title":"Robotera L7 - Ghostysky","og_description":"The ROBOTERA L7 is the flagship high-performance humanoid robot from ROBOTERA, seamlessly blending unprecedented athletic agility with advanced manipulative dexterity. Standing at 171 cm and boasting 55 Degrees of Freedom (DoF), the L7 is engineered to redefine the potential of humanoid robotics across industrial, logistics, and research applications.","og_url":"https:\/\/www.ghostysky.com\/pt\/produto-2\/robotera-l7\/","og_site_name":"Ghostysky","article_publisher":"https:\/\/www.facebook.com\/people\/Ghostysky\/100057676170234\/","article_modified_time":"2025-11-05T16:42:34+00:00","og_image":[{"width":1118,"height":1151,"url":"https:\/\/www.ghostysky.com\/wp-content\/uploads\/2025\/11\/GH_Robotera_l7_1.jpg","type":"image\/jpeg"}],"twitter_card":"summary_large_image","twitter_site":"@Gh0stysky","twitter_misc":{"Tempo estimado de leitura":"2 minutos"},"schema":{"@context":"https:\/\/schema.org","@graph":[{"@type":"WebPage","@id":"https:\/\/www.ghostysky.com\/product\/robotera-l7\/","url":"https:\/\/www.ghostysky.com\/product\/robotera-l7\/","name":"Robotera L7 - Ghostysky","isPartOf":{"@id":"https:\/\/www.ghostysky.com\/#website"},"primaryImageOfPage":{"@id":"https:\/\/www.ghostysky.com\/product\/robotera-l7\/#primaryimage"},"image":{"@id":"https:\/\/www.ghostysky.com\/product\/robotera-l7\/#primaryimage"},"thumbnailUrl":"https:\/\/www.ghostysky.com\/wp-content\/uploads\/2025\/11\/GH_Robotera_l7_1.jpg","datePublished":"2025-11-05T16:41:54+00:00","dateModified":"2025-11-05T16:42:34+00:00","description":"O ROBOTERA L7 \u00e9 o rob\u00f4 humanoide de alto desempenho carro-chefe da ROBOTERA, combinando perfeitamente agilidade atl\u00e9tica sem precedentes com destreza manipulativa avan\u00e7ada. Com 171 cm de altura e 55 graus de liberdade (DoF), o L7 foi projetado para redefinir o potencial da rob\u00f3tica humanoide em aplica\u00e7\u00f5es industriais, log\u00edsticas e de pesquisa.","breadcrumb":{"@id":"https:\/\/www.ghostysky.com\/product\/robotera-l7\/#breadcrumb"},"inLanguage":"pt-PT","potentialAction":[{"@type":"ReadAction","target":["https:\/\/www.ghostysky.com\/product\/robotera-l7\/"]}]},{"@type":"ImageObject","inLanguage":"pt-PT","@id":"https:\/\/www.ghostysky.com\/product\/robotera-l7\/#primaryimage","url":"https:\/\/www.ghostysky.com\/wp-content\/uploads\/2025\/11\/GH_Robotera_l7_1.jpg","contentUrl":"https:\/\/www.ghostysky.com\/wp-content\/uploads\/2025\/11\/GH_Robotera_l7_1.jpg","width":1118,"height":1151},{"@type":"BreadcrumbList","@id":"https:\/\/www.ghostysky.com\/product\/robotera-l7\/#breadcrumb","itemListElement":[{"@type":"ListItem","position":1,"name":"Home","item":"https:\/\/www.ghostysky.com\/"},{"@type":"ListItem","position":2,"name":"Shop","item":"https:\/\/www.ghostysky.com\/shop\/"},{"@type":"ListItem","position":3,"name":"Robotera L7"}]},{"@type":"WebSite","@id":"https:\/\/www.ghostysky.com\/#website","url":"https:\/\/www.ghostysky.com\/","name":"Ghostysky","description":"Fornecendo drones e servi\u00e7os profissionais","publisher":{"@id":"https:\/\/www.ghostysky.com\/#organization"},"potentialAction":[{"@type":"SearchAction","target":{"@type":"EntryPoint","urlTemplate":"https:\/\/www.ghostysky.com\/?s={search_term_string}"},"query-input":{"@type":"PropertyValueSpecification","valueRequired":true,"valueName":"search_term_string"}}],"inLanguage":"pt-PT"},{"@type":"Organization","@id":"https:\/\/www.ghostysky.com\/#organization","name":"Ghostysky","url":"https:\/\/www.ghostysky.com\/","logo":{"@type":"ImageObject","inLanguage":"pt-PT","@id":"https:\/\/www.ghostysky.com\/#\/schema\/logo\/image\/","url":"https:\/\/www.ghostysky.com\/wp-content\/uploads\/2020\/06\/cropped-ghostyskylogo_text_white2.png","contentUrl":"https:\/\/www.ghostysky.com\/wp-content\/uploads\/2020\/06\/cropped-ghostyskylogo_text_white2.png","width":169,"height":56,"caption":"Ghostysky"},"image":{"@id":"https:\/\/www.ghostysky.com\/#\/schema\/logo\/image\/"},"sameAs":["https:\/\/www.facebook.com\/people\/Ghostysky\/100057676170234\/","https:\/\/x.com\/Gh0stysky","https:\/\/www.linkedin.com\/company\/34739653","https:\/\/www.instagram.com\/gh0stysky"]}]}},"_links":{"self":[{"href":"https:\/\/www.ghostysky.com\/pt\/wp-json\/wp\/v2\/product\/22829","targetHints":{"allow":["GET"]}}],"collection":[{"href":"https:\/\/www.ghostysky.com\/pt\/wp-json\/wp\/v2\/product"}],"about":[{"href":"https:\/\/www.ghostysky.com\/pt\/wp-json\/wp\/v2\/types\/product"}],"replies":[{"embeddable":true,"href":"https:\/\/www.ghostysky.com\/pt\/wp-json\/wp\/v2\/comments?post=22829"}],"wp:featuredmedia":[{"embeddable":true,"href":"https:\/\/www.ghostysky.com\/pt\/wp-json\/wp\/v2\/media\/22833"}],"wp:attachment":[{"href":"https:\/\/www.ghostysky.com\/pt\/wp-json\/wp\/v2\/media?parent=22829"}],"wp:term":[{"taxonomy":"product_brand","embeddable":true,"href":"https:\/\/www.ghostysky.com\/pt\/wp-json\/wp\/v2\/product_brand?post=22829"},{"taxonomy":"product_cat","embeddable":true,"href":"https:\/\/www.ghostysky.com\/pt\/wp-json\/wp\/v2\/product_cat?post=22829"},{"taxonomy":"product_tag","embeddable":true,"href":"https:\/\/www.ghostysky.com\/pt\/wp-json\/wp\/v2\/product_tag?post=22829"}],"curies":[{"name":"wp","href":"https:\/\/api.w.org\/{rel}","templated":true}]}}