{"id":22834,"date":"2025-11-05T16:48:33","date_gmt":"2025-11-05T16:48:33","guid":{"rendered":"https:\/\/www.ghostysky.com\/?post_type=product&#038;p=22834"},"modified":"2025-11-05T16:49:09","modified_gmt":"2025-11-05T16:49:09","slug":"robotera-q5","status":"publish","type":"product","link":"https:\/\/www.ghostysky.com\/pt\/product\/robotera-q5\/","title":{"rendered":"Robotera Q5"},"content":{"rendered":"<h4><b>\u2728 Principais recursos que redefinem o servi\u00e7o<\/b><\/h4>\n<ul>\n<li><b><span class=\"citation-59\">Intera\u00e7\u00e3o ultra-humana:<\/span><\/b><span class=\"citation-59 citation-end-59\"> O Q5 est\u00e1 equipado com um sistema de voz com intelig\u00eancia artificial e tecnologia de modelo de linguagem avan\u00e7ada, tornando-o um &quot;especialista em intelig\u00eancia emocional&quot;.<\/span> <span class=\"citation-58\">Ele pode interpretar comandos em <\/span><b><span class=\"citation-58\">mais de 37 idiomas<\/span><\/b><span class=\"citation-58 citation-end-58\"> e participar de di\u00e1logos naturais e contextualizados com empatia e facilidade.<\/span><\/li>\n<li><b><span class=\"citation-57\">Destreza e mobilidade excepcionais:<\/span><\/b><span class=\"citation-57\"> Com <\/span><b><span class=\"citation-57\">44 graus de liberdade (DoF)<\/span><\/b><span class=\"citation-57 citation-end-57\">O Q5 se move com uma eleg\u00e2ncia not\u00e1vel.<\/span> <span class=\"citation-56\">Sua bi\u00f4nica <\/span><b><span class=\"citation-56\">Bra\u00e7os rob\u00f3ticos de alta precis\u00e3o com 7 eixos<\/span><\/b><span class=\"citation-56\"> e <\/span><b><span class=\"citation-56\">M\u00e3os XHAND Lite de 11 graus de liberdade<\/span><\/b><span class=\"citation-56 citation-end-56\"> Oferecem destreza equivalente \u00e0 humana.<\/span> <span class=\"citation-55 citation-end-55\">Ele pode executar tarefas complexas como servir pratos, manusear itens delicados e at\u00e9 mesmo alcan\u00e7ar lugares altos ou baixos com seguran\u00e7a.<\/span>\n<ul>\n<li><b>Carga \u00fatil m\u00e1xima:<\/b><span class=\"citation-54 citation-end-54\"> 10 kg por bra\u00e7o;<\/span><\/li>\n<li><b>Resposta r\u00e1pida:<\/b><span class=\"citation-53 citation-end-53\"> At\u00e9 10 cliques por segundo;<\/span><\/li>\n<\/ul>\n<\/li>\n<li><b><span class=\"citation-52\">Navega\u00e7\u00e3o \u00e1gil em espa\u00e7os reduzidos:<\/span><\/b><span class=\"citation-52\"> Sua base ultracompacta (582 mm x 519 mm) e <\/span><b><span class=\"citation-52\">Sistema de navega\u00e7\u00e3o LiDAR e de fus\u00e3o de vis\u00e3o<\/span><\/b><span class=\"citation-52 citation-end-52\"> Permitir que ele planeje rotas de forma aut\u00f4noma, evite obst\u00e1culos e manobre com efici\u00eancia em espa\u00e7os lotados ou confinados como um &quot;especialista em transporte espacial&quot;.<\/span><\/li>\n<li><b>Intelig\u00eancia Artificial Incorporada e Aprendizagem Cont\u00ednua:<\/b><span class=\"citation-51\"> Incorporado com a tecnologia propriet\u00e1ria da ROBOTERA <\/span><b><span class=\"citation-51\">Modelo de IA incorporado ERA-42<\/span><\/b><span class=\"citation-51 citation-end-51\">O Q5 fica mais inteligente com o tempo.<\/span>\u00a0<span class=\"citation-50\">Ele suporta <\/span><b><span class=\"citation-50\">teleopera\u00e7\u00e3o de corpo inteiro<\/span><\/b><span class=\"citation-50 citation-end-50\"> Por meio de realidade virtual e luvas de dados, \u00e9 poss\u00edvel realizar um controle remoto preciso e gerar dados de movimento para um aprendizado e itera\u00e7\u00e3o de modelos mais r\u00e1pidos e eficientes.<\/span><\/li>\n<li><b>Versatilidade para m\u00faltiplas fun\u00e7\u00f5es:<\/b><span class=\"citation-49 citation-end-49\"> O Q5 est\u00e1 pronto para ser um profissional de destaque em diversos setores de servi\u00e7os.<sup class=\"superscript\" data-turn-source-index=\"13\">13<\/sup><\/span> Ele pode mudar rapidamente de fun\u00e7\u00e3o para servir como:\n<ul>\n<li><b>Assistente de Compras<\/b><\/li>\n<li><b>Recepcionista de hotel<\/b><\/li>\n<li><b>Guia de turismo<\/b><\/li>\n<li><b>Gar\u00e7om<\/b><\/li>\n<li><b>Auxiliar de Hospital ou Cuidador de Idosos<\/b><\/li>\n<\/ul>\n<\/li>\n<\/ul>\n<p>&nbsp;<\/p>\n<h4><b>\ud83d\udccb Especifica\u00e7\u00f5es em resumo<\/b><\/h4>\n<table>\n<thead>\n<tr>\n<td><strong>Recurso<\/strong><\/td>\n<td><strong>Detalhe<\/strong><\/td>\n<\/tr>\n<\/thead>\n<tbody>\n<tr>\n<td><b>Altura<\/b><\/td>\n<td>1650 mm<\/td>\n<\/tr>\n<tr>\n<td><b>Peso<\/b><\/td>\n<td>70 kg<\/td>\n<\/tr>\n<tr>\n<td><b>Graus de Liberdade (DoF)<\/b><\/td>\n<td>44<\/td>\n<\/tr>\n<tr>\n<td><b>Bra\u00e7os<\/b><\/td>\n<td>Bra\u00e7os rob\u00f3ticos antropom\u00f3rficos de 7 graus de liberdade<\/td>\n<\/tr>\n<tr>\n<td><b>M\u00e3os<\/b><\/td>\n<td>XHAND Lite de 11 graus de liberdade<\/td>\n<\/tr>\n<tr>\n<td><b>Carga \u00fatil m\u00e1xima de bra\u00e7o duplo<\/b><\/td>\n<td>10 kg<\/td>\n<\/tr>\n<tr>\n<td><b>Navega\u00e7\u00e3o<\/b><\/td>\n<td>Fus\u00e3o de LiDAR e C\u00e2mera Est\u00e9reo<\/td>\n<\/tr>\n<tr>\n<td><b>Modelo de IA<\/b><\/td>\n<td>ERA-42 (IA Incorporada Propriet\u00e1ria)<\/td>\n<\/tr>\n<\/tbody>\n<\/table>\n<p><b>Experimente o futuro do atendimento hoje mesmo.<\/b> <span class=\"citation-48 citation-end-48\">O Robotera Q5 \u00e9 mais do que um rob\u00f4 \u2014 \u00e9 um parceiro adapt\u00e1vel e inteligente, pronto para aprimorar a experi\u00eancia do cliente e a efici\u00eancia operacional da sua organiza\u00e7\u00e3o.<\/span><\/p>","protected":false},"excerpt":{"rendered":"<p><span class=\"citation-61\">Apresentando o <\/span><b><span class=\"citation-61\">Robotera Q5<\/span><\/b><span class=\"citation-61 citation-end-61\">, o rob\u00f4 de servi\u00e7o ultra-humanoide projetado para se integrar perfeitamente em ambientes comerciais e de pesquisa.<\/span> <span class=\"citation-60\">Apelidado de &quot;Profissional de Cintura Fina&quot; por sua silhueta elegante e ergon\u00f4mica, o Q5 \u00e9 uma obra-prima de intelig\u00eancia artificial incorporada, transformando a experi\u00eancia de uma ferramenta r\u00edgida em algo... <\/span><b><span class=\"citation-60\">Companheiro(a) carinhoso(a) e inteligente<\/span><\/b><span class=\"citation-60 citation-end-60\">.<\/span><\/p>","protected":false},"featured_media":22837,"comment_status":"open","ping_status":"closed","template":"","meta":[],"product_brand":[1259],"product_cat":[1038,1256,1257,1037],"product_tag":[1264,1260,1263],"class_list":{"0":"post-22834","1":"product","2":"type-product","3":"status-publish","4":"has-post-thumbnail","6":"product_brand-robotera","7":"product_cat-humanoid","8":"product_cat-robotera","9":"product_cat-robotera-robots","10":"product_cat-robotics","11":"product_tag-q5","12":"product_tag-robotera","13":"product_tag-robotera-q5","15":"first","16":"onbackorder","17":"taxable","18":"shipping-taxable","19":"product-type-simple"},"yoast_head":"<!-- This site is optimized with the Yoast SEO plugin v27.4 - https:\/\/yoast.com\/product\/yoast-seo-wordpress\/ -->\n<title>Robotera Q5 - Ghostysky<\/title>\n<meta name=\"description\" content=\"Introducing the Robotera Q5, the ultra-humanoid service robot designed to seamlessly integrate into commercial and research environments. Nicknamed the &quot;Tiny-Waisted Pro&quot; for its sleek, human-like silhouette, the Q5 is a masterpiece of embodied AI, transforming the experience from a rigid tool to a caring, intelligent companion.\" \/>\n<meta name=\"robots\" content=\"index, follow, max-snippet:-1, max-image-preview:large, max-video-preview:-1\" \/>\n<link rel=\"canonical\" href=\"https:\/\/www.ghostysky.com\/pt\/produto-2\/robotera-q5\/\" \/>\n<meta property=\"og:locale\" content=\"pt_PT\" \/>\n<meta property=\"og:type\" content=\"article\" \/>\n<meta property=\"og:title\" content=\"Robotera Q5 - Ghostysky\" \/>\n<meta property=\"og:description\" content=\"Introducing the Robotera Q5, the ultra-humanoid service robot designed to seamlessly integrate into commercial and research environments. Nicknamed the &quot;Tiny-Waisted Pro&quot; for its sleek, human-like silhouette, the Q5 is a masterpiece of embodied AI, transforming the experience from a rigid tool to a caring, intelligent companion.\" \/>\n<meta property=\"og:url\" content=\"https:\/\/www.ghostysky.com\/pt\/produto-2\/robotera-q5\/\" \/>\n<meta property=\"og:site_name\" content=\"Ghostysky\" \/>\n<meta property=\"article:publisher\" content=\"https:\/\/www.facebook.com\/people\/Ghostysky\/100057676170234\/\" \/>\n<meta property=\"article:modified_time\" content=\"2025-11-05T16:49:09+00:00\" \/>\n<meta property=\"og:image\" content=\"https:\/\/www.ghostysky.com\/wp-content\/uploads\/2025\/11\/GH_Robotera_Q5_1.jpeg\" \/>\n\t<meta property=\"og:image:width\" content=\"231\" \/>\n\t<meta property=\"og:image:height\" content=\"218\" \/>\n\t<meta property=\"og:image:type\" content=\"image\/jpeg\" \/>\n<meta name=\"twitter:card\" content=\"summary_large_image\" \/>\n<meta name=\"twitter:site\" content=\"@Gh0stysky\" \/>\n<meta name=\"twitter:label1\" content=\"Tempo estimado de leitura\" \/>\n\t<meta name=\"twitter:data1\" content=\"2 minutos\" \/>\n<script type=\"application\/ld+json\" class=\"yoast-schema-graph\">{\"@context\":\"https:\\\/\\\/schema.org\",\"@graph\":[{\"@type\":\"WebPage\",\"@id\":\"https:\\\/\\\/www.ghostysky.com\\\/product\\\/robotera-q5\\\/\",\"url\":\"https:\\\/\\\/www.ghostysky.com\\\/product\\\/robotera-q5\\\/\",\"name\":\"Robotera Q5 - Ghostysky\",\"isPartOf\":{\"@id\":\"https:\\\/\\\/www.ghostysky.com\\\/#website\"},\"primaryImageOfPage\":{\"@id\":\"https:\\\/\\\/www.ghostysky.com\\\/product\\\/robotera-q5\\\/#primaryimage\"},\"image\":{\"@id\":\"https:\\\/\\\/www.ghostysky.com\\\/product\\\/robotera-q5\\\/#primaryimage\"},\"thumbnailUrl\":\"https:\\\/\\\/www.ghostysky.com\\\/wp-content\\\/uploads\\\/2025\\\/11\\\/GH_Robotera_Q5_1.jpeg\",\"datePublished\":\"2025-11-05T16:48:33+00:00\",\"dateModified\":\"2025-11-05T16:49:09+00:00\",\"description\":\"Introducing the Robotera Q5, the ultra-humanoid service robot designed to seamlessly integrate into commercial and research environments. Nicknamed the \\\"Tiny-Waisted Pro\\\" for its sleek, human-like silhouette, the Q5 is a masterpiece of embodied AI, transforming the experience from a rigid tool to a caring, intelligent companion.\",\"breadcrumb\":{\"@id\":\"https:\\\/\\\/www.ghostysky.com\\\/product\\\/robotera-q5\\\/#breadcrumb\"},\"inLanguage\":\"pt-PT\",\"potentialAction\":[{\"@type\":\"ReadAction\",\"target\":[\"https:\\\/\\\/www.ghostysky.com\\\/product\\\/robotera-q5\\\/\"]}]},{\"@type\":\"ImageObject\",\"inLanguage\":\"pt-PT\",\"@id\":\"https:\\\/\\\/www.ghostysky.com\\\/product\\\/robotera-q5\\\/#primaryimage\",\"url\":\"https:\\\/\\\/www.ghostysky.com\\\/wp-content\\\/uploads\\\/2025\\\/11\\\/GH_Robotera_Q5_1.jpeg\",\"contentUrl\":\"https:\\\/\\\/www.ghostysky.com\\\/wp-content\\\/uploads\\\/2025\\\/11\\\/GH_Robotera_Q5_1.jpeg\",\"width\":231,\"height\":218},{\"@type\":\"BreadcrumbList\",\"@id\":\"https:\\\/\\\/www.ghostysky.com\\\/product\\\/robotera-q5\\\/#breadcrumb\",\"itemListElement\":[{\"@type\":\"ListItem\",\"position\":1,\"name\":\"Home\",\"item\":\"https:\\\/\\\/www.ghostysky.com\\\/\"},{\"@type\":\"ListItem\",\"position\":2,\"name\":\"Shop\",\"item\":\"https:\\\/\\\/www.ghostysky.com\\\/shop\\\/\"},{\"@type\":\"ListItem\",\"position\":3,\"name\":\"Robotera Q5\"}]},{\"@type\":\"WebSite\",\"@id\":\"https:\\\/\\\/www.ghostysky.com\\\/#website\",\"url\":\"https:\\\/\\\/www.ghostysky.com\\\/\",\"name\":\"Ghostysky\",\"description\":\"Delivering professional drones and services\",\"publisher\":{\"@id\":\"https:\\\/\\\/www.ghostysky.com\\\/#organization\"},\"potentialAction\":[{\"@type\":\"SearchAction\",\"target\":{\"@type\":\"EntryPoint\",\"urlTemplate\":\"https:\\\/\\\/www.ghostysky.com\\\/?s={search_term_string}\"},\"query-input\":{\"@type\":\"PropertyValueSpecification\",\"valueRequired\":true,\"valueName\":\"search_term_string\"}}],\"inLanguage\":\"pt-PT\"},{\"@type\":\"Organization\",\"@id\":\"https:\\\/\\\/www.ghostysky.com\\\/#organization\",\"name\":\"Ghostysky\",\"url\":\"https:\\\/\\\/www.ghostysky.com\\\/\",\"logo\":{\"@type\":\"ImageObject\",\"inLanguage\":\"pt-PT\",\"@id\":\"https:\\\/\\\/www.ghostysky.com\\\/#\\\/schema\\\/logo\\\/image\\\/\",\"url\":\"https:\\\/\\\/www.ghostysky.com\\\/wp-content\\\/uploads\\\/2020\\\/06\\\/cropped-ghostyskylogo_text_white2.png\",\"contentUrl\":\"https:\\\/\\\/www.ghostysky.com\\\/wp-content\\\/uploads\\\/2020\\\/06\\\/cropped-ghostyskylogo_text_white2.png\",\"width\":169,\"height\":56,\"caption\":\"Ghostysky\"},\"image\":{\"@id\":\"https:\\\/\\\/www.ghostysky.com\\\/#\\\/schema\\\/logo\\\/image\\\/\"},\"sameAs\":[\"https:\\\/\\\/www.facebook.com\\\/people\\\/Ghostysky\\\/100057676170234\\\/\",\"https:\\\/\\\/x.com\\\/Gh0stysky\",\"https:\\\/\\\/www.linkedin.com\\\/company\\\/34739653\",\"https:\\\/\\\/www.instagram.com\\\/gh0stysky\"]}]}<\/script>\n<!-- \/ Yoast SEO plugin. -->","yoast_head_json":{"title":"Robotera Q5 - Ghostysky","description":"Apresentamos o Robotera Q5, o rob\u00f4 de servi\u00e7o ultra-humanoide projetado para se integrar perfeitamente a ambientes comerciais e de pesquisa. Apelidado de &quot;Profissional de Cintura Fina&quot; por sua silhueta elegante e semelhante \u00e0 humana, o Q5 \u00e9 uma obra-prima da intelig\u00eancia artificial incorporada, transformando a experi\u00eancia de uma ferramenta r\u00edgida em um companheiro atencioso e inteligente.","robots":{"index":"index","follow":"follow","max-snippet":"max-snippet:-1","max-image-preview":"max-image-preview:large","max-video-preview":"max-video-preview:-1"},"canonical":"https:\/\/www.ghostysky.com\/pt\/produto-2\/robotera-q5\/","og_locale":"pt_PT","og_type":"article","og_title":"Robotera Q5 - Ghostysky","og_description":"Introducing the Robotera Q5, the ultra-humanoid service robot designed to seamlessly integrate into commercial and research environments. Nicknamed the \"Tiny-Waisted Pro\" for its sleek, human-like silhouette, the Q5 is a masterpiece of embodied AI, transforming the experience from a rigid tool to a caring, intelligent companion.","og_url":"https:\/\/www.ghostysky.com\/pt\/produto-2\/robotera-q5\/","og_site_name":"Ghostysky","article_publisher":"https:\/\/www.facebook.com\/people\/Ghostysky\/100057676170234\/","article_modified_time":"2025-11-05T16:49:09+00:00","og_image":[{"width":231,"height":218,"url":"https:\/\/www.ghostysky.com\/wp-content\/uploads\/2025\/11\/GH_Robotera_Q5_1.jpeg","type":"image\/jpeg"}],"twitter_card":"summary_large_image","twitter_site":"@Gh0stysky","twitter_misc":{"Tempo estimado de leitura":"2 minutos"},"schema":{"@context":"https:\/\/schema.org","@graph":[{"@type":"WebPage","@id":"https:\/\/www.ghostysky.com\/product\/robotera-q5\/","url":"https:\/\/www.ghostysky.com\/product\/robotera-q5\/","name":"Robotera Q5 - Ghostysky","isPartOf":{"@id":"https:\/\/www.ghostysky.com\/#website"},"primaryImageOfPage":{"@id":"https:\/\/www.ghostysky.com\/product\/robotera-q5\/#primaryimage"},"image":{"@id":"https:\/\/www.ghostysky.com\/product\/robotera-q5\/#primaryimage"},"thumbnailUrl":"https:\/\/www.ghostysky.com\/wp-content\/uploads\/2025\/11\/GH_Robotera_Q5_1.jpeg","datePublished":"2025-11-05T16:48:33+00:00","dateModified":"2025-11-05T16:49:09+00:00","description":"Apresentamos o Robotera Q5, o rob\u00f4 de servi\u00e7o ultra-humanoide projetado para se integrar perfeitamente a ambientes comerciais e de pesquisa. Apelidado de &quot;Profissional de Cintura Fina&quot; por sua silhueta elegante e semelhante \u00e0 humana, o Q5 \u00e9 uma obra-prima da intelig\u00eancia artificial incorporada, transformando a experi\u00eancia de uma ferramenta r\u00edgida em um companheiro atencioso e inteligente.","breadcrumb":{"@id":"https:\/\/www.ghostysky.com\/product\/robotera-q5\/#breadcrumb"},"inLanguage":"pt-PT","potentialAction":[{"@type":"ReadAction","target":["https:\/\/www.ghostysky.com\/product\/robotera-q5\/"]}]},{"@type":"ImageObject","inLanguage":"pt-PT","@id":"https:\/\/www.ghostysky.com\/product\/robotera-q5\/#primaryimage","url":"https:\/\/www.ghostysky.com\/wp-content\/uploads\/2025\/11\/GH_Robotera_Q5_1.jpeg","contentUrl":"https:\/\/www.ghostysky.com\/wp-content\/uploads\/2025\/11\/GH_Robotera_Q5_1.jpeg","width":231,"height":218},{"@type":"BreadcrumbList","@id":"https:\/\/www.ghostysky.com\/product\/robotera-q5\/#breadcrumb","itemListElement":[{"@type":"ListItem","position":1,"name":"Home","item":"https:\/\/www.ghostysky.com\/"},{"@type":"ListItem","position":2,"name":"Shop","item":"https:\/\/www.ghostysky.com\/shop\/"},{"@type":"ListItem","position":3,"name":"Robotera Q5"}]},{"@type":"WebSite","@id":"https:\/\/www.ghostysky.com\/#website","url":"https:\/\/www.ghostysky.com\/","name":"Ghostysky","description":"Fornecendo drones e servi\u00e7os profissionais","publisher":{"@id":"https:\/\/www.ghostysky.com\/#organization"},"potentialAction":[{"@type":"SearchAction","target":{"@type":"EntryPoint","urlTemplate":"https:\/\/www.ghostysky.com\/?s={search_term_string}"},"query-input":{"@type":"PropertyValueSpecification","valueRequired":true,"valueName":"search_term_string"}}],"inLanguage":"pt-PT"},{"@type":"Organization","@id":"https:\/\/www.ghostysky.com\/#organization","name":"Ghostysky","url":"https:\/\/www.ghostysky.com\/","logo":{"@type":"ImageObject","inLanguage":"pt-PT","@id":"https:\/\/www.ghostysky.com\/#\/schema\/logo\/image\/","url":"https:\/\/www.ghostysky.com\/wp-content\/uploads\/2020\/06\/cropped-ghostyskylogo_text_white2.png","contentUrl":"https:\/\/www.ghostysky.com\/wp-content\/uploads\/2020\/06\/cropped-ghostyskylogo_text_white2.png","width":169,"height":56,"caption":"Ghostysky"},"image":{"@id":"https:\/\/www.ghostysky.com\/#\/schema\/logo\/image\/"},"sameAs":["https:\/\/www.facebook.com\/people\/Ghostysky\/100057676170234\/","https:\/\/x.com\/Gh0stysky","https:\/\/www.linkedin.com\/company\/34739653","https:\/\/www.instagram.com\/gh0stysky"]}]}},"_links":{"self":[{"href":"https:\/\/www.ghostysky.com\/pt\/wp-json\/wp\/v2\/product\/22834","targetHints":{"allow":["GET"]}}],"collection":[{"href":"https:\/\/www.ghostysky.com\/pt\/wp-json\/wp\/v2\/product"}],"about":[{"href":"https:\/\/www.ghostysky.com\/pt\/wp-json\/wp\/v2\/types\/product"}],"replies":[{"embeddable":true,"href":"https:\/\/www.ghostysky.com\/pt\/wp-json\/wp\/v2\/comments?post=22834"}],"version-history":[{"count":0,"href":"https:\/\/www.ghostysky.com\/pt\/wp-json\/wp\/v2\/product\/22834\/revisions"}],"wp:featuredmedia":[{"embeddable":true,"href":"https:\/\/www.ghostysky.com\/pt\/wp-json\/wp\/v2\/media\/22837"}],"wp:attachment":[{"href":"https:\/\/www.ghostysky.com\/pt\/wp-json\/wp\/v2\/media?parent=22834"}],"wp:term":[{"taxonomy":"product_brand","embeddable":true,"href":"https:\/\/www.ghostysky.com\/pt\/wp-json\/wp\/v2\/product_brand?post=22834"},{"taxonomy":"product_cat","embeddable":true,"href":"https:\/\/www.ghostysky.com\/pt\/wp-json\/wp\/v2\/product_cat?post=22834"},{"taxonomy":"product_tag","embeddable":true,"href":"https:\/\/www.ghostysky.com\/pt\/wp-json\/wp\/v2\/product_tag?post=22834"}],"curies":[{"name":"wp","href":"https:\/\/api.w.org\/{rel}","templated":true}]}}