{"id":22889,"date":"2025-11-06T07:13:04","date_gmt":"2025-11-06T07:13:04","guid":{"rendered":"https:\/\/www.ghostysky.com\/?post_type=product&#038;p=22889"},"modified":"2025-11-06T07:31:09","modified_gmt":"2025-11-06T07:31:09","slug":"ufactory-6-axis-force-torque-sensor","status":"publish","type":"product","link":"https:\/\/www.ghostysky.com\/pt\/product\/ufactory-6-axis-force-torque-sensor\/","title":{"rendered":"Sensor de for\u00e7a e torque de 6 eixos da Ufactory"},"content":{"rendered":"<h4>Principais recursos e desempenho<\/h4>\n<p><span class=\"citation-49 citation-end-49\">Este sensor \u00e9 um componente indispens\u00e1vel para automa\u00e7\u00e3o avan\u00e7ada e pesquisa, oferecendo uma combina\u00e7\u00e3o de alta precis\u00e3o e acesso robusto a dados:<\/span><\/p>\n<ul>\n<li><b><span class=\"citation-48\">Medi\u00e7\u00e3o em seis eixos:<\/span><\/b><span class=\"citation-48 citation-end-48\"> Fornece dados completos de for\u00e7a e torque rotacional em 3D para uma percep\u00e7\u00e3o situacional superior.<\/span><\/li>\n<li><b><span class=\"citation-47\">Alta precis\u00e3o:<\/span><\/b><span class=\"citation-47\"> Oferece \u00f3timo <\/span><b><span class=\"citation-47\">resolu\u00e7\u00e3o<\/span><\/b><span class=\"citation-47\"> (por exemplo, 100 mN para Fx, Fy; 5 mNm para Tx, Ty, Tz) e baixo <\/span><b><span class=\"citation-47\">histerese<\/span><\/b><span class=\"citation-47 citation-end-47\"> Para medi\u00e7\u00f5es confi\u00e1veis e repet\u00edveis.<\/span><\/li>\n<li><b><span class=\"citation-46\">Alta taxa de dados:<\/span><\/b><span class=\"citation-46\"> Com uma taxa de dados de <\/span><b><span class=\"citation-46\">200 Hz<\/span><\/b><span class=\"citation-46 citation-end-46\">Ele fornece feedback r\u00e1pido e em tempo real, crucial para o controle din\u00e2mico e a detec\u00e7\u00e3o de colis\u00f5es.<\/span><\/li>\n<li><b><span class=\"citation-45\">Capacidade de carga robusta:<\/span><\/b><span class=\"citation-45\"> Projetado para suportar cargas significativas, como at\u00e9 <\/span><b><span class=\"citation-45\">200 N<\/span><\/b><span class=\"citation-45\"> da for\u00e7a no eixo Z (Fz) e <\/span><b><span class=\"citation-45\">4 Nm<\/span><\/b><span class=\"citation-45 citation-end-45\"> de torque.<\/span><\/li>\n<li><b><span class=\"citation-44\">Acesso aos dados brutos:<\/span><\/b><span class=\"citation-44\"> Inclui software dedicado e totalmente integrado. <\/span><b><span class=\"citation-44\">API\/SDK do Python<\/span><\/b><span class=\"citation-44 citation-end-44\"> que concede aos usu\u00e1rios acesso total aos dados brutos do sensor, proporcionando flexibilidade incompar\u00e1vel para pesquisa, desenvolvimento e cria\u00e7\u00e3o de fun\u00e7\u00f5es personalizadas.<\/span><\/li>\n<\/ul>\n<h4>Aplica\u00e7\u00f5es<\/h4>\n<p>O feedback detalhado do sensor de for\u00e7a e torque de 6 eixos \u00e9 essencial para aplica\u00e7\u00f5es rob\u00f3ticas que exigem precis\u00e3o e adaptabilidade:<\/p>\n<ul>\n<li><b>Montagem complexa:<\/b><span class=\"citation-43 citation-end-43\"> Garante a inser\u00e7\u00e3o correta, o encaixe por press\u00e3o e o alinhamento, permitindo o movimento guiado por for\u00e7a e o controle de conformidade.<\/span><\/li>\n<li><b>Acabamento de superf\u00edcie:<\/b><span class=\"citation-42\"> Ideal para tarefas como <\/span><b><span class=\"citation-42\">polimento<\/span><\/b><span class=\"citation-42\"> e <\/span><b><span class=\"citation-42\">rebarba\u00e7\u00e3o<\/span><\/b><span class=\"citation-42 citation-end-42\">pois mant\u00e9m uma press\u00e3o constante e precisa da ferramenta sobre uma superf\u00edcie, independentemente de seus contornos.<\/span><\/li>\n<li><b><span class=\"citation-41\">Testes de produto\/Inspe\u00e7\u00e3o de qualidade:<\/span><\/b><span class=\"citation-41 citation-end-41\"> Permite que rob\u00f4s apliquem uma for\u00e7a definida e monitorada para testar a durabilidade do produto ou medir se um objeto est\u00e1 posicionado com muita for\u00e7a ou folga.<\/span><\/li>\n<li><b><span class=\"citation-40\">Pesquisa em Rob\u00f3tica:<\/span><\/b><span class=\"citation-40 citation-end-40\"> Fornece os dados detalhados necess\u00e1rios para o desenvolvimento de algoritmos de controle avan\u00e7ados, recursos de seguran\u00e7a para colabora\u00e7\u00e3o humano-rob\u00f4 (HRC) e sistemas de teleopera\u00e7\u00e3o.<\/span><\/li>\n<\/ul>\n<h4>Compatibilidade e integra\u00e7\u00e3o<\/h4>\n<p><span class=\"citation-39 citation-end-39\">O sensor foi projetado para f\u00e1cil integra\u00e7\u00e3o, especialmente com a linha de rob\u00f4s colaborativos da UFACTORY:<\/span><\/p>\n<ul>\n<li><b><span class=\"citation-38\">Compatibilidade:<\/span><\/b><span class=\"citation-38 citation-end-38\"> Totalmente compat\u00edvel com UFACTORY xArm 5, xArm 6, xArm 7 e UFACTORY 850 (verifique a compatibilidade da vers\u00e3o espec\u00edfica).<\/span><\/li>\n<li><b><span class=\"citation-37\">Integra\u00e7\u00e3o perfeita:<\/span><\/b><span class=\"citation-37 citation-end-37\"> Apresenta um design compacto e uma interface intuitiva para configura\u00e7\u00e3o e calibra\u00e7\u00e3o r\u00e1pidas, simplificando o processo de adi\u00e7\u00e3o dessa capacidade avan\u00e7ada a sistemas rob\u00f3ticos existentes.<\/span><\/li>\n<\/ul>\n<p>Este sensor confere ao seu bra\u00e7o rob\u00f3tico a capacidade de &quot;sentir&quot;, transformando-o de um simples dispositivo de posicionamento em algo verdadeiramente... <b>ferramenta h\u00e1bil e adapt\u00e1vel<\/b>.<\/p>","protected":false},"excerpt":{"rendered":"<p><span class=\"citation-51\">O <\/span><b><span class=\"citation-51\">Sensor de for\u00e7a e torque de 6 eixos UFACTORY<\/span><\/b><span class=\"citation-51 citation-end-51\"> \u00c9 um instrumento de alta precis\u00e3o projetado para equipar bra\u00e7os rob\u00f3ticos com um sofisticado sentido de tato, permitindo-lhes executar tarefas complexas e delicadas com controle meticuloso.<\/span> <span class=\"citation-50\">Ao medir ambos <\/span><b><span class=\"citation-50\">for\u00e7a (Fx, Fy, Fz)<\/span><\/b><span class=\"citation-50\"> e <\/span><b><span class=\"citation-50\">torque (Tx, Ty, Tz)<\/span><\/b><span class=\"citation-50 citation-end-50\"> Simultaneamente em todos os seis eixos, este sensor fornece feedback abrangente e em tempo real sobre a intera\u00e7\u00e3o do rob\u00f4 com o seu ambiente.<\/span><\/p>\n<div class=\"source-inline-chip-container ng-star-inserted\"><\/div>\n<div class=\"source-inline-chip-container ng-star-inserted\"><\/div>","protected":false},"featured_media":22890,"comment_status":"open","ping_status":"closed","template":"","meta":[],"product_brand":[1148],"product_cat":[1041,1037,1145,1147],"product_tag":[1149,1158,1150,1157,1159,1160],"class_list":{"0":"post-22889","1":"product","2":"type-product","3":"status-publish","4":"has-post-thumbnail","6":"product_brand-ufactory","7":"product_cat-arms-grippers","8":"product_cat-robotics","9":"product_cat-ufactory","10":"product_cat-ufactory-accessories","11":"product_tag-ufactory","12":"product_tag-ufactory-850-accessories","13":"product_tag-ufactory-850-series","14":"product_tag-ufactory-accessories","15":"product_tag-ufactory-xarm-accessories","16":"product_tag-ufactory-xarm-series-accessories","18":"first","19":"onbackorder","20":"taxable","21":"shipping-taxable","22":"purchasable","23":"product-type-simple"},"yoast_head":"<!-- This site is optimized with the Yoast SEO plugin v27.1.1 - https:\/\/yoast.com\/product\/yoast-seo-wordpress\/ -->\n<title>Ufactory 6 Axis Force Torque Sensor - Ghostysky<\/title>\n<meta name=\"description\" content=\"The UFACTORY 6-Axis Force Torque Sensor is a high-precision instrument designed to equip robotic arms with a sophisticated sense of touch, enabling them to perform complex and delicate tasks with meticulous control. By measuring both force (Fx, Fy, Fz) and torque (Tx, Ty, Tz) simultaneously across all six axes, this sensor provides real-time, comprehensive feedback on the robot&#039;s interaction with its environment.\" \/>\n<meta name=\"robots\" content=\"index, follow, max-snippet:-1, max-image-preview:large, max-video-preview:-1\" \/>\n<link rel=\"canonical\" href=\"https:\/\/www.ghostysky.com\/pt\/produto-2\/ufactory-6-axis-force-torque-sensor\/\" \/>\n<meta property=\"og:locale\" content=\"pt_PT\" \/>\n<meta property=\"og:type\" content=\"article\" \/>\n<meta property=\"og:title\" content=\"Ufactory 6 Axis Force Torque Sensor - Ghostysky\" \/>\n<meta property=\"og:description\" content=\"The UFACTORY 6-Axis Force Torque Sensor is a high-precision instrument designed to equip robotic arms with a sophisticated sense of touch, enabling them to perform complex and delicate tasks with meticulous control. By measuring both force (Fx, Fy, Fz) and torque (Tx, Ty, Tz) simultaneously across all six axes, this sensor provides real-time, comprehensive feedback on the robot&#039;s interaction with its environment.\" \/>\n<meta property=\"og:url\" content=\"https:\/\/www.ghostysky.com\/pt\/produto-2\/ufactory-6-axis-force-torque-sensor\/\" \/>\n<meta property=\"og:site_name\" content=\"Ghostysky\" \/>\n<meta property=\"article:publisher\" content=\"https:\/\/www.facebook.com\/people\/Ghostysky\/100057676170234\/\" \/>\n<meta property=\"article:modified_time\" content=\"2025-11-06T07:31:09+00:00\" \/>\n<meta property=\"og:image\" content=\"https:\/\/www.ghostysky.com\/wp-content\/uploads\/2025\/11\/GH_6-Axis-Force-Torque-Sensor_1.jpg\" \/>\n\t<meta property=\"og:image:width\" content=\"500\" \/>\n\t<meta property=\"og:image:height\" content=\"500\" \/>\n\t<meta property=\"og:image:type\" content=\"image\/jpeg\" \/>\n<meta name=\"twitter:card\" content=\"summary_large_image\" \/>\n<meta name=\"twitter:site\" content=\"@Gh0stysky\" \/>\n<meta name=\"twitter:label1\" content=\"Tempo estimado de leitura\" \/>\n\t<meta name=\"twitter:data1\" content=\"2 minutos\" \/>\n<script type=\"application\/ld+json\" class=\"yoast-schema-graph\">{\"@context\":\"https:\/\/schema.org\",\"@graph\":[{\"@type\":\"WebPage\",\"@id\":\"https:\/\/www.ghostysky.com\/product\/ufactory-6-axis-force-torque-sensor\/\",\"url\":\"https:\/\/www.ghostysky.com\/product\/ufactory-6-axis-force-torque-sensor\/\",\"name\":\"Ufactory 6 Axis Force Torque Sensor - Ghostysky\",\"isPartOf\":{\"@id\":\"https:\/\/www.ghostysky.com\/#website\"},\"primaryImageOfPage\":{\"@id\":\"https:\/\/www.ghostysky.com\/product\/ufactory-6-axis-force-torque-sensor\/#primaryimage\"},\"image\":{\"@id\":\"https:\/\/www.ghostysky.com\/product\/ufactory-6-axis-force-torque-sensor\/#primaryimage\"},\"thumbnailUrl\":\"https:\/\/www.ghostysky.com\/wp-content\/uploads\/2025\/11\/GH_6-Axis-Force-Torque-Sensor_1.jpg\",\"datePublished\":\"2025-11-06T07:13:04+00:00\",\"dateModified\":\"2025-11-06T07:31:09+00:00\",\"description\":\"The UFACTORY 6-Axis Force Torque Sensor is a high-precision instrument designed to equip robotic arms with a sophisticated sense of touch, enabling them to perform complex and delicate tasks with meticulous control. By measuring both force (Fx, Fy, Fz) and torque (Tx, Ty, Tz) simultaneously across all six axes, this sensor provides real-time, comprehensive feedback on the robot's interaction with its environment.\",\"breadcrumb\":{\"@id\":\"https:\/\/www.ghostysky.com\/product\/ufactory-6-axis-force-torque-sensor\/#breadcrumb\"},\"inLanguage\":\"pt-PT\",\"potentialAction\":[{\"@type\":\"ReadAction\",\"target\":[\"https:\/\/www.ghostysky.com\/product\/ufactory-6-axis-force-torque-sensor\/\"]}]},{\"@type\":\"ImageObject\",\"inLanguage\":\"pt-PT\",\"@id\":\"https:\/\/www.ghostysky.com\/product\/ufactory-6-axis-force-torque-sensor\/#primaryimage\",\"url\":\"https:\/\/www.ghostysky.com\/wp-content\/uploads\/2025\/11\/GH_6-Axis-Force-Torque-Sensor_1.jpg\",\"contentUrl\":\"https:\/\/www.ghostysky.com\/wp-content\/uploads\/2025\/11\/GH_6-Axis-Force-Torque-Sensor_1.jpg\",\"width\":500,\"height\":500},{\"@type\":\"BreadcrumbList\",\"@id\":\"https:\/\/www.ghostysky.com\/product\/ufactory-6-axis-force-torque-sensor\/#breadcrumb\",\"itemListElement\":[{\"@type\":\"ListItem\",\"position\":1,\"name\":\"Home\",\"item\":\"https:\/\/www.ghostysky.com\/\"},{\"@type\":\"ListItem\",\"position\":2,\"name\":\"Shop\",\"item\":\"https:\/\/www.ghostysky.com\/shop\/\"},{\"@type\":\"ListItem\",\"position\":3,\"name\":\"Ufactory 6 Axis Force Torque Sensor\"}]},{\"@type\":\"WebSite\",\"@id\":\"https:\/\/www.ghostysky.com\/#website\",\"url\":\"https:\/\/www.ghostysky.com\/\",\"name\":\"Ghostysky\",\"description\":\"Delivering professional drones and services\",\"publisher\":{\"@id\":\"https:\/\/www.ghostysky.com\/#organization\"},\"potentialAction\":[{\"@type\":\"SearchAction\",\"target\":{\"@type\":\"EntryPoint\",\"urlTemplate\":\"https:\/\/www.ghostysky.com\/?s={search_term_string}\"},\"query-input\":{\"@type\":\"PropertyValueSpecification\",\"valueRequired\":true,\"valueName\":\"search_term_string\"}}],\"inLanguage\":\"pt-PT\"},{\"@type\":\"Organization\",\"@id\":\"https:\/\/www.ghostysky.com\/#organization\",\"name\":\"Ghostysky\",\"url\":\"https:\/\/www.ghostysky.com\/\",\"logo\":{\"@type\":\"ImageObject\",\"inLanguage\":\"pt-PT\",\"@id\":\"https:\/\/www.ghostysky.com\/#\/schema\/logo\/image\/\",\"url\":\"https:\/\/www.ghostysky.com\/wp-content\/uploads\/2020\/06\/cropped-ghostyskylogo_text_white2.png\",\"contentUrl\":\"https:\/\/www.ghostysky.com\/wp-content\/uploads\/2020\/06\/cropped-ghostyskylogo_text_white2.png\",\"width\":169,\"height\":56,\"caption\":\"Ghostysky\"},\"image\":{\"@id\":\"https:\/\/www.ghostysky.com\/#\/schema\/logo\/image\/\"},\"sameAs\":[\"https:\/\/www.facebook.com\/people\/Ghostysky\/100057676170234\/\",\"https:\/\/x.com\/Gh0stysky\",\"https:\/\/www.linkedin.com\/company\/34739653\",\"https:\/\/www.instagram.com\/gh0stysky\"]}]}<\/script>\n<!-- \/ Yoast SEO plugin. -->","yoast_head_json":{"title":"Sensor de for\u00e7a e torque de 6 eixos Ufactory - Ghostysky","description":"O sensor de for\u00e7a e torque de 6 eixos da UFACTORY \u00e9 um instrumento de alta precis\u00e3o projetado para equipar bra\u00e7os rob\u00f3ticos com um sofisticado senso de tato, permitindo que eles executem tarefas complexas e delicadas com controle meticuloso. Ao medir simultaneamente a for\u00e7a (Fx, Fy, Fz) e o torque (Tx, Ty, Tz) em todos os seis eixos, este sensor fornece feedback abrangente e em tempo real sobre a intera\u00e7\u00e3o do rob\u00f4 com o ambiente.","robots":{"index":"index","follow":"follow","max-snippet":"max-snippet:-1","max-image-preview":"max-image-preview:large","max-video-preview":"max-video-preview:-1"},"canonical":"https:\/\/www.ghostysky.com\/pt\/produto-2\/ufactory-6-axis-force-torque-sensor\/","og_locale":"pt_PT","og_type":"article","og_title":"Ufactory 6 Axis Force Torque Sensor - Ghostysky","og_description":"The UFACTORY 6-Axis Force Torque Sensor is a high-precision instrument designed to equip robotic arms with a sophisticated sense of touch, enabling them to perform complex and delicate tasks with meticulous control. By measuring both force (Fx, Fy, Fz) and torque (Tx, Ty, Tz) simultaneously across all six axes, this sensor provides real-time, comprehensive feedback on the robot's interaction with its environment.","og_url":"https:\/\/www.ghostysky.com\/pt\/produto-2\/ufactory-6-axis-force-torque-sensor\/","og_site_name":"Ghostysky","article_publisher":"https:\/\/www.facebook.com\/people\/Ghostysky\/100057676170234\/","article_modified_time":"2025-11-06T07:31:09+00:00","og_image":[{"width":500,"height":500,"url":"https:\/\/www.ghostysky.com\/wp-content\/uploads\/2025\/11\/GH_6-Axis-Force-Torque-Sensor_1.jpg","type":"image\/jpeg"}],"twitter_card":"summary_large_image","twitter_site":"@Gh0stysky","twitter_misc":{"Tempo estimado de leitura":"2 minutos"},"schema":{"@context":"https:\/\/schema.org","@graph":[{"@type":"WebPage","@id":"https:\/\/www.ghostysky.com\/product\/ufactory-6-axis-force-torque-sensor\/","url":"https:\/\/www.ghostysky.com\/product\/ufactory-6-axis-force-torque-sensor\/","name":"Sensor de for\u00e7a e torque de 6 eixos Ufactory - Ghostysky","isPartOf":{"@id":"https:\/\/www.ghostysky.com\/#website"},"primaryImageOfPage":{"@id":"https:\/\/www.ghostysky.com\/product\/ufactory-6-axis-force-torque-sensor\/#primaryimage"},"image":{"@id":"https:\/\/www.ghostysky.com\/product\/ufactory-6-axis-force-torque-sensor\/#primaryimage"},"thumbnailUrl":"https:\/\/www.ghostysky.com\/wp-content\/uploads\/2025\/11\/GH_6-Axis-Force-Torque-Sensor_1.jpg","datePublished":"2025-11-06T07:13:04+00:00","dateModified":"2025-11-06T07:31:09+00:00","description":"O sensor de for\u00e7a e torque de 6 eixos da UFACTORY \u00e9 um instrumento de alta precis\u00e3o projetado para equipar bra\u00e7os rob\u00f3ticos com um sofisticado senso de tato, permitindo que eles executem tarefas complexas e delicadas com controle meticuloso. Ao medir simultaneamente a for\u00e7a (Fx, Fy, Fz) e o torque (Tx, Ty, Tz) em todos os seis eixos, este sensor fornece feedback abrangente e em tempo real sobre a intera\u00e7\u00e3o do rob\u00f4 com o ambiente.","breadcrumb":{"@id":"https:\/\/www.ghostysky.com\/product\/ufactory-6-axis-force-torque-sensor\/#breadcrumb"},"inLanguage":"pt-PT","potentialAction":[{"@type":"ReadAction","target":["https:\/\/www.ghostysky.com\/product\/ufactory-6-axis-force-torque-sensor\/"]}]},{"@type":"ImageObject","inLanguage":"pt-PT","@id":"https:\/\/www.ghostysky.com\/product\/ufactory-6-axis-force-torque-sensor\/#primaryimage","url":"https:\/\/www.ghostysky.com\/wp-content\/uploads\/2025\/11\/GH_6-Axis-Force-Torque-Sensor_1.jpg","contentUrl":"https:\/\/www.ghostysky.com\/wp-content\/uploads\/2025\/11\/GH_6-Axis-Force-Torque-Sensor_1.jpg","width":500,"height":500},{"@type":"BreadcrumbList","@id":"https:\/\/www.ghostysky.com\/product\/ufactory-6-axis-force-torque-sensor\/#breadcrumb","itemListElement":[{"@type":"ListItem","position":1,"name":"Home","item":"https:\/\/www.ghostysky.com\/"},{"@type":"ListItem","position":2,"name":"Shop","item":"https:\/\/www.ghostysky.com\/shop\/"},{"@type":"ListItem","position":3,"name":"Ufactory 6 Axis Force Torque Sensor"}]},{"@type":"WebSite","@id":"https:\/\/www.ghostysky.com\/#website","url":"https:\/\/www.ghostysky.com\/","name":"Ghostysky","description":"Fornecendo drones e servi\u00e7os profissionais","publisher":{"@id":"https:\/\/www.ghostysky.com\/#organization"},"potentialAction":[{"@type":"SearchAction","target":{"@type":"EntryPoint","urlTemplate":"https:\/\/www.ghostysky.com\/?s={search_term_string}"},"query-input":{"@type":"PropertyValueSpecification","valueRequired":true,"valueName":"search_term_string"}}],"inLanguage":"pt-PT"},{"@type":"Organization","@id":"https:\/\/www.ghostysky.com\/#organization","name":"Ghostysky","url":"https:\/\/www.ghostysky.com\/","logo":{"@type":"ImageObject","inLanguage":"pt-PT","@id":"https:\/\/www.ghostysky.com\/#\/schema\/logo\/image\/","url":"https:\/\/www.ghostysky.com\/wp-content\/uploads\/2020\/06\/cropped-ghostyskylogo_text_white2.png","contentUrl":"https:\/\/www.ghostysky.com\/wp-content\/uploads\/2020\/06\/cropped-ghostyskylogo_text_white2.png","width":169,"height":56,"caption":"Ghostysky"},"image":{"@id":"https:\/\/www.ghostysky.com\/#\/schema\/logo\/image\/"},"sameAs":["https:\/\/www.facebook.com\/people\/Ghostysky\/100057676170234\/","https:\/\/x.com\/Gh0stysky","https:\/\/www.linkedin.com\/company\/34739653","https:\/\/www.instagram.com\/gh0stysky"]}]}},"_links":{"self":[{"href":"https:\/\/www.ghostysky.com\/pt\/wp-json\/wp\/v2\/product\/22889","targetHints":{"allow":["GET"]}}],"collection":[{"href":"https:\/\/www.ghostysky.com\/pt\/wp-json\/wp\/v2\/product"}],"about":[{"href":"https:\/\/www.ghostysky.com\/pt\/wp-json\/wp\/v2\/types\/product"}],"replies":[{"embeddable":true,"href":"https:\/\/www.ghostysky.com\/pt\/wp-json\/wp\/v2\/comments?post=22889"}],"wp:featuredmedia":[{"embeddable":true,"href":"https:\/\/www.ghostysky.com\/pt\/wp-json\/wp\/v2\/media\/22890"}],"wp:attachment":[{"href":"https:\/\/www.ghostysky.com\/pt\/wp-json\/wp\/v2\/media?parent=22889"}],"wp:term":[{"taxonomy":"product_brand","embeddable":true,"href":"https:\/\/www.ghostysky.com\/pt\/wp-json\/wp\/v2\/product_brand?post=22889"},{"taxonomy":"product_cat","embeddable":true,"href":"https:\/\/www.ghostysky.com\/pt\/wp-json\/wp\/v2\/product_cat?post=22889"},{"taxonomy":"product_tag","embeddable":true,"href":"https:\/\/www.ghostysky.com\/pt\/wp-json\/wp\/v2\/product_tag?post=22889"}],"curies":[{"name":"wp","href":"https:\/\/api.w.org\/{rel}","templated":true}]}}