{"id":22893,"date":"2025-11-06T07:44:44","date_gmt":"2025-11-06T07:44:44","guid":{"rendered":"https:\/\/www.ghostysky.com\/?post_type=product&#038;p=22893"},"modified":"2025-11-06T07:46:20","modified_gmt":"2025-11-06T07:46:20","slug":"ufactory-bio-gripper-g2","status":"publish","type":"product","link":"https:\/\/www.ghostysky.com\/pt\/product\/ufactory-bio-gripper-g2\/","title":{"rendered":"Ufactory BIO Gripper G2"},"content":{"rendered":"<h4>Caracter\u00edsticas principais<\/h4>\n<ul>\n<li><b><span class=\"citation-67\">Especializada para o manuseio de l\u00edquidos:<\/span><\/b><span class=\"citation-67\"> Projetado especificamente para manusear utens\u00edlios de laborat\u00f3rio comuns, como <\/span><b><span class=\"citation-67\">placas de po\u00e7os, tubos de ensaio e suportes para pipetas<\/span><\/b><span class=\"citation-67 citation-end-67\"> Com estabilidade e precis\u00e3o.<\/span><\/li>\n<li><b><span class=\"citation-66\">Pontas dos dedos personaliz\u00e1veis:<\/span><\/b><span class=\"citation-66\"> Recursos <\/span><b><span class=\"citation-66\">dedos intercambi\u00e1veis e personaliz\u00e1veis<\/span><\/b><span class=\"citation-66 citation-end-66\"> Para garantir uma fixa\u00e7\u00e3o est\u00e1vel e segura, adaptada a v\u00e1rios formatos e tamanhos de produtos, maximizando a flexibilidade de preens\u00e3o.<\/span><\/li>\n<li><b><span class=\"citation-65\">Implanta\u00e7\u00e3o r\u00e1pida e f\u00e1cil personaliza\u00e7\u00e3o:<\/span><\/b><span class=\"citation-65 citation-end-65\"> Projetado para implanta\u00e7\u00e3o inteligente e r\u00e1pida, al\u00e9m de personaliza\u00e7\u00e3o descomplicada, reduzindo o tempo de configura\u00e7\u00e3o e programa\u00e7\u00e3o.<\/span><\/li>\n<li><b><span class=\"citation-64\">Integra\u00e7\u00e3o perfeita com o xArm:<\/span><\/b><span class=\"citation-64\"> Altamente integrado com os rob\u00f4s xArm 5, 6 e 7 da UFACTORY, frequentemente conectando-se atrav\u00e9s de uma porta de E\/S interna para um <\/span><b><span class=\"citation-64\">Sem cabos, est\u00e1vel e compacto.<\/span><\/b><span class=\"citation-64 citation-end-64\"> configurar.<\/span><\/li>\n<li><b><span class=\"citation-63\">Feedback e detec\u00e7\u00e3o avan\u00e7ados:<\/span><\/b><span class=\"citation-63\"> Inclui funcionalidades avan\u00e7adas como <\/span><b><span class=\"citation-63\">detec\u00e7\u00e3o de queda<\/span><\/b><span class=\"citation-63\"> e <\/span><b><span class=\"citation-63\">detec\u00e7\u00e3o de capta\u00e7\u00e3o<\/span><\/b><span class=\"citation-63 citation-end-63\"> para garantir o manuseio preciso e seguro dos objetos.<\/span><\/li>\n<li><b><span class=\"citation-62\">Controle program\u00e1vel:<\/span><\/b><span class=\"citation-62\"> Oferece controle program\u00e1vel sobre as especifica\u00e7\u00f5es de preens\u00e3o, incluindo <\/span><b><span class=\"citation-62\">controle de velocidade<\/span><\/b><span class=\"citation-62 citation-end-62\">, com feedback em tempo real sobre o estado de funcionamento e a pot\u00eancia.<\/span><\/li>\n<\/ul>\n<h4>Especifica\u00e7\u00f5es t\u00e9cnicas (BIO Gripper G2)<\/h4>\n<table>\n<thead>\n<tr>\n<td><strong>Especifica\u00e7\u00f5es<\/strong><\/td>\n<td><strong>Valor<\/strong><\/td>\n<\/tr>\n<\/thead>\n<tbody>\n<tr>\n<td><b>Aplica\u00e7\u00e3o principal<\/b><\/td>\n<td>Manipula\u00e7\u00e3o de L\u00edquidos, Automa\u00e7\u00e3o Laboratorial<\/td>\n<\/tr>\n<tr>\n<td><b>Tens\u00e3o de alimenta\u00e7\u00e3o nominal<\/b><\/td>\n<td>24V CC<\/td>\n<\/tr>\n<tr>\n<td><b>For\u00e7a m\u00e1xima de preens\u00e3o<\/b><\/td>\n<td>20 N<\/td>\n<\/tr>\n<tr>\n<td><b>Amplitude de movimento\/preens\u00e3o<\/b><\/td>\n<td>71\u2013150 mm (Dedos padr\u00e3o)<\/td>\n<\/tr>\n<tr>\n<td><b>Alcance de trabalho (dedos padr\u00e3o)<\/b><\/td>\n<td>48 \u2013 129 mm<\/td>\n<\/tr>\n<tr>\n<td><b>Tipo de dedo<\/b><\/td>\n<td>Altern\u00e1vel\/Personaliz\u00e1vel<\/td>\n<\/tr>\n<tr>\n<td><b>Protocolo de comunica\u00e7\u00e3o<\/b><\/td>\n<td>Modbus RTU (via RS-485)<\/td>\n<\/tr>\n<tr>\n<td><b>Opini\u00e3o<\/b><\/td>\n<td>Detec\u00e7\u00e3o de queda, detec\u00e7\u00e3o de coleta<\/td>\n<\/tr>\n<tr>\n<td><b>Peso<\/b><\/td>\n<td>~816 g<\/td>\n<\/tr>\n<\/tbody>\n<\/table>\n<p><span class=\"citation-61 citation-end-61\">O BIO Gripper G2 destaca-se como uma ferramenta vers\u00e1til e inteligente, permitindo a automatiza\u00e7\u00e3o fi\u00e1vel de tarefas delicadas e repetitivas nas ci\u00eancias da vida e na investiga\u00e7\u00e3o.<\/span><\/p>\n<div class=\"source-inline-chip-container ng-star-inserted\"><\/div>\n<p>&nbsp;<\/p>","protected":false},"excerpt":{"rendered":"<p><span class=\"citation-69\">O <\/span><b><span class=\"citation-69\">UFACTORY BIO Gripper G2<\/span><\/b><span class=\"citation-69\"> \u00e9 uma garra colaborativa avan\u00e7ada e flex\u00edvel, projetada especificamente para <\/span><b><span class=\"citation-69\">manipula\u00e7\u00e3o de l\u00edquidos e automa\u00e7\u00e3o de laborat\u00f3rio<\/span><\/b><span class=\"citation-69 citation-end-69\"> fluxos de trabalho.<\/span> <span class=\"citation-68 citation-end-68\">Projetado para integra\u00e7\u00e3o perfeita com a s\u00e9rie de bra\u00e7os rob\u00f3ticos xArm da UFACTORY, este atuador final oferece a precis\u00e3o, adaptabilidade e confiabilidade essenciais para ambientes de biotecnologia, farmac\u00eauticos e de pesquisa.<\/span><\/p>","protected":false},"featured_media":22897,"comment_status":"open","ping_status":"closed","template":"","meta":[],"product_brand":[1148],"product_cat":[1041,1037,1145,1147],"product_tag":[1149,1158,1150,1157,1159,1160],"class_list":{"0":"post-22893","1":"product","2":"type-product","3":"status-publish","4":"has-post-thumbnail","6":"product_brand-ufactory","7":"product_cat-arms-grippers","8":"product_cat-robotics","9":"product_cat-ufactory","10":"product_cat-ufactory-accessories","11":"product_tag-ufactory","12":"product_tag-ufactory-850-accessories","13":"product_tag-ufactory-850-series","14":"product_tag-ufactory-accessories","15":"product_tag-ufactory-xarm-accessories","16":"product_tag-ufactory-xarm-series-accessories","18":"first","19":"onbackorder","20":"taxable","21":"shipping-taxable","22":"purchasable","23":"product-type-simple"},"yoast_head":"<!-- This site is optimized with the Yoast SEO plugin v27.4 - https:\/\/yoast.com\/product\/yoast-seo-wordpress\/ -->\n<title>Ufactory BIO Gripper G2 - Ghostysky<\/title>\n<meta name=\"description\" content=\"The UFACTORY BIO Gripper G2 is an advanced, flexible collaborative gripper specifically engineered for liquid handling and lab automation workflows. Designed for seamless integration with UFACTORY&#039;s xArm series of robotic arms, this end-effector provides the precision, adaptability, and reliability essential for biotech, pharmaceutical, and research environments.\" \/>\n<meta name=\"robots\" content=\"index, follow, max-snippet:-1, max-image-preview:large, max-video-preview:-1\" \/>\n<link rel=\"canonical\" href=\"https:\/\/www.ghostysky.com\/pt\/produto-2\/ufactory-bio-gripper-g2\/\" \/>\n<meta property=\"og:locale\" content=\"pt_PT\" \/>\n<meta property=\"og:type\" content=\"article\" \/>\n<meta property=\"og:title\" content=\"Ufactory BIO Gripper G2 - Ghostysky\" \/>\n<meta property=\"og:description\" content=\"The UFACTORY BIO Gripper G2 is an advanced, flexible collaborative gripper specifically engineered for liquid handling and lab automation workflows. Designed for seamless integration with UFACTORY&#039;s xArm series of robotic arms, this end-effector provides the precision, adaptability, and reliability essential for biotech, pharmaceutical, and research environments.\" \/>\n<meta property=\"og:url\" content=\"https:\/\/www.ghostysky.com\/pt\/produto-2\/ufactory-bio-gripper-g2\/\" \/>\n<meta property=\"og:site_name\" content=\"Ghostysky\" \/>\n<meta property=\"article:publisher\" content=\"https:\/\/www.facebook.com\/people\/Ghostysky\/100057676170234\/\" \/>\n<meta property=\"article:modified_time\" content=\"2025-11-06T07:46:20+00:00\" \/>\n<meta property=\"og:image\" content=\"https:\/\/www.ghostysky.com\/wp-content\/uploads\/2025\/11\/GH_BIO-Gripper-G2_.png\" \/>\n\t<meta property=\"og:image:width\" content=\"2084\" \/>\n\t<meta property=\"og:image:height\" content=\"2084\" \/>\n\t<meta property=\"og:image:type\" content=\"image\/png\" \/>\n<meta name=\"twitter:card\" content=\"summary_large_image\" \/>\n<meta name=\"twitter:site\" content=\"@Gh0stysky\" \/>\n<meta name=\"twitter:label1\" content=\"Tempo estimado de leitura\" \/>\n\t<meta name=\"twitter:data1\" content=\"2 minutos\" \/>\n<script type=\"application\/ld+json\" class=\"yoast-schema-graph\">{\"@context\":\"https:\\\/\\\/schema.org\",\"@graph\":[{\"@type\":\"WebPage\",\"@id\":\"https:\\\/\\\/www.ghostysky.com\\\/product\\\/ufactory-bio-gripper-g2\\\/\",\"url\":\"https:\\\/\\\/www.ghostysky.com\\\/product\\\/ufactory-bio-gripper-g2\\\/\",\"name\":\"Ufactory BIO Gripper G2 - Ghostysky\",\"isPartOf\":{\"@id\":\"https:\\\/\\\/www.ghostysky.com\\\/#website\"},\"primaryImageOfPage\":{\"@id\":\"https:\\\/\\\/www.ghostysky.com\\\/product\\\/ufactory-bio-gripper-g2\\\/#primaryimage\"},\"image\":{\"@id\":\"https:\\\/\\\/www.ghostysky.com\\\/product\\\/ufactory-bio-gripper-g2\\\/#primaryimage\"},\"thumbnailUrl\":\"https:\\\/\\\/www.ghostysky.com\\\/wp-content\\\/uploads\\\/2025\\\/11\\\/GH_BIO-Gripper-G2_.png\",\"datePublished\":\"2025-11-06T07:44:44+00:00\",\"dateModified\":\"2025-11-06T07:46:20+00:00\",\"description\":\"The UFACTORY BIO Gripper G2 is an advanced, flexible collaborative gripper specifically engineered for liquid handling and lab automation workflows. Designed for seamless integration with UFACTORY's xArm series of robotic arms, this end-effector provides the precision, adaptability, and reliability essential for biotech, pharmaceutical, and research environments.\",\"breadcrumb\":{\"@id\":\"https:\\\/\\\/www.ghostysky.com\\\/product\\\/ufactory-bio-gripper-g2\\\/#breadcrumb\"},\"inLanguage\":\"pt-PT\",\"potentialAction\":[{\"@type\":\"ReadAction\",\"target\":[\"https:\\\/\\\/www.ghostysky.com\\\/product\\\/ufactory-bio-gripper-g2\\\/\"]}]},{\"@type\":\"ImageObject\",\"inLanguage\":\"pt-PT\",\"@id\":\"https:\\\/\\\/www.ghostysky.com\\\/product\\\/ufactory-bio-gripper-g2\\\/#primaryimage\",\"url\":\"https:\\\/\\\/www.ghostysky.com\\\/wp-content\\\/uploads\\\/2025\\\/11\\\/GH_BIO-Gripper-G2_.png\",\"contentUrl\":\"https:\\\/\\\/www.ghostysky.com\\\/wp-content\\\/uploads\\\/2025\\\/11\\\/GH_BIO-Gripper-G2_.png\",\"width\":2084,\"height\":2084},{\"@type\":\"BreadcrumbList\",\"@id\":\"https:\\\/\\\/www.ghostysky.com\\\/product\\\/ufactory-bio-gripper-g2\\\/#breadcrumb\",\"itemListElement\":[{\"@type\":\"ListItem\",\"position\":1,\"name\":\"Home\",\"item\":\"https:\\\/\\\/www.ghostysky.com\\\/\"},{\"@type\":\"ListItem\",\"position\":2,\"name\":\"Shop\",\"item\":\"https:\\\/\\\/www.ghostysky.com\\\/shop\\\/\"},{\"@type\":\"ListItem\",\"position\":3,\"name\":\"Ufactory BIO Gripper G2\"}]},{\"@type\":\"WebSite\",\"@id\":\"https:\\\/\\\/www.ghostysky.com\\\/#website\",\"url\":\"https:\\\/\\\/www.ghostysky.com\\\/\",\"name\":\"Ghostysky\",\"description\":\"Delivering professional drones and robotics solutions\",\"publisher\":{\"@id\":\"https:\\\/\\\/www.ghostysky.com\\\/#organization\"},\"potentialAction\":[{\"@type\":\"SearchAction\",\"target\":{\"@type\":\"EntryPoint\",\"urlTemplate\":\"https:\\\/\\\/www.ghostysky.com\\\/?s={search_term_string}\"},\"query-input\":{\"@type\":\"PropertyValueSpecification\",\"valueRequired\":true,\"valueName\":\"search_term_string\"}}],\"inLanguage\":\"pt-PT\"},{\"@type\":\"Organization\",\"@id\":\"https:\\\/\\\/www.ghostysky.com\\\/#organization\",\"name\":\"Ghostysky\",\"url\":\"https:\\\/\\\/www.ghostysky.com\\\/\",\"logo\":{\"@type\":\"ImageObject\",\"inLanguage\":\"pt-PT\",\"@id\":\"https:\\\/\\\/www.ghostysky.com\\\/#\\\/schema\\\/logo\\\/image\\\/\",\"url\":\"https:\\\/\\\/www.ghostysky.com\\\/wp-content\\\/uploads\\\/2020\\\/06\\\/cropped-ghostyskylogo_text_white2.png\",\"contentUrl\":\"https:\\\/\\\/www.ghostysky.com\\\/wp-content\\\/uploads\\\/2020\\\/06\\\/cropped-ghostyskylogo_text_white2.png\",\"width\":169,\"height\":56,\"caption\":\"Ghostysky\"},\"image\":{\"@id\":\"https:\\\/\\\/www.ghostysky.com\\\/#\\\/schema\\\/logo\\\/image\\\/\"},\"sameAs\":[\"https:\\\/\\\/www.facebook.com\\\/people\\\/Ghostysky\\\/100057676170234\\\/\",\"https:\\\/\\\/x.com\\\/Gh0stysky\",\"https:\\\/\\\/www.linkedin.com\\\/company\\\/34739653\",\"https:\\\/\\\/www.instagram.com\\\/gh0stysky\"]}]}<\/script>\n<!-- \/ Yoast SEO plugin. -->","yoast_head_json":{"title":"Ufactory BIO Gripper G2 - Ghostysky","description":"A garra UFACTORY BIO Gripper G2 \u00e9 uma garra colaborativa avan\u00e7ada e flex\u00edvel, projetada especificamente para manipula\u00e7\u00e3o de l\u00edquidos e fluxos de trabalho de automa\u00e7\u00e3o laboratorial. Concebida para integra\u00e7\u00e3o perfeita com a s\u00e9rie de bra\u00e7os rob\u00f3ticos xArm da UFACTORY, esta garra oferece a precis\u00e3o, adaptabilidade e confiabilidade essenciais para ambientes de biotecnologia, farmac\u00eauticos e de pesquisa.","robots":{"index":"index","follow":"follow","max-snippet":"max-snippet:-1","max-image-preview":"max-image-preview:large","max-video-preview":"max-video-preview:-1"},"canonical":"https:\/\/www.ghostysky.com\/pt\/produto-2\/ufactory-bio-gripper-g2\/","og_locale":"pt_PT","og_type":"article","og_title":"Ufactory BIO Gripper G2 - Ghostysky","og_description":"The UFACTORY BIO Gripper G2 is an advanced, flexible collaborative gripper specifically engineered for liquid handling and lab automation workflows. Designed for seamless integration with UFACTORY's xArm series of robotic arms, this end-effector provides the precision, adaptability, and reliability essential for biotech, pharmaceutical, and research environments.","og_url":"https:\/\/www.ghostysky.com\/pt\/produto-2\/ufactory-bio-gripper-g2\/","og_site_name":"Ghostysky","article_publisher":"https:\/\/www.facebook.com\/people\/Ghostysky\/100057676170234\/","article_modified_time":"2025-11-06T07:46:20+00:00","og_image":[{"width":2084,"height":2084,"url":"https:\/\/www.ghostysky.com\/wp-content\/uploads\/2025\/11\/GH_BIO-Gripper-G2_.png","type":"image\/png"}],"twitter_card":"summary_large_image","twitter_site":"@Gh0stysky","twitter_misc":{"Tempo estimado de leitura":"2 minutos"},"schema":{"@context":"https:\/\/schema.org","@graph":[{"@type":"WebPage","@id":"https:\/\/www.ghostysky.com\/product\/ufactory-bio-gripper-g2\/","url":"https:\/\/www.ghostysky.com\/product\/ufactory-bio-gripper-g2\/","name":"Ufactory BIO Gripper G2 - Ghostysky","isPartOf":{"@id":"https:\/\/www.ghostysky.com\/#website"},"primaryImageOfPage":{"@id":"https:\/\/www.ghostysky.com\/product\/ufactory-bio-gripper-g2\/#primaryimage"},"image":{"@id":"https:\/\/www.ghostysky.com\/product\/ufactory-bio-gripper-g2\/#primaryimage"},"thumbnailUrl":"https:\/\/www.ghostysky.com\/wp-content\/uploads\/2025\/11\/GH_BIO-Gripper-G2_.png","datePublished":"2025-11-06T07:44:44+00:00","dateModified":"2025-11-06T07:46:20+00:00","description":"A garra UFACTORY BIO Gripper G2 \u00e9 uma garra colaborativa avan\u00e7ada e flex\u00edvel, projetada especificamente para manipula\u00e7\u00e3o de l\u00edquidos e fluxos de trabalho de automa\u00e7\u00e3o laboratorial. Concebida para integra\u00e7\u00e3o perfeita com a s\u00e9rie de bra\u00e7os rob\u00f3ticos xArm da UFACTORY, esta garra oferece a precis\u00e3o, adaptabilidade e confiabilidade essenciais para ambientes de biotecnologia, farmac\u00eauticos e de pesquisa.","breadcrumb":{"@id":"https:\/\/www.ghostysky.com\/product\/ufactory-bio-gripper-g2\/#breadcrumb"},"inLanguage":"pt-PT","potentialAction":[{"@type":"ReadAction","target":["https:\/\/www.ghostysky.com\/product\/ufactory-bio-gripper-g2\/"]}]},{"@type":"ImageObject","inLanguage":"pt-PT","@id":"https:\/\/www.ghostysky.com\/product\/ufactory-bio-gripper-g2\/#primaryimage","url":"https:\/\/www.ghostysky.com\/wp-content\/uploads\/2025\/11\/GH_BIO-Gripper-G2_.png","contentUrl":"https:\/\/www.ghostysky.com\/wp-content\/uploads\/2025\/11\/GH_BIO-Gripper-G2_.png","width":2084,"height":2084},{"@type":"BreadcrumbList","@id":"https:\/\/www.ghostysky.com\/product\/ufactory-bio-gripper-g2\/#breadcrumb","itemListElement":[{"@type":"ListItem","position":1,"name":"Home","item":"https:\/\/www.ghostysky.com\/"},{"@type":"ListItem","position":2,"name":"Shop","item":"https:\/\/www.ghostysky.com\/shop\/"},{"@type":"ListItem","position":3,"name":"Ufactory BIO Gripper G2"}]},{"@type":"WebSite","@id":"https:\/\/www.ghostysky.com\/#website","url":"https:\/\/www.ghostysky.com\/","name":"Ghostysky","description":"Fornecendo solu\u00e7\u00f5es profissionais em drones e rob\u00f3tica.","publisher":{"@id":"https:\/\/www.ghostysky.com\/#organization"},"potentialAction":[{"@type":"SearchAction","target":{"@type":"EntryPoint","urlTemplate":"https:\/\/www.ghostysky.com\/?s={search_term_string}"},"query-input":{"@type":"PropertyValueSpecification","valueRequired":true,"valueName":"search_term_string"}}],"inLanguage":"pt-PT"},{"@type":"Organization","@id":"https:\/\/www.ghostysky.com\/#organization","name":"Ghostysky","url":"https:\/\/www.ghostysky.com\/","logo":{"@type":"ImageObject","inLanguage":"pt-PT","@id":"https:\/\/www.ghostysky.com\/#\/schema\/logo\/image\/","url":"https:\/\/www.ghostysky.com\/wp-content\/uploads\/2020\/06\/cropped-ghostyskylogo_text_white2.png","contentUrl":"https:\/\/www.ghostysky.com\/wp-content\/uploads\/2020\/06\/cropped-ghostyskylogo_text_white2.png","width":169,"height":56,"caption":"Ghostysky"},"image":{"@id":"https:\/\/www.ghostysky.com\/#\/schema\/logo\/image\/"},"sameAs":["https:\/\/www.facebook.com\/people\/Ghostysky\/100057676170234\/","https:\/\/x.com\/Gh0stysky","https:\/\/www.linkedin.com\/company\/34739653","https:\/\/www.instagram.com\/gh0stysky"]}]}},"_links":{"self":[{"href":"https:\/\/www.ghostysky.com\/pt\/wp-json\/wp\/v2\/product\/22893","targetHints":{"allow":["GET"]}}],"collection":[{"href":"https:\/\/www.ghostysky.com\/pt\/wp-json\/wp\/v2\/product"}],"about":[{"href":"https:\/\/www.ghostysky.com\/pt\/wp-json\/wp\/v2\/types\/product"}],"replies":[{"embeddable":true,"href":"https:\/\/www.ghostysky.com\/pt\/wp-json\/wp\/v2\/comments?post=22893"}],"version-history":[{"count":0,"href":"https:\/\/www.ghostysky.com\/pt\/wp-json\/wp\/v2\/product\/22893\/revisions"}],"wp:featuredmedia":[{"embeddable":true,"href":"https:\/\/www.ghostysky.com\/pt\/wp-json\/wp\/v2\/media\/22897"}],"wp:attachment":[{"href":"https:\/\/www.ghostysky.com\/pt\/wp-json\/wp\/v2\/media?parent=22893"}],"wp:term":[{"taxonomy":"product_brand","embeddable":true,"href":"https:\/\/www.ghostysky.com\/pt\/wp-json\/wp\/v2\/product_brand?post=22893"},{"taxonomy":"product_cat","embeddable":true,"href":"https:\/\/www.ghostysky.com\/pt\/wp-json\/wp\/v2\/product_cat?post=22893"},{"taxonomy":"product_tag","embeddable":true,"href":"https:\/\/www.ghostysky.com\/pt\/wp-json\/wp\/v2\/product_tag?post=22893"}],"curies":[{"name":"wp","href":"https:\/\/api.w.org\/{rel}","templated":true}]}}