{"id":23024,"date":"2025-11-06T16:01:23","date_gmt":"2025-11-06T16:01:23","guid":{"rendered":"https:\/\/www.ghostysky.com\/?post_type=product&#038;p=23024"},"modified":"2025-11-06T16:45:49","modified_gmt":"2025-11-06T16:45:49","slug":"dji-om-7-series-tracking-kit","status":"publish","type":"product","link":"https:\/\/www.ghostysky.com\/pt\/product\/dji-om-7-series-tracking-kit\/","title":{"rendered":"Kit de rastreamento DJI OM S\u00e9rie 7"},"content":{"rendered":"<h4>Principais recursos e benef\u00edcios<\/h4>\n<ul>\n<li><b>M\u00f3dulo multifuncional OM:<\/b><span class=\"citation-30\"> O componente principal do kit, este m\u00f3dulo, conecta-se instantaneamente atrav\u00e9s de um <\/span><b><span class=\"citation-30\">design magn\u00e9tico<\/span><\/b><span class=\"citation-30 citation-end-30\"> Para montagem e desmontagem r\u00e1pidas.<\/span> \u00c9 o centro de comando que fornece as fun\u00e7\u00f5es avan\u00e7adas.<\/li>\n<li><b>Rastreamento Inteligente Nativo:<\/b><span class=\"citation-29 citation-end-29\"> Diferentemente do rastreamento gimbal, que depende exclusivamente da c\u00e2mera do telefone, o m\u00f3dulo possui sua pr\u00f3pria c\u00e2mera de rastreamento dedicada.<\/span> <span class=\"citation-28\">Isso permite <\/span><b><span class=\"citation-28\">ActiveTrack 7.0<\/span><\/b><span class=\"citation-28\"> ou rastreamento inteligente similar para funcionar <\/span><b><span class=\"citation-28\">com o aplicativo de c\u00e2mera nativo do seu telefone e a maioria dos aplicativos de v\u00eddeo de terceiros.<\/span><\/b><span class=\"citation-28 citation-end-28\"> (ex: Instagram, TikTok), proporcionando um acompanhamento suave e preciso do objeto sem ficar restrito ao aplicativo DJI Mimo.<\/span><\/li>\n<li><b><span class=\"citation-27\">Recep\u00e7\u00e3o de \u00e1udio integrada:<\/span><\/b><span class=\"citation-27\"> O m\u00f3dulo inclui um receptor sem fio que permite que voc\u00ea <\/span><b><span class=\"citation-27\">Conecte sem fio os transmissores DJI Mic Mini<\/span><\/b><span class=\"citation-27 citation-end-27\"> (vendido separadamente) diretamente para a configura\u00e7\u00e3o do gimbal.<\/span> <span class=\"citation-26 citation-end-26\">Isso simplifica o fluxo de trabalho, gravando \u00e1udio sem fio de alta qualidade diretamente no seu telefone atrav\u00e9s da conex\u00e3o USB-C do m\u00f3dulo.<\/span><\/li>\n<li><b>Luz de preenchimento integrada:<\/b><span class=\"citation-25\"> Melhore suas fotos em condi\u00e7\u00f5es de baixa luminosidade com o recurso integrado. <\/span><b><span class=\"citation-25\">luz de preenchimento LED ajust\u00e1vel<\/span><\/b><span class=\"citation-25 citation-end-25\">.<\/span>\n<ul>\n<li><b>Brilho ajust\u00e1vel<\/b><\/li>\n<li><b><span class=\"citation-24\">Temperatura de cor ajust\u00e1vel:<\/span><\/b><span class=\"citation-24 citation-end-24\"> Com temperaturas de cor que variam de 2500K (quente) a 6000K (fria), para se adequarem a diferentes ambientes e estados de esp\u00edrito.<\/span><\/li>\n<\/ul>\n<\/li>\n<li><b>Controle remoto por gestos:<\/b><span class=\"citation-23\"> Para criadores individuais, o m\u00f3dulo oferece suporte. <\/span><b><span class=\"citation-23\">controle por gestos<\/span><\/b><span class=\"citation-23 citation-end-23\">, permitindo iniciar\/parar o rastreamento ou acionar contagens regressivas de fotos\/v\u00eddeos com gestos simples das m\u00e3os, eliminando a necessidade de tocar fisicamente no telefone ou no gimbal.<\/span><\/li>\n<li><b>Carregamento de celular integrado:<\/b><span class=\"citation-22\"> A porta USB-C do m\u00f3dulo permite que voc\u00ea <\/span><b><span class=\"citation-22\">carregue seu smartphone<\/span><\/b><span class=\"citation-22 citation-end-22\"> Durante as filmagens (utilizando a bateria do gimbal), voc\u00ea garante que nunca fique sem energia durante grava\u00e7\u00f5es longas.<\/span>\n<div class=\"source-inline-chip-container ng-star-inserted\"><\/div>\n<\/li>\n<\/ul>\n<h4>O que tem na caixa?<\/h4>\n<ul>\n<li><span class=\"citation-21 citation-end-21\">1\u00d7 M\u00f3dulo Multifuncional DJI OM<\/span><\/li>\n<li><span class=\"citation-20 citation-end-20\">1\u00d7 Suporte Magn\u00e9tico para Celular DJI OM S\u00e9rie 7<\/span><\/li>\n<li><span class=\"citation-19 citation-end-19\">1\u00d7 Cabo para carregar o celular\/gravar \u00e1udio (USB-C para USB-C, 15 cm)<\/span>\n<div class=\"source-inline-chip-container ng-star-inserted\"><\/div>\n<\/li>\n<\/ul>\n<h4>Compatibilidade<\/h4>\n<ul>\n<li><span class=\"citation-18 citation-end-18\">DJI Osmo Mobile 7P<\/span><\/li>\n<li><span class=\"citation-17 citation-end-17\">DJI Osmo Mobile 7<\/span><\/li>\n<\/ul>","protected":false},"excerpt":{"rendered":"<p><span class=\"citation-32 citation-end-32\">O Kit de Rastreamento DJI OM S\u00e9rie 7 \u00e9 o pacote de acess\u00f3rios essencial para criadores de conte\u00fado e vloggers que trabalham sozinhos e usam o gimbal DJI Osmo Mobile 7 ou 7P.<\/span> <span class=\"citation-31\">Ele integra perfeitamente um novo n\u00edvel de intelig\u00eancia e versatilidade ao desbloquear <\/span><b><span class=\"citation-31\">Rastreamento nativo de assunto, recep\u00e7\u00e3o de \u00e1udio profissional e ilumina\u00e7\u00e3o dedicada.<\/span><\/b><span class=\"citation-31 citation-end-31\"> capacidades.<\/span><\/p>","protected":false},"featured_media":23027,"comment_status":"open","ping_status":"closed","template":"","meta":[],"product_brand":[1031],"product_cat":[37,1274,29,1272],"product_tag":[747,42,1275],"class_list":{"0":"post-23024","1":"product","2":"type-product","3":"status-publish","4":"has-post-thumbnail","6":"product_brand-dji","7":"product_cat-dji","8":"product_cat-dji-osmo-mobile-8-accessories","9":"product_cat-drones","10":"product_cat-handled","11":"product_tag-accessories","12":"product_tag-dji","13":"product_tag-dji-osmo-mobile-8","15":"first","16":"onbackorder","17":"taxable","18":"shipping-taxable","19":"purchasable","20":"product-type-simple"},"yoast_head":"<!-- This site is optimized with the Yoast SEO plugin v27.4 - https:\/\/yoast.com\/product\/yoast-seo-wordpress\/ -->\n<title>DJI OM 7 Series Tracking Kit - Ghostysky<\/title>\n<meta name=\"description\" content=\"The DJI OM 7 Series Tracking Kit is the essential accessory bundle for solo content creators and vloggers using the DJI Osmo Mobile 7 or 7P gimbal. It seamlessly integrates a new level of intelligence and versatility by unlocking native subject tracking, professional audio reception, and dedicated lighting capabilities.\" \/>\n<meta name=\"robots\" content=\"index, follow, max-snippet:-1, max-image-preview:large, max-video-preview:-1\" \/>\n<link rel=\"canonical\" href=\"https:\/\/www.ghostysky.com\/pt\/produto-2\/dji-om-7-series-tracking-kit\/\" \/>\n<meta property=\"og:locale\" content=\"pt_PT\" \/>\n<meta property=\"og:type\" content=\"article\" \/>\n<meta property=\"og:title\" content=\"DJI OM 7 Series Tracking Kit - Ghostysky\" \/>\n<meta property=\"og:description\" content=\"The DJI OM 7 Series Tracking Kit is the essential accessory bundle for solo content creators and vloggers using the DJI Osmo Mobile 7 or 7P gimbal. It seamlessly integrates a new level of intelligence and versatility by unlocking native subject tracking, professional audio reception, and dedicated lighting capabilities.\" \/>\n<meta property=\"og:url\" content=\"https:\/\/www.ghostysky.com\/pt\/produto-2\/dji-om-7-series-tracking-kit\/\" \/>\n<meta property=\"og:site_name\" content=\"Ghostysky\" \/>\n<meta property=\"article:publisher\" content=\"https:\/\/www.facebook.com\/people\/Ghostysky\/100057676170234\/\" \/>\n<meta property=\"article:modified_time\" content=\"2025-11-06T16:45:49+00:00\" \/>\n<meta property=\"og:image\" content=\"https:\/\/www.ghostysky.com\/wp-content\/uploads\/2025\/11\/GH_DJI_-OM-7-Series-Tracking-Kit_1.jpg\" \/>\n\t<meta property=\"og:image:width\" content=\"800\" \/>\n\t<meta property=\"og:image:height\" content=\"800\" \/>\n\t<meta property=\"og:image:type\" content=\"image\/jpeg\" \/>\n<meta name=\"twitter:card\" content=\"summary_large_image\" \/>\n<meta name=\"twitter:site\" content=\"@Gh0stysky\" \/>\n<meta name=\"twitter:label1\" content=\"Tempo estimado de leitura\" \/>\n\t<meta name=\"twitter:data1\" content=\"2 minutos\" \/>\n<script type=\"application\/ld+json\" class=\"yoast-schema-graph\">{\"@context\":\"https:\\\/\\\/schema.org\",\"@graph\":[{\"@type\":\"WebPage\",\"@id\":\"https:\\\/\\\/www.ghostysky.com\\\/product\\\/dji-om-7-series-tracking-kit\\\/\",\"url\":\"https:\\\/\\\/www.ghostysky.com\\\/product\\\/dji-om-7-series-tracking-kit\\\/\",\"name\":\"DJI OM 7 Series Tracking Kit - Ghostysky\",\"isPartOf\":{\"@id\":\"https:\\\/\\\/www.ghostysky.com\\\/#website\"},\"primaryImageOfPage\":{\"@id\":\"https:\\\/\\\/www.ghostysky.com\\\/product\\\/dji-om-7-series-tracking-kit\\\/#primaryimage\"},\"image\":{\"@id\":\"https:\\\/\\\/www.ghostysky.com\\\/product\\\/dji-om-7-series-tracking-kit\\\/#primaryimage\"},\"thumbnailUrl\":\"https:\\\/\\\/www.ghostysky.com\\\/wp-content\\\/uploads\\\/2025\\\/11\\\/GH_DJI_-OM-7-Series-Tracking-Kit_1.jpg\",\"datePublished\":\"2025-11-06T16:01:23+00:00\",\"dateModified\":\"2025-11-06T16:45:49+00:00\",\"description\":\"The DJI OM 7 Series Tracking Kit is the essential accessory bundle for solo content creators and vloggers using the DJI Osmo Mobile 7 or 7P gimbal. It seamlessly integrates a new level of intelligence and versatility by unlocking native subject tracking, professional audio reception, and dedicated lighting capabilities.\",\"breadcrumb\":{\"@id\":\"https:\\\/\\\/www.ghostysky.com\\\/product\\\/dji-om-7-series-tracking-kit\\\/#breadcrumb\"},\"inLanguage\":\"pt-PT\",\"potentialAction\":[{\"@type\":\"ReadAction\",\"target\":[\"https:\\\/\\\/www.ghostysky.com\\\/product\\\/dji-om-7-series-tracking-kit\\\/\"]}]},{\"@type\":\"ImageObject\",\"inLanguage\":\"pt-PT\",\"@id\":\"https:\\\/\\\/www.ghostysky.com\\\/product\\\/dji-om-7-series-tracking-kit\\\/#primaryimage\",\"url\":\"https:\\\/\\\/www.ghostysky.com\\\/wp-content\\\/uploads\\\/2025\\\/11\\\/GH_DJI_-OM-7-Series-Tracking-Kit_1.jpg\",\"contentUrl\":\"https:\\\/\\\/www.ghostysky.com\\\/wp-content\\\/uploads\\\/2025\\\/11\\\/GH_DJI_-OM-7-Series-Tracking-Kit_1.jpg\",\"width\":800,\"height\":800},{\"@type\":\"BreadcrumbList\",\"@id\":\"https:\\\/\\\/www.ghostysky.com\\\/product\\\/dji-om-7-series-tracking-kit\\\/#breadcrumb\",\"itemListElement\":[{\"@type\":\"ListItem\",\"position\":1,\"name\":\"Home\",\"item\":\"https:\\\/\\\/www.ghostysky.com\\\/\"},{\"@type\":\"ListItem\",\"position\":2,\"name\":\"Shop\",\"item\":\"https:\\\/\\\/www.ghostysky.com\\\/shop\\\/\"},{\"@type\":\"ListItem\",\"position\":3,\"name\":\"DJI OM 7 Series Tracking Kit\"}]},{\"@type\":\"WebSite\",\"@id\":\"https:\\\/\\\/www.ghostysky.com\\\/#website\",\"url\":\"https:\\\/\\\/www.ghostysky.com\\\/\",\"name\":\"Ghostysky\",\"description\":\"Delivering professional drones and services\",\"publisher\":{\"@id\":\"https:\\\/\\\/www.ghostysky.com\\\/#organization\"},\"potentialAction\":[{\"@type\":\"SearchAction\",\"target\":{\"@type\":\"EntryPoint\",\"urlTemplate\":\"https:\\\/\\\/www.ghostysky.com\\\/?s={search_term_string}\"},\"query-input\":{\"@type\":\"PropertyValueSpecification\",\"valueRequired\":true,\"valueName\":\"search_term_string\"}}],\"inLanguage\":\"pt-PT\"},{\"@type\":\"Organization\",\"@id\":\"https:\\\/\\\/www.ghostysky.com\\\/#organization\",\"name\":\"Ghostysky\",\"url\":\"https:\\\/\\\/www.ghostysky.com\\\/\",\"logo\":{\"@type\":\"ImageObject\",\"inLanguage\":\"pt-PT\",\"@id\":\"https:\\\/\\\/www.ghostysky.com\\\/#\\\/schema\\\/logo\\\/image\\\/\",\"url\":\"https:\\\/\\\/www.ghostysky.com\\\/wp-content\\\/uploads\\\/2020\\\/06\\\/cropped-ghostyskylogo_text_white2.png\",\"contentUrl\":\"https:\\\/\\\/www.ghostysky.com\\\/wp-content\\\/uploads\\\/2020\\\/06\\\/cropped-ghostyskylogo_text_white2.png\",\"width\":169,\"height\":56,\"caption\":\"Ghostysky\"},\"image\":{\"@id\":\"https:\\\/\\\/www.ghostysky.com\\\/#\\\/schema\\\/logo\\\/image\\\/\"},\"sameAs\":[\"https:\\\/\\\/www.facebook.com\\\/people\\\/Ghostysky\\\/100057676170234\\\/\",\"https:\\\/\\\/x.com\\\/Gh0stysky\",\"https:\\\/\\\/www.linkedin.com\\\/company\\\/34739653\",\"https:\\\/\\\/www.instagram.com\\\/gh0stysky\"]}]}<\/script>\n<!-- \/ Yoast SEO plugin. -->","yoast_head_json":{"title":"Kit de rastreamento DJI OM 7 Series - Ghostysky","description":"O Kit de Rastreamento DJI OM 7 Series \u00e9 o pacote de acess\u00f3rios essencial para criadores de conte\u00fado e vloggers que usam o gimbal DJI Osmo Mobile 7 ou 7P. Ele integra perfeitamente um novo n\u00edvel de intelig\u00eancia e versatilidade, desbloqueando rastreamento nativo de objetos, recep\u00e7\u00e3o de \u00e1udio profissional e recursos dedicados de ilumina\u00e7\u00e3o.","robots":{"index":"index","follow":"follow","max-snippet":"max-snippet:-1","max-image-preview":"max-image-preview:large","max-video-preview":"max-video-preview:-1"},"canonical":"https:\/\/www.ghostysky.com\/pt\/produto-2\/dji-om-7-series-tracking-kit\/","og_locale":"pt_PT","og_type":"article","og_title":"DJI OM 7 Series Tracking Kit - Ghostysky","og_description":"The DJI OM 7 Series Tracking Kit is the essential accessory bundle for solo content creators and vloggers using the DJI Osmo Mobile 7 or 7P gimbal. It seamlessly integrates a new level of intelligence and versatility by unlocking native subject tracking, professional audio reception, and dedicated lighting capabilities.","og_url":"https:\/\/www.ghostysky.com\/pt\/produto-2\/dji-om-7-series-tracking-kit\/","og_site_name":"Ghostysky","article_publisher":"https:\/\/www.facebook.com\/people\/Ghostysky\/100057676170234\/","article_modified_time":"2025-11-06T16:45:49+00:00","og_image":[{"width":800,"height":800,"url":"https:\/\/www.ghostysky.com\/wp-content\/uploads\/2025\/11\/GH_DJI_-OM-7-Series-Tracking-Kit_1.jpg","type":"image\/jpeg"}],"twitter_card":"summary_large_image","twitter_site":"@Gh0stysky","twitter_misc":{"Tempo estimado de leitura":"2 minutos"},"schema":{"@context":"https:\/\/schema.org","@graph":[{"@type":"WebPage","@id":"https:\/\/www.ghostysky.com\/product\/dji-om-7-series-tracking-kit\/","url":"https:\/\/www.ghostysky.com\/product\/dji-om-7-series-tracking-kit\/","name":"Kit de rastreamento DJI OM 7 Series - Ghostysky","isPartOf":{"@id":"https:\/\/www.ghostysky.com\/#website"},"primaryImageOfPage":{"@id":"https:\/\/www.ghostysky.com\/product\/dji-om-7-series-tracking-kit\/#primaryimage"},"image":{"@id":"https:\/\/www.ghostysky.com\/product\/dji-om-7-series-tracking-kit\/#primaryimage"},"thumbnailUrl":"https:\/\/www.ghostysky.com\/wp-content\/uploads\/2025\/11\/GH_DJI_-OM-7-Series-Tracking-Kit_1.jpg","datePublished":"2025-11-06T16:01:23+00:00","dateModified":"2025-11-06T16:45:49+00:00","description":"O Kit de Rastreamento DJI OM 7 Series \u00e9 o pacote de acess\u00f3rios essencial para criadores de conte\u00fado e vloggers que usam o gimbal DJI Osmo Mobile 7 ou 7P. Ele integra perfeitamente um novo n\u00edvel de intelig\u00eancia e versatilidade, desbloqueando rastreamento nativo de objetos, recep\u00e7\u00e3o de \u00e1udio profissional e recursos dedicados de ilumina\u00e7\u00e3o.","breadcrumb":{"@id":"https:\/\/www.ghostysky.com\/product\/dji-om-7-series-tracking-kit\/#breadcrumb"},"inLanguage":"pt-PT","potentialAction":[{"@type":"ReadAction","target":["https:\/\/www.ghostysky.com\/product\/dji-om-7-series-tracking-kit\/"]}]},{"@type":"ImageObject","inLanguage":"pt-PT","@id":"https:\/\/www.ghostysky.com\/product\/dji-om-7-series-tracking-kit\/#primaryimage","url":"https:\/\/www.ghostysky.com\/wp-content\/uploads\/2025\/11\/GH_DJI_-OM-7-Series-Tracking-Kit_1.jpg","contentUrl":"https:\/\/www.ghostysky.com\/wp-content\/uploads\/2025\/11\/GH_DJI_-OM-7-Series-Tracking-Kit_1.jpg","width":800,"height":800},{"@type":"BreadcrumbList","@id":"https:\/\/www.ghostysky.com\/product\/dji-om-7-series-tracking-kit\/#breadcrumb","itemListElement":[{"@type":"ListItem","position":1,"name":"Home","item":"https:\/\/www.ghostysky.com\/"},{"@type":"ListItem","position":2,"name":"Shop","item":"https:\/\/www.ghostysky.com\/shop\/"},{"@type":"ListItem","position":3,"name":"DJI OM 7 Series Tracking Kit"}]},{"@type":"WebSite","@id":"https:\/\/www.ghostysky.com\/#website","url":"https:\/\/www.ghostysky.com\/","name":"Ghostysky","description":"Fornecendo drones e servi\u00e7os profissionais","publisher":{"@id":"https:\/\/www.ghostysky.com\/#organization"},"potentialAction":[{"@type":"SearchAction","target":{"@type":"EntryPoint","urlTemplate":"https:\/\/www.ghostysky.com\/?s={search_term_string}"},"query-input":{"@type":"PropertyValueSpecification","valueRequired":true,"valueName":"search_term_string"}}],"inLanguage":"pt-PT"},{"@type":"Organization","@id":"https:\/\/www.ghostysky.com\/#organization","name":"Ghostysky","url":"https:\/\/www.ghostysky.com\/","logo":{"@type":"ImageObject","inLanguage":"pt-PT","@id":"https:\/\/www.ghostysky.com\/#\/schema\/logo\/image\/","url":"https:\/\/www.ghostysky.com\/wp-content\/uploads\/2020\/06\/cropped-ghostyskylogo_text_white2.png","contentUrl":"https:\/\/www.ghostysky.com\/wp-content\/uploads\/2020\/06\/cropped-ghostyskylogo_text_white2.png","width":169,"height":56,"caption":"Ghostysky"},"image":{"@id":"https:\/\/www.ghostysky.com\/#\/schema\/logo\/image\/"},"sameAs":["https:\/\/www.facebook.com\/people\/Ghostysky\/100057676170234\/","https:\/\/x.com\/Gh0stysky","https:\/\/www.linkedin.com\/company\/34739653","https:\/\/www.instagram.com\/gh0stysky"]}]}},"_links":{"self":[{"href":"https:\/\/www.ghostysky.com\/pt\/wp-json\/wp\/v2\/product\/23024","targetHints":{"allow":["GET"]}}],"collection":[{"href":"https:\/\/www.ghostysky.com\/pt\/wp-json\/wp\/v2\/product"}],"about":[{"href":"https:\/\/www.ghostysky.com\/pt\/wp-json\/wp\/v2\/types\/product"}],"replies":[{"embeddable":true,"href":"https:\/\/www.ghostysky.com\/pt\/wp-json\/wp\/v2\/comments?post=23024"}],"version-history":[{"count":0,"href":"https:\/\/www.ghostysky.com\/pt\/wp-json\/wp\/v2\/product\/23024\/revisions"}],"wp:featuredmedia":[{"embeddable":true,"href":"https:\/\/www.ghostysky.com\/pt\/wp-json\/wp\/v2\/media\/23027"}],"wp:attachment":[{"href":"https:\/\/www.ghostysky.com\/pt\/wp-json\/wp\/v2\/media?parent=23024"}],"wp:term":[{"taxonomy":"product_brand","embeddable":true,"href":"https:\/\/www.ghostysky.com\/pt\/wp-json\/wp\/v2\/product_brand?post=23024"},{"taxonomy":"product_cat","embeddable":true,"href":"https:\/\/www.ghostysky.com\/pt\/wp-json\/wp\/v2\/product_cat?post=23024"},{"taxonomy":"product_tag","embeddable":true,"href":"https:\/\/www.ghostysky.com\/pt\/wp-json\/wp\/v2\/product_tag?post=23024"}],"curies":[{"name":"wp","href":"https:\/\/api.w.org\/{rel}","templated":true}]}}