{"id":23044,"date":"2025-11-06T16:53:14","date_gmt":"2025-11-06T16:53:14","guid":{"rendered":"https:\/\/www.ghostysky.com\/?post_type=product&#038;p=23044"},"modified":"2025-11-06T16:53:58","modified_gmt":"2025-11-06T16:53:58","slug":"dji-om-7-series-magnetic-phone-clamp","status":"publish","type":"product","link":"https:\/\/www.ghostysky.com\/pt\/product\/dji-om-7-series-magnetic-phone-clamp\/","title":{"rendered":"Suporte magn\u00e9tico para celular da s\u00e9rie DJI OM 7"},"content":{"rendered":"<h4>Caracter\u00edsticas principais<\/h4>\n<ul>\n<li><b>Fixa\u00e7\u00e3o magn\u00e9tica instant\u00e2nea:<\/b><span class=\"citation-48 citation-end-48\"> Utilize o design de libera\u00e7\u00e3o r\u00e1pida magn\u00e9tica exclusivo da DJI.<sup class=\"superscript\" data-turn-source-index=\"2\">2<\/sup><\/span> <span class=\"citation-47\">A bra\u00e7adeira instantaneamente <\/span><b><span class=\"citation-47\">encaixa no gimbal<\/span><\/b><span class=\"citation-47 citation-end-47\"> e segura seu telefone com seguran\u00e7a, permitindo que voc\u00ea comece a fotografar em segundos, sem parafusos ou ajustes complicados.<\/span><\/li>\n<li><b><span class=\"citation-46\">Design fino e leve:<\/span><\/b><span class=\"citation-46\"> Pesando aproximadamente <\/span><b><span class=\"citation-46\">26 g<\/span><\/b><span class=\"citation-46 citation-end-46\">A presilha adiciona um volume m\u00ednimo ao seu telefone, mantendo a portabilidade e a facilidade de manuseio do gimbal.<\/span><\/li>\n<li><b>Otimizado para o M\u00f3dulo Multifuncional OM:<\/b><span class=\"citation-45 citation-end-45\"> Esta bra\u00e7adeira foi projetada especificamente para funcionar perfeitamente com o M\u00f3dulo Multifuncional DJI OM (dispon\u00edvel no OM 7P), garantindo uma conex\u00e3o perfeita para habilitar recursos inteligentes, como rastreamento aprimorado e funcionalidade de luz de preenchimento.<\/span><\/li>\n<li><b><span class=\"citation-44\">Ader\u00eancia segura e confi\u00e1vel:<\/span><\/b><span class=\"citation-44\"> Apesar de sua natureza de libera\u00e7\u00e3o r\u00e1pida, a conex\u00e3o magn\u00e9tica proporciona uma <\/span><b><span class=\"citation-44\">firmeza e seguran\u00e7a<\/span><\/b><span class=\"citation-44 citation-end-44\"> no seu smartphone, proporcionando tranquilidade durante movimentos din\u00e2micos.<\/span><\/li>\n<li><b><span class=\"citation-43\">Compatibilidade universal com telefones:<\/span><\/b><span class=\"citation-43\"> Projetado para acomodar uma ampla gama de smartphones, o suporte \u00e9 compat\u00edvel com telefones de diversos tamanhos. <\/span><b><span class=\"citation-43\">largura entre 67-84 mm<\/span><\/b><span class=\"citation-43\"> e um <\/span><b><span class=\"citation-43\">espessura entre 6,9-10 mm<\/span><\/b><span class=\"citation-43 citation-end-43\">.<\/span><\/li>\n<\/ul>\n<p>&nbsp;<\/p>\n<h4>Resumo das especifica\u00e7\u00f5es<\/h4>\n<table>\n<thead>\n<tr>\n<td><strong>Especifica\u00e7\u00f5es<\/strong><\/td>\n<td><strong>Detalhe<\/strong><\/td>\n<\/tr>\n<\/thead>\n<tbody>\n<tr>\n<td><b>Peso<\/b><\/td>\n<td>Aproximadamente 26 g<\/td>\n<\/tr>\n<tr>\n<td><b>Largura do telefone compat\u00edvel<\/b><\/td>\n<td>67-84 mm<\/td>\n<\/tr>\n<tr>\n<td><b>Espessura do telefone compat\u00edvel<\/b><\/td>\n<td>6,9-10 mm<\/td>\n<\/tr>\n<tr>\n<td><b>Peso do telefone compat\u00edvel<\/b><\/td>\n<td>170-300 g<\/td>\n<\/tr>\n<tr>\n<td><b>Compatibilidade<\/b><\/td>\n<td>Osmo Mobile 7P, Osmo Mobile 7<\/td>\n<\/tr>\n<\/tbody>\n<\/table>\n<hr \/>\n<p><b><span class=\"citation-42 citation-end-42\">Aprimore suas filmagens com dispositivos m\u00f3veis com o suporte magn\u00e9tico para celular da s\u00e9rie DJI OM 7 \u2014 a maneira inteligente de conectar e criar.<\/span><\/b><\/p>","protected":false},"excerpt":{"rendered":"<p><span class=\"citation-49\">O <\/span><b><span class=\"citation-49\">Suporte magn\u00e9tico para celular da s\u00e9rie DJI OM 7<\/span><\/b><span class=\"citation-49 citation-end-49\"> \u00e9 o acess\u00f3rio essencial projetado para conectar seu smartphone ao gimbal Osmo Mobile s\u00e9rie 7, transformando o processo de configura\u00e7\u00e3o em uma experi\u00eancia instant\u00e2nea e descomplicada.<\/span><\/p>\n<div class=\"source-inline-chip-container ng-star-inserted\"><\/div>\n<p>&nbsp;<\/p>\n<h3><\/h3>","protected":false},"featured_media":23048,"comment_status":"open","ping_status":"closed","template":"","meta":[],"product_brand":[1031],"product_cat":[37,1274,1272],"product_tag":[42,1278],"class_list":{"0":"post-23044","1":"product","2":"type-product","3":"status-publish","4":"has-post-thumbnail","6":"product_brand-dji","7":"product_cat-dji","8":"product_cat-dji-osmo-mobile-8-accessories","9":"product_cat-handled","10":"product_tag-dji","11":"product_tag-dji-osmo-mobile-8-accessories","13":"first","14":"onbackorder","15":"taxable","16":"shipping-taxable","17":"purchasable","18":"product-type-simple"},"yoast_head":"<!-- This site is optimized with the Yoast SEO plugin v27.4 - https:\/\/yoast.com\/product\/yoast-seo-wordpress\/ -->\n<title>DJI OM 7 Series Magnetic Phone Clamp - Ghostysky<\/title>\n<meta name=\"description\" content=\"The DJI OM 7 Series Magnetic Phone Clamp is the essential accessory designed to bridge your smartphone and your Osmo Mobile 7 series gimbal, transforming your setup process into an instant, hassle-free experience.\" \/>\n<meta name=\"robots\" content=\"index, follow, max-snippet:-1, max-image-preview:large, max-video-preview:-1\" \/>\n<link rel=\"canonical\" href=\"https:\/\/www.ghostysky.com\/pt\/produto-2\/dji-om-7-series-magnetic-phone-clamp\/\" \/>\n<meta property=\"og:locale\" content=\"pt_PT\" \/>\n<meta property=\"og:type\" content=\"article\" \/>\n<meta property=\"og:title\" content=\"DJI OM 7 Series Magnetic Phone Clamp - Ghostysky\" \/>\n<meta property=\"og:description\" content=\"The DJI OM 7 Series Magnetic Phone Clamp is the essential accessory designed to bridge your smartphone and your Osmo Mobile 7 series gimbal, transforming your setup process into an instant, hassle-free experience.\" \/>\n<meta property=\"og:url\" content=\"https:\/\/www.ghostysky.com\/pt\/produto-2\/dji-om-7-series-magnetic-phone-clamp\/\" \/>\n<meta property=\"og:site_name\" content=\"Ghostysky\" \/>\n<meta property=\"article:publisher\" content=\"https:\/\/www.facebook.com\/people\/Ghostysky\/100057676170234\/\" \/>\n<meta property=\"article:modified_time\" content=\"2025-11-06T16:53:58+00:00\" \/>\n<meta property=\"og:image\" content=\"https:\/\/www.ghostysky.com\/wp-content\/uploads\/2025\/11\/GH_DJI-OM-7-Series-Magnetic-Phone-Clamp_1.jpg\" \/>\n\t<meta property=\"og:image:width\" content=\"800\" \/>\n\t<meta property=\"og:image:height\" content=\"800\" \/>\n\t<meta property=\"og:image:type\" content=\"image\/jpeg\" \/>\n<meta name=\"twitter:card\" content=\"summary_large_image\" \/>\n<meta name=\"twitter:site\" content=\"@Gh0stysky\" \/>\n<meta name=\"twitter:label1\" content=\"Tempo estimado de leitura\" \/>\n\t<meta name=\"twitter:data1\" content=\"2 minutos\" \/>\n<script type=\"application\/ld+json\" class=\"yoast-schema-graph\">{\"@context\":\"https:\\\/\\\/schema.org\",\"@graph\":[{\"@type\":\"WebPage\",\"@id\":\"https:\\\/\\\/www.ghostysky.com\\\/product\\\/dji-om-7-series-magnetic-phone-clamp\\\/\",\"url\":\"https:\\\/\\\/www.ghostysky.com\\\/product\\\/dji-om-7-series-magnetic-phone-clamp\\\/\",\"name\":\"DJI OM 7 Series Magnetic Phone Clamp - Ghostysky\",\"isPartOf\":{\"@id\":\"https:\\\/\\\/www.ghostysky.com\\\/#website\"},\"primaryImageOfPage\":{\"@id\":\"https:\\\/\\\/www.ghostysky.com\\\/product\\\/dji-om-7-series-magnetic-phone-clamp\\\/#primaryimage\"},\"image\":{\"@id\":\"https:\\\/\\\/www.ghostysky.com\\\/product\\\/dji-om-7-series-magnetic-phone-clamp\\\/#primaryimage\"},\"thumbnailUrl\":\"https:\\\/\\\/www.ghostysky.com\\\/wp-content\\\/uploads\\\/2025\\\/11\\\/GH_DJI-OM-7-Series-Magnetic-Phone-Clamp_1.jpg\",\"datePublished\":\"2025-11-06T16:53:14+00:00\",\"dateModified\":\"2025-11-06T16:53:58+00:00\",\"description\":\"The DJI OM 7 Series Magnetic Phone Clamp is the essential accessory designed to bridge your smartphone and your Osmo Mobile 7 series gimbal, transforming your setup process into an instant, hassle-free experience.\",\"breadcrumb\":{\"@id\":\"https:\\\/\\\/www.ghostysky.com\\\/product\\\/dji-om-7-series-magnetic-phone-clamp\\\/#breadcrumb\"},\"inLanguage\":\"pt-PT\",\"potentialAction\":[{\"@type\":\"ReadAction\",\"target\":[\"https:\\\/\\\/www.ghostysky.com\\\/product\\\/dji-om-7-series-magnetic-phone-clamp\\\/\"]}]},{\"@type\":\"ImageObject\",\"inLanguage\":\"pt-PT\",\"@id\":\"https:\\\/\\\/www.ghostysky.com\\\/product\\\/dji-om-7-series-magnetic-phone-clamp\\\/#primaryimage\",\"url\":\"https:\\\/\\\/www.ghostysky.com\\\/wp-content\\\/uploads\\\/2025\\\/11\\\/GH_DJI-OM-7-Series-Magnetic-Phone-Clamp_1.jpg\",\"contentUrl\":\"https:\\\/\\\/www.ghostysky.com\\\/wp-content\\\/uploads\\\/2025\\\/11\\\/GH_DJI-OM-7-Series-Magnetic-Phone-Clamp_1.jpg\",\"width\":800,\"height\":800},{\"@type\":\"BreadcrumbList\",\"@id\":\"https:\\\/\\\/www.ghostysky.com\\\/product\\\/dji-om-7-series-magnetic-phone-clamp\\\/#breadcrumb\",\"itemListElement\":[{\"@type\":\"ListItem\",\"position\":1,\"name\":\"Home\",\"item\":\"https:\\\/\\\/www.ghostysky.com\\\/\"},{\"@type\":\"ListItem\",\"position\":2,\"name\":\"Shop\",\"item\":\"https:\\\/\\\/www.ghostysky.com\\\/shop\\\/\"},{\"@type\":\"ListItem\",\"position\":3,\"name\":\"DJI OM 7 Series Magnetic Phone Clamp\"}]},{\"@type\":\"WebSite\",\"@id\":\"https:\\\/\\\/www.ghostysky.com\\\/#website\",\"url\":\"https:\\\/\\\/www.ghostysky.com\\\/\",\"name\":\"Ghostysky\",\"description\":\"Delivering professional drones and robotics solutions\",\"publisher\":{\"@id\":\"https:\\\/\\\/www.ghostysky.com\\\/#organization\"},\"potentialAction\":[{\"@type\":\"SearchAction\",\"target\":{\"@type\":\"EntryPoint\",\"urlTemplate\":\"https:\\\/\\\/www.ghostysky.com\\\/?s={search_term_string}\"},\"query-input\":{\"@type\":\"PropertyValueSpecification\",\"valueRequired\":true,\"valueName\":\"search_term_string\"}}],\"inLanguage\":\"pt-PT\"},{\"@type\":\"Organization\",\"@id\":\"https:\\\/\\\/www.ghostysky.com\\\/#organization\",\"name\":\"Ghostysky\",\"url\":\"https:\\\/\\\/www.ghostysky.com\\\/\",\"logo\":{\"@type\":\"ImageObject\",\"inLanguage\":\"pt-PT\",\"@id\":\"https:\\\/\\\/www.ghostysky.com\\\/#\\\/schema\\\/logo\\\/image\\\/\",\"url\":\"https:\\\/\\\/www.ghostysky.com\\\/wp-content\\\/uploads\\\/2020\\\/06\\\/cropped-ghostyskylogo_text_white2.png\",\"contentUrl\":\"https:\\\/\\\/www.ghostysky.com\\\/wp-content\\\/uploads\\\/2020\\\/06\\\/cropped-ghostyskylogo_text_white2.png\",\"width\":169,\"height\":56,\"caption\":\"Ghostysky\"},\"image\":{\"@id\":\"https:\\\/\\\/www.ghostysky.com\\\/#\\\/schema\\\/logo\\\/image\\\/\"},\"sameAs\":[\"https:\\\/\\\/www.facebook.com\\\/people\\\/Ghostysky\\\/100057676170234\\\/\",\"https:\\\/\\\/x.com\\\/Gh0stysky\",\"https:\\\/\\\/www.linkedin.com\\\/company\\\/34739653\",\"https:\\\/\\\/www.instagram.com\\\/gh0stysky\"]}]}<\/script>\n<!-- \/ Yoast SEO plugin. -->","yoast_head_json":{"title":"Suporte magn\u00e9tico para celular DJI OM 7 Series - Ghostysky","description":"O suporte magn\u00e9tico para celular DJI OM 7 Series \u00e9 o acess\u00f3rio essencial projetado para conectar seu smartphone ao gimbal Osmo Mobile 7 Series, transformando o processo de configura\u00e7\u00e3o em uma experi\u00eancia instant\u00e2nea e descomplicada.","robots":{"index":"index","follow":"follow","max-snippet":"max-snippet:-1","max-image-preview":"max-image-preview:large","max-video-preview":"max-video-preview:-1"},"canonical":"https:\/\/www.ghostysky.com\/pt\/produto-2\/dji-om-7-series-magnetic-phone-clamp\/","og_locale":"pt_PT","og_type":"article","og_title":"DJI OM 7 Series Magnetic Phone Clamp - Ghostysky","og_description":"The DJI OM 7 Series Magnetic Phone Clamp is the essential accessory designed to bridge your smartphone and your Osmo Mobile 7 series gimbal, transforming your setup process into an instant, hassle-free experience.","og_url":"https:\/\/www.ghostysky.com\/pt\/produto-2\/dji-om-7-series-magnetic-phone-clamp\/","og_site_name":"Ghostysky","article_publisher":"https:\/\/www.facebook.com\/people\/Ghostysky\/100057676170234\/","article_modified_time":"2025-11-06T16:53:58+00:00","og_image":[{"width":800,"height":800,"url":"https:\/\/www.ghostysky.com\/wp-content\/uploads\/2025\/11\/GH_DJI-OM-7-Series-Magnetic-Phone-Clamp_1.jpg","type":"image\/jpeg"}],"twitter_card":"summary_large_image","twitter_site":"@Gh0stysky","twitter_misc":{"Tempo estimado de leitura":"2 minutos"},"schema":{"@context":"https:\/\/schema.org","@graph":[{"@type":"WebPage","@id":"https:\/\/www.ghostysky.com\/product\/dji-om-7-series-magnetic-phone-clamp\/","url":"https:\/\/www.ghostysky.com\/product\/dji-om-7-series-magnetic-phone-clamp\/","name":"Suporte magn\u00e9tico para celular DJI OM 7 Series - Ghostysky","isPartOf":{"@id":"https:\/\/www.ghostysky.com\/#website"},"primaryImageOfPage":{"@id":"https:\/\/www.ghostysky.com\/product\/dji-om-7-series-magnetic-phone-clamp\/#primaryimage"},"image":{"@id":"https:\/\/www.ghostysky.com\/product\/dji-om-7-series-magnetic-phone-clamp\/#primaryimage"},"thumbnailUrl":"https:\/\/www.ghostysky.com\/wp-content\/uploads\/2025\/11\/GH_DJI-OM-7-Series-Magnetic-Phone-Clamp_1.jpg","datePublished":"2025-11-06T16:53:14+00:00","dateModified":"2025-11-06T16:53:58+00:00","description":"O suporte magn\u00e9tico para celular DJI OM 7 Series \u00e9 o acess\u00f3rio essencial projetado para conectar seu smartphone ao gimbal Osmo Mobile 7 Series, transformando o processo de configura\u00e7\u00e3o em uma experi\u00eancia instant\u00e2nea e descomplicada.","breadcrumb":{"@id":"https:\/\/www.ghostysky.com\/product\/dji-om-7-series-magnetic-phone-clamp\/#breadcrumb"},"inLanguage":"pt-PT","potentialAction":[{"@type":"ReadAction","target":["https:\/\/www.ghostysky.com\/product\/dji-om-7-series-magnetic-phone-clamp\/"]}]},{"@type":"ImageObject","inLanguage":"pt-PT","@id":"https:\/\/www.ghostysky.com\/product\/dji-om-7-series-magnetic-phone-clamp\/#primaryimage","url":"https:\/\/www.ghostysky.com\/wp-content\/uploads\/2025\/11\/GH_DJI-OM-7-Series-Magnetic-Phone-Clamp_1.jpg","contentUrl":"https:\/\/www.ghostysky.com\/wp-content\/uploads\/2025\/11\/GH_DJI-OM-7-Series-Magnetic-Phone-Clamp_1.jpg","width":800,"height":800},{"@type":"BreadcrumbList","@id":"https:\/\/www.ghostysky.com\/product\/dji-om-7-series-magnetic-phone-clamp\/#breadcrumb","itemListElement":[{"@type":"ListItem","position":1,"name":"Home","item":"https:\/\/www.ghostysky.com\/"},{"@type":"ListItem","position":2,"name":"Shop","item":"https:\/\/www.ghostysky.com\/shop\/"},{"@type":"ListItem","position":3,"name":"DJI OM 7 Series Magnetic Phone Clamp"}]},{"@type":"WebSite","@id":"https:\/\/www.ghostysky.com\/#website","url":"https:\/\/www.ghostysky.com\/","name":"Ghostysky","description":"Fornecendo solu\u00e7\u00f5es profissionais em drones e rob\u00f3tica.","publisher":{"@id":"https:\/\/www.ghostysky.com\/#organization"},"potentialAction":[{"@type":"SearchAction","target":{"@type":"EntryPoint","urlTemplate":"https:\/\/www.ghostysky.com\/?s={search_term_string}"},"query-input":{"@type":"PropertyValueSpecification","valueRequired":true,"valueName":"search_term_string"}}],"inLanguage":"pt-PT"},{"@type":"Organization","@id":"https:\/\/www.ghostysky.com\/#organization","name":"Ghostysky","url":"https:\/\/www.ghostysky.com\/","logo":{"@type":"ImageObject","inLanguage":"pt-PT","@id":"https:\/\/www.ghostysky.com\/#\/schema\/logo\/image\/","url":"https:\/\/www.ghostysky.com\/wp-content\/uploads\/2020\/06\/cropped-ghostyskylogo_text_white2.png","contentUrl":"https:\/\/www.ghostysky.com\/wp-content\/uploads\/2020\/06\/cropped-ghostyskylogo_text_white2.png","width":169,"height":56,"caption":"Ghostysky"},"image":{"@id":"https:\/\/www.ghostysky.com\/#\/schema\/logo\/image\/"},"sameAs":["https:\/\/www.facebook.com\/people\/Ghostysky\/100057676170234\/","https:\/\/x.com\/Gh0stysky","https:\/\/www.linkedin.com\/company\/34739653","https:\/\/www.instagram.com\/gh0stysky"]}]}},"_links":{"self":[{"href":"https:\/\/www.ghostysky.com\/pt\/wp-json\/wp\/v2\/product\/23044","targetHints":{"allow":["GET"]}}],"collection":[{"href":"https:\/\/www.ghostysky.com\/pt\/wp-json\/wp\/v2\/product"}],"about":[{"href":"https:\/\/www.ghostysky.com\/pt\/wp-json\/wp\/v2\/types\/product"}],"replies":[{"embeddable":true,"href":"https:\/\/www.ghostysky.com\/pt\/wp-json\/wp\/v2\/comments?post=23044"}],"version-history":[{"count":0,"href":"https:\/\/www.ghostysky.com\/pt\/wp-json\/wp\/v2\/product\/23044\/revisions"}],"wp:featuredmedia":[{"embeddable":true,"href":"https:\/\/www.ghostysky.com\/pt\/wp-json\/wp\/v2\/media\/23048"}],"wp:attachment":[{"href":"https:\/\/www.ghostysky.com\/pt\/wp-json\/wp\/v2\/media?parent=23044"}],"wp:term":[{"taxonomy":"product_brand","embeddable":true,"href":"https:\/\/www.ghostysky.com\/pt\/wp-json\/wp\/v2\/product_brand?post=23044"},{"taxonomy":"product_cat","embeddable":true,"href":"https:\/\/www.ghostysky.com\/pt\/wp-json\/wp\/v2\/product_cat?post=23044"},{"taxonomy":"product_tag","embeddable":true,"href":"https:\/\/www.ghostysky.com\/pt\/wp-json\/wp\/v2\/product_tag?post=23044"}],"curies":[{"name":"wp","href":"https:\/\/api.w.org\/{rel}","templated":true}]}}