{"id":23049,"date":"2025-11-06T17:10:44","date_gmt":"2025-11-06T17:10:44","guid":{"rendered":"https:\/\/www.ghostysky.com\/?post_type=product&#038;p=23049"},"modified":"2025-11-06T17:11:20","modified_gmt":"2025-11-06T17:11:20","slug":"dji-om-magnetic-phone-clamp-4","status":"publish","type":"product","link":"https:\/\/www.ghostysky.com\/pt\/product\/dji-om-magnetic-phone-clamp-4\/","title":{"rendered":"Suporte magn\u00e9tico para celular DJI OM 4"},"content":{"rendered":"<h4>Principais recursos e benef\u00edcios<\/h4>\n<ul>\n<li><b>Libera\u00e7\u00e3o magn\u00e9tica r\u00e1pida e sem esfor\u00e7o:<\/b><span class=\"citation-75\"> Com um design magn\u00e9tico potente, a bra\u00e7adeira permite que voc\u00ea <\/span><b><span class=\"citation-75\">Encaixe seu telefone no gimbal em segundos.<\/span><\/b><span class=\"citation-75 citation-end-75\"> e destac\u00e1-lo com a mesma rapidez.<sup class=\"superscript\" data-turn-source-index=\"3\">3<\/sup><\/span> Isso elimina o processo complicado e demorado das bra\u00e7adeiras tradicionais.<\/li>\n<li><b><span class=\"citation-74\">Design fino e leve:<\/span><\/b><span class=\"citation-74\"> Seu design cuidadosamente projetado garante um <\/span><b><span class=\"citation-74\">ader\u00eancia segura<\/span><\/b><span class=\"citation-74 citation-end-74\"> no seu telefone sem adicionar volume ou peso desnecess\u00e1rios, tornando o balanceamento mais r\u00e1pido e mantendo o perfil elegante do seu dispositivo.<\/span><\/li>\n<li><b><span class=\"citation-73\">Ader\u00eancia segura:<\/span><\/b><span class=\"citation-73\"> A presilha utiliza \u00edm\u00e3s potentes e uma fixa\u00e7\u00e3o mec\u00e2nica para garantir que seu smartphone permane\u00e7a no lugar. <\/span><b><span class=\"citation-73\">firmemente e seguramente fixado<\/span><\/b><span class=\"citation-73 citation-end-73\"> ao gimbal, mesmo durante movimentos din\u00e2micos.<\/span><\/li>\n<li><b>Mantenha-se conectado:<\/b><span class=\"citation-72\"> O mecanismo de libera\u00e7\u00e3o r\u00e1pida permite que voc\u00ea <\/span><b><span class=\"citation-72\">Remova seu telefone sem esfor\u00e7o.<\/span><\/b><span class=\"citation-72 citation-end-72\"> Para atender chamadas ou responder a mensagens sem precisar desmontar toda a instala\u00e7\u00e3o.<\/span><\/li>\n<li><b>Ampla compatibilidade:<\/b><span class=\"citation-71 citation-end-71\"> A bra\u00e7adeira foi projetada para se adaptar a uma ampla gama de smartphones, suportando diversas larguras e espessuras.<\/span><\/li>\n<\/ul>\n<p>&nbsp;<\/p>\n<h4>Especifica\u00e7\u00f5es do produto (aproximadas)<\/h4>\n<table>\n<thead>\n<tr>\n<td><strong>Especifica\u00e7\u00f5es<\/strong><\/td>\n<td><strong>Detalhe<\/strong><\/td>\n<\/tr>\n<\/thead>\n<tbody>\n<tr>\n<td><b>Peso<\/b><\/td>\n<td>Aproximadamente 22 g<\/td>\n<\/tr>\n<tr>\n<td><b>Dimens\u00f5es<\/b><\/td>\n<td>67,8 \u00d7 40 \u00d7 17 mm<\/td>\n<\/tr>\n<tr>\n<td><b>Largura do telefone compat\u00edvel<\/b><\/td>\n<td>67-84 mm<\/td>\n<\/tr>\n<tr>\n<td><b>Espessura do telefone compat\u00edvel<\/b><\/td>\n<td>6,9-10 mm<\/td>\n<\/tr>\n<tr>\n<td><b>Peso do telefone compat\u00edvel<\/b><\/td>\n<td>170-300 g<\/td>\n<\/tr>\n<\/tbody>\n<\/table>\n<p>&nbsp;<\/p>\n<h4>Compatibilidade<\/h4>\n<p><span class=\"citation-70 citation-end-70\">O suporte magn\u00e9tico para celular DJI OM 4 \u00e9 compat\u00edvel com diversos estabilizadores DJI Osmo Mobile, incluindo:<\/span><\/p>\n<ul>\n<li><span class=\"citation-69 citation-end-69\">DJI OM 6<\/span><\/li>\n<li><span class=\"citation-68 citation-end-68\">DJI OM 5<\/span><\/li>\n<li><span class=\"citation-67 citation-end-67\">DJI OM 4 SE<\/span><\/li>\n<li><span class=\"citation-66 citation-end-66\">DJI OM 4<\/span><\/li>\n<li><span class=\"citation-65 citation-end-65\">E modelos mais recentes como o Osmo Mobile 7 \/ 7P<\/span><\/li>\n<\/ul>\n<p><b>Observa\u00e7\u00e3o:<\/b><span class=\"citation-64 citation-end-64 interactive-span-hovered\"> Este acess\u00f3rio cont\u00e9m \u00edm\u00e3s.<sup class=\"superscript\" data-turn-source-index=\"14\">14<\/sup><\/span> Mantenha o produto longe de cart\u00f5es magn\u00e9ticos, marca-passos, discos r\u00edgidos e outros itens sens\u00edveis para evitar poss\u00edveis interfer\u00eancias.<\/p>","protected":false},"excerpt":{"rendered":"<p><span class=\"citation-76\">O DJI OM Magnetic Phone Clamp 4 \u00e9 o acess\u00f3rio definitivo para cineastas e criadores de conte\u00fado que utilizam dispositivos m\u00f3veis, oferecendo uma <\/span><b><span class=\"citation-76\">Seguro, extremamente conveniente e incrivelmente r\u00e1pido.<\/span><\/b><span class=\"citation-76 citation-end-76\"> Uma forma de conectar seu smartphone ao gimbal DJI Osmo Mobile para filmagens imediatas.<\/span><\/p>","protected":false},"featured_media":23052,"comment_status":"open","ping_status":"closed","template":"","meta":[],"product_brand":[1031],"product_cat":[37,1274,29,1272],"product_tag":[42,1278],"class_list":{"0":"post-23049","1":"product","2":"type-product","3":"status-publish","4":"has-post-thumbnail","6":"product_brand-dji","7":"product_cat-dji","8":"product_cat-dji-osmo-mobile-8-accessories","9":"product_cat-drones","10":"product_cat-handled","11":"product_tag-dji","12":"product_tag-dji-osmo-mobile-8-accessories","14":"first","15":"onbackorder","16":"taxable","17":"shipping-taxable","18":"purchasable","19":"product-type-simple"},"yoast_head":"<!-- This site is optimized with the Yoast SEO plugin v27.4 - https:\/\/yoast.com\/product\/yoast-seo-wordpress\/ -->\n<title>DJI OM Magnetic Phone Clamp 4 - Ghostysky<\/title>\n<meta name=\"description\" content=\"The DJI OM Magnetic Phone Clamp 4 is the ultimate accessory for mobile filmmakers and content creators, offering a secure, ultra-convenient, and lightning-fast way to connect your smartphone to your DJI Osmo Mobile gimbal for immediate shooting.\" \/>\n<meta name=\"robots\" content=\"index, follow, max-snippet:-1, max-image-preview:large, max-video-preview:-1\" \/>\n<link rel=\"canonical\" href=\"https:\/\/www.ghostysky.com\/pt\/produto-2\/dji-om-magnetic-phone-clamp-4\/\" \/>\n<meta property=\"og:locale\" content=\"pt_PT\" \/>\n<meta property=\"og:type\" content=\"article\" \/>\n<meta property=\"og:title\" content=\"DJI OM Magnetic Phone Clamp 4 - Ghostysky\" \/>\n<meta property=\"og:description\" content=\"The DJI OM Magnetic Phone Clamp 4 is the ultimate accessory for mobile filmmakers and content creators, offering a secure, ultra-convenient, and lightning-fast way to connect your smartphone to your DJI Osmo Mobile gimbal for immediate shooting.\" \/>\n<meta property=\"og:url\" content=\"https:\/\/www.ghostysky.com\/pt\/produto-2\/dji-om-magnetic-phone-clamp-4\/\" \/>\n<meta property=\"og:site_name\" content=\"Ghostysky\" \/>\n<meta property=\"article:publisher\" content=\"https:\/\/www.facebook.com\/people\/Ghostysky\/100057676170234\/\" \/>\n<meta property=\"article:modified_time\" content=\"2025-11-06T17:11:20+00:00\" \/>\n<meta property=\"og:image\" content=\"https:\/\/www.ghostysky.com\/wp-content\/uploads\/2025\/11\/GH_DJI-OM-Magnetic-Phone-Clamp-4_1.jpg\" \/>\n\t<meta property=\"og:image:width\" content=\"800\" \/>\n\t<meta property=\"og:image:height\" content=\"800\" \/>\n\t<meta property=\"og:image:type\" content=\"image\/jpeg\" \/>\n<meta name=\"twitter:card\" content=\"summary_large_image\" \/>\n<meta name=\"twitter:site\" content=\"@Gh0stysky\" \/>\n<meta name=\"twitter:label1\" content=\"Tempo estimado de leitura\" \/>\n\t<meta name=\"twitter:data1\" content=\"2 minutos\" \/>\n<script type=\"application\/ld+json\" class=\"yoast-schema-graph\">{\"@context\":\"https:\\\/\\\/schema.org\",\"@graph\":[{\"@type\":\"WebPage\",\"@id\":\"https:\\\/\\\/www.ghostysky.com\\\/product\\\/dji-om-magnetic-phone-clamp-4\\\/\",\"url\":\"https:\\\/\\\/www.ghostysky.com\\\/product\\\/dji-om-magnetic-phone-clamp-4\\\/\",\"name\":\"DJI OM Magnetic Phone Clamp 4 - Ghostysky\",\"isPartOf\":{\"@id\":\"https:\\\/\\\/www.ghostysky.com\\\/#website\"},\"primaryImageOfPage\":{\"@id\":\"https:\\\/\\\/www.ghostysky.com\\\/product\\\/dji-om-magnetic-phone-clamp-4\\\/#primaryimage\"},\"image\":{\"@id\":\"https:\\\/\\\/www.ghostysky.com\\\/product\\\/dji-om-magnetic-phone-clamp-4\\\/#primaryimage\"},\"thumbnailUrl\":\"https:\\\/\\\/www.ghostysky.com\\\/wp-content\\\/uploads\\\/2025\\\/11\\\/GH_DJI-OM-Magnetic-Phone-Clamp-4_1.jpg\",\"datePublished\":\"2025-11-06T17:10:44+00:00\",\"dateModified\":\"2025-11-06T17:11:20+00:00\",\"description\":\"The DJI OM Magnetic Phone Clamp 4 is the ultimate accessory for mobile filmmakers and content creators, offering a secure, ultra-convenient, and lightning-fast way to connect your smartphone to your DJI Osmo Mobile gimbal for immediate shooting.\",\"breadcrumb\":{\"@id\":\"https:\\\/\\\/www.ghostysky.com\\\/product\\\/dji-om-magnetic-phone-clamp-4\\\/#breadcrumb\"},\"inLanguage\":\"pt-PT\",\"potentialAction\":[{\"@type\":\"ReadAction\",\"target\":[\"https:\\\/\\\/www.ghostysky.com\\\/product\\\/dji-om-magnetic-phone-clamp-4\\\/\"]}]},{\"@type\":\"ImageObject\",\"inLanguage\":\"pt-PT\",\"@id\":\"https:\\\/\\\/www.ghostysky.com\\\/product\\\/dji-om-magnetic-phone-clamp-4\\\/#primaryimage\",\"url\":\"https:\\\/\\\/www.ghostysky.com\\\/wp-content\\\/uploads\\\/2025\\\/11\\\/GH_DJI-OM-Magnetic-Phone-Clamp-4_1.jpg\",\"contentUrl\":\"https:\\\/\\\/www.ghostysky.com\\\/wp-content\\\/uploads\\\/2025\\\/11\\\/GH_DJI-OM-Magnetic-Phone-Clamp-4_1.jpg\",\"width\":800,\"height\":800},{\"@type\":\"BreadcrumbList\",\"@id\":\"https:\\\/\\\/www.ghostysky.com\\\/product\\\/dji-om-magnetic-phone-clamp-4\\\/#breadcrumb\",\"itemListElement\":[{\"@type\":\"ListItem\",\"position\":1,\"name\":\"Home\",\"item\":\"https:\\\/\\\/www.ghostysky.com\\\/\"},{\"@type\":\"ListItem\",\"position\":2,\"name\":\"Shop\",\"item\":\"https:\\\/\\\/www.ghostysky.com\\\/shop\\\/\"},{\"@type\":\"ListItem\",\"position\":3,\"name\":\"DJI OM Magnetic Phone Clamp 4\"}]},{\"@type\":\"WebSite\",\"@id\":\"https:\\\/\\\/www.ghostysky.com\\\/#website\",\"url\":\"https:\\\/\\\/www.ghostysky.com\\\/\",\"name\":\"Ghostysky\",\"description\":\"Delivering professional drones and robotics solutions\",\"publisher\":{\"@id\":\"https:\\\/\\\/www.ghostysky.com\\\/#organization\"},\"potentialAction\":[{\"@type\":\"SearchAction\",\"target\":{\"@type\":\"EntryPoint\",\"urlTemplate\":\"https:\\\/\\\/www.ghostysky.com\\\/?s={search_term_string}\"},\"query-input\":{\"@type\":\"PropertyValueSpecification\",\"valueRequired\":true,\"valueName\":\"search_term_string\"}}],\"inLanguage\":\"pt-PT\"},{\"@type\":\"Organization\",\"@id\":\"https:\\\/\\\/www.ghostysky.com\\\/#organization\",\"name\":\"Ghostysky\",\"url\":\"https:\\\/\\\/www.ghostysky.com\\\/\",\"logo\":{\"@type\":\"ImageObject\",\"inLanguage\":\"pt-PT\",\"@id\":\"https:\\\/\\\/www.ghostysky.com\\\/#\\\/schema\\\/logo\\\/image\\\/\",\"url\":\"https:\\\/\\\/www.ghostysky.com\\\/wp-content\\\/uploads\\\/2020\\\/06\\\/cropped-ghostyskylogo_text_white2.png\",\"contentUrl\":\"https:\\\/\\\/www.ghostysky.com\\\/wp-content\\\/uploads\\\/2020\\\/06\\\/cropped-ghostyskylogo_text_white2.png\",\"width\":169,\"height\":56,\"caption\":\"Ghostysky\"},\"image\":{\"@id\":\"https:\\\/\\\/www.ghostysky.com\\\/#\\\/schema\\\/logo\\\/image\\\/\"},\"sameAs\":[\"https:\\\/\\\/www.facebook.com\\\/people\\\/Ghostysky\\\/100057676170234\\\/\",\"https:\\\/\\\/x.com\\\/Gh0stysky\",\"https:\\\/\\\/www.linkedin.com\\\/company\\\/34739653\",\"https:\\\/\\\/www.instagram.com\\\/gh0stysky\"]}]}<\/script>\n<!-- \/ Yoast SEO plugin. -->","yoast_head_json":{"title":"Suporte magn\u00e9tico para celular DJI OM 4 - Ghostysky","description":"O DJI OM Magnetic Phone Clamp 4 \u00e9 o acess\u00f3rio definitivo para cineastas e criadores de conte\u00fado que utilizam dispositivos m\u00f3veis, oferecendo uma maneira segura, extremamente conveniente e r\u00e1pida de conectar seu smartphone ao gimbal DJI Osmo Mobile para filmagens imediatas.","robots":{"index":"index","follow":"follow","max-snippet":"max-snippet:-1","max-image-preview":"max-image-preview:large","max-video-preview":"max-video-preview:-1"},"canonical":"https:\/\/www.ghostysky.com\/pt\/produto-2\/dji-om-magnetic-phone-clamp-4\/","og_locale":"pt_PT","og_type":"article","og_title":"DJI OM Magnetic Phone Clamp 4 - Ghostysky","og_description":"The DJI OM Magnetic Phone Clamp 4 is the ultimate accessory for mobile filmmakers and content creators, offering a secure, ultra-convenient, and lightning-fast way to connect your smartphone to your DJI Osmo Mobile gimbal for immediate shooting.","og_url":"https:\/\/www.ghostysky.com\/pt\/produto-2\/dji-om-magnetic-phone-clamp-4\/","og_site_name":"Ghostysky","article_publisher":"https:\/\/www.facebook.com\/people\/Ghostysky\/100057676170234\/","article_modified_time":"2025-11-06T17:11:20+00:00","og_image":[{"width":800,"height":800,"url":"https:\/\/www.ghostysky.com\/wp-content\/uploads\/2025\/11\/GH_DJI-OM-Magnetic-Phone-Clamp-4_1.jpg","type":"image\/jpeg"}],"twitter_card":"summary_large_image","twitter_site":"@Gh0stysky","twitter_misc":{"Tempo estimado de leitura":"2 minutos"},"schema":{"@context":"https:\/\/schema.org","@graph":[{"@type":"WebPage","@id":"https:\/\/www.ghostysky.com\/product\/dji-om-magnetic-phone-clamp-4\/","url":"https:\/\/www.ghostysky.com\/product\/dji-om-magnetic-phone-clamp-4\/","name":"Suporte magn\u00e9tico para celular DJI OM 4 - Ghostysky","isPartOf":{"@id":"https:\/\/www.ghostysky.com\/#website"},"primaryImageOfPage":{"@id":"https:\/\/www.ghostysky.com\/product\/dji-om-magnetic-phone-clamp-4\/#primaryimage"},"image":{"@id":"https:\/\/www.ghostysky.com\/product\/dji-om-magnetic-phone-clamp-4\/#primaryimage"},"thumbnailUrl":"https:\/\/www.ghostysky.com\/wp-content\/uploads\/2025\/11\/GH_DJI-OM-Magnetic-Phone-Clamp-4_1.jpg","datePublished":"2025-11-06T17:10:44+00:00","dateModified":"2025-11-06T17:11:20+00:00","description":"O DJI OM Magnetic Phone Clamp 4 \u00e9 o acess\u00f3rio definitivo para cineastas e criadores de conte\u00fado que utilizam dispositivos m\u00f3veis, oferecendo uma maneira segura, extremamente conveniente e r\u00e1pida de conectar seu smartphone ao gimbal DJI Osmo Mobile para filmagens imediatas.","breadcrumb":{"@id":"https:\/\/www.ghostysky.com\/product\/dji-om-magnetic-phone-clamp-4\/#breadcrumb"},"inLanguage":"pt-PT","potentialAction":[{"@type":"ReadAction","target":["https:\/\/www.ghostysky.com\/product\/dji-om-magnetic-phone-clamp-4\/"]}]},{"@type":"ImageObject","inLanguage":"pt-PT","@id":"https:\/\/www.ghostysky.com\/product\/dji-om-magnetic-phone-clamp-4\/#primaryimage","url":"https:\/\/www.ghostysky.com\/wp-content\/uploads\/2025\/11\/GH_DJI-OM-Magnetic-Phone-Clamp-4_1.jpg","contentUrl":"https:\/\/www.ghostysky.com\/wp-content\/uploads\/2025\/11\/GH_DJI-OM-Magnetic-Phone-Clamp-4_1.jpg","width":800,"height":800},{"@type":"BreadcrumbList","@id":"https:\/\/www.ghostysky.com\/product\/dji-om-magnetic-phone-clamp-4\/#breadcrumb","itemListElement":[{"@type":"ListItem","position":1,"name":"Home","item":"https:\/\/www.ghostysky.com\/"},{"@type":"ListItem","position":2,"name":"Shop","item":"https:\/\/www.ghostysky.com\/shop\/"},{"@type":"ListItem","position":3,"name":"DJI OM Magnetic Phone Clamp 4"}]},{"@type":"WebSite","@id":"https:\/\/www.ghostysky.com\/#website","url":"https:\/\/www.ghostysky.com\/","name":"Ghostysky","description":"Fornecendo solu\u00e7\u00f5es profissionais em drones e rob\u00f3tica.","publisher":{"@id":"https:\/\/www.ghostysky.com\/#organization"},"potentialAction":[{"@type":"SearchAction","target":{"@type":"EntryPoint","urlTemplate":"https:\/\/www.ghostysky.com\/?s={search_term_string}"},"query-input":{"@type":"PropertyValueSpecification","valueRequired":true,"valueName":"search_term_string"}}],"inLanguage":"pt-PT"},{"@type":"Organization","@id":"https:\/\/www.ghostysky.com\/#organization","name":"Ghostysky","url":"https:\/\/www.ghostysky.com\/","logo":{"@type":"ImageObject","inLanguage":"pt-PT","@id":"https:\/\/www.ghostysky.com\/#\/schema\/logo\/image\/","url":"https:\/\/www.ghostysky.com\/wp-content\/uploads\/2020\/06\/cropped-ghostyskylogo_text_white2.png","contentUrl":"https:\/\/www.ghostysky.com\/wp-content\/uploads\/2020\/06\/cropped-ghostyskylogo_text_white2.png","width":169,"height":56,"caption":"Ghostysky"},"image":{"@id":"https:\/\/www.ghostysky.com\/#\/schema\/logo\/image\/"},"sameAs":["https:\/\/www.facebook.com\/people\/Ghostysky\/100057676170234\/","https:\/\/x.com\/Gh0stysky","https:\/\/www.linkedin.com\/company\/34739653","https:\/\/www.instagram.com\/gh0stysky"]}]}},"_links":{"self":[{"href":"https:\/\/www.ghostysky.com\/pt\/wp-json\/wp\/v2\/product\/23049","targetHints":{"allow":["GET"]}}],"collection":[{"href":"https:\/\/www.ghostysky.com\/pt\/wp-json\/wp\/v2\/product"}],"about":[{"href":"https:\/\/www.ghostysky.com\/pt\/wp-json\/wp\/v2\/types\/product"}],"replies":[{"embeddable":true,"href":"https:\/\/www.ghostysky.com\/pt\/wp-json\/wp\/v2\/comments?post=23049"}],"version-history":[{"count":0,"href":"https:\/\/www.ghostysky.com\/pt\/wp-json\/wp\/v2\/product\/23049\/revisions"}],"wp:featuredmedia":[{"embeddable":true,"href":"https:\/\/www.ghostysky.com\/pt\/wp-json\/wp\/v2\/media\/23052"}],"wp:attachment":[{"href":"https:\/\/www.ghostysky.com\/pt\/wp-json\/wp\/v2\/media?parent=23049"}],"wp:term":[{"taxonomy":"product_brand","embeddable":true,"href":"https:\/\/www.ghostysky.com\/pt\/wp-json\/wp\/v2\/product_brand?post=23049"},{"taxonomy":"product_cat","embeddable":true,"href":"https:\/\/www.ghostysky.com\/pt\/wp-json\/wp\/v2\/product_cat?post=23049"},{"taxonomy":"product_tag","embeddable":true,"href":"https:\/\/www.ghostysky.com\/pt\/wp-json\/wp\/v2\/product_tag?post=23049"}],"curies":[{"name":"wp","href":"https:\/\/api.w.org\/{rel}","templated":true}]}}