{"id":23067,"date":"2025-11-07T16:56:08","date_gmt":"2025-11-07T16:56:08","guid":{"rendered":"https:\/\/www.ghostysky.com\/?post_type=product&#038;p=23067"},"modified":"2025-11-07T16:56:36","modified_gmt":"2025-11-07T16:56:36","slug":"geosun-gs-130g","status":"publish","type":"product","link":"https:\/\/www.ghostysky.com\/pt\/product\/geosun-gs-130g\/","title":{"rendered":"Geosun GS-130G"},"content":{"rendered":"<h4>Principais recursos e benef\u00edcios<\/h4>\n<ul>\n<li><b><span class=\"citation-77 interactive-span-hovered\">Versatilidade m\u00e1xima (integra\u00e7\u00e3o c\u00e9u-terra):<\/span><\/b><span class=\"citation-77 citation-end-77 interactive-span-hovered\"> O design leve e compacto permite uma opera\u00e7\u00e3o perfeita em diversas plataformas:<\/span>\n<ul>\n<li><b>Port\u00e1til:<\/b> Ideal para mapeamento r\u00e1pido em ambientes internos, t\u00faneis e \u00e1reas externas de curto alcance.<\/li>\n<li><b><span class=\"citation-76 interactive-span-hovered\">UAV\/Drone:<\/span><\/b><span class=\"citation-76 citation-end-76 interactive-span-hovered\"> Facilmente mont\u00e1vel em plataformas multirotor para levantamentos a\u00e9reos em grande escala.<\/span><\/li>\n<li><b>Mochila\/Ve\u00edculo:<\/b> Adapt\u00e1vel para mapeamento m\u00f3vel em \u00e1reas urbanas ou industriais complexas.<\/li>\n<\/ul>\n<\/li>\n<li><b><span class=\"citation-75 interactive-span-hovered\">Captura de dados de alta densidade:<\/span><\/b><span class=\"citation-75 interactive-span-hovered\"> Equipado com um <\/span><b><span class=\"citation-75 interactive-span-hovered\">32 canais<\/span><\/b><span class=\"citation-75 interactive-span-hovered\"> Com uma unidade laser (Hesai XT32), a GS-130G captura at\u00e9 <\/span><b><span class=\"citation-75 interactive-span-hovered\">1.920.000 pontos por segundo (eco triplo)<\/span><\/b><span class=\"citation-75 citation-end-75 interactive-span-hovered\">, garantindo dados de nuvem de pontos 3D densos, confi\u00e1veis e de alta resolu\u00e7\u00e3o.<\/span><\/li>\n<li><b><span class=\"citation-74 interactive-span-hovered\">Precis\u00e3o em n\u00edvel centim\u00e9trico:<\/span><\/b><span class=\"citation-74 interactive-span-hovered\"> Apresenta um design sofisticado <\/span><b><span class=\"citation-74 interactive-span-hovered\">GNSS\/INS (Unidade POS gSpin 210)<\/span><\/b><span class=\"citation-74 citation-end-74 interactive-span-hovered\"> Algoritmo de fus\u00e3o combinado com algoritmos SLAM avan\u00e7ados, alcan\u00e7ando alta precis\u00e3o de posicionamento absoluto:<\/span>\n<ul>\n<li><b>Precis\u00e3o de alcance: <\/b><span class=\"math-inline\" data-math=\"\\pm 1 \\text{ cm}\">1 cm<\/span><\/li>\n<li><b>Precis\u00e3o da posi\u00e7\u00e3o horizontal:<\/b> <span class=\"math-inline\" data-math=\"0.02 \\text{ m}\">0,02 m<\/span><\/li>\n<\/ul>\n<\/li>\n<li><b>Alcance estendido:<\/b><span class=\"citation-73\"> Oferece um alcance de detec\u00e7\u00e3o poderoso de at\u00e9 <\/span><b><span class=\"citation-73\">300 metros<\/span><\/b><span class=\"citation-73 citation-end-73\">, proporcionando cobertura eficiente para grandes projetos, inspe\u00e7\u00e3o de linhas de energia e levantamentos de minera\u00e7\u00e3o.<\/span><\/li>\n<li><b><span class=\"citation-72\">Opera\u00e7\u00e3o perfeita:<\/span><\/b><span class=\"citation-72\"> O sistema apresenta um <\/span><b><span class=\"citation-72\">Campo de vis\u00e3o (FOV) de 360\u00b0 na horizontal e 270\u00b0 na vertical.<\/span><\/b><span class=\"citation-72 citation-end-72\">, garantindo uma coleta de dados abrangente e sem pontos cegos, independentemente do ambiente operacional (interno, externo ou subterr\u00e2neo).<\/span><\/li>\n<li><b>Fluxo de trabalho intuitivo:<\/b> Suporta visualiza\u00e7\u00e3o em tempo real atrav\u00e9s de um aplicativo m\u00f3vel complementar e vem com o software de p\u00f3s-processamento especializado da Geosun (como <i>gAirHawk<\/i>), simplificando o c\u00e1lculo da trajet\u00f3ria e a otimiza\u00e7\u00e3o da nuvem de pontos.<\/li>\n<\/ul>\n<p>&nbsp;<\/p>\n<h4>Resumo das Especifica\u00e7\u00f5es T\u00e9cnicas<\/h4>\n<table>\n<thead>\n<tr>\n<td><strong>Componente<\/strong><\/td>\n<td><strong>Especifica\u00e7\u00f5es<\/strong><\/td>\n<\/tr>\n<\/thead>\n<tbody>\n<tr>\n<td><b>Sensor a laser<\/b><\/td>\n<td>HESAI XT32 (32 canais)<\/td>\n<\/tr>\n<tr>\n<td><b>Taxa de pontos<\/b><\/td>\n<td>At\u00e9 1.920.000 pontos\/seg (eco triplo)<\/td>\n<\/tr>\n<tr>\n<td><b>Alcance m\u00e1ximo<\/b><\/td>\n<td>300 metros<\/td>\n<\/tr>\n<tr>\n<td><b>Precis\u00e3o de alcance<\/b><\/td>\n<td><span class=\"math-inline\" data-math=\"\\pm 1 \\text{ cm}\">1 cm<\/span><\/td>\n<\/tr>\n<tr>\n<td><b>Peso<\/b><\/td>\n<td>Aproximadamente 1,7 kg (com bateria)<\/td>\n<\/tr>\n<tr>\n<td><b>Sistema de Posicionamento<\/b><\/td>\n<td>GNSS+INS (gSpin 210)<\/td>\n<\/tr>\n<tr>\n<td><b>Plataformas de transporte<\/b><\/td>\n<td>UAV port\u00e1til multirrotor, ve\u00edculo, mochila<\/td>\n<\/tr>\n<tr>\n<td><b>Armazenamento de dados<\/b><\/td>\n<td>128 GB (Suporta cart\u00e3o microSD de at\u00e9 256 GB)<\/td>\n<\/tr>\n<\/tbody>\n<\/table>\n<hr \/>\n<p><span class=\"citation-71 interactive-span-hovered\">O Geosun GS-130G \u00e9 a escolha profissional para organiza\u00e7\u00f5es que necessitam de modelagem digital 3D de alta precis\u00e3o, incluindo <\/span><b><span class=\"citation-71 citation-end-71 interactive-span-hovered\">Levantamento topogr\u00e1fico, levantamento de t\u00faneis de minera\u00e7\u00e3o, constru\u00e7\u00e3o de cidades digitais, patrulhamento de linhas de energia e vistoria predial.<\/span><\/b><\/p>\n<div class=\"source-inline-chip-container ng-star-inserted\"><\/div>\n<p>&nbsp;<\/p>\n<p>&nbsp;<\/p>","protected":false},"excerpt":{"rendered":"<p><span class=\"citation-79\">O <\/span><b><span class=\"citation-79\">Geosun GS-130G<\/span><\/b><span class=\"citation-79 citation-end-79\"> \u00c9 um sistema de escaneamento LiDAR SLAM (Localiza\u00e7\u00e3o e Mapeamento Simult\u00e2neos) de \u00faltima gera\u00e7\u00e3o e vers\u00e1til, projetado para redefinir a aquisi\u00e7\u00e3o de dados 3D.<\/span> <span class=\"citation-78 citation-end-78\">Combinando tecnologia laser de alta precis\u00e3o com um sistema de posicionamento robusto, o GS-130G oferece precis\u00e3o e flexibilidade incompar\u00e1veis para levantamentos topogr\u00e1ficos e mapeamento profissionais em qualquer ambiente.<\/span><\/p>","protected":false},"featured_media":23069,"comment_status":"open","ping_status":"closed","template":"","meta":[],"product_brand":[1280],"product_cat":[650,705],"product_tag":[651,1279],"class_list":{"0":"post-23067","1":"product","2":"type-product","3":"status-publish","4":"has-post-thumbnail","6":"product_brand-geosun","7":"product_cat-geosun","8":"product_cat-sensors","9":"product_tag-geosun","10":"product_tag-geosun-slam","12":"first","13":"onbackorder","14":"taxable","15":"shipping-taxable","16":"purchasable","17":"product-type-simple"},"yoast_head":"<!-- This site is optimized with the Yoast SEO plugin v27.1.1 - https:\/\/yoast.com\/product\/yoast-seo-wordpress\/ -->\n<title>Geosun GS-130G - Ghostysky<\/title>\n<meta name=\"description\" content=\"The Geosun GS-130G is a cutting-edge, versatile SLAM (Simultaneous Localization and Mapping) LiDAR scanning system designed to redefine 3D data acquisition. Combining high-precision laser technology with a robust positioning system, the GS-130G delivers unmatched accuracy and flexibility for professional surveying and mapping across any environment.\" \/>\n<meta name=\"robots\" content=\"index, follow, max-snippet:-1, max-image-preview:large, max-video-preview:-1\" \/>\n<link rel=\"canonical\" href=\"https:\/\/www.ghostysky.com\/pt\/produto-2\/geosun-gs-130g\/\" \/>\n<meta property=\"og:locale\" content=\"pt_PT\" \/>\n<meta property=\"og:type\" content=\"article\" \/>\n<meta property=\"og:title\" content=\"Geosun GS-130G - Ghostysky\" \/>\n<meta property=\"og:description\" content=\"The Geosun GS-130G is a cutting-edge, versatile SLAM (Simultaneous Localization and Mapping) LiDAR scanning system designed to redefine 3D data acquisition. Combining high-precision laser technology with a robust positioning system, the GS-130G delivers unmatched accuracy and flexibility for professional surveying and mapping across any environment.\" \/>\n<meta property=\"og:url\" content=\"https:\/\/www.ghostysky.com\/pt\/produto-2\/geosun-gs-130g\/\" \/>\n<meta property=\"og:site_name\" content=\"Ghostysky\" \/>\n<meta property=\"article:publisher\" content=\"https:\/\/www.facebook.com\/people\/Ghostysky\/100057676170234\/\" \/>\n<meta property=\"article:modified_time\" content=\"2025-11-07T16:56:36+00:00\" \/>\n<meta property=\"og:image\" content=\"https:\/\/www.ghostysky.com\/wp-content\/uploads\/2025\/11\/GH_Geosun_GS130G_1.webp\" \/>\n\t<meta property=\"og:image:width\" content=\"400\" \/>\n\t<meta property=\"og:image:height\" content=\"400\" \/>\n\t<meta property=\"og:image:type\" content=\"image\/webp\" \/>\n<meta name=\"twitter:card\" content=\"summary_large_image\" \/>\n<meta name=\"twitter:site\" content=\"@Gh0stysky\" \/>\n<meta name=\"twitter:label1\" content=\"Tempo estimado de leitura\" \/>\n\t<meta name=\"twitter:data1\" content=\"2 minutos\" \/>\n<script type=\"application\/ld+json\" class=\"yoast-schema-graph\">{\"@context\":\"https:\/\/schema.org\",\"@graph\":[{\"@type\":\"WebPage\",\"@id\":\"https:\/\/www.ghostysky.com\/product\/geosun-gs-130g\/\",\"url\":\"https:\/\/www.ghostysky.com\/product\/geosun-gs-130g\/\",\"name\":\"Geosun GS-130G - Ghostysky\",\"isPartOf\":{\"@id\":\"https:\/\/www.ghostysky.com\/#website\"},\"primaryImageOfPage\":{\"@id\":\"https:\/\/www.ghostysky.com\/product\/geosun-gs-130g\/#primaryimage\"},\"image\":{\"@id\":\"https:\/\/www.ghostysky.com\/product\/geosun-gs-130g\/#primaryimage\"},\"thumbnailUrl\":\"https:\/\/www.ghostysky.com\/wp-content\/uploads\/2025\/11\/GH_Geosun_GS130G_1.webp\",\"datePublished\":\"2025-11-07T16:56:08+00:00\",\"dateModified\":\"2025-11-07T16:56:36+00:00\",\"description\":\"The Geosun GS-130G is a cutting-edge, versatile SLAM (Simultaneous Localization and Mapping) LiDAR scanning system designed to redefine 3D data acquisition. Combining high-precision laser technology with a robust positioning system, the GS-130G delivers unmatched accuracy and flexibility for professional surveying and mapping across any environment.\",\"breadcrumb\":{\"@id\":\"https:\/\/www.ghostysky.com\/product\/geosun-gs-130g\/#breadcrumb\"},\"inLanguage\":\"pt-PT\",\"potentialAction\":[{\"@type\":\"ReadAction\",\"target\":[\"https:\/\/www.ghostysky.com\/product\/geosun-gs-130g\/\"]}]},{\"@type\":\"ImageObject\",\"inLanguage\":\"pt-PT\",\"@id\":\"https:\/\/www.ghostysky.com\/product\/geosun-gs-130g\/#primaryimage\",\"url\":\"https:\/\/www.ghostysky.com\/wp-content\/uploads\/2025\/11\/GH_Geosun_GS130G_1.webp\",\"contentUrl\":\"https:\/\/www.ghostysky.com\/wp-content\/uploads\/2025\/11\/GH_Geosun_GS130G_1.webp\",\"width\":400,\"height\":400},{\"@type\":\"BreadcrumbList\",\"@id\":\"https:\/\/www.ghostysky.com\/product\/geosun-gs-130g\/#breadcrumb\",\"itemListElement\":[{\"@type\":\"ListItem\",\"position\":1,\"name\":\"Home\",\"item\":\"https:\/\/www.ghostysky.com\/\"},{\"@type\":\"ListItem\",\"position\":2,\"name\":\"Shop\",\"item\":\"https:\/\/www.ghostysky.com\/shop\/\"},{\"@type\":\"ListItem\",\"position\":3,\"name\":\"Geosun GS-130G\"}]},{\"@type\":\"WebSite\",\"@id\":\"https:\/\/www.ghostysky.com\/#website\",\"url\":\"https:\/\/www.ghostysky.com\/\",\"name\":\"Ghostysky\",\"description\":\"Delivering professional drones and services\",\"publisher\":{\"@id\":\"https:\/\/www.ghostysky.com\/#organization\"},\"potentialAction\":[{\"@type\":\"SearchAction\",\"target\":{\"@type\":\"EntryPoint\",\"urlTemplate\":\"https:\/\/www.ghostysky.com\/?s={search_term_string}\"},\"query-input\":{\"@type\":\"PropertyValueSpecification\",\"valueRequired\":true,\"valueName\":\"search_term_string\"}}],\"inLanguage\":\"pt-PT\"},{\"@type\":\"Organization\",\"@id\":\"https:\/\/www.ghostysky.com\/#organization\",\"name\":\"Ghostysky\",\"url\":\"https:\/\/www.ghostysky.com\/\",\"logo\":{\"@type\":\"ImageObject\",\"inLanguage\":\"pt-PT\",\"@id\":\"https:\/\/www.ghostysky.com\/#\/schema\/logo\/image\/\",\"url\":\"https:\/\/www.ghostysky.com\/wp-content\/uploads\/2020\/06\/cropped-ghostyskylogo_text_white2.png\",\"contentUrl\":\"https:\/\/www.ghostysky.com\/wp-content\/uploads\/2020\/06\/cropped-ghostyskylogo_text_white2.png\",\"width\":169,\"height\":56,\"caption\":\"Ghostysky\"},\"image\":{\"@id\":\"https:\/\/www.ghostysky.com\/#\/schema\/logo\/image\/\"},\"sameAs\":[\"https:\/\/www.facebook.com\/people\/Ghostysky\/100057676170234\/\",\"https:\/\/x.com\/Gh0stysky\",\"https:\/\/www.linkedin.com\/company\/34739653\",\"https:\/\/www.instagram.com\/gh0stysky\"]}]}<\/script>\n<!-- \/ Yoast SEO plugin. -->","yoast_head_json":{"title":"Geosun GS-130G - Ghostysky","description":"O Geosun GS-130G \u00e9 um sistema de escaneamento LiDAR SLAM (Localiza\u00e7\u00e3o e Mapeamento Simult\u00e2neos) de \u00faltima gera\u00e7\u00e3o e vers\u00e1til, projetado para redefinir a aquisi\u00e7\u00e3o de dados 3D. Combinando tecnologia laser de alta precis\u00e3o com um sistema de posicionamento robusto, o GS-130G oferece precis\u00e3o e flexibilidade incompar\u00e1veis para levantamentos e mapeamentos profissionais em qualquer ambiente.","robots":{"index":"index","follow":"follow","max-snippet":"max-snippet:-1","max-image-preview":"max-image-preview:large","max-video-preview":"max-video-preview:-1"},"canonical":"https:\/\/www.ghostysky.com\/pt\/produto-2\/geosun-gs-130g\/","og_locale":"pt_PT","og_type":"article","og_title":"Geosun GS-130G - Ghostysky","og_description":"The Geosun GS-130G is a cutting-edge, versatile SLAM (Simultaneous Localization and Mapping) LiDAR scanning system designed to redefine 3D data acquisition. Combining high-precision laser technology with a robust positioning system, the GS-130G delivers unmatched accuracy and flexibility for professional surveying and mapping across any environment.","og_url":"https:\/\/www.ghostysky.com\/pt\/produto-2\/geosun-gs-130g\/","og_site_name":"Ghostysky","article_publisher":"https:\/\/www.facebook.com\/people\/Ghostysky\/100057676170234\/","article_modified_time":"2025-11-07T16:56:36+00:00","og_image":[{"width":400,"height":400,"url":"https:\/\/www.ghostysky.com\/wp-content\/uploads\/2025\/11\/GH_Geosun_GS130G_1.webp","type":"image\/webp"}],"twitter_card":"summary_large_image","twitter_site":"@Gh0stysky","twitter_misc":{"Tempo estimado de leitura":"2 minutos"},"schema":{"@context":"https:\/\/schema.org","@graph":[{"@type":"WebPage","@id":"https:\/\/www.ghostysky.com\/product\/geosun-gs-130g\/","url":"https:\/\/www.ghostysky.com\/product\/geosun-gs-130g\/","name":"Geosun GS-130G - Ghostysky","isPartOf":{"@id":"https:\/\/www.ghostysky.com\/#website"},"primaryImageOfPage":{"@id":"https:\/\/www.ghostysky.com\/product\/geosun-gs-130g\/#primaryimage"},"image":{"@id":"https:\/\/www.ghostysky.com\/product\/geosun-gs-130g\/#primaryimage"},"thumbnailUrl":"https:\/\/www.ghostysky.com\/wp-content\/uploads\/2025\/11\/GH_Geosun_GS130G_1.webp","datePublished":"2025-11-07T16:56:08+00:00","dateModified":"2025-11-07T16:56:36+00:00","description":"O Geosun GS-130G \u00e9 um sistema de escaneamento LiDAR SLAM (Localiza\u00e7\u00e3o e Mapeamento Simult\u00e2neos) de \u00faltima gera\u00e7\u00e3o e vers\u00e1til, projetado para redefinir a aquisi\u00e7\u00e3o de dados 3D. Combinando tecnologia laser de alta precis\u00e3o com um sistema de posicionamento robusto, o GS-130G oferece precis\u00e3o e flexibilidade incompar\u00e1veis para levantamentos e mapeamentos profissionais em qualquer ambiente.","breadcrumb":{"@id":"https:\/\/www.ghostysky.com\/product\/geosun-gs-130g\/#breadcrumb"},"inLanguage":"pt-PT","potentialAction":[{"@type":"ReadAction","target":["https:\/\/www.ghostysky.com\/product\/geosun-gs-130g\/"]}]},{"@type":"ImageObject","inLanguage":"pt-PT","@id":"https:\/\/www.ghostysky.com\/product\/geosun-gs-130g\/#primaryimage","url":"https:\/\/www.ghostysky.com\/wp-content\/uploads\/2025\/11\/GH_Geosun_GS130G_1.webp","contentUrl":"https:\/\/www.ghostysky.com\/wp-content\/uploads\/2025\/11\/GH_Geosun_GS130G_1.webp","width":400,"height":400},{"@type":"BreadcrumbList","@id":"https:\/\/www.ghostysky.com\/product\/geosun-gs-130g\/#breadcrumb","itemListElement":[{"@type":"ListItem","position":1,"name":"Home","item":"https:\/\/www.ghostysky.com\/"},{"@type":"ListItem","position":2,"name":"Shop","item":"https:\/\/www.ghostysky.com\/shop\/"},{"@type":"ListItem","position":3,"name":"Geosun GS-130G"}]},{"@type":"WebSite","@id":"https:\/\/www.ghostysky.com\/#website","url":"https:\/\/www.ghostysky.com\/","name":"Ghostysky","description":"Fornecendo drones e servi\u00e7os profissionais","publisher":{"@id":"https:\/\/www.ghostysky.com\/#organization"},"potentialAction":[{"@type":"SearchAction","target":{"@type":"EntryPoint","urlTemplate":"https:\/\/www.ghostysky.com\/?s={search_term_string}"},"query-input":{"@type":"PropertyValueSpecification","valueRequired":true,"valueName":"search_term_string"}}],"inLanguage":"pt-PT"},{"@type":"Organization","@id":"https:\/\/www.ghostysky.com\/#organization","name":"Ghostysky","url":"https:\/\/www.ghostysky.com\/","logo":{"@type":"ImageObject","inLanguage":"pt-PT","@id":"https:\/\/www.ghostysky.com\/#\/schema\/logo\/image\/","url":"https:\/\/www.ghostysky.com\/wp-content\/uploads\/2020\/06\/cropped-ghostyskylogo_text_white2.png","contentUrl":"https:\/\/www.ghostysky.com\/wp-content\/uploads\/2020\/06\/cropped-ghostyskylogo_text_white2.png","width":169,"height":56,"caption":"Ghostysky"},"image":{"@id":"https:\/\/www.ghostysky.com\/#\/schema\/logo\/image\/"},"sameAs":["https:\/\/www.facebook.com\/people\/Ghostysky\/100057676170234\/","https:\/\/x.com\/Gh0stysky","https:\/\/www.linkedin.com\/company\/34739653","https:\/\/www.instagram.com\/gh0stysky"]}]}},"_links":{"self":[{"href":"https:\/\/www.ghostysky.com\/pt\/wp-json\/wp\/v2\/product\/23067","targetHints":{"allow":["GET"]}}],"collection":[{"href":"https:\/\/www.ghostysky.com\/pt\/wp-json\/wp\/v2\/product"}],"about":[{"href":"https:\/\/www.ghostysky.com\/pt\/wp-json\/wp\/v2\/types\/product"}],"replies":[{"embeddable":true,"href":"https:\/\/www.ghostysky.com\/pt\/wp-json\/wp\/v2\/comments?post=23067"}],"wp:featuredmedia":[{"embeddable":true,"href":"https:\/\/www.ghostysky.com\/pt\/wp-json\/wp\/v2\/media\/23069"}],"wp:attachment":[{"href":"https:\/\/www.ghostysky.com\/pt\/wp-json\/wp\/v2\/media?parent=23067"}],"wp:term":[{"taxonomy":"product_brand","embeddable":true,"href":"https:\/\/www.ghostysky.com\/pt\/wp-json\/wp\/v2\/product_brand?post=23067"},{"taxonomy":"product_cat","embeddable":true,"href":"https:\/\/www.ghostysky.com\/pt\/wp-json\/wp\/v2\/product_cat?post=23067"},{"taxonomy":"product_tag","embeddable":true,"href":"https:\/\/www.ghostysky.com\/pt\/wp-json\/wp\/v2\/product_tag?post=23067"}],"curies":[{"name":"wp","href":"https:\/\/api.w.org\/{rel}","templated":true}]}}