{"id":23073,"date":"2025-11-09T08:41:06","date_gmt":"2025-11-09T08:41:06","guid":{"rendered":"https:\/\/www.ghostysky.com\/?post_type=product&#038;p=23073"},"modified":"2025-11-09T08:52:39","modified_gmt":"2025-11-09T08:52:39","slug":"dji-matrice-400-worry-free-plus-combo-emlid-rs4-base-kit","status":"publish","type":"product","link":"https:\/\/www.ghostysky.com\/pt\/product\/dji-matrice-400-worry-free-plus-combo-emlid-rs4-base-kit\/","title":{"rendered":"Kit de topografia DJI Matrice 400"},"content":{"rendered":"<h4><b>DJI Matrice 400 Worry-Free Plus Combo: A plataforma de voo principal<\/b><\/h4>\n<p><span class=\"citation-37 citation-end-37\">O M400 \u00e9 uma evolu\u00e7\u00e3o da plataforma de drones industriais, projetado para versatilidade, intelig\u00eancia e extrema resist\u00eancia.<sup class=\"superscript\" data-turn-source-index=\"1\">1<\/sup><\/span> O pacote Worry-Free Plus Combo garante o m\u00e1ximo tempo de atividade e tranquilidade.<\/p>\n<ul>\n<li><b><span class=\"citation-36\">Desempenho de longo alcance em todas as condi\u00e7\u00f5es clim\u00e1ticas:<\/span><\/b><span class=\"citation-36\"> Alcance um tempo m\u00e1ximo de voo de at\u00e9 <\/span><b><span class=\"citation-36\">59 minutos<\/span><\/b><span class=\"citation-36\"> (com a carga \u00fatil H30T) e operam de forma confi\u00e1vel em condi\u00e7\u00f5es adversas gra\u00e7as ao <\/span><b><span class=\"citation-36\">Classifica\u00e7\u00e3o IP55<\/span><\/b><span class=\"citation-36 citation-end-36\"> e ampla faixa de temperatura operacional (<span style=\"font-size: 13.3333px;\">-20\u00baC a 50\u00baC<\/span><\/span><span class=\"citation-34 citation-end-34\">).<\/span><\/li>\n<li><b>Seguran\u00e7a m\u00e1xima e detec\u00e7\u00e3o de obst\u00e1culos:<\/b><span class=\"citation-33\"> Voe com confian\u00e7a usando <\/span><b><span class=\"citation-33\">Detec\u00e7\u00e3o de obst\u00e1culos ao n\u00edvel da linha de energia<\/span><\/b><span class=\"citation-33 citation-end-33\">.<\/span> <span class=\"citation-32\">Uma fus\u00e3o de rota\u00e7\u00f5es <\/span><b><span class=\"citation-32\">LiDAR<\/span><\/b><span class=\"citation-32\">, <\/span><b><span class=\"citation-32\">Radar de ondas milim\u00e9tricas<\/span><\/b><span class=\"citation-32 citation-end-32\">Os sensores de vis\u00e3o omnidirecionais detectam fios finos e obst\u00e1culos, mesmo em terrenos complexos, com pouca luz ou montanhosos.<\/span><\/li>\n<li><b><span class=\"citation-31\">Versatilidade de carga \u00fatil massiva:<\/span><\/b><span class=\"citation-31\"> Com uma capacidade m\u00e1xima de carga \u00fatil de <\/span><b><span class=\"citation-31\">6 kg<\/span><\/b><span class=\"citation-31 citation-end-31\"> Com suporte para at\u00e9 sete cargas \u00fateis simult\u00e2neas (via E-Port V2), o M400 \u00e9 compat\u00edvel com os sensores mais avan\u00e7ados da DJI, incluindo Zenmuse L2 (LiDAR), S\u00e9rie H30 (T\u00e9rmico\/Zoom) e P1 (Fotogrametria), adaptando-se a qualquer tarefa.<\/span><\/li>\n<li><b><span class=\"citation-30\">Intelig\u00eancia Avan\u00e7ada e Automa\u00e7\u00e3o:<\/span><\/b><span class=\"citation-30\"> Simplifique seu fluxo de trabalho com recursos como <\/span><b><span class=\"citation-30\">Acompanhamento de terreno em tempo real<\/span><\/b><span class=\"citation-30\">, <\/span><b><span class=\"citation-30\">Proje\u00e7\u00e3o de RA inteligente<\/span><\/b><span class=\"citation-30 citation-end-30\"> de pontos de refer\u00eancia e linhas de energia, e planejamento automatizado de miss\u00f5es (rota geom\u00e9trica e de inclina\u00e7\u00e3o) via FlightHub 2.<\/span><\/li>\n<li><b><span class=\"citation-29\">Prote\u00e7\u00e3o sem preocupa\u00e7\u00f5es:<\/span><\/b><span class=\"citation-29\"> O Combo inclui um <\/span><b><span class=\"citation-29\">Plano de cuidados DJI Plus com ativa\u00e7\u00e3o autom\u00e1tica por 1 ano<\/span><\/b><span class=\"citation-29 citation-end-29\">, oferecendo suporte para reparos e garantindo ainda mais a longevidade do seu investimento.<\/span><\/li>\n<\/ul>\n<p>&nbsp;<\/p>\n<h4><b>Kit b\u00e1sico Emlid RS4: Precis\u00e3o GNSS de n\u00edvel topogr\u00e1fico<\/b><\/h4>\n<p><span class=\"citation-28 citation-end-28\">O Emlid RS4 \u00e9 um receptor GNSS robusto e multibanda, projetado para fornecer a refer\u00eancia terrestre est\u00e1tica e de alta precis\u00e3o (Esta\u00e7\u00e3o Base) essencial para o mapeamento a\u00e9reo profissional.<\/span><\/p>\n<ul>\n<li><b><span class=\"citation-27\">Precis\u00e3o em n\u00edvel de cent\u00edmetro:<\/span><\/b><span class=\"citation-27 citation-end-27\"> Obtenha uma precis\u00e3o de posicionamento excepcional com uma precis\u00e3o horizontal RTK de <\/span><b><span class=\"math-inline\" data-math=\"7\\,\\text{mm} + 1\\,\\text{ppm}\">7 mm + 1 ppm<\/span><\/b><span class=\"citation-26 citation-end-26\">.<\/span>\u00a0<span class=\"citation-25 citation-end-25\">O RS4 rastreia todas as principais constela\u00e7\u00f5es de sat\u00e9lites (GPS, GLONASS, Galileo, BeiDou, etc.) em m\u00faltiplas frequ\u00eancias.<\/span><\/li>\n<li><b>Fonte de corre\u00e7\u00e3o robusta:<\/b><span class=\"citation-24\"> O kit b\u00e1sico est\u00e1 configurado para registrar dados GNSS brutos para <\/span><b><span class=\"citation-24\">Cinem\u00e1tica de P\u00f3s-Processamento (PPK)<\/span><\/b><span class=\"citation-24\"> fluxos de trabalho ou transmitir corre\u00e7\u00f5es em tempo real via <\/span><b><span class=\"citation-24\">NTRIP<\/span><\/b><span class=\"citation-24\"> pela internet ou atrav\u00e9s de seu poderoso <\/span><b><span class=\"citation-24\">R\u00e1dio de banda dupla (UHF\/LoRa)<\/span><\/b><\/li>\n<li><b><span class=\"citation-23\">Feito para o campo:<\/span><\/b><span class=\"citation-23\"> Com durabilidade <\/span><b><span class=\"citation-23\">corpo em liga de magn\u00e9sio<\/span><\/b><span class=\"citation-23\">, um <\/span><b><span class=\"citation-23\">Classifica\u00e7\u00e3o de prote\u00e7\u00e3o IP68<\/span><\/b><span class=\"citation-23 citation-end-23\">e uma ampla faixa de temperatura operacional (<\/span><span class=\"math-inline\" data-math=\"-40^\\circ\\text{C}\">-40\u00baC<\/span><span class=\"citation-22 citation-end-22\"> para\u00a0<\/span><span class=\"math-inline\" data-math=\"+65^\\circ\\text{C}\">65\u00baC<\/span><span class=\"citation-21 citation-end-21\">O RS4 foi projetado para implanta\u00e7\u00e3o prolongada nos ambientes mais dif\u00edceis.<\/span><\/li>\n<li><b>Resist\u00eancia durante todo o dia:<\/b><span class=\"citation-20\"> A bateria interna de \u00edon-l\u00edtio fornece at\u00e9 <\/span><b><span class=\"citation-20\">16 horas<\/span><\/b><span class=\"citation-20 citation-end-20\"> de autonomia, garantindo um dia inteiro de coleta de dados de refer\u00eancia.<\/span><\/li>\n<\/ul>\n<p>&nbsp;<\/p>\n<h4><b>Fluxo de trabalho sin\u00e9rgico: mapeamento com drones redefinido<\/b><\/h4>\n<p>Essa combina\u00e7\u00e3o cria a configura\u00e7\u00e3o ideal para mapeamento com drones RTK\/PPK. <span class=\"citation-19 citation-end-19\">O M400, quando equipado com uma carga \u00fatil de mapeamento como o Zenmuse P1 ou L2, recebe dados de posicionamento de alta precis\u00e3o, seja em tempo real (RTK) ou via p\u00f3s-processamento (PPK), utilizando o arquivo de registro estacion\u00e1rio e de alta precis\u00e3o da Esta\u00e7\u00e3o Base Emlid RS4.<\/span><\/p>\n<p>Essa sinergia de n\u00edvel profissional \u00e9 ideal para:<\/p>\n<ul>\n<li><b>Levantamento e mapeamento topogr\u00e1fico de alta precis\u00e3o<\/b><\/li>\n<li><b>Inspe\u00e7\u00e3o de infraestrutura de precis\u00e3o (linhas de energia, pontes)<\/b><\/li>\n<li><b>Modelagem 3D detalhada e c\u00e1lculos volum\u00e9tricos<\/b><\/li>\n<li><b>Monitoramento de Obras e Verifica\u00e7\u00e3o da Obra Executada<\/b><\/li>\n<\/ul>\n<p><b>Equipe sua equipe com a solu\u00e7\u00e3o l\u00edder em aquisi\u00e7\u00e3o de dados a\u00e9reos de precis\u00e3o. A confiabilidade de n\u00edvel empresarial do M400, combinada com a precis\u00e3o de n\u00edvel topogr\u00e1fico do RS4, garante resultados incompar\u00e1veis em todas as miss\u00f5es.<\/b><\/p>","protected":false},"excerpt":{"rendered":"<p>Alcance precis\u00e3o e efici\u00eancia incompar\u00e1veis para as miss\u00f5es mais exigentes da sua empresa com esta solu\u00e7\u00e3o integrada. Combinando a robustez... <b>DJI Matrice 400 (M400)<\/b> com o n\u00edvel de levantamento topogr\u00e1fico <b>Kit b\u00e1sico Emlid RS4<\/b> Cria um sistema de alto desempenho para levantamentos topogr\u00e1ficos, mapeamento, inspe\u00e7\u00e3o e muito mais, oferecendo precis\u00e3o em n\u00edvel de cent\u00edmetro com m\u00e1xima confiabilidade operacional.<\/p>\n<p>O pacote inclui:<\/p>\n<ul>\n<li>1x DJI Matrice 400 Worry-Free Plus Combo<\/li>\n<li>1x DJI Zenmuse P1<\/li>\n<li>1 bateria DJI TB100<\/li>\n<li>1x Emlid RS4<\/li>\n<li>1x Para-choque Emlid Reach RS4<\/li>\n<li>1x Adaptador de libera\u00e7\u00e3o r\u00e1pida Emlid<\/li>\n<li>1x Kit de acess\u00f3rios para base Emlid<\/li>\n<\/ul>","protected":false},"featured_media":23075,"comment_status":"open","ping_status":"closed","template":"","meta":[],"product_brand":[1031,1025],"product_cat":[37,29,89,1189,1125,1126,30],"product_tag":[42,1129,1283,47,58,1026,1225,1281,57,1282],"class_list":{"0":"post-23073","1":"product","2":"type-product","3":"status-publish","4":"has-post-thumbnail","6":"product_brand-dji","7":"product_brand-emlid","8":"product_cat-dji","9":"product_cat-drones","10":"product_cat-emlid","11":"product_cat-kir-rs4_rs4pro_rs3","12":"product_cat-matrice-400","13":"product_cat-matrice-400-drones","14":"product_cat-mobile-station","15":"product_tag-dji","16":"product_tag-dji-matrice-400-drones","17":"product_tag-dji-matrice-400-series-kit","18":"product_tag-drones","19":"product_tag-emlid","20":"product_tag-emlid-rs4","21":"product_tag-emlid-rs4-kit","22":"product_tag-kit-rs4_rs4-pro_rs3","23":"product_tag-mobile-station","24":"product_tag-other-tags-dji-emlid-kit","26":"first","27":"onbackorder","28":"taxable","29":"shipping-taxable","30":"purchasable","31":"product-type-woosb"},"yoast_head":"<!-- This site is optimized with the Yoast SEO plugin v27.1.1 - https:\/\/yoast.com\/product\/yoast-seo-wordpress\/ -->\n<title>DJI Matrice 400 Topography Kit - Ghostysky<\/title>\n<meta name=\"description\" content=\"Unlock unparalleled accuracy and efficiency for your most demanding enterprise missions with this integrated solution. Combining the robust DJI Matrice 400 (M400) with the survey-grade Emlid RS4 Base Kit creates a high-performance system for surveying, mapping, inspection, and more, delivering centimeter-level precision with maximum operational reliability.\" \/>\n<meta name=\"robots\" content=\"index, follow, max-snippet:-1, max-image-preview:large, max-video-preview:-1\" \/>\n<link rel=\"canonical\" href=\"https:\/\/www.ghostysky.com\/pt\/produto-2\/dji-matrice-400-worry-free-plus-combo-emlid-rs4-base-kit\/\" \/>\n<meta property=\"og:locale\" content=\"pt_PT\" \/>\n<meta property=\"og:type\" content=\"article\" \/>\n<meta property=\"og:title\" content=\"DJI Matrice 400 Topography Kit - Ghostysky\" \/>\n<meta property=\"og:description\" content=\"Unlock unparalleled accuracy and efficiency for your most demanding enterprise missions with this integrated solution. Combining the robust DJI Matrice 400 (M400) with the survey-grade Emlid RS4 Base Kit creates a high-performance system for surveying, mapping, inspection, and more, delivering centimeter-level precision with maximum operational reliability.\" \/>\n<meta property=\"og:url\" content=\"https:\/\/www.ghostysky.com\/pt\/produto-2\/dji-matrice-400-worry-free-plus-combo-emlid-rs4-base-kit\/\" \/>\n<meta property=\"og:site_name\" content=\"Ghostysky\" \/>\n<meta property=\"article:publisher\" content=\"https:\/\/www.facebook.com\/people\/Ghostysky\/100057676170234\/\" \/>\n<meta property=\"article:modified_time\" content=\"2025-11-09T08:52:39+00:00\" \/>\n<meta property=\"og:image\" content=\"https:\/\/www.ghostysky.com\/wp-content\/uploads\/2025\/11\/GH_DJI_Matrice_400_Emlid_RS4.jpg\" \/>\n\t<meta property=\"og:image:width\" content=\"800\" \/>\n\t<meta property=\"og:image:height\" content=\"600\" \/>\n\t<meta property=\"og:image:type\" content=\"image\/jpeg\" \/>\n<meta name=\"twitter:card\" content=\"summary_large_image\" \/>\n<meta name=\"twitter:site\" content=\"@Gh0stysky\" \/>\n<meta name=\"twitter:label1\" content=\"Tempo estimado de leitura\" \/>\n\t<meta name=\"twitter:data1\" content=\"3 minutos\" \/>\n<script type=\"application\/ld+json\" class=\"yoast-schema-graph\">{\"@context\":\"https:\/\/schema.org\",\"@graph\":[{\"@type\":\"WebPage\",\"@id\":\"https:\/\/www.ghostysky.com\/product\/dji-matrice-400-worry-free-plus-combo-emlid-rs4-base-kit\/\",\"url\":\"https:\/\/www.ghostysky.com\/product\/dji-matrice-400-worry-free-plus-combo-emlid-rs4-base-kit\/\",\"name\":\"DJI Matrice 400 Topography Kit - Ghostysky\",\"isPartOf\":{\"@id\":\"https:\/\/www.ghostysky.com\/#website\"},\"primaryImageOfPage\":{\"@id\":\"https:\/\/www.ghostysky.com\/product\/dji-matrice-400-worry-free-plus-combo-emlid-rs4-base-kit\/#primaryimage\"},\"image\":{\"@id\":\"https:\/\/www.ghostysky.com\/product\/dji-matrice-400-worry-free-plus-combo-emlid-rs4-base-kit\/#primaryimage\"},\"thumbnailUrl\":\"https:\/\/www.ghostysky.com\/wp-content\/uploads\/2025\/11\/GH_DJI_Matrice_400_Emlid_RS4.jpg\",\"datePublished\":\"2025-11-09T08:41:06+00:00\",\"dateModified\":\"2025-11-09T08:52:39+00:00\",\"description\":\"Unlock unparalleled accuracy and efficiency for your most demanding enterprise missions with this integrated solution. Combining the robust DJI Matrice 400 (M400) with the survey-grade Emlid RS4 Base Kit creates a high-performance system for surveying, mapping, inspection, and more, delivering centimeter-level precision with maximum operational reliability.\",\"breadcrumb\":{\"@id\":\"https:\/\/www.ghostysky.com\/product\/dji-matrice-400-worry-free-plus-combo-emlid-rs4-base-kit\/#breadcrumb\"},\"inLanguage\":\"pt-PT\",\"potentialAction\":[{\"@type\":\"ReadAction\",\"target\":[\"https:\/\/www.ghostysky.com\/product\/dji-matrice-400-worry-free-plus-combo-emlid-rs4-base-kit\/\"]}]},{\"@type\":\"ImageObject\",\"inLanguage\":\"pt-PT\",\"@id\":\"https:\/\/www.ghostysky.com\/product\/dji-matrice-400-worry-free-plus-combo-emlid-rs4-base-kit\/#primaryimage\",\"url\":\"https:\/\/www.ghostysky.com\/wp-content\/uploads\/2025\/11\/GH_DJI_Matrice_400_Emlid_RS4.jpg\",\"contentUrl\":\"https:\/\/www.ghostysky.com\/wp-content\/uploads\/2025\/11\/GH_DJI_Matrice_400_Emlid_RS4.jpg\",\"width\":800,\"height\":600},{\"@type\":\"BreadcrumbList\",\"@id\":\"https:\/\/www.ghostysky.com\/product\/dji-matrice-400-worry-free-plus-combo-emlid-rs4-base-kit\/#breadcrumb\",\"itemListElement\":[{\"@type\":\"ListItem\",\"position\":1,\"name\":\"Home\",\"item\":\"https:\/\/www.ghostysky.com\/\"},{\"@type\":\"ListItem\",\"position\":2,\"name\":\"Shop\",\"item\":\"https:\/\/www.ghostysky.com\/shop\/\"},{\"@type\":\"ListItem\",\"position\":3,\"name\":\"DJI Matrice 400 Topography Kit\"}]},{\"@type\":\"WebSite\",\"@id\":\"https:\/\/www.ghostysky.com\/#website\",\"url\":\"https:\/\/www.ghostysky.com\/\",\"name\":\"Ghostysky\",\"description\":\"Delivering professional drones and services\",\"publisher\":{\"@id\":\"https:\/\/www.ghostysky.com\/#organization\"},\"potentialAction\":[{\"@type\":\"SearchAction\",\"target\":{\"@type\":\"EntryPoint\",\"urlTemplate\":\"https:\/\/www.ghostysky.com\/?s={search_term_string}\"},\"query-input\":{\"@type\":\"PropertyValueSpecification\",\"valueRequired\":true,\"valueName\":\"search_term_string\"}}],\"inLanguage\":\"pt-PT\"},{\"@type\":\"Organization\",\"@id\":\"https:\/\/www.ghostysky.com\/#organization\",\"name\":\"Ghostysky\",\"url\":\"https:\/\/www.ghostysky.com\/\",\"logo\":{\"@type\":\"ImageObject\",\"inLanguage\":\"pt-PT\",\"@id\":\"https:\/\/www.ghostysky.com\/#\/schema\/logo\/image\/\",\"url\":\"https:\/\/www.ghostysky.com\/wp-content\/uploads\/2020\/06\/cropped-ghostyskylogo_text_white2.png\",\"contentUrl\":\"https:\/\/www.ghostysky.com\/wp-content\/uploads\/2020\/06\/cropped-ghostyskylogo_text_white2.png\",\"width\":169,\"height\":56,\"caption\":\"Ghostysky\"},\"image\":{\"@id\":\"https:\/\/www.ghostysky.com\/#\/schema\/logo\/image\/\"},\"sameAs\":[\"https:\/\/www.facebook.com\/people\/Ghostysky\/100057676170234\/\",\"https:\/\/x.com\/Gh0stysky\",\"https:\/\/www.linkedin.com\/company\/34739653\",\"https:\/\/www.instagram.com\/gh0stysky\"]}]}<\/script>\n<!-- \/ Yoast SEO plugin. -->","yoast_head_json":{"title":"Kit de Topografia DJI Matrice 400 - Ghostysky","description":"Alcance precis\u00e3o e efici\u00eancia incompar\u00e1veis para as miss\u00f5es mais exigentes da sua empresa com esta solu\u00e7\u00e3o integrada. A combina\u00e7\u00e3o do robusto DJI Matrice 400 (M400) com o kit base Emlid RS4 de n\u00edvel topogr\u00e1fico cria um sistema de alto desempenho para levantamentos, mapeamento, inspe\u00e7\u00e3o e muito mais, oferecendo precis\u00e3o em n\u00edvel de cent\u00edmetro com m\u00e1xima confiabilidade operacional.","robots":{"index":"index","follow":"follow","max-snippet":"max-snippet:-1","max-image-preview":"max-image-preview:large","max-video-preview":"max-video-preview:-1"},"canonical":"https:\/\/www.ghostysky.com\/pt\/produto-2\/dji-matrice-400-worry-free-plus-combo-emlid-rs4-base-kit\/","og_locale":"pt_PT","og_type":"article","og_title":"DJI Matrice 400 Topography Kit - Ghostysky","og_description":"Unlock unparalleled accuracy and efficiency for your most demanding enterprise missions with this integrated solution. Combining the robust DJI Matrice 400 (M400) with the survey-grade Emlid RS4 Base Kit creates a high-performance system for surveying, mapping, inspection, and more, delivering centimeter-level precision with maximum operational reliability.","og_url":"https:\/\/www.ghostysky.com\/pt\/produto-2\/dji-matrice-400-worry-free-plus-combo-emlid-rs4-base-kit\/","og_site_name":"Ghostysky","article_publisher":"https:\/\/www.facebook.com\/people\/Ghostysky\/100057676170234\/","article_modified_time":"2025-11-09T08:52:39+00:00","og_image":[{"width":800,"height":600,"url":"https:\/\/www.ghostysky.com\/wp-content\/uploads\/2025\/11\/GH_DJI_Matrice_400_Emlid_RS4.jpg","type":"image\/jpeg"}],"twitter_card":"summary_large_image","twitter_site":"@Gh0stysky","twitter_misc":{"Tempo estimado de leitura":"3 minutos"},"schema":{"@context":"https:\/\/schema.org","@graph":[{"@type":"WebPage","@id":"https:\/\/www.ghostysky.com\/product\/dji-matrice-400-worry-free-plus-combo-emlid-rs4-base-kit\/","url":"https:\/\/www.ghostysky.com\/product\/dji-matrice-400-worry-free-plus-combo-emlid-rs4-base-kit\/","name":"Kit de Topografia DJI Matrice 400 - Ghostysky","isPartOf":{"@id":"https:\/\/www.ghostysky.com\/#website"},"primaryImageOfPage":{"@id":"https:\/\/www.ghostysky.com\/product\/dji-matrice-400-worry-free-plus-combo-emlid-rs4-base-kit\/#primaryimage"},"image":{"@id":"https:\/\/www.ghostysky.com\/product\/dji-matrice-400-worry-free-plus-combo-emlid-rs4-base-kit\/#primaryimage"},"thumbnailUrl":"https:\/\/www.ghostysky.com\/wp-content\/uploads\/2025\/11\/GH_DJI_Matrice_400_Emlid_RS4.jpg","datePublished":"2025-11-09T08:41:06+00:00","dateModified":"2025-11-09T08:52:39+00:00","description":"Alcance precis\u00e3o e efici\u00eancia incompar\u00e1veis para as miss\u00f5es mais exigentes da sua empresa com esta solu\u00e7\u00e3o integrada. A combina\u00e7\u00e3o do robusto DJI Matrice 400 (M400) com o kit base Emlid RS4 de n\u00edvel topogr\u00e1fico cria um sistema de alto desempenho para levantamentos, mapeamento, inspe\u00e7\u00e3o e muito mais, oferecendo precis\u00e3o em n\u00edvel de cent\u00edmetro com m\u00e1xima confiabilidade operacional.","breadcrumb":{"@id":"https:\/\/www.ghostysky.com\/product\/dji-matrice-400-worry-free-plus-combo-emlid-rs4-base-kit\/#breadcrumb"},"inLanguage":"pt-PT","potentialAction":[{"@type":"ReadAction","target":["https:\/\/www.ghostysky.com\/product\/dji-matrice-400-worry-free-plus-combo-emlid-rs4-base-kit\/"]}]},{"@type":"ImageObject","inLanguage":"pt-PT","@id":"https:\/\/www.ghostysky.com\/product\/dji-matrice-400-worry-free-plus-combo-emlid-rs4-base-kit\/#primaryimage","url":"https:\/\/www.ghostysky.com\/wp-content\/uploads\/2025\/11\/GH_DJI_Matrice_400_Emlid_RS4.jpg","contentUrl":"https:\/\/www.ghostysky.com\/wp-content\/uploads\/2025\/11\/GH_DJI_Matrice_400_Emlid_RS4.jpg","width":800,"height":600},{"@type":"BreadcrumbList","@id":"https:\/\/www.ghostysky.com\/product\/dji-matrice-400-worry-free-plus-combo-emlid-rs4-base-kit\/#breadcrumb","itemListElement":[{"@type":"ListItem","position":1,"name":"Home","item":"https:\/\/www.ghostysky.com\/"},{"@type":"ListItem","position":2,"name":"Shop","item":"https:\/\/www.ghostysky.com\/shop\/"},{"@type":"ListItem","position":3,"name":"DJI Matrice 400 Topography Kit"}]},{"@type":"WebSite","@id":"https:\/\/www.ghostysky.com\/#website","url":"https:\/\/www.ghostysky.com\/","name":"Ghostysky","description":"Fornecendo drones e servi\u00e7os profissionais","publisher":{"@id":"https:\/\/www.ghostysky.com\/#organization"},"potentialAction":[{"@type":"SearchAction","target":{"@type":"EntryPoint","urlTemplate":"https:\/\/www.ghostysky.com\/?s={search_term_string}"},"query-input":{"@type":"PropertyValueSpecification","valueRequired":true,"valueName":"search_term_string"}}],"inLanguage":"pt-PT"},{"@type":"Organization","@id":"https:\/\/www.ghostysky.com\/#organization","name":"Ghostysky","url":"https:\/\/www.ghostysky.com\/","logo":{"@type":"ImageObject","inLanguage":"pt-PT","@id":"https:\/\/www.ghostysky.com\/#\/schema\/logo\/image\/","url":"https:\/\/www.ghostysky.com\/wp-content\/uploads\/2020\/06\/cropped-ghostyskylogo_text_white2.png","contentUrl":"https:\/\/www.ghostysky.com\/wp-content\/uploads\/2020\/06\/cropped-ghostyskylogo_text_white2.png","width":169,"height":56,"caption":"Ghostysky"},"image":{"@id":"https:\/\/www.ghostysky.com\/#\/schema\/logo\/image\/"},"sameAs":["https:\/\/www.facebook.com\/people\/Ghostysky\/100057676170234\/","https:\/\/x.com\/Gh0stysky","https:\/\/www.linkedin.com\/company\/34739653","https:\/\/www.instagram.com\/gh0stysky"]}]}},"_links":{"self":[{"href":"https:\/\/www.ghostysky.com\/pt\/wp-json\/wp\/v2\/product\/23073","targetHints":{"allow":["GET"]}}],"collection":[{"href":"https:\/\/www.ghostysky.com\/pt\/wp-json\/wp\/v2\/product"}],"about":[{"href":"https:\/\/www.ghostysky.com\/pt\/wp-json\/wp\/v2\/types\/product"}],"replies":[{"embeddable":true,"href":"https:\/\/www.ghostysky.com\/pt\/wp-json\/wp\/v2\/comments?post=23073"}],"wp:featuredmedia":[{"embeddable":true,"href":"https:\/\/www.ghostysky.com\/pt\/wp-json\/wp\/v2\/media\/23075"}],"wp:attachment":[{"href":"https:\/\/www.ghostysky.com\/pt\/wp-json\/wp\/v2\/media?parent=23073"}],"wp:term":[{"taxonomy":"product_brand","embeddable":true,"href":"https:\/\/www.ghostysky.com\/pt\/wp-json\/wp\/v2\/product_brand?post=23073"},{"taxonomy":"product_cat","embeddable":true,"href":"https:\/\/www.ghostysky.com\/pt\/wp-json\/wp\/v2\/product_cat?post=23073"},{"taxonomy":"product_tag","embeddable":true,"href":"https:\/\/www.ghostysky.com\/pt\/wp-json\/wp\/v2\/product_tag?post=23073"}],"curies":[{"name":"wp","href":"https:\/\/api.w.org\/{rel}","templated":true}]}}