{"id":23100,"date":"2025-11-11T15:22:07","date_gmt":"2025-11-11T15:22:07","guid":{"rendered":"https:\/\/www.ghostysky.com\/?post_type=product&#038;p=23100"},"modified":"2025-11-11T16:10:39","modified_gmt":"2025-11-11T16:10:39","slug":"dji-mic-3-2-tx-1-rx-charging-case","status":"publish","type":"product","link":"https:\/\/www.ghostysky.com\/pt\/product\/dji-mic-3-2-tx-1-rx-charging-case\/","title":{"rendered":"DJI Mic 3 (2 transmissores + 1 receptor + estojo de carregamento)"},"content":{"rendered":"<h4>Principais caracter\u00edsticas e desempenho profissional<\/h4>\n<p>&nbsp;<\/p>\n<h4>1. Qualidade de \u00e1udio premium e seguran\u00e7a de grava\u00e7\u00e3o<\/h4>\n<ul>\n<li><b>Grava\u00e7\u00e3o interna de ponto flutuante de 32 bits:<\/b><span class=\"citation-129 citation-end-129\"> Os transmissores (TX) possuem 32 GB de armazenamento interno e suportam grava\u00e7\u00e3o em ponto flutuante de 32 bits.<\/span> <span class=\"citation-128 citation-end-128\">Isso proporciona uma faixa din\u00e2mica excepcionalmente alta, evitando o recorte digital (picos) e tornando a p\u00f3s-produ\u00e7\u00e3o flex\u00edvel o suficiente para recuperar detalhes de \u00e1udio, desde sussurros at\u00e9 gritos.<\/span><\/li>\n<li><b><span class=\"citation-127\">Transmiss\u00e3o de \u00e1udio sem perdas:<\/span><\/b><span class=\"citation-127 citation-end-127\"> Suporta transmiss\u00e3o de \u00e1udio sem perdas de 48kHz\/24 bits para uma qualidade de som cristalina e sem compress\u00e3o.<\/span><\/li>\n<li><b>Controle de ganho adaptativo:<\/b><span class=\"citation-126 citation-end-126\"> Oferece o modo Autom\u00e1tico para evitar distor\u00e7\u00f5es em ambientes com alto volume e imprevis\u00edveis (como eventos esportivos) e o modo Din\u00e2mico para um volume consistente em ambientes mais silenciosos, semelhantes a est\u00fadios.<\/span>\n<div class=\"source-inline-chip-container ng-star-inserted\"><\/div>\n<\/li>\n<\/ul>\n<h4>2. Maior confiabilidade e alcance da conex\u00e3o sem fio<\/h4>\n<ul>\n<li><b>Anti-interfer\u00eancia de banda dupla:<\/b><span class=\"citation-125 citation-end-125\"> O sistema alterna automaticamente entre as bandas de 2,4 GHz e 5 GHz para manter uma conex\u00e3o est\u00e1vel e livre de interfer\u00eancias.<\/span><\/li>\n<li><b>Alcance estendido:<\/b><span class=\"citation-124\"> Oferece um alcance de transmiss\u00e3o sem fio robusto de at\u00e9 <\/span><b><span class=\"citation-124\">400 metros<\/span><\/b><span class=\"citation-124 citation-end-124\"> (1.312 p\u00e9s) em condi\u00e7\u00f5es abertas e desobstru\u00eddas, proporcionando confian\u00e7a para filmagens ao ar livre.<\/span>\n<div class=\"source-inline-chip-container ng-star-inserted\"><\/div>\n<\/li>\n<\/ul>\n<h4>3. Versatilidade e facilidade de uso sem precedentes<\/h4>\n<ul>\n<li><b>C\u00f3digo de tempo integrado:<\/b><span class=\"citation-123 citation-end-123\"> O sistema suporta sincroniza\u00e7\u00e3o de c\u00f3digo de tempo de alta precis\u00e3o, garantindo o alinhamento perfeito das faixas de \u00e1udio com as filmagens de v\u00eddeo multic\u00e2mera na p\u00f3s-produ\u00e7\u00e3o.<\/span><\/li>\n<li><b>Cancelamento ativo de ru\u00eddo:<\/b><span class=\"citation-122 citation-end-122\"> Oferece cancelamento de ru\u00eddo em dois n\u00edveis (B\u00e1sico e Forte) para reduzir eficazmente o ru\u00eddo ambiente (ventiladores, vento, tr\u00e2nsito), preservando a clareza vocal.<\/span><\/li>\n<li><b>Fixa\u00e7\u00e3o magn\u00e9tica e por encaixe:<\/b><span class=\"citation-121 citation-end-121\"> Os transmissores s\u00e3o pequenos e leves (aprox.<\/span> <span class=\"citation-120 citation-end-120\">16g), e oferecem m\u00e9todos de fixa\u00e7\u00e3o por clipe e magn\u00e9ticos para uma coloca\u00e7\u00e3o discreta e flex\u00edvel.<\/span><\/li>\n<li><b><span class=\"citation-119\">Tela sens\u00edvel ao toque do receptor:<\/span><\/b><span class=\"citation-119\"> O receptor compacto (RX) apresenta um <\/span><b><span class=\"citation-119\">Tela sens\u00edvel ao toque AMOLED de 1,1 polegadas e um seletor.<\/span><\/b><span class=\"citation-119 citation-end-119\"> Para acesso r\u00e1pido e intuitivo a configura\u00e7\u00f5es como ganho, n\u00edvel da bateria e modos de grava\u00e7\u00e3o.<\/span>\n<div class=\"source-inline-chip-container ng-star-inserted\"><\/div>\n<\/li>\n<\/ul>\n<h4>4. <span class=\"citation-118 citation-end-118\">Solu\u00e7\u00e3o de energia tudo-em-um (estojo de carregamento)<\/span><\/h4>\n<ul>\n<li><b>Vida \u00fatil prolongada da bateria:<\/b><span class=\"citation-117 citation-end-117\"> Os transmissores oferecem 8 horas de dura\u00e7\u00e3o da bateria, e o receptor, 10 horas.<\/span> <span class=\"citation-116\">O estojo de carregamento inclu\u00eddo fornece aproximadamente <\/span><b><span class=\"citation-116\">2,4 cargas completas<\/span><\/b><span class=\"citation-116\"> para todos os componentes, estendendo o tempo total de opera\u00e7\u00e3o para at\u00e9 <\/span><b><span class=\"citation-116\">28 horas<\/span><\/b><span class=\"citation-116 citation-end-116\">.<\/span><\/li>\n<li><b><span class=\"citation-115\">Design pronto para uso:<\/span><\/b><span class=\"citation-115 citation-end-115\"> O estojo de carregamento armazena de forma organizada as duas unidades TX, a unidade RX e acess\u00f3rios essenciais (como protetores de vento e \u00edm\u00e3s) para uma configura\u00e7\u00e3o instant\u00e2nea.<\/span><\/li>\n<\/ul>\n<p>&nbsp;<\/p>\n<h3>O que vem na caixa?<\/h3>\n<ul>\n<li><span class=\"citation-114 citation-end-114\">2x Transmissor DJI Mic 3 (TX)<\/span><\/li>\n<li><span class=\"citation-113 citation-end-113\">1x Receptor DJI Mic 3 (RX)<\/span><\/li>\n<li><span class=\"citation-112 citation-end-112\">1x Estojo de Carregamento para Microfone DJI 3<\/span><\/li>\n<li><span class=\"citation-111 citation-end-111\">1x Adaptador para Celular DJI Mic 3 (USB-C)\u00a0<\/span><\/li>\n<li><span class=\"citation-110 citation-end-110\">1x Cabo Adaptador de \u00c1udio com Trava para Microfone DJI 3 (3,5 mm TRS para TRS) \u00d7 1 (para c\u00e2meras)<\/span><\/li>\n<li><span class=\"citation-109 citation-end-109\">2x Protetor de Vento para Microfone DJI 3 (Preto\/Cinza)<\/span><\/li>\n<li><span class=\"citation-108 citation-end-108\">2x \u00cdm\u00e3s para Microfone DJI 3<\/span><\/li>\n<li><span class=\"citation-107 citation-end-107\">Cabo de dados USB-C para USB-C<\/span><\/li>\n<li><span class=\"citation-106 citation-end-106\">Bolsa de transporte para o microfone DJI 3<\/span>\n<div class=\"source-inline-chip-container ng-star-inserted\"><\/div>\n<\/li>\n<\/ul>\n<p>Essa combina\u00e7\u00e3o faz do DJI Mic 3 uma ferramenta l\u00edder de mercado para captura de \u00e1udio profissional em campo.<\/p>","protected":false},"excerpt":{"rendered":"<p><span class=\"citation-131 citation-end-131\">O DJI Mic 3 \u00e9 um sistema de microfone sem fio compacto e completo, projetado para criadores de conte\u00fado, vloggers, entrevistadores e cineastas que exigem captura de \u00e1udio de alta fidelidade e n\u00edvel profissional em ambientes complexos.<\/span> <span class=\"citation-130\">Este pacote fornece um <\/span><b><span class=\"citation-130\">solu\u00e7\u00e3o completa de grava\u00e7\u00e3o para duas pessoas<\/span><\/b><span class=\"citation-130 citation-end-130\"> Com dois transmissores, um receptor e um estojo de carregamento dedicado, voc\u00ea estar\u00e1 pronto para gravar instantaneamente.<\/span><\/p>","protected":false},"featured_media":23106,"comment_status":"open","ping_status":"closed","template":"","meta":[],"product_brand":[1031],"product_cat":[37,1272,1284],"product_tag":[42,1285],"class_list":{"0":"post-23100","1":"product","2":"type-product","3":"status-publish","4":"has-post-thumbnail","6":"product_brand-dji","7":"product_cat-dji","8":"product_cat-handled","9":"product_cat-mic-3","10":"product_tag-dji","11":"product_tag-dji-mic-3","13":"first","14":"outofstock","15":"taxable","16":"shipping-taxable","17":"purchasable","18":"product-type-simple"},"yoast_head":"<!-- This site is optimized with the Yoast SEO plugin v27.1.1 - https:\/\/yoast.com\/product\/yoast-seo-wordpress\/ -->\n<title>DJI Mic 3 (2 TX + 1 RX + Charging Case) - Ghostysky<\/title>\n<meta name=\"description\" content=\"The DJI Mic 3 is an advanced, all-in-one compact wireless microphone system designed for content creators, vloggers, interviewers, and filmmakers who demand professional-grade, high-fidelity audio capture in complex environments. This package provides a complete two-person recording solution with two transmitters, one receiver, and a dedicated charging case, ensuring you are ready to record instantly.\" \/>\n<meta name=\"robots\" content=\"index, follow, max-snippet:-1, max-image-preview:large, max-video-preview:-1\" \/>\n<link rel=\"canonical\" href=\"https:\/\/www.ghostysky.com\/pt\/produto-2\/dji-mic-3-2-tx-1-rx-charging-case\/\" \/>\n<meta property=\"og:locale\" content=\"pt_PT\" \/>\n<meta property=\"og:type\" content=\"article\" \/>\n<meta property=\"og:title\" content=\"DJI Mic 3 (2 TX + 1 RX + Charging Case) - Ghostysky\" \/>\n<meta property=\"og:description\" content=\"The DJI Mic 3 is an advanced, all-in-one compact wireless microphone system designed for content creators, vloggers, interviewers, and filmmakers who demand professional-grade, high-fidelity audio capture in complex environments. This package provides a complete two-person recording solution with two transmitters, one receiver, and a dedicated charging case, ensuring you are ready to record instantly.\" \/>\n<meta property=\"og:url\" content=\"https:\/\/www.ghostysky.com\/pt\/produto-2\/dji-mic-3-2-tx-1-rx-charging-case\/\" \/>\n<meta property=\"og:site_name\" content=\"Ghostysky\" \/>\n<meta property=\"article:publisher\" content=\"https:\/\/www.facebook.com\/people\/Ghostysky\/100057676170234\/\" \/>\n<meta property=\"article:modified_time\" content=\"2025-11-11T16:10:39+00:00\" \/>\n<meta property=\"og:image\" content=\"https:\/\/www.ghostysky.com\/wp-content\/uploads\/2025\/11\/GH_DJI-Mic-3-2-TX-1-RX-Charging-Case_1.jpg\" \/>\n\t<meta property=\"og:image:width\" content=\"800\" \/>\n\t<meta property=\"og:image:height\" content=\"800\" \/>\n\t<meta property=\"og:image:type\" content=\"image\/jpeg\" \/>\n<meta name=\"twitter:card\" content=\"summary_large_image\" \/>\n<meta name=\"twitter:site\" content=\"@Gh0stysky\" \/>\n<meta name=\"twitter:label1\" content=\"Tempo estimado de leitura\" \/>\n\t<meta name=\"twitter:data1\" content=\"2 minutos\" \/>\n<script type=\"application\/ld+json\" class=\"yoast-schema-graph\">{\"@context\":\"https:\/\/schema.org\",\"@graph\":[{\"@type\":\"WebPage\",\"@id\":\"https:\/\/www.ghostysky.com\/product\/dji-mic-3-2-tx-1-rx-charging-case\/\",\"url\":\"https:\/\/www.ghostysky.com\/product\/dji-mic-3-2-tx-1-rx-charging-case\/\",\"name\":\"DJI Mic 3 (2 TX + 1 RX + Charging Case) - Ghostysky\",\"isPartOf\":{\"@id\":\"https:\/\/www.ghostysky.com\/#website\"},\"primaryImageOfPage\":{\"@id\":\"https:\/\/www.ghostysky.com\/product\/dji-mic-3-2-tx-1-rx-charging-case\/#primaryimage\"},\"image\":{\"@id\":\"https:\/\/www.ghostysky.com\/product\/dji-mic-3-2-tx-1-rx-charging-case\/#primaryimage\"},\"thumbnailUrl\":\"https:\/\/www.ghostysky.com\/wp-content\/uploads\/2025\/11\/GH_DJI-Mic-3-2-TX-1-RX-Charging-Case_1.jpg\",\"datePublished\":\"2025-11-11T15:22:07+00:00\",\"dateModified\":\"2025-11-11T16:10:39+00:00\",\"description\":\"The DJI Mic 3 is an advanced, all-in-one compact wireless microphone system designed for content creators, vloggers, interviewers, and filmmakers who demand professional-grade, high-fidelity audio capture in complex environments. This package provides a complete two-person recording solution with two transmitters, one receiver, and a dedicated charging case, ensuring you are ready to record instantly.\",\"breadcrumb\":{\"@id\":\"https:\/\/www.ghostysky.com\/product\/dji-mic-3-2-tx-1-rx-charging-case\/#breadcrumb\"},\"inLanguage\":\"pt-PT\",\"potentialAction\":[{\"@type\":\"ReadAction\",\"target\":[\"https:\/\/www.ghostysky.com\/product\/dji-mic-3-2-tx-1-rx-charging-case\/\"]}]},{\"@type\":\"ImageObject\",\"inLanguage\":\"pt-PT\",\"@id\":\"https:\/\/www.ghostysky.com\/product\/dji-mic-3-2-tx-1-rx-charging-case\/#primaryimage\",\"url\":\"https:\/\/www.ghostysky.com\/wp-content\/uploads\/2025\/11\/GH_DJI-Mic-3-2-TX-1-RX-Charging-Case_1.jpg\",\"contentUrl\":\"https:\/\/www.ghostysky.com\/wp-content\/uploads\/2025\/11\/GH_DJI-Mic-3-2-TX-1-RX-Charging-Case_1.jpg\",\"width\":800,\"height\":800},{\"@type\":\"BreadcrumbList\",\"@id\":\"https:\/\/www.ghostysky.com\/product\/dji-mic-3-2-tx-1-rx-charging-case\/#breadcrumb\",\"itemListElement\":[{\"@type\":\"ListItem\",\"position\":1,\"name\":\"Home\",\"item\":\"https:\/\/www.ghostysky.com\/\"},{\"@type\":\"ListItem\",\"position\":2,\"name\":\"Shop\",\"item\":\"https:\/\/www.ghostysky.com\/shop\/\"},{\"@type\":\"ListItem\",\"position\":3,\"name\":\"DJI Mic 3 (2 TX + 1 RX + Charging Case)\"}]},{\"@type\":\"WebSite\",\"@id\":\"https:\/\/www.ghostysky.com\/#website\",\"url\":\"https:\/\/www.ghostysky.com\/\",\"name\":\"Ghostysky\",\"description\":\"Delivering professional drones and services\",\"publisher\":{\"@id\":\"https:\/\/www.ghostysky.com\/#organization\"},\"potentialAction\":[{\"@type\":\"SearchAction\",\"target\":{\"@type\":\"EntryPoint\",\"urlTemplate\":\"https:\/\/www.ghostysky.com\/?s={search_term_string}\"},\"query-input\":{\"@type\":\"PropertyValueSpecification\",\"valueRequired\":true,\"valueName\":\"search_term_string\"}}],\"inLanguage\":\"pt-PT\"},{\"@type\":\"Organization\",\"@id\":\"https:\/\/www.ghostysky.com\/#organization\",\"name\":\"Ghostysky\",\"url\":\"https:\/\/www.ghostysky.com\/\",\"logo\":{\"@type\":\"ImageObject\",\"inLanguage\":\"pt-PT\",\"@id\":\"https:\/\/www.ghostysky.com\/#\/schema\/logo\/image\/\",\"url\":\"https:\/\/www.ghostysky.com\/wp-content\/uploads\/2020\/06\/cropped-ghostyskylogo_text_white2.png\",\"contentUrl\":\"https:\/\/www.ghostysky.com\/wp-content\/uploads\/2020\/06\/cropped-ghostyskylogo_text_white2.png\",\"width\":169,\"height\":56,\"caption\":\"Ghostysky\"},\"image\":{\"@id\":\"https:\/\/www.ghostysky.com\/#\/schema\/logo\/image\/\"},\"sameAs\":[\"https:\/\/www.facebook.com\/people\/Ghostysky\/100057676170234\/\",\"https:\/\/x.com\/Gh0stysky\",\"https:\/\/www.linkedin.com\/company\/34739653\",\"https:\/\/www.instagram.com\/gh0stysky\"]}]}<\/script>\n<!-- \/ Yoast SEO plugin. -->","yoast_head_json":{"title":"DJI Mic 3 (2 transmissores + 1 receptor + estojo de carregamento) - Ghostysky","description":"O DJI Mic 3 \u00e9 um sistema de microfone sem fio compacto e completo, projetado para criadores de conte\u00fado, vloggers, entrevistadores e cineastas que exigem captura de \u00e1udio profissional e de alta fidelidade em ambientes complexos. Este pacote oferece uma solu\u00e7\u00e3o completa de grava\u00e7\u00e3o para duas pessoas, com dois transmissores, um receptor e um estojo de carregamento dedicado, garantindo que voc\u00ea esteja pronto para gravar instantaneamente.","robots":{"index":"index","follow":"follow","max-snippet":"max-snippet:-1","max-image-preview":"max-image-preview:large","max-video-preview":"max-video-preview:-1"},"canonical":"https:\/\/www.ghostysky.com\/pt\/produto-2\/dji-mic-3-2-tx-1-rx-charging-case\/","og_locale":"pt_PT","og_type":"article","og_title":"DJI Mic 3 (2 TX + 1 RX + Charging Case) - Ghostysky","og_description":"The DJI Mic 3 is an advanced, all-in-one compact wireless microphone system designed for content creators, vloggers, interviewers, and filmmakers who demand professional-grade, high-fidelity audio capture in complex environments. This package provides a complete two-person recording solution with two transmitters, one receiver, and a dedicated charging case, ensuring you are ready to record instantly.","og_url":"https:\/\/www.ghostysky.com\/pt\/produto-2\/dji-mic-3-2-tx-1-rx-charging-case\/","og_site_name":"Ghostysky","article_publisher":"https:\/\/www.facebook.com\/people\/Ghostysky\/100057676170234\/","article_modified_time":"2025-11-11T16:10:39+00:00","og_image":[{"width":800,"height":800,"url":"https:\/\/www.ghostysky.com\/wp-content\/uploads\/2025\/11\/GH_DJI-Mic-3-2-TX-1-RX-Charging-Case_1.jpg","type":"image\/jpeg"}],"twitter_card":"summary_large_image","twitter_site":"@Gh0stysky","twitter_misc":{"Tempo estimado de leitura":"2 minutos"},"schema":{"@context":"https:\/\/schema.org","@graph":[{"@type":"WebPage","@id":"https:\/\/www.ghostysky.com\/product\/dji-mic-3-2-tx-1-rx-charging-case\/","url":"https:\/\/www.ghostysky.com\/product\/dji-mic-3-2-tx-1-rx-charging-case\/","name":"DJI Mic 3 (2 transmissores + 1 receptor + estojo de carregamento) - Ghostysky","isPartOf":{"@id":"https:\/\/www.ghostysky.com\/#website"},"primaryImageOfPage":{"@id":"https:\/\/www.ghostysky.com\/product\/dji-mic-3-2-tx-1-rx-charging-case\/#primaryimage"},"image":{"@id":"https:\/\/www.ghostysky.com\/product\/dji-mic-3-2-tx-1-rx-charging-case\/#primaryimage"},"thumbnailUrl":"https:\/\/www.ghostysky.com\/wp-content\/uploads\/2025\/11\/GH_DJI-Mic-3-2-TX-1-RX-Charging-Case_1.jpg","datePublished":"2025-11-11T15:22:07+00:00","dateModified":"2025-11-11T16:10:39+00:00","description":"O DJI Mic 3 \u00e9 um sistema de microfone sem fio compacto e completo, projetado para criadores de conte\u00fado, vloggers, entrevistadores e cineastas que exigem captura de \u00e1udio profissional e de alta fidelidade em ambientes complexos. Este pacote oferece uma solu\u00e7\u00e3o completa de grava\u00e7\u00e3o para duas pessoas, com dois transmissores, um receptor e um estojo de carregamento dedicado, garantindo que voc\u00ea esteja pronto para gravar instantaneamente.","breadcrumb":{"@id":"https:\/\/www.ghostysky.com\/product\/dji-mic-3-2-tx-1-rx-charging-case\/#breadcrumb"},"inLanguage":"pt-PT","potentialAction":[{"@type":"ReadAction","target":["https:\/\/www.ghostysky.com\/product\/dji-mic-3-2-tx-1-rx-charging-case\/"]}]},{"@type":"ImageObject","inLanguage":"pt-PT","@id":"https:\/\/www.ghostysky.com\/product\/dji-mic-3-2-tx-1-rx-charging-case\/#primaryimage","url":"https:\/\/www.ghostysky.com\/wp-content\/uploads\/2025\/11\/GH_DJI-Mic-3-2-TX-1-RX-Charging-Case_1.jpg","contentUrl":"https:\/\/www.ghostysky.com\/wp-content\/uploads\/2025\/11\/GH_DJI-Mic-3-2-TX-1-RX-Charging-Case_1.jpg","width":800,"height":800},{"@type":"BreadcrumbList","@id":"https:\/\/www.ghostysky.com\/product\/dji-mic-3-2-tx-1-rx-charging-case\/#breadcrumb","itemListElement":[{"@type":"ListItem","position":1,"name":"Home","item":"https:\/\/www.ghostysky.com\/"},{"@type":"ListItem","position":2,"name":"Shop","item":"https:\/\/www.ghostysky.com\/shop\/"},{"@type":"ListItem","position":3,"name":"DJI Mic 3 (2 TX + 1 RX + Charging Case)"}]},{"@type":"WebSite","@id":"https:\/\/www.ghostysky.com\/#website","url":"https:\/\/www.ghostysky.com\/","name":"Ghostysky","description":"Fornecendo drones e servi\u00e7os profissionais","publisher":{"@id":"https:\/\/www.ghostysky.com\/#organization"},"potentialAction":[{"@type":"SearchAction","target":{"@type":"EntryPoint","urlTemplate":"https:\/\/www.ghostysky.com\/?s={search_term_string}"},"query-input":{"@type":"PropertyValueSpecification","valueRequired":true,"valueName":"search_term_string"}}],"inLanguage":"pt-PT"},{"@type":"Organization","@id":"https:\/\/www.ghostysky.com\/#organization","name":"Ghostysky","url":"https:\/\/www.ghostysky.com\/","logo":{"@type":"ImageObject","inLanguage":"pt-PT","@id":"https:\/\/www.ghostysky.com\/#\/schema\/logo\/image\/","url":"https:\/\/www.ghostysky.com\/wp-content\/uploads\/2020\/06\/cropped-ghostyskylogo_text_white2.png","contentUrl":"https:\/\/www.ghostysky.com\/wp-content\/uploads\/2020\/06\/cropped-ghostyskylogo_text_white2.png","width":169,"height":56,"caption":"Ghostysky"},"image":{"@id":"https:\/\/www.ghostysky.com\/#\/schema\/logo\/image\/"},"sameAs":["https:\/\/www.facebook.com\/people\/Ghostysky\/100057676170234\/","https:\/\/x.com\/Gh0stysky","https:\/\/www.linkedin.com\/company\/34739653","https:\/\/www.instagram.com\/gh0stysky"]}]}},"_links":{"self":[{"href":"https:\/\/www.ghostysky.com\/pt\/wp-json\/wp\/v2\/product\/23100","targetHints":{"allow":["GET"]}}],"collection":[{"href":"https:\/\/www.ghostysky.com\/pt\/wp-json\/wp\/v2\/product"}],"about":[{"href":"https:\/\/www.ghostysky.com\/pt\/wp-json\/wp\/v2\/types\/product"}],"replies":[{"embeddable":true,"href":"https:\/\/www.ghostysky.com\/pt\/wp-json\/wp\/v2\/comments?post=23100"}],"wp:featuredmedia":[{"embeddable":true,"href":"https:\/\/www.ghostysky.com\/pt\/wp-json\/wp\/v2\/media\/23106"}],"wp:attachment":[{"href":"https:\/\/www.ghostysky.com\/pt\/wp-json\/wp\/v2\/media?parent=23100"}],"wp:term":[{"taxonomy":"product_brand","embeddable":true,"href":"https:\/\/www.ghostysky.com\/pt\/wp-json\/wp\/v2\/product_brand?post=23100"},{"taxonomy":"product_cat","embeddable":true,"href":"https:\/\/www.ghostysky.com\/pt\/wp-json\/wp\/v2\/product_cat?post=23100"},{"taxonomy":"product_tag","embeddable":true,"href":"https:\/\/www.ghostysky.com\/pt\/wp-json\/wp\/v2\/product_tag?post=23100"}],"curies":[{"name":"wp","href":"https:\/\/api.w.org\/{rel}","templated":true}]}}