{"id":23110,"date":"2025-11-11T15:25:01","date_gmt":"2025-11-11T15:25:01","guid":{"rendered":"https:\/\/www.ghostysky.com\/?post_type=product&#038;p=23110"},"modified":"2025-11-11T16:11:36","modified_gmt":"2025-11-11T16:11:36","slug":"dji-mic-3-1-tx-1-rx","status":"publish","type":"product","link":"https:\/\/www.ghostysky.com\/pt\/product\/dji-mic-3-1-tx-1-rx\/","title":{"rendered":"DJI Mic 3 (1 transmissor + 1 receptor)"},"content":{"rendered":"<h4>Destaques e Principais Recursos<\/h4>\n<table>\n<thead>\n<tr>\n<td><strong>Categoria<\/strong><\/td>\n<td><strong>Recurso Chave<\/strong><\/td>\n<td><strong>Bene alarde para o Utilizador<\/strong><\/td>\n<\/tr>\n<\/thead>\n<tbody>\n<tr>\n<td><b>Qualidade de \u00e1udio profissional<\/b><\/td>\n<td><b>Grava\u00e7\u00e3o interna 32 bits Float<\/b><\/td>\n<td>Captura uma vasta gama din\u00e2mica de \u00e1udio (do sussurro ao grito) sem risco de <i>recorte<\/i> ou alterar, simplificando significativamente a p\u00f3s-produ\u00e7\u00e3o.<\/td>\n<\/tr>\n<tr>\n<td><b>Conectividade Avan\u00e7ada<\/b><\/td>\n<td><b>Timecode Integrado<\/b><\/td>\n<td>Suporta sincroniza\u00e7\u00e3o de \u00e1udio e v\u00eddeo de alta precis\u00e3o entre v\u00e1rias c\u00e2maras na p\u00f3s-produ\u00e7\u00e3o, economizando tempo valioso na edi\u00e7\u00e3o.<\/td>\n<\/tr>\n<tr>\n<td><b>\u00c1udio Inteligente<\/b><\/td>\n<td><b>Controle de Ganho Adaptativo<\/b><\/td>\n<td>Ajusta automaticamente os n\u00edveis de grava\u00e7\u00e3o em tempo real (Modo Autom\u00e1tico para prevenir picos e Modo Din\u00e2mico para equil\u00edbrio consistente).<\/td>\n<\/tr>\n<tr>\n<td><b>Clareza de Voz<\/b><\/td>\n<td><b>Cancelamento de Ru\u00eddo Ativo (2 N\u00edveis)<\/b><\/td>\n<td>Oferece filtragem de ru\u00eddo de fundo (como vento, tr\u00e1fego ou ar condicionado) para garantir que as vozes sejam gravadas com clareza em qualquer ambiente.<\/td>\n<\/tr>\n<tr>\n<td><b>Design e usabilidade<\/b><\/td>\n<td><b>Formato Compacto e Fixa\u00e7\u00e3o Magn\u00e9tica<\/b><\/td>\n<td>O transmissor \u00e9 leve (aprox. 16g) e discreto, podendo ser determinado de forma segura e r\u00e1pida \u00e0 roupa com um \u00edman ou clipe rotativo.<\/td>\n<\/tr>\n<\/tbody>\n<\/table>\n<p>&nbsp;<\/p>\n<h4>Especifica\u00e7\u00f5es T\u00e9cnicas Essenciais<\/h4>\n<ul>\n<li><b><span class=\"citation-149\">Configura\u00e7\u00e3o:<\/span><\/b><span class=\"citation-149 citation-end-149\"> 1 Transmissor (TX) + 1 Receptor (RX).<\/span><\/li>\n<li><b>Tipo de Microfone:<\/b> Omnidirecional (integrado no TX).<\/li>\n<li><b>Qualidade de Grava\u00e7\u00e3o:<\/b><span class=\"citation-148 citation-end-148\"> Float de 32 bits e 24 bits (selecion\u00e1vel).<\/span><\/li>\n<li><b><span class=\"citation-147\">Mem\u00f3ria Interna (TX):<\/span><\/b><span class=\"citation-147\"> 32 GB, permitindo at\u00e9 <\/span><b><span class=\"citation-147\">43 horas<\/span><\/b><span class=\"citation-147 citation-end-147\"> de grava\u00e7\u00e3o em float de 32 bits (ficheiro \u00fanico).<\/span><\/li>\n<li><b><span class=\"citation-146\">Alcance de Transmiss\u00e3o:<\/span><\/b><span class=\"citation-146\"> Comi <\/span><b><span class=\"citation-146\">400 metros<\/span><\/b><span class=\"citation-146 citation-end-146\"> (em ambiente livre de interfer\u00eancias).<sup class=\"superscript\" data-turn-source-index=\"6\">6<\/sup><\/span> <span class=\"citation-145 citation-end-145\">Utiliza transmiss\u00e3o Dual Band (2,4 GHz\/5 GHz) com salto autom\u00e1tico de frequ\u00eancia.<sup class=\"superscript\" data-turn-source-index=\"7\">7<\/sup><\/span><\/li>\n<li><b>Autonomia da Bateria:<\/b>\n<ul>\n<li><span class=\"citation-144 citation-end-144\">Transmissor (TX): At\u00e9 8 horas.<\/span><\/li>\n<li><span class=\"citation-143 citation-end-143\">Receptor (RX): At\u00e9 10 horas.<\/span><\/li>\n<\/ul>\n<\/li>\n<li><b>Receptor (RX):<\/b> um <b>AMOLED t\u00e1til de 1,1 polegadas<\/b> para controle e monitoriza\u00e7\u00e3o f\u00e1cil de configura\u00e7\u00f5es, <i>status<\/i> da bateria e n\u00edveis de \u00e1udio.<\/li>\n<li><b>Conex\u00f5es do Recetor:<\/b><span class=\"citation-142\"> Sa\u00edda de 3,5mm (TRS) e USB-C\/Lightning (adaptadores inclu\u00eddos para c\u00e2maras, <\/span><i><span class=\"citation-142\">smartphones<\/span><\/i><span class=\"citation-142 citation-end-142\"> e PCs).<\/span><\/li>\n<\/ul>\n<p>O DJI Mic 3 \u00e9 uma ferramenta ideal para elevar a qualidade do seu conte\u00fado, fornecendo recursos de n\u00edvel profissional num formato que prioriza a portabilidade e a facilidade de uso.<\/p>","protected":false},"excerpt":{"rendered":"<p><span class=\"citation-151\">O <\/span><b><span class=\"citation-151\">DJI Mic 3 (1 transmissor + 1 receptor)<\/span><\/b><span class=\"citation-151\"> \u00e9 um sistema de microfone sem fios avan\u00e7ado e ultracompacto, projetado para criadores de conte\u00fado, <\/span><i><span class=\"citation-151\">vloggers<\/span><\/i><span class=\"citation-151 citation-end-151\"> e cineastas solo que transmitem \u00e1udio profissional e de alta fidelidade com m\u00e1xima efici\u00eancia e mobilidade.<\/span><\/p>\n<p><span class=\"citation-150\">Esta configura\u00e7\u00e3o inclui <\/span><b><span class=\"citation-150\">um transmissor (TX)<\/span><\/b><span class=\"citation-150\"> com microfone integrado e <\/span><b><span class=\"citation-150\">um receptor (RX)<\/span><\/b><span class=\"citation-150\">, ideal para entrevistas a uma s\u00f3 pessoa, <\/span><i><span class=\"citation-150\">vlogs<\/span><\/i><span class=\"citation-150 citation-end-150\"> e ao vivo.<\/span><\/p>","protected":false},"featured_media":23119,"comment_status":"open","ping_status":"closed","template":"","meta":[],"product_brand":[1031],"product_cat":[37,1272,1284],"product_tag":[42,1285],"class_list":{"0":"post-23110","1":"product","2":"type-product","3":"status-publish","4":"has-post-thumbnail","6":"product_brand-dji","7":"product_cat-dji","8":"product_cat-handled","9":"product_cat-mic-3","10":"product_tag-dji","11":"product_tag-dji-mic-3","13":"first","14":"outofstock","15":"taxable","16":"shipping-taxable","17":"purchasable","18":"product-type-simple"},"yoast_head":"<!-- This site is optimized with the Yoast SEO plugin v27.1.1 - https:\/\/yoast.com\/product\/yoast-seo-wordpress\/ -->\n<title>DJI Mic 3 (1 TX + 1 RX) - Ghostysky<\/title>\n<meta name=\"description\" content=\"O DJI Mic 3 (1 TX + 1 RX) \u00e9 um sistema de microfone sem fios avan\u00e7ado e ultracompacto, projetado para criadores de conte\u00fado, vloggers e cineastas solo que necessitam de \u00e1udio profissional e de alta fidelidade com m\u00e1xima efici\u00eancia e mobilidade.Esta configura\u00e7\u00e3o inclui um transmissor (TX) com microfone integrado e um recetor (RX), ideal para entrevistas a uma s\u00f3 pessoa, vlogs e transmiss\u00f5es ao vivo.\" \/>\n<meta name=\"robots\" content=\"index, follow, max-snippet:-1, max-image-preview:large, max-video-preview:-1\" \/>\n<link rel=\"canonical\" href=\"https:\/\/www.ghostysky.com\/pt\/produto-2\/dji-mic-3-1-tx-1-rx\/\" \/>\n<meta property=\"og:locale\" content=\"pt_PT\" \/>\n<meta property=\"og:type\" content=\"article\" \/>\n<meta property=\"og:title\" content=\"DJI Mic 3 (1 TX + 1 RX) - Ghostysky\" \/>\n<meta property=\"og:description\" content=\"O DJI Mic 3 (1 TX + 1 RX) \u00e9 um sistema de microfone sem fios avan\u00e7ado e ultracompacto, projetado para criadores de conte\u00fado, vloggers e cineastas solo que necessitam de \u00e1udio profissional e de alta fidelidade com m\u00e1xima efici\u00eancia e mobilidade.Esta configura\u00e7\u00e3o inclui um transmissor (TX) com microfone integrado e um recetor (RX), ideal para entrevistas a uma s\u00f3 pessoa, vlogs e transmiss\u00f5es ao vivo.\" \/>\n<meta property=\"og:url\" content=\"https:\/\/www.ghostysky.com\/pt\/produto-2\/dji-mic-3-1-tx-1-rx\/\" \/>\n<meta property=\"og:site_name\" content=\"Ghostysky\" \/>\n<meta property=\"article:publisher\" content=\"https:\/\/www.facebook.com\/people\/Ghostysky\/100057676170234\/\" \/>\n<meta property=\"article:modified_time\" content=\"2025-11-11T16:11:36+00:00\" \/>\n<meta property=\"og:image\" content=\"https:\/\/www.ghostysky.com\/wp-content\/uploads\/2025\/11\/GH_DJI-Mic-3-1-TX-1-RX_4.jpg\" \/>\n\t<meta property=\"og:image:width\" content=\"800\" \/>\n\t<meta property=\"og:image:height\" content=\"800\" \/>\n\t<meta property=\"og:image:type\" content=\"image\/jpeg\" \/>\n<meta name=\"twitter:card\" content=\"summary_large_image\" \/>\n<meta name=\"twitter:site\" content=\"@Gh0stysky\" \/>\n<meta name=\"twitter:label1\" content=\"Tempo estimado de leitura\" \/>\n\t<meta name=\"twitter:data1\" content=\"2 minutos\" \/>\n<script type=\"application\/ld+json\" class=\"yoast-schema-graph\">{\"@context\":\"https:\/\/schema.org\",\"@graph\":[{\"@type\":\"WebPage\",\"@id\":\"https:\/\/www.ghostysky.com\/product\/dji-mic-3-1-tx-1-rx\/\",\"url\":\"https:\/\/www.ghostysky.com\/product\/dji-mic-3-1-tx-1-rx\/\",\"name\":\"DJI Mic 3 (1 TX + 1 RX) - Ghostysky\",\"isPartOf\":{\"@id\":\"https:\/\/www.ghostysky.com\/#website\"},\"primaryImageOfPage\":{\"@id\":\"https:\/\/www.ghostysky.com\/product\/dji-mic-3-1-tx-1-rx\/#primaryimage\"},\"image\":{\"@id\":\"https:\/\/www.ghostysky.com\/product\/dji-mic-3-1-tx-1-rx\/#primaryimage\"},\"thumbnailUrl\":\"https:\/\/www.ghostysky.com\/wp-content\/uploads\/2025\/11\/GH_DJI-Mic-3-1-TX-1-RX_4.jpg\",\"datePublished\":\"2025-11-11T15:25:01+00:00\",\"dateModified\":\"2025-11-11T16:11:36+00:00\",\"description\":\"O DJI Mic 3 (1 TX + 1 RX) \u00e9 um sistema de microfone sem fios avan\u00e7ado e ultracompacto, projetado para criadores de conte\u00fado, vloggers e cineastas solo que necessitam de \u00e1udio profissional e de alta fidelidade com m\u00e1xima efici\u00eancia e mobilidade.Esta configura\u00e7\u00e3o inclui um transmissor (TX) com microfone integrado e um recetor (RX), ideal para entrevistas a uma s\u00f3 pessoa, vlogs e transmiss\u00f5es ao vivo.\",\"breadcrumb\":{\"@id\":\"https:\/\/www.ghostysky.com\/product\/dji-mic-3-1-tx-1-rx\/#breadcrumb\"},\"inLanguage\":\"pt-PT\",\"potentialAction\":[{\"@type\":\"ReadAction\",\"target\":[\"https:\/\/www.ghostysky.com\/product\/dji-mic-3-1-tx-1-rx\/\"]}]},{\"@type\":\"ImageObject\",\"inLanguage\":\"pt-PT\",\"@id\":\"https:\/\/www.ghostysky.com\/product\/dji-mic-3-1-tx-1-rx\/#primaryimage\",\"url\":\"https:\/\/www.ghostysky.com\/wp-content\/uploads\/2025\/11\/GH_DJI-Mic-3-1-TX-1-RX_4.jpg\",\"contentUrl\":\"https:\/\/www.ghostysky.com\/wp-content\/uploads\/2025\/11\/GH_DJI-Mic-3-1-TX-1-RX_4.jpg\",\"width\":800,\"height\":800},{\"@type\":\"BreadcrumbList\",\"@id\":\"https:\/\/www.ghostysky.com\/product\/dji-mic-3-1-tx-1-rx\/#breadcrumb\",\"itemListElement\":[{\"@type\":\"ListItem\",\"position\":1,\"name\":\"Home\",\"item\":\"https:\/\/www.ghostysky.com\/\"},{\"@type\":\"ListItem\",\"position\":2,\"name\":\"Shop\",\"item\":\"https:\/\/www.ghostysky.com\/shop\/\"},{\"@type\":\"ListItem\",\"position\":3,\"name\":\"DJI Mic 3 (1 TX + 1 RX)\"}]},{\"@type\":\"WebSite\",\"@id\":\"https:\/\/www.ghostysky.com\/#website\",\"url\":\"https:\/\/www.ghostysky.com\/\",\"name\":\"Ghostysky\",\"description\":\"Delivering professional drones and services\",\"publisher\":{\"@id\":\"https:\/\/www.ghostysky.com\/#organization\"},\"potentialAction\":[{\"@type\":\"SearchAction\",\"target\":{\"@type\":\"EntryPoint\",\"urlTemplate\":\"https:\/\/www.ghostysky.com\/?s={search_term_string}\"},\"query-input\":{\"@type\":\"PropertyValueSpecification\",\"valueRequired\":true,\"valueName\":\"search_term_string\"}}],\"inLanguage\":\"pt-PT\"},{\"@type\":\"Organization\",\"@id\":\"https:\/\/www.ghostysky.com\/#organization\",\"name\":\"Ghostysky\",\"url\":\"https:\/\/www.ghostysky.com\/\",\"logo\":{\"@type\":\"ImageObject\",\"inLanguage\":\"pt-PT\",\"@id\":\"https:\/\/www.ghostysky.com\/#\/schema\/logo\/image\/\",\"url\":\"https:\/\/www.ghostysky.com\/wp-content\/uploads\/2020\/06\/cropped-ghostyskylogo_text_white2.png\",\"contentUrl\":\"https:\/\/www.ghostysky.com\/wp-content\/uploads\/2020\/06\/cropped-ghostyskylogo_text_white2.png\",\"width\":169,\"height\":56,\"caption\":\"Ghostysky\"},\"image\":{\"@id\":\"https:\/\/www.ghostysky.com\/#\/schema\/logo\/image\/\"},\"sameAs\":[\"https:\/\/www.facebook.com\/people\/Ghostysky\/100057676170234\/\",\"https:\/\/x.com\/Gh0stysky\",\"https:\/\/www.linkedin.com\/company\/34739653\",\"https:\/\/www.instagram.com\/gh0stysky\"]}]}<\/script>\n<!-- \/ Yoast SEO plugin. -->","yoast_head_json":{"title":"DJI Mic 3 (1 TX + 1 RX) - Ghostysky","description":"O DJI Mic 3 (1 TX + 1 RX) \u00e9 um sistema de microfone sem fios avan\u00e7ado e ultracompacto, projetado para criadores de conte\u00fado, vloggers e cineastas solo que apresentam \u00e1udio profissional e de alta fidelidade com m\u00e1xima efici\u00eancia e mobilidade.","robots":{"index":"index","follow":"follow","max-snippet":"max-snippet:-1","max-image-preview":"max-image-preview:large","max-video-preview":"max-video-preview:-1"},"canonical":"https:\/\/www.ghostysky.com\/pt\/produto-2\/dji-mic-3-1-tx-1-rx\/","og_locale":"pt_PT","og_type":"article","og_title":"DJI Mic 3 (1 TX + 1 RX) - Ghostysky","og_description":"O DJI Mic 3 (1 TX + 1 RX) \u00e9 um sistema de microfone sem fios avan\u00e7ado e ultracompacto, projetado para criadores de conte\u00fado, vloggers e cineastas solo que necessitam de \u00e1udio profissional e de alta fidelidade com m\u00e1xima efici\u00eancia e mobilidade.Esta configura\u00e7\u00e3o inclui um transmissor (TX) com microfone integrado e um recetor (RX), ideal para entrevistas a uma s\u00f3 pessoa, vlogs e transmiss\u00f5es ao vivo.","og_url":"https:\/\/www.ghostysky.com\/pt\/produto-2\/dji-mic-3-1-tx-1-rx\/","og_site_name":"Ghostysky","article_publisher":"https:\/\/www.facebook.com\/people\/Ghostysky\/100057676170234\/","article_modified_time":"2025-11-11T16:11:36+00:00","og_image":[{"width":800,"height":800,"url":"https:\/\/www.ghostysky.com\/wp-content\/uploads\/2025\/11\/GH_DJI-Mic-3-1-TX-1-RX_4.jpg","type":"image\/jpeg"}],"twitter_card":"summary_large_image","twitter_site":"@Gh0stysky","twitter_misc":{"Tempo estimado de leitura":"2 minutos"},"schema":{"@context":"https:\/\/schema.org","@graph":[{"@type":"WebPage","@id":"https:\/\/www.ghostysky.com\/product\/dji-mic-3-1-tx-1-rx\/","url":"https:\/\/www.ghostysky.com\/product\/dji-mic-3-1-tx-1-rx\/","name":"DJI Mic 3 (1 TX + 1 RX) - Ghostysky","isPartOf":{"@id":"https:\/\/www.ghostysky.com\/#website"},"primaryImageOfPage":{"@id":"https:\/\/www.ghostysky.com\/product\/dji-mic-3-1-tx-1-rx\/#primaryimage"},"image":{"@id":"https:\/\/www.ghostysky.com\/product\/dji-mic-3-1-tx-1-rx\/#primaryimage"},"thumbnailUrl":"https:\/\/www.ghostysky.com\/wp-content\/uploads\/2025\/11\/GH_DJI-Mic-3-1-TX-1-RX_4.jpg","datePublished":"2025-11-11T15:25:01+00:00","dateModified":"2025-11-11T16:11:36+00:00","description":"O DJI Mic 3 (1 TX + 1 RX) \u00e9 um sistema de microfone sem fios avan\u00e7ado e ultracompacto, projetado para criadores de conte\u00fado, vloggers e cineastas solo que apresentam \u00e1udio profissional e de alta fidelidade com m\u00e1xima efici\u00eancia e mobilidade.","breadcrumb":{"@id":"https:\/\/www.ghostysky.com\/product\/dji-mic-3-1-tx-1-rx\/#breadcrumb"},"inLanguage":"pt-PT","potentialAction":[{"@type":"ReadAction","target":["https:\/\/www.ghostysky.com\/product\/dji-mic-3-1-tx-1-rx\/"]}]},{"@type":"ImageObject","inLanguage":"pt-PT","@id":"https:\/\/www.ghostysky.com\/product\/dji-mic-3-1-tx-1-rx\/#primaryimage","url":"https:\/\/www.ghostysky.com\/wp-content\/uploads\/2025\/11\/GH_DJI-Mic-3-1-TX-1-RX_4.jpg","contentUrl":"https:\/\/www.ghostysky.com\/wp-content\/uploads\/2025\/11\/GH_DJI-Mic-3-1-TX-1-RX_4.jpg","width":800,"height":800},{"@type":"BreadcrumbList","@id":"https:\/\/www.ghostysky.com\/product\/dji-mic-3-1-tx-1-rx\/#breadcrumb","itemListElement":[{"@type":"ListItem","position":1,"name":"Home","item":"https:\/\/www.ghostysky.com\/"},{"@type":"ListItem","position":2,"name":"Shop","item":"https:\/\/www.ghostysky.com\/shop\/"},{"@type":"ListItem","position":3,"name":"DJI Mic 3 (1 TX + 1 RX)"}]},{"@type":"WebSite","@id":"https:\/\/www.ghostysky.com\/#website","url":"https:\/\/www.ghostysky.com\/","name":"Ghostysky","description":"Fornecendo drones e servi\u00e7os profissionais","publisher":{"@id":"https:\/\/www.ghostysky.com\/#organization"},"potentialAction":[{"@type":"SearchAction","target":{"@type":"EntryPoint","urlTemplate":"https:\/\/www.ghostysky.com\/?s={search_term_string}"},"query-input":{"@type":"PropertyValueSpecification","valueRequired":true,"valueName":"search_term_string"}}],"inLanguage":"pt-PT"},{"@type":"Organization","@id":"https:\/\/www.ghostysky.com\/#organization","name":"Ghostysky","url":"https:\/\/www.ghostysky.com\/","logo":{"@type":"ImageObject","inLanguage":"pt-PT","@id":"https:\/\/www.ghostysky.com\/#\/schema\/logo\/image\/","url":"https:\/\/www.ghostysky.com\/wp-content\/uploads\/2020\/06\/cropped-ghostyskylogo_text_white2.png","contentUrl":"https:\/\/www.ghostysky.com\/wp-content\/uploads\/2020\/06\/cropped-ghostyskylogo_text_white2.png","width":169,"height":56,"caption":"Ghostysky"},"image":{"@id":"https:\/\/www.ghostysky.com\/#\/schema\/logo\/image\/"},"sameAs":["https:\/\/www.facebook.com\/people\/Ghostysky\/100057676170234\/","https:\/\/x.com\/Gh0stysky","https:\/\/www.linkedin.com\/company\/34739653","https:\/\/www.instagram.com\/gh0stysky"]}]}},"_links":{"self":[{"href":"https:\/\/www.ghostysky.com\/pt\/wp-json\/wp\/v2\/product\/23110","targetHints":{"allow":["GET"]}}],"collection":[{"href":"https:\/\/www.ghostysky.com\/pt\/wp-json\/wp\/v2\/product"}],"about":[{"href":"https:\/\/www.ghostysky.com\/pt\/wp-json\/wp\/v2\/types\/product"}],"replies":[{"embeddable":true,"href":"https:\/\/www.ghostysky.com\/pt\/wp-json\/wp\/v2\/comments?post=23110"}],"wp:featuredmedia":[{"embeddable":true,"href":"https:\/\/www.ghostysky.com\/pt\/wp-json\/wp\/v2\/media\/23119"}],"wp:attachment":[{"href":"https:\/\/www.ghostysky.com\/pt\/wp-json\/wp\/v2\/media?parent=23110"}],"wp:term":[{"taxonomy":"product_brand","embeddable":true,"href":"https:\/\/www.ghostysky.com\/pt\/wp-json\/wp\/v2\/product_brand?post=23110"},{"taxonomy":"product_cat","embeddable":true,"href":"https:\/\/www.ghostysky.com\/pt\/wp-json\/wp\/v2\/product_cat?post=23110"},{"taxonomy":"product_tag","embeddable":true,"href":"https:\/\/www.ghostysky.com\/pt\/wp-json\/wp\/v2\/product_tag?post=23110"}],"curies":[{"name":"wp","href":"https:\/\/api.w.org\/{rel}","templated":true}]}}