{"id":23120,"date":"2025-11-11T15:40:30","date_gmt":"2025-11-11T15:40:30","guid":{"rendered":"https:\/\/www.ghostysky.com\/?post_type=product&#038;p=23120"},"modified":"2025-11-11T16:12:17","modified_gmt":"2025-11-11T16:12:17","slug":"dji-mic-3-receiver","status":"publish","type":"product","link":"https:\/\/www.ghostysky.com\/pt\/product\/dji-mic-3-receiver\/","title":{"rendered":"Receptor DJI Mic 3"},"content":{"rendered":"<p><span class=\"citation-188 citation-end-188\">O receptor DJI Mic 3 \u00e9 uma unidade compacta e altamente avan\u00e7ada que conecta perfeitamente suas fontes de \u00e1udio (at\u00e9 quatro transmissores) ao seu dispositivo de grava\u00e7\u00e3o, facilitando as filmagens com v\u00e1rias pessoas e c\u00e2meras.<\/span><\/p>\n<h4>Principais caracter\u00edsticas do receptor<\/h4>\n<h4>1. <span class=\"citation-187 citation-end-187\">Controle e visor intuitivos<\/span><\/h4>\n<ul>\n<li><b><span class=\"citation-186\">Tela sens\u00edvel ao toque AMOLED de 1,1 polegadas e seletor de bot\u00f5es:<\/span><\/b><span class=\"citation-186 citation-end-186\"> Oferece uma interface intuitiva para ajustes r\u00e1pidos e imediatos.<\/span> <span class=\"citation-185 citation-end-185\">Os usu\u00e1rios podem monitorar facilmente o status da bateria, a intensidade do sinal, o status da grava\u00e7\u00e3o e ajustar rapidamente as configura\u00e7\u00f5es de ganho e cancelamento de ru\u00eddo para todos os transmissores conectados.<\/span><\/li>\n<li><b><span class=\"citation-184\">Ajuste de par\u00e2metros no receptor:<\/span><\/b><span class=\"citation-184 citation-end-184\"> Permite controlar configura\u00e7\u00f5es cruciais como ganho, cancelamento de ru\u00eddo (B\u00e1sico ou Forte) e predefini\u00e7\u00f5es de tom de voz (Regular, Rico, Brilhante) diretamente do receptor, sem a necessidade de um aplicativo externo.<\/span><\/li>\n<li><b>Controle via aplicativo:<\/b><span class=\"citation-183 citation-end-183\"> As configura\u00e7\u00f5es tamb\u00e9m podem ser ajustadas com precis\u00e3o atrav\u00e9s do aplicativo DJI Mimo em um smartphone conectado.<\/span>\n<div class=\"source-inline-chip-container ng-star-inserted\"><\/div>\n<\/li>\n<\/ul>\n<h4>2. Conectividade e Sincroniza\u00e7\u00e3o Avan\u00e7adas<\/h4>\n<ul>\n<li><b><span class=\"citation-182\">Capacidade multicanal (4 TX + 8 RX):<\/span><\/b><span class=\"citation-182\"> O receptor \u00fanico pode se conectar com at\u00e9 <\/span><b><span class=\"citation-182\">quatro transmissores<\/span><\/b><span class=\"citation-182 citation-end-182\"> Capturando simultaneamente quatro fontes de \u00e1udio independentes.<\/span> Ele tamb\u00e9m pode sincronizar \u00e1udio com at\u00e9 sete receptores adicionais para produ\u00e7\u00f5es complexas com m\u00faltiplas c\u00e2meras.<\/li>\n<li><b>C\u00f3digo de tempo integrado:<\/b><span class=\"citation-181 citation-end-181\"> Suporta entrada e sa\u00edda de c\u00f3digo de tempo de alta precis\u00e3o, permitindo que o receptor incorpore dados de c\u00f3digo de tempo na grava\u00e7\u00e3o.<\/span> <span class=\"citation-180\">Essa funcionalidade garante <\/span><b><span class=\"citation-180\">sincroniza\u00e7\u00e3o perfeita e imediata<\/span><\/b><span class=\"citation-180 citation-end-180\"> de filmagens multic\u00e2mera na p\u00f3s-produ\u00e7\u00e3o com desvio m\u00ednimo (menos de um quadro em 24 horas).<\/span><\/li>\n<li><b>Modos de sa\u00edda flex\u00edveis:<\/b><span class=\"citation-179\"> Suporta Mono, Est\u00e9reo (canal duplo) e <\/span><b><span class=\"citation-179\">Quadraf\u00f4nico<\/span><\/b><span class=\"citation-179 citation-end-179\"> modos.<\/span> <span class=\"citation-178 citation-end-178\">O modo quadraf\u00f4nico (com c\u00e2meras\/software compat\u00edveis) gera quatro faixas de \u00e1udio separadas, oferecendo m\u00e1xima flexibilidade na fase de mixagem.<\/span>\n<div class=\"source-inline-chip-container ng-star-inserted\"><\/div>\n<\/li>\n<\/ul>\n<h4>3. Confiabilidade e Integridade de \u00c1udio<\/h4>\n<ul>\n<li><b>Anti-interfer\u00eancia de banda dupla:<\/b><span class=\"citation-177\"> Utiliza salto de frequ\u00eancia autom\u00e1tico entre os <\/span><b><span class=\"citation-177\">2,4 GHz e 5 GHz<\/span><\/b><span class=\"citation-177 citation-end-177\"> bandas, proporcionando fortes capacidades anti-interfer\u00eancia e confiabilidade de transmiss\u00e3o inabal\u00e1vel, mesmo em ambientes sem fio congestionados.<\/span><\/li>\n<li><b><span class=\"citation-176\">Transmiss\u00e3o de \u00e1udio sem perdas:<\/span><\/b><span class=\"citation-176\"> Quando ativado, o receptor aceita <\/span><b><span class=\"citation-176\">\u00c1udio n\u00e3o comprimido de 48kHz e 24 bits<\/span><\/b><span class=\"citation-176 citation-end-176\"> do transmissor, garantindo alta fidelidade e qualidade de som impec\u00e1vel.<\/span><\/li>\n<li><b>Controle de ganho adaptativo:<\/b><span class=\"citation-175 citation-end-175\"> Oferece modos Autom\u00e1tico e Din\u00e2mico para evitar distor\u00e7\u00f5es de \u00e1udio em ambientes com picos repentinos de volume (modo Autom\u00e1tico) ou para garantir um volume consistente em ambientes silenciosos (modo Din\u00e2mico).<\/span><\/li>\n<\/ul>\n<p>&nbsp;<\/p>\n<h4>4. Compatibilidade e pot\u00eancia vers\u00e1teis<\/h4>\n<ul>\n<li><b><span class=\"citation-174\">Ampla compatibilidade com dispositivos:<\/span><\/b><span class=\"citation-174\"> Conecta-se \u00e0s c\u00e2meras atrav\u00e9s de um <\/span><b><span class=\"citation-174\">porta de sa\u00edda TRS de 3,5 mm com trava<\/span><\/b><span class=\"citation-174\"> (para conex\u00e3o est\u00e1vel), smartphones via <\/span><b><span class=\"citation-174\">Adaptadores USB-C ou Lightning<\/span><\/b><span class=\"citation-174 citation-end-174\">e computadores.<\/span><\/li>\n<li><b>Monitoramento em tempo real:<\/b><span class=\"citation-173\"> Inclui um dedicado <\/span><b><span class=\"citation-173\">Porta de monitoramento TRRS de 3,5 mm<\/span><\/b><span class=\"citation-173 citation-end-173\"> para conectar fones de ouvido e verificar a qualidade do \u00e1udio durante a grava\u00e7\u00e3o.<\/span><\/li>\n<li><b>Gerenciamento inteligente de energia:<\/b><span class=\"citation-172 citation-end-172\"> Compat\u00edvel com a fun\u00e7\u00e3o \u201cLigar\/Desligar automaticamente com a c\u00e2mera\u201d, ligando e desligando a unidade automaticamente junto com a c\u00e2mera principal para um fluxo de trabalho simplificado.<\/span> <span class=\"citation-171\">O receptor oferece at\u00e9 <\/span><b><span class=\"citation-171\">10 horas de tempo de funcionamento<\/span><\/b><span class=\"citation-171 citation-end-171\"> com uma \u00fanica carga.<\/span><\/li>\n<\/ul>\n<h4>Na caixa<\/h4>\n<ul>\n<li>1 receptor DJI Mic 3<\/li>\n<li>1x Adaptador para celular DJI Mic 3 (USB-C)<\/li>\n<li>1 cabo de dados USB-C para USB-C<\/li>\n<li>1x Cabo adaptador de \u00e1udio DJI Mic 3 com trava (3,5 mm TRS para TRS)<\/li>\n<li>1x estojo de transporte compacto para o microfone DJI Mic 3<\/li>\n<\/ul>","protected":false},"excerpt":{"rendered":"<p>O receptor DJI Mic 3 \u00e9 o centro do sistema de microfone sem fio DJI Mic 3, projetado para conectar os transmissores sem fio \u00e0 sua c\u00e2mera, smartphone ou computador, proporcionando monitoramento e controle em tempo real.<\/p>","protected":false},"featured_media":23124,"comment_status":"open","ping_status":"closed","template":"","meta":[],"product_brand":[1031],"product_cat":[37,1272,1284],"product_tag":[42,1285],"class_list":{"0":"post-23120","1":"product","2":"type-product","3":"status-publish","4":"has-post-thumbnail","6":"product_brand-dji","7":"product_cat-dji","8":"product_cat-handled","9":"product_cat-mic-3","10":"product_tag-dji","11":"product_tag-dji-mic-3","13":"first","14":"outofstock","15":"taxable","16":"shipping-taxable","17":"purchasable","18":"product-type-simple"},"yoast_head":"<!-- This site is optimized with the Yoast SEO plugin v27.1.1 - https:\/\/yoast.com\/product\/yoast-seo-wordpress\/ -->\n<title>DJI Mic 3 Receiver - Ghostysky<\/title>\n<meta name=\"description\" content=\"The DJI Mic 3 Receiver is the central hub of the DJI Mic 3 wireless microphone system, designed to connect the wireless transmitters to your camera, smartphone, or computer while providing real-time monitoring and control.\" \/>\n<meta name=\"robots\" content=\"index, follow, max-snippet:-1, max-image-preview:large, max-video-preview:-1\" \/>\n<link rel=\"canonical\" href=\"https:\/\/www.ghostysky.com\/pt\/produto-2\/dji-mic-3-receiver\/\" \/>\n<meta property=\"og:locale\" content=\"pt_PT\" \/>\n<meta property=\"og:type\" content=\"article\" \/>\n<meta property=\"og:title\" content=\"DJI Mic 3 Receiver - Ghostysky\" \/>\n<meta property=\"og:description\" content=\"The DJI Mic 3 Receiver is the central hub of the DJI Mic 3 wireless microphone system, designed to connect the wireless transmitters to your camera, smartphone, or computer while providing real-time monitoring and control.\" \/>\n<meta property=\"og:url\" content=\"https:\/\/www.ghostysky.com\/pt\/produto-2\/dji-mic-3-receiver\/\" \/>\n<meta property=\"og:site_name\" content=\"Ghostysky\" \/>\n<meta property=\"article:publisher\" content=\"https:\/\/www.facebook.com\/people\/Ghostysky\/100057676170234\/\" \/>\n<meta property=\"article:modified_time\" content=\"2025-11-11T16:12:17+00:00\" \/>\n<meta property=\"og:image\" content=\"https:\/\/www.ghostysky.com\/wp-content\/uploads\/2025\/11\/GH_DJI-Mic-3-Receiver_1.jpg\" \/>\n\t<meta property=\"og:image:width\" content=\"800\" \/>\n\t<meta property=\"og:image:height\" content=\"800\" \/>\n\t<meta property=\"og:image:type\" content=\"image\/jpeg\" \/>\n<meta name=\"twitter:card\" content=\"summary_large_image\" \/>\n<meta name=\"twitter:site\" content=\"@Gh0stysky\" \/>\n<meta name=\"twitter:label1\" content=\"Tempo estimado de leitura\" \/>\n\t<meta name=\"twitter:data1\" content=\"3 minutos\" \/>\n<script type=\"application\/ld+json\" class=\"yoast-schema-graph\">{\"@context\":\"https:\/\/schema.org\",\"@graph\":[{\"@type\":\"WebPage\",\"@id\":\"https:\/\/www.ghostysky.com\/product\/dji-mic-3-receiver\/\",\"url\":\"https:\/\/www.ghostysky.com\/product\/dji-mic-3-receiver\/\",\"name\":\"DJI Mic 3 Receiver - Ghostysky\",\"isPartOf\":{\"@id\":\"https:\/\/www.ghostysky.com\/#website\"},\"primaryImageOfPage\":{\"@id\":\"https:\/\/www.ghostysky.com\/product\/dji-mic-3-receiver\/#primaryimage\"},\"image\":{\"@id\":\"https:\/\/www.ghostysky.com\/product\/dji-mic-3-receiver\/#primaryimage\"},\"thumbnailUrl\":\"https:\/\/www.ghostysky.com\/wp-content\/uploads\/2025\/11\/GH_DJI-Mic-3-Receiver_1.jpg\",\"datePublished\":\"2025-11-11T15:40:30+00:00\",\"dateModified\":\"2025-11-11T16:12:17+00:00\",\"description\":\"The DJI Mic 3 Receiver is the central hub of the DJI Mic 3 wireless microphone system, designed to connect the wireless transmitters to your camera, smartphone, or computer while providing real-time monitoring and control.\",\"breadcrumb\":{\"@id\":\"https:\/\/www.ghostysky.com\/product\/dji-mic-3-receiver\/#breadcrumb\"},\"inLanguage\":\"pt-PT\",\"potentialAction\":[{\"@type\":\"ReadAction\",\"target\":[\"https:\/\/www.ghostysky.com\/product\/dji-mic-3-receiver\/\"]}]},{\"@type\":\"ImageObject\",\"inLanguage\":\"pt-PT\",\"@id\":\"https:\/\/www.ghostysky.com\/product\/dji-mic-3-receiver\/#primaryimage\",\"url\":\"https:\/\/www.ghostysky.com\/wp-content\/uploads\/2025\/11\/GH_DJI-Mic-3-Receiver_1.jpg\",\"contentUrl\":\"https:\/\/www.ghostysky.com\/wp-content\/uploads\/2025\/11\/GH_DJI-Mic-3-Receiver_1.jpg\",\"width\":800,\"height\":800},{\"@type\":\"BreadcrumbList\",\"@id\":\"https:\/\/www.ghostysky.com\/product\/dji-mic-3-receiver\/#breadcrumb\",\"itemListElement\":[{\"@type\":\"ListItem\",\"position\":1,\"name\":\"Home\",\"item\":\"https:\/\/www.ghostysky.com\/\"},{\"@type\":\"ListItem\",\"position\":2,\"name\":\"Shop\",\"item\":\"https:\/\/www.ghostysky.com\/shop\/\"},{\"@type\":\"ListItem\",\"position\":3,\"name\":\"DJI Mic 3 Receiver\"}]},{\"@type\":\"WebSite\",\"@id\":\"https:\/\/www.ghostysky.com\/#website\",\"url\":\"https:\/\/www.ghostysky.com\/\",\"name\":\"Ghostysky\",\"description\":\"Delivering professional drones and services\",\"publisher\":{\"@id\":\"https:\/\/www.ghostysky.com\/#organization\"},\"potentialAction\":[{\"@type\":\"SearchAction\",\"target\":{\"@type\":\"EntryPoint\",\"urlTemplate\":\"https:\/\/www.ghostysky.com\/?s={search_term_string}\"},\"query-input\":{\"@type\":\"PropertyValueSpecification\",\"valueRequired\":true,\"valueName\":\"search_term_string\"}}],\"inLanguage\":\"pt-PT\"},{\"@type\":\"Organization\",\"@id\":\"https:\/\/www.ghostysky.com\/#organization\",\"name\":\"Ghostysky\",\"url\":\"https:\/\/www.ghostysky.com\/\",\"logo\":{\"@type\":\"ImageObject\",\"inLanguage\":\"pt-PT\",\"@id\":\"https:\/\/www.ghostysky.com\/#\/schema\/logo\/image\/\",\"url\":\"https:\/\/www.ghostysky.com\/wp-content\/uploads\/2020\/06\/cropped-ghostyskylogo_text_white2.png\",\"contentUrl\":\"https:\/\/www.ghostysky.com\/wp-content\/uploads\/2020\/06\/cropped-ghostyskylogo_text_white2.png\",\"width\":169,\"height\":56,\"caption\":\"Ghostysky\"},\"image\":{\"@id\":\"https:\/\/www.ghostysky.com\/#\/schema\/logo\/image\/\"},\"sameAs\":[\"https:\/\/www.facebook.com\/people\/Ghostysky\/100057676170234\/\",\"https:\/\/x.com\/Gh0stysky\",\"https:\/\/www.linkedin.com\/company\/34739653\",\"https:\/\/www.instagram.com\/gh0stysky\"]}]}<\/script>\n<!-- \/ Yoast SEO plugin. -->","yoast_head_json":{"title":"Receptor DJI Mic 3 - Ghostysky","description":"O receptor DJI Mic 3 \u00e9 o centro do sistema de microfone sem fio DJI Mic 3, projetado para conectar os transmissores sem fio \u00e0 sua c\u00e2mera, smartphone ou computador, proporcionando monitoramento e controle em tempo real.","robots":{"index":"index","follow":"follow","max-snippet":"max-snippet:-1","max-image-preview":"max-image-preview:large","max-video-preview":"max-video-preview:-1"},"canonical":"https:\/\/www.ghostysky.com\/pt\/produto-2\/dji-mic-3-receiver\/","og_locale":"pt_PT","og_type":"article","og_title":"DJI Mic 3 Receiver - Ghostysky","og_description":"The DJI Mic 3 Receiver is the central hub of the DJI Mic 3 wireless microphone system, designed to connect the wireless transmitters to your camera, smartphone, or computer while providing real-time monitoring and control.","og_url":"https:\/\/www.ghostysky.com\/pt\/produto-2\/dji-mic-3-receiver\/","og_site_name":"Ghostysky","article_publisher":"https:\/\/www.facebook.com\/people\/Ghostysky\/100057676170234\/","article_modified_time":"2025-11-11T16:12:17+00:00","og_image":[{"width":800,"height":800,"url":"https:\/\/www.ghostysky.com\/wp-content\/uploads\/2025\/11\/GH_DJI-Mic-3-Receiver_1.jpg","type":"image\/jpeg"}],"twitter_card":"summary_large_image","twitter_site":"@Gh0stysky","twitter_misc":{"Tempo estimado de leitura":"3 minutos"},"schema":{"@context":"https:\/\/schema.org","@graph":[{"@type":"WebPage","@id":"https:\/\/www.ghostysky.com\/product\/dji-mic-3-receiver\/","url":"https:\/\/www.ghostysky.com\/product\/dji-mic-3-receiver\/","name":"Receptor DJI Mic 3 - Ghostysky","isPartOf":{"@id":"https:\/\/www.ghostysky.com\/#website"},"primaryImageOfPage":{"@id":"https:\/\/www.ghostysky.com\/product\/dji-mic-3-receiver\/#primaryimage"},"image":{"@id":"https:\/\/www.ghostysky.com\/product\/dji-mic-3-receiver\/#primaryimage"},"thumbnailUrl":"https:\/\/www.ghostysky.com\/wp-content\/uploads\/2025\/11\/GH_DJI-Mic-3-Receiver_1.jpg","datePublished":"2025-11-11T15:40:30+00:00","dateModified":"2025-11-11T16:12:17+00:00","description":"O receptor DJI Mic 3 \u00e9 o centro do sistema de microfone sem fio DJI Mic 3, projetado para conectar os transmissores sem fio \u00e0 sua c\u00e2mera, smartphone ou computador, proporcionando monitoramento e controle em tempo real.","breadcrumb":{"@id":"https:\/\/www.ghostysky.com\/product\/dji-mic-3-receiver\/#breadcrumb"},"inLanguage":"pt-PT","potentialAction":[{"@type":"ReadAction","target":["https:\/\/www.ghostysky.com\/product\/dji-mic-3-receiver\/"]}]},{"@type":"ImageObject","inLanguage":"pt-PT","@id":"https:\/\/www.ghostysky.com\/product\/dji-mic-3-receiver\/#primaryimage","url":"https:\/\/www.ghostysky.com\/wp-content\/uploads\/2025\/11\/GH_DJI-Mic-3-Receiver_1.jpg","contentUrl":"https:\/\/www.ghostysky.com\/wp-content\/uploads\/2025\/11\/GH_DJI-Mic-3-Receiver_1.jpg","width":800,"height":800},{"@type":"BreadcrumbList","@id":"https:\/\/www.ghostysky.com\/product\/dji-mic-3-receiver\/#breadcrumb","itemListElement":[{"@type":"ListItem","position":1,"name":"Home","item":"https:\/\/www.ghostysky.com\/"},{"@type":"ListItem","position":2,"name":"Shop","item":"https:\/\/www.ghostysky.com\/shop\/"},{"@type":"ListItem","position":3,"name":"DJI Mic 3 Receiver"}]},{"@type":"WebSite","@id":"https:\/\/www.ghostysky.com\/#website","url":"https:\/\/www.ghostysky.com\/","name":"Ghostysky","description":"Fornecendo drones e servi\u00e7os profissionais","publisher":{"@id":"https:\/\/www.ghostysky.com\/#organization"},"potentialAction":[{"@type":"SearchAction","target":{"@type":"EntryPoint","urlTemplate":"https:\/\/www.ghostysky.com\/?s={search_term_string}"},"query-input":{"@type":"PropertyValueSpecification","valueRequired":true,"valueName":"search_term_string"}}],"inLanguage":"pt-PT"},{"@type":"Organization","@id":"https:\/\/www.ghostysky.com\/#organization","name":"Ghostysky","url":"https:\/\/www.ghostysky.com\/","logo":{"@type":"ImageObject","inLanguage":"pt-PT","@id":"https:\/\/www.ghostysky.com\/#\/schema\/logo\/image\/","url":"https:\/\/www.ghostysky.com\/wp-content\/uploads\/2020\/06\/cropped-ghostyskylogo_text_white2.png","contentUrl":"https:\/\/www.ghostysky.com\/wp-content\/uploads\/2020\/06\/cropped-ghostyskylogo_text_white2.png","width":169,"height":56,"caption":"Ghostysky"},"image":{"@id":"https:\/\/www.ghostysky.com\/#\/schema\/logo\/image\/"},"sameAs":["https:\/\/www.facebook.com\/people\/Ghostysky\/100057676170234\/","https:\/\/x.com\/Gh0stysky","https:\/\/www.linkedin.com\/company\/34739653","https:\/\/www.instagram.com\/gh0stysky"]}]}},"_links":{"self":[{"href":"https:\/\/www.ghostysky.com\/pt\/wp-json\/wp\/v2\/product\/23120","targetHints":{"allow":["GET"]}}],"collection":[{"href":"https:\/\/www.ghostysky.com\/pt\/wp-json\/wp\/v2\/product"}],"about":[{"href":"https:\/\/www.ghostysky.com\/pt\/wp-json\/wp\/v2\/types\/product"}],"replies":[{"embeddable":true,"href":"https:\/\/www.ghostysky.com\/pt\/wp-json\/wp\/v2\/comments?post=23120"}],"wp:featuredmedia":[{"embeddable":true,"href":"https:\/\/www.ghostysky.com\/pt\/wp-json\/wp\/v2\/media\/23124"}],"wp:attachment":[{"href":"https:\/\/www.ghostysky.com\/pt\/wp-json\/wp\/v2\/media?parent=23120"}],"wp:term":[{"taxonomy":"product_brand","embeddable":true,"href":"https:\/\/www.ghostysky.com\/pt\/wp-json\/wp\/v2\/product_brand?post=23120"},{"taxonomy":"product_cat","embeddable":true,"href":"https:\/\/www.ghostysky.com\/pt\/wp-json\/wp\/v2\/product_cat?post=23120"},{"taxonomy":"product_tag","embeddable":true,"href":"https:\/\/www.ghostysky.com\/pt\/wp-json\/wp\/v2\/product_tag?post=23120"}],"curies":[{"name":"wp","href":"https:\/\/api.w.org\/{rel}","templated":true}]}}