{"id":23125,"date":"2025-11-11T15:50:22","date_gmt":"2025-11-11T15:50:22","guid":{"rendered":"https:\/\/www.ghostysky.com\/?post_type=product&#038;p=23125"},"modified":"2025-11-11T15:56:24","modified_gmt":"2025-11-11T15:56:24","slug":"dji-mic-3-transmitter","status":"publish","type":"product","link":"https:\/\/www.ghostysky.com\/pt\/product\/dji-mic-3-transmitter\/","title":{"rendered":"Transmissor DJI Mic 3"},"content":{"rendered":"<h4>Principais caracter\u00edsticas e pontos de venda<\/h4>\n<h4>1. \u00c1udio e Seguran\u00e7a de N\u00edvel Profissional<\/h4>\n<ul>\n<li><b><span class=\"citation-215 citation-end-215\">Grava\u00e7\u00e3o interna de ponto flutuante de 32 bits:<\/span><\/b><span class=\"citation-214\"> O transmissor possui armazenamento interno e pode gravar \u00e1udio diretamente no dispositivo. <\/span><b><span class=\"citation-214\">ponto flutuante de 32 bits<\/span><\/b><span class=\"citation-214 citation-end-214\"> formatar.<\/span> Isso proporciona uma enorme faixa din\u00e2mica, eliminando praticamente o risco de distor\u00e7\u00e3o ou satura\u00e7\u00e3o (superexposi\u00e7\u00e3o) do \u00e1udio durante sons altos ou repentinos, oferecendo m\u00e1xima flexibilidade na p\u00f3s-produ\u00e7\u00e3o.<\/li>\n<li><b><span class=\"citation-213\">Transmiss\u00e3o de \u00e1udio sem perdas:<\/span><\/b><span class=\"citation-213\"> Suporta at\u00e9 <\/span><b><span class=\"citation-213\">\u00e1udio sem perdas de 48kHz\/24 bits<\/span><\/b><span class=\"citation-213 citation-end-213\"> transmiss\u00e3o para o receptor, garantindo alta fidelidade de som em toda a conex\u00e3o sem fio.<\/span><\/li>\n<li><b>Controle de ganho adaptativo:<\/b><span class=\"citation-212\"> Apresenta algoritmos inteligentes, incluindo um <\/span><b><span class=\"citation-212\">Modo autom\u00e1tico<\/span><\/b><span class=\"citation-212\"> para evitar recortes em ambientes de alta flutua\u00e7\u00e3o (como eventos esportivos) e um <\/span><b><span class=\"citation-212\">Modo din\u00e2mico<\/span><\/b><span class=\"citation-212 citation-end-212\"> Para manter um volume constante em ambientes silenciosos (como est\u00fadios).<\/span>\n<div class=\"source-inline-chip-container ng-star-inserted\"><\/div>\n<\/li>\n<\/ul>\n<h4>2. Design compacto e vers\u00e1til<\/h4>\n<ul>\n<li><b>Ultracompacto e leve:<\/b><span class=\"citation-211\"> O transmissor \u00e9 significativamente menor e mais leve do que seus antecessores, pesando apenas cerca de <\/span><b><span class=\"citation-211\">16g (com \u00edm\u00e3)<\/span><\/b><span class=\"citation-211 citation-end-211\">, tornando-o excepcionalmente discreto e f\u00e1cil de esconder.<\/span><\/li>\n<li><b>Fixa\u00e7\u00e3o flex\u00edvel:<\/b><span class=\"citation-210\"> Suporta ambos <\/span><b><span class=\"citation-210\">magn\u00e9tico e de encaixe<\/span><\/b><span class=\"citation-210 citation-end-210\"> M\u00e9todos de fixa\u00e7\u00e3o que permitem uma coloca\u00e7\u00e3o r\u00e1pida, segura e flex\u00edvel nos equipamentos.<\/span><\/li>\n<li><b><span class=\"citation-209\">Conex\u00e3o direta para o telefone:<\/span><\/b><span class=\"citation-209\"> O transmissor pode se conectar diretamente a um smartphone via <\/span><b><span class=\"citation-209\">Bluetooth<\/span><\/b><span class=\"citation-209 citation-end-209\"> Sem a necessidade de um receptor, simplificando a configura\u00e7\u00e3o para vlogs e transmiss\u00f5es ao vivo em dispositivos m\u00f3veis.<\/span><\/li>\n<\/ul>\n<p>&nbsp;<\/p>\n<h4>3. Fluxo de trabalho de grava\u00e7\u00e3o aprimorado<\/h4>\n<ul>\n<li><b>Grava\u00e7\u00e3o em dois arquivos:<\/b><span class=\"citation-208 citation-end-208\"> Por quest\u00f5es de seguran\u00e7a, o transmissor pode salvar internamente tanto a grava\u00e7\u00e3o original quanto uma vers\u00e3o aprimorada por algoritmo, fornecendo um backup limpo e uma grava\u00e7\u00e3o processada para r\u00e1pida reutiliza\u00e7\u00e3o.<\/span><\/li>\n<li><b><span class=\"citation-207\">Vida \u00fatil prolongada da bateria:<\/span><\/b><span class=\"citation-207\"> Fornece at\u00e9 <\/span><b><span class=\"citation-207\">8 horas<\/span><\/b><span class=\"citation-207 citation-end-207\"> de opera\u00e7\u00e3o independente, com o estojo de carregamento ampliando significativamente o uso total do sistema.<\/span> <span class=\"citation-206 citation-end-206\">Uma carga r\u00e1pida de 5 minutos pode proporcionar at\u00e9 2 horas de uso.<\/span><\/li>\n<li><b><span class=\"citation-205\">Integra\u00e7\u00e3o de c\u00f3digo de tempo:<\/span><\/b><span class=\"citation-205 citation-end-205\"> Inclui suporte para timecode de alta precis\u00e3o, permitindo que o \u00e1udio gravado internamente seja sincronizado de forma perfeita e instant\u00e2nea com filmagens multic\u00e2mera na p\u00f3s-produ\u00e7\u00e3o, com m\u00ednima deriva.<\/span><\/li>\n<li><b><span class=\"citation-204\">Cancelamento de ru\u00eddo e predefini\u00e7\u00f5es de tom:<\/span><\/b><span class=\"citation-204\"> Ofertas <\/span><b><span class=\"citation-204\">Cancelamento de ru\u00eddo em dois n\u00edveis<\/span><\/b><span class=\"citation-204\"> (B\u00e1sico e Avan\u00e7ado) para gerenciar o ru\u00eddo de fundo e <\/span><b><span class=\"citation-204\">Tr\u00eas predefini\u00e7\u00f5es de tom de voz<\/span><\/b><span class=\"citation-204 citation-end-204\"> (Regular, Rico e Brilhante) para ajustar rapidamente as caracter\u00edsticas vocais de acordo com o cen\u00e1rio ou assunto.<\/span>\n<div class=\"source-inline-chip-container ng-star-inserted\"><\/div>\n<\/li>\n<\/ul>\n<p>O transmissor DJI Mic 3 foi projetado para ser a ferramenta definitiva de grava\u00e7\u00e3o de \u00e1udio port\u00e1til, minimizando o tempo de configura\u00e7\u00e3o e maximizando a qualidade e a seguran\u00e7a do \u00e1udio em cen\u00e1rios de grava\u00e7\u00e3o cr\u00edticos.<\/p>","protected":false},"excerpt":{"rendered":"<p><span class=\"citation-217\">O <\/span><b><span class=\"citation-217\">Transmissor DJI Mic 3<\/span><\/b><span class=\"citation-217 citation-end-217\"> \u00c9 uma unidade de microfone sem fio avan\u00e7ada e ultracompacta, projetada para capturar \u00e1udio cristalino e de n\u00edvel profissional para criadores de conte\u00fado, cinegrafistas e jornalistas.<\/span> <span class=\"citation-216 citation-end-216\">Ele serve como fonte discreta de grava\u00e7\u00e3o e transmiss\u00e3o dentro do vers\u00e1til sistema sem fio DJI Mic 3.<\/span><\/p>","protected":false},"featured_media":23128,"comment_status":"open","ping_status":"closed","template":"","meta":[],"product_brand":[1031],"product_cat":[37,1272,1284],"product_tag":[42,1285],"class_list":{"0":"post-23125","1":"product","2":"type-product","3":"status-publish","4":"has-post-thumbnail","6":"product_brand-dji","7":"product_cat-dji","8":"product_cat-handled","9":"product_cat-mic-3","10":"product_tag-dji","11":"product_tag-dji-mic-3","13":"first","14":"outofstock","15":"taxable","16":"shipping-taxable","17":"purchasable","18":"product-type-simple"},"yoast_head":"<!-- This site is optimized with the Yoast SEO plugin v27.1.1 - https:\/\/yoast.com\/product\/yoast-seo-wordpress\/ -->\n<title>DJI Mic 3 Transmitter - Ghostysky<\/title>\n<meta name=\"description\" content=\"The DJI Mic 3 Transmitter is an advanced, ultra-compact wireless microphone unit designed to capture pristine, professional-grade audio for content creators, videographers, and journalists. It serves as the discreet recording and transmission source within the versatile DJI Mic 3 wireless system.\" \/>\n<meta name=\"robots\" content=\"index, follow, max-snippet:-1, max-image-preview:large, max-video-preview:-1\" \/>\n<link rel=\"canonical\" href=\"https:\/\/www.ghostysky.com\/pt\/produto-2\/dji-mic-3-transmitter\/\" \/>\n<meta property=\"og:locale\" content=\"pt_PT\" \/>\n<meta property=\"og:type\" content=\"article\" \/>\n<meta property=\"og:title\" content=\"DJI Mic 3 Transmitter - Ghostysky\" \/>\n<meta property=\"og:description\" content=\"The DJI Mic 3 Transmitter is an advanced, ultra-compact wireless microphone unit designed to capture pristine, professional-grade audio for content creators, videographers, and journalists. It serves as the discreet recording and transmission source within the versatile DJI Mic 3 wireless system.\" \/>\n<meta property=\"og:url\" content=\"https:\/\/www.ghostysky.com\/pt\/produto-2\/dji-mic-3-transmitter\/\" \/>\n<meta property=\"og:site_name\" content=\"Ghostysky\" \/>\n<meta property=\"article:publisher\" content=\"https:\/\/www.facebook.com\/people\/Ghostysky\/100057676170234\/\" \/>\n<meta property=\"article:modified_time\" content=\"2025-11-11T15:56:24+00:00\" \/>\n<meta property=\"og:image\" content=\"https:\/\/www.ghostysky.com\/wp-content\/uploads\/2025\/11\/GH_DJI-Mic-3-Transmitter_1.jpg\" \/>\n\t<meta property=\"og:image:width\" content=\"800\" \/>\n\t<meta property=\"og:image:height\" content=\"800\" \/>\n\t<meta property=\"og:image:type\" content=\"image\/jpeg\" \/>\n<meta name=\"twitter:card\" content=\"summary_large_image\" \/>\n<meta name=\"twitter:site\" content=\"@Gh0stysky\" \/>\n<meta name=\"twitter:label1\" content=\"Tempo estimado de leitura\" \/>\n\t<meta name=\"twitter:data1\" content=\"2 minutos\" \/>\n<script type=\"application\/ld+json\" class=\"yoast-schema-graph\">{\"@context\":\"https:\/\/schema.org\",\"@graph\":[{\"@type\":\"WebPage\",\"@id\":\"https:\/\/www.ghostysky.com\/product\/dji-mic-3-transmitter\/\",\"url\":\"https:\/\/www.ghostysky.com\/product\/dji-mic-3-transmitter\/\",\"name\":\"DJI Mic 3 Transmitter - Ghostysky\",\"isPartOf\":{\"@id\":\"https:\/\/www.ghostysky.com\/#website\"},\"primaryImageOfPage\":{\"@id\":\"https:\/\/www.ghostysky.com\/product\/dji-mic-3-transmitter\/#primaryimage\"},\"image\":{\"@id\":\"https:\/\/www.ghostysky.com\/product\/dji-mic-3-transmitter\/#primaryimage\"},\"thumbnailUrl\":\"https:\/\/www.ghostysky.com\/wp-content\/uploads\/2025\/11\/GH_DJI-Mic-3-Transmitter_1.jpg\",\"datePublished\":\"2025-11-11T15:50:22+00:00\",\"dateModified\":\"2025-11-11T15:56:24+00:00\",\"description\":\"The DJI Mic 3 Transmitter is an advanced, ultra-compact wireless microphone unit designed to capture pristine, professional-grade audio for content creators, videographers, and journalists. It serves as the discreet recording and transmission source within the versatile DJI Mic 3 wireless system.\",\"breadcrumb\":{\"@id\":\"https:\/\/www.ghostysky.com\/product\/dji-mic-3-transmitter\/#breadcrumb\"},\"inLanguage\":\"pt-PT\",\"potentialAction\":[{\"@type\":\"ReadAction\",\"target\":[\"https:\/\/www.ghostysky.com\/product\/dji-mic-3-transmitter\/\"]}]},{\"@type\":\"ImageObject\",\"inLanguage\":\"pt-PT\",\"@id\":\"https:\/\/www.ghostysky.com\/product\/dji-mic-3-transmitter\/#primaryimage\",\"url\":\"https:\/\/www.ghostysky.com\/wp-content\/uploads\/2025\/11\/GH_DJI-Mic-3-Transmitter_1.jpg\",\"contentUrl\":\"https:\/\/www.ghostysky.com\/wp-content\/uploads\/2025\/11\/GH_DJI-Mic-3-Transmitter_1.jpg\",\"width\":800,\"height\":800},{\"@type\":\"BreadcrumbList\",\"@id\":\"https:\/\/www.ghostysky.com\/product\/dji-mic-3-transmitter\/#breadcrumb\",\"itemListElement\":[{\"@type\":\"ListItem\",\"position\":1,\"name\":\"Home\",\"item\":\"https:\/\/www.ghostysky.com\/\"},{\"@type\":\"ListItem\",\"position\":2,\"name\":\"Shop\",\"item\":\"https:\/\/www.ghostysky.com\/shop\/\"},{\"@type\":\"ListItem\",\"position\":3,\"name\":\"DJI Mic 3 Transmitter\"}]},{\"@type\":\"WebSite\",\"@id\":\"https:\/\/www.ghostysky.com\/#website\",\"url\":\"https:\/\/www.ghostysky.com\/\",\"name\":\"Ghostysky\",\"description\":\"Delivering professional drones and services\",\"publisher\":{\"@id\":\"https:\/\/www.ghostysky.com\/#organization\"},\"potentialAction\":[{\"@type\":\"SearchAction\",\"target\":{\"@type\":\"EntryPoint\",\"urlTemplate\":\"https:\/\/www.ghostysky.com\/?s={search_term_string}\"},\"query-input\":{\"@type\":\"PropertyValueSpecification\",\"valueRequired\":true,\"valueName\":\"search_term_string\"}}],\"inLanguage\":\"pt-PT\"},{\"@type\":\"Organization\",\"@id\":\"https:\/\/www.ghostysky.com\/#organization\",\"name\":\"Ghostysky\",\"url\":\"https:\/\/www.ghostysky.com\/\",\"logo\":{\"@type\":\"ImageObject\",\"inLanguage\":\"pt-PT\",\"@id\":\"https:\/\/www.ghostysky.com\/#\/schema\/logo\/image\/\",\"url\":\"https:\/\/www.ghostysky.com\/wp-content\/uploads\/2020\/06\/cropped-ghostyskylogo_text_white2.png\",\"contentUrl\":\"https:\/\/www.ghostysky.com\/wp-content\/uploads\/2020\/06\/cropped-ghostyskylogo_text_white2.png\",\"width\":169,\"height\":56,\"caption\":\"Ghostysky\"},\"image\":{\"@id\":\"https:\/\/www.ghostysky.com\/#\/schema\/logo\/image\/\"},\"sameAs\":[\"https:\/\/www.facebook.com\/people\/Ghostysky\/100057676170234\/\",\"https:\/\/x.com\/Gh0stysky\",\"https:\/\/www.linkedin.com\/company\/34739653\",\"https:\/\/www.instagram.com\/gh0stysky\"]}]}<\/script>\n<!-- \/ Yoast SEO plugin. -->","yoast_head_json":{"title":"Transmissor DJI Mic 3 - Ghostysky","description":"O transmissor DJI Mic 3 \u00e9 uma unidade de microfone sem fio avan\u00e7ada e ultracompacta, projetada para capturar \u00e1udio cristalino e de n\u00edvel profissional para criadores de conte\u00fado, cinegrafistas e jornalistas. Ele serve como fonte discreta de grava\u00e7\u00e3o e transmiss\u00e3o dentro do vers\u00e1til sistema sem fio DJI Mic 3.","robots":{"index":"index","follow":"follow","max-snippet":"max-snippet:-1","max-image-preview":"max-image-preview:large","max-video-preview":"max-video-preview:-1"},"canonical":"https:\/\/www.ghostysky.com\/pt\/produto-2\/dji-mic-3-transmitter\/","og_locale":"pt_PT","og_type":"article","og_title":"DJI Mic 3 Transmitter - Ghostysky","og_description":"The DJI Mic 3 Transmitter is an advanced, ultra-compact wireless microphone unit designed to capture pristine, professional-grade audio for content creators, videographers, and journalists. It serves as the discreet recording and transmission source within the versatile DJI Mic 3 wireless system.","og_url":"https:\/\/www.ghostysky.com\/pt\/produto-2\/dji-mic-3-transmitter\/","og_site_name":"Ghostysky","article_publisher":"https:\/\/www.facebook.com\/people\/Ghostysky\/100057676170234\/","article_modified_time":"2025-11-11T15:56:24+00:00","og_image":[{"width":800,"height":800,"url":"https:\/\/www.ghostysky.com\/wp-content\/uploads\/2025\/11\/GH_DJI-Mic-3-Transmitter_1.jpg","type":"image\/jpeg"}],"twitter_card":"summary_large_image","twitter_site":"@Gh0stysky","twitter_misc":{"Tempo estimado de leitura":"2 minutos"},"schema":{"@context":"https:\/\/schema.org","@graph":[{"@type":"WebPage","@id":"https:\/\/www.ghostysky.com\/product\/dji-mic-3-transmitter\/","url":"https:\/\/www.ghostysky.com\/product\/dji-mic-3-transmitter\/","name":"Transmissor DJI Mic 3 - Ghostysky","isPartOf":{"@id":"https:\/\/www.ghostysky.com\/#website"},"primaryImageOfPage":{"@id":"https:\/\/www.ghostysky.com\/product\/dji-mic-3-transmitter\/#primaryimage"},"image":{"@id":"https:\/\/www.ghostysky.com\/product\/dji-mic-3-transmitter\/#primaryimage"},"thumbnailUrl":"https:\/\/www.ghostysky.com\/wp-content\/uploads\/2025\/11\/GH_DJI-Mic-3-Transmitter_1.jpg","datePublished":"2025-11-11T15:50:22+00:00","dateModified":"2025-11-11T15:56:24+00:00","description":"O transmissor DJI Mic 3 \u00e9 uma unidade de microfone sem fio avan\u00e7ada e ultracompacta, projetada para capturar \u00e1udio cristalino e de n\u00edvel profissional para criadores de conte\u00fado, cinegrafistas e jornalistas. Ele serve como fonte discreta de grava\u00e7\u00e3o e transmiss\u00e3o dentro do vers\u00e1til sistema sem fio DJI Mic 3.","breadcrumb":{"@id":"https:\/\/www.ghostysky.com\/product\/dji-mic-3-transmitter\/#breadcrumb"},"inLanguage":"pt-PT","potentialAction":[{"@type":"ReadAction","target":["https:\/\/www.ghostysky.com\/product\/dji-mic-3-transmitter\/"]}]},{"@type":"ImageObject","inLanguage":"pt-PT","@id":"https:\/\/www.ghostysky.com\/product\/dji-mic-3-transmitter\/#primaryimage","url":"https:\/\/www.ghostysky.com\/wp-content\/uploads\/2025\/11\/GH_DJI-Mic-3-Transmitter_1.jpg","contentUrl":"https:\/\/www.ghostysky.com\/wp-content\/uploads\/2025\/11\/GH_DJI-Mic-3-Transmitter_1.jpg","width":800,"height":800},{"@type":"BreadcrumbList","@id":"https:\/\/www.ghostysky.com\/product\/dji-mic-3-transmitter\/#breadcrumb","itemListElement":[{"@type":"ListItem","position":1,"name":"Home","item":"https:\/\/www.ghostysky.com\/"},{"@type":"ListItem","position":2,"name":"Shop","item":"https:\/\/www.ghostysky.com\/shop\/"},{"@type":"ListItem","position":3,"name":"DJI Mic 3 Transmitter"}]},{"@type":"WebSite","@id":"https:\/\/www.ghostysky.com\/#website","url":"https:\/\/www.ghostysky.com\/","name":"Ghostysky","description":"Fornecendo drones e servi\u00e7os profissionais","publisher":{"@id":"https:\/\/www.ghostysky.com\/#organization"},"potentialAction":[{"@type":"SearchAction","target":{"@type":"EntryPoint","urlTemplate":"https:\/\/www.ghostysky.com\/?s={search_term_string}"},"query-input":{"@type":"PropertyValueSpecification","valueRequired":true,"valueName":"search_term_string"}}],"inLanguage":"pt-PT"},{"@type":"Organization","@id":"https:\/\/www.ghostysky.com\/#organization","name":"Ghostysky","url":"https:\/\/www.ghostysky.com\/","logo":{"@type":"ImageObject","inLanguage":"pt-PT","@id":"https:\/\/www.ghostysky.com\/#\/schema\/logo\/image\/","url":"https:\/\/www.ghostysky.com\/wp-content\/uploads\/2020\/06\/cropped-ghostyskylogo_text_white2.png","contentUrl":"https:\/\/www.ghostysky.com\/wp-content\/uploads\/2020\/06\/cropped-ghostyskylogo_text_white2.png","width":169,"height":56,"caption":"Ghostysky"},"image":{"@id":"https:\/\/www.ghostysky.com\/#\/schema\/logo\/image\/"},"sameAs":["https:\/\/www.facebook.com\/people\/Ghostysky\/100057676170234\/","https:\/\/x.com\/Gh0stysky","https:\/\/www.linkedin.com\/company\/34739653","https:\/\/www.instagram.com\/gh0stysky"]}]}},"_links":{"self":[{"href":"https:\/\/www.ghostysky.com\/pt\/wp-json\/wp\/v2\/product\/23125","targetHints":{"allow":["GET"]}}],"collection":[{"href":"https:\/\/www.ghostysky.com\/pt\/wp-json\/wp\/v2\/product"}],"about":[{"href":"https:\/\/www.ghostysky.com\/pt\/wp-json\/wp\/v2\/types\/product"}],"replies":[{"embeddable":true,"href":"https:\/\/www.ghostysky.com\/pt\/wp-json\/wp\/v2\/comments?post=23125"}],"wp:featuredmedia":[{"embeddable":true,"href":"https:\/\/www.ghostysky.com\/pt\/wp-json\/wp\/v2\/media\/23128"}],"wp:attachment":[{"href":"https:\/\/www.ghostysky.com\/pt\/wp-json\/wp\/v2\/media?parent=23125"}],"wp:term":[{"taxonomy":"product_brand","embeddable":true,"href":"https:\/\/www.ghostysky.com\/pt\/wp-json\/wp\/v2\/product_brand?post=23125"},{"taxonomy":"product_cat","embeddable":true,"href":"https:\/\/www.ghostysky.com\/pt\/wp-json\/wp\/v2\/product_cat?post=23125"},{"taxonomy":"product_tag","embeddable":true,"href":"https:\/\/www.ghostysky.com\/pt\/wp-json\/wp\/v2\/product_tag?post=23125"}],"curies":[{"name":"wp","href":"https:\/\/api.w.org\/{rel}","templated":true}]}}