{"id":23165,"date":"2025-11-12T16:40:38","date_gmt":"2025-11-12T16:40:38","guid":{"rendered":"https:\/\/www.ghostysky.com\/?post_type=product&#038;p=23165"},"modified":"2026-03-02T16:05:28","modified_gmt":"2026-03-02T16:05:28","slug":"emlid-rs3-rover-kit","status":"publish","type":"product","link":"https:\/\/www.ghostysky.com\/pt\/product\/emlid-rs3-rover-kit\/","title":{"rendered":"Kit Emlid RS3 Rover"},"content":{"rendered":"<h4>Principais caracter\u00edsticas do receptor Emlid Reach RS3<\/h4>\n<p><span class=\"citation-13 citation-end-13\">O cora\u00e7\u00e3o do kit \u00e9 o robusto e repleto de recursos receptor Reach RS3, projetado para efici\u00eancia e durabilidade.<\/span><\/p>\n<p>&nbsp;<\/p>\n<table>\n<thead>\n<tr>\n<td><strong>Recurso<\/strong><\/td>\n<td><strong>Descri\u00e7\u00e3o e benef\u00edcios<\/strong><\/td>\n<\/tr>\n<\/thead>\n<tbody>\n<tr>\n<td><b>Compensa\u00e7\u00e3o de inclina\u00e7\u00e3o IMU<\/b><\/td>\n<td><b>Precis\u00e3o em cent\u00edmetros com inclina\u00e7\u00e3o de at\u00e9 60\u00b0.<\/b> A compensa\u00e7\u00e3o de inclina\u00e7\u00e3o baseada em IMU permite medir e demarcar pontos com precis\u00e3o sem nivelar a vara, economizando tempo significativo em campo, especialmente em locais de dif\u00edcil acesso. <b>sem necessidade de calibra\u00e7\u00e3o<\/b> e <b>imune a perturba\u00e7\u00f5es magn\u00e9ticas<\/b>.<\/td>\n<\/tr>\n<tr>\n<td><b>Precis\u00e3o de n\u00edvel topogr\u00e1fico<\/b><\/td>\n<td>Fornece corre\u00e7\u00f5es r\u00e1pidas e com precis\u00e3o centim\u00e9trica, normalmente em cerca de <b>5 segundos<\/b>Os n\u00edveis de precis\u00e3o s\u00e3o excelentes para aplica\u00e7\u00f5es RTK, PPK e est\u00e1ticas (<span class=\"math-inline\" data-math=\"H: 7 \\text{ mm} + 1 \\text{ ppm} \/ V: 14 \\text{ mm} + 1 \\text{ ppm}\">H: 7 mm + 1 ppm \/ V: 14 mm + 1 ppm<\/span>\u00a0RTK).<\/td>\n<\/tr>\n<tr>\n<td><b>GNSS multibanda<\/b><\/td>\n<td>Monitora sinais de todas as principais constela\u00e7\u00f5es globais (GPS\/QZSS L1\/L2, GLONASS L1\/L2, BeiDou B1\/B2, Galileo E1\/E5) para m\u00e1xima cobertura e confiabilidade via sat\u00e9lite.<\/td>\n<\/tr>\n<tr>\n<td><b>Conectividade integrada<\/b><\/td>\n<td>Apresenta um sistema integrado <b>Modem LTE Global<\/b> (Slot para Nano-SIM para corre\u00e7\u00f5es NTRIP) e <b>R\u00e1dio de banda dupla<\/b> (LoRa 868\/915 MHz para alcance de at\u00e9 8 km e UHF 450 MHz para recebimento de corre\u00e7\u00f5es de bases de terceiros) para garantir comunica\u00e7\u00e3o cont\u00ednua e recep\u00e7\u00e3o de dados de corre\u00e7\u00e3o em todas as condi\u00e7\u00f5es de opera\u00e7\u00e3o.<\/td>\n<\/tr>\n<tr>\n<td><b>Bateria com dura\u00e7\u00e3o para o dia todo<\/b><\/td>\n<td>A bateria de \u00edon-l\u00edtio de n\u00edvel industrial fornece at\u00e9 <b>18 horas de opera\u00e7\u00e3o como um rover RTK com compensa\u00e7\u00e3o de inclina\u00e7\u00e3o.<\/b> ou at\u00e9 22 horas de registro, garantindo o m\u00e1ximo de produtividade durante jornadas de trabalho exigentes.<\/td>\n<\/tr>\n<tr>\n<td><b>Design robusto<\/b><\/td>\n<td>Constru\u00eddo para resistir aos ambientes mais hostis com um <b>Classifica\u00e7\u00e3o IP67<\/b> (\u00e0 prova de poeira e \u00e1gua at\u00e9 1 m de profundidade) e uma faixa de temperatura operacional de <span class=\"math-inline\" data-math=\"-20^\\circ \\text{C to } +65^\\circ \\text{C}\">-20\u00baC a +65\u00baC<\/span>.<\/td>\n<\/tr>\n<\/tbody>\n<\/table>\n<p>&nbsp;<\/p>\n<h4>Poste de levantamento topogr\u00e1fico Emlid<\/h4>\n<p><span class=\"citation-12 citation-end-12\">O mastro de levantamento topogr\u00e1fico Emlid \u00e9 o complemento essencial para o receptor RS3, oferecendo uma solu\u00e7\u00e3o de montagem est\u00e1vel e flex\u00edvel para opera\u00e7\u00f5es com o rover.<\/span><\/p>\n<ul>\n<li><b><span class=\"citation-11\">Constru\u00e7\u00e3o dur\u00e1vel:<\/span><\/b><span class=\"citation-11\"> Feito de <\/span><b><span class=\"citation-11\">alum\u00ednio anodizado<\/span><\/b><span class=\"citation-11 citation-end-11\"> para resist\u00eancia e leveza.<\/span><\/li>\n<li><b><span class=\"citation-10\">Altura ajust\u00e1vel:<\/span><\/b><span class=\"citation-10\"> Oferece flexibilidade com uma altura m\u00e1xima de <\/span><b><span class=\"citation-10\">1,8 m<\/span><\/b><span class=\"citation-10 citation-end-10\"> e um comprimento dobrado de 0,74 m.<\/span><\/li>\n<li><b>Suporte integrado para smartphone:<\/b> Normalmente inclui um suporte integrado para fixar seu dispositivo m\u00f3vel durante o uso. <b>Emlid Flow<\/b> aplicativo de controle.<\/li>\n<\/ul>\n<p>&nbsp;<\/p>\n<h4>Integra\u00e7\u00e3o de Software<\/h4>\n<p>Todo o fluxo de trabalho \u00e9 gerenciado por meio de uma interface intuitiva. <b>Emlid Flow<\/b> Aplicativo m\u00f3vel (para iOS e Android), que permite:<\/p>\n<ul>\n<li>Configura\u00e7\u00e3o do receptor e verifica\u00e7\u00e3o do status.<\/li>\n<li><span class=\"citation-9 citation-end-9\">Coleta de dados e monitoramento eficientes com recursos como suporte a codifica\u00e7\u00e3o e mapas de fundo.<\/span><\/li>\n<li><span class=\"citation-8\">Sincroniza\u00e7\u00e3o com a nuvem <\/span><b><span class=\"citation-8\">Emlid Fluxo 360<\/span><\/b><span class=\"citation-8 citation-end-8\"> Para gerenciamento de projetos e compartilhamento de dados.<\/span><\/li>\n<\/ul>\n<p>O kit Emlid RS3 Rover estabelece um novo padr\u00e3o de simplicidade em campo e precis\u00e3o profissional, tornando-se a ferramenta definitiva para top\u00f3grafos modernos.<\/p>","protected":false},"excerpt":{"rendered":"<p><span class=\"citation-15 citation-end-15\">O kit Emlid RS3 Rover \u00e9 uma solu\u00e7\u00e3o GNSS multibanda de n\u00edvel profissional, projetada para oferecer precis\u00e3o incompar\u00e1vel em n\u00edvel centim\u00e9trico para levantamentos topogr\u00e1ficos, constru\u00e7\u00e3o, mapeamento e agricultura de precis\u00e3o.<\/span> <span class=\"citation-14\">Apresentando o avan\u00e7ado <\/span><b><span class=\"citation-14\">Receptor Emlid Reach RS3<\/span><\/b><span class=\"citation-14\"> e um dedicado <\/span><b><span class=\"citation-14\">Poste de levantamento topogr\u00e1fico Emlid<\/span><\/b><span class=\"citation-14 citation-end-14\">Este kit permite que profissionais de campo realizem medi\u00e7\u00f5es r\u00e1pidas, confi\u00e1veis e altamente precisas em qualquer ambiente.<\/span><\/p>","protected":false},"featured_media":23166,"comment_status":"open","ping_status":"closed","template":"","meta":[],"product_brand":[1025],"product_cat":[89,1189,30],"product_tag":[58,554,1286],"class_list":{"0":"post-23165","1":"product","2":"type-product","3":"status-publish","4":"has-post-thumbnail","6":"product_brand-emlid","7":"product_cat-emlid","8":"product_cat-kir-rs4_rs4pro_rs3","9":"product_cat-mobile-station","10":"product_tag-emlid","11":"product_tag-emlid-rs3","12":"product_tag-emlid-rs3-rover-kit","14":"first","15":"instock","16":"taxable","17":"shipping-taxable","18":"purchasable","19":"product-type-woosb"},"yoast_head":"<!-- This site is optimized with the Yoast SEO plugin v27.1.1 - https:\/\/yoast.com\/product\/yoast-seo-wordpress\/ -->\n<title>Emlid RS3 Rover Kit - Ghostysky<\/title>\n<meta name=\"description\" content=\"The Emlid RS3 Rover Kit is a professional-grade, multi-band GNSS solution designed to deliver unparalleled centimeter-level accuracy for land surveying, construction, mapping, and precision agriculture. Featuring the advanced Emlid Reach RS3 receiver and a dedicated Emlid Survey Pole, this kit empowers field professionals to achieve fast, reliable, and highly precise measurements in any environment.\" \/>\n<meta name=\"robots\" content=\"index, follow, max-snippet:-1, max-image-preview:large, max-video-preview:-1\" \/>\n<link rel=\"canonical\" href=\"https:\/\/www.ghostysky.com\/pt\/produto-2\/emlid-rs3-rover-kit\/\" \/>\n<meta property=\"og:locale\" content=\"pt_PT\" \/>\n<meta property=\"og:type\" content=\"article\" \/>\n<meta property=\"og:title\" content=\"Emlid RS3 Rover Kit - Ghostysky\" \/>\n<meta property=\"og:description\" content=\"The Emlid RS3 Rover Kit is a professional-grade, multi-band GNSS solution designed to deliver unparalleled centimeter-level accuracy for land surveying, construction, mapping, and precision agriculture. Featuring the advanced Emlid Reach RS3 receiver and a dedicated Emlid Survey Pole, this kit empowers field professionals to achieve fast, reliable, and highly precise measurements in any environment.\" \/>\n<meta property=\"og:url\" content=\"https:\/\/www.ghostysky.com\/pt\/produto-2\/emlid-rs3-rover-kit\/\" \/>\n<meta property=\"og:site_name\" content=\"Ghostysky\" \/>\n<meta property=\"article:publisher\" content=\"https:\/\/www.facebook.com\/people\/Ghostysky\/100057676170234\/\" \/>\n<meta property=\"article:modified_time\" content=\"2026-03-02T16:05:28+00:00\" \/>\n<meta property=\"og:image\" content=\"https:\/\/www.ghostysky.com\/wp-content\/uploads\/2025\/11\/GH_Emlid_RS3Rover_kit.jpg\" \/>\n\t<meta property=\"og:image:width\" content=\"600\" \/>\n\t<meta property=\"og:image:height\" content=\"600\" \/>\n\t<meta property=\"og:image:type\" content=\"image\/jpeg\" \/>\n<meta name=\"twitter:card\" content=\"summary_large_image\" \/>\n<meta name=\"twitter:site\" content=\"@Gh0stysky\" \/>\n<meta name=\"twitter:label1\" content=\"Tempo estimado de leitura\" \/>\n\t<meta name=\"twitter:data1\" content=\"2 minutos\" \/>\n<script type=\"application\/ld+json\" class=\"yoast-schema-graph\">{\"@context\":\"https:\/\/schema.org\",\"@graph\":[{\"@type\":\"WebPage\",\"@id\":\"https:\/\/www.ghostysky.com\/product\/emlid-rs3-rover-kit\/\",\"url\":\"https:\/\/www.ghostysky.com\/product\/emlid-rs3-rover-kit\/\",\"name\":\"Emlid RS3 Rover Kit - Ghostysky\",\"isPartOf\":{\"@id\":\"https:\/\/www.ghostysky.com\/#website\"},\"primaryImageOfPage\":{\"@id\":\"https:\/\/www.ghostysky.com\/product\/emlid-rs3-rover-kit\/#primaryimage\"},\"image\":{\"@id\":\"https:\/\/www.ghostysky.com\/product\/emlid-rs3-rover-kit\/#primaryimage\"},\"thumbnailUrl\":\"https:\/\/www.ghostysky.com\/wp-content\/uploads\/2025\/11\/GH_Emlid_RS3Rover_kit.jpg\",\"datePublished\":\"2025-11-12T16:40:38+00:00\",\"dateModified\":\"2026-03-02T16:05:28+00:00\",\"description\":\"The Emlid RS3 Rover Kit is a professional-grade, multi-band GNSS solution designed to deliver unparalleled centimeter-level accuracy for land surveying, construction, mapping, and precision agriculture. Featuring the advanced Emlid Reach RS3 receiver and a dedicated Emlid Survey Pole, this kit empowers field professionals to achieve fast, reliable, and highly precise measurements in any environment.\",\"breadcrumb\":{\"@id\":\"https:\/\/www.ghostysky.com\/product\/emlid-rs3-rover-kit\/#breadcrumb\"},\"inLanguage\":\"pt-PT\",\"potentialAction\":[{\"@type\":\"ReadAction\",\"target\":[\"https:\/\/www.ghostysky.com\/product\/emlid-rs3-rover-kit\/\"]}]},{\"@type\":\"ImageObject\",\"inLanguage\":\"pt-PT\",\"@id\":\"https:\/\/www.ghostysky.com\/product\/emlid-rs3-rover-kit\/#primaryimage\",\"url\":\"https:\/\/www.ghostysky.com\/wp-content\/uploads\/2025\/11\/GH_Emlid_RS3Rover_kit.jpg\",\"contentUrl\":\"https:\/\/www.ghostysky.com\/wp-content\/uploads\/2025\/11\/GH_Emlid_RS3Rover_kit.jpg\",\"width\":600,\"height\":600},{\"@type\":\"BreadcrumbList\",\"@id\":\"https:\/\/www.ghostysky.com\/product\/emlid-rs3-rover-kit\/#breadcrumb\",\"itemListElement\":[{\"@type\":\"ListItem\",\"position\":1,\"name\":\"Home\",\"item\":\"https:\/\/www.ghostysky.com\/\"},{\"@type\":\"ListItem\",\"position\":2,\"name\":\"Shop\",\"item\":\"https:\/\/www.ghostysky.com\/shop\/\"},{\"@type\":\"ListItem\",\"position\":3,\"name\":\"Emlid RS3 Rover Kit\"}]},{\"@type\":\"WebSite\",\"@id\":\"https:\/\/www.ghostysky.com\/#website\",\"url\":\"https:\/\/www.ghostysky.com\/\",\"name\":\"Ghostysky\",\"description\":\"Delivering professional drones and services\",\"publisher\":{\"@id\":\"https:\/\/www.ghostysky.com\/#organization\"},\"potentialAction\":[{\"@type\":\"SearchAction\",\"target\":{\"@type\":\"EntryPoint\",\"urlTemplate\":\"https:\/\/www.ghostysky.com\/?s={search_term_string}\"},\"query-input\":{\"@type\":\"PropertyValueSpecification\",\"valueRequired\":true,\"valueName\":\"search_term_string\"}}],\"inLanguage\":\"pt-PT\"},{\"@type\":\"Organization\",\"@id\":\"https:\/\/www.ghostysky.com\/#organization\",\"name\":\"Ghostysky\",\"url\":\"https:\/\/www.ghostysky.com\/\",\"logo\":{\"@type\":\"ImageObject\",\"inLanguage\":\"pt-PT\",\"@id\":\"https:\/\/www.ghostysky.com\/#\/schema\/logo\/image\/\",\"url\":\"https:\/\/www.ghostysky.com\/wp-content\/uploads\/2020\/06\/cropped-ghostyskylogo_text_white2.png\",\"contentUrl\":\"https:\/\/www.ghostysky.com\/wp-content\/uploads\/2020\/06\/cropped-ghostyskylogo_text_white2.png\",\"width\":169,\"height\":56,\"caption\":\"Ghostysky\"},\"image\":{\"@id\":\"https:\/\/www.ghostysky.com\/#\/schema\/logo\/image\/\"},\"sameAs\":[\"https:\/\/www.facebook.com\/people\/Ghostysky\/100057676170234\/\",\"https:\/\/x.com\/Gh0stysky\",\"https:\/\/www.linkedin.com\/company\/34739653\",\"https:\/\/www.instagram.com\/gh0stysky\"]}]}<\/script>\n<!-- \/ Yoast SEO plugin. -->","yoast_head_json":{"title":"Kit Emlid RS3 Rover - Ghostysky","description":"O kit Emlid RS3 Rover \u00e9 uma solu\u00e7\u00e3o GNSS multibanda de n\u00edvel profissional, projetada para oferecer precis\u00e3o incompar\u00e1vel em n\u00edvel centim\u00e9trico para levantamentos topogr\u00e1ficos, constru\u00e7\u00e3o, mapeamento e agricultura de precis\u00e3o. Com o receptor avan\u00e7ado Emlid Reach RS3 e uma haste de levantamento Emlid dedicada, este kit permite que profissionais de campo realizem medi\u00e7\u00f5es r\u00e1pidas, confi\u00e1veis e altamente precisas em qualquer ambiente.","robots":{"index":"index","follow":"follow","max-snippet":"max-snippet:-1","max-image-preview":"max-image-preview:large","max-video-preview":"max-video-preview:-1"},"canonical":"https:\/\/www.ghostysky.com\/pt\/produto-2\/emlid-rs3-rover-kit\/","og_locale":"pt_PT","og_type":"article","og_title":"Emlid RS3 Rover Kit - Ghostysky","og_description":"The Emlid RS3 Rover Kit is a professional-grade, multi-band GNSS solution designed to deliver unparalleled centimeter-level accuracy for land surveying, construction, mapping, and precision agriculture. Featuring the advanced Emlid Reach RS3 receiver and a dedicated Emlid Survey Pole, this kit empowers field professionals to achieve fast, reliable, and highly precise measurements in any environment.","og_url":"https:\/\/www.ghostysky.com\/pt\/produto-2\/emlid-rs3-rover-kit\/","og_site_name":"Ghostysky","article_publisher":"https:\/\/www.facebook.com\/people\/Ghostysky\/100057676170234\/","article_modified_time":"2026-03-02T16:05:28+00:00","og_image":[{"width":600,"height":600,"url":"https:\/\/www.ghostysky.com\/wp-content\/uploads\/2025\/11\/GH_Emlid_RS3Rover_kit.jpg","type":"image\/jpeg"}],"twitter_card":"summary_large_image","twitter_site":"@Gh0stysky","twitter_misc":{"Tempo estimado de leitura":"2 minutos"},"schema":{"@context":"https:\/\/schema.org","@graph":[{"@type":"WebPage","@id":"https:\/\/www.ghostysky.com\/product\/emlid-rs3-rover-kit\/","url":"https:\/\/www.ghostysky.com\/product\/emlid-rs3-rover-kit\/","name":"Kit Emlid RS3 Rover - Ghostysky","isPartOf":{"@id":"https:\/\/www.ghostysky.com\/#website"},"primaryImageOfPage":{"@id":"https:\/\/www.ghostysky.com\/product\/emlid-rs3-rover-kit\/#primaryimage"},"image":{"@id":"https:\/\/www.ghostysky.com\/product\/emlid-rs3-rover-kit\/#primaryimage"},"thumbnailUrl":"https:\/\/www.ghostysky.com\/wp-content\/uploads\/2025\/11\/GH_Emlid_RS3Rover_kit.jpg","datePublished":"2025-11-12T16:40:38+00:00","dateModified":"2026-03-02T16:05:28+00:00","description":"O kit Emlid RS3 Rover \u00e9 uma solu\u00e7\u00e3o GNSS multibanda de n\u00edvel profissional, projetada para oferecer precis\u00e3o incompar\u00e1vel em n\u00edvel centim\u00e9trico para levantamentos topogr\u00e1ficos, constru\u00e7\u00e3o, mapeamento e agricultura de precis\u00e3o. Com o receptor avan\u00e7ado Emlid Reach RS3 e uma haste de levantamento Emlid dedicada, este kit permite que profissionais de campo realizem medi\u00e7\u00f5es r\u00e1pidas, confi\u00e1veis e altamente precisas em qualquer ambiente.","breadcrumb":{"@id":"https:\/\/www.ghostysky.com\/product\/emlid-rs3-rover-kit\/#breadcrumb"},"inLanguage":"pt-PT","potentialAction":[{"@type":"ReadAction","target":["https:\/\/www.ghostysky.com\/product\/emlid-rs3-rover-kit\/"]}]},{"@type":"ImageObject","inLanguage":"pt-PT","@id":"https:\/\/www.ghostysky.com\/product\/emlid-rs3-rover-kit\/#primaryimage","url":"https:\/\/www.ghostysky.com\/wp-content\/uploads\/2025\/11\/GH_Emlid_RS3Rover_kit.jpg","contentUrl":"https:\/\/www.ghostysky.com\/wp-content\/uploads\/2025\/11\/GH_Emlid_RS3Rover_kit.jpg","width":600,"height":600},{"@type":"BreadcrumbList","@id":"https:\/\/www.ghostysky.com\/product\/emlid-rs3-rover-kit\/#breadcrumb","itemListElement":[{"@type":"ListItem","position":1,"name":"Home","item":"https:\/\/www.ghostysky.com\/"},{"@type":"ListItem","position":2,"name":"Shop","item":"https:\/\/www.ghostysky.com\/shop\/"},{"@type":"ListItem","position":3,"name":"Emlid RS3 Rover Kit"}]},{"@type":"WebSite","@id":"https:\/\/www.ghostysky.com\/#website","url":"https:\/\/www.ghostysky.com\/","name":"Ghostysky","description":"Fornecendo drones e servi\u00e7os profissionais","publisher":{"@id":"https:\/\/www.ghostysky.com\/#organization"},"potentialAction":[{"@type":"SearchAction","target":{"@type":"EntryPoint","urlTemplate":"https:\/\/www.ghostysky.com\/?s={search_term_string}"},"query-input":{"@type":"PropertyValueSpecification","valueRequired":true,"valueName":"search_term_string"}}],"inLanguage":"pt-PT"},{"@type":"Organization","@id":"https:\/\/www.ghostysky.com\/#organization","name":"Ghostysky","url":"https:\/\/www.ghostysky.com\/","logo":{"@type":"ImageObject","inLanguage":"pt-PT","@id":"https:\/\/www.ghostysky.com\/#\/schema\/logo\/image\/","url":"https:\/\/www.ghostysky.com\/wp-content\/uploads\/2020\/06\/cropped-ghostyskylogo_text_white2.png","contentUrl":"https:\/\/www.ghostysky.com\/wp-content\/uploads\/2020\/06\/cropped-ghostyskylogo_text_white2.png","width":169,"height":56,"caption":"Ghostysky"},"image":{"@id":"https:\/\/www.ghostysky.com\/#\/schema\/logo\/image\/"},"sameAs":["https:\/\/www.facebook.com\/people\/Ghostysky\/100057676170234\/","https:\/\/x.com\/Gh0stysky","https:\/\/www.linkedin.com\/company\/34739653","https:\/\/www.instagram.com\/gh0stysky"]}]}},"_links":{"self":[{"href":"https:\/\/www.ghostysky.com\/pt\/wp-json\/wp\/v2\/product\/23165","targetHints":{"allow":["GET"]}}],"collection":[{"href":"https:\/\/www.ghostysky.com\/pt\/wp-json\/wp\/v2\/product"}],"about":[{"href":"https:\/\/www.ghostysky.com\/pt\/wp-json\/wp\/v2\/types\/product"}],"replies":[{"embeddable":true,"href":"https:\/\/www.ghostysky.com\/pt\/wp-json\/wp\/v2\/comments?post=23165"}],"wp:featuredmedia":[{"embeddable":true,"href":"https:\/\/www.ghostysky.com\/pt\/wp-json\/wp\/v2\/media\/23166"}],"wp:attachment":[{"href":"https:\/\/www.ghostysky.com\/pt\/wp-json\/wp\/v2\/media?parent=23165"}],"wp:term":[{"taxonomy":"product_brand","embeddable":true,"href":"https:\/\/www.ghostysky.com\/pt\/wp-json\/wp\/v2\/product_brand?post=23165"},{"taxonomy":"product_cat","embeddable":true,"href":"https:\/\/www.ghostysky.com\/pt\/wp-json\/wp\/v2\/product_cat?post=23165"},{"taxonomy":"product_tag","embeddable":true,"href":"https:\/\/www.ghostysky.com\/pt\/wp-json\/wp\/v2\/product_tag?post=23165"}],"curies":[{"name":"wp","href":"https:\/\/api.w.org\/{rel}","templated":true}]}}