{"id":23171,"date":"2025-11-13T08:30:18","date_gmt":"2025-11-13T08:30:18","guid":{"rendered":"https:\/\/www.ghostysky.com\/?post_type=product&#038;p=23171"},"modified":"2026-01-25T10:58:13","modified_gmt":"2026-01-25T10:58:13","slug":"elephant-robotics-mycobot-280-jetson-nano-6-dof-collaborative-robot-jetson-nano-version","status":"publish","type":"product","link":"https:\/\/www.ghostysky.com\/pt\/product\/elephant-robotics-mycobot-280-jetson-nano-6-dof-collaborative-robot-jetson-nano-version\/","title":{"rendered":"Rob\u00f4 colaborativo Elephant Robotics myCobot 280 Jetson Nano de 6 graus de liberdade (vers\u00e3o Jetson Nano)"},"content":{"rendered":"<h4><b>Intelig\u00eancia Artificial Avan\u00e7ada e Desempenho Poderoso<\/b><\/h4>\n<p><span class=\"citation-70 citation-end-70\">O myCobot 280 Jetson Nano foi projetado para aplica\u00e7\u00f5es inteligentes.<sup class=\"superscript\" data-turn-source-index=\"2\">2<\/sup><\/span> <span class=\"citation-69\">Seu c\u00e9rebro, o <\/span><b><span class=\"citation-69\">NVIDIA Jetson Nano<\/span><\/b><span class=\"citation-69 citation-end-69\"> (Equipado com uma CPU Quad-core ARM\u00ae A57 e uma GPU NVIDIA Maxwell\u2122 de 128 n\u00facleos), oferece capacidade de processamento superior para processamento de imagens em tempo real, algoritmos rob\u00f3ticos complexos e tarefas avan\u00e7adas de aprendizado de m\u00e1quina.<sup class=\"superscript\" data-turn-source-index=\"3\">3<\/sup><\/span> Basta conectar um monitor, um teclado e um mouse para come\u00e7ar a trabalhar \u2014 nenhum controlador adicional para PC \u00e9 necess\u00e1rio.<\/p>\n<ul>\n<li><b>Computa\u00e7\u00e3o integrada de IA:<\/b><span class=\"citation-68 citation-end-68\"> Aproveita o poder do Jetson Nano para tarefas sofisticadas de vis\u00e3o computacional e IA, como reconhecimento de objetos e preens\u00e3o adaptativa.<\/span><\/li>\n<li><b><span class=\"citation-67\">C\u00e2mera integrada:<\/span><\/b><span class=\"citation-67 citation-end-67\"> Vem de s\u00e9rie com um m\u00f3dulo de c\u00e2mera 2D para facilitar o desenvolvimento de aplica\u00e7\u00f5es com captura olho-na-m\u00e3o.<\/span><\/li>\n<\/ul>\n<p>&nbsp;<\/p>\n<h3><b>Colaborativo, compacto e vers\u00e1til.<\/b><\/h3>\n<p><span class=\"citation-66 citation-end-66\">Projetado como um rob\u00f4 colaborativo (cobot), o myCobot 280 \u00e9 seguro, leve e perfeito para uso em mesas de laborat\u00f3rio, salas de aula e pequenos espa\u00e7os de trabalho.<\/span><\/p>\n<ul>\n<li><b><span class=\"citation-65\">6 graus de liberdade (DOF):<\/span><\/b><span class=\"citation-65 citation-end-65\"> Proporciona movimentos altamente flex\u00edveis e precisos, sendo capaz de executar tarefas complexas de coleta e posicionamento, montagem e inspe\u00e7\u00e3o.<\/span><\/li>\n<li><b><span class=\"citation-64\">Compacto e leve:<\/span><\/b><span class=\"citation-64\"> Com um raio de a\u00e7\u00e3o de <\/span><b><span class=\"citation-64\">280 mm<\/span><\/b><span class=\"citation-64\"> e um peso l\u00edquido de aproximadamente <\/span><b><span class=\"citation-64\">1030g<\/span><\/b><span class=\"citation-64 citation-end-64\">\u00c9 f\u00e1cil de implantar e reposicionar.<\/span><\/li>\n<li><b>Carga \u00fatil:<\/b><span class=\"citation-63\"> Manipula objetos de at\u00e9 <\/span><b><span class=\"citation-63\">250g<\/span><\/b><span class=\"citation-63 citation-end-63\"> com uma precis\u00e3o de posicionamento repetitivo de +- 0,5 <span style=\"font-size: 13.3333px;\">mil\u00edmetros<\/span><\/span><span class=\"citation-62 citation-end-62\">.<\/span><\/li>\n<li><b><span class=\"citation-61\">Design modular:<\/span><\/b><span class=\"citation-61\"> Apresenta uma base e uma extremidade com um <\/span><b><span class=\"citation-61\">Interface compat\u00edvel com LEGO<\/span><\/b><span class=\"citation-61 citation-end-61\"> Para uma integra\u00e7\u00e3o r\u00e1pida e f\u00e1cil de acess\u00f3rios como garras, bombas de suc\u00e7\u00e3o e sensores.<\/span><\/li>\n<\/ul>\n<p>&nbsp;<\/p>\n<h4><b>Ecossistema de c\u00f3digo aberto para desenvolvimento r\u00e1pido<\/b><\/h4>\n<p>Acelere seus projetos com uma plataforma de desenvolvimento abrangente e de c\u00f3digo aberto.<\/p>\n<ul>\n<li><b>Software pronto para uso:<\/b><span class=\"citation-60 citation-end-60\"> Vem com um sistema operacional personalizado (Ubuntu Mate 20.04 LTS) e ambientes pr\u00e9-instalados.<\/span><\/li>\n<li><b>Suporte multiplataforma:<\/b> Suporta ferramentas de desenvolvimento essenciais, incluindo:\n<ul>\n<li><b><span class=\"citation-59\">ROS (Sistema Operacional de Rob\u00f4s)<\/span><\/b><span class=\"citation-59 citation-end-59\"> Para simula\u00e7\u00e3o e planejamento de movimentos complexos.<\/span><\/li>\n<li><b><span class=\"citation-58\">Python<\/span><\/b><span class=\"citation-58 citation-end-58\"> Para programa\u00e7\u00e3o avan\u00e7ada.<\/span><\/li>\n<li><b><span class=\"citation-57\">meuBlockly<\/span><\/b><span class=\"citation-57 citation-end-57\"> Para programa\u00e7\u00e3o intuitiva e gr\u00e1fica do tipo &quot;arrastar e ensinar&quot; (nenhum conhecimento de programa\u00e7\u00e3o \u00e9 necess\u00e1rio para a opera\u00e7\u00e3o b\u00e1sica).<\/span><\/li>\n<\/ul>\n<\/li>\n<li><b><span class=\"citation-56\">Interfaces ricas:<\/span><\/b><span class=\"citation-56 citation-end-56\"> Oferece diversas interfaces, incluindo m\u00faltiplas portas USB e conex\u00f5es de E\/S, para expandir seus projetos com dispositivos externos.<\/span><\/li>\n<\/ul>\n<p><span class=\"citation-55\">O <\/span><b><span class=\"citation-55\">Elephant Robotics myCobot 280 Jetson Nano<\/span><\/b><span class=\"citation-55 citation-end-55\"> \u00e9 mais do que apenas um bra\u00e7o rob\u00f3tico \u2014 \u00e9 uma plataforma inteligente e abrangente, projetada para dar vida a aplica\u00e7\u00f5es complexas de IA e rob\u00f3tica.<\/span><\/p>","protected":false},"excerpt":{"rendered":"<p>Desvende o futuro da rob\u00f3tica e da Intelig\u00eancia Artificial com o <b>Elephant Robotics myCobot 280 Jetson Nano<\/b>. <span class=\"citation-71 interactive-span-hovered\">Este bra\u00e7o rob\u00f3tico colaborativo de \u00faltima gera\u00e7\u00e3o, com 6 graus de liberdade (6 DOF), \u00e9 uma m\u00e1quina compacta e potente, constru\u00edda com base em um design de alto desempenho. <\/span><b><span class=\"citation-71 interactive-span-hovered\">NVIDIA Jetson Nano<\/span><\/b><span class=\"citation-71 citation-end-71 interactive-span-hovered\"> plataforma, tornando-a a ferramenta ideal para desenvolvedores de IA, pesquisadores, educadores e entusiastas.<\/span><\/p>","protected":false},"featured_media":23177,"comment_status":"open","ping_status":"closed","template":"","meta":[],"product_brand":[1231],"product_cat":[1041,1228,1229,1037],"product_tag":[1288,1232,1287,1237],"class_list":{"0":"post-23171","1":"product","2":"type-product","3":"status-publish","4":"has-post-thumbnail","6":"product_brand-elephant-robotics","7":"product_cat-arms-grippers","8":"product_cat-elephant-robotics","9":"product_cat-mycobot-280-arms","10":"product_cat-robotics","11":"product_tag-6-dof","12":"product_tag-elephant-robotics","13":"product_tag-jetson-nano","14":"product_tag-mycobot-280","16":"first","17":"onbackorder","18":"taxable","19":"shipping-taxable","20":"purchasable","21":"product-type-simple"},"yoast_head":"<!-- This site is optimized with the Yoast SEO plugin v27.1.1 - https:\/\/yoast.com\/product\/yoast-seo-wordpress\/ -->\n<title>Elephant Robotics myCobot 280 Jetson Nano 6 DOF Collaborative Robot (Jetson Nano Version) - Ghostysky<\/title>\n<meta name=\"description\" content=\"Unlock the future of robotics and Artificial Intelligence with the Elephant Robotics myCobot 280 Jetson Nano. This cutting-edge, 6-Degrees of Freedom (6 DOF) collaborative robotic arm is a compact powerhouse, built upon the high-performance NVIDIA Jetson Nano platform, making it the ideal tool for AI developers, researchers, educators, and hobbyists.\" \/>\n<meta name=\"robots\" content=\"index, follow, max-snippet:-1, max-image-preview:large, max-video-preview:-1\" \/>\n<link rel=\"canonical\" href=\"https:\/\/www.ghostysky.com\/pt\/produto-2\/elephant-robotics-mycobot-280-jetson-nano-6-dof-collaborative-robot-jetson-nano-version\/\" \/>\n<meta property=\"og:locale\" content=\"pt_PT\" \/>\n<meta property=\"og:type\" content=\"article\" \/>\n<meta property=\"og:title\" content=\"Elephant Robotics myCobot 280 Jetson Nano 6 DOF Collaborative Robot (Jetson Nano Version) - Ghostysky\" \/>\n<meta property=\"og:description\" content=\"Unlock the future of robotics and Artificial Intelligence with the Elephant Robotics myCobot 280 Jetson Nano. This cutting-edge, 6-Degrees of Freedom (6 DOF) collaborative robotic arm is a compact powerhouse, built upon the high-performance NVIDIA Jetson Nano platform, making it the ideal tool for AI developers, researchers, educators, and hobbyists.\" \/>\n<meta property=\"og:url\" content=\"https:\/\/www.ghostysky.com\/pt\/produto-2\/elephant-robotics-mycobot-280-jetson-nano-6-dof-collaborative-robot-jetson-nano-version\/\" \/>\n<meta property=\"og:site_name\" content=\"Ghostysky\" \/>\n<meta property=\"article:publisher\" content=\"https:\/\/www.facebook.com\/people\/Ghostysky\/100057676170234\/\" \/>\n<meta property=\"article:modified_time\" content=\"2026-01-25T10:58:13+00:00\" \/>\n<meta property=\"og:image\" content=\"https:\/\/www.ghostysky.com\/wp-content\/uploads\/2025\/11\/GH_Elephant-Robotics-myCobot-280-Jetson-Nano-6-DOF-Collaborative-Robot_1.webp\" \/>\n\t<meta property=\"og:image:width\" content=\"800\" \/>\n\t<meta property=\"og:image:height\" content=\"800\" \/>\n\t<meta property=\"og:image:type\" content=\"image\/webp\" \/>\n<meta name=\"twitter:card\" content=\"summary_large_image\" \/>\n<meta name=\"twitter:site\" content=\"@Gh0stysky\" \/>\n<meta name=\"twitter:label1\" content=\"Tempo estimado de leitura\" \/>\n\t<meta name=\"twitter:data1\" content=\"2 minutos\" \/>\n<script type=\"application\/ld+json\" class=\"yoast-schema-graph\">{\"@context\":\"https:\/\/schema.org\",\"@graph\":[{\"@type\":\"WebPage\",\"@id\":\"https:\/\/www.ghostysky.com\/product\/elephant-robotics-mycobot-280-jetson-nano-6-dof-collaborative-robot-jetson-nano-version\/\",\"url\":\"https:\/\/www.ghostysky.com\/product\/elephant-robotics-mycobot-280-jetson-nano-6-dof-collaborative-robot-jetson-nano-version\/\",\"name\":\"Elephant Robotics myCobot 280 Jetson Nano 6 DOF Collaborative Robot (Jetson Nano Version) - Ghostysky\",\"isPartOf\":{\"@id\":\"https:\/\/www.ghostysky.com\/#website\"},\"primaryImageOfPage\":{\"@id\":\"https:\/\/www.ghostysky.com\/product\/elephant-robotics-mycobot-280-jetson-nano-6-dof-collaborative-robot-jetson-nano-version\/#primaryimage\"},\"image\":{\"@id\":\"https:\/\/www.ghostysky.com\/product\/elephant-robotics-mycobot-280-jetson-nano-6-dof-collaborative-robot-jetson-nano-version\/#primaryimage\"},\"thumbnailUrl\":\"https:\/\/www.ghostysky.com\/wp-content\/uploads\/2025\/11\/GH_Elephant-Robotics-myCobot-280-Jetson-Nano-6-DOF-Collaborative-Robot_1.webp\",\"datePublished\":\"2025-11-13T08:30:18+00:00\",\"dateModified\":\"2026-01-25T10:58:13+00:00\",\"description\":\"Unlock the future of robotics and Artificial Intelligence with the Elephant Robotics myCobot 280 Jetson Nano. This cutting-edge, 6-Degrees of Freedom (6 DOF) collaborative robotic arm is a compact powerhouse, built upon the high-performance NVIDIA Jetson Nano platform, making it the ideal tool for AI developers, researchers, educators, and hobbyists.\",\"breadcrumb\":{\"@id\":\"https:\/\/www.ghostysky.com\/product\/elephant-robotics-mycobot-280-jetson-nano-6-dof-collaborative-robot-jetson-nano-version\/#breadcrumb\"},\"inLanguage\":\"pt-PT\",\"potentialAction\":[{\"@type\":\"ReadAction\",\"target\":[\"https:\/\/www.ghostysky.com\/product\/elephant-robotics-mycobot-280-jetson-nano-6-dof-collaborative-robot-jetson-nano-version\/\"]}]},{\"@type\":\"ImageObject\",\"inLanguage\":\"pt-PT\",\"@id\":\"https:\/\/www.ghostysky.com\/product\/elephant-robotics-mycobot-280-jetson-nano-6-dof-collaborative-robot-jetson-nano-version\/#primaryimage\",\"url\":\"https:\/\/www.ghostysky.com\/wp-content\/uploads\/2025\/11\/GH_Elephant-Robotics-myCobot-280-Jetson-Nano-6-DOF-Collaborative-Robot_1.webp\",\"contentUrl\":\"https:\/\/www.ghostysky.com\/wp-content\/uploads\/2025\/11\/GH_Elephant-Robotics-myCobot-280-Jetson-Nano-6-DOF-Collaborative-Robot_1.webp\",\"width\":800,\"height\":800},{\"@type\":\"BreadcrumbList\",\"@id\":\"https:\/\/www.ghostysky.com\/product\/elephant-robotics-mycobot-280-jetson-nano-6-dof-collaborative-robot-jetson-nano-version\/#breadcrumb\",\"itemListElement\":[{\"@type\":\"ListItem\",\"position\":1,\"name\":\"Home\",\"item\":\"https:\/\/www.ghostysky.com\/\"},{\"@type\":\"ListItem\",\"position\":2,\"name\":\"Shop\",\"item\":\"https:\/\/www.ghostysky.com\/shop\/\"},{\"@type\":\"ListItem\",\"position\":3,\"name\":\"Elephant Robotics myCobot 280 Jetson Nano 6 DOF Collaborative Robot (Jetson Nano Version)\"}]},{\"@type\":\"WebSite\",\"@id\":\"https:\/\/www.ghostysky.com\/#website\",\"url\":\"https:\/\/www.ghostysky.com\/\",\"name\":\"Ghostysky\",\"description\":\"Delivering professional drones and services\",\"publisher\":{\"@id\":\"https:\/\/www.ghostysky.com\/#organization\"},\"potentialAction\":[{\"@type\":\"SearchAction\",\"target\":{\"@type\":\"EntryPoint\",\"urlTemplate\":\"https:\/\/www.ghostysky.com\/?s={search_term_string}\"},\"query-input\":{\"@type\":\"PropertyValueSpecification\",\"valueRequired\":true,\"valueName\":\"search_term_string\"}}],\"inLanguage\":\"pt-PT\"},{\"@type\":\"Organization\",\"@id\":\"https:\/\/www.ghostysky.com\/#organization\",\"name\":\"Ghostysky\",\"url\":\"https:\/\/www.ghostysky.com\/\",\"logo\":{\"@type\":\"ImageObject\",\"inLanguage\":\"pt-PT\",\"@id\":\"https:\/\/www.ghostysky.com\/#\/schema\/logo\/image\/\",\"url\":\"https:\/\/www.ghostysky.com\/wp-content\/uploads\/2020\/06\/cropped-ghostyskylogo_text_white2.png\",\"contentUrl\":\"https:\/\/www.ghostysky.com\/wp-content\/uploads\/2020\/06\/cropped-ghostyskylogo_text_white2.png\",\"width\":169,\"height\":56,\"caption\":\"Ghostysky\"},\"image\":{\"@id\":\"https:\/\/www.ghostysky.com\/#\/schema\/logo\/image\/\"},\"sameAs\":[\"https:\/\/www.facebook.com\/people\/Ghostysky\/100057676170234\/\",\"https:\/\/x.com\/Gh0stysky\",\"https:\/\/www.linkedin.com\/company\/34739653\",\"https:\/\/www.instagram.com\/gh0stysky\"]}]}<\/script>\n<!-- \/ Yoast SEO plugin. -->","yoast_head_json":{"title":"Rob\u00f4 colaborativo Elephant Robotics myCobot 280 Jetson Nano de 6 graus de liberdade (vers\u00e3o Jetson Nano) - Ghostysky","description":"Desvende o futuro da rob\u00f3tica e da Intelig\u00eancia Artificial com o bra\u00e7o rob\u00f3tico colaborativo myCobot 280 Jetson Nano da Elephant Robotics. Este bra\u00e7o rob\u00f3tico de \u00faltima gera\u00e7\u00e3o, com 6 graus de liberdade (6 DOF), \u00e9 uma m\u00e1quina compacta e poderosa, constru\u00edda sobre a plataforma de alto desempenho NVIDIA Jetson Nano, tornando-se a ferramenta ideal para desenvolvedores de IA, pesquisadores, educadores e entusiastas.","robots":{"index":"index","follow":"follow","max-snippet":"max-snippet:-1","max-image-preview":"max-image-preview:large","max-video-preview":"max-video-preview:-1"},"canonical":"https:\/\/www.ghostysky.com\/pt\/produto-2\/elephant-robotics-mycobot-280-jetson-nano-6-dof-collaborative-robot-jetson-nano-version\/","og_locale":"pt_PT","og_type":"article","og_title":"Elephant Robotics myCobot 280 Jetson Nano 6 DOF Collaborative Robot (Jetson Nano Version) - Ghostysky","og_description":"Unlock the future of robotics and Artificial Intelligence with the Elephant Robotics myCobot 280 Jetson Nano. This cutting-edge, 6-Degrees of Freedom (6 DOF) collaborative robotic arm is a compact powerhouse, built upon the high-performance NVIDIA Jetson Nano platform, making it the ideal tool for AI developers, researchers, educators, and hobbyists.","og_url":"https:\/\/www.ghostysky.com\/pt\/produto-2\/elephant-robotics-mycobot-280-jetson-nano-6-dof-collaborative-robot-jetson-nano-version\/","og_site_name":"Ghostysky","article_publisher":"https:\/\/www.facebook.com\/people\/Ghostysky\/100057676170234\/","article_modified_time":"2026-01-25T10:58:13+00:00","og_image":[{"width":800,"height":800,"url":"https:\/\/www.ghostysky.com\/wp-content\/uploads\/2025\/11\/GH_Elephant-Robotics-myCobot-280-Jetson-Nano-6-DOF-Collaborative-Robot_1.webp","type":"image\/webp"}],"twitter_card":"summary_large_image","twitter_site":"@Gh0stysky","twitter_misc":{"Tempo estimado de leitura":"2 minutos"},"schema":{"@context":"https:\/\/schema.org","@graph":[{"@type":"WebPage","@id":"https:\/\/www.ghostysky.com\/product\/elephant-robotics-mycobot-280-jetson-nano-6-dof-collaborative-robot-jetson-nano-version\/","url":"https:\/\/www.ghostysky.com\/product\/elephant-robotics-mycobot-280-jetson-nano-6-dof-collaborative-robot-jetson-nano-version\/","name":"Rob\u00f4 colaborativo Elephant Robotics myCobot 280 Jetson Nano de 6 graus de liberdade (vers\u00e3o Jetson Nano) - Ghostysky","isPartOf":{"@id":"https:\/\/www.ghostysky.com\/#website"},"primaryImageOfPage":{"@id":"https:\/\/www.ghostysky.com\/product\/elephant-robotics-mycobot-280-jetson-nano-6-dof-collaborative-robot-jetson-nano-version\/#primaryimage"},"image":{"@id":"https:\/\/www.ghostysky.com\/product\/elephant-robotics-mycobot-280-jetson-nano-6-dof-collaborative-robot-jetson-nano-version\/#primaryimage"},"thumbnailUrl":"https:\/\/www.ghostysky.com\/wp-content\/uploads\/2025\/11\/GH_Elephant-Robotics-myCobot-280-Jetson-Nano-6-DOF-Collaborative-Robot_1.webp","datePublished":"2025-11-13T08:30:18+00:00","dateModified":"2026-01-25T10:58:13+00:00","description":"Desvende o futuro da rob\u00f3tica e da Intelig\u00eancia Artificial com o bra\u00e7o rob\u00f3tico colaborativo myCobot 280 Jetson Nano da Elephant Robotics. Este bra\u00e7o rob\u00f3tico de \u00faltima gera\u00e7\u00e3o, com 6 graus de liberdade (6 DOF), \u00e9 uma m\u00e1quina compacta e poderosa, constru\u00edda sobre a plataforma de alto desempenho NVIDIA Jetson Nano, tornando-se a ferramenta ideal para desenvolvedores de IA, pesquisadores, educadores e entusiastas.","breadcrumb":{"@id":"https:\/\/www.ghostysky.com\/product\/elephant-robotics-mycobot-280-jetson-nano-6-dof-collaborative-robot-jetson-nano-version\/#breadcrumb"},"inLanguage":"pt-PT","potentialAction":[{"@type":"ReadAction","target":["https:\/\/www.ghostysky.com\/product\/elephant-robotics-mycobot-280-jetson-nano-6-dof-collaborative-robot-jetson-nano-version\/"]}]},{"@type":"ImageObject","inLanguage":"pt-PT","@id":"https:\/\/www.ghostysky.com\/product\/elephant-robotics-mycobot-280-jetson-nano-6-dof-collaborative-robot-jetson-nano-version\/#primaryimage","url":"https:\/\/www.ghostysky.com\/wp-content\/uploads\/2025\/11\/GH_Elephant-Robotics-myCobot-280-Jetson-Nano-6-DOF-Collaborative-Robot_1.webp","contentUrl":"https:\/\/www.ghostysky.com\/wp-content\/uploads\/2025\/11\/GH_Elephant-Robotics-myCobot-280-Jetson-Nano-6-DOF-Collaborative-Robot_1.webp","width":800,"height":800},{"@type":"BreadcrumbList","@id":"https:\/\/www.ghostysky.com\/product\/elephant-robotics-mycobot-280-jetson-nano-6-dof-collaborative-robot-jetson-nano-version\/#breadcrumb","itemListElement":[{"@type":"ListItem","position":1,"name":"Home","item":"https:\/\/www.ghostysky.com\/"},{"@type":"ListItem","position":2,"name":"Shop","item":"https:\/\/www.ghostysky.com\/shop\/"},{"@type":"ListItem","position":3,"name":"Elephant Robotics myCobot 280 Jetson Nano 6 DOF Collaborative Robot (Jetson Nano Version)"}]},{"@type":"WebSite","@id":"https:\/\/www.ghostysky.com\/#website","url":"https:\/\/www.ghostysky.com\/","name":"Ghostysky","description":"Fornecendo drones e servi\u00e7os profissionais","publisher":{"@id":"https:\/\/www.ghostysky.com\/#organization"},"potentialAction":[{"@type":"SearchAction","target":{"@type":"EntryPoint","urlTemplate":"https:\/\/www.ghostysky.com\/?s={search_term_string}"},"query-input":{"@type":"PropertyValueSpecification","valueRequired":true,"valueName":"search_term_string"}}],"inLanguage":"pt-PT"},{"@type":"Organization","@id":"https:\/\/www.ghostysky.com\/#organization","name":"Ghostysky","url":"https:\/\/www.ghostysky.com\/","logo":{"@type":"ImageObject","inLanguage":"pt-PT","@id":"https:\/\/www.ghostysky.com\/#\/schema\/logo\/image\/","url":"https:\/\/www.ghostysky.com\/wp-content\/uploads\/2020\/06\/cropped-ghostyskylogo_text_white2.png","contentUrl":"https:\/\/www.ghostysky.com\/wp-content\/uploads\/2020\/06\/cropped-ghostyskylogo_text_white2.png","width":169,"height":56,"caption":"Ghostysky"},"image":{"@id":"https:\/\/www.ghostysky.com\/#\/schema\/logo\/image\/"},"sameAs":["https:\/\/www.facebook.com\/people\/Ghostysky\/100057676170234\/","https:\/\/x.com\/Gh0stysky","https:\/\/www.linkedin.com\/company\/34739653","https:\/\/www.instagram.com\/gh0stysky"]}]}},"_links":{"self":[{"href":"https:\/\/www.ghostysky.com\/pt\/wp-json\/wp\/v2\/product\/23171","targetHints":{"allow":["GET"]}}],"collection":[{"href":"https:\/\/www.ghostysky.com\/pt\/wp-json\/wp\/v2\/product"}],"about":[{"href":"https:\/\/www.ghostysky.com\/pt\/wp-json\/wp\/v2\/types\/product"}],"replies":[{"embeddable":true,"href":"https:\/\/www.ghostysky.com\/pt\/wp-json\/wp\/v2\/comments?post=23171"}],"wp:featuredmedia":[{"embeddable":true,"href":"https:\/\/www.ghostysky.com\/pt\/wp-json\/wp\/v2\/media\/23177"}],"wp:attachment":[{"href":"https:\/\/www.ghostysky.com\/pt\/wp-json\/wp\/v2\/media?parent=23171"}],"wp:term":[{"taxonomy":"product_brand","embeddable":true,"href":"https:\/\/www.ghostysky.com\/pt\/wp-json\/wp\/v2\/product_brand?post=23171"},{"taxonomy":"product_cat","embeddable":true,"href":"https:\/\/www.ghostysky.com\/pt\/wp-json\/wp\/v2\/product_cat?post=23171"},{"taxonomy":"product_tag","embeddable":true,"href":"https:\/\/www.ghostysky.com\/pt\/wp-json\/wp\/v2\/product_tag?post=23171"}],"curies":[{"name":"wp","href":"https:\/\/api.w.org\/{rel}","templated":true}]}}